{"id":16771,"date":"2024-02-27T20:32:54","date_gmt":"2024-02-27T20:32:54","guid":{"rendered":"https:\/\/shanabooks.de\/sale\/"},"modified":"2024-05-05T14:41:04","modified_gmt":"2024-05-05T14:41:04","slug":"arabische-sale","status":"publish","type":"page","link":"https:\/\/shanabooks.de\/de\/arabische-sale\/","title":{"rendered":"Arabische Sale"},"content":{"rendered":"\t\t<div data-elementor-type=\"wp-page\" data-elementor-id=\"16771\" class=\"elementor elementor-16771 elementor-11066\" data-elementor-post-type=\"page\">\n\t\t\t\t<div class=\"elementor-element elementor-element-d93ca7f e-con-full e-flex e-con e-parent\" data-id=\"d93ca7f\" data-element_type=\"container\" data-e-type=\"container\">\n\t\t<div class=\"elementor-element elementor-element-d4fc824 e-con-full e-flex e-con e-child\" data-id=\"d4fc824\" data-element_type=\"container\" data-e-type=\"container\" data-settings=\"{&quot;background_background&quot;:&quot;classic&quot;}\">\n\t\t\t\t<div class=\"elementor-element elementor-element-bfac476 elementor-grid-5 elementor-product-loop-item--align-center elementor-widget__width-initial elementor-grid-tablet-3 elementor-grid-mobile-2 elementor-products-grid elementor-wc-products elementor-show-pagination-border-yes elementor-widget elementor-widget-woocommerce-products\" data-id=\"bfac476\" data-element_type=\"widget\" data-e-type=\"widget\" data-widget_type=\"woocommerce-products.default\">\n\t\t\t\t<div class=\"elementor-widget-container\">\n\t\t\t\t\t<div class=\"woocommerce columns-5 \"><div class=\"woocommerce-notices-wrapper\"><\/div><form class=\"woocommerce-ordering\" method=\"get\">\n\t\t<select\n\t\tname=\"orderby\"\n\t\tclass=\"orderby\"\n\t\t\t\t\taria-label=\"Shop-Reihenfolge\"\n\t\t\t>\n\t\t\t\t\t<option value=\"popularity\" >Nach Beliebtheit sortiert<\/option>\n\t\t\t\t\t<option value=\"date\"  selected='selected'>Nach Aktualit\u00e4t sortieren<\/option>\n\t\t\t\t\t<option value=\"price\" >Nach Preis sortieren: aufsteigend<\/option>\n\t\t\t\t\t<option value=\"price-desc\" >Nach Preis sortiert: hoch nach niedrig<\/option>\n\t\t\t<\/select>\n\t<input type=\"hidden\" name=\"paged\" value=\"1\" \/>\n\t<\/form>\n<ul class=\"products elementor-grid columns-5\">\n<li class=\"desktop-align-left tablet-align-left mobile-align-left product type-product post-12795 status-publish first outofstock product_cat--_ has-post-thumbnail sale shipping-taxable purchasable product-type-simple\">\n\t<a href=\"https:\/\/shanabooks.de\/de\/product\/gotinen-pesiyan-celile-celil-u-ordixane-celil\/\" class=\"woocommerce-LoopProduct-link woocommerce-loop-product__link\">\n\t<span  class=\"onsale\" data-notification=\"default\">Angebot!<\/span>\n\t<img fetchpriority=\"high\" decoding=\"async\" width=\"300\" height=\"450\" src=\"https:\/\/shanabooks.de\/wp-content\/uploads\/2024\/03\/gotinen-pesiyan-1-300x450.jpg\" class=\"attachment-woocommerce_thumbnail size-woocommerce_thumbnail\" alt=\"Gotin\u00ean P\u00ea\u015fiyan - Cel\u00eel\u00ea Cel\u00eel \u00fb Ord\u00eexan\u00ea Cel\u00eel - pirt\u00fbk\u00ean kurd\u00ee\" \/><h2 class=\"woocommerce-loop-product__title\">Gotin\u00ean P\u00ea\u015f\u00eeyan<\/h2>\n\t<span class=\"price\"><del aria-hidden=\"true\"><span class=\"woocommerce-Price-amount amount\"><bdi>19.99&nbsp;<span class=\"woocommerce-Price-currencySymbol\">&euro;<\/span><\/bdi><\/span><\/del> <span class=\"screen-reader-text\">Urspr\u00fcnglicher Preis war: 19.99&nbsp;&euro;<\/span><ins aria-hidden=\"true\"><span class=\"woocommerce-Price-amount amount\"><bdi>13.99&nbsp;<span class=\"woocommerce-Price-currencySymbol\">&euro;<\/span><\/bdi><\/span><\/ins><span class=\"screen-reader-text\">Aktueller Preis ist: 13.99&nbsp;&euro;.<\/span><\/span>\n<\/a><div class=\"woocommerce-loop-product__buttons\"><a href=\"https:\/\/shanabooks.de\/de\/product\/gotinen-pesiyan-celile-celil-u-ordixane-celil\/\" aria-describedby=\"woocommerce_loop_add_to_cart_link_describedby_12795\" data-quantity=\"1\" class=\"button product_type_simple\" data-product_id=\"12795\" data-product_sku=\"\" aria-label=\"Lese mehr \u00fcber &#8222;Gotin\u00ean P\u00ea\u015f\u00eeyan&#8220;\" rel=\"nofollow\" data-success_message=\"\">Weiterlesen<\/a><\/div>\t<span id=\"woocommerce_loop_add_to_cart_link_describedby_12795\" class=\"screen-reader-text\">\n\t\t\t<\/span>\n<\/li>\n<li class=\"desktop-align-left tablet-align-left mobile-align-left product type-product post-11673 status-publish outofstock product_cat-_ product_cat--_ has-post-thumbnail sale shipping-taxable purchasable product-type-simple\">\n\t<a href=\"https:\/\/shanabooks.de\/de\/product\/bo-diroke-mesud-barzani\/\" class=\"woocommerce-LoopProduct-link woocommerce-loop-product__link\">\n\t<span  class=\"onsale\" data-notification=\"default\">Angebot!<\/span>\n\t<img decoding=\"async\" width=\"300\" height=\"450\" src=\"https:\/\/shanabooks.de\/wp-content\/uploads\/2024\/01\/Bo-Diroke-300x450.jpg\" class=\"attachment-woocommerce_thumbnail size-woocommerce_thumbnail\" alt=\"Bo D\u00eerok\u00ea - Mes\u00fbd Barzan\u00ee - pirt\u00fbk\u00ean kurd\u00ee\" \/><h2 class=\"woocommerce-loop-product__title\">Bo D\u00eerok\u00ea<\/h2>\n\t<span class=\"price\"><del aria-hidden=\"true\"><span class=\"woocommerce-Price-amount amount\"><bdi>14.99&nbsp;<span class=\"woocommerce-Price-currencySymbol\">&euro;<\/span><\/bdi><\/span><\/del> <span class=\"screen-reader-text\">Urspr\u00fcnglicher Preis war: 14.99&nbsp;&euro;<\/span><ins aria-hidden=\"true\"><span class=\"woocommerce-Price-amount amount\"><bdi>12.99&nbsp;<span class=\"woocommerce-Price-currencySymbol\">&euro;<\/span><\/bdi><\/span><\/ins><span class=\"screen-reader-text\">Aktueller Preis ist: 12.99&nbsp;&euro;.<\/span><\/span>\n<\/a><div class=\"woocommerce-loop-product__buttons\"><a href=\"https:\/\/shanabooks.de\/de\/product\/bo-diroke-mesud-barzani\/\" aria-describedby=\"woocommerce_loop_add_to_cart_link_describedby_11673\" data-quantity=\"1\" class=\"button product_type_simple\" data-product_id=\"11673\" data-product_sku=\"\" aria-label=\"Lese mehr \u00fcber &#8222;Bo D\u00eerok\u00ea&#8220;\" rel=\"nofollow\" data-success_message=\"\">Weiterlesen<\/a><\/div>\t<span id=\"woocommerce_loop_add_to_cart_link_describedby_11673\" class=\"screen-reader-text\">\n\t\t\t<\/span>\n<\/li>\n<li class=\"desktop-align-left tablet-align-left mobile-align-left product type-product post-11597 status-publish instock product_cat--_ has-post-thumbnail sale shipping-taxable purchasable product-type-simple\">\n\t<a href=\"https:\/\/shanabooks.de\/de\/product\/ferbun-prof-dr-ilhan-kizilhan\/\" class=\"woocommerce-LoopProduct-link woocommerce-loop-product__link\">\n\t<span  class=\"onsale\" data-notification=\"default\">Angebot!<\/span>\n\t<img decoding=\"async\" width=\"300\" height=\"450\" src=\"https:\/\/shanabooks.de\/wp-content\/uploads\/2024\/03\/Ferbun-300x450.png\" class=\"attachment-woocommerce_thumbnail size-woocommerce_thumbnail\" alt=\"F\u00earb\u00fbn - Prof.Dr.\u0130lhan K\u0131z\u0131lhan - pirt\u00fbk\u00ean kurd\u00ee\" \/><h2 class=\"woocommerce-loop-product__title\">F\u00earb\u00fbn &#8211; Pirt\u00fbkek ji bo zarok \u00fb ciwanan<\/h2>\n\t<span class=\"price\"><del aria-hidden=\"true\"><span class=\"woocommerce-Price-amount amount\"><bdi>11.99&nbsp;<span class=\"woocommerce-Price-currencySymbol\">&euro;<\/span><\/bdi><\/span><\/del> <span class=\"screen-reader-text\">Urspr\u00fcnglicher Preis war: 11.99&nbsp;&euro;<\/span><ins aria-hidden=\"true\"><span class=\"woocommerce-Price-amount amount\"><bdi>9.99&nbsp;<span class=\"woocommerce-Price-currencySymbol\">&euro;<\/span><\/bdi><\/span><\/ins><span class=\"screen-reader-text\">Aktueller Preis ist: 9.99&nbsp;&euro;.<\/span><\/span>\n<\/a><div class=\"woocommerce-loop-product__buttons\"><a href=\"\/de\/wp-json\/wp\/v2\/pages\/16771?add-to-cart=11597\" aria-describedby=\"woocommerce_loop_add_to_cart_link_describedby_11597\" data-quantity=\"1\" class=\"button product_type_simple add_to_cart_button ajax_add_to_cart\" data-product_id=\"11597\" data-product_sku=\"\" aria-label=\"In den Warenkorb legen: \u201eF\u00earb\u00fbn - Pirt\u00fbkek ji bo zarok \u00fb ciwanan\u201c\" rel=\"nofollow\" data-success_message=\"\u201eF\u00earb\u00fbn - Pirt\u00fbkek ji bo zarok \u00fb ciwanan\u201c wurde deinem Warenkorb hinzugef\u00fcgt\" role=\"button\">In Warenkorb<\/a><\/div>\t<span id=\"woocommerce_loop_add_to_cart_link_describedby_11597\" class=\"screen-reader-text\">\n\t\t\t<\/span>\n<\/li>\n<\/ul>\n<\/div>\t\t\t\t<\/div>\n\t\t\t\t<\/div>\n\t\t\t\t<\/div>\n\t\t<div class=\"elementor-element elementor-element-723fc83 e-con-full e-flex e-con e-child\" data-id=\"723fc83\" data-element_type=\"container\" data-e-type=\"container\" data-settings=\"{&quot;background_background&quot;:&quot;classic&quot;}\">\n\t\t\t\t<div class=\"elementor-element elementor-element-aff92cc elementor-widget__width-inherit elementor-widget elementor-widget-wp-widget-woocommerce_product_categories\" data-id=\"aff92cc\" data-element_type=\"widget\" data-e-type=\"widget\" data-widget_type=\"wp-widget-woocommerce_product_categories.default\">\n\t\t\t\t<div class=\"elementor-widget-container\">\n\t\t\t\t\t<div class=\"woocommerce widget_product_categories\"><h5>Categorien<\/h5><ul class=\"product-categories\"><li class=\"cat-item cat-item-491 cat-parent\"><a href=\"https:\/\/shanabooks.de\/de\/produkt-kategorie\/arabische-kategorien\/\">Arabische Kategorien<\/a><\/li>\n<li class=\"cat-item cat-item-542 cat-parent\"><a href=\"https:\/\/shanabooks.de\/de\/produkt-kategorie\/kurdische-kategorien_de\/\">Kurdische kategorien<\/a><\/li>\n<li class=\"cat-item cat-item-488\"><a href=\"https:\/\/shanabooks.de\/de\/produkt-kategorie\/nicht-kategorisiert\/\">Nicht kategorisiert<\/a><\/li>\n<\/ul><\/div>\t\t\t\t<\/div>\n\t\t\t\t<\/div>\n\t\t\t\t<\/div>\n\t\t\t\t<\/div>\n\t\t\t\t<\/div>\n\t\t","protected":false},"excerpt":{"rendered":"","protected":false},"author":1,"featured_media":0,"parent":0,"menu_order":0,"comment_status":"closed","ping_status":"closed","template":"","meta":{"site-sidebar-layout":"no-sidebar","site-content-layout":"page-builder","ast-site-content-layout":"full-width-container","site-content-style":"default","site-sidebar-style":"default","ast-global-header-display":"","ast-banner-title-visibility":"","ast-main-header-display":"","ast-hfb-above-header-display":"","ast-hfb-below-header-display":"","ast-hfb-mobile-header-display":"","site-post-title":"disabled","ast-breadcrumbs-content":"","ast-featured-img":"disabled","footer-sml-layout":"","ast-disable-related-posts":"","theme-transparent-header-meta":"","adv-header-id-meta":"","stick-header-meta":"","header-above-stick-meta":"","header-main-stick-meta":"","header-below-stick-meta":"","astra-migrate-meta-layouts":"default","ast-page-background-enabled":"default","ast-page-background-meta":{"desktop":{"background-color":"","background-image":"","background-repeat":"repeat","background-position":"center center","background-size":"auto","background-attachment":"scroll","background-type":"","background-media":"","overlay-type":"","overlay-color":"","overlay-opacity":"","overlay-gradient":""},"tablet":{"background-color":"","background-image":"","background-repeat":"repeat","background-position":"center center","background-size":"auto","background-attachment":"scroll","background-type":"","background-media":"","overlay-type":"","overlay-color":"","overlay-opacity":"","overlay-gradient":""},"mobile":{"background-color":"","background-image":"","background-repeat":"repeat","background-position":"center center","background-size":"auto","background-attachment":"scroll","background-type":"","background-media":"","overlay-type":"","overlay-color":"","overlay-opacity":"","overlay-gradient":""}},"ast-content-background-meta":{"desktop":{"background-color":"var(--ast-global-color-5)","background-image":"","background-repeat":"repeat","background-position":"center center","background-size":"auto","background-attachment":"scroll","background-type":"","background-media":"","overlay-type":"","overlay-color":"","overlay-opacity":"","overlay-gradient":""},"tablet":{"background-color":"var(--ast-global-color-5)","background-image":"","background-repeat":"repeat","background-position":"center center","background-size":"auto","background-attachment":"scroll","background-type":"","background-media":"","overlay-type":"","overlay-color":"","overlay-opacity":"","overlay-gradient":""},"mobile":{"background-color":"var(--ast-global-color-5)","background-image":"","background-repeat":"repeat","background-position":"center center","background-size":"auto","background-attachment":"scroll","background-type":"","background-media":"","overlay-type":"","overlay-color":"","overlay-opacity":"","overlay-gradient":""}},"footnotes":""},"class_list":["post-16771","page","type-page","status-publish","hentry"],"yoast_head":"<!-- This site is optimized with the Yoast SEO plugin v27.5 - https:\/\/yoast.com\/product\/yoast-seo-wordpress\/ -->\n<title>Arabische Sale - www.shanabooks.de<\/title>\n<meta name=\"description\" content=\"Sale www.shanabooks.de\" \/>\n<meta name=\"robots\" content=\"index, follow, max-snippet:-1, max-image-preview:large, max-video-preview:-1\" \/>\n<link rel=\"canonical\" href=\"https:\/\/shanabooks.de\/de\/arabische-sale\/\" \/>\n<meta property=\"og:locale\" content=\"de_DE\" \/>\n<meta property=\"og:type\" content=\"article\" \/>\n<meta property=\"og:title\" content=\"Arabische Sale - www.shanabooks.de\" \/>\n<meta property=\"og:description\" content=\"Sale www.shanabooks.de\" \/>\n<meta property=\"og:url\" content=\"https:\/\/shanabooks.de\/de\/arabische-sale\/\" \/>\n<meta property=\"og:site_name\" content=\"www.shanabooks.de\" \/>\n<meta property=\"article:modified_time\" content=\"2024-05-05T14:41:04+00:00\" \/>\n<meta name=\"twitter:card\" content=\"summary_large_image\" \/>\n<script type=\"application\/ld+json\" class=\"yoast-schema-graph\">{\"@context\":\"https:\\\/\\\/schema.org\",\"@graph\":[{\"@type\":\"WebPage\",\"@id\":\"https:\\\/\\\/shanabooks.de\\\/de\\\/arabische-sale\\\/\",\"url\":\"https:\\\/\\\/shanabooks.de\\\/de\\\/arabische-sale\\\/\",\"name\":\"Arabische Sale - www.shanabooks.de\",\"isPartOf\":{\"@id\":\"https:\\\/\\\/shanabooks.de\\\/#website\"},\"datePublished\":\"2024-02-27T20:32:54+00:00\",\"dateModified\":\"2024-05-05T14:41:04+00:00\",\"description\":\"Sale www.shanabooks.de\",\"breadcrumb\":{\"@id\":\"https:\\\/\\\/shanabooks.de\\\/de\\\/arabische-sale\\\/#breadcrumb\"},\"inLanguage\":\"de\",\"potentialAction\":[{\"@type\":\"ReadAction\",\"target\":[\"https:\\\/\\\/shanabooks.de\\\/de\\\/arabische-sale\\\/\"]}]},{\"@type\":\"BreadcrumbList\",\"@id\":\"https:\\\/\\\/shanabooks.de\\\/de\\\/arabische-sale\\\/#breadcrumb\",\"itemListElement\":[{\"@type\":\"ListItem\",\"position\":1,\"name\":\"\u0627\u0644\u0631\u0626\u064a\u0633\u064a\u0629\",\"item\":\"https:\\\/\\\/shanabooks.de\\\/de\\\/\"},{\"@type\":\"ListItem\",\"position\":2,\"name\":\"Arabische Sale\"}]},{\"@type\":\"WebSite\",\"@id\":\"https:\\\/\\\/shanabooks.de\\\/#website\",\"url\":\"https:\\\/\\\/shanabooks.de\\\/\",\"name\":\"www.shanbooks.de\",\"description\":\"C\u00eehana Pirt\u00fbk\u00ean Kurd\u00ee \u0645\u0643\u062a\u0628\u0629 \u0634\u0627\u0646\u0627 \u0641\u064a \u0627\u0644\u0645\u0627\u0646\u064a\u0627 \u0648\u0623\u0648\u0631\u0628\u0627\",\"publisher\":{\"@id\":\"https:\\\/\\\/shanabooks.de\\\/#organization\"},\"potentialAction\":[{\"@type\":\"SearchAction\",\"target\":{\"@type\":\"EntryPoint\",\"urlTemplate\":\"https:\\\/\\\/shanabooks.de\\\/?s={search_term_string}\"},\"query-input\":{\"@type\":\"PropertyValueSpecification\",\"valueRequired\":true,\"valueName\":\"search_term_string\"}}],\"inLanguage\":\"de\"},{\"@type\":\"Organization\",\"@id\":\"https:\\\/\\\/shanabooks.de\\\/#organization\",\"name\":\"www.shanbooks.de\",\"url\":\"https:\\\/\\\/shanabooks.de\\\/\",\"logo\":{\"@type\":\"ImageObject\",\"inLanguage\":\"de\",\"@id\":\"https:\\\/\\\/shanabooks.de\\\/#\\\/schema\\\/logo\\\/image\\\/\",\"url\":\"https:\\\/\\\/shanabooks.de\\\/wp-content\\\/uploads\\\/2024\\\/03\\\/SHANABOOKS__2_-removebg-preview.png\",\"contentUrl\":\"https:\\\/\\\/shanabooks.de\\\/wp-content\\\/uploads\\\/2024\\\/03\\\/SHANABOOKS__2_-removebg-preview.png\",\"width\":700,\"height\":150,\"caption\":\"www.shanbooks.de\"},\"image\":{\"@id\":\"https:\\\/\\\/shanabooks.de\\\/#\\\/schema\\\/logo\\\/image\\\/\"}}]}<\/script>\n<!-- \/ Yoast SEO plugin. -->","yoast_head_json":{"title":"Arabische Sale - www.shanabooks.de","description":"Sale www.shanabooks.de","robots":{"index":"index","follow":"follow","max-snippet":"max-snippet:-1","max-image-preview":"max-image-preview:large","max-video-preview":"max-video-preview:-1"},"canonical":"https:\/\/shanabooks.de\/de\/arabische-sale\/","og_locale":"de_DE","og_type":"article","og_title":"Arabische Sale - www.shanabooks.de","og_description":"Sale www.shanabooks.de","og_url":"https:\/\/shanabooks.de\/de\/arabische-sale\/","og_site_name":"www.shanabooks.de","article_modified_time":"2024-05-05T14:41:04+00:00","twitter_card":"summary_large_image","schema":{"@context":"https:\/\/schema.org","@graph":[{"@type":"WebPage","@id":"https:\/\/shanabooks.de\/de\/arabische-sale\/","url":"https:\/\/shanabooks.de\/de\/arabische-sale\/","name":"Arabische Sale - www.shanabooks.de","isPartOf":{"@id":"https:\/\/shanabooks.de\/#website"},"datePublished":"2024-02-27T20:32:54+00:00","dateModified":"2024-05-05T14:41:04+00:00","description":"Sale www.shanabooks.de","breadcrumb":{"@id":"https:\/\/shanabooks.de\/de\/arabische-sale\/#breadcrumb"},"inLanguage":"de","potentialAction":[{"@type":"ReadAction","target":["https:\/\/shanabooks.de\/de\/arabische-sale\/"]}]},{"@type":"BreadcrumbList","@id":"https:\/\/shanabooks.de\/de\/arabische-sale\/#breadcrumb","itemListElement":[{"@type":"ListItem","position":1,"name":"\u0627\u0644\u0631\u0626\u064a\u0633\u064a\u0629","item":"https:\/\/shanabooks.de\/de\/"},{"@type":"ListItem","position":2,"name":"Arabische Sale"}]},{"@type":"WebSite","@id":"https:\/\/shanabooks.de\/#website","url":"https:\/\/shanabooks.de\/","name":"www.shanbooks.de","description":"C\u00eehana Pirt\u00fbk\u00ean Kurd\u00ee \u0645\u0643\u062a\u0628\u0629 \u0634\u0627\u0646\u0627 \u0641\u064a \u0627\u0644\u0645\u0627\u0646\u064a\u0627 \u0648\u0623\u0648\u0631\u0628\u0627","publisher":{"@id":"https:\/\/shanabooks.de\/#organization"},"potentialAction":[{"@type":"SearchAction","target":{"@type":"EntryPoint","urlTemplate":"https:\/\/shanabooks.de\/?s={search_term_string}"},"query-input":{"@type":"PropertyValueSpecification","valueRequired":true,"valueName":"search_term_string"}}],"inLanguage":"de"},{"@type":"Organization","@id":"https:\/\/shanabooks.de\/#organization","name":"www.shanbooks.de","url":"https:\/\/shanabooks.de\/","logo":{"@type":"ImageObject","inLanguage":"de","@id":"https:\/\/shanabooks.de\/#\/schema\/logo\/image\/","url":"https:\/\/shanabooks.de\/wp-content\/uploads\/2024\/03\/SHANABOOKS__2_-removebg-preview.png","contentUrl":"https:\/\/shanabooks.de\/wp-content\/uploads\/2024\/03\/SHANABOOKS__2_-removebg-preview.png","width":700,"height":150,"caption":"www.shanbooks.de"},"image":{"@id":"https:\/\/shanabooks.de\/#\/schema\/logo\/image\/"}}]}},"jetpack_sharing_enabled":true,"_links":{"self":[{"href":"https:\/\/shanabooks.de\/de\/wp-json\/wp\/v2\/pages\/16771","targetHints":{"allow":["GET"]}}],"collection":[{"href":"https:\/\/shanabooks.de\/de\/wp-json\/wp\/v2\/pages"}],"about":[{"href":"https:\/\/shanabooks.de\/de\/wp-json\/wp\/v2\/types\/page"}],"author":[{"embeddable":true,"href":"https:\/\/shanabooks.de\/de\/wp-json\/wp\/v2\/users\/1"}],"replies":[{"embeddable":true,"href":"https:\/\/shanabooks.de\/de\/wp-json\/wp\/v2\/comments?post=16771"}],"version-history":[{"count":15,"href":"https:\/\/shanabooks.de\/de\/wp-json\/wp\/v2\/pages\/16771\/revisions"}],"predecessor-version":[{"id":25429,"href":"https:\/\/shanabooks.de\/de\/wp-json\/wp\/v2\/pages\/16771\/revisions\/25429"}],"wp:attachment":[{"href":"https:\/\/shanabooks.de\/de\/wp-json\/wp\/v2\/media?parent=16771"}],"curies":[{"name":"wp","href":"https:\/\/api.w.org\/{rel}","templated":true}]}}