{"id":16871,"date":"2017-12-17T10:06:43","date_gmt":"2017-12-17T10:06:43","guid":{"rendered":"https:\/\/shanabooks.de\/ueber-uns\/"},"modified":"2024-04-01T10:09:26","modified_gmt":"2024-04-01T10:09:26","slug":"ueber-uns","status":"publish","type":"page","link":"https:\/\/shanabooks.de\/de\/ueber-uns\/","title":{"rendered":"\u00dcber uns"},"content":{"rendered":"\t\t<div data-elementor-type=\"wp-post\" data-elementor-id=\"16871\" class=\"elementor elementor-16871 elementor-43\" data-elementor-post-type=\"page\">\n\t\t\t\t<div class=\"elementor-element elementor-element-f1496b2 e-con-full e-flex e-con e-parent\" data-id=\"f1496b2\" data-element_type=\"container\" data-e-type=\"container\" data-settings=\"{&quot;background_background&quot;:&quot;classic&quot;}\">\n\t\t\t\t<div class=\"elementor-element elementor-element-4b104a5 elementor-widget elementor-widget-heading\" data-id=\"4b104a5\" data-element_type=\"widget\" data-e-type=\"widget\" data-widget_type=\"heading.default\">\n\t\t\t\t<div class=\"elementor-widget-container\">\n\t\t\t\t\t<h3 class=\"elementor-heading-title elementor-size-default\">\u00dcber uns<\/h3>\t\t\t\t<\/div>\n\t\t\t\t<\/div>\n\t\t\t\t<\/div>\n\t\t<div class=\"elementor-element elementor-element-a10a4a3 e-flex e-con-boxed e-con e-parent\" data-id=\"a10a4a3\" data-element_type=\"container\" data-e-type=\"container\" data-settings=\"{&quot;background_background&quot;:&quot;classic&quot;}\">\n\t\t\t\t\t<div class=\"e-con-inner\">\n\t\t<div class=\"elementor-element elementor-element-b0b2c7e e-con-full e-flex e-con e-child\" data-id=\"b0b2c7e\" data-element_type=\"container\" data-e-type=\"container\">\n\t\t\t\t<div class=\"elementor-element elementor-element-da3161d elementor-widget__width-initial elementor-widget elementor-widget-text-editor\" data-id=\"da3161d\" data-element_type=\"widget\" data-e-type=\"widget\" data-widget_type=\"text-editor.default\">\n\t\t\t\t<div class=\"elementor-widget-container\">\n\t\t\t\t\t\t\t\t\t<p>Die Shana-Bibliothek wurde als erste kurdisch-arabische Gemeinschaftsbibliothek in Deutschland gegr\u00fcndet und symbolisiert eine einzigartige kulturelle Koexistenz zwischen verschiedenen Kulturen und Sprachen. Die Shana-Bibliothek gilt als wesentliches Ziel f\u00fcr Liebhaber der kurdischen und arabischen Kultur und bem\u00fcht sich nachdr\u00fccklich, die kulturelle Kommunikation und den Austausch zwischen den Menschen durch die Zusammenstellung einer breiten Palette von B\u00fcchern und kulturellen Materialien zu verbessern.<\/p><p>Die Shana-Bibliothek bietet eine einzigartige und aufregende Lese- und Erfahrungsumgebung und arbeitet hart daran, die Kluft zwischen Autoren und Lesern zu \u00fcberbr\u00fccken, indem sie eine Plattform f\u00fcr kulturellen Dialog und Interaktion bietet. Diese kulturelle Br\u00fccke, die von der Bibliothek angeboten wird, schafft eine ideale Umgebung f\u00fcr den Austausch von Ideen und Meinungen zwischen Autoren und ihren Lesern.<\/p><p>Dank ihres globalen Versandservices k\u00f6nnen Leser aus der ganzen Welt die Inhalte der Shana-Bibliothek genie\u00dfen und von ihrer kulturellen Vielfalt profitieren. Mit einem rund um die Uhr an allen Wochentagen betriebenen Servicecenter ist das Bibliotheksteam bestrebt, die Bed\u00fcrfnisse der Kunden zu erf\u00fcllen und ihnen effizient und effektiv die notwendige Unterst\u00fctzung zu bieten.<\/p><p>Die Dienstleistungen der Shana-Bibliothek sind in einer Vielzahl von Sprachen verf\u00fcgbar, darunter Kurdisch, Arabisch, Englisch und Deutsch, um eine effektive und einfache Kommunikation f\u00fcr alle ihre Besucher und Leser zu gew\u00e4hrleisten.<\/p><p>Zusammenfassend ist die Shana-Bibliothek ein ideales Ziel f\u00fcr Liebhaber kurdischer und arabischer Literatur und Kultur, die kulturelle Vielfalt mit herausragendem Service kombiniert, um ein au\u00dfergew\u00f6hnliches Leseerlebnis f\u00fcr Leser in Deutschland und weltweit zu bieten. Dar\u00fcber hinaus bem\u00fcht sich die Bibliothek, kurdische Literatur und Kultur zu f\u00f6rdern, das Bewusstsein f\u00fcr die kurdische Kultur zu sch\u00e4rfen und das Erlernen der kurdischen Sprache zu f\u00f6rdern, um so einen zus\u00e4tzlichen Wert f\u00fcr ihre herausragende Arbeit zur Unterst\u00fctzung der kulturellen Gemeinschaft zu schaffen.<\/p>\t\t\t\t\t\t\t\t<\/div>\n\t\t\t\t<\/div>\n\t\t\t\t<\/div>\n\t\t\t\t\t<\/div>\n\t\t\t\t<\/div>\n\t\t<div class=\"elementor-element elementor-element-92c86fc e-flex e-con-boxed e-con e-parent\" data-id=\"92c86fc\" data-element_type=\"container\" data-e-type=\"container\">\n\t\t\t\t\t<div class=\"e-con-inner\">\n\t\t\t\t<div class=\"elementor-element elementor-element-59bc319 elementor-widget elementor-widget-spacer\" data-id=\"59bc319\" data-element_type=\"widget\" data-e-type=\"widget\" data-widget_type=\"spacer.default\">\n\t\t\t\t<div class=\"elementor-widget-container\">\n\t\t\t\t\t\t\t<div class=\"elementor-spacer\">\n\t\t\t<div class=\"elementor-spacer-inner\"><\/div>\n\t\t<\/div>\n\t\t\t\t\t\t<\/div>\n\t\t\t\t<\/div>\n\t\t\t\t\t<\/div>\n\t\t\t\t<\/div>\n\t\t\t\t<\/div>\n\t\t","protected":false},"excerpt":{"rendered":"<p>\u00dcber uns Die Shana-Bibliothek wurde als erste kurdisch-arabische Gemeinschaftsbibliothek in Deutschland gegr\u00fcndet und symbolisiert eine einzigartige kulturelle Koexistenz zwischen verschiedenen Kulturen und Sprachen. Die Shana-Bibliothek gilt als wesentliches Ziel f\u00fcr Liebhaber der kurdischen und arabischen Kultur und bem\u00fcht sich nachdr\u00fccklich, die kulturelle Kommunikation und den Austausch zwischen den Menschen durch die Zusammenstellung einer breiten Palette [&hellip;]<\/p>\n","protected":false},"author":1,"featured_media":0,"parent":0,"menu_order":0,"comment_status":"closed","ping_status":"closed","template":"","meta":{"site-sidebar-layout":"no-sidebar","site-content-layout":"page-builder","ast-site-content-layout":"full-width-container","site-content-style":"unboxed","site-sidebar-style":"unboxed","ast-global-header-display":"","ast-banner-title-visibility":"","ast-main-header-display":"","ast-hfb-above-header-display":"","ast-hfb-below-header-display":"","ast-hfb-mobile-header-display":"","site-post-title":"disabled","ast-breadcrumbs-content":"","ast-featured-img":"disabled","footer-sml-layout":"","ast-disable-related-posts":"","theme-transparent-header-meta":"disabled","adv-header-id-meta":"","stick-header-meta":"","header-above-stick-meta":"","header-main-stick-meta":"","header-below-stick-meta":"","astra-migrate-meta-layouts":"default","ast-page-background-enabled":"default","ast-page-background-meta":{"desktop":{"background-color":"","background-image":"","background-repeat":"repeat","background-position":"center center","background-size":"auto","background-attachment":"scroll","background-type":"","background-media":"","overlay-type":"","overlay-color":"","overlay-opacity":"","overlay-gradient":""},"tablet":{"background-color":"","background-image":"","background-repeat":"repeat","background-position":"center center","background-size":"auto","background-attachment":"scroll","background-type":"","background-media":"","overlay-type":"","overlay-color":"","overlay-opacity":"","overlay-gradient":""},"mobile":{"background-color":"","background-image":"","background-repeat":"repeat","background-position":"center center","background-size":"auto","background-attachment":"scroll","background-type":"","background-media":"","overlay-type":"","overlay-color":"","overlay-opacity":"","overlay-gradient":""}},"ast-content-background-meta":{"desktop":{"background-color":"var(--ast-global-color-5)","background-image":"","background-repeat":"repeat","background-position":"center center","background-size":"auto","background-attachment":"scroll","background-type":"","background-media":"","overlay-type":"","overlay-color":"","overlay-opacity":"","overlay-gradient":""},"tablet":{"background-color":"var(--ast-global-color-5)","background-image":"","background-repeat":"repeat","background-position":"center center","background-size":"auto","background-attachment":"scroll","background-type":"","background-media":"","overlay-type":"","overlay-color":"","overlay-opacity":"","overlay-gradient":""},"mobile":{"background-color":"var(--ast-global-color-5)","background-image":"","background-repeat":"repeat","background-position":"center center","background-size":"auto","background-attachment":"scroll","background-type":"","background-media":"","overlay-type":"","overlay-color":"","overlay-opacity":"","overlay-gradient":""}},"footnotes":""},"class_list":["post-16871","page","type-page","status-publish","hentry"],"yoast_head":"<!-- This site is optimized with the Yoast SEO plugin v27.5 - https:\/\/yoast.com\/product\/yoast-seo-wordpress\/ -->\n<title>\u00dcber uns - www.shanabooks.de<\/title>\n<meta name=\"robots\" content=\"index, follow, max-snippet:-1, max-image-preview:large, max-video-preview:-1\" \/>\n<link rel=\"canonical\" href=\"https:\/\/shanabooks.de\/\u0645\u0646-\u0646\u062d\u0646\/\" \/>\n<meta property=\"og:locale\" content=\"de_DE\" \/>\n<meta property=\"og:type\" content=\"article\" \/>\n<meta property=\"og:title\" content=\"\u00dcber uns - www.shanabooks.de\" \/>\n<meta property=\"og:description\" content=\"\u00dcber uns Die Shana-Bibliothek wurde als erste kurdisch-arabische Gemeinschaftsbibliothek in Deutschland gegr\u00fcndet und symbolisiert eine einzigartige kulturelle Koexistenz zwischen verschiedenen Kulturen und Sprachen. Die Shana-Bibliothek gilt als wesentliches Ziel f\u00fcr Liebhaber der kurdischen und arabischen Kultur und bem\u00fcht sich nachdr\u00fccklich, die kulturelle Kommunikation und den Austausch zwischen den Menschen durch die Zusammenstellung einer breiten Palette [&hellip;]\" \/>\n<meta property=\"og:url\" content=\"https:\/\/shanabooks.de\/\u0645\u0646-\u0646\u062d\u0646\/\" \/>\n<meta property=\"og:site_name\" content=\"www.shanabooks.de\" \/>\n<meta property=\"article:modified_time\" content=\"2024-04-01T10:09:26+00:00\" \/>\n<meta name=\"twitter:card\" content=\"summary_large_image\" \/>\n<meta name=\"twitter:label1\" content=\"Gesch\u00e4tzte Lesezeit\" \/>\n\t<meta name=\"twitter:data1\" content=\"2\u00a0Minuten\" \/>\n<script type=\"application\/ld+json\" class=\"yoast-schema-graph\">{\"@context\":\"https:\\\/\\\/schema.org\",\"@graph\":[{\"@type\":\"WebPage\",\"@id\":\"https:\\\/\\\/shanabooks.de\\\/%d9%85%d9%86-%d9%86%d8%ad%d9%86\\\/\",\"url\":\"https:\\\/\\\/shanabooks.de\\\/%d9%85%d9%86-%d9%86%d8%ad%d9%86\\\/\",\"name\":\"\u00dcber uns - www.shanabooks.de\",\"isPartOf\":{\"@id\":\"https:\\\/\\\/shanabooks.de\\\/#website\"},\"datePublished\":\"2017-12-17T10:06:43+00:00\",\"dateModified\":\"2024-04-01T10:09:26+00:00\",\"breadcrumb\":{\"@id\":\"https:\\\/\\\/shanabooks.de\\\/%d9%85%d9%86-%d9%86%d8%ad%d9%86\\\/#breadcrumb\"},\"inLanguage\":\"de\",\"potentialAction\":[{\"@type\":\"ReadAction\",\"target\":[\"https:\\\/\\\/shanabooks.de\\\/%d9%85%d9%86-%d9%86%d8%ad%d9%86\\\/\"]}]},{\"@type\":\"BreadcrumbList\",\"@id\":\"https:\\\/\\\/shanabooks.de\\\/%d9%85%d9%86-%d9%86%d8%ad%d9%86\\\/#breadcrumb\",\"itemListElement\":[{\"@type\":\"ListItem\",\"position\":1,\"name\":\"\u0627\u0644\u0631\u0626\u064a\u0633\u064a\u0629\",\"item\":\"https:\\\/\\\/shanabooks.de\\\/de\\\/\"},{\"@type\":\"ListItem\",\"position\":2,\"name\":\"\u00dcber uns\"}]},{\"@type\":\"WebSite\",\"@id\":\"https:\\\/\\\/shanabooks.de\\\/#website\",\"url\":\"https:\\\/\\\/shanabooks.de\\\/\",\"name\":\"www.shanbooks.de\",\"description\":\"C\u00eehana Pirt\u00fbk\u00ean Kurd\u00ee \u0645\u0643\u062a\u0628\u0629 \u0634\u0627\u0646\u0627 \u0641\u064a \u0627\u0644\u0645\u0627\u0646\u064a\u0627 \u0648\u0623\u0648\u0631\u0628\u0627\",\"publisher\":{\"@id\":\"https:\\\/\\\/shanabooks.de\\\/#organization\"},\"potentialAction\":[{\"@type\":\"SearchAction\",\"target\":{\"@type\":\"EntryPoint\",\"urlTemplate\":\"https:\\\/\\\/shanabooks.de\\\/?s={search_term_string}\"},\"query-input\":{\"@type\":\"PropertyValueSpecification\",\"valueRequired\":true,\"valueName\":\"search_term_string\"}}],\"inLanguage\":\"de\"},{\"@type\":\"Organization\",\"@id\":\"https:\\\/\\\/shanabooks.de\\\/#organization\",\"name\":\"www.shanbooks.de\",\"url\":\"https:\\\/\\\/shanabooks.de\\\/\",\"logo\":{\"@type\":\"ImageObject\",\"inLanguage\":\"de\",\"@id\":\"https:\\\/\\\/shanabooks.de\\\/#\\\/schema\\\/logo\\\/image\\\/\",\"url\":\"https:\\\/\\\/shanabooks.de\\\/wp-content\\\/uploads\\\/2024\\\/03\\\/SHANABOOKS__2_-removebg-preview.png\",\"contentUrl\":\"https:\\\/\\\/shanabooks.de\\\/wp-content\\\/uploads\\\/2024\\\/03\\\/SHANABOOKS__2_-removebg-preview.png\",\"width\":700,\"height\":150,\"caption\":\"www.shanbooks.de\"},\"image\":{\"@id\":\"https:\\\/\\\/shanabooks.de\\\/#\\\/schema\\\/logo\\\/image\\\/\"}}]}<\/script>\n<!-- \/ Yoast SEO plugin. -->","yoast_head_json":{"title":"\u00dcber uns - www.shanabooks.de","robots":{"index":"index","follow":"follow","max-snippet":"max-snippet:-1","max-image-preview":"max-image-preview:large","max-video-preview":"max-video-preview:-1"},"canonical":"https:\/\/shanabooks.de\/\u0645\u0646-\u0646\u062d\u0646\/","og_locale":"de_DE","og_type":"article","og_title":"\u00dcber uns - www.shanabooks.de","og_description":"\u00dcber uns Die Shana-Bibliothek wurde als erste kurdisch-arabische Gemeinschaftsbibliothek in Deutschland gegr\u00fcndet und symbolisiert eine einzigartige kulturelle Koexistenz zwischen verschiedenen Kulturen und Sprachen. Die Shana-Bibliothek gilt als wesentliches Ziel f\u00fcr Liebhaber der kurdischen und arabischen Kultur und bem\u00fcht sich nachdr\u00fccklich, die kulturelle Kommunikation und den Austausch zwischen den Menschen durch die Zusammenstellung einer breiten Palette [&hellip;]","og_url":"https:\/\/shanabooks.de\/\u0645\u0646-\u0646\u062d\u0646\/","og_site_name":"www.shanabooks.de","article_modified_time":"2024-04-01T10:09:26+00:00","twitter_card":"summary_large_image","twitter_misc":{"Gesch\u00e4tzte Lesezeit":"2\u00a0Minuten"},"schema":{"@context":"https:\/\/schema.org","@graph":[{"@type":"WebPage","@id":"https:\/\/shanabooks.de\/%d9%85%d9%86-%d9%86%d8%ad%d9%86\/","url":"https:\/\/shanabooks.de\/%d9%85%d9%86-%d9%86%d8%ad%d9%86\/","name":"\u00dcber uns - www.shanabooks.de","isPartOf":{"@id":"https:\/\/shanabooks.de\/#website"},"datePublished":"2017-12-17T10:06:43+00:00","dateModified":"2024-04-01T10:09:26+00:00","breadcrumb":{"@id":"https:\/\/shanabooks.de\/%d9%85%d9%86-%d9%86%d8%ad%d9%86\/#breadcrumb"},"inLanguage":"de","potentialAction":[{"@type":"ReadAction","target":["https:\/\/shanabooks.de\/%d9%85%d9%86-%d9%86%d8%ad%d9%86\/"]}]},{"@type":"BreadcrumbList","@id":"https:\/\/shanabooks.de\/%d9%85%d9%86-%d9%86%d8%ad%d9%86\/#breadcrumb","itemListElement":[{"@type":"ListItem","position":1,"name":"\u0627\u0644\u0631\u0626\u064a\u0633\u064a\u0629","item":"https:\/\/shanabooks.de\/de\/"},{"@type":"ListItem","position":2,"name":"\u00dcber uns"}]},{"@type":"WebSite","@id":"https:\/\/shanabooks.de\/#website","url":"https:\/\/shanabooks.de\/","name":"www.shanbooks.de","description":"C\u00eehana Pirt\u00fbk\u00ean Kurd\u00ee \u0645\u0643\u062a\u0628\u0629 \u0634\u0627\u0646\u0627 \u0641\u064a \u0627\u0644\u0645\u0627\u0646\u064a\u0627 \u0648\u0623\u0648\u0631\u0628\u0627","publisher":{"@id":"https:\/\/shanabooks.de\/#organization"},"potentialAction":[{"@type":"SearchAction","target":{"@type":"EntryPoint","urlTemplate":"https:\/\/shanabooks.de\/?s={search_term_string}"},"query-input":{"@type":"PropertyValueSpecification","valueRequired":true,"valueName":"search_term_string"}}],"inLanguage":"de"},{"@type":"Organization","@id":"https:\/\/shanabooks.de\/#organization","name":"www.shanbooks.de","url":"https:\/\/shanabooks.de\/","logo":{"@type":"ImageObject","inLanguage":"de","@id":"https:\/\/shanabooks.de\/#\/schema\/logo\/image\/","url":"https:\/\/shanabooks.de\/wp-content\/uploads\/2024\/03\/SHANABOOKS__2_-removebg-preview.png","contentUrl":"https:\/\/shanabooks.de\/wp-content\/uploads\/2024\/03\/SHANABOOKS__2_-removebg-preview.png","width":700,"height":150,"caption":"www.shanbooks.de"},"image":{"@id":"https:\/\/shanabooks.de\/#\/schema\/logo\/image\/"}}]}},"jetpack_sharing_enabled":true,"_links":{"self":[{"href":"https:\/\/shanabooks.de\/de\/wp-json\/wp\/v2\/pages\/16871","targetHints":{"allow":["GET"]}}],"collection":[{"href":"https:\/\/shanabooks.de\/de\/wp-json\/wp\/v2\/pages"}],"about":[{"href":"https:\/\/shanabooks.de\/de\/wp-json\/wp\/v2\/types\/page"}],"author":[{"embeddable":true,"href":"https:\/\/shanabooks.de\/de\/wp-json\/wp\/v2\/users\/1"}],"replies":[{"embeddable":true,"href":"https:\/\/shanabooks.de\/de\/wp-json\/wp\/v2\/comments?post=16871"}],"version-history":[{"count":6,"href":"https:\/\/shanabooks.de\/de\/wp-json\/wp\/v2\/pages\/16871\/revisions"}],"predecessor-version":[{"id":22524,"href":"https:\/\/shanabooks.de\/de\/wp-json\/wp\/v2\/pages\/16871\/revisions\/22524"}],"wp:attachment":[{"href":"https:\/\/shanabooks.de\/de\/wp-json\/wp\/v2\/media?parent=16871"}],"curies":[{"name":"wp","href":"https:\/\/api.w.org\/{rel}","templated":true}]}}