{"id":17165,"date":"2024-02-19T17:51:50","date_gmt":"2024-02-19T17:51:50","guid":{"rendered":"https:\/\/shanabooks.de\/geschenke\/"},"modified":"2024-04-20T16:00:01","modified_gmt":"2024-04-20T16:00:01","slug":"geschenke","status":"publish","type":"page","link":"https:\/\/shanabooks.de\/de\/geschenke\/","title":{"rendered":"Geschenke"},"content":{"rendered":"\t\t<div data-elementor-type=\"wp-page\" data-elementor-id=\"17165\" class=\"elementor elementor-17165 elementor-9893\" data-elementor-post-type=\"page\">\n\t\t\t\t<div class=\"elementor-element elementor-element-a1b6408 e-flex e-con-boxed e-con e-parent\" data-id=\"a1b6408\" data-element_type=\"container\" data-e-type=\"container\">\n\t\t\t\t\t<div class=\"e-con-inner\">\n\t\t\t\t\t<\/div>\n\t\t\t\t<\/div>\n\t\t<div class=\"elementor-element elementor-element-6d36184 e-con-full e-flex e-con e-parent\" data-id=\"6d36184\" data-element_type=\"container\" data-e-type=\"container\" data-settings=\"{&quot;background_background&quot;:&quot;gradient&quot;}\">\n\t\t\t\t<\/div>\n\t\t<div class=\"elementor-element elementor-element-b69fce8 e-flex e-con-boxed e-con e-parent\" data-id=\"b69fce8\" data-element_type=\"container\" data-e-type=\"container\">\n\t\t\t\t\t<div class=\"e-con-inner\">\n\t\t\t\t\t<\/div>\n\t\t\t\t<\/div>\n\t\t\t\t<\/div>\n\t\t","protected":false},"excerpt":{"rendered":"","protected":false},"author":1,"featured_media":0,"parent":0,"menu_order":0,"comment_status":"closed","ping_status":"closed","template":"","meta":{"site-sidebar-layout":"no-sidebar","site-content-layout":"page-builder","ast-site-content-layout":"full-width-container","site-content-style":"default","site-sidebar-style":"default","ast-global-header-display":"","ast-banner-title-visibility":"","ast-main-header-display":"","ast-hfb-above-header-display":"","ast-hfb-below-header-display":"","ast-hfb-mobile-header-display":"","site-post-title":"disabled","ast-breadcrumbs-content":"","ast-featured-img":"disabled","footer-sml-layout":"","ast-disable-related-posts":"","theme-transparent-header-meta":"","adv-header-id-meta":"","stick-header-meta":"","header-above-stick-meta":"","header-main-stick-meta":"","header-below-stick-meta":"","astra-migrate-meta-layouts":"default","ast-page-background-enabled":"default","ast-page-background-meta":{"desktop":{"background-color":"","background-image":"","background-repeat":"repeat","background-position":"center center","background-size":"auto","background-attachment":"scroll","background-type":"","background-media":"","overlay-type":"","overlay-color":"","overlay-opacity":"","overlay-gradient":""},"tablet":{"background-color":"","background-image":"","background-repeat":"repeat","background-position":"center center","background-size":"auto","background-attachment":"scroll","background-type":"","background-media":"","overlay-type":"","overlay-color":"","overlay-opacity":"","overlay-gradient":""},"mobile":{"background-color":"","background-image":"","background-repeat":"repeat","background-position":"center center","background-size":"auto","background-attachment":"scroll","background-type":"","background-media":"","overlay-type":"","overlay-color":"","overlay-opacity":"","overlay-gradient":""}},"ast-content-background-meta":{"desktop":{"background-color":"var(--ast-global-color-5)","background-image":"","background-repeat":"repeat","background-position":"center center","background-size":"auto","background-attachment":"scroll","background-type":"","background-media":"","overlay-type":"","overlay-color":"","overlay-opacity":"","overlay-gradient":""},"tablet":{"background-color":"var(--ast-global-color-5)","background-image":"","background-repeat":"repeat","background-position":"center center","background-size":"auto","background-attachment":"scroll","background-type":"","background-media":"","overlay-type":"","overlay-color":"","overlay-opacity":"","overlay-gradient":""},"mobile":{"background-color":"var(--ast-global-color-5)","background-image":"","background-repeat":"repeat","background-position":"center center","background-size":"auto","background-attachment":"scroll","background-type":"","background-media":"","overlay-type":"","overlay-color":"","overlay-opacity":"","overlay-gradient":""}},"footnotes":""},"class_list":["post-17165","page","type-page","status-publish","hentry"],"yoast_head":"<!-- This site is optimized with the Yoast SEO plugin v27.5 - https:\/\/yoast.com\/product\/yoast-seo-wordpress\/ -->\n<title>Geschenke - www.shanabooks.de<\/title>\n<meta name=\"description\" content=\"Geschenke - www.shanabooks.de\" \/>\n<meta name=\"robots\" content=\"index, follow, max-snippet:-1, max-image-preview:large, max-video-preview:-1\" \/>\n<link rel=\"canonical\" href=\"https:\/\/shanabooks.de\/\u0647\u062f\u0627\u064a\u0627\/\" \/>\n<meta property=\"og:locale\" content=\"de_DE\" \/>\n<meta property=\"og:type\" content=\"article\" \/>\n<meta property=\"og:title\" content=\"Geschenke - www.shanabooks.de\" \/>\n<meta property=\"og:description\" content=\"Geschenke - www.shanabooks.de\" \/>\n<meta property=\"og:url\" content=\"https:\/\/shanabooks.de\/\u0647\u062f\u0627\u064a\u0627\/\" \/>\n<meta property=\"og:site_name\" content=\"www.shanabooks.de\" \/>\n<meta property=\"article:modified_time\" content=\"2024-04-20T16:00:01+00:00\" \/>\n<meta name=\"twitter:card\" content=\"summary_large_image\" \/>\n<script type=\"application\/ld+json\" class=\"yoast-schema-graph\">{\"@context\":\"https:\\\/\\\/schema.org\",\"@graph\":[{\"@type\":\"WebPage\",\"@id\":\"https:\\\/\\\/shanabooks.de\\\/%d9%87%d8%af%d8%a7%d9%8a%d8%a7\\\/\",\"url\":\"https:\\\/\\\/shanabooks.de\\\/%d9%87%d8%af%d8%a7%d9%8a%d8%a7\\\/\",\"name\":\"Geschenke - www.shanabooks.de\",\"isPartOf\":{\"@id\":\"https:\\\/\\\/shanabooks.de\\\/#website\"},\"datePublished\":\"2024-02-19T17:51:50+00:00\",\"dateModified\":\"2024-04-20T16:00:01+00:00\",\"description\":\"Geschenke - www.shanabooks.de\",\"breadcrumb\":{\"@id\":\"https:\\\/\\\/shanabooks.de\\\/%d9%87%d8%af%d8%a7%d9%8a%d8%a7\\\/#breadcrumb\"},\"inLanguage\":\"de\",\"potentialAction\":[{\"@type\":\"ReadAction\",\"target\":[\"https:\\\/\\\/shanabooks.de\\\/%d9%87%d8%af%d8%a7%d9%8a%d8%a7\\\/\"]}]},{\"@type\":\"BreadcrumbList\",\"@id\":\"https:\\\/\\\/shanabooks.de\\\/%d9%87%d8%af%d8%a7%d9%8a%d8%a7\\\/#breadcrumb\",\"itemListElement\":[{\"@type\":\"ListItem\",\"position\":1,\"name\":\"\u0627\u0644\u0631\u0626\u064a\u0633\u064a\u0629\",\"item\":\"https:\\\/\\\/shanabooks.de\\\/de\\\/\"},{\"@type\":\"ListItem\",\"position\":2,\"name\":\"Geschenke\"}]},{\"@type\":\"WebSite\",\"@id\":\"https:\\\/\\\/shanabooks.de\\\/#website\",\"url\":\"https:\\\/\\\/shanabooks.de\\\/\",\"name\":\"www.shanbooks.de\",\"description\":\"C\u00eehana Pirt\u00fbk\u00ean Kurd\u00ee \u0645\u0643\u062a\u0628\u0629 \u0634\u0627\u0646\u0627 \u0641\u064a \u0627\u0644\u0645\u0627\u0646\u064a\u0627 \u0648\u0623\u0648\u0631\u0628\u0627\",\"publisher\":{\"@id\":\"https:\\\/\\\/shanabooks.de\\\/#organization\"},\"potentialAction\":[{\"@type\":\"SearchAction\",\"target\":{\"@type\":\"EntryPoint\",\"urlTemplate\":\"https:\\\/\\\/shanabooks.de\\\/?s={search_term_string}\"},\"query-input\":{\"@type\":\"PropertyValueSpecification\",\"valueRequired\":true,\"valueName\":\"search_term_string\"}}],\"inLanguage\":\"de\"},{\"@type\":\"Organization\",\"@id\":\"https:\\\/\\\/shanabooks.de\\\/#organization\",\"name\":\"www.shanbooks.de\",\"url\":\"https:\\\/\\\/shanabooks.de\\\/\",\"logo\":{\"@type\":\"ImageObject\",\"inLanguage\":\"de\",\"@id\":\"https:\\\/\\\/shanabooks.de\\\/#\\\/schema\\\/logo\\\/image\\\/\",\"url\":\"https:\\\/\\\/shanabooks.de\\\/wp-content\\\/uploads\\\/2024\\\/03\\\/SHANABOOKS__2_-removebg-preview.png\",\"contentUrl\":\"https:\\\/\\\/shanabooks.de\\\/wp-content\\\/uploads\\\/2024\\\/03\\\/SHANABOOKS__2_-removebg-preview.png\",\"width\":700,\"height\":150,\"caption\":\"www.shanbooks.de\"},\"image\":{\"@id\":\"https:\\\/\\\/shanabooks.de\\\/#\\\/schema\\\/logo\\\/image\\\/\"}}]}<\/script>\n<!-- \/ Yoast SEO plugin. -->","yoast_head_json":{"title":"Geschenke - www.shanabooks.de","description":"Geschenke - www.shanabooks.de","robots":{"index":"index","follow":"follow","max-snippet":"max-snippet:-1","max-image-preview":"max-image-preview:large","max-video-preview":"max-video-preview:-1"},"canonical":"https:\/\/shanabooks.de\/\u0647\u062f\u0627\u064a\u0627\/","og_locale":"de_DE","og_type":"article","og_title":"Geschenke - www.shanabooks.de","og_description":"Geschenke - www.shanabooks.de","og_url":"https:\/\/shanabooks.de\/\u0647\u062f\u0627\u064a\u0627\/","og_site_name":"www.shanabooks.de","article_modified_time":"2024-04-20T16:00:01+00:00","twitter_card":"summary_large_image","schema":{"@context":"https:\/\/schema.org","@graph":[{"@type":"WebPage","@id":"https:\/\/shanabooks.de\/%d9%87%d8%af%d8%a7%d9%8a%d8%a7\/","url":"https:\/\/shanabooks.de\/%d9%87%d8%af%d8%a7%d9%8a%d8%a7\/","name":"Geschenke - www.shanabooks.de","isPartOf":{"@id":"https:\/\/shanabooks.de\/#website"},"datePublished":"2024-02-19T17:51:50+00:00","dateModified":"2024-04-20T16:00:01+00:00","description":"Geschenke - www.shanabooks.de","breadcrumb":{"@id":"https:\/\/shanabooks.de\/%d9%87%d8%af%d8%a7%d9%8a%d8%a7\/#breadcrumb"},"inLanguage":"de","potentialAction":[{"@type":"ReadAction","target":["https:\/\/shanabooks.de\/%d9%87%d8%af%d8%a7%d9%8a%d8%a7\/"]}]},{"@type":"BreadcrumbList","@id":"https:\/\/shanabooks.de\/%d9%87%d8%af%d8%a7%d9%8a%d8%a7\/#breadcrumb","itemListElement":[{"@type":"ListItem","position":1,"name":"\u0627\u0644\u0631\u0626\u064a\u0633\u064a\u0629","item":"https:\/\/shanabooks.de\/de\/"},{"@type":"ListItem","position":2,"name":"Geschenke"}]},{"@type":"WebSite","@id":"https:\/\/shanabooks.de\/#website","url":"https:\/\/shanabooks.de\/","name":"www.shanbooks.de","description":"C\u00eehana Pirt\u00fbk\u00ean Kurd\u00ee \u0645\u0643\u062a\u0628\u0629 \u0634\u0627\u0646\u0627 \u0641\u064a \u0627\u0644\u0645\u0627\u0646\u064a\u0627 \u0648\u0623\u0648\u0631\u0628\u0627","publisher":{"@id":"https:\/\/shanabooks.de\/#organization"},"potentialAction":[{"@type":"SearchAction","target":{"@type":"EntryPoint","urlTemplate":"https:\/\/shanabooks.de\/?s={search_term_string}"},"query-input":{"@type":"PropertyValueSpecification","valueRequired":true,"valueName":"search_term_string"}}],"inLanguage":"de"},{"@type":"Organization","@id":"https:\/\/shanabooks.de\/#organization","name":"www.shanbooks.de","url":"https:\/\/shanabooks.de\/","logo":{"@type":"ImageObject","inLanguage":"de","@id":"https:\/\/shanabooks.de\/#\/schema\/logo\/image\/","url":"https:\/\/shanabooks.de\/wp-content\/uploads\/2024\/03\/SHANABOOKS__2_-removebg-preview.png","contentUrl":"https:\/\/shanabooks.de\/wp-content\/uploads\/2024\/03\/SHANABOOKS__2_-removebg-preview.png","width":700,"height":150,"caption":"www.shanbooks.de"},"image":{"@id":"https:\/\/shanabooks.de\/#\/schema\/logo\/image\/"}}]}},"jetpack_sharing_enabled":true,"_links":{"self":[{"href":"https:\/\/shanabooks.de\/de\/wp-json\/wp\/v2\/pages\/17165","targetHints":{"allow":["GET"]}}],"collection":[{"href":"https:\/\/shanabooks.de\/de\/wp-json\/wp\/v2\/pages"}],"about":[{"href":"https:\/\/shanabooks.de\/de\/wp-json\/wp\/v2\/types\/page"}],"author":[{"embeddable":true,"href":"https:\/\/shanabooks.de\/de\/wp-json\/wp\/v2\/users\/1"}],"replies":[{"embeddable":true,"href":"https:\/\/shanabooks.de\/de\/wp-json\/wp\/v2\/comments?post=17165"}],"version-history":[{"count":5,"href":"https:\/\/shanabooks.de\/de\/wp-json\/wp\/v2\/pages\/17165\/revisions"}],"predecessor-version":[{"id":24428,"href":"https:\/\/shanabooks.de\/de\/wp-json\/wp\/v2\/pages\/17165\/revisions\/24428"}],"wp:attachment":[{"href":"https:\/\/shanabooks.de\/de\/wp-json\/wp\/v2\/media?parent=17165"}],"curies":[{"name":"wp","href":"https:\/\/api.w.org\/{rel}","templated":true}]}}