{"id":11268,"date":"2024-03-01T21:03:33","date_gmt":"2024-03-01T21:03:33","guid":{"rendered":"https:\/\/shanabooks.de\/?post_type=product&#038;p=11268"},"modified":"2026-02-22T19:26:18","modified_gmt":"2026-02-22T19:26:18","slug":"roni-mina-evine-tari-mina-mirine","status":"publish","type":"product","link":"https:\/\/shanabooks.de\/de\/product\/roni-mina-evine-tari-mina-mirine\/","title":{"rendered":"Ron\u00ee M\u00eena Ev\u00een\u00ea Tar\u00ee M\u00eena Mirin\u00ea"},"content":{"rendered":"<p style=\"text-align: left;\"><strong style=\"font-size: 16px; font-style: normal;\">Ron\u00ee M\u00eena Ev\u00een\u00ea Tar\u00ee M\u00eena Mirin\u00ea &#8211; Mehmed Uzun<\/strong><strong style=\"font-size: 16px;\">\u00a0<\/strong><\/p>\n<p style=\"text-align: left;\">Baz. Kevok. Serb\u00fbriya Baz \u00fb Kevok\u00ea. Romana wan. Vegotina qedera wan. Vegotina serb\u00fbriya Baz \u00fb Kevok\u00ea ku bi mirin\u00ea dest p\u00ea dike \u00fb roman bi vegotina serb\u00fbriy\u00ean wan \u00ean t\u00eavel \u00ean tekel car bi car p\u00earg\u00ee hev t\u00ea \u00fb wel\u00ea didome \u00fb pa\u015f\u00ea j\u00ee bi mirin\u00ea bi daw\u00ee dibe. Du \u00eensan\u00ean ji heman ax\u00ea \u00fb si\u00fbdeke ne\u00e7\u00ea, li ser eniya wan b\u00ea niv\u00eesandin \u00fb wan bike endam\u00ea du eniy\u00ean ji hevdu cih\u00ea, wan bike dijber \u00fb neyar\u00ea hev.<\/p>\n<p style=\"text-align: left;\">Ron\u00ee M\u00eena Ev\u00een\u00ea Tar\u00ee M\u00eena Mirin\u00ea ya Mehmed Uzun, xwe disp\u00eare destana her\u00ee kevnare ya \u00eensan \u00fb \u00eensanetiy\u00ea: Gilgami\u015f. Bi riya naveroka v\u00ea destana ew\u00e7end ant\u00eek \u00fb kevnare em hest p\u00ea dikin ku riya ronahiy\u00ea li ser riya tar\u00eetiy\u00ea ye. T\u00eako\u015f\u00een ronahiy\u00ea bi xwe re t\u00eene, h\u00eaza ev\u00een\u00ea kambaxiya mirin\u00ea t\u00eak dibe.<\/p>\n<p style=\"text-align: left;\"><strong>Niv\u00eeskar\u00ea Roman\u00ea:<\/strong> Mehmed Uzun li sala 1953\u00ea li gund\u00ea Siw\u00eareka ser bi Rihay\u00ea (Urfay\u00ea) hat dinyay\u00ea. Ji ber xebata w\u00ee ya niv\u00ees\u00eena bi ziman\u00ea dayik\u00ea \u00e7end caran ji aliy\u00ea desthelata tirkan ve hat z\u00eendankirin. Her ji ber wan gef\u00ean li ser jiyana xwe, li hav\u00eena sala 1977\u00ea ji Tirkiy\u00ea derket \u00fb heyameke dir\u00eaj li Sw\u00ead\u00ea ma.<\/p>\n","protected":false},"excerpt":{"rendered":"<p style=\"text-align: center;\"><strong>Pirt\u00fbk:\u00a0Ron\u00ee M\u00eena Ev\u00een\u00ea Tar\u00ee M\u00eena Mirin\u00ea<br \/>\nNiv\u00eeskar: Mehmed Uzun<br \/>\nCure: Roman\u00a0<\/strong><\/p>\n","protected":false},"featured_media":11269,"template":"","meta":{"site-sidebar-layout":"default","site-content-layout":"","ast-site-content-layout":"default","site-content-style":"default","site-sidebar-style":"default","ast-global-header-display":"","ast-banner-title-visibility":"","ast-main-header-display":"","ast-hfb-above-header-display":"","ast-hfb-below-header-display":"","ast-hfb-mobile-header-display":"","site-post-title":"","ast-breadcrumbs-content":"","ast-featured-img":"","footer-sml-layout":"","ast-disable-related-posts":"","theme-transparent-header-meta":"default","adv-header-id-meta":"","stick-header-meta":"","header-above-stick-meta":"","header-main-stick-meta":"","header-below-stick-meta":"","astra-migrate-meta-layouts":"set","ast-page-background-enabled":"default","ast-page-background-meta":{"desktop":{"background-color":"","background-image":"","background-repeat":"repeat","background-position":"center center","background-size":"auto","background-attachment":"scroll","background-type":"","background-media":"","overlay-type":"","overlay-color":"","overlay-opacity":"","overlay-gradient":""},"tablet":{"background-color":"","background-image":"","background-repeat":"repeat","background-position":"center center","background-size":"auto","background-attachment":"scroll","background-type":"","background-media":"","overlay-type":"","overlay-color":"","overlay-opacity":"","overlay-gradient":""},"mobile":{"background-color":"","background-image":"","background-repeat":"repeat","background-position":"center center","background-size":"auto","background-attachment":"scroll","background-type":"","background-media":"","overlay-type":"","overlay-color":"","overlay-opacity":"","overlay-gradient":""}},"ast-content-background-meta":{"desktop":{"background-color":"var(--ast-global-color-5)","background-image":"","background-repeat":"repeat","background-position":"center center","background-size":"auto","background-attachment":"scroll","background-type":"","background-media":"","overlay-type":"","overlay-color":"","overlay-opacity":"","overlay-gradient":""},"tablet":{"background-color":"var(--ast-global-color-5)","background-image":"","background-repeat":"repeat","background-position":"center center","background-size":"auto","background-attachment":"scroll","background-type":"","background-media":"","overlay-type":"","overlay-color":"","overlay-opacity":"","overlay-gradient":""},"mobile":{"background-color":"var(--ast-global-color-5)","background-image":"","background-repeat":"repeat","background-position":"center center","background-size":"auto","background-attachment":"scroll","background-type":"","background-media":"","overlay-type":"","overlay-color":"","overlay-opacity":"","overlay-gradient":""}}},"product_brand":[],"product_cat":[182,193],"product_tag":[],"class_list":{"0":"post-11268","1":"product","2":"type-product","3":"status-publish","4":"has-post-thumbnail","6":"product_cat-_","7":"product_cat--_","8":"pa_-roman","9":"pa_-mehmed-uzun","10":"pa_--sel","11":"desktop-align-left","12":"tablet-align-left","13":"mobile-align-left","15":"first","16":"outofstock","17":"shipping-taxable","18":"purchasable","19":"product-type-simple"},"yoast_head":"<!-- This site is optimized with the Yoast SEO plugin v27.4 - https:\/\/yoast.com\/product\/yoast-seo-wordpress\/ -->\n<title>Ron\u00ee M\u00eena Ev\u00een\u00ea Tar\u00ee M\u00eena Mirin\u00ea www.shanabooks.de<\/title>\n<meta name=\"description\" content=\"Ron\u00ee M\u00eena Ev\u00een\u00ea Tar\u00ee M\u00eena Mirin\u00ea - Mehmed Uzun\u00a0\u00a0\u00a0Baz. Kevok. Serb\u00fbriya Baz \u00fb Kevok\u00ea. Romana wan. Vegotina qedera wan. Vegotina serb\u00fbriya Baz \u00fb Kevok\u00ea ku bi...\" \/>\n<meta name=\"robots\" content=\"index, follow, max-snippet:-1, max-image-preview:large, max-video-preview:-1\" \/>\n<link rel=\"canonical\" href=\"https:\/\/shanabooks.de\/product\/roni-mina-evine-tari-mina-mirine\/\" \/>\n<meta property=\"og:locale\" content=\"de_DE\" \/>\n<meta property=\"og:type\" content=\"article\" \/>\n<meta property=\"og:title\" content=\"Ron\u00ee M\u00eena Ev\u00een\u00ea Tar\u00ee M\u00eena Mirin\u00ea www.shanabooks.de\" \/>\n<meta property=\"og:description\" content=\"Ron\u00ee M\u00eena Ev\u00een\u00ea Tar\u00ee M\u00eena Mirin\u00ea - Mehmed Uzun\u00a0\u00a0\u00a0Baz. Kevok. Serb\u00fbriya Baz \u00fb Kevok\u00ea. Romana wan. Vegotina qedera wan. Vegotina serb\u00fbriya Baz \u00fb Kevok\u00ea ku bi...\" \/>\n<meta property=\"og:url\" content=\"https:\/\/shanabooks.de\/product\/roni-mina-evine-tari-mina-mirine\/\" \/>\n<meta property=\"og:site_name\" content=\"www.shanabooks.de\" \/>\n<meta property=\"article:modified_time\" content=\"2026-02-22T19:26:18+00:00\" \/>\n<meta property=\"og:image\" content=\"https:\/\/shanabooks.de\/wp-content\/uploads\/2024\/03\/Muhemed-Uzun-Roni-Mina-evine.jpg\" \/>\n\t<meta property=\"og:image:width\" content=\"602\" \/>\n\t<meta property=\"og:image:height\" content=\"857\" \/>\n\t<meta property=\"og:image:type\" content=\"image\/jpeg\" \/>\n<meta name=\"twitter:card\" content=\"summary_large_image\" \/>\n<meta name=\"twitter:label1\" content=\"Gesch\u00e4tzte Lesezeit\" \/>\n\t<meta name=\"twitter:data1\" content=\"2\u00a0Minuten\" \/>\n<script type=\"application\/ld+json\" class=\"yoast-schema-graph\">{\"@context\":\"https:\\\/\\\/schema.org\",\"@graph\":[{\"@type\":\"WebPage\",\"@id\":\"https:\\\/\\\/shanabooks.de\\\/product\\\/roni-mina-evine-tari-mina-mirine\\\/\",\"url\":\"https:\\\/\\\/shanabooks.de\\\/product\\\/roni-mina-evine-tari-mina-mirine\\\/\",\"name\":\"Ron\u00ee M\u00eena Ev\u00een\u00ea Tar\u00ee M\u00eena Mirin\u00ea www.shanabooks.de\",\"isPartOf\":{\"@id\":\"https:\\\/\\\/shanabooks.de\\\/#website\"},\"primaryImageOfPage\":{\"@id\":\"https:\\\/\\\/shanabooks.de\\\/product\\\/roni-mina-evine-tari-mina-mirine\\\/#primaryimage\"},\"image\":{\"@id\":\"https:\\\/\\\/shanabooks.de\\\/product\\\/roni-mina-evine-tari-mina-mirine\\\/#primaryimage\"},\"thumbnailUrl\":\"https:\\\/\\\/shanabooks.de\\\/wp-content\\\/uploads\\\/2024\\\/03\\\/Muhemed-Uzun-Roni-Mina-evine.jpg\",\"datePublished\":\"2024-03-01T21:03:33+00:00\",\"dateModified\":\"2026-02-22T19:26:18+00:00\",\"description\":\"Ron\u00ee M\u00eena Ev\u00een\u00ea Tar\u00ee M\u00eena Mirin\u00ea - Mehmed Uzun\u00a0\u00a0\u00a0Baz. Kevok. Serb\u00fbriya Baz \u00fb Kevok\u00ea. Romana wan. Vegotina qedera wan. Vegotina serb\u00fbriya Baz \u00fb Kevok\u00ea ku bi...\",\"breadcrumb\":{\"@id\":\"https:\\\/\\\/shanabooks.de\\\/product\\\/roni-mina-evine-tari-mina-mirine\\\/#breadcrumb\"},\"inLanguage\":\"de\",\"potentialAction\":[{\"@type\":\"ReadAction\",\"target\":[\"https:\\\/\\\/shanabooks.de\\\/product\\\/roni-mina-evine-tari-mina-mirine\\\/\"]}]},{\"@type\":\"ImageObject\",\"inLanguage\":\"de\",\"@id\":\"https:\\\/\\\/shanabooks.de\\\/product\\\/roni-mina-evine-tari-mina-mirine\\\/#primaryimage\",\"url\":\"https:\\\/\\\/shanabooks.de\\\/wp-content\\\/uploads\\\/2024\\\/03\\\/Muhemed-Uzun-Roni-Mina-evine.jpg\",\"contentUrl\":\"https:\\\/\\\/shanabooks.de\\\/wp-content\\\/uploads\\\/2024\\\/03\\\/Muhemed-Uzun-Roni-Mina-evine.jpg\",\"width\":602,\"height\":857,\"caption\":\"Ron\u00ee M\u00eena ev\u00een\u00ea tar\u00ee m\u00eena Mirin\u00ea\"},{\"@type\":\"BreadcrumbList\",\"@id\":\"https:\\\/\\\/shanabooks.de\\\/product\\\/roni-mina-evine-tari-mina-mirine\\\/#breadcrumb\",\"itemListElement\":[{\"@type\":\"ListItem\",\"position\":1,\"name\":\"\u0627\u0644\u0631\u0626\u064a\u0633\u064a\u0629\",\"item\":\"https:\\\/\\\/shanabooks.de\\\/de\\\/\"},{\"@type\":\"ListItem\",\"position\":2,\"name\":\"\u0627\u0644\u0645\u0646\u062a\u062c\u0627\u062a\",\"item\":\"https:\\\/\\\/shanabooks.de\\\/shop\\\/\"},{\"@type\":\"ListItem\",\"position\":3,\"name\":\"Ron\u00ee M\u00eena Ev\u00een\u00ea Tar\u00ee M\u00eena Mirin\u00ea\"}]},{\"@type\":\"WebSite\",\"@id\":\"https:\\\/\\\/shanabooks.de\\\/#website\",\"url\":\"https:\\\/\\\/shanabooks.de\\\/\",\"name\":\"www.shanbooks.de\",\"description\":\"C\u00eehana Pirt\u00fbk\u00ean Kurd\u00ee \u0645\u0643\u062a\u0628\u0629 \u0634\u0627\u0646\u0627 \u0641\u064a \u0627\u0644\u0645\u0627\u0646\u064a\u0627 \u0648\u0623\u0648\u0631\u0628\u0627\",\"publisher\":{\"@id\":\"https:\\\/\\\/shanabooks.de\\\/#organization\"},\"potentialAction\":[{\"@type\":\"SearchAction\",\"target\":{\"@type\":\"EntryPoint\",\"urlTemplate\":\"https:\\\/\\\/shanabooks.de\\\/?s={search_term_string}\"},\"query-input\":{\"@type\":\"PropertyValueSpecification\",\"valueRequired\":true,\"valueName\":\"search_term_string\"}}],\"inLanguage\":\"de\"},{\"@type\":\"Organization\",\"@id\":\"https:\\\/\\\/shanabooks.de\\\/#organization\",\"name\":\"www.shanbooks.de\",\"url\":\"https:\\\/\\\/shanabooks.de\\\/\",\"logo\":{\"@type\":\"ImageObject\",\"inLanguage\":\"de\",\"@id\":\"https:\\\/\\\/shanabooks.de\\\/#\\\/schema\\\/logo\\\/image\\\/\",\"url\":\"https:\\\/\\\/shanabooks.de\\\/wp-content\\\/uploads\\\/2024\\\/03\\\/SHANABOOKS__2_-removebg-preview.png\",\"contentUrl\":\"https:\\\/\\\/shanabooks.de\\\/wp-content\\\/uploads\\\/2024\\\/03\\\/SHANABOOKS__2_-removebg-preview.png\",\"width\":700,\"height\":150,\"caption\":\"www.shanbooks.de\"},\"image\":{\"@id\":\"https:\\\/\\\/shanabooks.de\\\/#\\\/schema\\\/logo\\\/image\\\/\"}}]}<\/script>\n<!-- \/ Yoast SEO plugin. -->","yoast_head_json":{"title":"Ron\u00ee M\u00eena Ev\u00een\u00ea Tar\u00ee M\u00eena Mirin\u00ea www.shanabooks.de","description":"Ron\u00ee M\u00eena Ev\u00een\u00ea Tar\u00ee M\u00eena Mirin\u00ea - Mehmed Uzun\u00a0\u00a0\u00a0Baz. Kevok. Serb\u00fbriya Baz \u00fb Kevok\u00ea. Romana wan. Vegotina qedera wan. Vegotina serb\u00fbriya Baz \u00fb Kevok\u00ea ku bi...","robots":{"index":"index","follow":"follow","max-snippet":"max-snippet:-1","max-image-preview":"max-image-preview:large","max-video-preview":"max-video-preview:-1"},"canonical":"https:\/\/shanabooks.de\/product\/roni-mina-evine-tari-mina-mirine\/","og_locale":"de_DE","og_type":"article","og_title":"Ron\u00ee M\u00eena Ev\u00een\u00ea Tar\u00ee M\u00eena Mirin\u00ea www.shanabooks.de","og_description":"Ron\u00ee M\u00eena Ev\u00een\u00ea Tar\u00ee M\u00eena Mirin\u00ea - Mehmed Uzun\u00a0\u00a0\u00a0Baz. Kevok. Serb\u00fbriya Baz \u00fb Kevok\u00ea. Romana wan. Vegotina qedera wan. Vegotina serb\u00fbriya Baz \u00fb Kevok\u00ea ku bi...","og_url":"https:\/\/shanabooks.de\/product\/roni-mina-evine-tari-mina-mirine\/","og_site_name":"www.shanabooks.de","article_modified_time":"2026-02-22T19:26:18+00:00","og_image":[{"width":602,"height":857,"url":"https:\/\/shanabooks.de\/wp-content\/uploads\/2024\/03\/Muhemed-Uzun-Roni-Mina-evine.jpg","type":"image\/jpeg"}],"twitter_card":"summary_large_image","twitter_misc":{"Gesch\u00e4tzte Lesezeit":"2\u00a0Minuten"},"schema":{"@context":"https:\/\/schema.org","@graph":[{"@type":"WebPage","@id":"https:\/\/shanabooks.de\/product\/roni-mina-evine-tari-mina-mirine\/","url":"https:\/\/shanabooks.de\/product\/roni-mina-evine-tari-mina-mirine\/","name":"Ron\u00ee M\u00eena Ev\u00een\u00ea Tar\u00ee M\u00eena Mirin\u00ea www.shanabooks.de","isPartOf":{"@id":"https:\/\/shanabooks.de\/#website"},"primaryImageOfPage":{"@id":"https:\/\/shanabooks.de\/product\/roni-mina-evine-tari-mina-mirine\/#primaryimage"},"image":{"@id":"https:\/\/shanabooks.de\/product\/roni-mina-evine-tari-mina-mirine\/#primaryimage"},"thumbnailUrl":"https:\/\/shanabooks.de\/wp-content\/uploads\/2024\/03\/Muhemed-Uzun-Roni-Mina-evine.jpg","datePublished":"2024-03-01T21:03:33+00:00","dateModified":"2026-02-22T19:26:18+00:00","description":"Ron\u00ee M\u00eena Ev\u00een\u00ea Tar\u00ee M\u00eena Mirin\u00ea - Mehmed Uzun\u00a0\u00a0\u00a0Baz. Kevok. Serb\u00fbriya Baz \u00fb Kevok\u00ea. Romana wan. Vegotina qedera wan. Vegotina serb\u00fbriya Baz \u00fb Kevok\u00ea ku bi...","breadcrumb":{"@id":"https:\/\/shanabooks.de\/product\/roni-mina-evine-tari-mina-mirine\/#breadcrumb"},"inLanguage":"de","potentialAction":[{"@type":"ReadAction","target":["https:\/\/shanabooks.de\/product\/roni-mina-evine-tari-mina-mirine\/"]}]},{"@type":"ImageObject","inLanguage":"de","@id":"https:\/\/shanabooks.de\/product\/roni-mina-evine-tari-mina-mirine\/#primaryimage","url":"https:\/\/shanabooks.de\/wp-content\/uploads\/2024\/03\/Muhemed-Uzun-Roni-Mina-evine.jpg","contentUrl":"https:\/\/shanabooks.de\/wp-content\/uploads\/2024\/03\/Muhemed-Uzun-Roni-Mina-evine.jpg","width":602,"height":857,"caption":"Ron\u00ee M\u00eena ev\u00een\u00ea tar\u00ee m\u00eena Mirin\u00ea"},{"@type":"BreadcrumbList","@id":"https:\/\/shanabooks.de\/product\/roni-mina-evine-tari-mina-mirine\/#breadcrumb","itemListElement":[{"@type":"ListItem","position":1,"name":"\u0627\u0644\u0631\u0626\u064a\u0633\u064a\u0629","item":"https:\/\/shanabooks.de\/de\/"},{"@type":"ListItem","position":2,"name":"\u0627\u0644\u0645\u0646\u062a\u062c\u0627\u062a","item":"https:\/\/shanabooks.de\/shop\/"},{"@type":"ListItem","position":3,"name":"Ron\u00ee M\u00eena Ev\u00een\u00ea Tar\u00ee M\u00eena Mirin\u00ea"}]},{"@type":"WebSite","@id":"https:\/\/shanabooks.de\/#website","url":"https:\/\/shanabooks.de\/","name":"www.shanbooks.de","description":"C\u00eehana Pirt\u00fbk\u00ean Kurd\u00ee \u0645\u0643\u062a\u0628\u0629 \u0634\u0627\u0646\u0627 \u0641\u064a \u0627\u0644\u0645\u0627\u0646\u064a\u0627 \u0648\u0623\u0648\u0631\u0628\u0627","publisher":{"@id":"https:\/\/shanabooks.de\/#organization"},"potentialAction":[{"@type":"SearchAction","target":{"@type":"EntryPoint","urlTemplate":"https:\/\/shanabooks.de\/?s={search_term_string}"},"query-input":{"@type":"PropertyValueSpecification","valueRequired":true,"valueName":"search_term_string"}}],"inLanguage":"de"},{"@type":"Organization","@id":"https:\/\/shanabooks.de\/#organization","name":"www.shanbooks.de","url":"https:\/\/shanabooks.de\/","logo":{"@type":"ImageObject","inLanguage":"de","@id":"https:\/\/shanabooks.de\/#\/schema\/logo\/image\/","url":"https:\/\/shanabooks.de\/wp-content\/uploads\/2024\/03\/SHANABOOKS__2_-removebg-preview.png","contentUrl":"https:\/\/shanabooks.de\/wp-content\/uploads\/2024\/03\/SHANABOOKS__2_-removebg-preview.png","width":700,"height":150,"caption":"www.shanbooks.de"},"image":{"@id":"https:\/\/shanabooks.de\/#\/schema\/logo\/image\/"}}]}},"jetpack_sharing_enabled":true,"_links":{"self":[{"href":"https:\/\/shanabooks.de\/de\/wp-json\/wp\/v2\/product\/11268","targetHints":{"allow":["GET"]}}],"collection":[{"href":"https:\/\/shanabooks.de\/de\/wp-json\/wp\/v2\/product"}],"about":[{"href":"https:\/\/shanabooks.de\/de\/wp-json\/wp\/v2\/types\/product"}],"version-history":[{"count":3,"href":"https:\/\/shanabooks.de\/de\/wp-json\/wp\/v2\/product\/11268\/revisions"}],"predecessor-version":[{"id":11445,"href":"https:\/\/shanabooks.de\/de\/wp-json\/wp\/v2\/product\/11268\/revisions\/11445"}],"wp:featuredmedia":[{"embeddable":true,"href":"https:\/\/shanabooks.de\/de\/wp-json\/wp\/v2\/media\/11269"}],"wp:attachment":[{"href":"https:\/\/shanabooks.de\/de\/wp-json\/wp\/v2\/media?parent=11268"}],"wp:term":[{"taxonomy":"product_brand","embeddable":true,"href":"https:\/\/shanabooks.de\/de\/wp-json\/wp\/v2\/product_brand?post=11268"},{"taxonomy":"product_cat","embeddable":true,"href":"https:\/\/shanabooks.de\/de\/wp-json\/wp\/v2\/product_cat?post=11268"},{"taxonomy":"product_tag","embeddable":true,"href":"https:\/\/shanabooks.de\/de\/wp-json\/wp\/v2\/product_tag?post=11268"}],"curies":[{"name":"wp","href":"https:\/\/api.w.org\/{rel}","templated":true}]}}