{"id":11271,"date":"2024-03-01T21:31:37","date_gmt":"2024-03-01T21:31:37","guid":{"rendered":"https:\/\/shanabooks.de\/?post_type=product&#038;p=11271"},"modified":"2024-07-01T19:52:52","modified_gmt":"2024-07-01T19:52:52","slug":"bira-qedere-mehmed-uzun","status":"publish","type":"product","link":"https:\/\/shanabooks.de\/de\/product\/bira-qedere-mehmed-uzun\/","title":{"rendered":"B\u00eera Qeder\u00ea"},"content":{"rendered":"<p style=\"text-align: left\"><strong>B\u00eera Qeder\u00ea &#8211; Mehmed Uzun<\/strong><\/p>\n<p style=\"text-align: left\">B\u00eera Qeder\u00ea ya Mehmed Uzun ji \u015fanzdeh fotograf\u00ean binemaliya m\u00eer\u00ea kurd Bedir-Xan p\u00eak t\u00ea \u00fb bi mirin\u00ea dest bi vegotin\u00ea dike.<\/p>\n<p style=\"text-align: left\">Pi\u015ft\u00ee mirina Celadet Beg \u00ead\u00ee fotograf\u00ean ku li pey w\u00ee mane dipeyivin. Jiyana w\u00ee ya ku di destp\u00eak\u00ea de qurmi\u00e7\u00ee b\u00fb, bi carek\u00ea ve j\u00eendar dibe \u00fb vediguheze jiyaneke t\u00eakel \u00fb reng\u00een. Di ser\u00ea sedsala b\u00eestem\u00een de, Stembola ku kozmopol\u00eet e, her texl\u00eet milet \u00fb mirov\u00ee di paxila xwe de dihew\u00eene; dibe war\u00ea Celadet\u00ea p\u00ea\u015f\u00een \u00ea jiyan\u00ea. Pa\u015f\u00ea, ew j\u00ee m\u00eena gelek welat\u00ee, n\u00eaz \u00fb nas\u00ean xwe dibe mi\u015fext\u00ee, ji welat\u00ea xwe bi d\u00fbr dikeve, dibe sirg\u00fbn. Saraya Osman\u00ee \u00fb Bab-i Al\u00ee, Pira Galatay\u00ea \u00fb Taxa Kadikoy\u00ea, \u015eer\u00ea C\u00eehan\u00ea, kovara Hawar \u00fb Ronahiya ku dengvedana wan li \u015eam\u00ea deng vedide \u00fb deng\u00ea ziman\u00ea kurd\u00ee digih\u00eene \u00e7ar aliy\u00ea din\u00ea, dibe yek ji wan fotograf \u00fb s\u00fbret\u00ean berbi\u00e7avtir\u00een \u00ean roman\u00ea. Seranser\u00ea jiyana Celadet Beg, bi her away\u00ee ve dibe navenda t\u00eako\u015f\u00een \u00fb zan\u00een, trajed\u00ee \u00fb ev\u00een, war\u00ea keser \u00fb berxwedan\u00ea.<\/p>\n<p style=\"text-align: left\"><strong>Niv\u00eeskar\u00ea Roman\u00ea<\/strong>: Mehmed Uzun li sala 1953\u00ea li gund\u00ea Siw\u00eareka ser bi Rihay\u00ea (Urfay\u00ea) hat dinyay\u00ea. Ji ber xebata w\u00ee ya niv\u00ees\u00eena bi ziman\u00ea dayik\u00ea \u00e7end caran ji aliy\u00ea desthelata tirkan ve hat z\u00eendankirin. Her ji ber wan gef\u00ean li ser jiyana xwe, li hav\u00eena sala 1977\u00ea ji Tirkiy\u00ea derket \u00fb heyameke dir\u00eaj li Sw\u00ead\u00ea ma.<\/p>\n","protected":false},"excerpt":{"rendered":"<p style=\"text-align: center\"><strong>Pirt\u00fbk: B\u00eera Qeder\u00ea<br \/>\nNiv\u00eeskar: Mehmed Uzun<br \/>\nCure: Roman<\/strong><\/p>\n","protected":false},"featured_media":13901,"template":"","meta":{"site-sidebar-layout":"default","site-content-layout":"","ast-site-content-layout":"default","site-content-style":"default","site-sidebar-style":"default","ast-global-header-display":"","ast-banner-title-visibility":"","ast-main-header-display":"","ast-hfb-above-header-display":"","ast-hfb-below-header-display":"","ast-hfb-mobile-header-display":"","site-post-title":"","ast-breadcrumbs-content":"","ast-featured-img":"","footer-sml-layout":"","ast-disable-related-posts":"","theme-transparent-header-meta":"default","adv-header-id-meta":"","stick-header-meta":"","header-above-stick-meta":"","header-main-stick-meta":"","header-below-stick-meta":"","astra-migrate-meta-layouts":"set","ast-page-background-enabled":"default","ast-page-background-meta":{"desktop":{"background-color":"","background-image":"","background-repeat":"repeat","background-position":"center center","background-size":"auto","background-attachment":"scroll","background-type":"","background-media":"","overlay-type":"","overlay-color":"","overlay-opacity":"","overlay-gradient":""},"tablet":{"background-color":"","background-image":"","background-repeat":"repeat","background-position":"center center","background-size":"auto","background-attachment":"scroll","background-type":"","background-media":"","overlay-type":"","overlay-color":"","overlay-opacity":"","overlay-gradient":""},"mobile":{"background-color":"","background-image":"","background-repeat":"repeat","background-position":"center center","background-size":"auto","background-attachment":"scroll","background-type":"","background-media":"","overlay-type":"","overlay-color":"","overlay-opacity":"","overlay-gradient":""}},"ast-content-background-meta":{"desktop":{"background-color":"var(--ast-global-color-5)","background-image":"","background-repeat":"repeat","background-position":"center center","background-size":"auto","background-attachment":"scroll","background-type":"","background-media":"","overlay-type":"","overlay-color":"","overlay-opacity":"","overlay-gradient":""},"tablet":{"background-color":"var(--ast-global-color-5)","background-image":"","background-repeat":"repeat","background-position":"center center","background-size":"auto","background-attachment":"scroll","background-type":"","background-media":"","overlay-type":"","overlay-color":"","overlay-opacity":"","overlay-gradient":""},"mobile":{"background-color":"var(--ast-global-color-5)","background-image":"","background-repeat":"repeat","background-position":"center center","background-size":"auto","background-attachment":"scroll","background-type":"","background-media":"","overlay-type":"","overlay-color":"","overlay-opacity":"","overlay-gradient":""}}},"product_brand":[],"product_cat":[182,193],"product_tag":[],"class_list":{"0":"post-11271","1":"product","2":"type-product","3":"status-publish","4":"has-post-thumbnail","6":"product_cat-_","7":"product_cat--_","8":"pa_-roman","9":"pa_-mehmed-uzun","10":"pa_-kurmanci","11":"pa_--sel","12":"desktop-align-left","13":"tablet-align-left","14":"mobile-align-left","16":"first","17":"outofstock","18":"shipping-taxable","19":"purchasable","20":"product-type-simple"},"yoast_head":"<!-- This site is optimized with the Yoast SEO plugin v27.4 - https:\/\/yoast.com\/product\/yoast-seo-wordpress\/ -->\n<title>B\u00eera Qeder\u00ea - Mehmed Uzun www.shanabooks.de - B\u00eera Qeder\u00ea<\/title>\n<meta name=\"description\" content=\"B\u00eera Qeder\u00ea - Mehmed Uzun B\u00eera Qeder\u00ea ji \u015fanzdeh fotograf\u00ean binemaliya m\u00eer\u00ea kurd Bedir-Xan p\u00eak t\u00ea \u00fb bi mirin\u00ea dest bi vegotin\u00ea dike. Pi\u015ft\u00ee mirina Celadet...\" \/>\n<meta name=\"robots\" content=\"index, follow, max-snippet:-1, max-image-preview:large, max-video-preview:-1\" \/>\n<link rel=\"canonical\" href=\"https:\/\/shanabooks.de\/product\/bira-qedere-mehmed-uzun\/\" \/>\n<meta property=\"og:locale\" content=\"de_DE\" \/>\n<meta property=\"og:type\" content=\"article\" \/>\n<meta property=\"og:title\" content=\"B\u00eera Qeder\u00ea - Mehmed Uzun www.shanabooks.de - B\u00eera Qeder\u00ea\" \/>\n<meta property=\"og:description\" content=\"B\u00eera Qeder\u00ea - Mehmed Uzun B\u00eera Qeder\u00ea ji \u015fanzdeh fotograf\u00ean binemaliya m\u00eer\u00ea kurd Bedir-Xan p\u00eak t\u00ea \u00fb bi mirin\u00ea dest bi vegotin\u00ea dike. Pi\u015ft\u00ee mirina Celadet...\" \/>\n<meta property=\"og:url\" content=\"https:\/\/shanabooks.de\/product\/bira-qedere-mehmed-uzun\/\" \/>\n<meta property=\"og:site_name\" content=\"www.shanabooks.de\" \/>\n<meta property=\"article:modified_time\" content=\"2024-07-01T19:52:52+00:00\" \/>\n<meta property=\"og:image\" content=\"https:\/\/shanabooks.de\/wp-content\/uploads\/2024\/03\/bira-Qedere-Uzun.webp\" \/>\n\t<meta property=\"og:image:width\" content=\"196\" \/>\n\t<meta property=\"og:image:height\" content=\"300\" \/>\n\t<meta property=\"og:image:type\" content=\"image\/webp\" \/>\n<meta name=\"twitter:card\" content=\"summary_large_image\" \/>\n<meta name=\"twitter:label1\" content=\"Gesch\u00e4tzte Lesezeit\" \/>\n\t<meta name=\"twitter:data1\" content=\"2\u00a0Minuten\" \/>\n<script type=\"application\/ld+json\" class=\"yoast-schema-graph\">{\"@context\":\"https:\\\/\\\/schema.org\",\"@graph\":[{\"@type\":\"WebPage\",\"@id\":\"https:\\\/\\\/shanabooks.de\\\/product\\\/bira-qedere-mehmed-uzun\\\/\",\"url\":\"https:\\\/\\\/shanabooks.de\\\/product\\\/bira-qedere-mehmed-uzun\\\/\",\"name\":\"B\u00eera Qeder\u00ea - Mehmed Uzun www.shanabooks.de - B\u00eera Qeder\u00ea\",\"isPartOf\":{\"@id\":\"https:\\\/\\\/shanabooks.de\\\/#website\"},\"primaryImageOfPage\":{\"@id\":\"https:\\\/\\\/shanabooks.de\\\/product\\\/bira-qedere-mehmed-uzun\\\/#primaryimage\"},\"image\":{\"@id\":\"https:\\\/\\\/shanabooks.de\\\/product\\\/bira-qedere-mehmed-uzun\\\/#primaryimage\"},\"thumbnailUrl\":\"https:\\\/\\\/shanabooks.de\\\/wp-content\\\/uploads\\\/2024\\\/03\\\/bira-Qedere-Uzun.webp\",\"datePublished\":\"2024-03-01T21:31:37+00:00\",\"dateModified\":\"2024-07-01T19:52:52+00:00\",\"description\":\"B\u00eera Qeder\u00ea - Mehmed Uzun B\u00eera Qeder\u00ea ji \u015fanzdeh fotograf\u00ean binemaliya m\u00eer\u00ea kurd Bedir-Xan p\u00eak t\u00ea \u00fb bi mirin\u00ea dest bi vegotin\u00ea dike. Pi\u015ft\u00ee mirina Celadet...\",\"breadcrumb\":{\"@id\":\"https:\\\/\\\/shanabooks.de\\\/product\\\/bira-qedere-mehmed-uzun\\\/#breadcrumb\"},\"inLanguage\":\"de\",\"potentialAction\":[{\"@type\":\"ReadAction\",\"target\":[\"https:\\\/\\\/shanabooks.de\\\/product\\\/bira-qedere-mehmed-uzun\\\/\"]}]},{\"@type\":\"ImageObject\",\"inLanguage\":\"de\",\"@id\":\"https:\\\/\\\/shanabooks.de\\\/product\\\/bira-qedere-mehmed-uzun\\\/#primaryimage\",\"url\":\"https:\\\/\\\/shanabooks.de\\\/wp-content\\\/uploads\\\/2024\\\/03\\\/bira-Qedere-Uzun.webp\",\"contentUrl\":\"https:\\\/\\\/shanabooks.de\\\/wp-content\\\/uploads\\\/2024\\\/03\\\/bira-Qedere-Uzun.webp\",\"width\":196,\"height\":300,\"caption\":\"B\u00eera Qeder\u00ea- Mehmed Uzun - pirt\u00fbk\u00ean kurd\u00ee\"},{\"@type\":\"BreadcrumbList\",\"@id\":\"https:\\\/\\\/shanabooks.de\\\/product\\\/bira-qedere-mehmed-uzun\\\/#breadcrumb\",\"itemListElement\":[{\"@type\":\"ListItem\",\"position\":1,\"name\":\"\u0627\u0644\u0631\u0626\u064a\u0633\u064a\u0629\",\"item\":\"https:\\\/\\\/shanabooks.de\\\/de\\\/\"},{\"@type\":\"ListItem\",\"position\":2,\"name\":\"\u0627\u0644\u0645\u0646\u062a\u062c\u0627\u062a\",\"item\":\"https:\\\/\\\/shanabooks.de\\\/shop\\\/\"},{\"@type\":\"ListItem\",\"position\":3,\"name\":\"B\u00eera Qeder\u00ea\"}]},{\"@type\":\"WebSite\",\"@id\":\"https:\\\/\\\/shanabooks.de\\\/#website\",\"url\":\"https:\\\/\\\/shanabooks.de\\\/\",\"name\":\"www.shanbooks.de\",\"description\":\"C\u00eehana Pirt\u00fbk\u00ean Kurd\u00ee \u0645\u0643\u062a\u0628\u0629 \u0634\u0627\u0646\u0627 \u0641\u064a \u0627\u0644\u0645\u0627\u0646\u064a\u0627 \u0648\u0623\u0648\u0631\u0628\u0627\",\"publisher\":{\"@id\":\"https:\\\/\\\/shanabooks.de\\\/#organization\"},\"potentialAction\":[{\"@type\":\"SearchAction\",\"target\":{\"@type\":\"EntryPoint\",\"urlTemplate\":\"https:\\\/\\\/shanabooks.de\\\/?s={search_term_string}\"},\"query-input\":{\"@type\":\"PropertyValueSpecification\",\"valueRequired\":true,\"valueName\":\"search_term_string\"}}],\"inLanguage\":\"de\"},{\"@type\":\"Organization\",\"@id\":\"https:\\\/\\\/shanabooks.de\\\/#organization\",\"name\":\"www.shanbooks.de\",\"url\":\"https:\\\/\\\/shanabooks.de\\\/\",\"logo\":{\"@type\":\"ImageObject\",\"inLanguage\":\"de\",\"@id\":\"https:\\\/\\\/shanabooks.de\\\/#\\\/schema\\\/logo\\\/image\\\/\",\"url\":\"https:\\\/\\\/shanabooks.de\\\/wp-content\\\/uploads\\\/2024\\\/03\\\/SHANABOOKS__2_-removebg-preview.png\",\"contentUrl\":\"https:\\\/\\\/shanabooks.de\\\/wp-content\\\/uploads\\\/2024\\\/03\\\/SHANABOOKS__2_-removebg-preview.png\",\"width\":700,\"height\":150,\"caption\":\"www.shanbooks.de\"},\"image\":{\"@id\":\"https:\\\/\\\/shanabooks.de\\\/#\\\/schema\\\/logo\\\/image\\\/\"}}]}<\/script>\n<!-- \/ Yoast SEO plugin. -->","yoast_head_json":{"title":"B\u00eera Qeder\u00ea - Mehmed Uzun www.shanabooks.de - B\u00eera Qeder\u00ea","description":"B\u00eera Qeder\u00ea - Mehmed Uzun B\u00eera Qeder\u00ea ji \u015fanzdeh fotograf\u00ean binemaliya m\u00eer\u00ea kurd Bedir-Xan p\u00eak t\u00ea \u00fb bi mirin\u00ea dest bi vegotin\u00ea dike. Pi\u015ft\u00ee mirina Celadet...","robots":{"index":"index","follow":"follow","max-snippet":"max-snippet:-1","max-image-preview":"max-image-preview:large","max-video-preview":"max-video-preview:-1"},"canonical":"https:\/\/shanabooks.de\/product\/bira-qedere-mehmed-uzun\/","og_locale":"de_DE","og_type":"article","og_title":"B\u00eera Qeder\u00ea - Mehmed Uzun www.shanabooks.de - B\u00eera Qeder\u00ea","og_description":"B\u00eera Qeder\u00ea - Mehmed Uzun B\u00eera Qeder\u00ea ji \u015fanzdeh fotograf\u00ean binemaliya m\u00eer\u00ea kurd Bedir-Xan p\u00eak t\u00ea \u00fb bi mirin\u00ea dest bi vegotin\u00ea dike. Pi\u015ft\u00ee mirina Celadet...","og_url":"https:\/\/shanabooks.de\/product\/bira-qedere-mehmed-uzun\/","og_site_name":"www.shanabooks.de","article_modified_time":"2024-07-01T19:52:52+00:00","og_image":[{"width":196,"height":300,"url":"https:\/\/shanabooks.de\/wp-content\/uploads\/2024\/03\/bira-Qedere-Uzun.webp","type":"image\/webp"}],"twitter_card":"summary_large_image","twitter_misc":{"Gesch\u00e4tzte Lesezeit":"2\u00a0Minuten"},"schema":{"@context":"https:\/\/schema.org","@graph":[{"@type":"WebPage","@id":"https:\/\/shanabooks.de\/product\/bira-qedere-mehmed-uzun\/","url":"https:\/\/shanabooks.de\/product\/bira-qedere-mehmed-uzun\/","name":"B\u00eera Qeder\u00ea - Mehmed Uzun www.shanabooks.de - B\u00eera Qeder\u00ea","isPartOf":{"@id":"https:\/\/shanabooks.de\/#website"},"primaryImageOfPage":{"@id":"https:\/\/shanabooks.de\/product\/bira-qedere-mehmed-uzun\/#primaryimage"},"image":{"@id":"https:\/\/shanabooks.de\/product\/bira-qedere-mehmed-uzun\/#primaryimage"},"thumbnailUrl":"https:\/\/shanabooks.de\/wp-content\/uploads\/2024\/03\/bira-Qedere-Uzun.webp","datePublished":"2024-03-01T21:31:37+00:00","dateModified":"2024-07-01T19:52:52+00:00","description":"B\u00eera Qeder\u00ea - Mehmed Uzun B\u00eera Qeder\u00ea ji \u015fanzdeh fotograf\u00ean binemaliya m\u00eer\u00ea kurd Bedir-Xan p\u00eak t\u00ea \u00fb bi mirin\u00ea dest bi vegotin\u00ea dike. Pi\u015ft\u00ee mirina Celadet...","breadcrumb":{"@id":"https:\/\/shanabooks.de\/product\/bira-qedere-mehmed-uzun\/#breadcrumb"},"inLanguage":"de","potentialAction":[{"@type":"ReadAction","target":["https:\/\/shanabooks.de\/product\/bira-qedere-mehmed-uzun\/"]}]},{"@type":"ImageObject","inLanguage":"de","@id":"https:\/\/shanabooks.de\/product\/bira-qedere-mehmed-uzun\/#primaryimage","url":"https:\/\/shanabooks.de\/wp-content\/uploads\/2024\/03\/bira-Qedere-Uzun.webp","contentUrl":"https:\/\/shanabooks.de\/wp-content\/uploads\/2024\/03\/bira-Qedere-Uzun.webp","width":196,"height":300,"caption":"B\u00eera Qeder\u00ea- Mehmed Uzun - pirt\u00fbk\u00ean kurd\u00ee"},{"@type":"BreadcrumbList","@id":"https:\/\/shanabooks.de\/product\/bira-qedere-mehmed-uzun\/#breadcrumb","itemListElement":[{"@type":"ListItem","position":1,"name":"\u0627\u0644\u0631\u0626\u064a\u0633\u064a\u0629","item":"https:\/\/shanabooks.de\/de\/"},{"@type":"ListItem","position":2,"name":"\u0627\u0644\u0645\u0646\u062a\u062c\u0627\u062a","item":"https:\/\/shanabooks.de\/shop\/"},{"@type":"ListItem","position":3,"name":"B\u00eera Qeder\u00ea"}]},{"@type":"WebSite","@id":"https:\/\/shanabooks.de\/#website","url":"https:\/\/shanabooks.de\/","name":"www.shanbooks.de","description":"C\u00eehana Pirt\u00fbk\u00ean Kurd\u00ee \u0645\u0643\u062a\u0628\u0629 \u0634\u0627\u0646\u0627 \u0641\u064a \u0627\u0644\u0645\u0627\u0646\u064a\u0627 \u0648\u0623\u0648\u0631\u0628\u0627","publisher":{"@id":"https:\/\/shanabooks.de\/#organization"},"potentialAction":[{"@type":"SearchAction","target":{"@type":"EntryPoint","urlTemplate":"https:\/\/shanabooks.de\/?s={search_term_string}"},"query-input":{"@type":"PropertyValueSpecification","valueRequired":true,"valueName":"search_term_string"}}],"inLanguage":"de"},{"@type":"Organization","@id":"https:\/\/shanabooks.de\/#organization","name":"www.shanbooks.de","url":"https:\/\/shanabooks.de\/","logo":{"@type":"ImageObject","inLanguage":"de","@id":"https:\/\/shanabooks.de\/#\/schema\/logo\/image\/","url":"https:\/\/shanabooks.de\/wp-content\/uploads\/2024\/03\/SHANABOOKS__2_-removebg-preview.png","contentUrl":"https:\/\/shanabooks.de\/wp-content\/uploads\/2024\/03\/SHANABOOKS__2_-removebg-preview.png","width":700,"height":150,"caption":"www.shanbooks.de"},"image":{"@id":"https:\/\/shanabooks.de\/#\/schema\/logo\/image\/"}}]}},"jetpack_sharing_enabled":true,"_links":{"self":[{"href":"https:\/\/shanabooks.de\/de\/wp-json\/wp\/v2\/product\/11271","targetHints":{"allow":["GET"]}}],"collection":[{"href":"https:\/\/shanabooks.de\/de\/wp-json\/wp\/v2\/product"}],"about":[{"href":"https:\/\/shanabooks.de\/de\/wp-json\/wp\/v2\/types\/product"}],"version-history":[{"count":3,"href":"https:\/\/shanabooks.de\/de\/wp-json\/wp\/v2\/product\/11271\/revisions"}],"predecessor-version":[{"id":13902,"href":"https:\/\/shanabooks.de\/de\/wp-json\/wp\/v2\/product\/11271\/revisions\/13902"}],"wp:featuredmedia":[{"embeddable":true,"href":"https:\/\/shanabooks.de\/de\/wp-json\/wp\/v2\/media\/13901"}],"wp:attachment":[{"href":"https:\/\/shanabooks.de\/de\/wp-json\/wp\/v2\/media?parent=11271"}],"wp:term":[{"taxonomy":"product_brand","embeddable":true,"href":"https:\/\/shanabooks.de\/de\/wp-json\/wp\/v2\/product_brand?post=11271"},{"taxonomy":"product_cat","embeddable":true,"href":"https:\/\/shanabooks.de\/de\/wp-json\/wp\/v2\/product_cat?post=11271"},{"taxonomy":"product_tag","embeddable":true,"href":"https:\/\/shanabooks.de\/de\/wp-json\/wp\/v2\/product_tag?post=11271"}],"curies":[{"name":"wp","href":"https:\/\/api.w.org\/{rel}","templated":true}]}}