{"id":11293,"date":"2024-03-01T22:29:51","date_gmt":"2024-03-01T22:29:51","guid":{"rendered":"https:\/\/shanabooks.de\/?post_type=product&#038;p=11293"},"modified":"2026-02-22T19:26:07","modified_gmt":"2026-02-22T19:26:07","slug":"siya-evine-mehmed-uzun","status":"publish","type":"product","link":"https:\/\/shanabooks.de\/de\/product\/siya-evine-mehmed-uzun\/","title":{"rendered":"Siya Ev\u00een\u00ea"},"content":{"rendered":"<p style=\"text-align: left;\"><strong>Siya Ev\u00een\u00ea &#8211; Mehmed Uzun<\/strong><\/p>\n<p style=\"text-align: left;\">Romana Siya Ev\u00een\u00ea ya Mehmed Uzun, romana fragman\u00ean jiyana ronakb\u00eer\u00ea kurd Memd\u00fbh Sel\u00eem Beg\u00ea Wan\u00ee ye. Roj\u00ean Wan\u00ea, y\u00ean Stembol, Antaqiyay\u00ea \u00fb pa\u015f\u00ea y\u00ean sirg\u00fbn\u00ee \u00fb d\u00fbrmay\u00een\u00ea. Ev\u00eendar\u00ea Pira Galatay\u00ea \u00fb ke\u00e7a \u00e7erkes Fer\u00eehay\u00ea. Di v\u00ea roman\u00ea de j\u00ee qedera ronakb\u00eer\u00ea kurd naguhere; her keserk\u00fbr \u00fb b\u00eagavmay\u00ee ye. Sirg\u00fbn, b\u00eamiradiya ev\u00eena n\u00eevcomay\u00ee, t\u00eak\u00e7\u00fbn, b\u00ea\u00e7areb\u00fbn \u00fb welat\u00ea xer\u00eebiy\u00ea dibe navenda jiyana Memd\u00fbh Sel\u00eem Beg \u00fb ew li dor\u00ea \u00e7erx dibe.<\/p>\n<p style=\"text-align: left;\">Mehmed Uzun li sala 1953\u00ea li gund\u00ea Siw\u00eareka ser bi Rihay\u00ea (Urfay\u00ea) hat dinyay\u00ea. Ji ber xebata w\u00ee ya niv\u00ees\u00eena bi ziman\u00ea dayik\u00ea \u00e7end caran ji aliy\u00ea desthelata tirkan ve hat z\u00eendankirin. Her ji ber wan gef\u00ean li ser jiyana xwe, li hav\u00eena sala 1977\u00ea ji Tirkiy\u00ea derket \u00fb heyameke dir\u00eaj li Sw\u00ead\u00ea ma.<\/p>\n","protected":false},"excerpt":{"rendered":"<p style=\"text-align: center;\"><strong>Pirt\u00fbk: Siya Ev\u00een\u00ea<br \/>\nNiv\u00eeskar: Mehmed Uzun<br \/>\nCure: Roman<\/strong><\/p>\n","protected":false},"featured_media":11318,"template":"","meta":{"site-sidebar-layout":"default","site-content-layout":"","ast-site-content-layout":"default","site-content-style":"default","site-sidebar-style":"default","ast-global-header-display":"","ast-banner-title-visibility":"","ast-main-header-display":"","ast-hfb-above-header-display":"","ast-hfb-below-header-display":"","ast-hfb-mobile-header-display":"","site-post-title":"","ast-breadcrumbs-content":"","ast-featured-img":"","footer-sml-layout":"","ast-disable-related-posts":"","theme-transparent-header-meta":"default","adv-header-id-meta":"","stick-header-meta":"","header-above-stick-meta":"","header-main-stick-meta":"","header-below-stick-meta":"","astra-migrate-meta-layouts":"set","ast-page-background-enabled":"default","ast-page-background-meta":{"desktop":{"background-color":"","background-image":"","background-repeat":"repeat","background-position":"center center","background-size":"auto","background-attachment":"scroll","background-type":"","background-media":"","overlay-type":"","overlay-color":"","overlay-opacity":"","overlay-gradient":""},"tablet":{"background-color":"","background-image":"","background-repeat":"repeat","background-position":"center center","background-size":"auto","background-attachment":"scroll","background-type":"","background-media":"","overlay-type":"","overlay-color":"","overlay-opacity":"","overlay-gradient":""},"mobile":{"background-color":"","background-image":"","background-repeat":"repeat","background-position":"center center","background-size":"auto","background-attachment":"scroll","background-type":"","background-media":"","overlay-type":"","overlay-color":"","overlay-opacity":"","overlay-gradient":""}},"ast-content-background-meta":{"desktop":{"background-color":"var(--ast-global-color-5)","background-image":"","background-repeat":"repeat","background-position":"center center","background-size":"auto","background-attachment":"scroll","background-type":"","background-media":"","overlay-type":"","overlay-color":"","overlay-opacity":"","overlay-gradient":""},"tablet":{"background-color":"var(--ast-global-color-5)","background-image":"","background-repeat":"repeat","background-position":"center center","background-size":"auto","background-attachment":"scroll","background-type":"","background-media":"","overlay-type":"","overlay-color":"","overlay-opacity":"","overlay-gradient":""},"mobile":{"background-color":"var(--ast-global-color-5)","background-image":"","background-repeat":"repeat","background-position":"center center","background-size":"auto","background-attachment":"scroll","background-type":"","background-media":"","overlay-type":"","overlay-color":"","overlay-opacity":"","overlay-gradient":""}}},"product_brand":[],"product_cat":[182,193],"product_tag":[],"class_list":{"0":"post-11293","1":"product","2":"type-product","3":"status-publish","4":"has-post-thumbnail","6":"product_cat-_","7":"product_cat--_","8":"pa_-roman","9":"pa_-mehmed-uzun","10":"pa_-kurmanci","11":"pa_--sel","12":"desktop-align-left","13":"tablet-align-left","14":"mobile-align-left","16":"first","17":"outofstock","18":"shipping-taxable","19":"purchasable","20":"product-type-simple"},"yoast_head":"<!-- This site is optimized with the Yoast SEO plugin v27.4 - https:\/\/yoast.com\/product\/yoast-seo-wordpress\/ -->\n<title>Siya Ev\u00een\u00ea - Mehmed Uzun Siya Ev\u00een\u00ea - www.shanabooks.de<\/title>\n<meta name=\"description\" content=\"Siya Ev\u00een\u00ea - Mehmed Uzun Siya Ev\u00een\u00ea, romana fragman\u00ean jiyana ronakb\u00eer\u00ea kurd Memd\u00fbh Sel\u00eem Beg\u00ea Wan\u00ee ye. Roj\u00ean Wan\u00ea, y\u00ean Stembol, Antaqiyay\u00ea \u00fb pa\u015f\u00ea y\u00ean ...\" \/>\n<meta name=\"robots\" content=\"index, follow, max-snippet:-1, max-image-preview:large, max-video-preview:-1\" \/>\n<link rel=\"canonical\" href=\"https:\/\/shanabooks.de\/product\/siya-evine-mehmed-uzun\/\" \/>\n<meta property=\"og:locale\" content=\"de_DE\" \/>\n<meta property=\"og:type\" content=\"article\" \/>\n<meta property=\"og:title\" content=\"Siya Ev\u00een\u00ea - Mehmed Uzun Siya Ev\u00een\u00ea - www.shanabooks.de\" \/>\n<meta property=\"og:description\" content=\"Siya Ev\u00een\u00ea - Mehmed Uzun Siya Ev\u00een\u00ea, romana fragman\u00ean jiyana ronakb\u00eer\u00ea kurd Memd\u00fbh Sel\u00eem Beg\u00ea Wan\u00ee ye. Roj\u00ean Wan\u00ea, y\u00ean Stembol, Antaqiyay\u00ea \u00fb pa\u015f\u00ea y\u00ean ...\" \/>\n<meta property=\"og:url\" content=\"https:\/\/shanabooks.de\/product\/siya-evine-mehmed-uzun\/\" \/>\n<meta property=\"og:site_name\" content=\"www.shanabooks.de\" \/>\n<meta property=\"article:modified_time\" content=\"2026-02-22T19:26:07+00:00\" \/>\n<meta property=\"og:image\" content=\"https:\/\/shanabooks.de\/wp-content\/uploads\/2024\/03\/siya-evine.jpg\" \/>\n\t<meta property=\"og:image:width\" content=\"344\" \/>\n\t<meta property=\"og:image:height\" content=\"501\" \/>\n\t<meta property=\"og:image:type\" content=\"image\/jpeg\" \/>\n<meta name=\"twitter:card\" content=\"summary_large_image\" \/>\n<meta name=\"twitter:label1\" content=\"Gesch\u00e4tzte Lesezeit\" \/>\n\t<meta name=\"twitter:data1\" content=\"2\u00a0Minuten\" \/>\n<script type=\"application\/ld+json\" class=\"yoast-schema-graph\">{\"@context\":\"https:\\\/\\\/schema.org\",\"@graph\":[{\"@type\":\"WebPage\",\"@id\":\"https:\\\/\\\/shanabooks.de\\\/product\\\/siya-evine-mehmed-uzun\\\/\",\"url\":\"https:\\\/\\\/shanabooks.de\\\/product\\\/siya-evine-mehmed-uzun\\\/\",\"name\":\"Siya Ev\u00een\u00ea - Mehmed Uzun Siya Ev\u00een\u00ea - www.shanabooks.de\",\"isPartOf\":{\"@id\":\"https:\\\/\\\/shanabooks.de\\\/#website\"},\"primaryImageOfPage\":{\"@id\":\"https:\\\/\\\/shanabooks.de\\\/product\\\/siya-evine-mehmed-uzun\\\/#primaryimage\"},\"image\":{\"@id\":\"https:\\\/\\\/shanabooks.de\\\/product\\\/siya-evine-mehmed-uzun\\\/#primaryimage\"},\"thumbnailUrl\":\"https:\\\/\\\/shanabooks.de\\\/wp-content\\\/uploads\\\/2024\\\/03\\\/siya-evine.jpg\",\"datePublished\":\"2024-03-01T22:29:51+00:00\",\"dateModified\":\"2026-02-22T19:26:07+00:00\",\"description\":\"Siya Ev\u00een\u00ea - Mehmed Uzun Siya Ev\u00een\u00ea, romana fragman\u00ean jiyana ronakb\u00eer\u00ea kurd Memd\u00fbh Sel\u00eem Beg\u00ea Wan\u00ee ye. Roj\u00ean Wan\u00ea, y\u00ean Stembol, Antaqiyay\u00ea \u00fb pa\u015f\u00ea y\u00ean ...\",\"breadcrumb\":{\"@id\":\"https:\\\/\\\/shanabooks.de\\\/product\\\/siya-evine-mehmed-uzun\\\/#breadcrumb\"},\"inLanguage\":\"de\",\"potentialAction\":[{\"@type\":\"ReadAction\",\"target\":[\"https:\\\/\\\/shanabooks.de\\\/product\\\/siya-evine-mehmed-uzun\\\/\"]}]},{\"@type\":\"ImageObject\",\"inLanguage\":\"de\",\"@id\":\"https:\\\/\\\/shanabooks.de\\\/product\\\/siya-evine-mehmed-uzun\\\/#primaryimage\",\"url\":\"https:\\\/\\\/shanabooks.de\\\/wp-content\\\/uploads\\\/2024\\\/03\\\/siya-evine.jpg\",\"contentUrl\":\"https:\\\/\\\/shanabooks.de\\\/wp-content\\\/uploads\\\/2024\\\/03\\\/siya-evine.jpg\",\"width\":344,\"height\":501,\"caption\":\"Siya Ev\u00een\u00ea - Mehmed Uzun- Pirt\u00fbk\u00ean Kurd\u00ee\"},{\"@type\":\"BreadcrumbList\",\"@id\":\"https:\\\/\\\/shanabooks.de\\\/product\\\/siya-evine-mehmed-uzun\\\/#breadcrumb\",\"itemListElement\":[{\"@type\":\"ListItem\",\"position\":1,\"name\":\"\u0627\u0644\u0631\u0626\u064a\u0633\u064a\u0629\",\"item\":\"https:\\\/\\\/shanabooks.de\\\/de\\\/\"},{\"@type\":\"ListItem\",\"position\":2,\"name\":\"\u0627\u0644\u0645\u0646\u062a\u062c\u0627\u062a\",\"item\":\"https:\\\/\\\/shanabooks.de\\\/shop\\\/\"},{\"@type\":\"ListItem\",\"position\":3,\"name\":\"Siya Ev\u00een\u00ea\"}]},{\"@type\":\"WebSite\",\"@id\":\"https:\\\/\\\/shanabooks.de\\\/#website\",\"url\":\"https:\\\/\\\/shanabooks.de\\\/\",\"name\":\"www.shanbooks.de\",\"description\":\"C\u00eehana Pirt\u00fbk\u00ean Kurd\u00ee \u0645\u0643\u062a\u0628\u0629 \u0634\u0627\u0646\u0627 \u0641\u064a \u0627\u0644\u0645\u0627\u0646\u064a\u0627 \u0648\u0623\u0648\u0631\u0628\u0627\",\"publisher\":{\"@id\":\"https:\\\/\\\/shanabooks.de\\\/#organization\"},\"potentialAction\":[{\"@type\":\"SearchAction\",\"target\":{\"@type\":\"EntryPoint\",\"urlTemplate\":\"https:\\\/\\\/shanabooks.de\\\/?s={search_term_string}\"},\"query-input\":{\"@type\":\"PropertyValueSpecification\",\"valueRequired\":true,\"valueName\":\"search_term_string\"}}],\"inLanguage\":\"de\"},{\"@type\":\"Organization\",\"@id\":\"https:\\\/\\\/shanabooks.de\\\/#organization\",\"name\":\"www.shanbooks.de\",\"url\":\"https:\\\/\\\/shanabooks.de\\\/\",\"logo\":{\"@type\":\"ImageObject\",\"inLanguage\":\"de\",\"@id\":\"https:\\\/\\\/shanabooks.de\\\/#\\\/schema\\\/logo\\\/image\\\/\",\"url\":\"https:\\\/\\\/shanabooks.de\\\/wp-content\\\/uploads\\\/2024\\\/03\\\/SHANABOOKS__2_-removebg-preview.png\",\"contentUrl\":\"https:\\\/\\\/shanabooks.de\\\/wp-content\\\/uploads\\\/2024\\\/03\\\/SHANABOOKS__2_-removebg-preview.png\",\"width\":700,\"height\":150,\"caption\":\"www.shanbooks.de\"},\"image\":{\"@id\":\"https:\\\/\\\/shanabooks.de\\\/#\\\/schema\\\/logo\\\/image\\\/\"}}]}<\/script>\n<!-- \/ Yoast SEO plugin. -->","yoast_head_json":{"title":"Siya Ev\u00een\u00ea - Mehmed Uzun Siya Ev\u00een\u00ea - www.shanabooks.de","description":"Siya Ev\u00een\u00ea - Mehmed Uzun Siya Ev\u00een\u00ea, romana fragman\u00ean jiyana ronakb\u00eer\u00ea kurd Memd\u00fbh Sel\u00eem Beg\u00ea Wan\u00ee ye. Roj\u00ean Wan\u00ea, y\u00ean Stembol, Antaqiyay\u00ea \u00fb pa\u015f\u00ea y\u00ean ...","robots":{"index":"index","follow":"follow","max-snippet":"max-snippet:-1","max-image-preview":"max-image-preview:large","max-video-preview":"max-video-preview:-1"},"canonical":"https:\/\/shanabooks.de\/product\/siya-evine-mehmed-uzun\/","og_locale":"de_DE","og_type":"article","og_title":"Siya Ev\u00een\u00ea - Mehmed Uzun Siya Ev\u00een\u00ea - www.shanabooks.de","og_description":"Siya Ev\u00een\u00ea - Mehmed Uzun Siya Ev\u00een\u00ea, romana fragman\u00ean jiyana ronakb\u00eer\u00ea kurd Memd\u00fbh Sel\u00eem Beg\u00ea Wan\u00ee ye. Roj\u00ean Wan\u00ea, y\u00ean Stembol, Antaqiyay\u00ea \u00fb pa\u015f\u00ea y\u00ean ...","og_url":"https:\/\/shanabooks.de\/product\/siya-evine-mehmed-uzun\/","og_site_name":"www.shanabooks.de","article_modified_time":"2026-02-22T19:26:07+00:00","og_image":[{"width":344,"height":501,"url":"https:\/\/shanabooks.de\/wp-content\/uploads\/2024\/03\/siya-evine.jpg","type":"image\/jpeg"}],"twitter_card":"summary_large_image","twitter_misc":{"Gesch\u00e4tzte Lesezeit":"2\u00a0Minuten"},"schema":{"@context":"https:\/\/schema.org","@graph":[{"@type":"WebPage","@id":"https:\/\/shanabooks.de\/product\/siya-evine-mehmed-uzun\/","url":"https:\/\/shanabooks.de\/product\/siya-evine-mehmed-uzun\/","name":"Siya Ev\u00een\u00ea - Mehmed Uzun Siya Ev\u00een\u00ea - www.shanabooks.de","isPartOf":{"@id":"https:\/\/shanabooks.de\/#website"},"primaryImageOfPage":{"@id":"https:\/\/shanabooks.de\/product\/siya-evine-mehmed-uzun\/#primaryimage"},"image":{"@id":"https:\/\/shanabooks.de\/product\/siya-evine-mehmed-uzun\/#primaryimage"},"thumbnailUrl":"https:\/\/shanabooks.de\/wp-content\/uploads\/2024\/03\/siya-evine.jpg","datePublished":"2024-03-01T22:29:51+00:00","dateModified":"2026-02-22T19:26:07+00:00","description":"Siya Ev\u00een\u00ea - Mehmed Uzun Siya Ev\u00een\u00ea, romana fragman\u00ean jiyana ronakb\u00eer\u00ea kurd Memd\u00fbh Sel\u00eem Beg\u00ea Wan\u00ee ye. Roj\u00ean Wan\u00ea, y\u00ean Stembol, Antaqiyay\u00ea \u00fb pa\u015f\u00ea y\u00ean ...","breadcrumb":{"@id":"https:\/\/shanabooks.de\/product\/siya-evine-mehmed-uzun\/#breadcrumb"},"inLanguage":"de","potentialAction":[{"@type":"ReadAction","target":["https:\/\/shanabooks.de\/product\/siya-evine-mehmed-uzun\/"]}]},{"@type":"ImageObject","inLanguage":"de","@id":"https:\/\/shanabooks.de\/product\/siya-evine-mehmed-uzun\/#primaryimage","url":"https:\/\/shanabooks.de\/wp-content\/uploads\/2024\/03\/siya-evine.jpg","contentUrl":"https:\/\/shanabooks.de\/wp-content\/uploads\/2024\/03\/siya-evine.jpg","width":344,"height":501,"caption":"Siya Ev\u00een\u00ea - Mehmed Uzun- Pirt\u00fbk\u00ean Kurd\u00ee"},{"@type":"BreadcrumbList","@id":"https:\/\/shanabooks.de\/product\/siya-evine-mehmed-uzun\/#breadcrumb","itemListElement":[{"@type":"ListItem","position":1,"name":"\u0627\u0644\u0631\u0626\u064a\u0633\u064a\u0629","item":"https:\/\/shanabooks.de\/de\/"},{"@type":"ListItem","position":2,"name":"\u0627\u0644\u0645\u0646\u062a\u062c\u0627\u062a","item":"https:\/\/shanabooks.de\/shop\/"},{"@type":"ListItem","position":3,"name":"Siya Ev\u00een\u00ea"}]},{"@type":"WebSite","@id":"https:\/\/shanabooks.de\/#website","url":"https:\/\/shanabooks.de\/","name":"www.shanbooks.de","description":"C\u00eehana Pirt\u00fbk\u00ean Kurd\u00ee \u0645\u0643\u062a\u0628\u0629 \u0634\u0627\u0646\u0627 \u0641\u064a \u0627\u0644\u0645\u0627\u0646\u064a\u0627 \u0648\u0623\u0648\u0631\u0628\u0627","publisher":{"@id":"https:\/\/shanabooks.de\/#organization"},"potentialAction":[{"@type":"SearchAction","target":{"@type":"EntryPoint","urlTemplate":"https:\/\/shanabooks.de\/?s={search_term_string}"},"query-input":{"@type":"PropertyValueSpecification","valueRequired":true,"valueName":"search_term_string"}}],"inLanguage":"de"},{"@type":"Organization","@id":"https:\/\/shanabooks.de\/#organization","name":"www.shanbooks.de","url":"https:\/\/shanabooks.de\/","logo":{"@type":"ImageObject","inLanguage":"de","@id":"https:\/\/shanabooks.de\/#\/schema\/logo\/image\/","url":"https:\/\/shanabooks.de\/wp-content\/uploads\/2024\/03\/SHANABOOKS__2_-removebg-preview.png","contentUrl":"https:\/\/shanabooks.de\/wp-content\/uploads\/2024\/03\/SHANABOOKS__2_-removebg-preview.png","width":700,"height":150,"caption":"www.shanbooks.de"},"image":{"@id":"https:\/\/shanabooks.de\/#\/schema\/logo\/image\/"}}]}},"jetpack_sharing_enabled":true,"_links":{"self":[{"href":"https:\/\/shanabooks.de\/de\/wp-json\/wp\/v2\/product\/11293","targetHints":{"allow":["GET"]}}],"collection":[{"href":"https:\/\/shanabooks.de\/de\/wp-json\/wp\/v2\/product"}],"about":[{"href":"https:\/\/shanabooks.de\/de\/wp-json\/wp\/v2\/types\/product"}],"version-history":[{"count":4,"href":"https:\/\/shanabooks.de\/de\/wp-json\/wp\/v2\/product\/11293\/revisions"}],"predecessor-version":[{"id":11443,"href":"https:\/\/shanabooks.de\/de\/wp-json\/wp\/v2\/product\/11293\/revisions\/11443"}],"wp:featuredmedia":[{"embeddable":true,"href":"https:\/\/shanabooks.de\/de\/wp-json\/wp\/v2\/media\/11318"}],"wp:attachment":[{"href":"https:\/\/shanabooks.de\/de\/wp-json\/wp\/v2\/media?parent=11293"}],"wp:term":[{"taxonomy":"product_brand","embeddable":true,"href":"https:\/\/shanabooks.de\/de\/wp-json\/wp\/v2\/product_brand?post=11293"},{"taxonomy":"product_cat","embeddable":true,"href":"https:\/\/shanabooks.de\/de\/wp-json\/wp\/v2\/product_cat?post=11293"},{"taxonomy":"product_tag","embeddable":true,"href":"https:\/\/shanabooks.de\/de\/wp-json\/wp\/v2\/product_tag?post=11293"}],"curies":[{"name":"wp","href":"https:\/\/api.w.org\/{rel}","templated":true}]}}