{"id":11336,"date":"2024-03-01T22:43:58","date_gmt":"2024-03-01T22:43:58","guid":{"rendered":"https:\/\/shanabooks.de\/?post_type=product&#038;p=11336"},"modified":"2024-09-17T06:36:22","modified_gmt":"2024-09-17T06:36:22","slug":"destpeka-edebiyata-kurdi-mehmed-uzun","status":"publish","type":"product","link":"https:\/\/shanabooks.de\/de\/product\/destpeka-edebiyata-kurdi-mehmed-uzun\/","title":{"rendered":"Destp\u00eaka Edebiyata Kurd\u00ee"},"content":{"rendered":"<p style=\"text-align: left;\"><strong>Destp\u00eaka Edebiyata Kurd\u00ee &#8211; Mehmed Uzun<\/strong><\/p>\n<p style=\"text-align: left;\">Wel\u00ea dixuye \u00fb t\u00ea zan\u00een ku xebat \u00fb tevger\u00ean edeb\u00ee y\u00ean Mehmed Uzun, bi qas\u00ee romanniv\u00eeseriy\u00ea di war\u00ea l\u00eager\u00een \u00fb l\u00eakol\u00een\u00ean edebiyat \u00fb \u00e7anda kurd\u00ee de j\u00ee berbi\u00e7av in. Destp\u00eaka Edebiyata Kurd\u00ee ya Mehmed Uzun, di war\u00ea l\u00eakol\u00een\u00ean edebiyata kurd\u00ee de gaveke h\u00fbr \u00fb k\u00fbr \u00fb n\u00fbjen e. Mehmed Uzun di v\u00ea kurtel\u00eager\u00ea de, li ser edebiyat, niv\u00eeskar \u00fb \u015fah\u00eer\u00ean her\u00e7ar par\u00e7ey\u00ean kurdistan\u00ea y\u00ean xuyay\u00ee \u00fb nexuyay\u00ee ne radiweste \u00fb bi zimanek\u00ee sade \u00fb herikbar y\u00ea edeb\u00ee qala wan, xebat\u00ean wan \u00fb berhem\u00ean wan dike. Edebiyata Kurd\u00ee mixabin ku gelek\u00ee wext her \u00ea\u015f \u00fb azar ki\u015fandiye \u00fb b\u00eagav maye, l\u00ea bel\u00ea tev\u00ee v\u00ea yek\u00ea hem\u00fb kesp \u00fb kosp, keft \u00fb left\u00ean hew\u00e7end dijwar dane pey xwe \u00fb heya roja me hatiye \u00fb h\u00eaviyeke xurt bi xwe re aniye. Destp\u00eaka Edebiyata Kurd\u00ee, heye ku m\u00eena berhemeke kin \u00fb kurt bixuye; l\u00ea bel\u00ea ew bi naverok \u00fb agahiy\u00ean ku di nava xwe de hewandiye, h\u00eaja \u00fb balk\u00ea\u015f \u00fb dagirtiye. Ew d\u00ea bi van taybetmendiy\u00ean xwe her tim rewacdar be \u00fb herweha ew d\u00ea r\u00ea li ber niv\u00eesar \u00fb xebat\u00ean akadem\u00eek y\u00ean edebiyata kurd\u00ee veke.<\/p>\n<p style=\"text-align: left;\">Mehmed Uzun li sala 1953\u00ea li gund\u00ea Siw\u00eareka ser bi Rihay\u00ea (Urfay\u00ea) hat dinyay\u00ea. Ji ber xebata w\u00ee ya niv\u00ees\u00eena bi ziman\u00ea dayik\u00ea \u00e7end caran ji aliy\u00ea desthelata tirkan ve hat z\u00eendankirin. Her ji ber wan gef\u00ean li ser jiyana xwe, li hav\u00eena sala 1977\u00ea ji Tirkiy\u00ea derket \u00fb heyameke dir\u00eaj li Sw\u00ead\u00ea ma.<\/p>\n","protected":false},"excerpt":{"rendered":"<p style=\"text-align: center;\"><strong>Pirt\u00fbk: Destp\u00eaka Edebiyata Kurd\u00ee<br \/>\nNiv\u00eeskar: Mehmed Uzun<br \/>\nCure: L\u00eakol\u00een<\/strong><\/p>\n","protected":false},"featured_media":11355,"template":"","meta":{"site-sidebar-layout":"default","site-content-layout":"","ast-site-content-layout":"default","site-content-style":"default","site-sidebar-style":"default","ast-global-header-display":"","ast-banner-title-visibility":"","ast-main-header-display":"","ast-hfb-above-header-display":"","ast-hfb-below-header-display":"","ast-hfb-mobile-header-display":"","site-post-title":"","ast-breadcrumbs-content":"","ast-featured-img":"","footer-sml-layout":"","ast-disable-related-posts":"","theme-transparent-header-meta":"default","adv-header-id-meta":"","stick-header-meta":"","header-above-stick-meta":"","header-main-stick-meta":"","header-below-stick-meta":"","astra-migrate-meta-layouts":"set","ast-page-background-enabled":"default","ast-page-background-meta":{"desktop":{"background-color":"","background-image":"","background-repeat":"repeat","background-position":"center center","background-size":"auto","background-attachment":"scroll","background-type":"","background-media":"","overlay-type":"","overlay-color":"","overlay-opacity":"","overlay-gradient":""},"tablet":{"background-color":"","background-image":"","background-repeat":"repeat","background-position":"center center","background-size":"auto","background-attachment":"scroll","background-type":"","background-media":"","overlay-type":"","overlay-color":"","overlay-opacity":"","overlay-gradient":""},"mobile":{"background-color":"","background-image":"","background-repeat":"repeat","background-position":"center center","background-size":"auto","background-attachment":"scroll","background-type":"","background-media":"","overlay-type":"","overlay-color":"","overlay-opacity":"","overlay-gradient":""}},"ast-content-background-meta":{"desktop":{"background-color":"var(--ast-global-color-5)","background-image":"","background-repeat":"repeat","background-position":"center center","background-size":"auto","background-attachment":"scroll","background-type":"","background-media":"","overlay-type":"","overlay-color":"","overlay-opacity":"","overlay-gradient":""},"tablet":{"background-color":"var(--ast-global-color-5)","background-image":"","background-repeat":"repeat","background-position":"center center","background-size":"auto","background-attachment":"scroll","background-type":"","background-media":"","overlay-type":"","overlay-color":"","overlay-opacity":"","overlay-gradient":""},"mobile":{"background-color":"var(--ast-global-color-5)","background-image":"","background-repeat":"repeat","background-position":"center center","background-size":"auto","background-attachment":"scroll","background-type":"","background-media":"","overlay-type":"","overlay-color":"","overlay-opacity":"","overlay-gradient":""}}},"product_brand":[],"product_cat":[179,193],"product_tag":[],"class_list":{"0":"post-11336","1":"product","2":"type-product","3":"status-publish","4":"has-post-thumbnail","6":"product_cat-_","7":"product_cat--_","8":"pa_-lekolin","9":"pa_-mehmed-uzun","10":"pa_-kurmanci","11":"pa_--sel","12":"desktop-align-left","13":"tablet-align-left","14":"mobile-align-left","16":"first","17":"outofstock","18":"shipping-taxable","19":"purchasable","20":"product-type-simple"},"yoast_head":"<!-- This site is optimized with the Yoast SEO plugin v27.4 - https:\/\/yoast.com\/product\/yoast-seo-wordpress\/ -->\n<title>Destp\u00eaka Edebiyata Kurd\u00ee - Mehmed Uzun - www.shanabooks.de<\/title>\n<meta name=\"description\" content=\"Destp\u00eaka Edebiyata Kurd\u00ee - Mehmed Uzun Wel\u00ea dixuye \u00fb t\u00ea zan\u00een ku xebat \u00fb tevger\u00ean edeb\u00ee y\u00ean Mehmed Uzun, bi qas\u00ee romanniv\u00eeseriy\u00ea di war\u00ea l\u00eager\u00een \u00fb l\u00eakol\u00een..\" \/>\n<meta name=\"robots\" content=\"index, follow, max-snippet:-1, max-image-preview:large, max-video-preview:-1\" \/>\n<link rel=\"canonical\" href=\"https:\/\/shanabooks.de\/product\/destpeka-edebiyata-kurdi-mehmed-uzun\/\" \/>\n<meta property=\"og:locale\" content=\"de_DE\" \/>\n<meta property=\"og:type\" content=\"article\" \/>\n<meta property=\"og:title\" content=\"Destp\u00eaka Edebiyata Kurd\u00ee - Mehmed Uzun - www.shanabooks.de\" \/>\n<meta property=\"og:description\" content=\"Destp\u00eaka Edebiyata Kurd\u00ee - Mehmed Uzun Wel\u00ea dixuye \u00fb t\u00ea zan\u00een ku xebat \u00fb tevger\u00ean edeb\u00ee y\u00ean Mehmed Uzun, bi qas\u00ee romanniv\u00eeseriy\u00ea di war\u00ea l\u00eager\u00een \u00fb l\u00eakol\u00een..\" \/>\n<meta property=\"og:url\" content=\"https:\/\/shanabooks.de\/product\/destpeka-edebiyata-kurdi-mehmed-uzun\/\" \/>\n<meta property=\"og:site_name\" content=\"www.shanabooks.de\" \/>\n<meta property=\"article:modified_time\" content=\"2024-09-17T06:36:22+00:00\" \/>\n<meta property=\"og:image\" content=\"https:\/\/shanabooks.de\/wp-content\/uploads\/2024\/03\/destpeka-edebiyata-Kurdi.jpg\" \/>\n\t<meta property=\"og:image:width\" content=\"345\" \/>\n\t<meta property=\"og:image:height\" content=\"501\" \/>\n\t<meta property=\"og:image:type\" content=\"image\/jpeg\" \/>\n<meta name=\"twitter:card\" content=\"summary_large_image\" \/>\n<meta name=\"twitter:label1\" content=\"Gesch\u00e4tzte Lesezeit\" \/>\n\t<meta name=\"twitter:data1\" content=\"2\u00a0Minuten\" \/>\n<script type=\"application\/ld+json\" class=\"yoast-schema-graph\">{\"@context\":\"https:\\\/\\\/schema.org\",\"@graph\":[{\"@type\":\"WebPage\",\"@id\":\"https:\\\/\\\/shanabooks.de\\\/product\\\/destpeka-edebiyata-kurdi-mehmed-uzun\\\/\",\"url\":\"https:\\\/\\\/shanabooks.de\\\/product\\\/destpeka-edebiyata-kurdi-mehmed-uzun\\\/\",\"name\":\"Destp\u00eaka Edebiyata Kurd\u00ee - Mehmed Uzun - www.shanabooks.de\",\"isPartOf\":{\"@id\":\"https:\\\/\\\/shanabooks.de\\\/#website\"},\"primaryImageOfPage\":{\"@id\":\"https:\\\/\\\/shanabooks.de\\\/product\\\/destpeka-edebiyata-kurdi-mehmed-uzun\\\/#primaryimage\"},\"image\":{\"@id\":\"https:\\\/\\\/shanabooks.de\\\/product\\\/destpeka-edebiyata-kurdi-mehmed-uzun\\\/#primaryimage\"},\"thumbnailUrl\":\"https:\\\/\\\/shanabooks.de\\\/wp-content\\\/uploads\\\/2024\\\/03\\\/destpeka-edebiyata-Kurdi.jpg\",\"datePublished\":\"2024-03-01T22:43:58+00:00\",\"dateModified\":\"2024-09-17T06:36:22+00:00\",\"description\":\"Destp\u00eaka Edebiyata Kurd\u00ee - Mehmed Uzun Wel\u00ea dixuye \u00fb t\u00ea zan\u00een ku xebat \u00fb tevger\u00ean edeb\u00ee y\u00ean Mehmed Uzun, bi qas\u00ee romanniv\u00eeseriy\u00ea di war\u00ea l\u00eager\u00een \u00fb l\u00eakol\u00een..\",\"breadcrumb\":{\"@id\":\"https:\\\/\\\/shanabooks.de\\\/product\\\/destpeka-edebiyata-kurdi-mehmed-uzun\\\/#breadcrumb\"},\"inLanguage\":\"de\",\"potentialAction\":[{\"@type\":\"ReadAction\",\"target\":[\"https:\\\/\\\/shanabooks.de\\\/product\\\/destpeka-edebiyata-kurdi-mehmed-uzun\\\/\"]}]},{\"@type\":\"ImageObject\",\"inLanguage\":\"de\",\"@id\":\"https:\\\/\\\/shanabooks.de\\\/product\\\/destpeka-edebiyata-kurdi-mehmed-uzun\\\/#primaryimage\",\"url\":\"https:\\\/\\\/shanabooks.de\\\/wp-content\\\/uploads\\\/2024\\\/03\\\/destpeka-edebiyata-Kurdi.jpg\",\"contentUrl\":\"https:\\\/\\\/shanabooks.de\\\/wp-content\\\/uploads\\\/2024\\\/03\\\/destpeka-edebiyata-Kurdi.jpg\",\"width\":345,\"height\":501,\"caption\":\"destp\u00eaka edebiyata Kurd\u00ee - Mehmed Uzun Pirt\u00fbk\u00ean Kutd\u00ee\"},{\"@type\":\"BreadcrumbList\",\"@id\":\"https:\\\/\\\/shanabooks.de\\\/product\\\/destpeka-edebiyata-kurdi-mehmed-uzun\\\/#breadcrumb\",\"itemListElement\":[{\"@type\":\"ListItem\",\"position\":1,\"name\":\"\u0627\u0644\u0631\u0626\u064a\u0633\u064a\u0629\",\"item\":\"https:\\\/\\\/shanabooks.de\\\/de\\\/\"},{\"@type\":\"ListItem\",\"position\":2,\"name\":\"\u0627\u0644\u0645\u0646\u062a\u062c\u0627\u062a\",\"item\":\"https:\\\/\\\/shanabooks.de\\\/shop\\\/\"},{\"@type\":\"ListItem\",\"position\":3,\"name\":\"Destp\u00eaka Edebiyata Kurd\u00ee\"}]},{\"@type\":\"WebSite\",\"@id\":\"https:\\\/\\\/shanabooks.de\\\/#website\",\"url\":\"https:\\\/\\\/shanabooks.de\\\/\",\"name\":\"www.shanbooks.de\",\"description\":\"C\u00eehana Pirt\u00fbk\u00ean Kurd\u00ee \u0645\u0643\u062a\u0628\u0629 \u0634\u0627\u0646\u0627 \u0641\u064a \u0627\u0644\u0645\u0627\u0646\u064a\u0627 \u0648\u0623\u0648\u0631\u0628\u0627\",\"publisher\":{\"@id\":\"https:\\\/\\\/shanabooks.de\\\/#organization\"},\"potentialAction\":[{\"@type\":\"SearchAction\",\"target\":{\"@type\":\"EntryPoint\",\"urlTemplate\":\"https:\\\/\\\/shanabooks.de\\\/?s={search_term_string}\"},\"query-input\":{\"@type\":\"PropertyValueSpecification\",\"valueRequired\":true,\"valueName\":\"search_term_string\"}}],\"inLanguage\":\"de\"},{\"@type\":\"Organization\",\"@id\":\"https:\\\/\\\/shanabooks.de\\\/#organization\",\"name\":\"www.shanbooks.de\",\"url\":\"https:\\\/\\\/shanabooks.de\\\/\",\"logo\":{\"@type\":\"ImageObject\",\"inLanguage\":\"de\",\"@id\":\"https:\\\/\\\/shanabooks.de\\\/#\\\/schema\\\/logo\\\/image\\\/\",\"url\":\"https:\\\/\\\/shanabooks.de\\\/wp-content\\\/uploads\\\/2024\\\/03\\\/SHANABOOKS__2_-removebg-preview.png\",\"contentUrl\":\"https:\\\/\\\/shanabooks.de\\\/wp-content\\\/uploads\\\/2024\\\/03\\\/SHANABOOKS__2_-removebg-preview.png\",\"width\":700,\"height\":150,\"caption\":\"www.shanbooks.de\"},\"image\":{\"@id\":\"https:\\\/\\\/shanabooks.de\\\/#\\\/schema\\\/logo\\\/image\\\/\"}}]}<\/script>\n<!-- \/ Yoast SEO plugin. -->","yoast_head_json":{"title":"Destp\u00eaka Edebiyata Kurd\u00ee - Mehmed Uzun - www.shanabooks.de","description":"Destp\u00eaka Edebiyata Kurd\u00ee - Mehmed Uzun Wel\u00ea dixuye \u00fb t\u00ea zan\u00een ku xebat \u00fb tevger\u00ean edeb\u00ee y\u00ean Mehmed Uzun, bi qas\u00ee romanniv\u00eeseriy\u00ea di war\u00ea l\u00eager\u00een \u00fb l\u00eakol\u00een..","robots":{"index":"index","follow":"follow","max-snippet":"max-snippet:-1","max-image-preview":"max-image-preview:large","max-video-preview":"max-video-preview:-1"},"canonical":"https:\/\/shanabooks.de\/product\/destpeka-edebiyata-kurdi-mehmed-uzun\/","og_locale":"de_DE","og_type":"article","og_title":"Destp\u00eaka Edebiyata Kurd\u00ee - Mehmed Uzun - www.shanabooks.de","og_description":"Destp\u00eaka Edebiyata Kurd\u00ee - Mehmed Uzun Wel\u00ea dixuye \u00fb t\u00ea zan\u00een ku xebat \u00fb tevger\u00ean edeb\u00ee y\u00ean Mehmed Uzun, bi qas\u00ee romanniv\u00eeseriy\u00ea di war\u00ea l\u00eager\u00een \u00fb l\u00eakol\u00een..","og_url":"https:\/\/shanabooks.de\/product\/destpeka-edebiyata-kurdi-mehmed-uzun\/","og_site_name":"www.shanabooks.de","article_modified_time":"2024-09-17T06:36:22+00:00","og_image":[{"width":345,"height":501,"url":"https:\/\/shanabooks.de\/wp-content\/uploads\/2024\/03\/destpeka-edebiyata-Kurdi.jpg","type":"image\/jpeg"}],"twitter_card":"summary_large_image","twitter_misc":{"Gesch\u00e4tzte Lesezeit":"2\u00a0Minuten"},"schema":{"@context":"https:\/\/schema.org","@graph":[{"@type":"WebPage","@id":"https:\/\/shanabooks.de\/product\/destpeka-edebiyata-kurdi-mehmed-uzun\/","url":"https:\/\/shanabooks.de\/product\/destpeka-edebiyata-kurdi-mehmed-uzun\/","name":"Destp\u00eaka Edebiyata Kurd\u00ee - Mehmed Uzun - www.shanabooks.de","isPartOf":{"@id":"https:\/\/shanabooks.de\/#website"},"primaryImageOfPage":{"@id":"https:\/\/shanabooks.de\/product\/destpeka-edebiyata-kurdi-mehmed-uzun\/#primaryimage"},"image":{"@id":"https:\/\/shanabooks.de\/product\/destpeka-edebiyata-kurdi-mehmed-uzun\/#primaryimage"},"thumbnailUrl":"https:\/\/shanabooks.de\/wp-content\/uploads\/2024\/03\/destpeka-edebiyata-Kurdi.jpg","datePublished":"2024-03-01T22:43:58+00:00","dateModified":"2024-09-17T06:36:22+00:00","description":"Destp\u00eaka Edebiyata Kurd\u00ee - Mehmed Uzun Wel\u00ea dixuye \u00fb t\u00ea zan\u00een ku xebat \u00fb tevger\u00ean edeb\u00ee y\u00ean Mehmed Uzun, bi qas\u00ee romanniv\u00eeseriy\u00ea di war\u00ea l\u00eager\u00een \u00fb l\u00eakol\u00een..","breadcrumb":{"@id":"https:\/\/shanabooks.de\/product\/destpeka-edebiyata-kurdi-mehmed-uzun\/#breadcrumb"},"inLanguage":"de","potentialAction":[{"@type":"ReadAction","target":["https:\/\/shanabooks.de\/product\/destpeka-edebiyata-kurdi-mehmed-uzun\/"]}]},{"@type":"ImageObject","inLanguage":"de","@id":"https:\/\/shanabooks.de\/product\/destpeka-edebiyata-kurdi-mehmed-uzun\/#primaryimage","url":"https:\/\/shanabooks.de\/wp-content\/uploads\/2024\/03\/destpeka-edebiyata-Kurdi.jpg","contentUrl":"https:\/\/shanabooks.de\/wp-content\/uploads\/2024\/03\/destpeka-edebiyata-Kurdi.jpg","width":345,"height":501,"caption":"destp\u00eaka edebiyata Kurd\u00ee - Mehmed Uzun Pirt\u00fbk\u00ean Kutd\u00ee"},{"@type":"BreadcrumbList","@id":"https:\/\/shanabooks.de\/product\/destpeka-edebiyata-kurdi-mehmed-uzun\/#breadcrumb","itemListElement":[{"@type":"ListItem","position":1,"name":"\u0627\u0644\u0631\u0626\u064a\u0633\u064a\u0629","item":"https:\/\/shanabooks.de\/de\/"},{"@type":"ListItem","position":2,"name":"\u0627\u0644\u0645\u0646\u062a\u062c\u0627\u062a","item":"https:\/\/shanabooks.de\/shop\/"},{"@type":"ListItem","position":3,"name":"Destp\u00eaka Edebiyata Kurd\u00ee"}]},{"@type":"WebSite","@id":"https:\/\/shanabooks.de\/#website","url":"https:\/\/shanabooks.de\/","name":"www.shanbooks.de","description":"C\u00eehana Pirt\u00fbk\u00ean Kurd\u00ee \u0645\u0643\u062a\u0628\u0629 \u0634\u0627\u0646\u0627 \u0641\u064a \u0627\u0644\u0645\u0627\u0646\u064a\u0627 \u0648\u0623\u0648\u0631\u0628\u0627","publisher":{"@id":"https:\/\/shanabooks.de\/#organization"},"potentialAction":[{"@type":"SearchAction","target":{"@type":"EntryPoint","urlTemplate":"https:\/\/shanabooks.de\/?s={search_term_string}"},"query-input":{"@type":"PropertyValueSpecification","valueRequired":true,"valueName":"search_term_string"}}],"inLanguage":"de"},{"@type":"Organization","@id":"https:\/\/shanabooks.de\/#organization","name":"www.shanbooks.de","url":"https:\/\/shanabooks.de\/","logo":{"@type":"ImageObject","inLanguage":"de","@id":"https:\/\/shanabooks.de\/#\/schema\/logo\/image\/","url":"https:\/\/shanabooks.de\/wp-content\/uploads\/2024\/03\/SHANABOOKS__2_-removebg-preview.png","contentUrl":"https:\/\/shanabooks.de\/wp-content\/uploads\/2024\/03\/SHANABOOKS__2_-removebg-preview.png","width":700,"height":150,"caption":"www.shanbooks.de"},"image":{"@id":"https:\/\/shanabooks.de\/#\/schema\/logo\/image\/"}}]}},"jetpack_sharing_enabled":true,"_links":{"self":[{"href":"https:\/\/shanabooks.de\/de\/wp-json\/wp\/v2\/product\/11336","targetHints":{"allow":["GET"]}}],"collection":[{"href":"https:\/\/shanabooks.de\/de\/wp-json\/wp\/v2\/product"}],"about":[{"href":"https:\/\/shanabooks.de\/de\/wp-json\/wp\/v2\/types\/product"}],"version-history":[{"count":3,"href":"https:\/\/shanabooks.de\/de\/wp-json\/wp\/v2\/product\/11336\/revisions"}],"predecessor-version":[{"id":11442,"href":"https:\/\/shanabooks.de\/de\/wp-json\/wp\/v2\/product\/11336\/revisions\/11442"}],"wp:featuredmedia":[{"embeddable":true,"href":"https:\/\/shanabooks.de\/de\/wp-json\/wp\/v2\/media\/11355"}],"wp:attachment":[{"href":"https:\/\/shanabooks.de\/de\/wp-json\/wp\/v2\/media?parent=11336"}],"wp:term":[{"taxonomy":"product_brand","embeddable":true,"href":"https:\/\/shanabooks.de\/de\/wp-json\/wp\/v2\/product_brand?post=11336"},{"taxonomy":"product_cat","embeddable":true,"href":"https:\/\/shanabooks.de\/de\/wp-json\/wp\/v2\/product_cat?post=11336"},{"taxonomy":"product_tag","embeddable":true,"href":"https:\/\/shanabooks.de\/de\/wp-json\/wp\/v2\/product_tag?post=11336"}],"curies":[{"name":"wp","href":"https:\/\/api.w.org\/{rel}","templated":true}]}}