{"id":11382,"date":"2024-03-02T19:58:26","date_gmt":"2024-03-02T19:58:26","guid":{"rendered":"https:\/\/shanabooks.de\/?post_type=product&#038;p=11382"},"modified":"2026-02-24T22:23:35","modified_gmt":"2026-02-24T22:23:35","slug":"hawara-dicleye-mehmed-uzun","status":"publish","type":"product","link":"https:\/\/shanabooks.de\/de\/product\/hawara-dicleye-mehmed-uzun\/","title":{"rendered":"Hawara D\u00eecely\u00ea"},"content":{"rendered":"<p style=\"text-align: left;\"><strong>Hawara D\u00eecley\u00ea &#8211; Mehmed Uzun<\/strong><\/p>\n<p style=\"text-align: left;\">Deng\u00ea jib\u00eerb\u00fbyiyan, di v\u00ee be\u015f\u00ea duwem\u00een \u00ea roman\u00ea de j\u00ee t\u00ea vegotin. Veb\u00eaj\u00ea roman\u00ea wek\u00ee ava \u00e7em\u00ea d\u00eecley\u00ea b\u00ea west \u00fb rawest her diherike, dibe deng\u00ea d\u00eeroka n\u00eaz\u00eek \u00fb kevne\u015fopiy\u00ean ew\u00e7end qeh\u00eem \u00fb kevnare y\u00ean nav\u00e7ey\u00ea \u00fb \u00eensan\u00ea w\u00ea serdem\u00ea. Qehreman \u00fb veb\u00eaj\u00ea roman\u00ea, Biroy\u00ea Dir\u00eaj bi sebra Ey\u00fbb P\u00eaxember, serp\u00eahat\u00ee \u00fb serb\u00fbriy\u00ean jiyana xwe yek bi yek b\u00eay\u00ee ku b\u00eahna xwe teng bike ji xort\u00ean dilovan \u00ean haw\u00eerdor re vedib\u00eaje. Riy\u00ean jiyana M\u00eer Bedirxan; d\u00fbr, dir\u00eaj \u00fb dijwartir dibin. Pi\u015ft\u00ee serhildana M\u00eer \u00fb \u015fer\u00ea mezin \u00ea Osmaniyan, M\u00eer ji welat\u00ea Ciz\u00eera Botan; bi tev\u00ee nas, xizm, jin, cariye, yawer, zarok, nev\u00ee \u00fb n\u00eaz\u00ean xwe ji wel\u00eat t\u00ea nef\u00eekirin. P\u00ea\u015f\u00ee Stembol \u00fb girava Gir\u00eed\u00ea dibe war\u00ea w\u00ee, bi d\u00fb re j\u00ee bajar\u00ea miqedes \u00ea \u00eeslamiyet\u00ea \u015eam. Sirg\u00fbn dibe qedera w\u00ee.<\/p>\n<p style=\"text-align: left;\">Berdewamiya Hawara D\u00eecley\u00ea ya Mehmed Uzun, bi mirin, q\u00eer\u00een, hawar, sirg\u00fbnb\u00fbn, \u00e7\u00eeke-\u00e7\u00eeka \u015f\u00fbr\u00ean \u015f\u00fbrbazan \u00fb deng\u00ea bilind \u00ea b\u00eadengiya Estera Keldan, ku di dil \u00fb m\u00eajiy\u00ea Biroy\u00ea Dengb\u00eaj de her olan dide, didome \u00fb bi v\u00ea gotina ku \u00ead\u00ee b\u00fbye klas\u00eek \u201dWe xwest, min j\u00ee got \u00fb ji \u00eero p\u00ea ve \u00ead\u00ee h\u00fbn \u00ea bib\u00eajin, p\u00ea\u015f\u00ee ji kes\u00ean ku li serp\u00eahatiya min meraq dikirin, pa\u015f\u00ea j\u00ee ji der \u00fb dor\u00ean xwe re. De niha qend\u00eel\u00ea bitef\u00eenin \u00fb \u00ead\u00ee herin,\u201d bi daw\u00ee dibe.<\/p>\n<p style=\"text-align: left;\">Mehmed Uzun li sala 1953\u00ea li gund\u00ea Siw\u00eareka ser bi Rihay\u00ea (Urfay\u00ea) hat dinyay\u00ea. Ji ber xebata w\u00ee ya niv\u00ees\u00eena bi ziman\u00ea dayik\u00ea \u00e7end caran ji aliy\u00ea desthelata tirkan ve hat z\u00eendankirin. Her ji ber wan gef\u00ean li ser jiyana xwe, li hav\u00eena sala 1977\u00ea ji Tirkiy\u00ea derket \u00fb heyameke dir\u00eaj li Sw\u00ead\u00ea ma.<\/p>\n","protected":false},"excerpt":{"rendered":"<p style=\"text-align: center;\"><strong>Pirt\u00fbk: hawara D\u00eecley\u00ea<\/strong><br \/>\n<strong>Niv\u00eeskar: Mehmed Uzun<\/strong><br \/>\n<strong>Cure: Roman<\/strong><\/p>\n","protected":false},"featured_media":11385,"template":"","meta":{"site-sidebar-layout":"default","site-content-layout":"","ast-site-content-layout":"default","site-content-style":"default","site-sidebar-style":"default","ast-global-header-display":"","ast-banner-title-visibility":"","ast-main-header-display":"","ast-hfb-above-header-display":"","ast-hfb-below-header-display":"","ast-hfb-mobile-header-display":"","site-post-title":"","ast-breadcrumbs-content":"","ast-featured-img":"","footer-sml-layout":"","ast-disable-related-posts":"","theme-transparent-header-meta":"default","adv-header-id-meta":"","stick-header-meta":"","header-above-stick-meta":"","header-main-stick-meta":"","header-below-stick-meta":"","astra-migrate-meta-layouts":"set","ast-page-background-enabled":"default","ast-page-background-meta":{"desktop":{"background-color":"","background-image":"","background-repeat":"repeat","background-position":"center center","background-size":"auto","background-attachment":"scroll","background-type":"","background-media":"","overlay-type":"","overlay-color":"","overlay-opacity":"","overlay-gradient":""},"tablet":{"background-color":"","background-image":"","background-repeat":"repeat","background-position":"center center","background-size":"auto","background-attachment":"scroll","background-type":"","background-media":"","overlay-type":"","overlay-color":"","overlay-opacity":"","overlay-gradient":""},"mobile":{"background-color":"","background-image":"","background-repeat":"repeat","background-position":"center center","background-size":"auto","background-attachment":"scroll","background-type":"","background-media":"","overlay-type":"","overlay-color":"","overlay-opacity":"","overlay-gradient":""}},"ast-content-background-meta":{"desktop":{"background-color":"var(--ast-global-color-5)","background-image":"","background-repeat":"repeat","background-position":"center center","background-size":"auto","background-attachment":"scroll","background-type":"","background-media":"","overlay-type":"","overlay-color":"","overlay-opacity":"","overlay-gradient":""},"tablet":{"background-color":"var(--ast-global-color-5)","background-image":"","background-repeat":"repeat","background-position":"center center","background-size":"auto","background-attachment":"scroll","background-type":"","background-media":"","overlay-type":"","overlay-color":"","overlay-opacity":"","overlay-gradient":""},"mobile":{"background-color":"var(--ast-global-color-5)","background-image":"","background-repeat":"repeat","background-position":"center center","background-size":"auto","background-attachment":"scroll","background-type":"","background-media":"","overlay-type":"","overlay-color":"","overlay-opacity":"","overlay-gradient":""}}},"product_brand":[],"product_cat":[182,193],"product_tag":[],"class_list":{"0":"post-11382","1":"product","2":"type-product","3":"status-publish","4":"has-post-thumbnail","6":"product_cat-_","7":"product_cat--_","8":"pa_-roman","9":"pa_-mehmed-uzun","10":"pa_-kurmanci","11":"pa_--ithaki-yayinlari","12":"desktop-align-left","13":"tablet-align-left","14":"mobile-align-left","16":"first","17":"outofstock","18":"shipping-taxable","19":"purchasable","20":"product-type-simple"},"yoast_head":"<!-- This site is optimized with the Yoast SEO plugin v27.4 - https:\/\/yoast.com\/product\/yoast-seo-wordpress\/ -->\n<title>Hawara D\u00eecley\u00ea - Mehmed Uzun Hawara D\u00eecely\u00ea - www.shanabooks.de<\/title>\n<meta name=\"description\" content=\"Hawara D\u00eecley\u00ea - Mehmed Uzun Deng\u00ea jib\u00eerb\u00fbyiyan, di v\u00ee be\u015f\u00ea duwem\u00een \u00ea roman\u00ea de j\u00ee t\u00ea vegotin. Veb\u00eaj\u00ea roman\u00ea wek\u00ee ava \u00e7em\u00ea d\u00eecley\u00ea b\u00ea west \u00fb rawest her ...\" \/>\n<meta name=\"robots\" content=\"index, follow, max-snippet:-1, max-image-preview:large, max-video-preview:-1\" \/>\n<link rel=\"canonical\" href=\"https:\/\/shanabooks.de\/product\/hawara-dicleye-mehmed-uzun\/\" \/>\n<meta property=\"og:locale\" content=\"de_DE\" \/>\n<meta property=\"og:type\" content=\"article\" \/>\n<meta property=\"og:title\" content=\"Hawara D\u00eecley\u00ea - Mehmed Uzun Hawara D\u00eecely\u00ea - www.shanabooks.de\" \/>\n<meta property=\"og:description\" content=\"Hawara D\u00eecley\u00ea - Mehmed Uzun Deng\u00ea jib\u00eerb\u00fbyiyan, di v\u00ee be\u015f\u00ea duwem\u00een \u00ea roman\u00ea de j\u00ee t\u00ea vegotin. Veb\u00eaj\u00ea roman\u00ea wek\u00ee ava \u00e7em\u00ea d\u00eecley\u00ea b\u00ea west \u00fb rawest her ...\" \/>\n<meta property=\"og:url\" content=\"https:\/\/shanabooks.de\/product\/hawara-dicleye-mehmed-uzun\/\" \/>\n<meta property=\"og:site_name\" content=\"www.shanabooks.de\" \/>\n<meta property=\"article:modified_time\" content=\"2026-02-24T22:23:35+00:00\" \/>\n<meta property=\"og:image\" content=\"https:\/\/shanabooks.de\/wp-content\/uploads\/2024\/03\/hawara-Dicleye-1.jpg\" \/>\n\t<meta property=\"og:image:width\" content=\"474\" \/>\n\t<meta property=\"og:image:height\" content=\"738\" \/>\n\t<meta property=\"og:image:type\" content=\"image\/jpeg\" \/>\n<meta name=\"twitter:card\" content=\"summary_large_image\" \/>\n<meta name=\"twitter:label1\" content=\"Gesch\u00e4tzte Lesezeit\" \/>\n\t<meta name=\"twitter:data1\" content=\"3\u00a0Minuten\" \/>\n<script type=\"application\/ld+json\" class=\"yoast-schema-graph\">{\"@context\":\"https:\\\/\\\/schema.org\",\"@graph\":[{\"@type\":\"WebPage\",\"@id\":\"https:\\\/\\\/shanabooks.de\\\/product\\\/hawara-dicleye-mehmed-uzun\\\/\",\"url\":\"https:\\\/\\\/shanabooks.de\\\/product\\\/hawara-dicleye-mehmed-uzun\\\/\",\"name\":\"Hawara D\u00eecley\u00ea - Mehmed Uzun Hawara D\u00eecely\u00ea - www.shanabooks.de\",\"isPartOf\":{\"@id\":\"https:\\\/\\\/shanabooks.de\\\/#website\"},\"primaryImageOfPage\":{\"@id\":\"https:\\\/\\\/shanabooks.de\\\/product\\\/hawara-dicleye-mehmed-uzun\\\/#primaryimage\"},\"image\":{\"@id\":\"https:\\\/\\\/shanabooks.de\\\/product\\\/hawara-dicleye-mehmed-uzun\\\/#primaryimage\"},\"thumbnailUrl\":\"https:\\\/\\\/shanabooks.de\\\/wp-content\\\/uploads\\\/2024\\\/03\\\/hawara-Dicleye-1.jpg\",\"datePublished\":\"2024-03-02T19:58:26+00:00\",\"dateModified\":\"2026-02-24T22:23:35+00:00\",\"description\":\"Hawara D\u00eecley\u00ea - Mehmed Uzun Deng\u00ea jib\u00eerb\u00fbyiyan, di v\u00ee be\u015f\u00ea duwem\u00een \u00ea roman\u00ea de j\u00ee t\u00ea vegotin. Veb\u00eaj\u00ea roman\u00ea wek\u00ee ava \u00e7em\u00ea d\u00eecley\u00ea b\u00ea west \u00fb rawest her ...\",\"breadcrumb\":{\"@id\":\"https:\\\/\\\/shanabooks.de\\\/product\\\/hawara-dicleye-mehmed-uzun\\\/#breadcrumb\"},\"inLanguage\":\"de\",\"potentialAction\":[{\"@type\":\"ReadAction\",\"target\":[\"https:\\\/\\\/shanabooks.de\\\/product\\\/hawara-dicleye-mehmed-uzun\\\/\"]}]},{\"@type\":\"ImageObject\",\"inLanguage\":\"de\",\"@id\":\"https:\\\/\\\/shanabooks.de\\\/product\\\/hawara-dicleye-mehmed-uzun\\\/#primaryimage\",\"url\":\"https:\\\/\\\/shanabooks.de\\\/wp-content\\\/uploads\\\/2024\\\/03\\\/hawara-Dicleye-1.jpg\",\"contentUrl\":\"https:\\\/\\\/shanabooks.de\\\/wp-content\\\/uploads\\\/2024\\\/03\\\/hawara-Dicleye-1.jpg\",\"width\":474,\"height\":738,\"caption\":\"hawara D\u00eecley\u00ea - Mehmed Uzun - Pirt\u00fbk\u00ean Kurd\u00ee\"},{\"@type\":\"BreadcrumbList\",\"@id\":\"https:\\\/\\\/shanabooks.de\\\/product\\\/hawara-dicleye-mehmed-uzun\\\/#breadcrumb\",\"itemListElement\":[{\"@type\":\"ListItem\",\"position\":1,\"name\":\"\u0627\u0644\u0631\u0626\u064a\u0633\u064a\u0629\",\"item\":\"https:\\\/\\\/shanabooks.de\\\/de\\\/\"},{\"@type\":\"ListItem\",\"position\":2,\"name\":\"\u0627\u0644\u0645\u0646\u062a\u062c\u0627\u062a\",\"item\":\"https:\\\/\\\/shanabooks.de\\\/shop\\\/\"},{\"@type\":\"ListItem\",\"position\":3,\"name\":\"Hawara D\u00eecely\u00ea\"}]},{\"@type\":\"WebSite\",\"@id\":\"https:\\\/\\\/shanabooks.de\\\/#website\",\"url\":\"https:\\\/\\\/shanabooks.de\\\/\",\"name\":\"www.shanbooks.de\",\"description\":\"C\u00eehana Pirt\u00fbk\u00ean Kurd\u00ee \u0645\u0643\u062a\u0628\u0629 \u0634\u0627\u0646\u0627 \u0641\u064a \u0627\u0644\u0645\u0627\u0646\u064a\u0627 \u0648\u0623\u0648\u0631\u0628\u0627\",\"publisher\":{\"@id\":\"https:\\\/\\\/shanabooks.de\\\/#organization\"},\"potentialAction\":[{\"@type\":\"SearchAction\",\"target\":{\"@type\":\"EntryPoint\",\"urlTemplate\":\"https:\\\/\\\/shanabooks.de\\\/?s={search_term_string}\"},\"query-input\":{\"@type\":\"PropertyValueSpecification\",\"valueRequired\":true,\"valueName\":\"search_term_string\"}}],\"inLanguage\":\"de\"},{\"@type\":\"Organization\",\"@id\":\"https:\\\/\\\/shanabooks.de\\\/#organization\",\"name\":\"www.shanbooks.de\",\"url\":\"https:\\\/\\\/shanabooks.de\\\/\",\"logo\":{\"@type\":\"ImageObject\",\"inLanguage\":\"de\",\"@id\":\"https:\\\/\\\/shanabooks.de\\\/#\\\/schema\\\/logo\\\/image\\\/\",\"url\":\"https:\\\/\\\/shanabooks.de\\\/wp-content\\\/uploads\\\/2024\\\/03\\\/SHANABOOKS__2_-removebg-preview.png\",\"contentUrl\":\"https:\\\/\\\/shanabooks.de\\\/wp-content\\\/uploads\\\/2024\\\/03\\\/SHANABOOKS__2_-removebg-preview.png\",\"width\":700,\"height\":150,\"caption\":\"www.shanbooks.de\"},\"image\":{\"@id\":\"https:\\\/\\\/shanabooks.de\\\/#\\\/schema\\\/logo\\\/image\\\/\"}}]}<\/script>\n<!-- \/ Yoast SEO plugin. -->","yoast_head_json":{"title":"Hawara D\u00eecley\u00ea - Mehmed Uzun Hawara D\u00eecely\u00ea - www.shanabooks.de","description":"Hawara D\u00eecley\u00ea - Mehmed Uzun Deng\u00ea jib\u00eerb\u00fbyiyan, di v\u00ee be\u015f\u00ea duwem\u00een \u00ea roman\u00ea de j\u00ee t\u00ea vegotin. Veb\u00eaj\u00ea roman\u00ea wek\u00ee ava \u00e7em\u00ea d\u00eecley\u00ea b\u00ea west \u00fb rawest her ...","robots":{"index":"index","follow":"follow","max-snippet":"max-snippet:-1","max-image-preview":"max-image-preview:large","max-video-preview":"max-video-preview:-1"},"canonical":"https:\/\/shanabooks.de\/product\/hawara-dicleye-mehmed-uzun\/","og_locale":"de_DE","og_type":"article","og_title":"Hawara D\u00eecley\u00ea - Mehmed Uzun Hawara D\u00eecely\u00ea - www.shanabooks.de","og_description":"Hawara D\u00eecley\u00ea - Mehmed Uzun Deng\u00ea jib\u00eerb\u00fbyiyan, di v\u00ee be\u015f\u00ea duwem\u00een \u00ea roman\u00ea de j\u00ee t\u00ea vegotin. Veb\u00eaj\u00ea roman\u00ea wek\u00ee ava \u00e7em\u00ea d\u00eecley\u00ea b\u00ea west \u00fb rawest her ...","og_url":"https:\/\/shanabooks.de\/product\/hawara-dicleye-mehmed-uzun\/","og_site_name":"www.shanabooks.de","article_modified_time":"2026-02-24T22:23:35+00:00","og_image":[{"width":474,"height":738,"url":"https:\/\/shanabooks.de\/wp-content\/uploads\/2024\/03\/hawara-Dicleye-1.jpg","type":"image\/jpeg"}],"twitter_card":"summary_large_image","twitter_misc":{"Gesch\u00e4tzte Lesezeit":"3\u00a0Minuten"},"schema":{"@context":"https:\/\/schema.org","@graph":[{"@type":"WebPage","@id":"https:\/\/shanabooks.de\/product\/hawara-dicleye-mehmed-uzun\/","url":"https:\/\/shanabooks.de\/product\/hawara-dicleye-mehmed-uzun\/","name":"Hawara D\u00eecley\u00ea - Mehmed Uzun Hawara D\u00eecely\u00ea - www.shanabooks.de","isPartOf":{"@id":"https:\/\/shanabooks.de\/#website"},"primaryImageOfPage":{"@id":"https:\/\/shanabooks.de\/product\/hawara-dicleye-mehmed-uzun\/#primaryimage"},"image":{"@id":"https:\/\/shanabooks.de\/product\/hawara-dicleye-mehmed-uzun\/#primaryimage"},"thumbnailUrl":"https:\/\/shanabooks.de\/wp-content\/uploads\/2024\/03\/hawara-Dicleye-1.jpg","datePublished":"2024-03-02T19:58:26+00:00","dateModified":"2026-02-24T22:23:35+00:00","description":"Hawara D\u00eecley\u00ea - Mehmed Uzun Deng\u00ea jib\u00eerb\u00fbyiyan, di v\u00ee be\u015f\u00ea duwem\u00een \u00ea roman\u00ea de j\u00ee t\u00ea vegotin. Veb\u00eaj\u00ea roman\u00ea wek\u00ee ava \u00e7em\u00ea d\u00eecley\u00ea b\u00ea west \u00fb rawest her ...","breadcrumb":{"@id":"https:\/\/shanabooks.de\/product\/hawara-dicleye-mehmed-uzun\/#breadcrumb"},"inLanguage":"de","potentialAction":[{"@type":"ReadAction","target":["https:\/\/shanabooks.de\/product\/hawara-dicleye-mehmed-uzun\/"]}]},{"@type":"ImageObject","inLanguage":"de","@id":"https:\/\/shanabooks.de\/product\/hawara-dicleye-mehmed-uzun\/#primaryimage","url":"https:\/\/shanabooks.de\/wp-content\/uploads\/2024\/03\/hawara-Dicleye-1.jpg","contentUrl":"https:\/\/shanabooks.de\/wp-content\/uploads\/2024\/03\/hawara-Dicleye-1.jpg","width":474,"height":738,"caption":"hawara D\u00eecley\u00ea - Mehmed Uzun - Pirt\u00fbk\u00ean Kurd\u00ee"},{"@type":"BreadcrumbList","@id":"https:\/\/shanabooks.de\/product\/hawara-dicleye-mehmed-uzun\/#breadcrumb","itemListElement":[{"@type":"ListItem","position":1,"name":"\u0627\u0644\u0631\u0626\u064a\u0633\u064a\u0629","item":"https:\/\/shanabooks.de\/de\/"},{"@type":"ListItem","position":2,"name":"\u0627\u0644\u0645\u0646\u062a\u062c\u0627\u062a","item":"https:\/\/shanabooks.de\/shop\/"},{"@type":"ListItem","position":3,"name":"Hawara D\u00eecely\u00ea"}]},{"@type":"WebSite","@id":"https:\/\/shanabooks.de\/#website","url":"https:\/\/shanabooks.de\/","name":"www.shanbooks.de","description":"C\u00eehana Pirt\u00fbk\u00ean Kurd\u00ee \u0645\u0643\u062a\u0628\u0629 \u0634\u0627\u0646\u0627 \u0641\u064a \u0627\u0644\u0645\u0627\u0646\u064a\u0627 \u0648\u0623\u0648\u0631\u0628\u0627","publisher":{"@id":"https:\/\/shanabooks.de\/#organization"},"potentialAction":[{"@type":"SearchAction","target":{"@type":"EntryPoint","urlTemplate":"https:\/\/shanabooks.de\/?s={search_term_string}"},"query-input":{"@type":"PropertyValueSpecification","valueRequired":true,"valueName":"search_term_string"}}],"inLanguage":"de"},{"@type":"Organization","@id":"https:\/\/shanabooks.de\/#organization","name":"www.shanbooks.de","url":"https:\/\/shanabooks.de\/","logo":{"@type":"ImageObject","inLanguage":"de","@id":"https:\/\/shanabooks.de\/#\/schema\/logo\/image\/","url":"https:\/\/shanabooks.de\/wp-content\/uploads\/2024\/03\/SHANABOOKS__2_-removebg-preview.png","contentUrl":"https:\/\/shanabooks.de\/wp-content\/uploads\/2024\/03\/SHANABOOKS__2_-removebg-preview.png","width":700,"height":150,"caption":"www.shanbooks.de"},"image":{"@id":"https:\/\/shanabooks.de\/#\/schema\/logo\/image\/"}}]}},"jetpack_sharing_enabled":true,"_links":{"self":[{"href":"https:\/\/shanabooks.de\/de\/wp-json\/wp\/v2\/product\/11382","targetHints":{"allow":["GET"]}}],"collection":[{"href":"https:\/\/shanabooks.de\/de\/wp-json\/wp\/v2\/product"}],"about":[{"href":"https:\/\/shanabooks.de\/de\/wp-json\/wp\/v2\/types\/product"}],"version-history":[{"count":3,"href":"https:\/\/shanabooks.de\/de\/wp-json\/wp\/v2\/product\/11382\/revisions"}],"predecessor-version":[{"id":11441,"href":"https:\/\/shanabooks.de\/de\/wp-json\/wp\/v2\/product\/11382\/revisions\/11441"}],"wp:featuredmedia":[{"embeddable":true,"href":"https:\/\/shanabooks.de\/de\/wp-json\/wp\/v2\/media\/11385"}],"wp:attachment":[{"href":"https:\/\/shanabooks.de\/de\/wp-json\/wp\/v2\/media?parent=11382"}],"wp:term":[{"taxonomy":"product_brand","embeddable":true,"href":"https:\/\/shanabooks.de\/de\/wp-json\/wp\/v2\/product_brand?post=11382"},{"taxonomy":"product_cat","embeddable":true,"href":"https:\/\/shanabooks.de\/de\/wp-json\/wp\/v2\/product_cat?post=11382"},{"taxonomy":"product_tag","embeddable":true,"href":"https:\/\/shanabooks.de\/de\/wp-json\/wp\/v2\/product_tag?post=11382"}],"curies":[{"name":"wp","href":"https:\/\/api.w.org\/{rel}","templated":true}]}}