{"id":11387,"date":"2024-03-02T20:15:04","date_gmt":"2024-03-02T20:15:04","guid":{"rendered":"https:\/\/shanabooks.de\/?post_type=product&#038;p=11387"},"modified":"2025-12-30T22:15:18","modified_gmt":"2025-12-30T22:15:18","slug":"serdema-qazimazi-helim-yusiv","status":"publish","type":"product","link":"https:\/\/shanabooks.de\/de\/product\/serdema-qazimazi-helim-yusiv\/","title":{"rendered":"Serdema Qaz\u00eemaz\u00ee"},"content":{"rendered":"<p style=\"text-align: left;\"><strong>Serdema Qaz\u00eemaz\u00ee &#8211; Hel\u00eem Y\u00fbsiv<\/strong><\/p>\n<p style=\"text-align: left;\">\u00c7\u00eerok\u00ean serdema Qaz\u00eemaz\u00ee ya Hel\u00eem Y\u00fbsiv ber\u00ea xwe didin qonaxa her\u00ee hest\u00eeyar ya ku S\u00fbr\u00eey\u00ea \u00fb rojavay\u00ea Kurdistan\u00ea t\u00ea ra derbasdibe. Qaz\u00eemaz\u00ee ber\u00ee ku k\u00eazikeke xwe\u015fik \u00fb reng\u00een\u00ee be, bi xwequlipandin\u00ea t\u00ea naskirin. Kes\u00ean van \u00e7\u00eerokan pir n\u00eaz\u00eek\u00ee me ne, ji nav me ne. Carinan mirov dib\u00ea qey behsa hinekan dibe ku mirov wan ba\u015f nas dike, l\u00ea di heman dem\u00ea da kes\u00ean xeyal\u00ee ne, wek\u00ee mirov ew di xewnek\u00ea da d\u00eetibin.<\/p>\n<p style=\"text-align: left;\">Niv\u00eeskar di \u00e7\u00eerok\u00ean v\u00ea berhema xwe da bi temam\u00ee pala xwe dide ketwar\u00eeya rew\u015fa welat\u00ea xwe, l\u00ea bi w\u00ea xeta xwe ya suryal\u00ee ra j\u00ee dilsoz dim\u00eene.<br \/>\nXeyal \u00fb rast\u00ee bi hev ra dime\u015fin, geh ji hev d\u00fbr dikevin \u00fb geh j\u00ee ew tay\u00ea di navbera wan da diqete \u00fb herdu tevlihev dibin. Bi v\u00ea tevlihevb\u00fbn\u00ea ra \u00e7\u00eerokine weha t\u00eane h\u00fbnandin, ku hem mirov ji xwendina wan t\u00ear nabe \u00fb hem j\u00ee bi her away\u00ee xwe\u015fik\u00ee \u00fb speh\u00eeb\u00fbneke c\u00eawaz dipar\u00eazin.<\/p>\n","protected":false},"excerpt":{"rendered":"<p style=\"text-align: center;\"><strong>pirt\u00fbk: Serdema Qaz\u00eemaz\u00ee<br \/>\nNiv\u00eeskar: Hel\u00eem Y\u00fbsiv<br \/>\nCure: \u00c7\u00eerok<\/strong><\/p>\n","protected":false},"featured_media":11396,"template":"","meta":{"site-sidebar-layout":"default","site-content-layout":"","ast-site-content-layout":"default","site-content-style":"default","site-sidebar-style":"default","ast-global-header-display":"","ast-banner-title-visibility":"","ast-main-header-display":"","ast-hfb-above-header-display":"","ast-hfb-below-header-display":"","ast-hfb-mobile-header-display":"","site-post-title":"","ast-breadcrumbs-content":"","ast-featured-img":"","footer-sml-layout":"","ast-disable-related-posts":"","theme-transparent-header-meta":"default","adv-header-id-meta":"","stick-header-meta":"","header-above-stick-meta":"","header-main-stick-meta":"","header-below-stick-meta":"","astra-migrate-meta-layouts":"set","ast-page-background-enabled":"default","ast-page-background-meta":{"desktop":{"background-color":"","background-image":"","background-repeat":"repeat","background-position":"center center","background-size":"auto","background-attachment":"scroll","background-type":"","background-media":"","overlay-type":"","overlay-color":"","overlay-opacity":"","overlay-gradient":""},"tablet":{"background-color":"","background-image":"","background-repeat":"repeat","background-position":"center center","background-size":"auto","background-attachment":"scroll","background-type":"","background-media":"","overlay-type":"","overlay-color":"","overlay-opacity":"","overlay-gradient":""},"mobile":{"background-color":"","background-image":"","background-repeat":"repeat","background-position":"center center","background-size":"auto","background-attachment":"scroll","background-type":"","background-media":"","overlay-type":"","overlay-color":"","overlay-opacity":"","overlay-gradient":""}},"ast-content-background-meta":{"desktop":{"background-color":"var(--ast-global-color-5)","background-image":"","background-repeat":"repeat","background-position":"center center","background-size":"auto","background-attachment":"scroll","background-type":"","background-media":"","overlay-type":"","overlay-color":"","overlay-opacity":"","overlay-gradient":""},"tablet":{"background-color":"var(--ast-global-color-5)","background-image":"","background-repeat":"repeat","background-position":"center center","background-size":"auto","background-attachment":"scroll","background-type":"","background-media":"","overlay-type":"","overlay-color":"","overlay-opacity":"","overlay-gradient":""},"mobile":{"background-color":"var(--ast-global-color-5)","background-image":"","background-repeat":"repeat","background-position":"center center","background-size":"auto","background-attachment":"scroll","background-type":"","background-media":"","overlay-type":"","overlay-color":"","overlay-opacity":"","overlay-gradient":""}}},"product_brand":[],"product_cat":[183,193],"product_tag":[],"class_list":{"0":"post-11387","1":"product","2":"type-product","3":"status-publish","4":"has-post-thumbnail","6":"product_cat-_","7":"product_cat--_","8":"pa_-cirok","9":"pa_-helim-yusiv","10":"pa_-kurmanci","11":"pa_--ava","12":"desktop-align-left","13":"tablet-align-left","14":"mobile-align-left","16":"first","17":"instock","18":"shipping-taxable","19":"purchasable","20":"product-type-simple"},"yoast_head":"<!-- This site is optimized with the Yoast SEO plugin v27.4 - https:\/\/yoast.com\/product\/yoast-seo-wordpress\/ -->\n<title>Serdema Qaz\u00eemaz\u00ee - Hel\u00eem Y\u00fbsiv Serdema Qaz\u00eemaz\u00ee - www.shanabooks.de<\/title>\n<meta name=\"description\" content=\"Serdema Qaz\u00eemaz\u00ee - Hel\u00eem Y\u00fbsiv\u00a0\u00c7\u00eerok\u00ean v\u00ea pirt\u00fbk\u00ea ber\u00ea xwe didin qonaxa her\u00ee hest\u00eeyar ya ku S\u00fbr\u00eey\u00ea \u00fb rojavay\u00ea Kurdistan\u00ea t\u00ea ra derbasdibe. Qaz\u00eemaz\u00ee ber\u00ee ...\" \/>\n<meta name=\"robots\" content=\"index, follow, max-snippet:-1, max-image-preview:large, max-video-preview:-1\" \/>\n<link rel=\"canonical\" href=\"https:\/\/shanabooks.de\/product\/serdema-qazimazi-helim-yusiv\/\" \/>\n<meta property=\"og:locale\" content=\"de_DE\" \/>\n<meta property=\"og:type\" content=\"article\" \/>\n<meta property=\"og:title\" content=\"Serdema Qaz\u00eemaz\u00ee - Hel\u00eem Y\u00fbsiv Serdema Qaz\u00eemaz\u00ee - www.shanabooks.de\" \/>\n<meta property=\"og:description\" content=\"Serdema Qaz\u00eemaz\u00ee - Hel\u00eem Y\u00fbsiv\u00a0\u00c7\u00eerok\u00ean v\u00ea pirt\u00fbk\u00ea ber\u00ea xwe didin qonaxa her\u00ee hest\u00eeyar ya ku S\u00fbr\u00eey\u00ea \u00fb rojavay\u00ea Kurdistan\u00ea t\u00ea ra derbasdibe. Qaz\u00eemaz\u00ee ber\u00ee ...\" \/>\n<meta property=\"og:url\" content=\"https:\/\/shanabooks.de\/product\/serdema-qazimazi-helim-yusiv\/\" \/>\n<meta property=\"og:site_name\" content=\"www.shanabooks.de\" \/>\n<meta property=\"article:modified_time\" content=\"2025-12-30T22:15:18+00:00\" \/>\n<meta property=\"og:image\" content=\"https:\/\/shanabooks.de\/wp-content\/uploads\/2024\/03\/Serdema-Qazimazi.png\" \/>\n\t<meta property=\"og:image:width\" content=\"599\" \/>\n\t<meta property=\"og:image:height\" content=\"900\" \/>\n\t<meta property=\"og:image:type\" content=\"image\/png\" \/>\n<meta name=\"twitter:card\" content=\"summary_large_image\" \/>\n<meta name=\"twitter:label1\" content=\"Gesch\u00e4tzte Lesezeit\" \/>\n\t<meta name=\"twitter:data1\" content=\"2\u00a0Minuten\" \/>\n<script type=\"application\/ld+json\" class=\"yoast-schema-graph\">{\"@context\":\"https:\\\/\\\/schema.org\",\"@graph\":[{\"@type\":\"WebPage\",\"@id\":\"https:\\\/\\\/shanabooks.de\\\/product\\\/serdema-qazimazi-helim-yusiv\\\/\",\"url\":\"https:\\\/\\\/shanabooks.de\\\/product\\\/serdema-qazimazi-helim-yusiv\\\/\",\"name\":\"Serdema Qaz\u00eemaz\u00ee - Hel\u00eem Y\u00fbsiv Serdema Qaz\u00eemaz\u00ee - www.shanabooks.de\",\"isPartOf\":{\"@id\":\"https:\\\/\\\/shanabooks.de\\\/#website\"},\"primaryImageOfPage\":{\"@id\":\"https:\\\/\\\/shanabooks.de\\\/product\\\/serdema-qazimazi-helim-yusiv\\\/#primaryimage\"},\"image\":{\"@id\":\"https:\\\/\\\/shanabooks.de\\\/product\\\/serdema-qazimazi-helim-yusiv\\\/#primaryimage\"},\"thumbnailUrl\":\"https:\\\/\\\/shanabooks.de\\\/wp-content\\\/uploads\\\/2024\\\/03\\\/Serdema-Qazimazi.png\",\"datePublished\":\"2024-03-02T20:15:04+00:00\",\"dateModified\":\"2025-12-30T22:15:18+00:00\",\"description\":\"Serdema Qaz\u00eemaz\u00ee - Hel\u00eem Y\u00fbsiv\u00a0\u00c7\u00eerok\u00ean v\u00ea pirt\u00fbk\u00ea ber\u00ea xwe didin qonaxa her\u00ee hest\u00eeyar ya ku S\u00fbr\u00eey\u00ea \u00fb rojavay\u00ea Kurdistan\u00ea t\u00ea ra derbasdibe. Qaz\u00eemaz\u00ee ber\u00ee ...\",\"breadcrumb\":{\"@id\":\"https:\\\/\\\/shanabooks.de\\\/product\\\/serdema-qazimazi-helim-yusiv\\\/#breadcrumb\"},\"inLanguage\":\"de\",\"potentialAction\":[{\"@type\":\"ReadAction\",\"target\":[\"https:\\\/\\\/shanabooks.de\\\/product\\\/serdema-qazimazi-helim-yusiv\\\/\"]}]},{\"@type\":\"ImageObject\",\"inLanguage\":\"de\",\"@id\":\"https:\\\/\\\/shanabooks.de\\\/product\\\/serdema-qazimazi-helim-yusiv\\\/#primaryimage\",\"url\":\"https:\\\/\\\/shanabooks.de\\\/wp-content\\\/uploads\\\/2024\\\/03\\\/Serdema-Qazimazi.png\",\"contentUrl\":\"https:\\\/\\\/shanabooks.de\\\/wp-content\\\/uploads\\\/2024\\\/03\\\/Serdema-Qazimazi.png\",\"width\":599,\"height\":900,\"caption\":\"Serdema Qaz\u00eemaz\u00ee - Hel\u00eem Y\u00fbsiv - Pirt\u00fbk\u00ean Kurd\u00ee\"},{\"@type\":\"BreadcrumbList\",\"@id\":\"https:\\\/\\\/shanabooks.de\\\/product\\\/serdema-qazimazi-helim-yusiv\\\/#breadcrumb\",\"itemListElement\":[{\"@type\":\"ListItem\",\"position\":1,\"name\":\"\u0627\u0644\u0631\u0626\u064a\u0633\u064a\u0629\",\"item\":\"https:\\\/\\\/shanabooks.de\\\/de\\\/\"},{\"@type\":\"ListItem\",\"position\":2,\"name\":\"\u0627\u0644\u0645\u0646\u062a\u062c\u0627\u062a\",\"item\":\"https:\\\/\\\/shanabooks.de\\\/shop\\\/\"},{\"@type\":\"ListItem\",\"position\":3,\"name\":\"Serdema Qaz\u00eemaz\u00ee\"}]},{\"@type\":\"WebSite\",\"@id\":\"https:\\\/\\\/shanabooks.de\\\/#website\",\"url\":\"https:\\\/\\\/shanabooks.de\\\/\",\"name\":\"www.shanbooks.de\",\"description\":\"C\u00eehana Pirt\u00fbk\u00ean Kurd\u00ee \u0645\u0643\u062a\u0628\u0629 \u0634\u0627\u0646\u0627 \u0641\u064a \u0627\u0644\u0645\u0627\u0646\u064a\u0627 \u0648\u0623\u0648\u0631\u0628\u0627\",\"publisher\":{\"@id\":\"https:\\\/\\\/shanabooks.de\\\/#organization\"},\"potentialAction\":[{\"@type\":\"SearchAction\",\"target\":{\"@type\":\"EntryPoint\",\"urlTemplate\":\"https:\\\/\\\/shanabooks.de\\\/?s={search_term_string}\"},\"query-input\":{\"@type\":\"PropertyValueSpecification\",\"valueRequired\":true,\"valueName\":\"search_term_string\"}}],\"inLanguage\":\"de\"},{\"@type\":\"Organization\",\"@id\":\"https:\\\/\\\/shanabooks.de\\\/#organization\",\"name\":\"www.shanbooks.de\",\"url\":\"https:\\\/\\\/shanabooks.de\\\/\",\"logo\":{\"@type\":\"ImageObject\",\"inLanguage\":\"de\",\"@id\":\"https:\\\/\\\/shanabooks.de\\\/#\\\/schema\\\/logo\\\/image\\\/\",\"url\":\"https:\\\/\\\/shanabooks.de\\\/wp-content\\\/uploads\\\/2024\\\/03\\\/SHANABOOKS__2_-removebg-preview.png\",\"contentUrl\":\"https:\\\/\\\/shanabooks.de\\\/wp-content\\\/uploads\\\/2024\\\/03\\\/SHANABOOKS__2_-removebg-preview.png\",\"width\":700,\"height\":150,\"caption\":\"www.shanbooks.de\"},\"image\":{\"@id\":\"https:\\\/\\\/shanabooks.de\\\/#\\\/schema\\\/logo\\\/image\\\/\"}}]}<\/script>\n<!-- \/ Yoast SEO plugin. -->","yoast_head_json":{"title":"Serdema Qaz\u00eemaz\u00ee - Hel\u00eem Y\u00fbsiv Serdema Qaz\u00eemaz\u00ee - www.shanabooks.de","description":"Serdema Qaz\u00eemaz\u00ee - Hel\u00eem Y\u00fbsiv\u00a0\u00c7\u00eerok\u00ean v\u00ea pirt\u00fbk\u00ea ber\u00ea xwe didin qonaxa her\u00ee hest\u00eeyar ya ku S\u00fbr\u00eey\u00ea \u00fb rojavay\u00ea Kurdistan\u00ea t\u00ea ra derbasdibe. Qaz\u00eemaz\u00ee ber\u00ee ...","robots":{"index":"index","follow":"follow","max-snippet":"max-snippet:-1","max-image-preview":"max-image-preview:large","max-video-preview":"max-video-preview:-1"},"canonical":"https:\/\/shanabooks.de\/product\/serdema-qazimazi-helim-yusiv\/","og_locale":"de_DE","og_type":"article","og_title":"Serdema Qaz\u00eemaz\u00ee - Hel\u00eem Y\u00fbsiv Serdema Qaz\u00eemaz\u00ee - www.shanabooks.de","og_description":"Serdema Qaz\u00eemaz\u00ee - Hel\u00eem Y\u00fbsiv\u00a0\u00c7\u00eerok\u00ean v\u00ea pirt\u00fbk\u00ea ber\u00ea xwe didin qonaxa her\u00ee hest\u00eeyar ya ku S\u00fbr\u00eey\u00ea \u00fb rojavay\u00ea Kurdistan\u00ea t\u00ea ra derbasdibe. Qaz\u00eemaz\u00ee ber\u00ee ...","og_url":"https:\/\/shanabooks.de\/product\/serdema-qazimazi-helim-yusiv\/","og_site_name":"www.shanabooks.de","article_modified_time":"2025-12-30T22:15:18+00:00","og_image":[{"width":599,"height":900,"url":"https:\/\/shanabooks.de\/wp-content\/uploads\/2024\/03\/Serdema-Qazimazi.png","type":"image\/png"}],"twitter_card":"summary_large_image","twitter_misc":{"Gesch\u00e4tzte Lesezeit":"2\u00a0Minuten"},"schema":{"@context":"https:\/\/schema.org","@graph":[{"@type":"WebPage","@id":"https:\/\/shanabooks.de\/product\/serdema-qazimazi-helim-yusiv\/","url":"https:\/\/shanabooks.de\/product\/serdema-qazimazi-helim-yusiv\/","name":"Serdema Qaz\u00eemaz\u00ee - Hel\u00eem Y\u00fbsiv Serdema Qaz\u00eemaz\u00ee - www.shanabooks.de","isPartOf":{"@id":"https:\/\/shanabooks.de\/#website"},"primaryImageOfPage":{"@id":"https:\/\/shanabooks.de\/product\/serdema-qazimazi-helim-yusiv\/#primaryimage"},"image":{"@id":"https:\/\/shanabooks.de\/product\/serdema-qazimazi-helim-yusiv\/#primaryimage"},"thumbnailUrl":"https:\/\/shanabooks.de\/wp-content\/uploads\/2024\/03\/Serdema-Qazimazi.png","datePublished":"2024-03-02T20:15:04+00:00","dateModified":"2025-12-30T22:15:18+00:00","description":"Serdema Qaz\u00eemaz\u00ee - Hel\u00eem Y\u00fbsiv\u00a0\u00c7\u00eerok\u00ean v\u00ea pirt\u00fbk\u00ea ber\u00ea xwe didin qonaxa her\u00ee hest\u00eeyar ya ku S\u00fbr\u00eey\u00ea \u00fb rojavay\u00ea Kurdistan\u00ea t\u00ea ra derbasdibe. Qaz\u00eemaz\u00ee ber\u00ee ...","breadcrumb":{"@id":"https:\/\/shanabooks.de\/product\/serdema-qazimazi-helim-yusiv\/#breadcrumb"},"inLanguage":"de","potentialAction":[{"@type":"ReadAction","target":["https:\/\/shanabooks.de\/product\/serdema-qazimazi-helim-yusiv\/"]}]},{"@type":"ImageObject","inLanguage":"de","@id":"https:\/\/shanabooks.de\/product\/serdema-qazimazi-helim-yusiv\/#primaryimage","url":"https:\/\/shanabooks.de\/wp-content\/uploads\/2024\/03\/Serdema-Qazimazi.png","contentUrl":"https:\/\/shanabooks.de\/wp-content\/uploads\/2024\/03\/Serdema-Qazimazi.png","width":599,"height":900,"caption":"Serdema Qaz\u00eemaz\u00ee - Hel\u00eem Y\u00fbsiv - Pirt\u00fbk\u00ean Kurd\u00ee"},{"@type":"BreadcrumbList","@id":"https:\/\/shanabooks.de\/product\/serdema-qazimazi-helim-yusiv\/#breadcrumb","itemListElement":[{"@type":"ListItem","position":1,"name":"\u0627\u0644\u0631\u0626\u064a\u0633\u064a\u0629","item":"https:\/\/shanabooks.de\/de\/"},{"@type":"ListItem","position":2,"name":"\u0627\u0644\u0645\u0646\u062a\u062c\u0627\u062a","item":"https:\/\/shanabooks.de\/shop\/"},{"@type":"ListItem","position":3,"name":"Serdema Qaz\u00eemaz\u00ee"}]},{"@type":"WebSite","@id":"https:\/\/shanabooks.de\/#website","url":"https:\/\/shanabooks.de\/","name":"www.shanbooks.de","description":"C\u00eehana Pirt\u00fbk\u00ean Kurd\u00ee \u0645\u0643\u062a\u0628\u0629 \u0634\u0627\u0646\u0627 \u0641\u064a \u0627\u0644\u0645\u0627\u0646\u064a\u0627 \u0648\u0623\u0648\u0631\u0628\u0627","publisher":{"@id":"https:\/\/shanabooks.de\/#organization"},"potentialAction":[{"@type":"SearchAction","target":{"@type":"EntryPoint","urlTemplate":"https:\/\/shanabooks.de\/?s={search_term_string}"},"query-input":{"@type":"PropertyValueSpecification","valueRequired":true,"valueName":"search_term_string"}}],"inLanguage":"de"},{"@type":"Organization","@id":"https:\/\/shanabooks.de\/#organization","name":"www.shanbooks.de","url":"https:\/\/shanabooks.de\/","logo":{"@type":"ImageObject","inLanguage":"de","@id":"https:\/\/shanabooks.de\/#\/schema\/logo\/image\/","url":"https:\/\/shanabooks.de\/wp-content\/uploads\/2024\/03\/SHANABOOKS__2_-removebg-preview.png","contentUrl":"https:\/\/shanabooks.de\/wp-content\/uploads\/2024\/03\/SHANABOOKS__2_-removebg-preview.png","width":700,"height":150,"caption":"www.shanbooks.de"},"image":{"@id":"https:\/\/shanabooks.de\/#\/schema\/logo\/image\/"}}]}},"jetpack_sharing_enabled":true,"_links":{"self":[{"href":"https:\/\/shanabooks.de\/de\/wp-json\/wp\/v2\/product\/11387","targetHints":{"allow":["GET"]}}],"collection":[{"href":"https:\/\/shanabooks.de\/de\/wp-json\/wp\/v2\/product"}],"about":[{"href":"https:\/\/shanabooks.de\/de\/wp-json\/wp\/v2\/types\/product"}],"version-history":[{"count":2,"href":"https:\/\/shanabooks.de\/de\/wp-json\/wp\/v2\/product\/11387\/revisions"}],"predecessor-version":[{"id":11440,"href":"https:\/\/shanabooks.de\/de\/wp-json\/wp\/v2\/product\/11387\/revisions\/11440"}],"wp:featuredmedia":[{"embeddable":true,"href":"https:\/\/shanabooks.de\/de\/wp-json\/wp\/v2\/media\/11396"}],"wp:attachment":[{"href":"https:\/\/shanabooks.de\/de\/wp-json\/wp\/v2\/media?parent=11387"}],"wp:term":[{"taxonomy":"product_brand","embeddable":true,"href":"https:\/\/shanabooks.de\/de\/wp-json\/wp\/v2\/product_brand?post=11387"},{"taxonomy":"product_cat","embeddable":true,"href":"https:\/\/shanabooks.de\/de\/wp-json\/wp\/v2\/product_cat?post=11387"},{"taxonomy":"product_tag","embeddable":true,"href":"https:\/\/shanabooks.de\/de\/wp-json\/wp\/v2\/product_tag?post=11387"}],"curies":[{"name":"wp","href":"https:\/\/api.w.org\/{rel}","templated":true}]}}