{"id":11388,"date":"2024-03-02T20:24:47","date_gmt":"2024-03-02T20:24:47","guid":{"rendered":"https:\/\/shanabooks.de\/?post_type=product&#038;p=11388"},"modified":"2025-12-30T22:17:11","modified_gmt":"2025-12-30T22:17:11","slug":"miri-ranazin-helim-yusiv","status":"publish","type":"product","link":"https:\/\/shanabooks.de\/de\/product\/miri-ranazin-helim-yusiv\/","title":{"rendered":"Mir\u00ee Ranazin"},"content":{"rendered":"<p style=\"text-align: left;\"><strong>Mir\u00ee Ranazin &#8211; Hel\u00eem Y\u00fbsiv<\/strong><\/p>\n<p style=\"text-align: left;\">\u201cDi pirt\u00fbka Mir\u00ee Ranazin ya Hel\u00eem Y\u00fbsiv de mir\u00ee xwe\u015fik in, siwar\u00ea ku dij\u00ee ajovan derkeve guh\u00ea w\u00ee j\u00eadibe, ciwanek gava ku can dide, namire, dibe \u00e7iyayek \u00fb roj bi roj \u00e7iyay\u00ean v\u00ee welat\u00ee z\u00eadetir dibin, s\u00eenor mirovan dixwin, dil b\u00ea der\u00ee ne, mej\u00ee di teht\u00eel\u00ea de ne, re\u015fik\u00ean \u015fev\u00ea xwe li \u015fermola, goristana Am\u00fbd\u00ea digrin. \u015eermola berfireh dibe, dibe welatek \u00fb li v\u00ee welat\u00ee d\u00een komaran ava dikin\u2026 P\u00ea re j\u00ee \u00e7\u00eerok kiras\u00ean n\u00fbjeniy\u00ea li xwe dikin \u00fb ber\u00ea xwe didin jiyan\u00ea.\u201d<\/p>\n","protected":false},"excerpt":{"rendered":"<p style=\"text-align: center;\"><strong>Pirt\u00fbk: Mir\u00ee Ranazin<br \/>\nNiv\u00eeskar: Hel\u00eem Y\u00fbsiv<br \/>\nCure: \u00c7\u00eerok<\/strong><\/p>\n","protected":false},"featured_media":11400,"template":"","meta":{"site-sidebar-layout":"default","site-content-layout":"","ast-site-content-layout":"default","site-content-style":"default","site-sidebar-style":"default","ast-global-header-display":"","ast-banner-title-visibility":"","ast-main-header-display":"","ast-hfb-above-header-display":"","ast-hfb-below-header-display":"","ast-hfb-mobile-header-display":"","site-post-title":"","ast-breadcrumbs-content":"","ast-featured-img":"","footer-sml-layout":"","ast-disable-related-posts":"","theme-transparent-header-meta":"default","adv-header-id-meta":"","stick-header-meta":"","header-above-stick-meta":"","header-main-stick-meta":"","header-below-stick-meta":"","astra-migrate-meta-layouts":"set","ast-page-background-enabled":"default","ast-page-background-meta":{"desktop":{"background-color":"","background-image":"","background-repeat":"repeat","background-position":"center center","background-size":"auto","background-attachment":"scroll","background-type":"","background-media":"","overlay-type":"","overlay-color":"","overlay-opacity":"","overlay-gradient":""},"tablet":{"background-color":"","background-image":"","background-repeat":"repeat","background-position":"center center","background-size":"auto","background-attachment":"scroll","background-type":"","background-media":"","overlay-type":"","overlay-color":"","overlay-opacity":"","overlay-gradient":""},"mobile":{"background-color":"","background-image":"","background-repeat":"repeat","background-position":"center center","background-size":"auto","background-attachment":"scroll","background-type":"","background-media":"","overlay-type":"","overlay-color":"","overlay-opacity":"","overlay-gradient":""}},"ast-content-background-meta":{"desktop":{"background-color":"var(--ast-global-color-5)","background-image":"","background-repeat":"repeat","background-position":"center center","background-size":"auto","background-attachment":"scroll","background-type":"","background-media":"","overlay-type":"","overlay-color":"","overlay-opacity":"","overlay-gradient":""},"tablet":{"background-color":"var(--ast-global-color-5)","background-image":"","background-repeat":"repeat","background-position":"center center","background-size":"auto","background-attachment":"scroll","background-type":"","background-media":"","overlay-type":"","overlay-color":"","overlay-opacity":"","overlay-gradient":""},"mobile":{"background-color":"var(--ast-global-color-5)","background-image":"","background-repeat":"repeat","background-position":"center center","background-size":"auto","background-attachment":"scroll","background-type":"","background-media":"","overlay-type":"","overlay-color":"","overlay-opacity":"","overlay-gradient":""}}},"product_brand":[],"product_cat":[183,193],"product_tag":[],"class_list":{"0":"post-11388","1":"product","2":"type-product","3":"status-publish","4":"has-post-thumbnail","6":"product_cat-_","7":"product_cat--_","8":"pa_-cirok","9":"pa_-helim-yusiv","10":"pa_-kurmanci","11":"pa_--peywend-yayinlari","12":"desktop-align-left","13":"tablet-align-left","14":"mobile-align-left","16":"first","17":"instock","18":"shipping-taxable","19":"purchasable","20":"product-type-simple"},"yoast_head":"<!-- This site is optimized with the Yoast SEO plugin v27.4 - https:\/\/yoast.com\/product\/yoast-seo-wordpress\/ -->\n<title>Mir\u00ee Ranazin - Hel\u00eem Y\u00fbsiv Mir\u00ee Ranazin - www.shanabooks.de<\/title>\n<meta name=\"description\" content=\"Mir\u00ee Ranazin - Hel\u00eem Y\u00fbsiv Di pirt\u00fbka Mir\u00ee Ranazin de mir\u00ee xwe\u015fik in, siwar\u00ea ku dij\u00ee ajovan derkeve guh\u00ea w\u00ee j\u00eadibe, ciwanek gava ku can dide, namire, dibe..\" \/>\n<meta name=\"robots\" content=\"index, follow, max-snippet:-1, max-image-preview:large, max-video-preview:-1\" \/>\n<link rel=\"canonical\" href=\"https:\/\/shanabooks.de\/product\/miri-ranazin-helim-yusiv\/\" \/>\n<meta property=\"og:locale\" content=\"de_DE\" \/>\n<meta property=\"og:type\" content=\"article\" \/>\n<meta property=\"og:title\" content=\"Mir\u00ee Ranazin - Hel\u00eem Y\u00fbsiv Mir\u00ee Ranazin - www.shanabooks.de\" \/>\n<meta property=\"og:description\" content=\"Mir\u00ee Ranazin - Hel\u00eem Y\u00fbsiv Di pirt\u00fbka Mir\u00ee Ranazin de mir\u00ee xwe\u015fik in, siwar\u00ea ku dij\u00ee ajovan derkeve guh\u00ea w\u00ee j\u00eadibe, ciwanek gava ku can dide, namire, dibe..\" \/>\n<meta property=\"og:url\" content=\"https:\/\/shanabooks.de\/product\/miri-ranazin-helim-yusiv\/\" \/>\n<meta property=\"og:site_name\" content=\"www.shanabooks.de\" \/>\n<meta property=\"article:modified_time\" content=\"2025-12-30T22:17:11+00:00\" \/>\n<meta property=\"og:image\" content=\"https:\/\/shanabooks.de\/wp-content\/uploads\/2024\/03\/Miri-ranazin-1.jpg\" \/>\n\t<meta property=\"og:image:width\" content=\"306\" \/>\n\t<meta property=\"og:image:height\" content=\"481\" \/>\n\t<meta property=\"og:image:type\" content=\"image\/jpeg\" \/>\n<meta name=\"twitter:card\" content=\"summary_large_image\" \/>\n<meta name=\"twitter:label1\" content=\"Gesch\u00e4tzte Lesezeit\" \/>\n\t<meta name=\"twitter:data1\" content=\"1\u00a0Minute\" \/>\n<script type=\"application\/ld+json\" class=\"yoast-schema-graph\">{\"@context\":\"https:\\\/\\\/schema.org\",\"@graph\":[{\"@type\":\"WebPage\",\"@id\":\"https:\\\/\\\/shanabooks.de\\\/product\\\/miri-ranazin-helim-yusiv\\\/\",\"url\":\"https:\\\/\\\/shanabooks.de\\\/product\\\/miri-ranazin-helim-yusiv\\\/\",\"name\":\"Mir\u00ee Ranazin - Hel\u00eem Y\u00fbsiv Mir\u00ee Ranazin - www.shanabooks.de\",\"isPartOf\":{\"@id\":\"https:\\\/\\\/shanabooks.de\\\/#website\"},\"primaryImageOfPage\":{\"@id\":\"https:\\\/\\\/shanabooks.de\\\/product\\\/miri-ranazin-helim-yusiv\\\/#primaryimage\"},\"image\":{\"@id\":\"https:\\\/\\\/shanabooks.de\\\/product\\\/miri-ranazin-helim-yusiv\\\/#primaryimage\"},\"thumbnailUrl\":\"https:\\\/\\\/shanabooks.de\\\/wp-content\\\/uploads\\\/2024\\\/03\\\/Miri-ranazin-1.jpg\",\"datePublished\":\"2024-03-02T20:24:47+00:00\",\"dateModified\":\"2025-12-30T22:17:11+00:00\",\"description\":\"Mir\u00ee Ranazin - Hel\u00eem Y\u00fbsiv Di pirt\u00fbka Mir\u00ee Ranazin de mir\u00ee xwe\u015fik in, siwar\u00ea ku dij\u00ee ajovan derkeve guh\u00ea w\u00ee j\u00eadibe, ciwanek gava ku can dide, namire, dibe..\",\"breadcrumb\":{\"@id\":\"https:\\\/\\\/shanabooks.de\\\/product\\\/miri-ranazin-helim-yusiv\\\/#breadcrumb\"},\"inLanguage\":\"de\",\"potentialAction\":[{\"@type\":\"ReadAction\",\"target\":[\"https:\\\/\\\/shanabooks.de\\\/product\\\/miri-ranazin-helim-yusiv\\\/\"]}]},{\"@type\":\"ImageObject\",\"inLanguage\":\"de\",\"@id\":\"https:\\\/\\\/shanabooks.de\\\/product\\\/miri-ranazin-helim-yusiv\\\/#primaryimage\",\"url\":\"https:\\\/\\\/shanabooks.de\\\/wp-content\\\/uploads\\\/2024\\\/03\\\/Miri-ranazin-1.jpg\",\"contentUrl\":\"https:\\\/\\\/shanabooks.de\\\/wp-content\\\/uploads\\\/2024\\\/03\\\/Miri-ranazin-1.jpg\",\"width\":306,\"height\":481,\"caption\":\"Mir\u00ee ranazin - Hel\u00eem Y\u00fbsiv - Pirt\u00fbkk\u00ean Kurd\u00ee\"},{\"@type\":\"BreadcrumbList\",\"@id\":\"https:\\\/\\\/shanabooks.de\\\/product\\\/miri-ranazin-helim-yusiv\\\/#breadcrumb\",\"itemListElement\":[{\"@type\":\"ListItem\",\"position\":1,\"name\":\"\u0627\u0644\u0631\u0626\u064a\u0633\u064a\u0629\",\"item\":\"https:\\\/\\\/shanabooks.de\\\/de\\\/\"},{\"@type\":\"ListItem\",\"position\":2,\"name\":\"\u0627\u0644\u0645\u0646\u062a\u062c\u0627\u062a\",\"item\":\"https:\\\/\\\/shanabooks.de\\\/shop\\\/\"},{\"@type\":\"ListItem\",\"position\":3,\"name\":\"Mir\u00ee Ranazin\"}]},{\"@type\":\"WebSite\",\"@id\":\"https:\\\/\\\/shanabooks.de\\\/#website\",\"url\":\"https:\\\/\\\/shanabooks.de\\\/\",\"name\":\"www.shanbooks.de\",\"description\":\"C\u00eehana Pirt\u00fbk\u00ean Kurd\u00ee \u0645\u0643\u062a\u0628\u0629 \u0634\u0627\u0646\u0627 \u0641\u064a \u0627\u0644\u0645\u0627\u0646\u064a\u0627 \u0648\u0623\u0648\u0631\u0628\u0627\",\"publisher\":{\"@id\":\"https:\\\/\\\/shanabooks.de\\\/#organization\"},\"potentialAction\":[{\"@type\":\"SearchAction\",\"target\":{\"@type\":\"EntryPoint\",\"urlTemplate\":\"https:\\\/\\\/shanabooks.de\\\/?s={search_term_string}\"},\"query-input\":{\"@type\":\"PropertyValueSpecification\",\"valueRequired\":true,\"valueName\":\"search_term_string\"}}],\"inLanguage\":\"de\"},{\"@type\":\"Organization\",\"@id\":\"https:\\\/\\\/shanabooks.de\\\/#organization\",\"name\":\"www.shanbooks.de\",\"url\":\"https:\\\/\\\/shanabooks.de\\\/\",\"logo\":{\"@type\":\"ImageObject\",\"inLanguage\":\"de\",\"@id\":\"https:\\\/\\\/shanabooks.de\\\/#\\\/schema\\\/logo\\\/image\\\/\",\"url\":\"https:\\\/\\\/shanabooks.de\\\/wp-content\\\/uploads\\\/2024\\\/03\\\/SHANABOOKS__2_-removebg-preview.png\",\"contentUrl\":\"https:\\\/\\\/shanabooks.de\\\/wp-content\\\/uploads\\\/2024\\\/03\\\/SHANABOOKS__2_-removebg-preview.png\",\"width\":700,\"height\":150,\"caption\":\"www.shanbooks.de\"},\"image\":{\"@id\":\"https:\\\/\\\/shanabooks.de\\\/#\\\/schema\\\/logo\\\/image\\\/\"}}]}<\/script>\n<!-- \/ Yoast SEO plugin. -->","yoast_head_json":{"title":"Mir\u00ee Ranazin - Hel\u00eem Y\u00fbsiv Mir\u00ee Ranazin - www.shanabooks.de","description":"Mir\u00ee Ranazin - Hel\u00eem Y\u00fbsiv Di pirt\u00fbka Mir\u00ee Ranazin de mir\u00ee xwe\u015fik in, siwar\u00ea ku dij\u00ee ajovan derkeve guh\u00ea w\u00ee j\u00eadibe, ciwanek gava ku can dide, namire, dibe..","robots":{"index":"index","follow":"follow","max-snippet":"max-snippet:-1","max-image-preview":"max-image-preview:large","max-video-preview":"max-video-preview:-1"},"canonical":"https:\/\/shanabooks.de\/product\/miri-ranazin-helim-yusiv\/","og_locale":"de_DE","og_type":"article","og_title":"Mir\u00ee Ranazin - Hel\u00eem Y\u00fbsiv Mir\u00ee Ranazin - www.shanabooks.de","og_description":"Mir\u00ee Ranazin - Hel\u00eem Y\u00fbsiv Di pirt\u00fbka Mir\u00ee Ranazin de mir\u00ee xwe\u015fik in, siwar\u00ea ku dij\u00ee ajovan derkeve guh\u00ea w\u00ee j\u00eadibe, ciwanek gava ku can dide, namire, dibe..","og_url":"https:\/\/shanabooks.de\/product\/miri-ranazin-helim-yusiv\/","og_site_name":"www.shanabooks.de","article_modified_time":"2025-12-30T22:17:11+00:00","og_image":[{"width":306,"height":481,"url":"https:\/\/shanabooks.de\/wp-content\/uploads\/2024\/03\/Miri-ranazin-1.jpg","type":"image\/jpeg"}],"twitter_card":"summary_large_image","twitter_misc":{"Gesch\u00e4tzte Lesezeit":"1\u00a0Minute"},"schema":{"@context":"https:\/\/schema.org","@graph":[{"@type":"WebPage","@id":"https:\/\/shanabooks.de\/product\/miri-ranazin-helim-yusiv\/","url":"https:\/\/shanabooks.de\/product\/miri-ranazin-helim-yusiv\/","name":"Mir\u00ee Ranazin - Hel\u00eem Y\u00fbsiv Mir\u00ee Ranazin - www.shanabooks.de","isPartOf":{"@id":"https:\/\/shanabooks.de\/#website"},"primaryImageOfPage":{"@id":"https:\/\/shanabooks.de\/product\/miri-ranazin-helim-yusiv\/#primaryimage"},"image":{"@id":"https:\/\/shanabooks.de\/product\/miri-ranazin-helim-yusiv\/#primaryimage"},"thumbnailUrl":"https:\/\/shanabooks.de\/wp-content\/uploads\/2024\/03\/Miri-ranazin-1.jpg","datePublished":"2024-03-02T20:24:47+00:00","dateModified":"2025-12-30T22:17:11+00:00","description":"Mir\u00ee Ranazin - Hel\u00eem Y\u00fbsiv Di pirt\u00fbka Mir\u00ee Ranazin de mir\u00ee xwe\u015fik in, siwar\u00ea ku dij\u00ee ajovan derkeve guh\u00ea w\u00ee j\u00eadibe, ciwanek gava ku can dide, namire, dibe..","breadcrumb":{"@id":"https:\/\/shanabooks.de\/product\/miri-ranazin-helim-yusiv\/#breadcrumb"},"inLanguage":"de","potentialAction":[{"@type":"ReadAction","target":["https:\/\/shanabooks.de\/product\/miri-ranazin-helim-yusiv\/"]}]},{"@type":"ImageObject","inLanguage":"de","@id":"https:\/\/shanabooks.de\/product\/miri-ranazin-helim-yusiv\/#primaryimage","url":"https:\/\/shanabooks.de\/wp-content\/uploads\/2024\/03\/Miri-ranazin-1.jpg","contentUrl":"https:\/\/shanabooks.de\/wp-content\/uploads\/2024\/03\/Miri-ranazin-1.jpg","width":306,"height":481,"caption":"Mir\u00ee ranazin - Hel\u00eem Y\u00fbsiv - Pirt\u00fbkk\u00ean Kurd\u00ee"},{"@type":"BreadcrumbList","@id":"https:\/\/shanabooks.de\/product\/miri-ranazin-helim-yusiv\/#breadcrumb","itemListElement":[{"@type":"ListItem","position":1,"name":"\u0627\u0644\u0631\u0626\u064a\u0633\u064a\u0629","item":"https:\/\/shanabooks.de\/de\/"},{"@type":"ListItem","position":2,"name":"\u0627\u0644\u0645\u0646\u062a\u062c\u0627\u062a","item":"https:\/\/shanabooks.de\/shop\/"},{"@type":"ListItem","position":3,"name":"Mir\u00ee Ranazin"}]},{"@type":"WebSite","@id":"https:\/\/shanabooks.de\/#website","url":"https:\/\/shanabooks.de\/","name":"www.shanbooks.de","description":"C\u00eehana Pirt\u00fbk\u00ean Kurd\u00ee \u0645\u0643\u062a\u0628\u0629 \u0634\u0627\u0646\u0627 \u0641\u064a \u0627\u0644\u0645\u0627\u0646\u064a\u0627 \u0648\u0623\u0648\u0631\u0628\u0627","publisher":{"@id":"https:\/\/shanabooks.de\/#organization"},"potentialAction":[{"@type":"SearchAction","target":{"@type":"EntryPoint","urlTemplate":"https:\/\/shanabooks.de\/?s={search_term_string}"},"query-input":{"@type":"PropertyValueSpecification","valueRequired":true,"valueName":"search_term_string"}}],"inLanguage":"de"},{"@type":"Organization","@id":"https:\/\/shanabooks.de\/#organization","name":"www.shanbooks.de","url":"https:\/\/shanabooks.de\/","logo":{"@type":"ImageObject","inLanguage":"de","@id":"https:\/\/shanabooks.de\/#\/schema\/logo\/image\/","url":"https:\/\/shanabooks.de\/wp-content\/uploads\/2024\/03\/SHANABOOKS__2_-removebg-preview.png","contentUrl":"https:\/\/shanabooks.de\/wp-content\/uploads\/2024\/03\/SHANABOOKS__2_-removebg-preview.png","width":700,"height":150,"caption":"www.shanbooks.de"},"image":{"@id":"https:\/\/shanabooks.de\/#\/schema\/logo\/image\/"}}]}},"jetpack_sharing_enabled":true,"_links":{"self":[{"href":"https:\/\/shanabooks.de\/de\/wp-json\/wp\/v2\/product\/11388","targetHints":{"allow":["GET"]}}],"collection":[{"href":"https:\/\/shanabooks.de\/de\/wp-json\/wp\/v2\/product"}],"about":[{"href":"https:\/\/shanabooks.de\/de\/wp-json\/wp\/v2\/types\/product"}],"version-history":[{"count":2,"href":"https:\/\/shanabooks.de\/de\/wp-json\/wp\/v2\/product\/11388\/revisions"}],"predecessor-version":[{"id":11439,"href":"https:\/\/shanabooks.de\/de\/wp-json\/wp\/v2\/product\/11388\/revisions\/11439"}],"wp:featuredmedia":[{"embeddable":true,"href":"https:\/\/shanabooks.de\/de\/wp-json\/wp\/v2\/media\/11400"}],"wp:attachment":[{"href":"https:\/\/shanabooks.de\/de\/wp-json\/wp\/v2\/media?parent=11388"}],"wp:term":[{"taxonomy":"product_brand","embeddable":true,"href":"https:\/\/shanabooks.de\/de\/wp-json\/wp\/v2\/product_brand?post=11388"},{"taxonomy":"product_cat","embeddable":true,"href":"https:\/\/shanabooks.de\/de\/wp-json\/wp\/v2\/product_cat?post=11388"},{"taxonomy":"product_tag","embeddable":true,"href":"https:\/\/shanabooks.de\/de\/wp-json\/wp\/v2\/product_tag?post=11388"}],"curies":[{"name":"wp","href":"https:\/\/api.w.org\/{rel}","templated":true}]}}