{"id":11407,"date":"2024-03-02T20:59:35","date_gmt":"2024-03-02T20:59:35","guid":{"rendered":"https:\/\/shanabooks.de\/?post_type=product&#038;p=11407"},"modified":"2025-12-30T22:18:02","modified_gmt":"2025-12-30T22:18:02","slug":"jinen-qaten-bilind-helim-yusiv","status":"publish","type":"product","link":"https:\/\/shanabooks.de\/de\/product\/jinen-qaten-bilind-helim-yusiv\/","title":{"rendered":"Jin\u00ean Qat\u00ean Bilind"},"content":{"rendered":"<p style=\"text-align: left;\"><strong>Jin\u00ean Qat\u00ean Bilind &#8211; Hel\u00eem Y\u00fbsiv<\/strong><\/p>\n<p style=\"text-align: left;\">\u201cC\u00eehana Hel\u00eem Y\u00fbsiv a ekspresyon\u00eest, c\u00eehana nakok\u00ee \u00fb paradoksan e, c\u00eehana xewn, binhi\u015f\u00ee \u00fb taswasey\u00ea ye. Ji aliyek\u00ee ve real\u00eest e \u00fb ji aliy\u00ea din ve surreal\u00eest e. Niv\u00eeskar wan aliyan ji real\u00eezm\u00ea dibe, ew \u00ean ku xizmeta mecaz \u00fb fantaziy\u00ean c\u00eehana w\u00ee dikin, wisa j\u00ee dest dav\u00eaje wan aliy\u00ean surreal\u00eezm\u00ea, ew \u00ean ku xizmeta nakok\u00ee \u00fb paradoks\u00ean w\u00ea c\u00eehan\u00ea dikin.\u201d<\/p>\n<p style=\"text-align: left;\">Ji pirt\u00fbka C\u00eehana Hel\u00eem Y\u00fbsiv a Expressionism\u00ee ya Mihemed Mihyed\u00een M\u00eeno, S\u00fbriy\u00ea, 2004<\/p>\n<p style=\"text-align: left;\">Jin\u00ean Qat\u00ean Bilind j\u00ee yek ji berhem\u00ean niv\u00eeskar Hel\u00eem Y\u00fbsiv e, niv\u00eeskar\u00ea pirt\u00fbka Sobarto ya binav\u00fbdeng.<\/p>\n<p style=\"text-align: left;\">Hel\u00eem Y\u00fbsiv niv\u00eeskarek\u00ee kurd e ku di sala 1967an de li Am\u00fbd\u00ea (biniya xet\u00ea) hatiye dinyay\u00ea. W\u00ee li Zan\u00eengeha Heleb\u00ea xwendina hiq\u00fbq\u00ea qedandiye \u00fb ji sala 2000\u00ee \u00fb vir ve li Almanyay\u00ea dij\u00ee. Bi dehan gotar\u00ean w\u00eajey\u00ee di kovar \u00fb rojnamey\u00ean ereb\u00ee \u00fb kurd\u00ee de we.<\/p>\n","protected":false},"excerpt":{"rendered":"<p style=\"text-align: center;\"><strong>Pirt\u00fbk: Jin\u00ean Qat\u00ean Bilind<\/strong><br \/>\n<strong>Niv\u00eeskar: Hel\u00eem Y\u00fbsiv<\/strong><br \/>\n<strong>Cure: \u00e7\u00eerok<\/strong><\/p>\n","protected":false},"featured_media":11410,"template":"","meta":{"site-sidebar-layout":"default","site-content-layout":"","ast-site-content-layout":"default","site-content-style":"default","site-sidebar-style":"default","ast-global-header-display":"","ast-banner-title-visibility":"","ast-main-header-display":"","ast-hfb-above-header-display":"","ast-hfb-below-header-display":"","ast-hfb-mobile-header-display":"","site-post-title":"","ast-breadcrumbs-content":"","ast-featured-img":"","footer-sml-layout":"","ast-disable-related-posts":"","theme-transparent-header-meta":"default","adv-header-id-meta":"","stick-header-meta":"","header-above-stick-meta":"","header-main-stick-meta":"","header-below-stick-meta":"","astra-migrate-meta-layouts":"set","ast-page-background-enabled":"default","ast-page-background-meta":{"desktop":{"background-color":"","background-image":"","background-repeat":"repeat","background-position":"center center","background-size":"auto","background-attachment":"scroll","background-type":"","background-media":"","overlay-type":"","overlay-color":"","overlay-opacity":"","overlay-gradient":""},"tablet":{"background-color":"","background-image":"","background-repeat":"repeat","background-position":"center center","background-size":"auto","background-attachment":"scroll","background-type":"","background-media":"","overlay-type":"","overlay-color":"","overlay-opacity":"","overlay-gradient":""},"mobile":{"background-color":"","background-image":"","background-repeat":"repeat","background-position":"center center","background-size":"auto","background-attachment":"scroll","background-type":"","background-media":"","overlay-type":"","overlay-color":"","overlay-opacity":"","overlay-gradient":""}},"ast-content-background-meta":{"desktop":{"background-color":"var(--ast-global-color-5)","background-image":"","background-repeat":"repeat","background-position":"center center","background-size":"auto","background-attachment":"scroll","background-type":"","background-media":"","overlay-type":"","overlay-color":"","overlay-opacity":"","overlay-gradient":""},"tablet":{"background-color":"var(--ast-global-color-5)","background-image":"","background-repeat":"repeat","background-position":"center center","background-size":"auto","background-attachment":"scroll","background-type":"","background-media":"","overlay-type":"","overlay-color":"","overlay-opacity":"","overlay-gradient":""},"mobile":{"background-color":"var(--ast-global-color-5)","background-image":"","background-repeat":"repeat","background-position":"center center","background-size":"auto","background-attachment":"scroll","background-type":"","background-media":"","overlay-type":"","overlay-color":"","overlay-opacity":"","overlay-gradient":""}}},"product_brand":[],"product_cat":[183,193],"product_tag":[],"class_list":{"0":"post-11407","1":"product","2":"type-product","3":"status-publish","4":"has-post-thumbnail","6":"product_cat-_","7":"product_cat--_","8":"pa_-cirok","9":"pa_-helim-yusiv","10":"pa_-kurmanci","11":"pa_--peywend-yayinlari","12":"desktop-align-left","13":"tablet-align-left","14":"mobile-align-left","16":"first","17":"instock","18":"shipping-taxable","19":"purchasable","20":"product-type-simple"},"yoast_head":"<!-- This site is optimized with the Yoast SEO plugin v27.4 - https:\/\/yoast.com\/product\/yoast-seo-wordpress\/ -->\n<title>Jin\u00ean Qat\u00ean Bilind - Hel\u00eem Y\u00fbsiv www.shanabooks.de<\/title>\n<meta name=\"description\" content=\"Jin\u00ean Qat\u00ean Bilind - Hel\u00eem Y\u00fbsiv\u00a0\u201cC\u00eehana Hel\u00eem Y\u00fbsiv a ekspresyon\u00eest, c\u00eehana nakok\u00ee \u00fb paradoksan e, c\u00eehana xewn, binhi\u015f\u00ee \u00fb taswasey\u00ea ye. Ji aliyek\u00ee ve re...\" \/>\n<meta name=\"robots\" content=\"index, follow, max-snippet:-1, max-image-preview:large, max-video-preview:-1\" \/>\n<link rel=\"canonical\" href=\"https:\/\/shanabooks.de\/product\/jinen-qaten-bilind-helim-yusiv\/\" \/>\n<meta property=\"og:locale\" content=\"de_DE\" \/>\n<meta property=\"og:type\" content=\"article\" \/>\n<meta property=\"og:title\" content=\"Jin\u00ean Qat\u00ean Bilind - Hel\u00eem Y\u00fbsiv www.shanabooks.de\" \/>\n<meta property=\"og:description\" content=\"Jin\u00ean Qat\u00ean Bilind - Hel\u00eem Y\u00fbsiv\u00a0\u201cC\u00eehana Hel\u00eem Y\u00fbsiv a ekspresyon\u00eest, c\u00eehana nakok\u00ee \u00fb paradoksan e, c\u00eehana xewn, binhi\u015f\u00ee \u00fb taswasey\u00ea ye. Ji aliyek\u00ee ve re...\" \/>\n<meta property=\"og:url\" content=\"https:\/\/shanabooks.de\/product\/jinen-qaten-bilind-helim-yusiv\/\" \/>\n<meta property=\"og:site_name\" content=\"www.shanabooks.de\" \/>\n<meta property=\"article:modified_time\" content=\"2025-12-30T22:18:02+00:00\" \/>\n<meta property=\"og:image\" content=\"https:\/\/shanabooks.de\/wp-content\/uploads\/2024\/03\/jinen-Qaten-Bilind.webp\" \/>\n\t<meta property=\"og:image:width\" content=\"305\" \/>\n\t<meta property=\"og:image:height\" content=\"477\" \/>\n\t<meta property=\"og:image:type\" content=\"image\/webp\" \/>\n<meta name=\"twitter:card\" content=\"summary_large_image\" \/>\n<meta name=\"twitter:label1\" content=\"Gesch\u00e4tzte Lesezeit\" \/>\n\t<meta name=\"twitter:data1\" content=\"2\u00a0Minuten\" \/>\n<script type=\"application\/ld+json\" class=\"yoast-schema-graph\">{\"@context\":\"https:\\\/\\\/schema.org\",\"@graph\":[{\"@type\":\"WebPage\",\"@id\":\"https:\\\/\\\/shanabooks.de\\\/product\\\/jinen-qaten-bilind-helim-yusiv\\\/\",\"url\":\"https:\\\/\\\/shanabooks.de\\\/product\\\/jinen-qaten-bilind-helim-yusiv\\\/\",\"name\":\"Jin\u00ean Qat\u00ean Bilind - Hel\u00eem Y\u00fbsiv www.shanabooks.de\",\"isPartOf\":{\"@id\":\"https:\\\/\\\/shanabooks.de\\\/#website\"},\"primaryImageOfPage\":{\"@id\":\"https:\\\/\\\/shanabooks.de\\\/product\\\/jinen-qaten-bilind-helim-yusiv\\\/#primaryimage\"},\"image\":{\"@id\":\"https:\\\/\\\/shanabooks.de\\\/product\\\/jinen-qaten-bilind-helim-yusiv\\\/#primaryimage\"},\"thumbnailUrl\":\"https:\\\/\\\/shanabooks.de\\\/wp-content\\\/uploads\\\/2024\\\/03\\\/jinen-Qaten-Bilind.webp\",\"datePublished\":\"2024-03-02T20:59:35+00:00\",\"dateModified\":\"2025-12-30T22:18:02+00:00\",\"description\":\"Jin\u00ean Qat\u00ean Bilind - Hel\u00eem Y\u00fbsiv\u00a0\u201cC\u00eehana Hel\u00eem Y\u00fbsiv a ekspresyon\u00eest, c\u00eehana nakok\u00ee \u00fb paradoksan e, c\u00eehana xewn, binhi\u015f\u00ee \u00fb taswasey\u00ea ye. Ji aliyek\u00ee ve re...\",\"breadcrumb\":{\"@id\":\"https:\\\/\\\/shanabooks.de\\\/product\\\/jinen-qaten-bilind-helim-yusiv\\\/#breadcrumb\"},\"inLanguage\":\"de\",\"potentialAction\":[{\"@type\":\"ReadAction\",\"target\":[\"https:\\\/\\\/shanabooks.de\\\/product\\\/jinen-qaten-bilind-helim-yusiv\\\/\"]}]},{\"@type\":\"ImageObject\",\"inLanguage\":\"de\",\"@id\":\"https:\\\/\\\/shanabooks.de\\\/product\\\/jinen-qaten-bilind-helim-yusiv\\\/#primaryimage\",\"url\":\"https:\\\/\\\/shanabooks.de\\\/wp-content\\\/uploads\\\/2024\\\/03\\\/jinen-Qaten-Bilind.webp\",\"contentUrl\":\"https:\\\/\\\/shanabooks.de\\\/wp-content\\\/uploads\\\/2024\\\/03\\\/jinen-Qaten-Bilind.webp\",\"width\":305,\"height\":477,\"caption\":\"jin\u00ean Qat\u00ean Bilind - Hel\u00eem Y\u00fbsiv - Pirt\u00fbk\u00ean Kurd\u00ee\"},{\"@type\":\"BreadcrumbList\",\"@id\":\"https:\\\/\\\/shanabooks.de\\\/product\\\/jinen-qaten-bilind-helim-yusiv\\\/#breadcrumb\",\"itemListElement\":[{\"@type\":\"ListItem\",\"position\":1,\"name\":\"\u0627\u0644\u0631\u0626\u064a\u0633\u064a\u0629\",\"item\":\"https:\\\/\\\/shanabooks.de\\\/de\\\/\"},{\"@type\":\"ListItem\",\"position\":2,\"name\":\"\u0627\u0644\u0645\u0646\u062a\u062c\u0627\u062a\",\"item\":\"https:\\\/\\\/shanabooks.de\\\/shop\\\/\"},{\"@type\":\"ListItem\",\"position\":3,\"name\":\"Jin\u00ean Qat\u00ean Bilind\"}]},{\"@type\":\"WebSite\",\"@id\":\"https:\\\/\\\/shanabooks.de\\\/#website\",\"url\":\"https:\\\/\\\/shanabooks.de\\\/\",\"name\":\"www.shanbooks.de\",\"description\":\"C\u00eehana Pirt\u00fbk\u00ean Kurd\u00ee \u0645\u0643\u062a\u0628\u0629 \u0634\u0627\u0646\u0627 \u0641\u064a \u0627\u0644\u0645\u0627\u0646\u064a\u0627 \u0648\u0623\u0648\u0631\u0628\u0627\",\"publisher\":{\"@id\":\"https:\\\/\\\/shanabooks.de\\\/#organization\"},\"potentialAction\":[{\"@type\":\"SearchAction\",\"target\":{\"@type\":\"EntryPoint\",\"urlTemplate\":\"https:\\\/\\\/shanabooks.de\\\/?s={search_term_string}\"},\"query-input\":{\"@type\":\"PropertyValueSpecification\",\"valueRequired\":true,\"valueName\":\"search_term_string\"}}],\"inLanguage\":\"de\"},{\"@type\":\"Organization\",\"@id\":\"https:\\\/\\\/shanabooks.de\\\/#organization\",\"name\":\"www.shanbooks.de\",\"url\":\"https:\\\/\\\/shanabooks.de\\\/\",\"logo\":{\"@type\":\"ImageObject\",\"inLanguage\":\"de\",\"@id\":\"https:\\\/\\\/shanabooks.de\\\/#\\\/schema\\\/logo\\\/image\\\/\",\"url\":\"https:\\\/\\\/shanabooks.de\\\/wp-content\\\/uploads\\\/2024\\\/03\\\/SHANABOOKS__2_-removebg-preview.png\",\"contentUrl\":\"https:\\\/\\\/shanabooks.de\\\/wp-content\\\/uploads\\\/2024\\\/03\\\/SHANABOOKS__2_-removebg-preview.png\",\"width\":700,\"height\":150,\"caption\":\"www.shanbooks.de\"},\"image\":{\"@id\":\"https:\\\/\\\/shanabooks.de\\\/#\\\/schema\\\/logo\\\/image\\\/\"}}]}<\/script>\n<!-- \/ Yoast SEO plugin. -->","yoast_head_json":{"title":"Jin\u00ean Qat\u00ean Bilind - Hel\u00eem Y\u00fbsiv www.shanabooks.de","description":"Jin\u00ean Qat\u00ean Bilind - Hel\u00eem Y\u00fbsiv\u00a0\u201cC\u00eehana Hel\u00eem Y\u00fbsiv a ekspresyon\u00eest, c\u00eehana nakok\u00ee \u00fb paradoksan e, c\u00eehana xewn, binhi\u015f\u00ee \u00fb taswasey\u00ea ye. Ji aliyek\u00ee ve re...","robots":{"index":"index","follow":"follow","max-snippet":"max-snippet:-1","max-image-preview":"max-image-preview:large","max-video-preview":"max-video-preview:-1"},"canonical":"https:\/\/shanabooks.de\/product\/jinen-qaten-bilind-helim-yusiv\/","og_locale":"de_DE","og_type":"article","og_title":"Jin\u00ean Qat\u00ean Bilind - Hel\u00eem Y\u00fbsiv www.shanabooks.de","og_description":"Jin\u00ean Qat\u00ean Bilind - Hel\u00eem Y\u00fbsiv\u00a0\u201cC\u00eehana Hel\u00eem Y\u00fbsiv a ekspresyon\u00eest, c\u00eehana nakok\u00ee \u00fb paradoksan e, c\u00eehana xewn, binhi\u015f\u00ee \u00fb taswasey\u00ea ye. Ji aliyek\u00ee ve re...","og_url":"https:\/\/shanabooks.de\/product\/jinen-qaten-bilind-helim-yusiv\/","og_site_name":"www.shanabooks.de","article_modified_time":"2025-12-30T22:18:02+00:00","og_image":[{"width":305,"height":477,"url":"https:\/\/shanabooks.de\/wp-content\/uploads\/2024\/03\/jinen-Qaten-Bilind.webp","type":"image\/webp"}],"twitter_card":"summary_large_image","twitter_misc":{"Gesch\u00e4tzte Lesezeit":"2\u00a0Minuten"},"schema":{"@context":"https:\/\/schema.org","@graph":[{"@type":"WebPage","@id":"https:\/\/shanabooks.de\/product\/jinen-qaten-bilind-helim-yusiv\/","url":"https:\/\/shanabooks.de\/product\/jinen-qaten-bilind-helim-yusiv\/","name":"Jin\u00ean Qat\u00ean Bilind - Hel\u00eem Y\u00fbsiv www.shanabooks.de","isPartOf":{"@id":"https:\/\/shanabooks.de\/#website"},"primaryImageOfPage":{"@id":"https:\/\/shanabooks.de\/product\/jinen-qaten-bilind-helim-yusiv\/#primaryimage"},"image":{"@id":"https:\/\/shanabooks.de\/product\/jinen-qaten-bilind-helim-yusiv\/#primaryimage"},"thumbnailUrl":"https:\/\/shanabooks.de\/wp-content\/uploads\/2024\/03\/jinen-Qaten-Bilind.webp","datePublished":"2024-03-02T20:59:35+00:00","dateModified":"2025-12-30T22:18:02+00:00","description":"Jin\u00ean Qat\u00ean Bilind - Hel\u00eem Y\u00fbsiv\u00a0\u201cC\u00eehana Hel\u00eem Y\u00fbsiv a ekspresyon\u00eest, c\u00eehana nakok\u00ee \u00fb paradoksan e, c\u00eehana xewn, binhi\u015f\u00ee \u00fb taswasey\u00ea ye. Ji aliyek\u00ee ve re...","breadcrumb":{"@id":"https:\/\/shanabooks.de\/product\/jinen-qaten-bilind-helim-yusiv\/#breadcrumb"},"inLanguage":"de","potentialAction":[{"@type":"ReadAction","target":["https:\/\/shanabooks.de\/product\/jinen-qaten-bilind-helim-yusiv\/"]}]},{"@type":"ImageObject","inLanguage":"de","@id":"https:\/\/shanabooks.de\/product\/jinen-qaten-bilind-helim-yusiv\/#primaryimage","url":"https:\/\/shanabooks.de\/wp-content\/uploads\/2024\/03\/jinen-Qaten-Bilind.webp","contentUrl":"https:\/\/shanabooks.de\/wp-content\/uploads\/2024\/03\/jinen-Qaten-Bilind.webp","width":305,"height":477,"caption":"jin\u00ean Qat\u00ean Bilind - Hel\u00eem Y\u00fbsiv - Pirt\u00fbk\u00ean Kurd\u00ee"},{"@type":"BreadcrumbList","@id":"https:\/\/shanabooks.de\/product\/jinen-qaten-bilind-helim-yusiv\/#breadcrumb","itemListElement":[{"@type":"ListItem","position":1,"name":"\u0627\u0644\u0631\u0626\u064a\u0633\u064a\u0629","item":"https:\/\/shanabooks.de\/de\/"},{"@type":"ListItem","position":2,"name":"\u0627\u0644\u0645\u0646\u062a\u062c\u0627\u062a","item":"https:\/\/shanabooks.de\/shop\/"},{"@type":"ListItem","position":3,"name":"Jin\u00ean Qat\u00ean Bilind"}]},{"@type":"WebSite","@id":"https:\/\/shanabooks.de\/#website","url":"https:\/\/shanabooks.de\/","name":"www.shanbooks.de","description":"C\u00eehana Pirt\u00fbk\u00ean Kurd\u00ee \u0645\u0643\u062a\u0628\u0629 \u0634\u0627\u0646\u0627 \u0641\u064a \u0627\u0644\u0645\u0627\u0646\u064a\u0627 \u0648\u0623\u0648\u0631\u0628\u0627","publisher":{"@id":"https:\/\/shanabooks.de\/#organization"},"potentialAction":[{"@type":"SearchAction","target":{"@type":"EntryPoint","urlTemplate":"https:\/\/shanabooks.de\/?s={search_term_string}"},"query-input":{"@type":"PropertyValueSpecification","valueRequired":true,"valueName":"search_term_string"}}],"inLanguage":"de"},{"@type":"Organization","@id":"https:\/\/shanabooks.de\/#organization","name":"www.shanbooks.de","url":"https:\/\/shanabooks.de\/","logo":{"@type":"ImageObject","inLanguage":"de","@id":"https:\/\/shanabooks.de\/#\/schema\/logo\/image\/","url":"https:\/\/shanabooks.de\/wp-content\/uploads\/2024\/03\/SHANABOOKS__2_-removebg-preview.png","contentUrl":"https:\/\/shanabooks.de\/wp-content\/uploads\/2024\/03\/SHANABOOKS__2_-removebg-preview.png","width":700,"height":150,"caption":"www.shanbooks.de"},"image":{"@id":"https:\/\/shanabooks.de\/#\/schema\/logo\/image\/"}}]}},"jetpack_sharing_enabled":true,"_links":{"self":[{"href":"https:\/\/shanabooks.de\/de\/wp-json\/wp\/v2\/product\/11407","targetHints":{"allow":["GET"]}}],"collection":[{"href":"https:\/\/shanabooks.de\/de\/wp-json\/wp\/v2\/product"}],"about":[{"href":"https:\/\/shanabooks.de\/de\/wp-json\/wp\/v2\/types\/product"}],"version-history":[{"count":5,"href":"https:\/\/shanabooks.de\/de\/wp-json\/wp\/v2\/product\/11407\/revisions"}],"predecessor-version":[{"id":11438,"href":"https:\/\/shanabooks.de\/de\/wp-json\/wp\/v2\/product\/11407\/revisions\/11438"}],"wp:featuredmedia":[{"embeddable":true,"href":"https:\/\/shanabooks.de\/de\/wp-json\/wp\/v2\/media\/11410"}],"wp:attachment":[{"href":"https:\/\/shanabooks.de\/de\/wp-json\/wp\/v2\/media?parent=11407"}],"wp:term":[{"taxonomy":"product_brand","embeddable":true,"href":"https:\/\/shanabooks.de\/de\/wp-json\/wp\/v2\/product_brand?post=11407"},{"taxonomy":"product_cat","embeddable":true,"href":"https:\/\/shanabooks.de\/de\/wp-json\/wp\/v2\/product_cat?post=11407"},{"taxonomy":"product_tag","embeddable":true,"href":"https:\/\/shanabooks.de\/de\/wp-json\/wp\/v2\/product_tag?post=11407"}],"curies":[{"name":"wp","href":"https:\/\/api.w.org\/{rel}","templated":true}]}}