{"id":11426,"date":"2024-03-02T21:34:22","date_gmt":"2024-03-02T21:34:22","guid":{"rendered":"https:\/\/shanabooks.de\/?post_type=product&#038;p=11426"},"modified":"2024-10-30T11:26:33","modified_gmt":"2024-10-30T11:26:33","slug":"99moriken-belavbuyi-helim-yusiv","status":"publish","type":"product","link":"https:\/\/shanabooks.de\/de\/product\/99moriken-belavbuyi-helim-yusiv\/","title":{"rendered":"\u00a099Mor\u00eek\u00ean Belavb\u00fby\u00ee"},"content":{"rendered":"<p style=\"text-align: left;\"><strong>99Mor\u00eek\u00ean Belavb\u00fby\u00ee- Hel\u00eem Y\u00fbsiv<\/strong><\/p>\n<p style=\"text-align: left;\">Ev romana 99Mor\u00eek\u00ean Belavb\u00fby\u00ee ya Hel\u00eem Y\u00fbsiv, \u00e7\u00eeroka Azad\u00ea s\u00eaw\u00ee y\u00ea Am\u00fbd\u00ee ye ku w\u00ee pi\u015ft\u00ee p\u00eakutiy\u00ean dewleteke despot ber\u00ea xwe daye Elmanyay\u00ea \u00fb li wir li kampek\u00ea b\u00fbye penaber. Azad, bi wergirtina maf\u00ea r\u00fbni\u015ftin\u00ea re, wek\u00ee kar ji xwe re werg\u00eariy\u00ea hildibij\u00eare. Bi baweriya w\u00ee, werg\u00ear\u00ee pirek ava dike di navbera du \u00eensanan de.<br \/>\nL\u00ea Azad ne werg\u00ear\u00ea \u00eensan\u00ean halxwe\u015f e. Wek\u00ee w\u00ee bi sedan \u00eensan ko\u00e7ber b\u00fbne \u00fb li perek\u00ee Elmanyay\u00ea rast\u00ee nexwe\u015fiy\u00ean der\u00fbn\u00ee hatine. Veguheztina derd \u00fb kul\u00ean mezin \u00ean van \u00eensanan ji bo der\u00fbn\u00eenas \u00fb r\u00eaveber\u00ean dewlet\u00ea, her car hinek\u00ee din ji Azad re dibe xem \u00fb barek\u00ee giran. L\u00ea bi x\u00eara v\u00ee kar\u00ee em hem dibin \u015fahid\u00ea \u00ea\u015f\u00ean ko\u00e7beriy\u00ea, serp\u00eahatiy\u00ean leheng\u00ean balk\u00ea\u015f, trawmay\u00ean welatek\u00ee par\u00e7eb\u00fby\u00ee \u00fb hem j\u00ee ji n\u00eaz ve em \u00e7\u00eeroka raz\u00ean ev\u00eeneke kevn nas dikin. Bi sehne \u00fb rew\u015f\u00ean real\u00eest re 99 Mor\u00eek\u00ean Belavb\u00fby\u00ee hem romaneke pana\u00adrom\u00eek e \u00fb hem j\u00ee bi tefer\u00fbat\u00ean h\u00fbr \u00e7\u00eeroka karakterek\u00ee h\u00fbman\u00eest e. \u00c7\u00eeroksaziya w\u00ea j\u00ee bi t\u00eara xwe bi hostay\u00ee hatiye h\u00fbnandin.<\/p>\n","protected":false},"excerpt":{"rendered":"<p style=\"text-align: center;\"><strong>Pirt\u00fbk: \u00a099 Mor\u00eek\u00ean Belavb\u00fby\u00ee<br \/>\nNiv\u00eeskar: Hel\u00eem Y\u00fbsiv<br \/>\nCure: Roman<\/strong><\/p>\n","protected":false},"featured_media":11427,"template":"","meta":{"site-sidebar-layout":"default","site-content-layout":"","ast-site-content-layout":"default","site-content-style":"default","site-sidebar-style":"default","ast-global-header-display":"","ast-banner-title-visibility":"","ast-main-header-display":"","ast-hfb-above-header-display":"","ast-hfb-below-header-display":"","ast-hfb-mobile-header-display":"","site-post-title":"","ast-breadcrumbs-content":"","ast-featured-img":"","footer-sml-layout":"","ast-disable-related-posts":"","theme-transparent-header-meta":"default","adv-header-id-meta":"","stick-header-meta":"","header-above-stick-meta":"","header-main-stick-meta":"","header-below-stick-meta":"","astra-migrate-meta-layouts":"set","ast-page-background-enabled":"default","ast-page-background-meta":{"desktop":{"background-color":"","background-image":"","background-repeat":"repeat","background-position":"center center","background-size":"auto","background-attachment":"scroll","background-type":"","background-media":"","overlay-type":"","overlay-color":"","overlay-opacity":"","overlay-gradient":""},"tablet":{"background-color":"","background-image":"","background-repeat":"repeat","background-position":"center center","background-size":"auto","background-attachment":"scroll","background-type":"","background-media":"","overlay-type":"","overlay-color":"","overlay-opacity":"","overlay-gradient":""},"mobile":{"background-color":"","background-image":"","background-repeat":"repeat","background-position":"center center","background-size":"auto","background-attachment":"scroll","background-type":"","background-media":"","overlay-type":"","overlay-color":"","overlay-opacity":"","overlay-gradient":""}},"ast-content-background-meta":{"desktop":{"background-color":"var(--ast-global-color-5)","background-image":"","background-repeat":"repeat","background-position":"center center","background-size":"auto","background-attachment":"scroll","background-type":"","background-media":"","overlay-type":"","overlay-color":"","overlay-opacity":"","overlay-gradient":""},"tablet":{"background-color":"var(--ast-global-color-5)","background-image":"","background-repeat":"repeat","background-position":"center center","background-size":"auto","background-attachment":"scroll","background-type":"","background-media":"","overlay-type":"","overlay-color":"","overlay-opacity":"","overlay-gradient":""},"mobile":{"background-color":"var(--ast-global-color-5)","background-image":"","background-repeat":"repeat","background-position":"center center","background-size":"auto","background-attachment":"scroll","background-type":"","background-media":"","overlay-type":"","overlay-color":"","overlay-opacity":"","overlay-gradient":""}}},"product_brand":[],"product_cat":[182,193],"product_tag":[],"class_list":{"0":"post-11426","1":"product","2":"type-product","3":"status-publish","4":"has-post-thumbnail","6":"product_cat-_","7":"product_cat--_","8":"pa_-roman","9":"pa_-helim-yusiv","10":"pa_-kurmanci","11":"pa_--peywend-yayinlari","12":"desktop-align-left","13":"tablet-align-left","14":"mobile-align-left","16":"first","17":"outofstock","18":"shipping-taxable","19":"purchasable","20":"product-type-simple"},"yoast_head":"<!-- This site is optimized with the Yoast SEO plugin v27.4 - https:\/\/yoast.com\/product\/yoast-seo-wordpress\/ -->\n<title>99Mor\u00eek\u00ean Belavb\u00fby\u00ee- Hel\u00eem Y\u00fbsiv - www.shanabooks.de<\/title>\n<meta name=\"description\" content=\"99Mor\u00eek\u00ean Belavb\u00fby\u00ee- Hel\u00eem Y\u00fbsiv Ev roman, \u00e7\u00eeroka Azad\u00ea s\u00eaw\u00ee y\u00ea Am\u00fbd\u00ee ye ku w\u00ee pi\u015ft\u00ee p\u00eakutiy\u00ean dewleteke despot ber\u00ea xwe daye Elmanyay\u00ea \u00fb li wir li kampe...\" \/>\n<meta name=\"robots\" content=\"index, follow, max-snippet:-1, max-image-preview:large, max-video-preview:-1\" \/>\n<link rel=\"canonical\" href=\"https:\/\/shanabooks.de\/product\/99moriken-belavbuyi-helim-yusiv\/\" \/>\n<meta property=\"og:locale\" content=\"de_DE\" \/>\n<meta property=\"og:type\" content=\"article\" \/>\n<meta property=\"og:title\" content=\"99Mor\u00eek\u00ean Belavb\u00fby\u00ee- Hel\u00eem Y\u00fbsiv - www.shanabooks.de\" \/>\n<meta property=\"og:description\" content=\"99Mor\u00eek\u00ean Belavb\u00fby\u00ee- Hel\u00eem Y\u00fbsiv Ev roman, \u00e7\u00eeroka Azad\u00ea s\u00eaw\u00ee y\u00ea Am\u00fbd\u00ee ye ku w\u00ee pi\u015ft\u00ee p\u00eakutiy\u00ean dewleteke despot ber\u00ea xwe daye Elmanyay\u00ea \u00fb li wir li kampe...\" \/>\n<meta property=\"og:url\" content=\"https:\/\/shanabooks.de\/product\/99moriken-belavbuyi-helim-yusiv\/\" \/>\n<meta property=\"og:site_name\" content=\"www.shanabooks.de\" \/>\n<meta property=\"article:modified_time\" content=\"2024-10-30T11:26:33+00:00\" \/>\n<meta property=\"og:image\" content=\"https:\/\/shanabooks.de\/wp-content\/uploads\/2024\/03\/99-Moriken-Belavbuyi-1.jpg\" \/>\n\t<meta property=\"og:image:width\" content=\"207\" \/>\n\t<meta property=\"og:image:height\" content=\"321\" \/>\n\t<meta property=\"og:image:type\" content=\"image\/jpeg\" \/>\n<meta name=\"twitter:card\" content=\"summary_large_image\" \/>\n<meta name=\"twitter:label1\" content=\"Gesch\u00e4tzte Lesezeit\" \/>\n\t<meta name=\"twitter:data1\" content=\"2\u00a0Minuten\" \/>\n<script type=\"application\/ld+json\" class=\"yoast-schema-graph\">{\"@context\":\"https:\\\/\\\/schema.org\",\"@graph\":[{\"@type\":\"WebPage\",\"@id\":\"https:\\\/\\\/shanabooks.de\\\/product\\\/99moriken-belavbuyi-helim-yusiv\\\/\",\"url\":\"https:\\\/\\\/shanabooks.de\\\/product\\\/99moriken-belavbuyi-helim-yusiv\\\/\",\"name\":\"99Mor\u00eek\u00ean Belavb\u00fby\u00ee- Hel\u00eem Y\u00fbsiv - www.shanabooks.de\",\"isPartOf\":{\"@id\":\"https:\\\/\\\/shanabooks.de\\\/#website\"},\"primaryImageOfPage\":{\"@id\":\"https:\\\/\\\/shanabooks.de\\\/product\\\/99moriken-belavbuyi-helim-yusiv\\\/#primaryimage\"},\"image\":{\"@id\":\"https:\\\/\\\/shanabooks.de\\\/product\\\/99moriken-belavbuyi-helim-yusiv\\\/#primaryimage\"},\"thumbnailUrl\":\"https:\\\/\\\/shanabooks.de\\\/wp-content\\\/uploads\\\/2024\\\/03\\\/99-Moriken-Belavbuyi-1.jpg\",\"datePublished\":\"2024-03-02T21:34:22+00:00\",\"dateModified\":\"2024-10-30T11:26:33+00:00\",\"description\":\"99Mor\u00eek\u00ean Belavb\u00fby\u00ee- Hel\u00eem Y\u00fbsiv Ev roman, \u00e7\u00eeroka Azad\u00ea s\u00eaw\u00ee y\u00ea Am\u00fbd\u00ee ye ku w\u00ee pi\u015ft\u00ee p\u00eakutiy\u00ean dewleteke despot ber\u00ea xwe daye Elmanyay\u00ea \u00fb li wir li kampe...\",\"breadcrumb\":{\"@id\":\"https:\\\/\\\/shanabooks.de\\\/product\\\/99moriken-belavbuyi-helim-yusiv\\\/#breadcrumb\"},\"inLanguage\":\"de\",\"potentialAction\":[{\"@type\":\"ReadAction\",\"target\":[\"https:\\\/\\\/shanabooks.de\\\/product\\\/99moriken-belavbuyi-helim-yusiv\\\/\"]}]},{\"@type\":\"ImageObject\",\"inLanguage\":\"de\",\"@id\":\"https:\\\/\\\/shanabooks.de\\\/product\\\/99moriken-belavbuyi-helim-yusiv\\\/#primaryimage\",\"url\":\"https:\\\/\\\/shanabooks.de\\\/wp-content\\\/uploads\\\/2024\\\/03\\\/99-Moriken-Belavbuyi-1.jpg\",\"contentUrl\":\"https:\\\/\\\/shanabooks.de\\\/wp-content\\\/uploads\\\/2024\\\/03\\\/99-Moriken-Belavbuyi-1.jpg\",\"width\":207,\"height\":321,\"caption\":\"99 Mor\u00eek\u00ean Belavb\u00fby\u00ee - Hel\u00eem Y\u00fbsiv - Pirt\u00fbk\u00ean Kurd\u00ee\"},{\"@type\":\"BreadcrumbList\",\"@id\":\"https:\\\/\\\/shanabooks.de\\\/product\\\/99moriken-belavbuyi-helim-yusiv\\\/#breadcrumb\",\"itemListElement\":[{\"@type\":\"ListItem\",\"position\":1,\"name\":\"\u0627\u0644\u0631\u0626\u064a\u0633\u064a\u0629\",\"item\":\"https:\\\/\\\/shanabooks.de\\\/de\\\/\"},{\"@type\":\"ListItem\",\"position\":2,\"name\":\"\u0627\u0644\u0645\u0646\u062a\u062c\u0627\u062a\",\"item\":\"https:\\\/\\\/shanabooks.de\\\/shop\\\/\"},{\"@type\":\"ListItem\",\"position\":3,\"name\":\"\u00a099Mor\u00eek\u00ean Belavb\u00fby\u00ee\"}]},{\"@type\":\"WebSite\",\"@id\":\"https:\\\/\\\/shanabooks.de\\\/#website\",\"url\":\"https:\\\/\\\/shanabooks.de\\\/\",\"name\":\"www.shanbooks.de\",\"description\":\"C\u00eehana Pirt\u00fbk\u00ean Kurd\u00ee \u0645\u0643\u062a\u0628\u0629 \u0634\u0627\u0646\u0627 \u0641\u064a \u0627\u0644\u0645\u0627\u0646\u064a\u0627 \u0648\u0623\u0648\u0631\u0628\u0627\",\"publisher\":{\"@id\":\"https:\\\/\\\/shanabooks.de\\\/#organization\"},\"potentialAction\":[{\"@type\":\"SearchAction\",\"target\":{\"@type\":\"EntryPoint\",\"urlTemplate\":\"https:\\\/\\\/shanabooks.de\\\/?s={search_term_string}\"},\"query-input\":{\"@type\":\"PropertyValueSpecification\",\"valueRequired\":true,\"valueName\":\"search_term_string\"}}],\"inLanguage\":\"de\"},{\"@type\":\"Organization\",\"@id\":\"https:\\\/\\\/shanabooks.de\\\/#organization\",\"name\":\"www.shanbooks.de\",\"url\":\"https:\\\/\\\/shanabooks.de\\\/\",\"logo\":{\"@type\":\"ImageObject\",\"inLanguage\":\"de\",\"@id\":\"https:\\\/\\\/shanabooks.de\\\/#\\\/schema\\\/logo\\\/image\\\/\",\"url\":\"https:\\\/\\\/shanabooks.de\\\/wp-content\\\/uploads\\\/2024\\\/03\\\/SHANABOOKS__2_-removebg-preview.png\",\"contentUrl\":\"https:\\\/\\\/shanabooks.de\\\/wp-content\\\/uploads\\\/2024\\\/03\\\/SHANABOOKS__2_-removebg-preview.png\",\"width\":700,\"height\":150,\"caption\":\"www.shanbooks.de\"},\"image\":{\"@id\":\"https:\\\/\\\/shanabooks.de\\\/#\\\/schema\\\/logo\\\/image\\\/\"}}]}<\/script>\n<!-- \/ Yoast SEO plugin. -->","yoast_head_json":{"title":"99Mor\u00eek\u00ean Belavb\u00fby\u00ee- Hel\u00eem Y\u00fbsiv - www.shanabooks.de","description":"99Mor\u00eek\u00ean Belavb\u00fby\u00ee- Hel\u00eem Y\u00fbsiv Ev roman, \u00e7\u00eeroka Azad\u00ea s\u00eaw\u00ee y\u00ea Am\u00fbd\u00ee ye ku w\u00ee pi\u015ft\u00ee p\u00eakutiy\u00ean dewleteke despot ber\u00ea xwe daye Elmanyay\u00ea \u00fb li wir li kampe...","robots":{"index":"index","follow":"follow","max-snippet":"max-snippet:-1","max-image-preview":"max-image-preview:large","max-video-preview":"max-video-preview:-1"},"canonical":"https:\/\/shanabooks.de\/product\/99moriken-belavbuyi-helim-yusiv\/","og_locale":"de_DE","og_type":"article","og_title":"99Mor\u00eek\u00ean Belavb\u00fby\u00ee- Hel\u00eem Y\u00fbsiv - www.shanabooks.de","og_description":"99Mor\u00eek\u00ean Belavb\u00fby\u00ee- Hel\u00eem Y\u00fbsiv Ev roman, \u00e7\u00eeroka Azad\u00ea s\u00eaw\u00ee y\u00ea Am\u00fbd\u00ee ye ku w\u00ee pi\u015ft\u00ee p\u00eakutiy\u00ean dewleteke despot ber\u00ea xwe daye Elmanyay\u00ea \u00fb li wir li kampe...","og_url":"https:\/\/shanabooks.de\/product\/99moriken-belavbuyi-helim-yusiv\/","og_site_name":"www.shanabooks.de","article_modified_time":"2024-10-30T11:26:33+00:00","og_image":[{"width":207,"height":321,"url":"https:\/\/shanabooks.de\/wp-content\/uploads\/2024\/03\/99-Moriken-Belavbuyi-1.jpg","type":"image\/jpeg"}],"twitter_card":"summary_large_image","twitter_misc":{"Gesch\u00e4tzte Lesezeit":"2\u00a0Minuten"},"schema":{"@context":"https:\/\/schema.org","@graph":[{"@type":"WebPage","@id":"https:\/\/shanabooks.de\/product\/99moriken-belavbuyi-helim-yusiv\/","url":"https:\/\/shanabooks.de\/product\/99moriken-belavbuyi-helim-yusiv\/","name":"99Mor\u00eek\u00ean Belavb\u00fby\u00ee- Hel\u00eem Y\u00fbsiv - www.shanabooks.de","isPartOf":{"@id":"https:\/\/shanabooks.de\/#website"},"primaryImageOfPage":{"@id":"https:\/\/shanabooks.de\/product\/99moriken-belavbuyi-helim-yusiv\/#primaryimage"},"image":{"@id":"https:\/\/shanabooks.de\/product\/99moriken-belavbuyi-helim-yusiv\/#primaryimage"},"thumbnailUrl":"https:\/\/shanabooks.de\/wp-content\/uploads\/2024\/03\/99-Moriken-Belavbuyi-1.jpg","datePublished":"2024-03-02T21:34:22+00:00","dateModified":"2024-10-30T11:26:33+00:00","description":"99Mor\u00eek\u00ean Belavb\u00fby\u00ee- Hel\u00eem Y\u00fbsiv Ev roman, \u00e7\u00eeroka Azad\u00ea s\u00eaw\u00ee y\u00ea Am\u00fbd\u00ee ye ku w\u00ee pi\u015ft\u00ee p\u00eakutiy\u00ean dewleteke despot ber\u00ea xwe daye Elmanyay\u00ea \u00fb li wir li kampe...","breadcrumb":{"@id":"https:\/\/shanabooks.de\/product\/99moriken-belavbuyi-helim-yusiv\/#breadcrumb"},"inLanguage":"de","potentialAction":[{"@type":"ReadAction","target":["https:\/\/shanabooks.de\/product\/99moriken-belavbuyi-helim-yusiv\/"]}]},{"@type":"ImageObject","inLanguage":"de","@id":"https:\/\/shanabooks.de\/product\/99moriken-belavbuyi-helim-yusiv\/#primaryimage","url":"https:\/\/shanabooks.de\/wp-content\/uploads\/2024\/03\/99-Moriken-Belavbuyi-1.jpg","contentUrl":"https:\/\/shanabooks.de\/wp-content\/uploads\/2024\/03\/99-Moriken-Belavbuyi-1.jpg","width":207,"height":321,"caption":"99 Mor\u00eek\u00ean Belavb\u00fby\u00ee - Hel\u00eem Y\u00fbsiv - Pirt\u00fbk\u00ean Kurd\u00ee"},{"@type":"BreadcrumbList","@id":"https:\/\/shanabooks.de\/product\/99moriken-belavbuyi-helim-yusiv\/#breadcrumb","itemListElement":[{"@type":"ListItem","position":1,"name":"\u0627\u0644\u0631\u0626\u064a\u0633\u064a\u0629","item":"https:\/\/shanabooks.de\/de\/"},{"@type":"ListItem","position":2,"name":"\u0627\u0644\u0645\u0646\u062a\u062c\u0627\u062a","item":"https:\/\/shanabooks.de\/shop\/"},{"@type":"ListItem","position":3,"name":"\u00a099Mor\u00eek\u00ean Belavb\u00fby\u00ee"}]},{"@type":"WebSite","@id":"https:\/\/shanabooks.de\/#website","url":"https:\/\/shanabooks.de\/","name":"www.shanbooks.de","description":"C\u00eehana Pirt\u00fbk\u00ean Kurd\u00ee \u0645\u0643\u062a\u0628\u0629 \u0634\u0627\u0646\u0627 \u0641\u064a \u0627\u0644\u0645\u0627\u0646\u064a\u0627 \u0648\u0623\u0648\u0631\u0628\u0627","publisher":{"@id":"https:\/\/shanabooks.de\/#organization"},"potentialAction":[{"@type":"SearchAction","target":{"@type":"EntryPoint","urlTemplate":"https:\/\/shanabooks.de\/?s={search_term_string}"},"query-input":{"@type":"PropertyValueSpecification","valueRequired":true,"valueName":"search_term_string"}}],"inLanguage":"de"},{"@type":"Organization","@id":"https:\/\/shanabooks.de\/#organization","name":"www.shanbooks.de","url":"https:\/\/shanabooks.de\/","logo":{"@type":"ImageObject","inLanguage":"de","@id":"https:\/\/shanabooks.de\/#\/schema\/logo\/image\/","url":"https:\/\/shanabooks.de\/wp-content\/uploads\/2024\/03\/SHANABOOKS__2_-removebg-preview.png","contentUrl":"https:\/\/shanabooks.de\/wp-content\/uploads\/2024\/03\/SHANABOOKS__2_-removebg-preview.png","width":700,"height":150,"caption":"www.shanbooks.de"},"image":{"@id":"https:\/\/shanabooks.de\/#\/schema\/logo\/image\/"}}]}},"jetpack_sharing_enabled":true,"_links":{"self":[{"href":"https:\/\/shanabooks.de\/de\/wp-json\/wp\/v2\/product\/11426","targetHints":{"allow":["GET"]}}],"collection":[{"href":"https:\/\/shanabooks.de\/de\/wp-json\/wp\/v2\/product"}],"about":[{"href":"https:\/\/shanabooks.de\/de\/wp-json\/wp\/v2\/types\/product"}],"version-history":[{"count":3,"href":"https:\/\/shanabooks.de\/de\/wp-json\/wp\/v2\/product\/11426\/revisions"}],"predecessor-version":[{"id":11436,"href":"https:\/\/shanabooks.de\/de\/wp-json\/wp\/v2\/product\/11426\/revisions\/11436"}],"wp:featuredmedia":[{"embeddable":true,"href":"https:\/\/shanabooks.de\/de\/wp-json\/wp\/v2\/media\/11427"}],"wp:attachment":[{"href":"https:\/\/shanabooks.de\/de\/wp-json\/wp\/v2\/media?parent=11426"}],"wp:term":[{"taxonomy":"product_brand","embeddable":true,"href":"https:\/\/shanabooks.de\/de\/wp-json\/wp\/v2\/product_brand?post=11426"},{"taxonomy":"product_cat","embeddable":true,"href":"https:\/\/shanabooks.de\/de\/wp-json\/wp\/v2\/product_cat?post=11426"},{"taxonomy":"product_tag","embeddable":true,"href":"https:\/\/shanabooks.de\/de\/wp-json\/wp\/v2\/product_tag?post=11426"}],"curies":[{"name":"wp","href":"https:\/\/api.w.org\/{rel}","templated":true}]}}