{"id":11429,"date":"2024-03-02T22:04:31","date_gmt":"2024-03-02T22:04:31","guid":{"rendered":"https:\/\/shanabooks.de\/?post_type=product&#038;p=11429"},"modified":"2025-12-30T22:21:49","modified_gmt":"2025-12-30T22:21:49","slug":"romana-kurdi-helim-yusiv","status":"publish","type":"product","link":"https:\/\/shanabooks.de\/de\/product\/romana-kurdi-helim-yusiv\/","title":{"rendered":"Romana Kurd\u00ee"},"content":{"rendered":"<p style=\"text-align: left;\"><strong>Romana Kurd\u00ee &#8211; Hel\u00eem Y\u00fbsiv\u00a0<\/strong><\/p>\n<p style=\"text-align: left;\">Pirt\u00fbka bi nav\u00ea romana Kurd\u00ee ya niv\u00eeskar\u00ea Kurd Hel\u00eem Y\u00fbsiv ji we\u015fan\u00ean Ronah\u00ee hatiye derketin. Ev pirt\u00fbk weke l\u00eakol\u00een t\u00ea d\u00eetin.<\/p>\n<p style=\"text-align: left;\">Hel\u00eem Y\u00fbsiv niv\u00eeskarek\u00ee kurd e ku di sala 1967an de li Am\u00fbd\u00ea (biniya xet\u00ea) hatiye dinyay\u00ea. W\u00ee li Zan\u00eengeha Heleb\u00ea xwendina hiq\u00fbq\u00ea qedandiye \u00fb ji sala 2000\u00ee \u00fb vir ve li Almanyay\u00ea dij\u00ee. Bi dehan gotar\u00ean w\u00eajey\u00ee di kovar \u00fb rojnamey\u00ean ereb\u00ee \u00fb kurd\u00ee de niv\u00eesandine.<br \/>\nBerhem\u00ean w\u00ee bo gellek zimanan hatine wergerandin. Wek m\u00eenak ereb\u00ee, faris\u00ee, elman\u00ee \u00fb \u00eetal\u00ee<\/p>\n","protected":false},"excerpt":{"rendered":"<p style=\"text-align: center;\"><strong>Pirt\u00fbk: Romana Kurd\u00ee<br \/>\nNiv\u00eeskar: Hel\u00eem Y\u00fbsiv<br \/>\nCure: l\u00eakol\u00een<\/strong><\/p>\n","protected":false},"featured_media":11430,"template":"","meta":{"site-sidebar-layout":"default","site-content-layout":"","ast-site-content-layout":"default","site-content-style":"default","site-sidebar-style":"default","ast-global-header-display":"","ast-banner-title-visibility":"","ast-main-header-display":"","ast-hfb-above-header-display":"","ast-hfb-below-header-display":"","ast-hfb-mobile-header-display":"","site-post-title":"","ast-breadcrumbs-content":"","ast-featured-img":"","footer-sml-layout":"","ast-disable-related-posts":"","theme-transparent-header-meta":"default","adv-header-id-meta":"","stick-header-meta":"","header-above-stick-meta":"","header-main-stick-meta":"","header-below-stick-meta":"","astra-migrate-meta-layouts":"set","ast-page-background-enabled":"default","ast-page-background-meta":{"desktop":{"background-color":"","background-image":"","background-repeat":"repeat","background-position":"center center","background-size":"auto","background-attachment":"scroll","background-type":"","background-media":"","overlay-type":"","overlay-color":"","overlay-opacity":"","overlay-gradient":""},"tablet":{"background-color":"","background-image":"","background-repeat":"repeat","background-position":"center center","background-size":"auto","background-attachment":"scroll","background-type":"","background-media":"","overlay-type":"","overlay-color":"","overlay-opacity":"","overlay-gradient":""},"mobile":{"background-color":"","background-image":"","background-repeat":"repeat","background-position":"center center","background-size":"auto","background-attachment":"scroll","background-type":"","background-media":"","overlay-type":"","overlay-color":"","overlay-opacity":"","overlay-gradient":""}},"ast-content-background-meta":{"desktop":{"background-color":"var(--ast-global-color-5)","background-image":"","background-repeat":"repeat","background-position":"center center","background-size":"auto","background-attachment":"scroll","background-type":"","background-media":"","overlay-type":"","overlay-color":"","overlay-opacity":"","overlay-gradient":""},"tablet":{"background-color":"var(--ast-global-color-5)","background-image":"","background-repeat":"repeat","background-position":"center center","background-size":"auto","background-attachment":"scroll","background-type":"","background-media":"","overlay-type":"","overlay-color":"","overlay-opacity":"","overlay-gradient":""},"mobile":{"background-color":"var(--ast-global-color-5)","background-image":"","background-repeat":"repeat","background-position":"center center","background-size":"auto","background-attachment":"scroll","background-type":"","background-media":"","overlay-type":"","overlay-color":"","overlay-opacity":"","overlay-gradient":""}}},"product_brand":[],"product_cat":[179,193],"product_tag":[],"class_list":{"0":"post-11429","1":"product","2":"type-product","3":"status-publish","4":"has-post-thumbnail","6":"product_cat-_","7":"product_cat--_","8":"pa_-lekolin","9":"pa_-helim-yusiv","10":"pa_-kurmanci","11":"pa_--ronahi-yayinlari","12":"desktop-align-left","13":"tablet-align-left","14":"mobile-align-left","16":"first","17":"outofstock","18":"shipping-taxable","19":"purchasable","20":"product-type-simple"},"yoast_head":"<!-- This site is optimized with the Yoast SEO plugin v27.4 - https:\/\/yoast.com\/product\/yoast-seo-wordpress\/ -->\n<title>Romana Kurd\u00ee - Hel\u00eem Y\u00fbsiv<\/title>\n<meta name=\"description\" content=\"Romana Kurd\u00ee - Hel\u00eem Y\u00fbsiv\u00a0Pirt\u00fbka bi nav\u00ea romana Kurd\u00ee ya niv\u00eeskar\u00ea Kurd Hel\u00eem Y\u00fbsiv ji we\u015fan\u00ean Ronah\u00ee hatiye derketin. Ev pirt\u00fbka weke l\u00eakol\u00een t\u00ea d\u00eetin.\" \/>\n<meta name=\"robots\" content=\"index, follow, max-snippet:-1, max-image-preview:large, max-video-preview:-1\" \/>\n<link rel=\"canonical\" href=\"https:\/\/shanabooks.de\/product\/romana-kurdi-helim-yusiv\/\" \/>\n<meta property=\"og:locale\" content=\"de_DE\" \/>\n<meta property=\"og:type\" content=\"article\" \/>\n<meta property=\"og:title\" content=\"Romana Kurd\u00ee - Hel\u00eem Y\u00fbsiv\" \/>\n<meta property=\"og:description\" content=\"Romana Kurd\u00ee - Hel\u00eem Y\u00fbsiv\u00a0Pirt\u00fbka bi nav\u00ea romana Kurd\u00ee ya niv\u00eeskar\u00ea Kurd Hel\u00eem Y\u00fbsiv ji we\u015fan\u00ean Ronah\u00ee hatiye derketin. Ev pirt\u00fbka weke l\u00eakol\u00een t\u00ea d\u00eetin.\" \/>\n<meta property=\"og:url\" content=\"https:\/\/shanabooks.de\/product\/romana-kurdi-helim-yusiv\/\" \/>\n<meta property=\"og:site_name\" content=\"www.shanabooks.de\" \/>\n<meta property=\"article:modified_time\" content=\"2025-12-30T22:21:49+00:00\" \/>\n<meta property=\"og:image\" content=\"https:\/\/shanabooks.de\/wp-content\/uploads\/2024\/03\/Romana-Kurdi-1.jpg\" \/>\n\t<meta property=\"og:image:width\" content=\"228\" \/>\n\t<meta property=\"og:image:height\" content=\"325\" \/>\n\t<meta property=\"og:image:type\" content=\"image\/jpeg\" \/>\n<meta name=\"twitter:card\" content=\"summary_large_image\" \/>\n<meta name=\"twitter:label1\" content=\"Gesch\u00e4tzte Lesezeit\" \/>\n\t<meta name=\"twitter:data1\" content=\"1\u00a0Minute\" \/>\n<script type=\"application\/ld+json\" class=\"yoast-schema-graph\">{\"@context\":\"https:\\\/\\\/schema.org\",\"@graph\":[{\"@type\":\"WebPage\",\"@id\":\"https:\\\/\\\/shanabooks.de\\\/product\\\/romana-kurdi-helim-yusiv\\\/\",\"url\":\"https:\\\/\\\/shanabooks.de\\\/product\\\/romana-kurdi-helim-yusiv\\\/\",\"name\":\"Romana Kurd\u00ee - Hel\u00eem Y\u00fbsiv\",\"isPartOf\":{\"@id\":\"https:\\\/\\\/shanabooks.de\\\/#website\"},\"primaryImageOfPage\":{\"@id\":\"https:\\\/\\\/shanabooks.de\\\/product\\\/romana-kurdi-helim-yusiv\\\/#primaryimage\"},\"image\":{\"@id\":\"https:\\\/\\\/shanabooks.de\\\/product\\\/romana-kurdi-helim-yusiv\\\/#primaryimage\"},\"thumbnailUrl\":\"https:\\\/\\\/shanabooks.de\\\/wp-content\\\/uploads\\\/2024\\\/03\\\/Romana-Kurdi-1.jpg\",\"datePublished\":\"2024-03-02T22:04:31+00:00\",\"dateModified\":\"2025-12-30T22:21:49+00:00\",\"description\":\"Romana Kurd\u00ee - Hel\u00eem Y\u00fbsiv\u00a0Pirt\u00fbka bi nav\u00ea romana Kurd\u00ee ya niv\u00eeskar\u00ea Kurd Hel\u00eem Y\u00fbsiv ji we\u015fan\u00ean Ronah\u00ee hatiye derketin. Ev pirt\u00fbka weke l\u00eakol\u00een t\u00ea d\u00eetin.\",\"breadcrumb\":{\"@id\":\"https:\\\/\\\/shanabooks.de\\\/product\\\/romana-kurdi-helim-yusiv\\\/#breadcrumb\"},\"inLanguage\":\"de\",\"potentialAction\":[{\"@type\":\"ReadAction\",\"target\":[\"https:\\\/\\\/shanabooks.de\\\/product\\\/romana-kurdi-helim-yusiv\\\/\"]}]},{\"@type\":\"ImageObject\",\"inLanguage\":\"de\",\"@id\":\"https:\\\/\\\/shanabooks.de\\\/product\\\/romana-kurdi-helim-yusiv\\\/#primaryimage\",\"url\":\"https:\\\/\\\/shanabooks.de\\\/wp-content\\\/uploads\\\/2024\\\/03\\\/Romana-Kurdi-1.jpg\",\"contentUrl\":\"https:\\\/\\\/shanabooks.de\\\/wp-content\\\/uploads\\\/2024\\\/03\\\/Romana-Kurdi-1.jpg\",\"width\":228,\"height\":325,\"caption\":\"Romana Kurd\u00ee - Hel\u00eem Y\u00fbsiv - Pirt\u00fbk\u00ean Kurd\u00ee\"},{\"@type\":\"BreadcrumbList\",\"@id\":\"https:\\\/\\\/shanabooks.de\\\/product\\\/romana-kurdi-helim-yusiv\\\/#breadcrumb\",\"itemListElement\":[{\"@type\":\"ListItem\",\"position\":1,\"name\":\"\u0627\u0644\u0631\u0626\u064a\u0633\u064a\u0629\",\"item\":\"https:\\\/\\\/shanabooks.de\\\/de\\\/\"},{\"@type\":\"ListItem\",\"position\":2,\"name\":\"\u0627\u0644\u0645\u0646\u062a\u062c\u0627\u062a\",\"item\":\"https:\\\/\\\/shanabooks.de\\\/shop\\\/\"},{\"@type\":\"ListItem\",\"position\":3,\"name\":\"Romana Kurd\u00ee\"}]},{\"@type\":\"WebSite\",\"@id\":\"https:\\\/\\\/shanabooks.de\\\/#website\",\"url\":\"https:\\\/\\\/shanabooks.de\\\/\",\"name\":\"www.shanbooks.de\",\"description\":\"C\u00eehana Pirt\u00fbk\u00ean Kurd\u00ee \u0645\u0643\u062a\u0628\u0629 \u0634\u0627\u0646\u0627 \u0641\u064a \u0627\u0644\u0645\u0627\u0646\u064a\u0627 \u0648\u0623\u0648\u0631\u0628\u0627\",\"publisher\":{\"@id\":\"https:\\\/\\\/shanabooks.de\\\/#organization\"},\"potentialAction\":[{\"@type\":\"SearchAction\",\"target\":{\"@type\":\"EntryPoint\",\"urlTemplate\":\"https:\\\/\\\/shanabooks.de\\\/?s={search_term_string}\"},\"query-input\":{\"@type\":\"PropertyValueSpecification\",\"valueRequired\":true,\"valueName\":\"search_term_string\"}}],\"inLanguage\":\"de\"},{\"@type\":\"Organization\",\"@id\":\"https:\\\/\\\/shanabooks.de\\\/#organization\",\"name\":\"www.shanbooks.de\",\"url\":\"https:\\\/\\\/shanabooks.de\\\/\",\"logo\":{\"@type\":\"ImageObject\",\"inLanguage\":\"de\",\"@id\":\"https:\\\/\\\/shanabooks.de\\\/#\\\/schema\\\/logo\\\/image\\\/\",\"url\":\"https:\\\/\\\/shanabooks.de\\\/wp-content\\\/uploads\\\/2024\\\/03\\\/SHANABOOKS__2_-removebg-preview.png\",\"contentUrl\":\"https:\\\/\\\/shanabooks.de\\\/wp-content\\\/uploads\\\/2024\\\/03\\\/SHANABOOKS__2_-removebg-preview.png\",\"width\":700,\"height\":150,\"caption\":\"www.shanbooks.de\"},\"image\":{\"@id\":\"https:\\\/\\\/shanabooks.de\\\/#\\\/schema\\\/logo\\\/image\\\/\"}}]}<\/script>\n<!-- \/ Yoast SEO plugin. -->","yoast_head_json":{"title":"Romana Kurd\u00ee - Hel\u00eem Y\u00fbsiv","description":"Romana Kurd\u00ee - Hel\u00eem Y\u00fbsiv\u00a0Pirt\u00fbka bi nav\u00ea romana Kurd\u00ee ya niv\u00eeskar\u00ea Kurd Hel\u00eem Y\u00fbsiv ji we\u015fan\u00ean Ronah\u00ee hatiye derketin. Ev pirt\u00fbka weke l\u00eakol\u00een t\u00ea d\u00eetin.","robots":{"index":"index","follow":"follow","max-snippet":"max-snippet:-1","max-image-preview":"max-image-preview:large","max-video-preview":"max-video-preview:-1"},"canonical":"https:\/\/shanabooks.de\/product\/romana-kurdi-helim-yusiv\/","og_locale":"de_DE","og_type":"article","og_title":"Romana Kurd\u00ee - Hel\u00eem Y\u00fbsiv","og_description":"Romana Kurd\u00ee - Hel\u00eem Y\u00fbsiv\u00a0Pirt\u00fbka bi nav\u00ea romana Kurd\u00ee ya niv\u00eeskar\u00ea Kurd Hel\u00eem Y\u00fbsiv ji we\u015fan\u00ean Ronah\u00ee hatiye derketin. Ev pirt\u00fbka weke l\u00eakol\u00een t\u00ea d\u00eetin.","og_url":"https:\/\/shanabooks.de\/product\/romana-kurdi-helim-yusiv\/","og_site_name":"www.shanabooks.de","article_modified_time":"2025-12-30T22:21:49+00:00","og_image":[{"width":228,"height":325,"url":"https:\/\/shanabooks.de\/wp-content\/uploads\/2024\/03\/Romana-Kurdi-1.jpg","type":"image\/jpeg"}],"twitter_card":"summary_large_image","twitter_misc":{"Gesch\u00e4tzte Lesezeit":"1\u00a0Minute"},"schema":{"@context":"https:\/\/schema.org","@graph":[{"@type":"WebPage","@id":"https:\/\/shanabooks.de\/product\/romana-kurdi-helim-yusiv\/","url":"https:\/\/shanabooks.de\/product\/romana-kurdi-helim-yusiv\/","name":"Romana Kurd\u00ee - Hel\u00eem Y\u00fbsiv","isPartOf":{"@id":"https:\/\/shanabooks.de\/#website"},"primaryImageOfPage":{"@id":"https:\/\/shanabooks.de\/product\/romana-kurdi-helim-yusiv\/#primaryimage"},"image":{"@id":"https:\/\/shanabooks.de\/product\/romana-kurdi-helim-yusiv\/#primaryimage"},"thumbnailUrl":"https:\/\/shanabooks.de\/wp-content\/uploads\/2024\/03\/Romana-Kurdi-1.jpg","datePublished":"2024-03-02T22:04:31+00:00","dateModified":"2025-12-30T22:21:49+00:00","description":"Romana Kurd\u00ee - Hel\u00eem Y\u00fbsiv\u00a0Pirt\u00fbka bi nav\u00ea romana Kurd\u00ee ya niv\u00eeskar\u00ea Kurd Hel\u00eem Y\u00fbsiv ji we\u015fan\u00ean Ronah\u00ee hatiye derketin. Ev pirt\u00fbka weke l\u00eakol\u00een t\u00ea d\u00eetin.","breadcrumb":{"@id":"https:\/\/shanabooks.de\/product\/romana-kurdi-helim-yusiv\/#breadcrumb"},"inLanguage":"de","potentialAction":[{"@type":"ReadAction","target":["https:\/\/shanabooks.de\/product\/romana-kurdi-helim-yusiv\/"]}]},{"@type":"ImageObject","inLanguage":"de","@id":"https:\/\/shanabooks.de\/product\/romana-kurdi-helim-yusiv\/#primaryimage","url":"https:\/\/shanabooks.de\/wp-content\/uploads\/2024\/03\/Romana-Kurdi-1.jpg","contentUrl":"https:\/\/shanabooks.de\/wp-content\/uploads\/2024\/03\/Romana-Kurdi-1.jpg","width":228,"height":325,"caption":"Romana Kurd\u00ee - Hel\u00eem Y\u00fbsiv - Pirt\u00fbk\u00ean Kurd\u00ee"},{"@type":"BreadcrumbList","@id":"https:\/\/shanabooks.de\/product\/romana-kurdi-helim-yusiv\/#breadcrumb","itemListElement":[{"@type":"ListItem","position":1,"name":"\u0627\u0644\u0631\u0626\u064a\u0633\u064a\u0629","item":"https:\/\/shanabooks.de\/de\/"},{"@type":"ListItem","position":2,"name":"\u0627\u0644\u0645\u0646\u062a\u062c\u0627\u062a","item":"https:\/\/shanabooks.de\/shop\/"},{"@type":"ListItem","position":3,"name":"Romana Kurd\u00ee"}]},{"@type":"WebSite","@id":"https:\/\/shanabooks.de\/#website","url":"https:\/\/shanabooks.de\/","name":"www.shanbooks.de","description":"C\u00eehana Pirt\u00fbk\u00ean Kurd\u00ee \u0645\u0643\u062a\u0628\u0629 \u0634\u0627\u0646\u0627 \u0641\u064a \u0627\u0644\u0645\u0627\u0646\u064a\u0627 \u0648\u0623\u0648\u0631\u0628\u0627","publisher":{"@id":"https:\/\/shanabooks.de\/#organization"},"potentialAction":[{"@type":"SearchAction","target":{"@type":"EntryPoint","urlTemplate":"https:\/\/shanabooks.de\/?s={search_term_string}"},"query-input":{"@type":"PropertyValueSpecification","valueRequired":true,"valueName":"search_term_string"}}],"inLanguage":"de"},{"@type":"Organization","@id":"https:\/\/shanabooks.de\/#organization","name":"www.shanbooks.de","url":"https:\/\/shanabooks.de\/","logo":{"@type":"ImageObject","inLanguage":"de","@id":"https:\/\/shanabooks.de\/#\/schema\/logo\/image\/","url":"https:\/\/shanabooks.de\/wp-content\/uploads\/2024\/03\/SHANABOOKS__2_-removebg-preview.png","contentUrl":"https:\/\/shanabooks.de\/wp-content\/uploads\/2024\/03\/SHANABOOKS__2_-removebg-preview.png","width":700,"height":150,"caption":"www.shanbooks.de"},"image":{"@id":"https:\/\/shanabooks.de\/#\/schema\/logo\/image\/"}}]}},"jetpack_sharing_enabled":true,"_links":{"self":[{"href":"https:\/\/shanabooks.de\/de\/wp-json\/wp\/v2\/product\/11429","targetHints":{"allow":["GET"]}}],"collection":[{"href":"https:\/\/shanabooks.de\/de\/wp-json\/wp\/v2\/product"}],"about":[{"href":"https:\/\/shanabooks.de\/de\/wp-json\/wp\/v2\/types\/product"}],"version-history":[{"count":3,"href":"https:\/\/shanabooks.de\/de\/wp-json\/wp\/v2\/product\/11429\/revisions"}],"predecessor-version":[{"id":11434,"href":"https:\/\/shanabooks.de\/de\/wp-json\/wp\/v2\/product\/11429\/revisions\/11434"}],"wp:featuredmedia":[{"embeddable":true,"href":"https:\/\/shanabooks.de\/de\/wp-json\/wp\/v2\/media\/11430"}],"wp:attachment":[{"href":"https:\/\/shanabooks.de\/de\/wp-json\/wp\/v2\/media?parent=11429"}],"wp:term":[{"taxonomy":"product_brand","embeddable":true,"href":"https:\/\/shanabooks.de\/de\/wp-json\/wp\/v2\/product_brand?post=11429"},{"taxonomy":"product_cat","embeddable":true,"href":"https:\/\/shanabooks.de\/de\/wp-json\/wp\/v2\/product_cat?post=11429"},{"taxonomy":"product_tag","embeddable":true,"href":"https:\/\/shanabooks.de\/de\/wp-json\/wp\/v2\/product_tag?post=11429"}],"curies":[{"name":"wp","href":"https:\/\/api.w.org\/{rel}","templated":true}]}}