{"id":11592,"date":"2024-03-03T11:50:47","date_gmt":"2024-03-03T11:50:47","guid":{"rendered":"https:\/\/shanabooks.de\/?post_type=product&#038;p=11592"},"modified":"2024-03-03T14:12:42","modified_gmt":"2024-03-03T14:12:42","slug":"edebiyata-kurdi-nezir-ocek","status":"publish","type":"product","link":"https:\/\/shanabooks.de\/de\/product\/edebiyata-kurdi-nezir-ocek\/","title":{"rendered":"Edebiyata kurd\u00ee"},"content":{"rendered":"<p dir=\"ltr\"><strong>Edebiyata kurd\u00ee &#8211; Nez\u00eer Ocek<\/strong><\/p>\n<p dir=\"ltr\">Pirt\u00fbka Edebiyata kurd\u00ee ya Nez\u00eer Ocek e.<\/p>\n<p dir=\"ltr\">Di sala 1961\u00ea de li gund\u00ea Xumar\u00ea, bi ser nav\u00e7eya Wan\u00ea \u015eax\u00ea ve ji dayik b\u00fbye. Dibistana seretay\u00ee \u00fb nav\u00een li Wan\u00ea xwendiye, l\u00eesey\u00ea li Ciz\u00eer\u00ea xwendiye. D\u00fb re derbas\u00ee S\u00fbriyey\u00ea b\u00fbye \u00fb li Kuliyata \u015eam\u00ea Be\u015fa Ziman \u00fb W\u00eajeya Ereb\u00ee xwendiye. Di 2002an de li Enst\u00eetuya Kurd\u00ee ya Stenbol\u00ea dersa ziman\u00ea kurd\u00ee d\u00eetiye. Di 2004an de li Wan\u00ea di f\u00eargeha ferm\u00ee ya ziman\u00ea kurd\u00ee de ders\u00ean r\u00eaziman\u00ea \u00fb ders\u00ean w\u00eajeya kurd\u00ee daye. Di 2006an de di avakirina komeleya Kurd\u00ee-Der a Wan\u00ea de cih girtiye \u00fb li wir ders\u00ean ziman dide.<\/p>\n","protected":false},"excerpt":{"rendered":"<p dir=\"ltr\" style=\"text-align: center\"><strong>Pirt\u00fbk: Edebiyata kurd\u00ee<br \/>\nNiv\u00eeskar: Nez\u00eer Ocek<\/strong><br \/>\n<strong>Cure: l\u00eakol\u00een<\/strong><\/p>\n","protected":false},"featured_media":11635,"template":"","meta":{"site-sidebar-layout":"default","site-content-layout":"","ast-site-content-layout":"default","site-content-style":"default","site-sidebar-style":"default","ast-global-header-display":"","ast-banner-title-visibility":"","ast-main-header-display":"","ast-hfb-above-header-display":"","ast-hfb-below-header-display":"","ast-hfb-mobile-header-display":"","site-post-title":"","ast-breadcrumbs-content":"","ast-featured-img":"","footer-sml-layout":"","ast-disable-related-posts":"","theme-transparent-header-meta":"default","adv-header-id-meta":"","stick-header-meta":"","header-above-stick-meta":"","header-main-stick-meta":"","header-below-stick-meta":"","astra-migrate-meta-layouts":"set","ast-page-background-enabled":"default","ast-page-background-meta":{"desktop":{"background-color":"","background-image":"","background-repeat":"repeat","background-position":"center center","background-size":"auto","background-attachment":"scroll","background-type":"","background-media":"","overlay-type":"","overlay-color":"","overlay-opacity":"","overlay-gradient":""},"tablet":{"background-color":"","background-image":"","background-repeat":"repeat","background-position":"center center","background-size":"auto","background-attachment":"scroll","background-type":"","background-media":"","overlay-type":"","overlay-color":"","overlay-opacity":"","overlay-gradient":""},"mobile":{"background-color":"","background-image":"","background-repeat":"repeat","background-position":"center center","background-size":"auto","background-attachment":"scroll","background-type":"","background-media":"","overlay-type":"","overlay-color":"","overlay-opacity":"","overlay-gradient":""}},"ast-content-background-meta":{"desktop":{"background-color":"var(--ast-global-color-5)","background-image":"","background-repeat":"repeat","background-position":"center center","background-size":"auto","background-attachment":"scroll","background-type":"","background-media":"","overlay-type":"","overlay-color":"","overlay-opacity":"","overlay-gradient":""},"tablet":{"background-color":"var(--ast-global-color-5)","background-image":"","background-repeat":"repeat","background-position":"center center","background-size":"auto","background-attachment":"scroll","background-type":"","background-media":"","overlay-type":"","overlay-color":"","overlay-opacity":"","overlay-gradient":""},"mobile":{"background-color":"var(--ast-global-color-5)","background-image":"","background-repeat":"repeat","background-position":"center center","background-size":"auto","background-attachment":"scroll","background-type":"","background-media":"","overlay-type":"","overlay-color":"","overlay-opacity":"","overlay-gradient":""}}},"product_brand":[],"product_cat":[179,193],"product_tag":[],"class_list":{"0":"post-11592","1":"product","2":"type-product","3":"status-publish","4":"has-post-thumbnail","6":"product_cat-_","7":"product_cat--_","8":"pa_-ferbuna-kurdi","9":"pa_-nezir-ocek","10":"pa_-kurmanci","11":"pa_--sitav-yayinevi","12":"desktop-align-left","13":"tablet-align-left","14":"mobile-align-left","16":"first","17":"outofstock","18":"shipping-taxable","19":"purchasable","20":"product-type-simple"},"yoast_head":"<!-- This site is optimized with the Yoast SEO plugin v27.4 - https:\/\/yoast.com\/product\/yoast-seo-wordpress\/ -->\n<title>Edebiyata kurd\u00ee - Nez\u00eer Ocek - www.shanabooks.de<\/title>\n<meta name=\"description\" content=\"Edebiyata kurd\u00ee - Nez\u00eer Ocek\u00a0Di sala 1961\u00ea de li gund\u00ea Xumar\u00ea, bi ser nav\u00e7eya Wan\u00ea \u015eax\u00ea ve ji dayik b\u00fbye. Dibistana seretay\u00ee \u00fb nav\u00een li Wan\u00ea xwendiye, l\u00ee...\" \/>\n<meta name=\"robots\" content=\"index, follow, max-snippet:-1, max-image-preview:large, max-video-preview:-1\" \/>\n<link rel=\"canonical\" href=\"https:\/\/shanabooks.de\/product\/edebiyata-kurdi-nezir-ocek\/\" \/>\n<meta property=\"og:locale\" content=\"de_DE\" \/>\n<meta property=\"og:type\" content=\"article\" \/>\n<meta property=\"og:title\" content=\"Edebiyata kurd\u00ee - Nez\u00eer Ocek - www.shanabooks.de\" \/>\n<meta property=\"og:description\" content=\"Edebiyata kurd\u00ee - Nez\u00eer Ocek\u00a0Di sala 1961\u00ea de li gund\u00ea Xumar\u00ea, bi ser nav\u00e7eya Wan\u00ea \u015eax\u00ea ve ji dayik b\u00fbye. Dibistana seretay\u00ee \u00fb nav\u00een li Wan\u00ea xwendiye, l\u00ee...\" \/>\n<meta property=\"og:url\" content=\"https:\/\/shanabooks.de\/product\/edebiyata-kurdi-nezir-ocek\/\" \/>\n<meta property=\"og:site_name\" content=\"www.shanabooks.de\" \/>\n<meta property=\"article:modified_time\" content=\"2024-03-03T14:12:42+00:00\" \/>\n<meta property=\"og:image\" content=\"https:\/\/shanabooks.de\/wp-content\/uploads\/2024\/03\/Edebiyata-Kurdi.png\" \/>\n\t<meta property=\"og:image:width\" content=\"325\" \/>\n\t<meta property=\"og:image:height\" content=\"480\" \/>\n\t<meta property=\"og:image:type\" content=\"image\/png\" \/>\n<meta name=\"twitter:card\" content=\"summary_large_image\" \/>\n<meta name=\"twitter:label1\" content=\"Gesch\u00e4tzte Lesezeit\" \/>\n\t<meta name=\"twitter:data1\" content=\"1\u00a0Minute\" \/>\n<script type=\"application\/ld+json\" class=\"yoast-schema-graph\">{\"@context\":\"https:\\\/\\\/schema.org\",\"@graph\":[{\"@type\":\"WebPage\",\"@id\":\"https:\\\/\\\/shanabooks.de\\\/product\\\/edebiyata-kurdi-nezir-ocek\\\/\",\"url\":\"https:\\\/\\\/shanabooks.de\\\/product\\\/edebiyata-kurdi-nezir-ocek\\\/\",\"name\":\"Edebiyata kurd\u00ee - Nez\u00eer Ocek - www.shanabooks.de\",\"isPartOf\":{\"@id\":\"https:\\\/\\\/shanabooks.de\\\/#website\"},\"primaryImageOfPage\":{\"@id\":\"https:\\\/\\\/shanabooks.de\\\/product\\\/edebiyata-kurdi-nezir-ocek\\\/#primaryimage\"},\"image\":{\"@id\":\"https:\\\/\\\/shanabooks.de\\\/product\\\/edebiyata-kurdi-nezir-ocek\\\/#primaryimage\"},\"thumbnailUrl\":\"https:\\\/\\\/shanabooks.de\\\/wp-content\\\/uploads\\\/2024\\\/03\\\/Edebiyata-Kurdi.png\",\"datePublished\":\"2024-03-03T11:50:47+00:00\",\"dateModified\":\"2024-03-03T14:12:42+00:00\",\"description\":\"Edebiyata kurd\u00ee - Nez\u00eer Ocek\u00a0Di sala 1961\u00ea de li gund\u00ea Xumar\u00ea, bi ser nav\u00e7eya Wan\u00ea \u015eax\u00ea ve ji dayik b\u00fbye. Dibistana seretay\u00ee \u00fb nav\u00een li Wan\u00ea xwendiye, l\u00ee...\",\"breadcrumb\":{\"@id\":\"https:\\\/\\\/shanabooks.de\\\/product\\\/edebiyata-kurdi-nezir-ocek\\\/#breadcrumb\"},\"inLanguage\":\"de\",\"potentialAction\":[{\"@type\":\"ReadAction\",\"target\":[\"https:\\\/\\\/shanabooks.de\\\/product\\\/edebiyata-kurdi-nezir-ocek\\\/\"]}]},{\"@type\":\"ImageObject\",\"inLanguage\":\"de\",\"@id\":\"https:\\\/\\\/shanabooks.de\\\/product\\\/edebiyata-kurdi-nezir-ocek\\\/#primaryimage\",\"url\":\"https:\\\/\\\/shanabooks.de\\\/wp-content\\\/uploads\\\/2024\\\/03\\\/Edebiyata-Kurdi.png\",\"contentUrl\":\"https:\\\/\\\/shanabooks.de\\\/wp-content\\\/uploads\\\/2024\\\/03\\\/Edebiyata-Kurdi.png\",\"width\":325,\"height\":480,\"caption\":\"Edebiyata Kurd\u00ee-NEz\u00eer Ocek-Pirt\u00fbk\u00ean Kurd\u00ee\"},{\"@type\":\"BreadcrumbList\",\"@id\":\"https:\\\/\\\/shanabooks.de\\\/product\\\/edebiyata-kurdi-nezir-ocek\\\/#breadcrumb\",\"itemListElement\":[{\"@type\":\"ListItem\",\"position\":1,\"name\":\"\u0627\u0644\u0631\u0626\u064a\u0633\u064a\u0629\",\"item\":\"https:\\\/\\\/shanabooks.de\\\/de\\\/\"},{\"@type\":\"ListItem\",\"position\":2,\"name\":\"\u0627\u0644\u0645\u0646\u062a\u062c\u0627\u062a\",\"item\":\"https:\\\/\\\/shanabooks.de\\\/shop\\\/\"},{\"@type\":\"ListItem\",\"position\":3,\"name\":\"Edebiyata kurd\u00ee\"}]},{\"@type\":\"WebSite\",\"@id\":\"https:\\\/\\\/shanabooks.de\\\/#website\",\"url\":\"https:\\\/\\\/shanabooks.de\\\/\",\"name\":\"www.shanbooks.de\",\"description\":\"C\u00eehana Pirt\u00fbk\u00ean Kurd\u00ee \u0645\u0643\u062a\u0628\u0629 \u0634\u0627\u0646\u0627 \u0641\u064a \u0627\u0644\u0645\u0627\u0646\u064a\u0627 \u0648\u0623\u0648\u0631\u0628\u0627\",\"publisher\":{\"@id\":\"https:\\\/\\\/shanabooks.de\\\/#organization\"},\"potentialAction\":[{\"@type\":\"SearchAction\",\"target\":{\"@type\":\"EntryPoint\",\"urlTemplate\":\"https:\\\/\\\/shanabooks.de\\\/?s={search_term_string}\"},\"query-input\":{\"@type\":\"PropertyValueSpecification\",\"valueRequired\":true,\"valueName\":\"search_term_string\"}}],\"inLanguage\":\"de\"},{\"@type\":\"Organization\",\"@id\":\"https:\\\/\\\/shanabooks.de\\\/#organization\",\"name\":\"www.shanbooks.de\",\"url\":\"https:\\\/\\\/shanabooks.de\\\/\",\"logo\":{\"@type\":\"ImageObject\",\"inLanguage\":\"de\",\"@id\":\"https:\\\/\\\/shanabooks.de\\\/#\\\/schema\\\/logo\\\/image\\\/\",\"url\":\"https:\\\/\\\/shanabooks.de\\\/wp-content\\\/uploads\\\/2024\\\/03\\\/SHANABOOKS__2_-removebg-preview.png\",\"contentUrl\":\"https:\\\/\\\/shanabooks.de\\\/wp-content\\\/uploads\\\/2024\\\/03\\\/SHANABOOKS__2_-removebg-preview.png\",\"width\":700,\"height\":150,\"caption\":\"www.shanbooks.de\"},\"image\":{\"@id\":\"https:\\\/\\\/shanabooks.de\\\/#\\\/schema\\\/logo\\\/image\\\/\"}}]}<\/script>\n<!-- \/ Yoast SEO plugin. -->","yoast_head_json":{"title":"Edebiyata kurd\u00ee - Nez\u00eer Ocek - www.shanabooks.de","description":"Edebiyata kurd\u00ee - Nez\u00eer Ocek\u00a0Di sala 1961\u00ea de li gund\u00ea Xumar\u00ea, bi ser nav\u00e7eya Wan\u00ea \u015eax\u00ea ve ji dayik b\u00fbye. Dibistana seretay\u00ee \u00fb nav\u00een li Wan\u00ea xwendiye, l\u00ee...","robots":{"index":"index","follow":"follow","max-snippet":"max-snippet:-1","max-image-preview":"max-image-preview:large","max-video-preview":"max-video-preview:-1"},"canonical":"https:\/\/shanabooks.de\/product\/edebiyata-kurdi-nezir-ocek\/","og_locale":"de_DE","og_type":"article","og_title":"Edebiyata kurd\u00ee - Nez\u00eer Ocek - www.shanabooks.de","og_description":"Edebiyata kurd\u00ee - Nez\u00eer Ocek\u00a0Di sala 1961\u00ea de li gund\u00ea Xumar\u00ea, bi ser nav\u00e7eya Wan\u00ea \u015eax\u00ea ve ji dayik b\u00fbye. Dibistana seretay\u00ee \u00fb nav\u00een li Wan\u00ea xwendiye, l\u00ee...","og_url":"https:\/\/shanabooks.de\/product\/edebiyata-kurdi-nezir-ocek\/","og_site_name":"www.shanabooks.de","article_modified_time":"2024-03-03T14:12:42+00:00","og_image":[{"width":325,"height":480,"url":"https:\/\/shanabooks.de\/wp-content\/uploads\/2024\/03\/Edebiyata-Kurdi.png","type":"image\/png"}],"twitter_card":"summary_large_image","twitter_misc":{"Gesch\u00e4tzte Lesezeit":"1\u00a0Minute"},"schema":{"@context":"https:\/\/schema.org","@graph":[{"@type":"WebPage","@id":"https:\/\/shanabooks.de\/product\/edebiyata-kurdi-nezir-ocek\/","url":"https:\/\/shanabooks.de\/product\/edebiyata-kurdi-nezir-ocek\/","name":"Edebiyata kurd\u00ee - Nez\u00eer Ocek - www.shanabooks.de","isPartOf":{"@id":"https:\/\/shanabooks.de\/#website"},"primaryImageOfPage":{"@id":"https:\/\/shanabooks.de\/product\/edebiyata-kurdi-nezir-ocek\/#primaryimage"},"image":{"@id":"https:\/\/shanabooks.de\/product\/edebiyata-kurdi-nezir-ocek\/#primaryimage"},"thumbnailUrl":"https:\/\/shanabooks.de\/wp-content\/uploads\/2024\/03\/Edebiyata-Kurdi.png","datePublished":"2024-03-03T11:50:47+00:00","dateModified":"2024-03-03T14:12:42+00:00","description":"Edebiyata kurd\u00ee - Nez\u00eer Ocek\u00a0Di sala 1961\u00ea de li gund\u00ea Xumar\u00ea, bi ser nav\u00e7eya Wan\u00ea \u015eax\u00ea ve ji dayik b\u00fbye. Dibistana seretay\u00ee \u00fb nav\u00een li Wan\u00ea xwendiye, l\u00ee...","breadcrumb":{"@id":"https:\/\/shanabooks.de\/product\/edebiyata-kurdi-nezir-ocek\/#breadcrumb"},"inLanguage":"de","potentialAction":[{"@type":"ReadAction","target":["https:\/\/shanabooks.de\/product\/edebiyata-kurdi-nezir-ocek\/"]}]},{"@type":"ImageObject","inLanguage":"de","@id":"https:\/\/shanabooks.de\/product\/edebiyata-kurdi-nezir-ocek\/#primaryimage","url":"https:\/\/shanabooks.de\/wp-content\/uploads\/2024\/03\/Edebiyata-Kurdi.png","contentUrl":"https:\/\/shanabooks.de\/wp-content\/uploads\/2024\/03\/Edebiyata-Kurdi.png","width":325,"height":480,"caption":"Edebiyata Kurd\u00ee-NEz\u00eer Ocek-Pirt\u00fbk\u00ean Kurd\u00ee"},{"@type":"BreadcrumbList","@id":"https:\/\/shanabooks.de\/product\/edebiyata-kurdi-nezir-ocek\/#breadcrumb","itemListElement":[{"@type":"ListItem","position":1,"name":"\u0627\u0644\u0631\u0626\u064a\u0633\u064a\u0629","item":"https:\/\/shanabooks.de\/de\/"},{"@type":"ListItem","position":2,"name":"\u0627\u0644\u0645\u0646\u062a\u062c\u0627\u062a","item":"https:\/\/shanabooks.de\/shop\/"},{"@type":"ListItem","position":3,"name":"Edebiyata kurd\u00ee"}]},{"@type":"WebSite","@id":"https:\/\/shanabooks.de\/#website","url":"https:\/\/shanabooks.de\/","name":"www.shanbooks.de","description":"C\u00eehana Pirt\u00fbk\u00ean Kurd\u00ee \u0645\u0643\u062a\u0628\u0629 \u0634\u0627\u0646\u0627 \u0641\u064a \u0627\u0644\u0645\u0627\u0646\u064a\u0627 \u0648\u0623\u0648\u0631\u0628\u0627","publisher":{"@id":"https:\/\/shanabooks.de\/#organization"},"potentialAction":[{"@type":"SearchAction","target":{"@type":"EntryPoint","urlTemplate":"https:\/\/shanabooks.de\/?s={search_term_string}"},"query-input":{"@type":"PropertyValueSpecification","valueRequired":true,"valueName":"search_term_string"}}],"inLanguage":"de"},{"@type":"Organization","@id":"https:\/\/shanabooks.de\/#organization","name":"www.shanbooks.de","url":"https:\/\/shanabooks.de\/","logo":{"@type":"ImageObject","inLanguage":"de","@id":"https:\/\/shanabooks.de\/#\/schema\/logo\/image\/","url":"https:\/\/shanabooks.de\/wp-content\/uploads\/2024\/03\/SHANABOOKS__2_-removebg-preview.png","contentUrl":"https:\/\/shanabooks.de\/wp-content\/uploads\/2024\/03\/SHANABOOKS__2_-removebg-preview.png","width":700,"height":150,"caption":"www.shanbooks.de"},"image":{"@id":"https:\/\/shanabooks.de\/#\/schema\/logo\/image\/"}}]}},"jetpack_sharing_enabled":true,"_links":{"self":[{"href":"https:\/\/shanabooks.de\/de\/wp-json\/wp\/v2\/product\/11592","targetHints":{"allow":["GET"]}}],"collection":[{"href":"https:\/\/shanabooks.de\/de\/wp-json\/wp\/v2\/product"}],"about":[{"href":"https:\/\/shanabooks.de\/de\/wp-json\/wp\/v2\/types\/product"}],"version-history":[{"count":3,"href":"https:\/\/shanabooks.de\/de\/wp-json\/wp\/v2\/product\/11592\/revisions"}],"predecessor-version":[{"id":11747,"href":"https:\/\/shanabooks.de\/de\/wp-json\/wp\/v2\/product\/11592\/revisions\/11747"}],"wp:featuredmedia":[{"embeddable":true,"href":"https:\/\/shanabooks.de\/de\/wp-json\/wp\/v2\/media\/11635"}],"wp:attachment":[{"href":"https:\/\/shanabooks.de\/de\/wp-json\/wp\/v2\/media?parent=11592"}],"wp:term":[{"taxonomy":"product_brand","embeddable":true,"href":"https:\/\/shanabooks.de\/de\/wp-json\/wp\/v2\/product_brand?post=11592"},{"taxonomy":"product_cat","embeddable":true,"href":"https:\/\/shanabooks.de\/de\/wp-json\/wp\/v2\/product_cat?post=11592"},{"taxonomy":"product_tag","embeddable":true,"href":"https:\/\/shanabooks.de\/de\/wp-json\/wp\/v2\/product_tag?post=11592"}],"curies":[{"name":"wp","href":"https:\/\/api.w.org\/{rel}","templated":true}]}}