{"id":11594,"date":"2024-03-03T11:50:47","date_gmt":"2024-03-03T11:50:47","guid":{"rendered":"https:\/\/shanabooks.de\/?post_type=product&#038;p=11594"},"modified":"2026-01-01T16:43:00","modified_gmt":"2026-01-01T16:43:00","slug":"rezimana-kurmanci-bahoz-baran","status":"publish","type":"product","link":"https:\/\/shanabooks.de\/de\/product\/rezimana-kurmanci-bahoz-baran\/","title":{"rendered":"R\u00eazimana kurmanc\u00ee"},"content":{"rendered":"<p dir=\"ltr\"><strong>R\u00eazimana kurmanc\u00ee &#8211; Bahoz Baran<\/strong><\/p>\n<p dir=\"ltr\">Li ser r\u00eazimana kurmanc\u00ee heta niha gelek xebat hatine kirin. Van xebatan, r\u00ea li p\u00ea\u015f\u00eeya ziman\u00ee vekir\u00eeye \u00fb ew an\u00eeye qonaxa \u00eero. L\u00ea ziman j\u00ee wek\u00ee mirovan zind\u00ee ye \u00fb pirs \u00fb pirsgir\u00eak\u00ean w\u00ee j\u00ee hene, lazim e di v\u00ee war\u00ee da mirov qet nesekine \u00fb her bixebite.<br \/>\nDi v\u00ea pirt\u00fbk\u00ea R\u00eazimana Kurmanc\u00ee ya Bahoz Baran da, hem\u00fb mijar\u00ean r\u00eaziman\u00ea bi awayek\u00ee berfireh \u00fb bipergal hatine vegotin. Li ser pa\u015fgir\u00ean kurmanc\u00ee, rayek\u00ean l\u00eakeran, zayenda peyvan, \u00e7ewt\u00eey\u00ean vegotin\u00ea, da\u00e7ek \u00fb gihanekan, li ser l\u00eaker\u00ean birist \u00fb b\u00earist xebatine berfireh hatine kirin. Herweha li ser pirs \u00fb pirsgir\u00eak\u00ean r\u00eazimana kurmanc\u00ee j\u00ee gelek xal hatine destn\u00ee\u015fankirin.<\/p>\n<p dir=\"ltr\">\n","protected":false},"excerpt":{"rendered":"<p dir=\"ltr\" style=\"text-align: center\"><strong>Pirt\u00fbk: R\u00eazimana kurmanc\u00ee<br \/>\nNiv\u00eeskar: Bahoz Baran<\/strong><br \/>\n<strong>Cure: F\u00earb\u00fbn<\/strong><\/p>\n","protected":false},"featured_media":11639,"template":"","meta":{"site-sidebar-layout":"default","site-content-layout":"","ast-site-content-layout":"default","site-content-style":"default","site-sidebar-style":"default","ast-global-header-display":"","ast-banner-title-visibility":"","ast-main-header-display":"","ast-hfb-above-header-display":"","ast-hfb-below-header-display":"","ast-hfb-mobile-header-display":"","site-post-title":"","ast-breadcrumbs-content":"","ast-featured-img":"","footer-sml-layout":"","ast-disable-related-posts":"","theme-transparent-header-meta":"default","adv-header-id-meta":"","stick-header-meta":"","header-above-stick-meta":"","header-main-stick-meta":"","header-below-stick-meta":"","astra-migrate-meta-layouts":"set","ast-page-background-enabled":"default","ast-page-background-meta":{"desktop":{"background-color":"","background-image":"","background-repeat":"repeat","background-position":"center center","background-size":"auto","background-attachment":"scroll","background-type":"","background-media":"","overlay-type":"","overlay-color":"","overlay-opacity":"","overlay-gradient":""},"tablet":{"background-color":"","background-image":"","background-repeat":"repeat","background-position":"center center","background-size":"auto","background-attachment":"scroll","background-type":"","background-media":"","overlay-type":"","overlay-color":"","overlay-opacity":"","overlay-gradient":""},"mobile":{"background-color":"","background-image":"","background-repeat":"repeat","background-position":"center center","background-size":"auto","background-attachment":"scroll","background-type":"","background-media":"","overlay-type":"","overlay-color":"","overlay-opacity":"","overlay-gradient":""}},"ast-content-background-meta":{"desktop":{"background-color":"var(--ast-global-color-5)","background-image":"","background-repeat":"repeat","background-position":"center center","background-size":"auto","background-attachment":"scroll","background-type":"","background-media":"","overlay-type":"","overlay-color":"","overlay-opacity":"","overlay-gradient":""},"tablet":{"background-color":"var(--ast-global-color-5)","background-image":"","background-repeat":"repeat","background-position":"center center","background-size":"auto","background-attachment":"scroll","background-type":"","background-media":"","overlay-type":"","overlay-color":"","overlay-opacity":"","overlay-gradient":""},"mobile":{"background-color":"var(--ast-global-color-5)","background-image":"","background-repeat":"repeat","background-position":"center center","background-size":"auto","background-attachment":"scroll","background-type":"","background-media":"","overlay-type":"","overlay-color":"","overlay-opacity":"","overlay-gradient":""}}},"product_brand":[],"product_cat":[178,193],"product_tag":[],"class_list":{"0":"post-11594","1":"product","2":"type-product","3":"status-publish","4":"has-post-thumbnail","6":"product_cat--_","8":"pa_-ferbuna-kurdi","9":"pa_-bahoz-baran","10":"pa_-kurmanci","11":"pa_--wardoz-yayinlari","12":"desktop-align-left","13":"tablet-align-left","14":"mobile-align-left","16":"first","17":"instock","18":"shipping-taxable","19":"purchasable","20":"product-type-simple"},"yoast_head":"<!-- This site is optimized with the Yoast SEO plugin v27.4 - https:\/\/yoast.com\/product\/yoast-seo-wordpress\/ -->\n<title>R\u00eazimana kurmanc\u00ee - Bahoz Baran - www.shanabooks.de<\/title>\n<meta name=\"description\" content=\"R\u00eazimana kurmanc\u00ee - Bahoz Baran Li ser r\u00eazimana kurmanc\u00ee heta niha gelek xebat hatine kirin. Van xebatan, r\u00ea li p\u00ea\u015f\u00eeya ziman\u00ee vekir\u00eeye \u00fb ew an\u00eeye qonaxa ...\" \/>\n<meta name=\"robots\" content=\"index, follow, max-snippet:-1, max-image-preview:large, max-video-preview:-1\" \/>\n<link rel=\"canonical\" href=\"https:\/\/shanabooks.de\/product\/rezimana-kurmanci-bahoz-baran\/\" \/>\n<meta property=\"og:locale\" content=\"de_DE\" \/>\n<meta property=\"og:type\" content=\"article\" \/>\n<meta property=\"og:title\" content=\"R\u00eazimana kurmanc\u00ee - Bahoz Baran - www.shanabooks.de\" \/>\n<meta property=\"og:description\" content=\"R\u00eazimana kurmanc\u00ee - Bahoz Baran Li ser r\u00eazimana kurmanc\u00ee heta niha gelek xebat hatine kirin. Van xebatan, r\u00ea li p\u00ea\u015f\u00eeya ziman\u00ee vekir\u00eeye \u00fb ew an\u00eeye qonaxa ...\" \/>\n<meta property=\"og:url\" content=\"https:\/\/shanabooks.de\/product\/rezimana-kurmanci-bahoz-baran\/\" \/>\n<meta property=\"og:site_name\" content=\"www.shanabooks.de\" \/>\n<meta property=\"article:modified_time\" content=\"2026-01-01T16:43:00+00:00\" \/>\n<meta property=\"og:image\" content=\"https:\/\/shanabooks.de\/wp-content\/uploads\/2024\/03\/Rezimana-Kurmanci-Bahoz-Baran.png\" \/>\n\t<meta property=\"og:image:width\" content=\"335\" \/>\n\t<meta property=\"og:image:height\" content=\"476\" \/>\n\t<meta property=\"og:image:type\" content=\"image\/png\" \/>\n<meta name=\"twitter:card\" content=\"summary_large_image\" \/>\n<meta name=\"twitter:label1\" content=\"Gesch\u00e4tzte Lesezeit\" \/>\n\t<meta name=\"twitter:data1\" content=\"1\u00a0Minute\" \/>\n<script type=\"application\/ld+json\" class=\"yoast-schema-graph\">{\"@context\":\"https:\\\/\\\/schema.org\",\"@graph\":[{\"@type\":\"WebPage\",\"@id\":\"https:\\\/\\\/shanabooks.de\\\/product\\\/rezimana-kurmanci-bahoz-baran\\\/\",\"url\":\"https:\\\/\\\/shanabooks.de\\\/product\\\/rezimana-kurmanci-bahoz-baran\\\/\",\"name\":\"R\u00eazimana kurmanc\u00ee - Bahoz Baran - www.shanabooks.de\",\"isPartOf\":{\"@id\":\"https:\\\/\\\/shanabooks.de\\\/#website\"},\"primaryImageOfPage\":{\"@id\":\"https:\\\/\\\/shanabooks.de\\\/product\\\/rezimana-kurmanci-bahoz-baran\\\/#primaryimage\"},\"image\":{\"@id\":\"https:\\\/\\\/shanabooks.de\\\/product\\\/rezimana-kurmanci-bahoz-baran\\\/#primaryimage\"},\"thumbnailUrl\":\"https:\\\/\\\/shanabooks.de\\\/wp-content\\\/uploads\\\/2024\\\/03\\\/Rezimana-Kurmanci-Bahoz-Baran.png\",\"datePublished\":\"2024-03-03T11:50:47+00:00\",\"dateModified\":\"2026-01-01T16:43:00+00:00\",\"description\":\"R\u00eazimana kurmanc\u00ee - Bahoz Baran Li ser r\u00eazimana kurmanc\u00ee heta niha gelek xebat hatine kirin. Van xebatan, r\u00ea li p\u00ea\u015f\u00eeya ziman\u00ee vekir\u00eeye \u00fb ew an\u00eeye qonaxa ...\",\"breadcrumb\":{\"@id\":\"https:\\\/\\\/shanabooks.de\\\/product\\\/rezimana-kurmanci-bahoz-baran\\\/#breadcrumb\"},\"inLanguage\":\"de\",\"potentialAction\":[{\"@type\":\"ReadAction\",\"target\":[\"https:\\\/\\\/shanabooks.de\\\/product\\\/rezimana-kurmanci-bahoz-baran\\\/\"]}]},{\"@type\":\"ImageObject\",\"inLanguage\":\"de\",\"@id\":\"https:\\\/\\\/shanabooks.de\\\/product\\\/rezimana-kurmanci-bahoz-baran\\\/#primaryimage\",\"url\":\"https:\\\/\\\/shanabooks.de\\\/wp-content\\\/uploads\\\/2024\\\/03\\\/Rezimana-Kurmanci-Bahoz-Baran.png\",\"contentUrl\":\"https:\\\/\\\/shanabooks.de\\\/wp-content\\\/uploads\\\/2024\\\/03\\\/Rezimana-Kurmanci-Bahoz-Baran.png\",\"width\":335,\"height\":476,\"caption\":\"R\u00eazimana Kurmanc\u00ee - Bahoz Baran - Pirt\u00fbk\u00ean Kurd\u00ee\"},{\"@type\":\"BreadcrumbList\",\"@id\":\"https:\\\/\\\/shanabooks.de\\\/product\\\/rezimana-kurmanci-bahoz-baran\\\/#breadcrumb\",\"itemListElement\":[{\"@type\":\"ListItem\",\"position\":1,\"name\":\"\u0627\u0644\u0631\u0626\u064a\u0633\u064a\u0629\",\"item\":\"https:\\\/\\\/shanabooks.de\\\/de\\\/\"},{\"@type\":\"ListItem\",\"position\":2,\"name\":\"\u0627\u0644\u0645\u0646\u062a\u062c\u0627\u062a\",\"item\":\"https:\\\/\\\/shanabooks.de\\\/shop\\\/\"},{\"@type\":\"ListItem\",\"position\":3,\"name\":\"R\u00eazimana kurmanc\u00ee\"}]},{\"@type\":\"WebSite\",\"@id\":\"https:\\\/\\\/shanabooks.de\\\/#website\",\"url\":\"https:\\\/\\\/shanabooks.de\\\/\",\"name\":\"www.shanbooks.de\",\"description\":\"C\u00eehana Pirt\u00fbk\u00ean Kurd\u00ee \u0645\u0643\u062a\u0628\u0629 \u0634\u0627\u0646\u0627 \u0641\u064a \u0627\u0644\u0645\u0627\u0646\u064a\u0627 \u0648\u0623\u0648\u0631\u0628\u0627\",\"publisher\":{\"@id\":\"https:\\\/\\\/shanabooks.de\\\/#organization\"},\"potentialAction\":[{\"@type\":\"SearchAction\",\"target\":{\"@type\":\"EntryPoint\",\"urlTemplate\":\"https:\\\/\\\/shanabooks.de\\\/?s={search_term_string}\"},\"query-input\":{\"@type\":\"PropertyValueSpecification\",\"valueRequired\":true,\"valueName\":\"search_term_string\"}}],\"inLanguage\":\"de\"},{\"@type\":\"Organization\",\"@id\":\"https:\\\/\\\/shanabooks.de\\\/#organization\",\"name\":\"www.shanbooks.de\",\"url\":\"https:\\\/\\\/shanabooks.de\\\/\",\"logo\":{\"@type\":\"ImageObject\",\"inLanguage\":\"de\",\"@id\":\"https:\\\/\\\/shanabooks.de\\\/#\\\/schema\\\/logo\\\/image\\\/\",\"url\":\"https:\\\/\\\/shanabooks.de\\\/wp-content\\\/uploads\\\/2024\\\/03\\\/SHANABOOKS__2_-removebg-preview.png\",\"contentUrl\":\"https:\\\/\\\/shanabooks.de\\\/wp-content\\\/uploads\\\/2024\\\/03\\\/SHANABOOKS__2_-removebg-preview.png\",\"width\":700,\"height\":150,\"caption\":\"www.shanbooks.de\"},\"image\":{\"@id\":\"https:\\\/\\\/shanabooks.de\\\/#\\\/schema\\\/logo\\\/image\\\/\"}}]}<\/script>\n<!-- \/ Yoast SEO plugin. -->","yoast_head_json":{"title":"R\u00eazimana kurmanc\u00ee - Bahoz Baran - www.shanabooks.de","description":"R\u00eazimana kurmanc\u00ee - Bahoz Baran Li ser r\u00eazimana kurmanc\u00ee heta niha gelek xebat hatine kirin. Van xebatan, r\u00ea li p\u00ea\u015f\u00eeya ziman\u00ee vekir\u00eeye \u00fb ew an\u00eeye qonaxa ...","robots":{"index":"index","follow":"follow","max-snippet":"max-snippet:-1","max-image-preview":"max-image-preview:large","max-video-preview":"max-video-preview:-1"},"canonical":"https:\/\/shanabooks.de\/product\/rezimana-kurmanci-bahoz-baran\/","og_locale":"de_DE","og_type":"article","og_title":"R\u00eazimana kurmanc\u00ee - Bahoz Baran - www.shanabooks.de","og_description":"R\u00eazimana kurmanc\u00ee - Bahoz Baran Li ser r\u00eazimana kurmanc\u00ee heta niha gelek xebat hatine kirin. Van xebatan, r\u00ea li p\u00ea\u015f\u00eeya ziman\u00ee vekir\u00eeye \u00fb ew an\u00eeye qonaxa ...","og_url":"https:\/\/shanabooks.de\/product\/rezimana-kurmanci-bahoz-baran\/","og_site_name":"www.shanabooks.de","article_modified_time":"2026-01-01T16:43:00+00:00","og_image":[{"width":335,"height":476,"url":"https:\/\/shanabooks.de\/wp-content\/uploads\/2024\/03\/Rezimana-Kurmanci-Bahoz-Baran.png","type":"image\/png"}],"twitter_card":"summary_large_image","twitter_misc":{"Gesch\u00e4tzte Lesezeit":"1\u00a0Minute"},"schema":{"@context":"https:\/\/schema.org","@graph":[{"@type":"WebPage","@id":"https:\/\/shanabooks.de\/product\/rezimana-kurmanci-bahoz-baran\/","url":"https:\/\/shanabooks.de\/product\/rezimana-kurmanci-bahoz-baran\/","name":"R\u00eazimana kurmanc\u00ee - Bahoz Baran - www.shanabooks.de","isPartOf":{"@id":"https:\/\/shanabooks.de\/#website"},"primaryImageOfPage":{"@id":"https:\/\/shanabooks.de\/product\/rezimana-kurmanci-bahoz-baran\/#primaryimage"},"image":{"@id":"https:\/\/shanabooks.de\/product\/rezimana-kurmanci-bahoz-baran\/#primaryimage"},"thumbnailUrl":"https:\/\/shanabooks.de\/wp-content\/uploads\/2024\/03\/Rezimana-Kurmanci-Bahoz-Baran.png","datePublished":"2024-03-03T11:50:47+00:00","dateModified":"2026-01-01T16:43:00+00:00","description":"R\u00eazimana kurmanc\u00ee - Bahoz Baran Li ser r\u00eazimana kurmanc\u00ee heta niha gelek xebat hatine kirin. Van xebatan, r\u00ea li p\u00ea\u015f\u00eeya ziman\u00ee vekir\u00eeye \u00fb ew an\u00eeye qonaxa ...","breadcrumb":{"@id":"https:\/\/shanabooks.de\/product\/rezimana-kurmanci-bahoz-baran\/#breadcrumb"},"inLanguage":"de","potentialAction":[{"@type":"ReadAction","target":["https:\/\/shanabooks.de\/product\/rezimana-kurmanci-bahoz-baran\/"]}]},{"@type":"ImageObject","inLanguage":"de","@id":"https:\/\/shanabooks.de\/product\/rezimana-kurmanci-bahoz-baran\/#primaryimage","url":"https:\/\/shanabooks.de\/wp-content\/uploads\/2024\/03\/Rezimana-Kurmanci-Bahoz-Baran.png","contentUrl":"https:\/\/shanabooks.de\/wp-content\/uploads\/2024\/03\/Rezimana-Kurmanci-Bahoz-Baran.png","width":335,"height":476,"caption":"R\u00eazimana Kurmanc\u00ee - Bahoz Baran - Pirt\u00fbk\u00ean Kurd\u00ee"},{"@type":"BreadcrumbList","@id":"https:\/\/shanabooks.de\/product\/rezimana-kurmanci-bahoz-baran\/#breadcrumb","itemListElement":[{"@type":"ListItem","position":1,"name":"\u0627\u0644\u0631\u0626\u064a\u0633\u064a\u0629","item":"https:\/\/shanabooks.de\/de\/"},{"@type":"ListItem","position":2,"name":"\u0627\u0644\u0645\u0646\u062a\u062c\u0627\u062a","item":"https:\/\/shanabooks.de\/shop\/"},{"@type":"ListItem","position":3,"name":"R\u00eazimana kurmanc\u00ee"}]},{"@type":"WebSite","@id":"https:\/\/shanabooks.de\/#website","url":"https:\/\/shanabooks.de\/","name":"www.shanbooks.de","description":"C\u00eehana Pirt\u00fbk\u00ean Kurd\u00ee \u0645\u0643\u062a\u0628\u0629 \u0634\u0627\u0646\u0627 \u0641\u064a \u0627\u0644\u0645\u0627\u0646\u064a\u0627 \u0648\u0623\u0648\u0631\u0628\u0627","publisher":{"@id":"https:\/\/shanabooks.de\/#organization"},"potentialAction":[{"@type":"SearchAction","target":{"@type":"EntryPoint","urlTemplate":"https:\/\/shanabooks.de\/?s={search_term_string}"},"query-input":{"@type":"PropertyValueSpecification","valueRequired":true,"valueName":"search_term_string"}}],"inLanguage":"de"},{"@type":"Organization","@id":"https:\/\/shanabooks.de\/#organization","name":"www.shanbooks.de","url":"https:\/\/shanabooks.de\/","logo":{"@type":"ImageObject","inLanguage":"de","@id":"https:\/\/shanabooks.de\/#\/schema\/logo\/image\/","url":"https:\/\/shanabooks.de\/wp-content\/uploads\/2024\/03\/SHANABOOKS__2_-removebg-preview.png","contentUrl":"https:\/\/shanabooks.de\/wp-content\/uploads\/2024\/03\/SHANABOOKS__2_-removebg-preview.png","width":700,"height":150,"caption":"www.shanbooks.de"},"image":{"@id":"https:\/\/shanabooks.de\/#\/schema\/logo\/image\/"}}]}},"jetpack_sharing_enabled":true,"_links":{"self":[{"href":"https:\/\/shanabooks.de\/de\/wp-json\/wp\/v2\/product\/11594","targetHints":{"allow":["GET"]}}],"collection":[{"href":"https:\/\/shanabooks.de\/de\/wp-json\/wp\/v2\/product"}],"about":[{"href":"https:\/\/shanabooks.de\/de\/wp-json\/wp\/v2\/types\/product"}],"version-history":[{"count":4,"href":"https:\/\/shanabooks.de\/de\/wp-json\/wp\/v2\/product\/11594\/revisions"}],"predecessor-version":[{"id":11748,"href":"https:\/\/shanabooks.de\/de\/wp-json\/wp\/v2\/product\/11594\/revisions\/11748"}],"wp:featuredmedia":[{"embeddable":true,"href":"https:\/\/shanabooks.de\/de\/wp-json\/wp\/v2\/media\/11639"}],"wp:attachment":[{"href":"https:\/\/shanabooks.de\/de\/wp-json\/wp\/v2\/media?parent=11594"}],"wp:term":[{"taxonomy":"product_brand","embeddable":true,"href":"https:\/\/shanabooks.de\/de\/wp-json\/wp\/v2\/product_brand?post=11594"},{"taxonomy":"product_cat","embeddable":true,"href":"https:\/\/shanabooks.de\/de\/wp-json\/wp\/v2\/product_cat?post=11594"},{"taxonomy":"product_tag","embeddable":true,"href":"https:\/\/shanabooks.de\/de\/wp-json\/wp\/v2\/product_tag?post=11594"}],"curies":[{"name":"wp","href":"https:\/\/api.w.org\/{rel}","templated":true}]}}