{"id":11595,"date":"2024-03-03T11:50:48","date_gmt":"2024-03-03T11:50:48","guid":{"rendered":"https:\/\/shanabooks.de\/?post_type=product&#038;p=11595"},"modified":"2024-03-03T18:11:44","modified_gmt":"2024-03-03T18:11:44","slug":"rezimana-kurmanci-sami-tan","status":"publish","type":"product","link":"https:\/\/shanabooks.de\/de\/product\/rezimana-kurmanci-sami-tan\/","title":{"rendered":"R\u00eazimana kurmanc\u00ee"},"content":{"rendered":"<p dir=\"ltr\"><strong>R\u00eazimana kurmanc\u00ee &#8211; Sam\u00ee Tan<\/strong><\/p>\n<p dir=\"ltr\">Li gor\u00ee p\u00ea\u015fgotina pirt\u00fbka R\u00eazimana Kurmanc\u00ee, Sam\u00ee Tan di v\u00ea \u00e7ap\u00ea de hem\u00fb mijar di ber \u00e7avan re derbas kirine, bi taybet\u00ee ravekirina mijaran li gor\u00ee p\u00eanasekirin\u00ean di ferheng\u00ean zimanzaniy\u00ea de ji n\u00fb ve hatine nirxandin \u00fb niv\u00eesandin. Nemaze mijara l\u00eaker \u00fb raweyan bi h\u00fbrb\u00een\u00ee ji n\u00fb ve hatiye nirxandin \u00fb di dawiya her mijar\u00ea de \u00e7end nim\u00fbne ji stran \u00fb berhem\u00ean w\u00eajey\u00ee hatine p\u00ea\u015fk\u00ea\u015fkirin.<\/p>\n","protected":false},"excerpt":{"rendered":"<p dir=\"ltr\" style=\"text-align: center\"><strong>Pirt\u00fbk: R\u00eazimana kurmanc\u00ee<br \/>\nNiv\u00eeskar: Sam\u00ee Tan<\/strong><br \/>\n<strong>Cure: R\u00eaziman<\/strong><\/p>\n","protected":false},"featured_media":11641,"template":"","meta":{"site-sidebar-layout":"default","site-content-layout":"","ast-site-content-layout":"default","site-content-style":"default","site-sidebar-style":"default","ast-global-header-display":"","ast-banner-title-visibility":"","ast-main-header-display":"","ast-hfb-above-header-display":"","ast-hfb-below-header-display":"","ast-hfb-mobile-header-display":"","site-post-title":"","ast-breadcrumbs-content":"","ast-featured-img":"","footer-sml-layout":"","ast-disable-related-posts":"","theme-transparent-header-meta":"default","adv-header-id-meta":"","stick-header-meta":"","header-above-stick-meta":"","header-main-stick-meta":"","header-below-stick-meta":"","astra-migrate-meta-layouts":"set","ast-page-background-enabled":"default","ast-page-background-meta":{"desktop":{"background-color":"","background-image":"","background-repeat":"repeat","background-position":"center center","background-size":"auto","background-attachment":"scroll","background-type":"","background-media":"","overlay-type":"","overlay-color":"","overlay-opacity":"","overlay-gradient":""},"tablet":{"background-color":"","background-image":"","background-repeat":"repeat","background-position":"center center","background-size":"auto","background-attachment":"scroll","background-type":"","background-media":"","overlay-type":"","overlay-color":"","overlay-opacity":"","overlay-gradient":""},"mobile":{"background-color":"","background-image":"","background-repeat":"repeat","background-position":"center center","background-size":"auto","background-attachment":"scroll","background-type":"","background-media":"","overlay-type":"","overlay-color":"","overlay-opacity":"","overlay-gradient":""}},"ast-content-background-meta":{"desktop":{"background-color":"var(--ast-global-color-5)","background-image":"","background-repeat":"repeat","background-position":"center center","background-size":"auto","background-attachment":"scroll","background-type":"","background-media":"","overlay-type":"","overlay-color":"","overlay-opacity":"","overlay-gradient":""},"tablet":{"background-color":"var(--ast-global-color-5)","background-image":"","background-repeat":"repeat","background-position":"center center","background-size":"auto","background-attachment":"scroll","background-type":"","background-media":"","overlay-type":"","overlay-color":"","overlay-opacity":"","overlay-gradient":""},"mobile":{"background-color":"var(--ast-global-color-5)","background-image":"","background-repeat":"repeat","background-position":"center center","background-size":"auto","background-attachment":"scroll","background-type":"","background-media":"","overlay-type":"","overlay-color":"","overlay-opacity":"","overlay-gradient":""}}},"product_brand":[],"product_cat":[178,177,193],"product_tag":[],"class_list":{"0":"post-11595","1":"product","2":"type-product","3":"status-publish","4":"has-post-thumbnail","6":"product_cat--_","9":"pa_-ferbuna-kurdi","10":"pa_-reziman","11":"pa_-ronahi-onen","12":"pa_-sami-tan","13":"pa_-kurmanci","14":"pa_--enstituya-kurdi-ya-stenbol","15":"desktop-align-left","16":"tablet-align-left","17":"mobile-align-left","19":"first","20":"instock","21":"shipping-taxable","22":"purchasable","23":"product-type-simple"},"yoast_head":"<!-- This site is optimized with the Yoast SEO plugin v27.4 - https:\/\/yoast.com\/product\/yoast-seo-wordpress\/ -->\n<title>R\u00eazimana kurmanc\u00ee - Sam\u00ee Tan - www.shanabooks.de<\/title>\n<meta name=\"description\" content=\"R\u00eazimana kurmanc\u00ee - Sam\u00ee Tan Li gor\u00ee p\u00ea\u015fgotina pirt\u00fbk\u00ea, Tan di v\u00ea \u00e7ap\u00ea de hem\u00fb mijar di ber \u00e7avan re derbas kirine, bi taybet\u00ee ravekirina mija...\" \/>\n<meta name=\"robots\" content=\"index, follow, max-snippet:-1, max-image-preview:large, max-video-preview:-1\" \/>\n<link rel=\"canonical\" href=\"https:\/\/shanabooks.de\/product\/rezimana-kurmanci-sami-tan\/\" \/>\n<meta property=\"og:locale\" content=\"de_DE\" \/>\n<meta property=\"og:type\" content=\"article\" \/>\n<meta property=\"og:title\" content=\"R\u00eazimana kurmanc\u00ee - Sam\u00ee Tan - www.shanabooks.de\" \/>\n<meta property=\"og:description\" content=\"R\u00eazimana kurmanc\u00ee - Sam\u00ee Tan Li gor\u00ee p\u00ea\u015fgotina pirt\u00fbk\u00ea, Tan di v\u00ea \u00e7ap\u00ea de hem\u00fb mijar di ber \u00e7avan re derbas kirine, bi taybet\u00ee ravekirina mija...\" \/>\n<meta property=\"og:url\" content=\"https:\/\/shanabooks.de\/product\/rezimana-kurmanci-sami-tan\/\" \/>\n<meta property=\"og:site_name\" content=\"www.shanabooks.de\" \/>\n<meta property=\"article:modified_time\" content=\"2024-03-03T18:11:44+00:00\" \/>\n<meta property=\"og:image\" content=\"https:\/\/shanabooks.de\/wp-content\/uploads\/2024\/03\/Rezimana-Kurmanci-Sami-Tan.png\" \/>\n\t<meta property=\"og:image:width\" content=\"319\" \/>\n\t<meta property=\"og:image:height\" content=\"478\" \/>\n\t<meta property=\"og:image:type\" content=\"image\/png\" \/>\n<meta name=\"twitter:card\" content=\"summary_large_image\" \/>\n<meta name=\"twitter:label1\" content=\"Gesch\u00e4tzte Lesezeit\" \/>\n\t<meta name=\"twitter:data1\" content=\"1\u00a0Minute\" \/>\n<script type=\"application\/ld+json\" class=\"yoast-schema-graph\">{\"@context\":\"https:\\\/\\\/schema.org\",\"@graph\":[{\"@type\":\"WebPage\",\"@id\":\"https:\\\/\\\/shanabooks.de\\\/product\\\/rezimana-kurmanci-sami-tan\\\/\",\"url\":\"https:\\\/\\\/shanabooks.de\\\/product\\\/rezimana-kurmanci-sami-tan\\\/\",\"name\":\"R\u00eazimana kurmanc\u00ee - Sam\u00ee Tan - www.shanabooks.de\",\"isPartOf\":{\"@id\":\"https:\\\/\\\/shanabooks.de\\\/#website\"},\"primaryImageOfPage\":{\"@id\":\"https:\\\/\\\/shanabooks.de\\\/product\\\/rezimana-kurmanci-sami-tan\\\/#primaryimage\"},\"image\":{\"@id\":\"https:\\\/\\\/shanabooks.de\\\/product\\\/rezimana-kurmanci-sami-tan\\\/#primaryimage\"},\"thumbnailUrl\":\"https:\\\/\\\/shanabooks.de\\\/wp-content\\\/uploads\\\/2024\\\/03\\\/Rezimana-Kurmanci-Sami-Tan.png\",\"datePublished\":\"2024-03-03T11:50:48+00:00\",\"dateModified\":\"2024-03-03T18:11:44+00:00\",\"description\":\"R\u00eazimana kurmanc\u00ee - Sam\u00ee Tan Li gor\u00ee p\u00ea\u015fgotina pirt\u00fbk\u00ea, Tan di v\u00ea \u00e7ap\u00ea de hem\u00fb mijar di ber \u00e7avan re derbas kirine, bi taybet\u00ee ravekirina mija...\",\"breadcrumb\":{\"@id\":\"https:\\\/\\\/shanabooks.de\\\/product\\\/rezimana-kurmanci-sami-tan\\\/#breadcrumb\"},\"inLanguage\":\"de\",\"potentialAction\":[{\"@type\":\"ReadAction\",\"target\":[\"https:\\\/\\\/shanabooks.de\\\/product\\\/rezimana-kurmanci-sami-tan\\\/\"]}]},{\"@type\":\"ImageObject\",\"inLanguage\":\"de\",\"@id\":\"https:\\\/\\\/shanabooks.de\\\/product\\\/rezimana-kurmanci-sami-tan\\\/#primaryimage\",\"url\":\"https:\\\/\\\/shanabooks.de\\\/wp-content\\\/uploads\\\/2024\\\/03\\\/Rezimana-Kurmanci-Sami-Tan.png\",\"contentUrl\":\"https:\\\/\\\/shanabooks.de\\\/wp-content\\\/uploads\\\/2024\\\/03\\\/Rezimana-Kurmanci-Sami-Tan.png\",\"width\":319,\"height\":478,\"caption\":\"R\u00eazimana kurmanc\u00ee - Sam\u00ee Tan - pirt\u00fbk\u00ean kurd\u00ee\"},{\"@type\":\"BreadcrumbList\",\"@id\":\"https:\\\/\\\/shanabooks.de\\\/product\\\/rezimana-kurmanci-sami-tan\\\/#breadcrumb\",\"itemListElement\":[{\"@type\":\"ListItem\",\"position\":1,\"name\":\"\u0627\u0644\u0631\u0626\u064a\u0633\u064a\u0629\",\"item\":\"https:\\\/\\\/shanabooks.de\\\/de\\\/\"},{\"@type\":\"ListItem\",\"position\":2,\"name\":\"\u0627\u0644\u0645\u0646\u062a\u062c\u0627\u062a\",\"item\":\"https:\\\/\\\/shanabooks.de\\\/shop\\\/\"},{\"@type\":\"ListItem\",\"position\":3,\"name\":\"R\u00eazimana kurmanc\u00ee\"}]},{\"@type\":\"WebSite\",\"@id\":\"https:\\\/\\\/shanabooks.de\\\/#website\",\"url\":\"https:\\\/\\\/shanabooks.de\\\/\",\"name\":\"www.shanbooks.de\",\"description\":\"C\u00eehana Pirt\u00fbk\u00ean Kurd\u00ee \u0645\u0643\u062a\u0628\u0629 \u0634\u0627\u0646\u0627 \u0641\u064a \u0627\u0644\u0645\u0627\u0646\u064a\u0627 \u0648\u0623\u0648\u0631\u0628\u0627\",\"publisher\":{\"@id\":\"https:\\\/\\\/shanabooks.de\\\/#organization\"},\"potentialAction\":[{\"@type\":\"SearchAction\",\"target\":{\"@type\":\"EntryPoint\",\"urlTemplate\":\"https:\\\/\\\/shanabooks.de\\\/?s={search_term_string}\"},\"query-input\":{\"@type\":\"PropertyValueSpecification\",\"valueRequired\":true,\"valueName\":\"search_term_string\"}}],\"inLanguage\":\"de\"},{\"@type\":\"Organization\",\"@id\":\"https:\\\/\\\/shanabooks.de\\\/#organization\",\"name\":\"www.shanbooks.de\",\"url\":\"https:\\\/\\\/shanabooks.de\\\/\",\"logo\":{\"@type\":\"ImageObject\",\"inLanguage\":\"de\",\"@id\":\"https:\\\/\\\/shanabooks.de\\\/#\\\/schema\\\/logo\\\/image\\\/\",\"url\":\"https:\\\/\\\/shanabooks.de\\\/wp-content\\\/uploads\\\/2024\\\/03\\\/SHANABOOKS__2_-removebg-preview.png\",\"contentUrl\":\"https:\\\/\\\/shanabooks.de\\\/wp-content\\\/uploads\\\/2024\\\/03\\\/SHANABOOKS__2_-removebg-preview.png\",\"width\":700,\"height\":150,\"caption\":\"www.shanbooks.de\"},\"image\":{\"@id\":\"https:\\\/\\\/shanabooks.de\\\/#\\\/schema\\\/logo\\\/image\\\/\"}}]}<\/script>\n<!-- \/ Yoast SEO plugin. -->","yoast_head_json":{"title":"R\u00eazimana kurmanc\u00ee - Sam\u00ee Tan - www.shanabooks.de","description":"R\u00eazimana kurmanc\u00ee - Sam\u00ee Tan Li gor\u00ee p\u00ea\u015fgotina pirt\u00fbk\u00ea, Tan di v\u00ea \u00e7ap\u00ea de hem\u00fb mijar di ber \u00e7avan re derbas kirine, bi taybet\u00ee ravekirina mija...","robots":{"index":"index","follow":"follow","max-snippet":"max-snippet:-1","max-image-preview":"max-image-preview:large","max-video-preview":"max-video-preview:-1"},"canonical":"https:\/\/shanabooks.de\/product\/rezimana-kurmanci-sami-tan\/","og_locale":"de_DE","og_type":"article","og_title":"R\u00eazimana kurmanc\u00ee - Sam\u00ee Tan - www.shanabooks.de","og_description":"R\u00eazimana kurmanc\u00ee - Sam\u00ee Tan Li gor\u00ee p\u00ea\u015fgotina pirt\u00fbk\u00ea, Tan di v\u00ea \u00e7ap\u00ea de hem\u00fb mijar di ber \u00e7avan re derbas kirine, bi taybet\u00ee ravekirina mija...","og_url":"https:\/\/shanabooks.de\/product\/rezimana-kurmanci-sami-tan\/","og_site_name":"www.shanabooks.de","article_modified_time":"2024-03-03T18:11:44+00:00","og_image":[{"width":319,"height":478,"url":"https:\/\/shanabooks.de\/wp-content\/uploads\/2024\/03\/Rezimana-Kurmanci-Sami-Tan.png","type":"image\/png"}],"twitter_card":"summary_large_image","twitter_misc":{"Gesch\u00e4tzte Lesezeit":"1\u00a0Minute"},"schema":{"@context":"https:\/\/schema.org","@graph":[{"@type":"WebPage","@id":"https:\/\/shanabooks.de\/product\/rezimana-kurmanci-sami-tan\/","url":"https:\/\/shanabooks.de\/product\/rezimana-kurmanci-sami-tan\/","name":"R\u00eazimana kurmanc\u00ee - Sam\u00ee Tan - www.shanabooks.de","isPartOf":{"@id":"https:\/\/shanabooks.de\/#website"},"primaryImageOfPage":{"@id":"https:\/\/shanabooks.de\/product\/rezimana-kurmanci-sami-tan\/#primaryimage"},"image":{"@id":"https:\/\/shanabooks.de\/product\/rezimana-kurmanci-sami-tan\/#primaryimage"},"thumbnailUrl":"https:\/\/shanabooks.de\/wp-content\/uploads\/2024\/03\/Rezimana-Kurmanci-Sami-Tan.png","datePublished":"2024-03-03T11:50:48+00:00","dateModified":"2024-03-03T18:11:44+00:00","description":"R\u00eazimana kurmanc\u00ee - Sam\u00ee Tan Li gor\u00ee p\u00ea\u015fgotina pirt\u00fbk\u00ea, Tan di v\u00ea \u00e7ap\u00ea de hem\u00fb mijar di ber \u00e7avan re derbas kirine, bi taybet\u00ee ravekirina mija...","breadcrumb":{"@id":"https:\/\/shanabooks.de\/product\/rezimana-kurmanci-sami-tan\/#breadcrumb"},"inLanguage":"de","potentialAction":[{"@type":"ReadAction","target":["https:\/\/shanabooks.de\/product\/rezimana-kurmanci-sami-tan\/"]}]},{"@type":"ImageObject","inLanguage":"de","@id":"https:\/\/shanabooks.de\/product\/rezimana-kurmanci-sami-tan\/#primaryimage","url":"https:\/\/shanabooks.de\/wp-content\/uploads\/2024\/03\/Rezimana-Kurmanci-Sami-Tan.png","contentUrl":"https:\/\/shanabooks.de\/wp-content\/uploads\/2024\/03\/Rezimana-Kurmanci-Sami-Tan.png","width":319,"height":478,"caption":"R\u00eazimana kurmanc\u00ee - Sam\u00ee Tan - pirt\u00fbk\u00ean kurd\u00ee"},{"@type":"BreadcrumbList","@id":"https:\/\/shanabooks.de\/product\/rezimana-kurmanci-sami-tan\/#breadcrumb","itemListElement":[{"@type":"ListItem","position":1,"name":"\u0627\u0644\u0631\u0626\u064a\u0633\u064a\u0629","item":"https:\/\/shanabooks.de\/de\/"},{"@type":"ListItem","position":2,"name":"\u0627\u0644\u0645\u0646\u062a\u062c\u0627\u062a","item":"https:\/\/shanabooks.de\/shop\/"},{"@type":"ListItem","position":3,"name":"R\u00eazimana kurmanc\u00ee"}]},{"@type":"WebSite","@id":"https:\/\/shanabooks.de\/#website","url":"https:\/\/shanabooks.de\/","name":"www.shanbooks.de","description":"C\u00eehana Pirt\u00fbk\u00ean Kurd\u00ee \u0645\u0643\u062a\u0628\u0629 \u0634\u0627\u0646\u0627 \u0641\u064a \u0627\u0644\u0645\u0627\u0646\u064a\u0627 \u0648\u0623\u0648\u0631\u0628\u0627","publisher":{"@id":"https:\/\/shanabooks.de\/#organization"},"potentialAction":[{"@type":"SearchAction","target":{"@type":"EntryPoint","urlTemplate":"https:\/\/shanabooks.de\/?s={search_term_string}"},"query-input":{"@type":"PropertyValueSpecification","valueRequired":true,"valueName":"search_term_string"}}],"inLanguage":"de"},{"@type":"Organization","@id":"https:\/\/shanabooks.de\/#organization","name":"www.shanbooks.de","url":"https:\/\/shanabooks.de\/","logo":{"@type":"ImageObject","inLanguage":"de","@id":"https:\/\/shanabooks.de\/#\/schema\/logo\/image\/","url":"https:\/\/shanabooks.de\/wp-content\/uploads\/2024\/03\/SHANABOOKS__2_-removebg-preview.png","contentUrl":"https:\/\/shanabooks.de\/wp-content\/uploads\/2024\/03\/SHANABOOKS__2_-removebg-preview.png","width":700,"height":150,"caption":"www.shanbooks.de"},"image":{"@id":"https:\/\/shanabooks.de\/#\/schema\/logo\/image\/"}}]}},"jetpack_sharing_enabled":true,"_links":{"self":[{"href":"https:\/\/shanabooks.de\/de\/wp-json\/wp\/v2\/product\/11595","targetHints":{"allow":["GET"]}}],"collection":[{"href":"https:\/\/shanabooks.de\/de\/wp-json\/wp\/v2\/product"}],"about":[{"href":"https:\/\/shanabooks.de\/de\/wp-json\/wp\/v2\/types\/product"}],"version-history":[{"count":3,"href":"https:\/\/shanabooks.de\/de\/wp-json\/wp\/v2\/product\/11595\/revisions"}],"predecessor-version":[{"id":11766,"href":"https:\/\/shanabooks.de\/de\/wp-json\/wp\/v2\/product\/11595\/revisions\/11766"}],"wp:featuredmedia":[{"embeddable":true,"href":"https:\/\/shanabooks.de\/de\/wp-json\/wp\/v2\/media\/11641"}],"wp:attachment":[{"href":"https:\/\/shanabooks.de\/de\/wp-json\/wp\/v2\/media?parent=11595"}],"wp:term":[{"taxonomy":"product_brand","embeddable":true,"href":"https:\/\/shanabooks.de\/de\/wp-json\/wp\/v2\/product_brand?post=11595"},{"taxonomy":"product_cat","embeddable":true,"href":"https:\/\/shanabooks.de\/de\/wp-json\/wp\/v2\/product_cat?post=11595"},{"taxonomy":"product_tag","embeddable":true,"href":"https:\/\/shanabooks.de\/de\/wp-json\/wp\/v2\/product_tag?post=11595"}],"curies":[{"name":"wp","href":"https:\/\/api.w.org\/{rel}","templated":true}]}}