{"id":11598,"date":"2024-03-03T11:50:48","date_gmt":"2024-03-03T11:50:48","guid":{"rendered":"https:\/\/shanabooks.de\/?post_type=product&#038;p=11598"},"modified":"2024-03-03T18:02:10","modified_gmt":"2024-03-03T18:02:10","slug":"teseyen-nezmi-abdurrahman-adak","status":"publish","type":"product","link":"https:\/\/shanabooks.de\/de\/product\/teseyen-nezmi-abdurrahman-adak\/","title":{"rendered":"Te\u015fey\u00ean Nezm\u00ee di edebiyata kurd\u00ee ya klas\u00eek de"},"content":{"rendered":"<p dir=\"ltr\" style=\"text-align: left\"><strong>Te\u015fey\u00ean Nezm\u00ee &#8211; Abdurrahman Adak<\/strong><\/p>\n<div class=\"top-block\" style=\"text-align: left\">\n<div class=\"pr_description\">\n<div id=\"description_text\" class=\"readmore-js-section readmore-js-expanded\"><span class=\"info__text\">Wek \u015faxek ji huner\u00ean bedew, metn\u00ean menz\u00fbm \u00ean edebiyata Kurd\u00ee ya klas\u00eek ji aliy\u00ea estet\u00eeka derek\u00ee\u00a0 navek\u00ee ve dibin qada l\u00eakol\u00een\u00ean zanist\u00ee. Di metn\u00ean klas\u00eek de estet\u00eek \u00fb huner her\u00ee z\u00eade di ruxsara metn\u00ea \u00fb aliy\u00ea w\u00ea y\u00ea derek\u00ee de xwe dide der. B\u00eaguman di edebiyata klas\u00eek de tema \u00fb mijar ku h\u00eaman\u00ean bingeh\u00een \u00ean naverok\u00ea ne gir\u00eeng in, l\u00eabel\u00ea xweseriya v\u00ea edebiyat\u00ea her\u00ee z\u00eade di estet\u00eek \u00fb huner\u00ea de ye. Ji ber v\u00ea taybetiy\u00ea ye ku di metn\u00ean klas\u00eek de wate her dem digel forma xwe t\u00ea parastin, l\u00eabel\u00ea di metn\u00ean d\u00ee de gelek caran form t\u00eak di\u00e7e \u00fb ten\u00ea wate dim\u00eene. Di te\u015fe, r\u00eetm, belaxet \u00fb \u015f\u00eawaza metn\u00ean Kurd\u00ee y\u00ean klas\u00eek de ku k\u00eam z\u00eade beramber\u00ee poet\u00eek, retor\u00eek \u00fb st\u00eel\u00eest\u00eeka Rojavay\u00ee t\u00ean, estet\u00eek \u00fb hunereke bilind heye.<br \/>\nTe\u015fey\u00ean Nezm\u00ee di edebiyata kurd\u00ee ya klas\u00eek de ya\u00a0ku niv\u00eeskar Abdurrahman Adak kiriye mijara v\u00ea xebat\u00ea ne, h\u00eamaneke gir\u00eeng a estet\u00eek, huner \u00fb zanista edebiyata klas\u00eek e. Te\u015fey\u00ean nezm\u00ea, bi kurt\u00ee wek estet\u00eeka ruxsar\u00ee\/d\u00eetbar\u00ee ku x\u00eetab\u00ee \u00e7av \u00fb d\u00eetin\u00ea dike \u00fb li ser aliy\u00ean hendes\u00ee, \u015femat\u00eek, s\u00eemetr\u00eek \u00fb topograf\u00eek \u00ean nezm\u00ea radiweste dikare b\u00ea p\u00eanasekirin. Van d\u00eemen\u00ean curbicur, di edebiyata klas\u00eek\u00a0 de estet\u00eeka helbest\u00ea ya derek\u00ee gelek\u00ee bi h\u00eaz kirine \u00fb te\u015fey\u00ean curbicur encam dane.<br \/>\nTe\u015fey\u00ean nezm\u00ea y\u00ean ku di edebiyata Kurd\u00ee ya klas\u00eek de hatine bikaran\u00een bi gi\u015ft\u00ee qes\u00eede, xezel, qit\u2019e, mesnew\u00ee, muselles, murebbe\u2019, muxemmes, museddes, musebbe\u2019, musemmen, mutesse\u2019, mu\u2019e\u015f\u015fer, terb\u00ee\u2019, texm\u00ees, tesd\u00ees, te\u015ft\u00eer, tesm\u00eet, mustezad, terk\u00eebbend, terc\u00ee\u2019bend, ruba\u00ee, dubeyt\u00ee, ferd \u00fb azade ne. Di v\u00ea xebat\u00ea de ev te\u015fe bi awayek\u00ee s\u00eestemat\u00eek hatine kategor\u00eezekirin \u00fb p\u00eanase \u00fb taybetiy\u00ean wan, tar\u00eexa wan a gi\u015ft\u00ee di edebiyata \u00ceslam\u00ee de, derketina wan di tar\u00eexa edebiyata Kurd\u00ee ya klas\u00eek de, ge\u015fedana wan a kronoloj\u00eek, n\u00fbner\u00ean wan, yekey\u00ean wan \u00ean nezm\u00ea, term\u00eenolojiya beyt\u00ean wan, serwa \u00fb k\u00ea\u015fa wan, qeware \u00fb topografiya wan, \u015f\u00eawey\u00ean wan ji aliy\u00ea huner\u00ean bed\u00ee\u2019\u00ee ve, curey\u00ean wan ji aliy\u00ea naverok\u00ee ve, cih\u00ea wan di d\u00eewanan de, bikaran\u00eena wan a xwecih\u00ee\/Kurd\u00ee di Kurdiya Goran\u00ee de bi qas\u00ee p\u00eadiviy\u00ea b\u00fbne qada vekol\u00een\u00ea.<br \/>\n<\/span><\/div>\n<\/div>\n<\/div>\n<div class=\"bottom-block\">\n<div class=\"pr_attributes\" style=\"text-align: left\"><\/div>\n<\/div>\n","protected":false},"excerpt":{"rendered":"<p dir=\"ltr\" style=\"text-align: center\"><strong>Pirt\u00fbk: Te\u015fey\u00ean Nezm\u00ee di edebiyata kurd\u00ee ya klas\u00eek de<br \/>\nNiv\u00eeskar: Prof.Dr. Abdurrahman Adak<\/strong><br \/>\n<strong>Cure: l\u00eakol\u00een<\/strong><\/p>\n","protected":false},"featured_media":11647,"template":"","meta":{"site-sidebar-layout":"default","site-content-layout":"","ast-site-content-layout":"default","site-content-style":"default","site-sidebar-style":"default","ast-global-header-display":"","ast-banner-title-visibility":"","ast-main-header-display":"","ast-hfb-above-header-display":"","ast-hfb-below-header-display":"","ast-hfb-mobile-header-display":"","site-post-title":"","ast-breadcrumbs-content":"","ast-featured-img":"","footer-sml-layout":"","ast-disable-related-posts":"","theme-transparent-header-meta":"default","adv-header-id-meta":"","stick-header-meta":"","header-above-stick-meta":"","header-main-stick-meta":"","header-below-stick-meta":"","astra-migrate-meta-layouts":"set","ast-page-background-enabled":"default","ast-page-background-meta":{"desktop":{"background-color":"","background-image":"","background-repeat":"repeat","background-position":"center center","background-size":"auto","background-attachment":"scroll","background-type":"","background-media":"","overlay-type":"","overlay-color":"","overlay-opacity":"","overlay-gradient":""},"tablet":{"background-color":"","background-image":"","background-repeat":"repeat","background-position":"center center","background-size":"auto","background-attachment":"scroll","background-type":"","background-media":"","overlay-type":"","overlay-color":"","overlay-opacity":"","overlay-gradient":""},"mobile":{"background-color":"","background-image":"","background-repeat":"repeat","background-position":"center center","background-size":"auto","background-attachment":"scroll","background-type":"","background-media":"","overlay-type":"","overlay-color":"","overlay-opacity":"","overlay-gradient":""}},"ast-content-background-meta":{"desktop":{"background-color":"var(--ast-global-color-5)","background-image":"","background-repeat":"repeat","background-position":"center center","background-size":"auto","background-attachment":"scroll","background-type":"","background-media":"","overlay-type":"","overlay-color":"","overlay-opacity":"","overlay-gradient":""},"tablet":{"background-color":"var(--ast-global-color-5)","background-image":"","background-repeat":"repeat","background-position":"center center","background-size":"auto","background-attachment":"scroll","background-type":"","background-media":"","overlay-type":"","overlay-color":"","overlay-opacity":"","overlay-gradient":""},"mobile":{"background-color":"var(--ast-global-color-5)","background-image":"","background-repeat":"repeat","background-position":"center center","background-size":"auto","background-attachment":"scroll","background-type":"","background-media":"","overlay-type":"","overlay-color":"","overlay-opacity":"","overlay-gradient":""}}},"product_brand":[],"product_cat":[179,193],"product_tag":[],"class_list":{"0":"post-11598","1":"product","2":"type-product","3":"status-publish","4":"has-post-thumbnail","6":"product_cat-_","7":"product_cat--_","8":"pa_-lekolin","9":"pa_-abdurrahman-adak","10":"pa_-kurmanci","11":"pa_--nubihar","12":"desktop-align-left","13":"tablet-align-left","14":"mobile-align-left","16":"first","17":"outofstock","18":"shipping-taxable","19":"purchasable","20":"product-type-simple"},"yoast_head":"<!-- This site is optimized with the Yoast SEO plugin v27.4 - https:\/\/yoast.com\/product\/yoast-seo-wordpress\/ -->\n<title>Te\u015fey\u00ean Nezm\u00ee - Abdurrahman Adak - www.shanabooks.de<\/title>\n<meta name=\"description\" content=\"Te\u015fey\u00ean Nezm\u00ee - Abdurrahman Adak Wek \u015faxek ji huner\u00ean bedew, metn\u00ean menz\u00fbm \u00ean edebiyata Kurd\u00ee ya klas\u00eek ji aliy\u00ea estet\u00eeka derek\u00ee\u00a0 navek\u00ee ve dibin qada l\u00eakol\u00een\u00ean zanist\u00ee.\" \/>\n<meta name=\"robots\" content=\"index, follow, max-snippet:-1, max-image-preview:large, max-video-preview:-1\" \/>\n<link rel=\"canonical\" href=\"https:\/\/shanabooks.de\/product\/teseyen-nezmi-abdurrahman-adak\/\" \/>\n<meta property=\"og:locale\" content=\"de_DE\" \/>\n<meta property=\"og:type\" content=\"article\" \/>\n<meta property=\"og:title\" content=\"Te\u015fey\u00ean Nezm\u00ee - Abdurrahman Adak - www.shanabooks.de\" \/>\n<meta property=\"og:description\" content=\"Te\u015fey\u00ean Nezm\u00ee - Abdurrahman Adak Wek \u015faxek ji huner\u00ean bedew, metn\u00ean menz\u00fbm \u00ean edebiyata Kurd\u00ee ya klas\u00eek ji aliy\u00ea estet\u00eeka derek\u00ee\u00a0 navek\u00ee ve dibin qada l\u00eakol\u00een\u00ean zanist\u00ee.\" \/>\n<meta property=\"og:url\" content=\"https:\/\/shanabooks.de\/product\/teseyen-nezmi-abdurrahman-adak\/\" \/>\n<meta property=\"og:site_name\" content=\"www.shanabooks.de\" \/>\n<meta property=\"article:modified_time\" content=\"2024-03-03T18:02:10+00:00\" \/>\n<meta property=\"og:image\" content=\"https:\/\/shanabooks.de\/wp-content\/uploads\/2024\/03\/Teseyen-Nezmi-1.png\" \/>\n\t<meta property=\"og:image:width\" content=\"330\" \/>\n\t<meta property=\"og:image:height\" content=\"480\" \/>\n\t<meta property=\"og:image:type\" content=\"image\/png\" \/>\n<meta name=\"twitter:card\" content=\"summary_large_image\" \/>\n<meta name=\"twitter:label1\" content=\"Gesch\u00e4tzte Lesezeit\" \/>\n\t<meta name=\"twitter:data1\" content=\"3\u00a0Minuten\" \/>\n<script type=\"application\/ld+json\" class=\"yoast-schema-graph\">{\"@context\":\"https:\\\/\\\/schema.org\",\"@graph\":[{\"@type\":\"WebPage\",\"@id\":\"https:\\\/\\\/shanabooks.de\\\/product\\\/teseyen-nezmi-abdurrahman-adak\\\/\",\"url\":\"https:\\\/\\\/shanabooks.de\\\/product\\\/teseyen-nezmi-abdurrahman-adak\\\/\",\"name\":\"Te\u015fey\u00ean Nezm\u00ee - Abdurrahman Adak - www.shanabooks.de\",\"isPartOf\":{\"@id\":\"https:\\\/\\\/shanabooks.de\\\/#website\"},\"primaryImageOfPage\":{\"@id\":\"https:\\\/\\\/shanabooks.de\\\/product\\\/teseyen-nezmi-abdurrahman-adak\\\/#primaryimage\"},\"image\":{\"@id\":\"https:\\\/\\\/shanabooks.de\\\/product\\\/teseyen-nezmi-abdurrahman-adak\\\/#primaryimage\"},\"thumbnailUrl\":\"https:\\\/\\\/shanabooks.de\\\/wp-content\\\/uploads\\\/2024\\\/03\\\/Teseyen-Nezmi-1.png\",\"datePublished\":\"2024-03-03T11:50:48+00:00\",\"dateModified\":\"2024-03-03T18:02:10+00:00\",\"description\":\"Te\u015fey\u00ean Nezm\u00ee - Abdurrahman Adak Wek \u015faxek ji huner\u00ean bedew, metn\u00ean menz\u00fbm \u00ean edebiyata Kurd\u00ee ya klas\u00eek ji aliy\u00ea estet\u00eeka derek\u00ee\u00a0 navek\u00ee ve dibin qada l\u00eakol\u00een\u00ean zanist\u00ee.\",\"breadcrumb\":{\"@id\":\"https:\\\/\\\/shanabooks.de\\\/product\\\/teseyen-nezmi-abdurrahman-adak\\\/#breadcrumb\"},\"inLanguage\":\"de\",\"potentialAction\":[{\"@type\":\"ReadAction\",\"target\":[\"https:\\\/\\\/shanabooks.de\\\/product\\\/teseyen-nezmi-abdurrahman-adak\\\/\"]}]},{\"@type\":\"ImageObject\",\"inLanguage\":\"de\",\"@id\":\"https:\\\/\\\/shanabooks.de\\\/product\\\/teseyen-nezmi-abdurrahman-adak\\\/#primaryimage\",\"url\":\"https:\\\/\\\/shanabooks.de\\\/wp-content\\\/uploads\\\/2024\\\/03\\\/Teseyen-Nezmi-1.png\",\"contentUrl\":\"https:\\\/\\\/shanabooks.de\\\/wp-content\\\/uploads\\\/2024\\\/03\\\/Teseyen-Nezmi-1.png\",\"width\":330,\"height\":480,\"caption\":\"Te\u015fey\u00ean Nezm\u00ee - Abdurrahman Adak - Pirt\u00fbk\u00ean Kurd\u00ee\"},{\"@type\":\"BreadcrumbList\",\"@id\":\"https:\\\/\\\/shanabooks.de\\\/product\\\/teseyen-nezmi-abdurrahman-adak\\\/#breadcrumb\",\"itemListElement\":[{\"@type\":\"ListItem\",\"position\":1,\"name\":\"\u0627\u0644\u0631\u0626\u064a\u0633\u064a\u0629\",\"item\":\"https:\\\/\\\/shanabooks.de\\\/de\\\/\"},{\"@type\":\"ListItem\",\"position\":2,\"name\":\"\u0627\u0644\u0645\u0646\u062a\u062c\u0627\u062a\",\"item\":\"https:\\\/\\\/shanabooks.de\\\/shop\\\/\"},{\"@type\":\"ListItem\",\"position\":3,\"name\":\"Te\u015fey\u00ean Nezm\u00ee di edebiyata kurd\u00ee ya klas\u00eek de\"}]},{\"@type\":\"WebSite\",\"@id\":\"https:\\\/\\\/shanabooks.de\\\/#website\",\"url\":\"https:\\\/\\\/shanabooks.de\\\/\",\"name\":\"www.shanbooks.de\",\"description\":\"C\u00eehana Pirt\u00fbk\u00ean Kurd\u00ee \u0645\u0643\u062a\u0628\u0629 \u0634\u0627\u0646\u0627 \u0641\u064a \u0627\u0644\u0645\u0627\u0646\u064a\u0627 \u0648\u0623\u0648\u0631\u0628\u0627\",\"publisher\":{\"@id\":\"https:\\\/\\\/shanabooks.de\\\/#organization\"},\"potentialAction\":[{\"@type\":\"SearchAction\",\"target\":{\"@type\":\"EntryPoint\",\"urlTemplate\":\"https:\\\/\\\/shanabooks.de\\\/?s={search_term_string}\"},\"query-input\":{\"@type\":\"PropertyValueSpecification\",\"valueRequired\":true,\"valueName\":\"search_term_string\"}}],\"inLanguage\":\"de\"},{\"@type\":\"Organization\",\"@id\":\"https:\\\/\\\/shanabooks.de\\\/#organization\",\"name\":\"www.shanbooks.de\",\"url\":\"https:\\\/\\\/shanabooks.de\\\/\",\"logo\":{\"@type\":\"ImageObject\",\"inLanguage\":\"de\",\"@id\":\"https:\\\/\\\/shanabooks.de\\\/#\\\/schema\\\/logo\\\/image\\\/\",\"url\":\"https:\\\/\\\/shanabooks.de\\\/wp-content\\\/uploads\\\/2024\\\/03\\\/SHANABOOKS__2_-removebg-preview.png\",\"contentUrl\":\"https:\\\/\\\/shanabooks.de\\\/wp-content\\\/uploads\\\/2024\\\/03\\\/SHANABOOKS__2_-removebg-preview.png\",\"width\":700,\"height\":150,\"caption\":\"www.shanbooks.de\"},\"image\":{\"@id\":\"https:\\\/\\\/shanabooks.de\\\/#\\\/schema\\\/logo\\\/image\\\/\"}}]}<\/script>\n<!-- \/ Yoast SEO plugin. -->","yoast_head_json":{"title":"Te\u015fey\u00ean Nezm\u00ee - Abdurrahman Adak - www.shanabooks.de","description":"Te\u015fey\u00ean Nezm\u00ee - Abdurrahman Adak Wek \u015faxek ji huner\u00ean bedew, metn\u00ean menz\u00fbm \u00ean edebiyata Kurd\u00ee ya klas\u00eek ji aliy\u00ea estet\u00eeka derek\u00ee\u00a0 navek\u00ee ve dibin qada l\u00eakol\u00een\u00ean zanist\u00ee.","robots":{"index":"index","follow":"follow","max-snippet":"max-snippet:-1","max-image-preview":"max-image-preview:large","max-video-preview":"max-video-preview:-1"},"canonical":"https:\/\/shanabooks.de\/product\/teseyen-nezmi-abdurrahman-adak\/","og_locale":"de_DE","og_type":"article","og_title":"Te\u015fey\u00ean Nezm\u00ee - Abdurrahman Adak - www.shanabooks.de","og_description":"Te\u015fey\u00ean Nezm\u00ee - Abdurrahman Adak Wek \u015faxek ji huner\u00ean bedew, metn\u00ean menz\u00fbm \u00ean edebiyata Kurd\u00ee ya klas\u00eek ji aliy\u00ea estet\u00eeka derek\u00ee\u00a0 navek\u00ee ve dibin qada l\u00eakol\u00een\u00ean zanist\u00ee.","og_url":"https:\/\/shanabooks.de\/product\/teseyen-nezmi-abdurrahman-adak\/","og_site_name":"www.shanabooks.de","article_modified_time":"2024-03-03T18:02:10+00:00","og_image":[{"width":330,"height":480,"url":"https:\/\/shanabooks.de\/wp-content\/uploads\/2024\/03\/Teseyen-Nezmi-1.png","type":"image\/png"}],"twitter_card":"summary_large_image","twitter_misc":{"Gesch\u00e4tzte Lesezeit":"3\u00a0Minuten"},"schema":{"@context":"https:\/\/schema.org","@graph":[{"@type":"WebPage","@id":"https:\/\/shanabooks.de\/product\/teseyen-nezmi-abdurrahman-adak\/","url":"https:\/\/shanabooks.de\/product\/teseyen-nezmi-abdurrahman-adak\/","name":"Te\u015fey\u00ean Nezm\u00ee - Abdurrahman Adak - www.shanabooks.de","isPartOf":{"@id":"https:\/\/shanabooks.de\/#website"},"primaryImageOfPage":{"@id":"https:\/\/shanabooks.de\/product\/teseyen-nezmi-abdurrahman-adak\/#primaryimage"},"image":{"@id":"https:\/\/shanabooks.de\/product\/teseyen-nezmi-abdurrahman-adak\/#primaryimage"},"thumbnailUrl":"https:\/\/shanabooks.de\/wp-content\/uploads\/2024\/03\/Teseyen-Nezmi-1.png","datePublished":"2024-03-03T11:50:48+00:00","dateModified":"2024-03-03T18:02:10+00:00","description":"Te\u015fey\u00ean Nezm\u00ee - Abdurrahman Adak Wek \u015faxek ji huner\u00ean bedew, metn\u00ean menz\u00fbm \u00ean edebiyata Kurd\u00ee ya klas\u00eek ji aliy\u00ea estet\u00eeka derek\u00ee\u00a0 navek\u00ee ve dibin qada l\u00eakol\u00een\u00ean zanist\u00ee.","breadcrumb":{"@id":"https:\/\/shanabooks.de\/product\/teseyen-nezmi-abdurrahman-adak\/#breadcrumb"},"inLanguage":"de","potentialAction":[{"@type":"ReadAction","target":["https:\/\/shanabooks.de\/product\/teseyen-nezmi-abdurrahman-adak\/"]}]},{"@type":"ImageObject","inLanguage":"de","@id":"https:\/\/shanabooks.de\/product\/teseyen-nezmi-abdurrahman-adak\/#primaryimage","url":"https:\/\/shanabooks.de\/wp-content\/uploads\/2024\/03\/Teseyen-Nezmi-1.png","contentUrl":"https:\/\/shanabooks.de\/wp-content\/uploads\/2024\/03\/Teseyen-Nezmi-1.png","width":330,"height":480,"caption":"Te\u015fey\u00ean Nezm\u00ee - Abdurrahman Adak - Pirt\u00fbk\u00ean Kurd\u00ee"},{"@type":"BreadcrumbList","@id":"https:\/\/shanabooks.de\/product\/teseyen-nezmi-abdurrahman-adak\/#breadcrumb","itemListElement":[{"@type":"ListItem","position":1,"name":"\u0627\u0644\u0631\u0626\u064a\u0633\u064a\u0629","item":"https:\/\/shanabooks.de\/de\/"},{"@type":"ListItem","position":2,"name":"\u0627\u0644\u0645\u0646\u062a\u062c\u0627\u062a","item":"https:\/\/shanabooks.de\/shop\/"},{"@type":"ListItem","position":3,"name":"Te\u015fey\u00ean Nezm\u00ee di edebiyata kurd\u00ee ya klas\u00eek de"}]},{"@type":"WebSite","@id":"https:\/\/shanabooks.de\/#website","url":"https:\/\/shanabooks.de\/","name":"www.shanbooks.de","description":"C\u00eehana Pirt\u00fbk\u00ean Kurd\u00ee \u0645\u0643\u062a\u0628\u0629 \u0634\u0627\u0646\u0627 \u0641\u064a \u0627\u0644\u0645\u0627\u0646\u064a\u0627 \u0648\u0623\u0648\u0631\u0628\u0627","publisher":{"@id":"https:\/\/shanabooks.de\/#organization"},"potentialAction":[{"@type":"SearchAction","target":{"@type":"EntryPoint","urlTemplate":"https:\/\/shanabooks.de\/?s={search_term_string}"},"query-input":{"@type":"PropertyValueSpecification","valueRequired":true,"valueName":"search_term_string"}}],"inLanguage":"de"},{"@type":"Organization","@id":"https:\/\/shanabooks.de\/#organization","name":"www.shanbooks.de","url":"https:\/\/shanabooks.de\/","logo":{"@type":"ImageObject","inLanguage":"de","@id":"https:\/\/shanabooks.de\/#\/schema\/logo\/image\/","url":"https:\/\/shanabooks.de\/wp-content\/uploads\/2024\/03\/SHANABOOKS__2_-removebg-preview.png","contentUrl":"https:\/\/shanabooks.de\/wp-content\/uploads\/2024\/03\/SHANABOOKS__2_-removebg-preview.png","width":700,"height":150,"caption":"www.shanbooks.de"},"image":{"@id":"https:\/\/shanabooks.de\/#\/schema\/logo\/image\/"}}]}},"jetpack_sharing_enabled":true,"_links":{"self":[{"href":"https:\/\/shanabooks.de\/de\/wp-json\/wp\/v2\/product\/11598","targetHints":{"allow":["GET"]}}],"collection":[{"href":"https:\/\/shanabooks.de\/de\/wp-json\/wp\/v2\/product"}],"about":[{"href":"https:\/\/shanabooks.de\/de\/wp-json\/wp\/v2\/types\/product"}],"version-history":[{"count":3,"href":"https:\/\/shanabooks.de\/de\/wp-json\/wp\/v2\/product\/11598\/revisions"}],"predecessor-version":[{"id":11765,"href":"https:\/\/shanabooks.de\/de\/wp-json\/wp\/v2\/product\/11598\/revisions\/11765"}],"wp:featuredmedia":[{"embeddable":true,"href":"https:\/\/shanabooks.de\/de\/wp-json\/wp\/v2\/media\/11647"}],"wp:attachment":[{"href":"https:\/\/shanabooks.de\/de\/wp-json\/wp\/v2\/media?parent=11598"}],"wp:term":[{"taxonomy":"product_brand","embeddable":true,"href":"https:\/\/shanabooks.de\/de\/wp-json\/wp\/v2\/product_brand?post=11598"},{"taxonomy":"product_cat","embeddable":true,"href":"https:\/\/shanabooks.de\/de\/wp-json\/wp\/v2\/product_cat?post=11598"},{"taxonomy":"product_tag","embeddable":true,"href":"https:\/\/shanabooks.de\/de\/wp-json\/wp\/v2\/product_tag?post=11598"}],"curies":[{"name":"wp","href":"https:\/\/api.w.org\/{rel}","templated":true}]}}