{"id":11599,"date":"2024-03-03T11:50:48","date_gmt":"2024-03-03T11:50:48","guid":{"rendered":"https:\/\/shanabooks.de\/?post_type=product&#038;p=11599"},"modified":"2024-04-08T16:37:27","modified_gmt":"2024-04-08T16:37:27","slug":"zimane-me-alfabe-heydar-u-sebiha-diljen","status":"publish","type":"product","link":"https:\/\/shanabooks.de\/de\/product\/zimane-me-alfabe-heydar-u-sebiha-diljen\/","title":{"rendered":"Ziman\u00ea Me (Alfabe)"},"content":{"rendered":"<p dir=\"ltr\"><strong>Ziman\u00ea me (Alfabe) &#8211; Heydar \u00fb Seb\u00eeha Diljen<\/strong><\/p>\n<p dir=\"ltr\">Ji zanay\u00ean ziman\u00ea me \u00fb niv\u00eeskar\u00ean h\u00eaja r\u00eazdar Haydar DILJEN \u00fb r\u00eazdar Sab\u00eeha DILJEN,bo zarok\u00ean kurd pirt\u00fbkek b\u00eahempa: Ev pirt\u00fbk ji bo zarok\u00ean 5-8 sal\u00ee ye. Naveroka v\u00ea pirt\u00fbk\u00ea neynika jiyanek demokrat\u00eek e. Zarok zim\u00ean bi r\u00eaya stran, helbest,ti\u015ftanok , l\u00eestik \u00fb \u00e7\u00eerokan h\u00een dibe. Di v\u00ea pirt\u00fbk\u00ea de 350 wene ji al\u00ee Murat Yap\u0131c\u0131 ve hat x\u00eazkirin. Zarok bi v\u00ea pirt\u00fbka xwe\u015fik \u00fb reng\u00een bi awayek\u00ee xwezay\u00ee h\u00een\u00ee zim\u00ean dibe.<\/p>\n","protected":false},"excerpt":{"rendered":"<p dir=\"ltr\" style=\"text-align: center\"><strong>Pirt\u00fbk: Ziman\u00ea Me (Alfabe)<br \/>\nNiv\u00eeskar: Heydar \u00fb Seb\u00eeha Diljen<\/strong><br \/>\n<strong>Cure: F\u00earb\u00fbna Kurd\u00ee<\/strong><\/p>\n","protected":false},"featured_media":11649,"template":"","meta":{"site-sidebar-layout":"default","site-content-layout":"","ast-site-content-layout":"default","site-content-style":"default","site-sidebar-style":"default","ast-global-header-display":"","ast-banner-title-visibility":"","ast-main-header-display":"","ast-hfb-above-header-display":"","ast-hfb-below-header-display":"","ast-hfb-mobile-header-display":"","site-post-title":"","ast-breadcrumbs-content":"","ast-featured-img":"","footer-sml-layout":"","ast-disable-related-posts":"","theme-transparent-header-meta":"default","adv-header-id-meta":"","stick-header-meta":"","header-above-stick-meta":"","header-main-stick-meta":"","header-below-stick-meta":"","astra-migrate-meta-layouts":"set","ast-page-background-enabled":"default","ast-page-background-meta":{"desktop":{"background-color":"","background-image":"","background-repeat":"repeat","background-position":"center center","background-size":"auto","background-attachment":"scroll","background-type":"","background-media":"","overlay-type":"","overlay-color":"","overlay-opacity":"","overlay-gradient":""},"tablet":{"background-color":"","background-image":"","background-repeat":"repeat","background-position":"center center","background-size":"auto","background-attachment":"scroll","background-type":"","background-media":"","overlay-type":"","overlay-color":"","overlay-opacity":"","overlay-gradient":""},"mobile":{"background-color":"","background-image":"","background-repeat":"repeat","background-position":"center center","background-size":"auto","background-attachment":"scroll","background-type":"","background-media":"","overlay-type":"","overlay-color":"","overlay-opacity":"","overlay-gradient":""}},"ast-content-background-meta":{"desktop":{"background-color":"var(--ast-global-color-5)","background-image":"","background-repeat":"repeat","background-position":"center center","background-size":"auto","background-attachment":"scroll","background-type":"","background-media":"","overlay-type":"","overlay-color":"","overlay-opacity":"","overlay-gradient":""},"tablet":{"background-color":"var(--ast-global-color-5)","background-image":"","background-repeat":"repeat","background-position":"center center","background-size":"auto","background-attachment":"scroll","background-type":"","background-media":"","overlay-type":"","overlay-color":"","overlay-opacity":"","overlay-gradient":""},"mobile":{"background-color":"var(--ast-global-color-5)","background-image":"","background-repeat":"repeat","background-position":"center center","background-size":"auto","background-attachment":"scroll","background-type":"","background-media":"","overlay-type":"","overlay-color":"","overlay-opacity":"","overlay-gradient":""}}},"product_brand":[],"product_cat":[194,193],"product_tag":[],"class_list":{"0":"post-11599","1":"product","2":"type-product","3":"status-publish","4":"has-post-thumbnail","6":"product_cat--_","8":"pa_-ferbuna-kurdi","9":"pa_-zarok","10":"pa_-heydar-diljen","11":"pa_-sebiha-diljen","12":"pa_-kurmanci","13":"pa_--hiva-yayinlari","14":"desktop-align-left","15":"tablet-align-left","16":"mobile-align-left","18":"first","19":"instock","20":"shipping-taxable","21":"purchasable","22":"product-type-simple"},"yoast_head":"<!-- This site is optimized with the Yoast SEO plugin v27.4 - https:\/\/yoast.com\/product\/yoast-seo-wordpress\/ -->\n<title>Ziman\u00ea me (Alfabe) - Heydar \u00fb Seb\u00eeha Diljen - www.shanabooks.de<\/title>\n<meta name=\"description\" content=\"Ziman\u00ea me (Alfabe) - Heydar \u00fb Seb\u00eeha Diljen Ji zanay\u00ean ziman\u00ea me \u00fb niv\u00eeskar\u00ean h\u00eaja r\u00eazdar Haydar DILJEN \u00fb r\u00eazdar Sab\u00eeha DILJEN,bo zarok\u00ean kurd pirt\u00fbkek ...\" \/>\n<meta name=\"robots\" content=\"index, follow, max-snippet:-1, max-image-preview:large, max-video-preview:-1\" \/>\n<link rel=\"canonical\" href=\"https:\/\/shanabooks.de\/product\/zimane-me-alfabe-heydar-u-sebiha-diljen\/\" \/>\n<meta property=\"og:locale\" content=\"de_DE\" \/>\n<meta property=\"og:type\" content=\"article\" \/>\n<meta property=\"og:title\" content=\"Ziman\u00ea me (Alfabe) - Heydar \u00fb Seb\u00eeha Diljen - www.shanabooks.de\" \/>\n<meta property=\"og:description\" content=\"Ziman\u00ea me (Alfabe) - Heydar \u00fb Seb\u00eeha Diljen Ji zanay\u00ean ziman\u00ea me \u00fb niv\u00eeskar\u00ean h\u00eaja r\u00eazdar Haydar DILJEN \u00fb r\u00eazdar Sab\u00eeha DILJEN,bo zarok\u00ean kurd pirt\u00fbkek ...\" \/>\n<meta property=\"og:url\" content=\"https:\/\/shanabooks.de\/product\/zimane-me-alfabe-heydar-u-sebiha-diljen\/\" \/>\n<meta property=\"og:site_name\" content=\"www.shanabooks.de\" \/>\n<meta property=\"article:modified_time\" content=\"2024-04-08T16:37:27+00:00\" \/>\n<meta property=\"og:image\" content=\"https:\/\/shanabooks.de\/wp-content\/uploads\/2024\/03\/zimane-me.png\" \/>\n\t<meta property=\"og:image:width\" content=\"466\" \/>\n\t<meta property=\"og:image:height\" content=\"477\" \/>\n\t<meta property=\"og:image:type\" content=\"image\/png\" \/>\n<meta name=\"twitter:card\" content=\"summary_large_image\" \/>\n<meta name=\"twitter:label1\" content=\"Gesch\u00e4tzte Lesezeit\" \/>\n\t<meta name=\"twitter:data1\" content=\"1\u00a0Minute\" \/>\n<script type=\"application\/ld+json\" class=\"yoast-schema-graph\">{\"@context\":\"https:\\\/\\\/schema.org\",\"@graph\":[{\"@type\":\"WebPage\",\"@id\":\"https:\\\/\\\/shanabooks.de\\\/product\\\/zimane-me-alfabe-heydar-u-sebiha-diljen\\\/\",\"url\":\"https:\\\/\\\/shanabooks.de\\\/product\\\/zimane-me-alfabe-heydar-u-sebiha-diljen\\\/\",\"name\":\"Ziman\u00ea me (Alfabe) - Heydar \u00fb Seb\u00eeha Diljen - www.shanabooks.de\",\"isPartOf\":{\"@id\":\"https:\\\/\\\/shanabooks.de\\\/#website\"},\"primaryImageOfPage\":{\"@id\":\"https:\\\/\\\/shanabooks.de\\\/product\\\/zimane-me-alfabe-heydar-u-sebiha-diljen\\\/#primaryimage\"},\"image\":{\"@id\":\"https:\\\/\\\/shanabooks.de\\\/product\\\/zimane-me-alfabe-heydar-u-sebiha-diljen\\\/#primaryimage\"},\"thumbnailUrl\":\"https:\\\/\\\/shanabooks.de\\\/wp-content\\\/uploads\\\/2024\\\/03\\\/zimane-me.png\",\"datePublished\":\"2024-03-03T11:50:48+00:00\",\"dateModified\":\"2024-04-08T16:37:27+00:00\",\"description\":\"Ziman\u00ea me (Alfabe) - Heydar \u00fb Seb\u00eeha Diljen Ji zanay\u00ean ziman\u00ea me \u00fb niv\u00eeskar\u00ean h\u00eaja r\u00eazdar Haydar DILJEN \u00fb r\u00eazdar Sab\u00eeha DILJEN,bo zarok\u00ean kurd pirt\u00fbkek ...\",\"breadcrumb\":{\"@id\":\"https:\\\/\\\/shanabooks.de\\\/product\\\/zimane-me-alfabe-heydar-u-sebiha-diljen\\\/#breadcrumb\"},\"inLanguage\":\"de\",\"potentialAction\":[{\"@type\":\"ReadAction\",\"target\":[\"https:\\\/\\\/shanabooks.de\\\/product\\\/zimane-me-alfabe-heydar-u-sebiha-diljen\\\/\"]}]},{\"@type\":\"ImageObject\",\"inLanguage\":\"de\",\"@id\":\"https:\\\/\\\/shanabooks.de\\\/product\\\/zimane-me-alfabe-heydar-u-sebiha-diljen\\\/#primaryimage\",\"url\":\"https:\\\/\\\/shanabooks.de\\\/wp-content\\\/uploads\\\/2024\\\/03\\\/zimane-me.png\",\"contentUrl\":\"https:\\\/\\\/shanabooks.de\\\/wp-content\\\/uploads\\\/2024\\\/03\\\/zimane-me.png\",\"width\":466,\"height\":477,\"caption\":\"Ziman\u00ea me (Alfabe) - Heydar \u00fb Seb\u00eeha Diljen - pirt\u00fbk\u00ean kurd\u00ee - zarok\"},{\"@type\":\"BreadcrumbList\",\"@id\":\"https:\\\/\\\/shanabooks.de\\\/product\\\/zimane-me-alfabe-heydar-u-sebiha-diljen\\\/#breadcrumb\",\"itemListElement\":[{\"@type\":\"ListItem\",\"position\":1,\"name\":\"\u0627\u0644\u0631\u0626\u064a\u0633\u064a\u0629\",\"item\":\"https:\\\/\\\/shanabooks.de\\\/de\\\/\"},{\"@type\":\"ListItem\",\"position\":2,\"name\":\"\u0627\u0644\u0645\u0646\u062a\u062c\u0627\u062a\",\"item\":\"https:\\\/\\\/shanabooks.de\\\/shop\\\/\"},{\"@type\":\"ListItem\",\"position\":3,\"name\":\"Ziman\u00ea Me (Alfabe)\"}]},{\"@type\":\"WebSite\",\"@id\":\"https:\\\/\\\/shanabooks.de\\\/#website\",\"url\":\"https:\\\/\\\/shanabooks.de\\\/\",\"name\":\"www.shanbooks.de\",\"description\":\"C\u00eehana Pirt\u00fbk\u00ean Kurd\u00ee \u0645\u0643\u062a\u0628\u0629 \u0634\u0627\u0646\u0627 \u0641\u064a \u0627\u0644\u0645\u0627\u0646\u064a\u0627 \u0648\u0623\u0648\u0631\u0628\u0627\",\"publisher\":{\"@id\":\"https:\\\/\\\/shanabooks.de\\\/#organization\"},\"potentialAction\":[{\"@type\":\"SearchAction\",\"target\":{\"@type\":\"EntryPoint\",\"urlTemplate\":\"https:\\\/\\\/shanabooks.de\\\/?s={search_term_string}\"},\"query-input\":{\"@type\":\"PropertyValueSpecification\",\"valueRequired\":true,\"valueName\":\"search_term_string\"}}],\"inLanguage\":\"de\"},{\"@type\":\"Organization\",\"@id\":\"https:\\\/\\\/shanabooks.de\\\/#organization\",\"name\":\"www.shanbooks.de\",\"url\":\"https:\\\/\\\/shanabooks.de\\\/\",\"logo\":{\"@type\":\"ImageObject\",\"inLanguage\":\"de\",\"@id\":\"https:\\\/\\\/shanabooks.de\\\/#\\\/schema\\\/logo\\\/image\\\/\",\"url\":\"https:\\\/\\\/shanabooks.de\\\/wp-content\\\/uploads\\\/2024\\\/03\\\/SHANABOOKS__2_-removebg-preview.png\",\"contentUrl\":\"https:\\\/\\\/shanabooks.de\\\/wp-content\\\/uploads\\\/2024\\\/03\\\/SHANABOOKS__2_-removebg-preview.png\",\"width\":700,\"height\":150,\"caption\":\"www.shanbooks.de\"},\"image\":{\"@id\":\"https:\\\/\\\/shanabooks.de\\\/#\\\/schema\\\/logo\\\/image\\\/\"}}]}<\/script>\n<!-- \/ Yoast SEO plugin. -->","yoast_head_json":{"title":"Ziman\u00ea me (Alfabe) - Heydar \u00fb Seb\u00eeha Diljen - www.shanabooks.de","description":"Ziman\u00ea me (Alfabe) - Heydar \u00fb Seb\u00eeha Diljen Ji zanay\u00ean ziman\u00ea me \u00fb niv\u00eeskar\u00ean h\u00eaja r\u00eazdar Haydar DILJEN \u00fb r\u00eazdar Sab\u00eeha DILJEN,bo zarok\u00ean kurd pirt\u00fbkek ...","robots":{"index":"index","follow":"follow","max-snippet":"max-snippet:-1","max-image-preview":"max-image-preview:large","max-video-preview":"max-video-preview:-1"},"canonical":"https:\/\/shanabooks.de\/product\/zimane-me-alfabe-heydar-u-sebiha-diljen\/","og_locale":"de_DE","og_type":"article","og_title":"Ziman\u00ea me (Alfabe) - Heydar \u00fb Seb\u00eeha Diljen - www.shanabooks.de","og_description":"Ziman\u00ea me (Alfabe) - Heydar \u00fb Seb\u00eeha Diljen Ji zanay\u00ean ziman\u00ea me \u00fb niv\u00eeskar\u00ean h\u00eaja r\u00eazdar Haydar DILJEN \u00fb r\u00eazdar Sab\u00eeha DILJEN,bo zarok\u00ean kurd pirt\u00fbkek ...","og_url":"https:\/\/shanabooks.de\/product\/zimane-me-alfabe-heydar-u-sebiha-diljen\/","og_site_name":"www.shanabooks.de","article_modified_time":"2024-04-08T16:37:27+00:00","og_image":[{"width":466,"height":477,"url":"https:\/\/shanabooks.de\/wp-content\/uploads\/2024\/03\/zimane-me.png","type":"image\/png"}],"twitter_card":"summary_large_image","twitter_misc":{"Gesch\u00e4tzte Lesezeit":"1\u00a0Minute"},"schema":{"@context":"https:\/\/schema.org","@graph":[{"@type":"WebPage","@id":"https:\/\/shanabooks.de\/product\/zimane-me-alfabe-heydar-u-sebiha-diljen\/","url":"https:\/\/shanabooks.de\/product\/zimane-me-alfabe-heydar-u-sebiha-diljen\/","name":"Ziman\u00ea me (Alfabe) - Heydar \u00fb Seb\u00eeha Diljen - www.shanabooks.de","isPartOf":{"@id":"https:\/\/shanabooks.de\/#website"},"primaryImageOfPage":{"@id":"https:\/\/shanabooks.de\/product\/zimane-me-alfabe-heydar-u-sebiha-diljen\/#primaryimage"},"image":{"@id":"https:\/\/shanabooks.de\/product\/zimane-me-alfabe-heydar-u-sebiha-diljen\/#primaryimage"},"thumbnailUrl":"https:\/\/shanabooks.de\/wp-content\/uploads\/2024\/03\/zimane-me.png","datePublished":"2024-03-03T11:50:48+00:00","dateModified":"2024-04-08T16:37:27+00:00","description":"Ziman\u00ea me (Alfabe) - Heydar \u00fb Seb\u00eeha Diljen Ji zanay\u00ean ziman\u00ea me \u00fb niv\u00eeskar\u00ean h\u00eaja r\u00eazdar Haydar DILJEN \u00fb r\u00eazdar Sab\u00eeha DILJEN,bo zarok\u00ean kurd pirt\u00fbkek ...","breadcrumb":{"@id":"https:\/\/shanabooks.de\/product\/zimane-me-alfabe-heydar-u-sebiha-diljen\/#breadcrumb"},"inLanguage":"de","potentialAction":[{"@type":"ReadAction","target":["https:\/\/shanabooks.de\/product\/zimane-me-alfabe-heydar-u-sebiha-diljen\/"]}]},{"@type":"ImageObject","inLanguage":"de","@id":"https:\/\/shanabooks.de\/product\/zimane-me-alfabe-heydar-u-sebiha-diljen\/#primaryimage","url":"https:\/\/shanabooks.de\/wp-content\/uploads\/2024\/03\/zimane-me.png","contentUrl":"https:\/\/shanabooks.de\/wp-content\/uploads\/2024\/03\/zimane-me.png","width":466,"height":477,"caption":"Ziman\u00ea me (Alfabe) - Heydar \u00fb Seb\u00eeha Diljen - pirt\u00fbk\u00ean kurd\u00ee - zarok"},{"@type":"BreadcrumbList","@id":"https:\/\/shanabooks.de\/product\/zimane-me-alfabe-heydar-u-sebiha-diljen\/#breadcrumb","itemListElement":[{"@type":"ListItem","position":1,"name":"\u0627\u0644\u0631\u0626\u064a\u0633\u064a\u0629","item":"https:\/\/shanabooks.de\/de\/"},{"@type":"ListItem","position":2,"name":"\u0627\u0644\u0645\u0646\u062a\u062c\u0627\u062a","item":"https:\/\/shanabooks.de\/shop\/"},{"@type":"ListItem","position":3,"name":"Ziman\u00ea Me (Alfabe)"}]},{"@type":"WebSite","@id":"https:\/\/shanabooks.de\/#website","url":"https:\/\/shanabooks.de\/","name":"www.shanbooks.de","description":"C\u00eehana Pirt\u00fbk\u00ean Kurd\u00ee \u0645\u0643\u062a\u0628\u0629 \u0634\u0627\u0646\u0627 \u0641\u064a \u0627\u0644\u0645\u0627\u0646\u064a\u0627 \u0648\u0623\u0648\u0631\u0628\u0627","publisher":{"@id":"https:\/\/shanabooks.de\/#organization"},"potentialAction":[{"@type":"SearchAction","target":{"@type":"EntryPoint","urlTemplate":"https:\/\/shanabooks.de\/?s={search_term_string}"},"query-input":{"@type":"PropertyValueSpecification","valueRequired":true,"valueName":"search_term_string"}}],"inLanguage":"de"},{"@type":"Organization","@id":"https:\/\/shanabooks.de\/#organization","name":"www.shanbooks.de","url":"https:\/\/shanabooks.de\/","logo":{"@type":"ImageObject","inLanguage":"de","@id":"https:\/\/shanabooks.de\/#\/schema\/logo\/image\/","url":"https:\/\/shanabooks.de\/wp-content\/uploads\/2024\/03\/SHANABOOKS__2_-removebg-preview.png","contentUrl":"https:\/\/shanabooks.de\/wp-content\/uploads\/2024\/03\/SHANABOOKS__2_-removebg-preview.png","width":700,"height":150,"caption":"www.shanbooks.de"},"image":{"@id":"https:\/\/shanabooks.de\/#\/schema\/logo\/image\/"}}]}},"jetpack_sharing_enabled":true,"_links":{"self":[{"href":"https:\/\/shanabooks.de\/de\/wp-json\/wp\/v2\/product\/11599","targetHints":{"allow":["GET"]}}],"collection":[{"href":"https:\/\/shanabooks.de\/de\/wp-json\/wp\/v2\/product"}],"about":[{"href":"https:\/\/shanabooks.de\/de\/wp-json\/wp\/v2\/types\/product"}],"version-history":[{"count":2,"href":"https:\/\/shanabooks.de\/de\/wp-json\/wp\/v2\/product\/11599\/revisions"}],"predecessor-version":[{"id":23352,"href":"https:\/\/shanabooks.de\/de\/wp-json\/wp\/v2\/product\/11599\/revisions\/23352"}],"wp:featuredmedia":[{"embeddable":true,"href":"https:\/\/shanabooks.de\/de\/wp-json\/wp\/v2\/media\/11649"}],"wp:attachment":[{"href":"https:\/\/shanabooks.de\/de\/wp-json\/wp\/v2\/media?parent=11599"}],"wp:term":[{"taxonomy":"product_brand","embeddable":true,"href":"https:\/\/shanabooks.de\/de\/wp-json\/wp\/v2\/product_brand?post=11599"},{"taxonomy":"product_cat","embeddable":true,"href":"https:\/\/shanabooks.de\/de\/wp-json\/wp\/v2\/product_cat?post=11599"},{"taxonomy":"product_tag","embeddable":true,"href":"https:\/\/shanabooks.de\/de\/wp-json\/wp\/v2\/product_tag?post=11599"}],"curies":[{"name":"wp","href":"https:\/\/api.w.org\/{rel}","templated":true}]}}