{"id":11600,"date":"2024-03-03T11:50:48","date_gmt":"2024-03-03T11:50:48","guid":{"rendered":"https:\/\/shanabooks.de\/?post_type=product&#038;p=11600"},"modified":"2024-03-03T15:14:03","modified_gmt":"2024-03-03T15:14:03","slug":"waneyen-zimannasiye-grupek-niviskar","status":"publish","type":"product","link":"https:\/\/shanabooks.de\/de\/product\/waneyen-zimannasiye-grupek-niviskar\/","title":{"rendered":"Waney\u00ean zimannasiy\u00ea"},"content":{"rendered":"<p dir=\"ltr\"><strong>Waney\u00ean zimannasiy\u00ea &#8211; Gr\u00fbpek niv\u00eeskar<\/strong><\/p>\n<p dir=\"ltr\">Di v\u00ea xebat\u00ea de hin mijar\u00ean zimannas\u00eey\u00ea hene \u00fb her mijarek ji h\u00eala kesek\u00ee ve hatiye amadekirin. Her \u00e7end mijar bi gi\u015ft\u00ee mijar\u00ean zimannas\u00eey\u00ea bin j\u00ee, nim\u00fbne, prat\u00eezekirin \u00fb ravekirin li ser Kurd\u00ee ye, ev yek j\u00ee giring\u00eeyek\u00ea p\u00eak t\u00eene. Di v\u00ea xebat\u00ea de hem\u00fb mijar\u00ean zimannas\u00eey\u00ea tunene, l\u00ea em bi niyet in ku dewama w\u00ea b\u00eenin heta ku mijaran temam bikin. Em h\u00eav\u00ee dikin, di ser\u00ee de ji bo xwendekar\u00ean l\u00eesans, master \u00fb doktoray\u00ea y\u00ean be\u015f\u00ean Kurd\u00ee \u00fb bi gi\u015ft\u00ee ji bo hem\u00fb xw\u00eener\u00ean Kurd\u00ee, ev xebat mefadar be.<br \/>\nEditor: \u00dcmran Alt\u0131nk\u0131l\u0131\u00e7.<br \/>\npirt\u00fbka Waney\u00ean zimannasiy\u00ea ji aliy\u00ea Gr\u00fbpek niv\u00eeskar ve hatiye niv\u00ees\u00een \u00fb ew j\u00ee: Ahmet K\u0131rkan, Yakup Ayko\u00e7, Resul Geyik, M. \u015eirin Filiz, \u00dcmran Alt\u0131nk\u0131l\u0131\u00e7, Kenan Suba\u015f\u0131, \u0130brahim Tardu\u015f, Mehmet Yonat, Ferhat Y\u0131lmaz in.<\/p>\n<h4><\/h4>\n","protected":false},"excerpt":{"rendered":"<p dir=\"ltr\" style=\"text-align: center\"><strong>Pirt\u00fbk: Waney\u00ean zimannasiy\u00ea<br \/>\nNiv\u00eeskar: Gr\u00fbpek niv\u00eeskar<\/strong><br \/>\n<strong>Cure: R\u00eaziman<\/strong><\/p>\n","protected":false},"featured_media":11651,"template":"","meta":{"site-sidebar-layout":"default","site-content-layout":"","ast-site-content-layout":"default","site-content-style":"default","site-sidebar-style":"default","ast-global-header-display":"","ast-banner-title-visibility":"","ast-main-header-display":"","ast-hfb-above-header-display":"","ast-hfb-below-header-display":"","ast-hfb-mobile-header-display":"","site-post-title":"","ast-breadcrumbs-content":"","ast-featured-img":"","footer-sml-layout":"","ast-disable-related-posts":"","theme-transparent-header-meta":"default","adv-header-id-meta":"","stick-header-meta":"","header-above-stick-meta":"","header-main-stick-meta":"","header-below-stick-meta":"","astra-migrate-meta-layouts":"set","ast-page-background-enabled":"default","ast-page-background-meta":{"desktop":{"background-color":"","background-image":"","background-repeat":"repeat","background-position":"center center","background-size":"auto","background-attachment":"scroll","background-type":"","background-media":"","overlay-type":"","overlay-color":"","overlay-opacity":"","overlay-gradient":""},"tablet":{"background-color":"","background-image":"","background-repeat":"repeat","background-position":"center center","background-size":"auto","background-attachment":"scroll","background-type":"","background-media":"","overlay-type":"","overlay-color":"","overlay-opacity":"","overlay-gradient":""},"mobile":{"background-color":"","background-image":"","background-repeat":"repeat","background-position":"center center","background-size":"auto","background-attachment":"scroll","background-type":"","background-media":"","overlay-type":"","overlay-color":"","overlay-opacity":"","overlay-gradient":""}},"ast-content-background-meta":{"desktop":{"background-color":"var(--ast-global-color-5)","background-image":"","background-repeat":"repeat","background-position":"center center","background-size":"auto","background-attachment":"scroll","background-type":"","background-media":"","overlay-type":"","overlay-color":"","overlay-opacity":"","overlay-gradient":""},"tablet":{"background-color":"var(--ast-global-color-5)","background-image":"","background-repeat":"repeat","background-position":"center center","background-size":"auto","background-attachment":"scroll","background-type":"","background-media":"","overlay-type":"","overlay-color":"","overlay-opacity":"","overlay-gradient":""},"mobile":{"background-color":"var(--ast-global-color-5)","background-image":"","background-repeat":"repeat","background-position":"center center","background-size":"auto","background-attachment":"scroll","background-type":"","background-media":"","overlay-type":"","overlay-color":"","overlay-opacity":"","overlay-gradient":""}}},"product_brand":[],"product_cat":[178,193],"product_tag":[],"class_list":{"0":"post-11600","1":"product","2":"type-product","3":"status-publish","4":"has-post-thumbnail","6":"product_cat--_","8":"pa_-ferbuna-kurdi","9":"pa_-grupek-niviskar","10":"pa_-kurmanci","11":"pa_--lis-yayinevi","12":"desktop-align-left","13":"tablet-align-left","14":"mobile-align-left","16":"first","17":"instock","18":"shipping-taxable","19":"purchasable","20":"product-type-simple"},"yoast_head":"<!-- This site is optimized with the Yoast SEO plugin v27.4 - https:\/\/yoast.com\/product\/yoast-seo-wordpress\/ -->\n<title>Waney\u00ean zimannasiy\u00ea - Gr\u00fbpek niv\u00eeskar - www.shanabooks.de<\/title>\n<meta name=\"description\" content=\"Waney\u00ean zimannasiy\u00ea - Gr\u00fbpek niv\u00eeskar Di v\u00ea xebat\u00ea de hin mijar\u00ean zimannas\u00eey\u00ea hene \u00fb her mijarek ji h\u00eala kesek\u00ee ve hatiye amadekirin. Her \u00e7end mijar bi ...\" \/>\n<meta name=\"robots\" content=\"index, follow, max-snippet:-1, max-image-preview:large, max-video-preview:-1\" \/>\n<link rel=\"canonical\" href=\"https:\/\/shanabooks.de\/product\/waneyen-zimannasiye-grupek-niviskar\/\" \/>\n<meta property=\"og:locale\" content=\"de_DE\" \/>\n<meta property=\"og:type\" content=\"article\" \/>\n<meta property=\"og:title\" content=\"Waney\u00ean zimannasiy\u00ea - Gr\u00fbpek niv\u00eeskar - www.shanabooks.de\" \/>\n<meta property=\"og:description\" content=\"Waney\u00ean zimannasiy\u00ea - Gr\u00fbpek niv\u00eeskar Di v\u00ea xebat\u00ea de hin mijar\u00ean zimannas\u00eey\u00ea hene \u00fb her mijarek ji h\u00eala kesek\u00ee ve hatiye amadekirin. Her \u00e7end mijar bi ...\" \/>\n<meta property=\"og:url\" content=\"https:\/\/shanabooks.de\/product\/waneyen-zimannasiye-grupek-niviskar\/\" \/>\n<meta property=\"og:site_name\" content=\"www.shanabooks.de\" \/>\n<meta property=\"article:modified_time\" content=\"2024-03-03T15:14:03+00:00\" \/>\n<meta property=\"og:image\" content=\"https:\/\/shanabooks.de\/wp-content\/uploads\/2024\/03\/waneyen-zimannasiye.png\" \/>\n\t<meta property=\"og:image:width\" content=\"293\" \/>\n\t<meta property=\"og:image:height\" content=\"478\" \/>\n\t<meta property=\"og:image:type\" content=\"image\/png\" \/>\n<meta name=\"twitter:card\" content=\"summary_large_image\" \/>\n<meta name=\"twitter:label1\" content=\"Gesch\u00e4tzte Lesezeit\" \/>\n\t<meta name=\"twitter:data1\" content=\"2\u00a0Minuten\" \/>\n<script type=\"application\/ld+json\" class=\"yoast-schema-graph\">{\"@context\":\"https:\\\/\\\/schema.org\",\"@graph\":[{\"@type\":\"WebPage\",\"@id\":\"https:\\\/\\\/shanabooks.de\\\/product\\\/waneyen-zimannasiye-grupek-niviskar\\\/\",\"url\":\"https:\\\/\\\/shanabooks.de\\\/product\\\/waneyen-zimannasiye-grupek-niviskar\\\/\",\"name\":\"Waney\u00ean zimannasiy\u00ea - Gr\u00fbpek niv\u00eeskar - www.shanabooks.de\",\"isPartOf\":{\"@id\":\"https:\\\/\\\/shanabooks.de\\\/#website\"},\"primaryImageOfPage\":{\"@id\":\"https:\\\/\\\/shanabooks.de\\\/product\\\/waneyen-zimannasiye-grupek-niviskar\\\/#primaryimage\"},\"image\":{\"@id\":\"https:\\\/\\\/shanabooks.de\\\/product\\\/waneyen-zimannasiye-grupek-niviskar\\\/#primaryimage\"},\"thumbnailUrl\":\"https:\\\/\\\/shanabooks.de\\\/wp-content\\\/uploads\\\/2024\\\/03\\\/waneyen-zimannasiye.png\",\"datePublished\":\"2024-03-03T11:50:48+00:00\",\"dateModified\":\"2024-03-03T15:14:03+00:00\",\"description\":\"Waney\u00ean zimannasiy\u00ea - Gr\u00fbpek niv\u00eeskar Di v\u00ea xebat\u00ea de hin mijar\u00ean zimannas\u00eey\u00ea hene \u00fb her mijarek ji h\u00eala kesek\u00ee ve hatiye amadekirin. Her \u00e7end mijar bi ...\",\"breadcrumb\":{\"@id\":\"https:\\\/\\\/shanabooks.de\\\/product\\\/waneyen-zimannasiye-grupek-niviskar\\\/#breadcrumb\"},\"inLanguage\":\"de\",\"potentialAction\":[{\"@type\":\"ReadAction\",\"target\":[\"https:\\\/\\\/shanabooks.de\\\/product\\\/waneyen-zimannasiye-grupek-niviskar\\\/\"]}]},{\"@type\":\"ImageObject\",\"inLanguage\":\"de\",\"@id\":\"https:\\\/\\\/shanabooks.de\\\/product\\\/waneyen-zimannasiye-grupek-niviskar\\\/#primaryimage\",\"url\":\"https:\\\/\\\/shanabooks.de\\\/wp-content\\\/uploads\\\/2024\\\/03\\\/waneyen-zimannasiye.png\",\"contentUrl\":\"https:\\\/\\\/shanabooks.de\\\/wp-content\\\/uploads\\\/2024\\\/03\\\/waneyen-zimannasiye.png\",\"width\":293,\"height\":478,\"caption\":\"Waney\u00ean zimannasiy\u00ea - Gr\u00fbpek niv\u00eeskar - pirt\u00fbk\u00ean kurd\u00ee\"},{\"@type\":\"BreadcrumbList\",\"@id\":\"https:\\\/\\\/shanabooks.de\\\/product\\\/waneyen-zimannasiye-grupek-niviskar\\\/#breadcrumb\",\"itemListElement\":[{\"@type\":\"ListItem\",\"position\":1,\"name\":\"\u0627\u0644\u0631\u0626\u064a\u0633\u064a\u0629\",\"item\":\"https:\\\/\\\/shanabooks.de\\\/de\\\/\"},{\"@type\":\"ListItem\",\"position\":2,\"name\":\"\u0627\u0644\u0645\u0646\u062a\u062c\u0627\u062a\",\"item\":\"https:\\\/\\\/shanabooks.de\\\/shop\\\/\"},{\"@type\":\"ListItem\",\"position\":3,\"name\":\"Waney\u00ean zimannasiy\u00ea\"}]},{\"@type\":\"WebSite\",\"@id\":\"https:\\\/\\\/shanabooks.de\\\/#website\",\"url\":\"https:\\\/\\\/shanabooks.de\\\/\",\"name\":\"www.shanbooks.de\",\"description\":\"C\u00eehana Pirt\u00fbk\u00ean Kurd\u00ee \u0645\u0643\u062a\u0628\u0629 \u0634\u0627\u0646\u0627 \u0641\u064a \u0627\u0644\u0645\u0627\u0646\u064a\u0627 \u0648\u0623\u0648\u0631\u0628\u0627\",\"publisher\":{\"@id\":\"https:\\\/\\\/shanabooks.de\\\/#organization\"},\"potentialAction\":[{\"@type\":\"SearchAction\",\"target\":{\"@type\":\"EntryPoint\",\"urlTemplate\":\"https:\\\/\\\/shanabooks.de\\\/?s={search_term_string}\"},\"query-input\":{\"@type\":\"PropertyValueSpecification\",\"valueRequired\":true,\"valueName\":\"search_term_string\"}}],\"inLanguage\":\"de\"},{\"@type\":\"Organization\",\"@id\":\"https:\\\/\\\/shanabooks.de\\\/#organization\",\"name\":\"www.shanbooks.de\",\"url\":\"https:\\\/\\\/shanabooks.de\\\/\",\"logo\":{\"@type\":\"ImageObject\",\"inLanguage\":\"de\",\"@id\":\"https:\\\/\\\/shanabooks.de\\\/#\\\/schema\\\/logo\\\/image\\\/\",\"url\":\"https:\\\/\\\/shanabooks.de\\\/wp-content\\\/uploads\\\/2024\\\/03\\\/SHANABOOKS__2_-removebg-preview.png\",\"contentUrl\":\"https:\\\/\\\/shanabooks.de\\\/wp-content\\\/uploads\\\/2024\\\/03\\\/SHANABOOKS__2_-removebg-preview.png\",\"width\":700,\"height\":150,\"caption\":\"www.shanbooks.de\"},\"image\":{\"@id\":\"https:\\\/\\\/shanabooks.de\\\/#\\\/schema\\\/logo\\\/image\\\/\"}}]}<\/script>\n<!-- \/ Yoast SEO plugin. -->","yoast_head_json":{"title":"Waney\u00ean zimannasiy\u00ea - Gr\u00fbpek niv\u00eeskar - www.shanabooks.de","description":"Waney\u00ean zimannasiy\u00ea - Gr\u00fbpek niv\u00eeskar Di v\u00ea xebat\u00ea de hin mijar\u00ean zimannas\u00eey\u00ea hene \u00fb her mijarek ji h\u00eala kesek\u00ee ve hatiye amadekirin. Her \u00e7end mijar bi ...","robots":{"index":"index","follow":"follow","max-snippet":"max-snippet:-1","max-image-preview":"max-image-preview:large","max-video-preview":"max-video-preview:-1"},"canonical":"https:\/\/shanabooks.de\/product\/waneyen-zimannasiye-grupek-niviskar\/","og_locale":"de_DE","og_type":"article","og_title":"Waney\u00ean zimannasiy\u00ea - Gr\u00fbpek niv\u00eeskar - www.shanabooks.de","og_description":"Waney\u00ean zimannasiy\u00ea - Gr\u00fbpek niv\u00eeskar Di v\u00ea xebat\u00ea de hin mijar\u00ean zimannas\u00eey\u00ea hene \u00fb her mijarek ji h\u00eala kesek\u00ee ve hatiye amadekirin. Her \u00e7end mijar bi ...","og_url":"https:\/\/shanabooks.de\/product\/waneyen-zimannasiye-grupek-niviskar\/","og_site_name":"www.shanabooks.de","article_modified_time":"2024-03-03T15:14:03+00:00","og_image":[{"width":293,"height":478,"url":"https:\/\/shanabooks.de\/wp-content\/uploads\/2024\/03\/waneyen-zimannasiye.png","type":"image\/png"}],"twitter_card":"summary_large_image","twitter_misc":{"Gesch\u00e4tzte Lesezeit":"2\u00a0Minuten"},"schema":{"@context":"https:\/\/schema.org","@graph":[{"@type":"WebPage","@id":"https:\/\/shanabooks.de\/product\/waneyen-zimannasiye-grupek-niviskar\/","url":"https:\/\/shanabooks.de\/product\/waneyen-zimannasiye-grupek-niviskar\/","name":"Waney\u00ean zimannasiy\u00ea - Gr\u00fbpek niv\u00eeskar - www.shanabooks.de","isPartOf":{"@id":"https:\/\/shanabooks.de\/#website"},"primaryImageOfPage":{"@id":"https:\/\/shanabooks.de\/product\/waneyen-zimannasiye-grupek-niviskar\/#primaryimage"},"image":{"@id":"https:\/\/shanabooks.de\/product\/waneyen-zimannasiye-grupek-niviskar\/#primaryimage"},"thumbnailUrl":"https:\/\/shanabooks.de\/wp-content\/uploads\/2024\/03\/waneyen-zimannasiye.png","datePublished":"2024-03-03T11:50:48+00:00","dateModified":"2024-03-03T15:14:03+00:00","description":"Waney\u00ean zimannasiy\u00ea - Gr\u00fbpek niv\u00eeskar Di v\u00ea xebat\u00ea de hin mijar\u00ean zimannas\u00eey\u00ea hene \u00fb her mijarek ji h\u00eala kesek\u00ee ve hatiye amadekirin. Her \u00e7end mijar bi ...","breadcrumb":{"@id":"https:\/\/shanabooks.de\/product\/waneyen-zimannasiye-grupek-niviskar\/#breadcrumb"},"inLanguage":"de","potentialAction":[{"@type":"ReadAction","target":["https:\/\/shanabooks.de\/product\/waneyen-zimannasiye-grupek-niviskar\/"]}]},{"@type":"ImageObject","inLanguage":"de","@id":"https:\/\/shanabooks.de\/product\/waneyen-zimannasiye-grupek-niviskar\/#primaryimage","url":"https:\/\/shanabooks.de\/wp-content\/uploads\/2024\/03\/waneyen-zimannasiye.png","contentUrl":"https:\/\/shanabooks.de\/wp-content\/uploads\/2024\/03\/waneyen-zimannasiye.png","width":293,"height":478,"caption":"Waney\u00ean zimannasiy\u00ea - Gr\u00fbpek niv\u00eeskar - pirt\u00fbk\u00ean kurd\u00ee"},{"@type":"BreadcrumbList","@id":"https:\/\/shanabooks.de\/product\/waneyen-zimannasiye-grupek-niviskar\/#breadcrumb","itemListElement":[{"@type":"ListItem","position":1,"name":"\u0627\u0644\u0631\u0626\u064a\u0633\u064a\u0629","item":"https:\/\/shanabooks.de\/de\/"},{"@type":"ListItem","position":2,"name":"\u0627\u0644\u0645\u0646\u062a\u062c\u0627\u062a","item":"https:\/\/shanabooks.de\/shop\/"},{"@type":"ListItem","position":3,"name":"Waney\u00ean zimannasiy\u00ea"}]},{"@type":"WebSite","@id":"https:\/\/shanabooks.de\/#website","url":"https:\/\/shanabooks.de\/","name":"www.shanbooks.de","description":"C\u00eehana Pirt\u00fbk\u00ean Kurd\u00ee \u0645\u0643\u062a\u0628\u0629 \u0634\u0627\u0646\u0627 \u0641\u064a \u0627\u0644\u0645\u0627\u0646\u064a\u0627 \u0648\u0623\u0648\u0631\u0628\u0627","publisher":{"@id":"https:\/\/shanabooks.de\/#organization"},"potentialAction":[{"@type":"SearchAction","target":{"@type":"EntryPoint","urlTemplate":"https:\/\/shanabooks.de\/?s={search_term_string}"},"query-input":{"@type":"PropertyValueSpecification","valueRequired":true,"valueName":"search_term_string"}}],"inLanguage":"de"},{"@type":"Organization","@id":"https:\/\/shanabooks.de\/#organization","name":"www.shanbooks.de","url":"https:\/\/shanabooks.de\/","logo":{"@type":"ImageObject","inLanguage":"de","@id":"https:\/\/shanabooks.de\/#\/schema\/logo\/image\/","url":"https:\/\/shanabooks.de\/wp-content\/uploads\/2024\/03\/SHANABOOKS__2_-removebg-preview.png","contentUrl":"https:\/\/shanabooks.de\/wp-content\/uploads\/2024\/03\/SHANABOOKS__2_-removebg-preview.png","width":700,"height":150,"caption":"www.shanbooks.de"},"image":{"@id":"https:\/\/shanabooks.de\/#\/schema\/logo\/image\/"}}]}},"jetpack_sharing_enabled":true,"_links":{"self":[{"href":"https:\/\/shanabooks.de\/de\/wp-json\/wp\/v2\/product\/11600","targetHints":{"allow":["GET"]}}],"collection":[{"href":"https:\/\/shanabooks.de\/de\/wp-json\/wp\/v2\/product"}],"about":[{"href":"https:\/\/shanabooks.de\/de\/wp-json\/wp\/v2\/types\/product"}],"version-history":[{"count":3,"href":"https:\/\/shanabooks.de\/de\/wp-json\/wp\/v2\/product\/11600\/revisions"}],"predecessor-version":[{"id":11758,"href":"https:\/\/shanabooks.de\/de\/wp-json\/wp\/v2\/product\/11600\/revisions\/11758"}],"wp:featuredmedia":[{"embeddable":true,"href":"https:\/\/shanabooks.de\/de\/wp-json\/wp\/v2\/media\/11651"}],"wp:attachment":[{"href":"https:\/\/shanabooks.de\/de\/wp-json\/wp\/v2\/media?parent=11600"}],"wp:term":[{"taxonomy":"product_brand","embeddable":true,"href":"https:\/\/shanabooks.de\/de\/wp-json\/wp\/v2\/product_brand?post=11600"},{"taxonomy":"product_cat","embeddable":true,"href":"https:\/\/shanabooks.de\/de\/wp-json\/wp\/v2\/product_cat?post=11600"},{"taxonomy":"product_tag","embeddable":true,"href":"https:\/\/shanabooks.de\/de\/wp-json\/wp\/v2\/product_tag?post=11600"}],"curies":[{"name":"wp","href":"https:\/\/api.w.org\/{rel}","templated":true}]}}