{"id":11602,"date":"2024-03-03T11:50:48","date_gmt":"2024-03-03T11:50:48","guid":{"rendered":"https:\/\/shanabooks.de\/?post_type=product&#038;p=11602"},"modified":"2024-04-08T16:43:59","modified_gmt":"2024-04-08T16:43:59","slug":"alfabeya-kurdi-cemsid-ciftci","status":"publish","type":"product","link":"https:\/\/shanabooks.de\/de\/product\/alfabeya-kurdi-cemsid-ciftci\/","title":{"rendered":"Alfabeya kurd\u00ee"},"content":{"rendered":"<p dir=\"ltr\"><strong>Alfabeya kurd\u00ee &#8211; Cem\u015f\u00eed \u00c7\u00eeft\u00e7\u00ee<\/strong><\/p>\n<p dir=\"ltr\">We\u015fanxaneya L\u00ees\u00ea p\u00ee\u015ft\u00ee pirt\u00fbka zarokan a bi nav\u00ea Azad a M\u00eeran Janbar \u00fb K\u00ea\u015fana L\u00eakeran a Brah\u00eem Xel\u00eel Ta\u015f di qada zim\u00ean de bi nav\u00ea Alfabeya Kurd\u00ee ,ya ku ji aliy\u00ea Cem\u015f\u00eed \u00c7\u00eeft\u00e7\u00ee hatiyeniv\u00ees\u00een, pirt\u00fbkeke n\u00fb we\u015fand. Pirt\u00fbk biw\u00eane \u00fb bireng e.<br \/>\nPirt\u00fbk bi s\u00eestema dengan xwed\u00een\u00ea h\u00een dike. Alfabe bi deng\u00ean ku bil\u00eavkirina wan h\u00easan e dest p\u00ea dike, pa\u015f\u00ea bi deng\u00ean din didome. Di dana her dengek\u00ee de \u00e7end w\u00eaney\u00ean ku nav\u00ea wan v\u00ee deng\u00ee dihundir\u00eene an bi v\u00ee deng\u00ee dest p\u00ea dike dide \u00fb dixwaze xwendekar an zarok nav\u00ea w\u00eaneyan li bin\u00ea wan biniv\u00eese \u00fb bixw\u00eene. Di nava dana dengan de dana k\u00eeteyan j\u00ee heye. K\u00eetey\u00ean ku bi dengek\u00ee dest p\u00ea dike an j\u00ee bi dengek\u00ee diqede hatine day\u00een. Pa\u015f\u00ea k\u00eete hatine ba hev \u00fb ji k\u00eeteyan peyv-peyv\u00ean biwate an b\u00eawate- hatine sazkirin. Di pirt\u00fbk\u00ea de ji h\u00eenb\u00fbna xwendin\u00ea gelek t\u00ee\u015ft\u00ean din j\u00ee hene<\/p>\n<p dir=\"ltr\">Ev pirt\u00fbk ji aliy\u00ea mezinan ve bi ser\u00ea xwe \u00fb ji aliy\u00ea bi\u00e7\u00fbkan ve j\u00ee di bin \u00e7avd\u00eariya mezina kare b\u00ea bikaran\u00een. Ji ber ku s\u00eestem li ser dengan ava b\u00fbye, div\u00ea deng, k\u00eete \u00fb peyv bideng b\u00ean xwendin \u00fb ducarkirin. Zarok an mezin\u00ean ku k\u00eam-z\u00eade t\u00eepan nas dikin, karin b v\u00ea pirt\u00fbk\u00ea di demeke kurt de h\u00een\u00ee bil\u00eavkirina deng\u00ean Kurd\u00ee \u00fb xwendina Kurd\u00ee bibin.<br \/>\nCem\u015f\u00eed \u00c7\u00eeft\u00e7\u00ee, sala 1969 li Lic\u00ea \u00e7\u00ea b\u00fbye. Niv\u00eeskar niha li Amed\u00ea dij\u00ee \u00fb ev pirt\u00fbka li ber dest\u00ea we pirt\u00fbka w\u00ee ya yekem\u00een e.<\/p>\n","protected":false},"excerpt":{"rendered":"<p dir=\"ltr\" style=\"text-align: center\"><strong>Pirt\u00fbk: Alfabeya kurd\u00ee<br \/>\nNiv\u00eeskar: Cem\u015f\u00eed \u00c7\u00eeft\u00e7\u00ee<\/strong><br \/>\n<strong>Cure: F\u00earb\u00fbna Kurd\u00ee<\/strong><\/p>\n","protected":false},"featured_media":11655,"template":"","meta":{"site-sidebar-layout":"default","site-content-layout":"","ast-site-content-layout":"default","site-content-style":"default","site-sidebar-style":"default","ast-global-header-display":"","ast-banner-title-visibility":"","ast-main-header-display":"","ast-hfb-above-header-display":"","ast-hfb-below-header-display":"","ast-hfb-mobile-header-display":"","site-post-title":"","ast-breadcrumbs-content":"","ast-featured-img":"","footer-sml-layout":"","ast-disable-related-posts":"","theme-transparent-header-meta":"default","adv-header-id-meta":"","stick-header-meta":"","header-above-stick-meta":"","header-main-stick-meta":"","header-below-stick-meta":"","astra-migrate-meta-layouts":"set","ast-page-background-enabled":"default","ast-page-background-meta":{"desktop":{"background-color":"","background-image":"","background-repeat":"repeat","background-position":"center center","background-size":"auto","background-attachment":"scroll","background-type":"","background-media":"","overlay-type":"","overlay-color":"","overlay-opacity":"","overlay-gradient":""},"tablet":{"background-color":"","background-image":"","background-repeat":"repeat","background-position":"center center","background-size":"auto","background-attachment":"scroll","background-type":"","background-media":"","overlay-type":"","overlay-color":"","overlay-opacity":"","overlay-gradient":""},"mobile":{"background-color":"","background-image":"","background-repeat":"repeat","background-position":"center center","background-size":"auto","background-attachment":"scroll","background-type":"","background-media":"","overlay-type":"","overlay-color":"","overlay-opacity":"","overlay-gradient":""}},"ast-content-background-meta":{"desktop":{"background-color":"var(--ast-global-color-5)","background-image":"","background-repeat":"repeat","background-position":"center center","background-size":"auto","background-attachment":"scroll","background-type":"","background-media":"","overlay-type":"","overlay-color":"","overlay-opacity":"","overlay-gradient":""},"tablet":{"background-color":"var(--ast-global-color-5)","background-image":"","background-repeat":"repeat","background-position":"center center","background-size":"auto","background-attachment":"scroll","background-type":"","background-media":"","overlay-type":"","overlay-color":"","overlay-opacity":"","overlay-gradient":""},"mobile":{"background-color":"var(--ast-global-color-5)","background-image":"","background-repeat":"repeat","background-position":"center center","background-size":"auto","background-attachment":"scroll","background-type":"","background-media":"","overlay-type":"","overlay-color":"","overlay-opacity":"","overlay-gradient":""}}},"product_brand":[],"product_cat":[194,193],"product_tag":[],"class_list":{"0":"post-11602","1":"product","2":"type-product","3":"status-publish","4":"has-post-thumbnail","6":"product_cat--_","8":"pa_-ferbuna-kurdi","9":"pa_-zarok","10":"pa_-cemsid-ciftci","11":"pa_-kurmanci","12":"pa_--lis-yayinevi","13":"desktop-align-left","14":"tablet-align-left","15":"mobile-align-left","17":"first","18":"instock","19":"shipping-taxable","20":"purchasable","21":"product-type-simple"},"yoast_head":"<!-- This site is optimized with the Yoast SEO plugin v27.4 - https:\/\/yoast.com\/product\/yoast-seo-wordpress\/ -->\n<title>Alfabeya kurd\u00ee - Cem\u015f\u00eed \u00c7\u00eeft\u00e7\u00ee - www.shanabooks.de<\/title>\n<meta name=\"description\" content=\"Alfabeya kurd\u00ee - Cem\u015f\u00eed \u00c7\u00eeft\u00e7\u00ee We\u015fanxaneya L\u00ees\u00ea p\u00ee\u015ft\u00ee pirt\u00fbka zarokan a bi nav\u00ea Azad a M\u00eeran Janbar \u00fb K\u00ea\u015fana L\u00eakeran a Brah\u00eem Xel\u00eel Ta\u015f di qada zim\u00ean de ...\" \/>\n<meta name=\"robots\" content=\"index, follow, max-snippet:-1, max-image-preview:large, max-video-preview:-1\" \/>\n<link rel=\"canonical\" href=\"https:\/\/shanabooks.de\/product\/alfabeya-kurdi-cemsid-ciftci\/\" \/>\n<meta property=\"og:locale\" content=\"de_DE\" \/>\n<meta property=\"og:type\" content=\"article\" \/>\n<meta property=\"og:title\" content=\"Alfabeya kurd\u00ee - Cem\u015f\u00eed \u00c7\u00eeft\u00e7\u00ee - www.shanabooks.de\" \/>\n<meta property=\"og:description\" content=\"Alfabeya kurd\u00ee - Cem\u015f\u00eed \u00c7\u00eeft\u00e7\u00ee We\u015fanxaneya L\u00ees\u00ea p\u00ee\u015ft\u00ee pirt\u00fbka zarokan a bi nav\u00ea Azad a M\u00eeran Janbar \u00fb K\u00ea\u015fana L\u00eakeran a Brah\u00eem Xel\u00eel Ta\u015f di qada zim\u00ean de ...\" \/>\n<meta property=\"og:url\" content=\"https:\/\/shanabooks.de\/product\/alfabeya-kurdi-cemsid-ciftci\/\" \/>\n<meta property=\"og:site_name\" content=\"www.shanabooks.de\" \/>\n<meta property=\"article:modified_time\" content=\"2024-04-08T16:43:59+00:00\" \/>\n<meta property=\"og:image\" content=\"https:\/\/shanabooks.de\/wp-content\/uploads\/2024\/03\/Alfabeya-Kurdi.png\" \/>\n\t<meta property=\"og:image:width\" content=\"358\" \/>\n\t<meta property=\"og:image:height\" content=\"465\" \/>\n\t<meta property=\"og:image:type\" content=\"image\/png\" \/>\n<meta name=\"twitter:card\" content=\"summary_large_image\" \/>\n<meta name=\"twitter:label1\" content=\"Gesch\u00e4tzte Lesezeit\" \/>\n\t<meta name=\"twitter:data1\" content=\"2\u00a0Minuten\" \/>\n<script type=\"application\/ld+json\" class=\"yoast-schema-graph\">{\"@context\":\"https:\\\/\\\/schema.org\",\"@graph\":[{\"@type\":\"WebPage\",\"@id\":\"https:\\\/\\\/shanabooks.de\\\/product\\\/alfabeya-kurdi-cemsid-ciftci\\\/\",\"url\":\"https:\\\/\\\/shanabooks.de\\\/product\\\/alfabeya-kurdi-cemsid-ciftci\\\/\",\"name\":\"Alfabeya kurd\u00ee - Cem\u015f\u00eed \u00c7\u00eeft\u00e7\u00ee - www.shanabooks.de\",\"isPartOf\":{\"@id\":\"https:\\\/\\\/shanabooks.de\\\/#website\"},\"primaryImageOfPage\":{\"@id\":\"https:\\\/\\\/shanabooks.de\\\/product\\\/alfabeya-kurdi-cemsid-ciftci\\\/#primaryimage\"},\"image\":{\"@id\":\"https:\\\/\\\/shanabooks.de\\\/product\\\/alfabeya-kurdi-cemsid-ciftci\\\/#primaryimage\"},\"thumbnailUrl\":\"https:\\\/\\\/shanabooks.de\\\/wp-content\\\/uploads\\\/2024\\\/03\\\/Alfabeya-Kurdi.png\",\"datePublished\":\"2024-03-03T11:50:48+00:00\",\"dateModified\":\"2024-04-08T16:43:59+00:00\",\"description\":\"Alfabeya kurd\u00ee - Cem\u015f\u00eed \u00c7\u00eeft\u00e7\u00ee We\u015fanxaneya L\u00ees\u00ea p\u00ee\u015ft\u00ee pirt\u00fbka zarokan a bi nav\u00ea Azad a M\u00eeran Janbar \u00fb K\u00ea\u015fana L\u00eakeran a Brah\u00eem Xel\u00eel Ta\u015f di qada zim\u00ean de ...\",\"breadcrumb\":{\"@id\":\"https:\\\/\\\/shanabooks.de\\\/product\\\/alfabeya-kurdi-cemsid-ciftci\\\/#breadcrumb\"},\"inLanguage\":\"de\",\"potentialAction\":[{\"@type\":\"ReadAction\",\"target\":[\"https:\\\/\\\/shanabooks.de\\\/product\\\/alfabeya-kurdi-cemsid-ciftci\\\/\"]}]},{\"@type\":\"ImageObject\",\"inLanguage\":\"de\",\"@id\":\"https:\\\/\\\/shanabooks.de\\\/product\\\/alfabeya-kurdi-cemsid-ciftci\\\/#primaryimage\",\"url\":\"https:\\\/\\\/shanabooks.de\\\/wp-content\\\/uploads\\\/2024\\\/03\\\/Alfabeya-Kurdi.png\",\"contentUrl\":\"https:\\\/\\\/shanabooks.de\\\/wp-content\\\/uploads\\\/2024\\\/03\\\/Alfabeya-Kurdi.png\",\"width\":358,\"height\":465,\"caption\":\"Alfabeya kurd\u00ee - Cem\u015f\u00eed \u00c7\u00eeft\u00e7\u00ee - pirt\u00fbk\u00ean kurd\u00ee - zarok\"},{\"@type\":\"BreadcrumbList\",\"@id\":\"https:\\\/\\\/shanabooks.de\\\/product\\\/alfabeya-kurdi-cemsid-ciftci\\\/#breadcrumb\",\"itemListElement\":[{\"@type\":\"ListItem\",\"position\":1,\"name\":\"\u0627\u0644\u0631\u0626\u064a\u0633\u064a\u0629\",\"item\":\"https:\\\/\\\/shanabooks.de\\\/de\\\/\"},{\"@type\":\"ListItem\",\"position\":2,\"name\":\"\u0627\u0644\u0645\u0646\u062a\u062c\u0627\u062a\",\"item\":\"https:\\\/\\\/shanabooks.de\\\/shop\\\/\"},{\"@type\":\"ListItem\",\"position\":3,\"name\":\"Alfabeya kurd\u00ee\"}]},{\"@type\":\"WebSite\",\"@id\":\"https:\\\/\\\/shanabooks.de\\\/#website\",\"url\":\"https:\\\/\\\/shanabooks.de\\\/\",\"name\":\"www.shanbooks.de\",\"description\":\"C\u00eehana Pirt\u00fbk\u00ean Kurd\u00ee \u0645\u0643\u062a\u0628\u0629 \u0634\u0627\u0646\u0627 \u0641\u064a \u0627\u0644\u0645\u0627\u0646\u064a\u0627 \u0648\u0623\u0648\u0631\u0628\u0627\",\"publisher\":{\"@id\":\"https:\\\/\\\/shanabooks.de\\\/#organization\"},\"potentialAction\":[{\"@type\":\"SearchAction\",\"target\":{\"@type\":\"EntryPoint\",\"urlTemplate\":\"https:\\\/\\\/shanabooks.de\\\/?s={search_term_string}\"},\"query-input\":{\"@type\":\"PropertyValueSpecification\",\"valueRequired\":true,\"valueName\":\"search_term_string\"}}],\"inLanguage\":\"de\"},{\"@type\":\"Organization\",\"@id\":\"https:\\\/\\\/shanabooks.de\\\/#organization\",\"name\":\"www.shanbooks.de\",\"url\":\"https:\\\/\\\/shanabooks.de\\\/\",\"logo\":{\"@type\":\"ImageObject\",\"inLanguage\":\"de\",\"@id\":\"https:\\\/\\\/shanabooks.de\\\/#\\\/schema\\\/logo\\\/image\\\/\",\"url\":\"https:\\\/\\\/shanabooks.de\\\/wp-content\\\/uploads\\\/2024\\\/03\\\/SHANABOOKS__2_-removebg-preview.png\",\"contentUrl\":\"https:\\\/\\\/shanabooks.de\\\/wp-content\\\/uploads\\\/2024\\\/03\\\/SHANABOOKS__2_-removebg-preview.png\",\"width\":700,\"height\":150,\"caption\":\"www.shanbooks.de\"},\"image\":{\"@id\":\"https:\\\/\\\/shanabooks.de\\\/#\\\/schema\\\/logo\\\/image\\\/\"}}]}<\/script>\n<!-- \/ Yoast SEO plugin. -->","yoast_head_json":{"title":"Alfabeya kurd\u00ee - Cem\u015f\u00eed \u00c7\u00eeft\u00e7\u00ee - www.shanabooks.de","description":"Alfabeya kurd\u00ee - Cem\u015f\u00eed \u00c7\u00eeft\u00e7\u00ee We\u015fanxaneya L\u00ees\u00ea p\u00ee\u015ft\u00ee pirt\u00fbka zarokan a bi nav\u00ea Azad a M\u00eeran Janbar \u00fb K\u00ea\u015fana L\u00eakeran a Brah\u00eem Xel\u00eel Ta\u015f di qada zim\u00ean de ...","robots":{"index":"index","follow":"follow","max-snippet":"max-snippet:-1","max-image-preview":"max-image-preview:large","max-video-preview":"max-video-preview:-1"},"canonical":"https:\/\/shanabooks.de\/product\/alfabeya-kurdi-cemsid-ciftci\/","og_locale":"de_DE","og_type":"article","og_title":"Alfabeya kurd\u00ee - Cem\u015f\u00eed \u00c7\u00eeft\u00e7\u00ee - www.shanabooks.de","og_description":"Alfabeya kurd\u00ee - Cem\u015f\u00eed \u00c7\u00eeft\u00e7\u00ee We\u015fanxaneya L\u00ees\u00ea p\u00ee\u015ft\u00ee pirt\u00fbka zarokan a bi nav\u00ea Azad a M\u00eeran Janbar \u00fb K\u00ea\u015fana L\u00eakeran a Brah\u00eem Xel\u00eel Ta\u015f di qada zim\u00ean de ...","og_url":"https:\/\/shanabooks.de\/product\/alfabeya-kurdi-cemsid-ciftci\/","og_site_name":"www.shanabooks.de","article_modified_time":"2024-04-08T16:43:59+00:00","og_image":[{"width":358,"height":465,"url":"https:\/\/shanabooks.de\/wp-content\/uploads\/2024\/03\/Alfabeya-Kurdi.png","type":"image\/png"}],"twitter_card":"summary_large_image","twitter_misc":{"Gesch\u00e4tzte Lesezeit":"2\u00a0Minuten"},"schema":{"@context":"https:\/\/schema.org","@graph":[{"@type":"WebPage","@id":"https:\/\/shanabooks.de\/product\/alfabeya-kurdi-cemsid-ciftci\/","url":"https:\/\/shanabooks.de\/product\/alfabeya-kurdi-cemsid-ciftci\/","name":"Alfabeya kurd\u00ee - Cem\u015f\u00eed \u00c7\u00eeft\u00e7\u00ee - www.shanabooks.de","isPartOf":{"@id":"https:\/\/shanabooks.de\/#website"},"primaryImageOfPage":{"@id":"https:\/\/shanabooks.de\/product\/alfabeya-kurdi-cemsid-ciftci\/#primaryimage"},"image":{"@id":"https:\/\/shanabooks.de\/product\/alfabeya-kurdi-cemsid-ciftci\/#primaryimage"},"thumbnailUrl":"https:\/\/shanabooks.de\/wp-content\/uploads\/2024\/03\/Alfabeya-Kurdi.png","datePublished":"2024-03-03T11:50:48+00:00","dateModified":"2024-04-08T16:43:59+00:00","description":"Alfabeya kurd\u00ee - Cem\u015f\u00eed \u00c7\u00eeft\u00e7\u00ee We\u015fanxaneya L\u00ees\u00ea p\u00ee\u015ft\u00ee pirt\u00fbka zarokan a bi nav\u00ea Azad a M\u00eeran Janbar \u00fb K\u00ea\u015fana L\u00eakeran a Brah\u00eem Xel\u00eel Ta\u015f di qada zim\u00ean de ...","breadcrumb":{"@id":"https:\/\/shanabooks.de\/product\/alfabeya-kurdi-cemsid-ciftci\/#breadcrumb"},"inLanguage":"de","potentialAction":[{"@type":"ReadAction","target":["https:\/\/shanabooks.de\/product\/alfabeya-kurdi-cemsid-ciftci\/"]}]},{"@type":"ImageObject","inLanguage":"de","@id":"https:\/\/shanabooks.de\/product\/alfabeya-kurdi-cemsid-ciftci\/#primaryimage","url":"https:\/\/shanabooks.de\/wp-content\/uploads\/2024\/03\/Alfabeya-Kurdi.png","contentUrl":"https:\/\/shanabooks.de\/wp-content\/uploads\/2024\/03\/Alfabeya-Kurdi.png","width":358,"height":465,"caption":"Alfabeya kurd\u00ee - Cem\u015f\u00eed \u00c7\u00eeft\u00e7\u00ee - pirt\u00fbk\u00ean kurd\u00ee - zarok"},{"@type":"BreadcrumbList","@id":"https:\/\/shanabooks.de\/product\/alfabeya-kurdi-cemsid-ciftci\/#breadcrumb","itemListElement":[{"@type":"ListItem","position":1,"name":"\u0627\u0644\u0631\u0626\u064a\u0633\u064a\u0629","item":"https:\/\/shanabooks.de\/de\/"},{"@type":"ListItem","position":2,"name":"\u0627\u0644\u0645\u0646\u062a\u062c\u0627\u062a","item":"https:\/\/shanabooks.de\/shop\/"},{"@type":"ListItem","position":3,"name":"Alfabeya kurd\u00ee"}]},{"@type":"WebSite","@id":"https:\/\/shanabooks.de\/#website","url":"https:\/\/shanabooks.de\/","name":"www.shanbooks.de","description":"C\u00eehana Pirt\u00fbk\u00ean Kurd\u00ee \u0645\u0643\u062a\u0628\u0629 \u0634\u0627\u0646\u0627 \u0641\u064a \u0627\u0644\u0645\u0627\u0646\u064a\u0627 \u0648\u0623\u0648\u0631\u0628\u0627","publisher":{"@id":"https:\/\/shanabooks.de\/#organization"},"potentialAction":[{"@type":"SearchAction","target":{"@type":"EntryPoint","urlTemplate":"https:\/\/shanabooks.de\/?s={search_term_string}"},"query-input":{"@type":"PropertyValueSpecification","valueRequired":true,"valueName":"search_term_string"}}],"inLanguage":"de"},{"@type":"Organization","@id":"https:\/\/shanabooks.de\/#organization","name":"www.shanbooks.de","url":"https:\/\/shanabooks.de\/","logo":{"@type":"ImageObject","inLanguage":"de","@id":"https:\/\/shanabooks.de\/#\/schema\/logo\/image\/","url":"https:\/\/shanabooks.de\/wp-content\/uploads\/2024\/03\/SHANABOOKS__2_-removebg-preview.png","contentUrl":"https:\/\/shanabooks.de\/wp-content\/uploads\/2024\/03\/SHANABOOKS__2_-removebg-preview.png","width":700,"height":150,"caption":"www.shanbooks.de"},"image":{"@id":"https:\/\/shanabooks.de\/#\/schema\/logo\/image\/"}}]}},"jetpack_sharing_enabled":true,"_links":{"self":[{"href":"https:\/\/shanabooks.de\/de\/wp-json\/wp\/v2\/product\/11602","targetHints":{"allow":["GET"]}}],"collection":[{"href":"https:\/\/shanabooks.de\/de\/wp-json\/wp\/v2\/product"}],"about":[{"href":"https:\/\/shanabooks.de\/de\/wp-json\/wp\/v2\/types\/product"}],"version-history":[{"count":3,"href":"https:\/\/shanabooks.de\/de\/wp-json\/wp\/v2\/product\/11602\/revisions"}],"predecessor-version":[{"id":23355,"href":"https:\/\/shanabooks.de\/de\/wp-json\/wp\/v2\/product\/11602\/revisions\/23355"}],"wp:featuredmedia":[{"embeddable":true,"href":"https:\/\/shanabooks.de\/de\/wp-json\/wp\/v2\/media\/11655"}],"wp:attachment":[{"href":"https:\/\/shanabooks.de\/de\/wp-json\/wp\/v2\/media?parent=11602"}],"wp:term":[{"taxonomy":"product_brand","embeddable":true,"href":"https:\/\/shanabooks.de\/de\/wp-json\/wp\/v2\/product_brand?post=11602"},{"taxonomy":"product_cat","embeddable":true,"href":"https:\/\/shanabooks.de\/de\/wp-json\/wp\/v2\/product_cat?post=11602"},{"taxonomy":"product_tag","embeddable":true,"href":"https:\/\/shanabooks.de\/de\/wp-json\/wp\/v2\/product_tag?post=11602"}],"curies":[{"name":"wp","href":"https:\/\/api.w.org\/{rel}","templated":true}]}}