{"id":11603,"date":"2024-03-03T11:50:48","date_gmt":"2024-03-03T11:50:48","guid":{"rendered":"https:\/\/shanabooks.de\/?post_type=product&#038;p=11603"},"modified":"2026-01-01T16:40:46","modified_gmt":"2026-01-01T16:40:46","slug":"dersen-edbiyata-kurdi-nezir-ocek","status":"publish","type":"product","link":"https:\/\/shanabooks.de\/de\/product\/dersen-edbiyata-kurdi-nezir-ocek\/","title":{"rendered":"Ders\u00ean Edebiyata kurd\u00ee"},"content":{"rendered":"<p dir=\"ltr\"><strong>Ders\u00ean Edbiyata kurd\u00ee &#8211; Nez\u00eer Ocek<\/strong><\/p>\n<p dir=\"ltr\">Pirt\u00fbka Ders\u00ean Edbiyata kurd\u00ee ya Nez\u00eer Ocek e.<\/p>\n<p dir=\"ltr\">Berhem di qada xwe de berhema yekem e \u00fb ders\u00ean edebiyata kurd\u00ee ye. Niv\u00eeskar w\u00eajeya kurd\u00ee ji destp\u00eak\u00ea ve hilda dest \u00fb nirxandiye, ji w\u00eajeya klas\u00eek heta w\u00eajeya n\u00fbjen m\u00eenak dane, her wiha \u015fax\u00ean w\u00eajey\u00ea destn\u00ee\u015fan kirine \u00fb w\u00eajeya k\u00eejan w\u00eajevan\u00ee dikeve nava k\u00eejan \u015fax\u00ea w\u00eajey\u00ea bi m\u00eenakan daye n\u00ee\u015fan.<br \/>\nNiv\u00eeskar ji aliyek\u00ee ve w\u00eajeya kurd\u00ee anal\u00eez dike, bi m\u00eenak \u00fb anal\u00eez\u00ean berfireh zelal dike, ji aliyek\u00ee ve j\u00ee bi mebesta ku ev berhem d\u00ea bibe berhema ders\u00ean edeb\u00eeyat\u00ea li zan\u00eengeh\u00ean be\u015fa kurd\u00ee l\u00ea heye, li gor r\u00eabaza dersday\u00een\u00ea ku xwendevan rihet j\u00ea f\u00eam bikin amade kiriye. Di ser\u00ee de xwendevan\u00ean be\u015f\u00ean kurd\u00ee y\u00ean zan\u00eengehan \u00fb mamoste, ji bo her kes\u00ea ku bixwaze derbar\u00ea edebiyata kurd\u00ee de bibe xwed\u00ee zanyar\u00ee pirt\u00fbka her\u00ee ba\u015f \u00fb bik\u00ear e.<\/p>\n","protected":false},"excerpt":{"rendered":"<p dir=\"ltr\" style=\"text-align: center\"><strong>Pirt\u00fbk: Ders\u00ean Edbiyata kurd\u00ee<br \/>\nNiv\u00eeskar: Nez\u00eer Ocek<\/strong><br \/>\n<strong>Cure: Perwerde<\/strong><\/p>\n","protected":false},"featured_media":11657,"template":"","meta":{"site-sidebar-layout":"default","site-content-layout":"","ast-site-content-layout":"default","site-content-style":"default","site-sidebar-style":"default","ast-global-header-display":"","ast-banner-title-visibility":"","ast-main-header-display":"","ast-hfb-above-header-display":"","ast-hfb-below-header-display":"","ast-hfb-mobile-header-display":"","site-post-title":"","ast-breadcrumbs-content":"","ast-featured-img":"","footer-sml-layout":"","ast-disable-related-posts":"","theme-transparent-header-meta":"default","adv-header-id-meta":"","stick-header-meta":"","header-above-stick-meta":"","header-main-stick-meta":"","header-below-stick-meta":"","astra-migrate-meta-layouts":"set","ast-page-background-enabled":"default","ast-page-background-meta":{"desktop":{"background-color":"","background-image":"","background-repeat":"repeat","background-position":"center center","background-size":"auto","background-attachment":"scroll","background-type":"","background-media":"","overlay-type":"","overlay-color":"","overlay-opacity":"","overlay-gradient":""},"tablet":{"background-color":"","background-image":"","background-repeat":"repeat","background-position":"center center","background-size":"auto","background-attachment":"scroll","background-type":"","background-media":"","overlay-type":"","overlay-color":"","overlay-opacity":"","overlay-gradient":""},"mobile":{"background-color":"","background-image":"","background-repeat":"repeat","background-position":"center center","background-size":"auto","background-attachment":"scroll","background-type":"","background-media":"","overlay-type":"","overlay-color":"","overlay-opacity":"","overlay-gradient":""}},"ast-content-background-meta":{"desktop":{"background-color":"var(--ast-global-color-5)","background-image":"","background-repeat":"repeat","background-position":"center center","background-size":"auto","background-attachment":"scroll","background-type":"","background-media":"","overlay-type":"","overlay-color":"","overlay-opacity":"","overlay-gradient":""},"tablet":{"background-color":"var(--ast-global-color-5)","background-image":"","background-repeat":"repeat","background-position":"center center","background-size":"auto","background-attachment":"scroll","background-type":"","background-media":"","overlay-type":"","overlay-color":"","overlay-opacity":"","overlay-gradient":""},"mobile":{"background-color":"var(--ast-global-color-5)","background-image":"","background-repeat":"repeat","background-position":"center center","background-size":"auto","background-attachment":"scroll","background-type":"","background-media":"","overlay-type":"","overlay-color":"","overlay-opacity":"","overlay-gradient":""}}},"product_brand":[],"product_cat":[179,193],"product_tag":[],"class_list":{"0":"post-11603","1":"product","2":"type-product","3":"status-publish","4":"has-post-thumbnail","6":"product_cat-_","7":"product_cat--_","8":"pa_-lekolin","9":"pa_-nezir-ocek","10":"pa_-kurmanci","11":"pa_--sitav-yayinevi","12":"desktop-align-left","13":"tablet-align-left","14":"mobile-align-left","16":"first","17":"outofstock","18":"shipping-taxable","19":"purchasable","20":"product-type-simple"},"yoast_head":"<!-- This site is optimized with the Yoast SEO plugin v27.4 - https:\/\/yoast.com\/product\/yoast-seo-wordpress\/ -->\n<title>Ders\u00ean Edbiyata kurd\u00ee - Nez\u00eer Ocek - www.shanabooks.de<\/title>\n<meta name=\"description\" content=\"Ders\u00ean Edbiyata kurd\u00ee - Nez\u00eer Ocek\u00a0Berhem di qada xwe de berhema yekem e \u00fb ders\u00ean edebiyata kurd\u00ee ye. Niv\u00eeskar w\u00eajeya kurd\u00ee ji destp\u00eak\u00ea ve hilda dest \u00fb ...\" \/>\n<meta name=\"robots\" content=\"index, follow, max-snippet:-1, max-image-preview:large, max-video-preview:-1\" \/>\n<link rel=\"canonical\" href=\"https:\/\/shanabooks.de\/product\/dersen-edbiyata-kurdi-nezir-ocek\/\" \/>\n<meta property=\"og:locale\" content=\"de_DE\" \/>\n<meta property=\"og:type\" content=\"article\" \/>\n<meta property=\"og:title\" content=\"Ders\u00ean Edbiyata kurd\u00ee - Nez\u00eer Ocek - www.shanabooks.de\" \/>\n<meta property=\"og:description\" content=\"Ders\u00ean Edbiyata kurd\u00ee - Nez\u00eer Ocek\u00a0Berhem di qada xwe de berhema yekem e \u00fb ders\u00ean edebiyata kurd\u00ee ye. Niv\u00eeskar w\u00eajeya kurd\u00ee ji destp\u00eak\u00ea ve hilda dest \u00fb ...\" \/>\n<meta property=\"og:url\" content=\"https:\/\/shanabooks.de\/product\/dersen-edbiyata-kurdi-nezir-ocek\/\" \/>\n<meta property=\"og:site_name\" content=\"www.shanabooks.de\" \/>\n<meta property=\"article:modified_time\" content=\"2026-01-01T16:40:46+00:00\" \/>\n<meta property=\"og:image\" content=\"https:\/\/shanabooks.de\/wp-content\/uploads\/2024\/03\/dersen-edebiyata-kurdi.png\" \/>\n\t<meta property=\"og:image:width\" content=\"364\" \/>\n\t<meta property=\"og:image:height\" content=\"478\" \/>\n\t<meta property=\"og:image:type\" content=\"image\/png\" \/>\n<meta name=\"twitter:card\" content=\"summary_large_image\" \/>\n<meta name=\"twitter:label1\" content=\"Gesch\u00e4tzte Lesezeit\" \/>\n\t<meta name=\"twitter:data1\" content=\"2\u00a0Minuten\" \/>\n<script type=\"application\/ld+json\" class=\"yoast-schema-graph\">{\"@context\":\"https:\\\/\\\/schema.org\",\"@graph\":[{\"@type\":\"WebPage\",\"@id\":\"https:\\\/\\\/shanabooks.de\\\/product\\\/dersen-edbiyata-kurdi-nezir-ocek\\\/\",\"url\":\"https:\\\/\\\/shanabooks.de\\\/product\\\/dersen-edbiyata-kurdi-nezir-ocek\\\/\",\"name\":\"Ders\u00ean Edbiyata kurd\u00ee - Nez\u00eer Ocek - www.shanabooks.de\",\"isPartOf\":{\"@id\":\"https:\\\/\\\/shanabooks.de\\\/#website\"},\"primaryImageOfPage\":{\"@id\":\"https:\\\/\\\/shanabooks.de\\\/product\\\/dersen-edbiyata-kurdi-nezir-ocek\\\/#primaryimage\"},\"image\":{\"@id\":\"https:\\\/\\\/shanabooks.de\\\/product\\\/dersen-edbiyata-kurdi-nezir-ocek\\\/#primaryimage\"},\"thumbnailUrl\":\"https:\\\/\\\/shanabooks.de\\\/wp-content\\\/uploads\\\/2024\\\/03\\\/dersen-edebiyata-kurdi.png\",\"datePublished\":\"2024-03-03T11:50:48+00:00\",\"dateModified\":\"2026-01-01T16:40:46+00:00\",\"description\":\"Ders\u00ean Edbiyata kurd\u00ee - Nez\u00eer Ocek\u00a0Berhem di qada xwe de berhema yekem e \u00fb ders\u00ean edebiyata kurd\u00ee ye. Niv\u00eeskar w\u00eajeya kurd\u00ee ji destp\u00eak\u00ea ve hilda dest \u00fb ...\",\"breadcrumb\":{\"@id\":\"https:\\\/\\\/shanabooks.de\\\/product\\\/dersen-edbiyata-kurdi-nezir-ocek\\\/#breadcrumb\"},\"inLanguage\":\"de\",\"potentialAction\":[{\"@type\":\"ReadAction\",\"target\":[\"https:\\\/\\\/shanabooks.de\\\/product\\\/dersen-edbiyata-kurdi-nezir-ocek\\\/\"]}]},{\"@type\":\"ImageObject\",\"inLanguage\":\"de\",\"@id\":\"https:\\\/\\\/shanabooks.de\\\/product\\\/dersen-edbiyata-kurdi-nezir-ocek\\\/#primaryimage\",\"url\":\"https:\\\/\\\/shanabooks.de\\\/wp-content\\\/uploads\\\/2024\\\/03\\\/dersen-edebiyata-kurdi.png\",\"contentUrl\":\"https:\\\/\\\/shanabooks.de\\\/wp-content\\\/uploads\\\/2024\\\/03\\\/dersen-edebiyata-kurdi.png\",\"width\":364,\"height\":478,\"caption\":\"Ders\u00ean Edbiyata kurd\u00ee - Nez\u00eer Ocek - pirt\u00fbk\u00ean edebiyata kurd\u00ee\"},{\"@type\":\"BreadcrumbList\",\"@id\":\"https:\\\/\\\/shanabooks.de\\\/product\\\/dersen-edbiyata-kurdi-nezir-ocek\\\/#breadcrumb\",\"itemListElement\":[{\"@type\":\"ListItem\",\"position\":1,\"name\":\"\u0627\u0644\u0631\u0626\u064a\u0633\u064a\u0629\",\"item\":\"https:\\\/\\\/shanabooks.de\\\/de\\\/\"},{\"@type\":\"ListItem\",\"position\":2,\"name\":\"\u0627\u0644\u0645\u0646\u062a\u062c\u0627\u062a\",\"item\":\"https:\\\/\\\/shanabooks.de\\\/shop\\\/\"},{\"@type\":\"ListItem\",\"position\":3,\"name\":\"Ders\u00ean Edebiyata kurd\u00ee\"}]},{\"@type\":\"WebSite\",\"@id\":\"https:\\\/\\\/shanabooks.de\\\/#website\",\"url\":\"https:\\\/\\\/shanabooks.de\\\/\",\"name\":\"www.shanbooks.de\",\"description\":\"C\u00eehana Pirt\u00fbk\u00ean Kurd\u00ee \u0645\u0643\u062a\u0628\u0629 \u0634\u0627\u0646\u0627 \u0641\u064a \u0627\u0644\u0645\u0627\u0646\u064a\u0627 \u0648\u0623\u0648\u0631\u0628\u0627\",\"publisher\":{\"@id\":\"https:\\\/\\\/shanabooks.de\\\/#organization\"},\"potentialAction\":[{\"@type\":\"SearchAction\",\"target\":{\"@type\":\"EntryPoint\",\"urlTemplate\":\"https:\\\/\\\/shanabooks.de\\\/?s={search_term_string}\"},\"query-input\":{\"@type\":\"PropertyValueSpecification\",\"valueRequired\":true,\"valueName\":\"search_term_string\"}}],\"inLanguage\":\"de\"},{\"@type\":\"Organization\",\"@id\":\"https:\\\/\\\/shanabooks.de\\\/#organization\",\"name\":\"www.shanbooks.de\",\"url\":\"https:\\\/\\\/shanabooks.de\\\/\",\"logo\":{\"@type\":\"ImageObject\",\"inLanguage\":\"de\",\"@id\":\"https:\\\/\\\/shanabooks.de\\\/#\\\/schema\\\/logo\\\/image\\\/\",\"url\":\"https:\\\/\\\/shanabooks.de\\\/wp-content\\\/uploads\\\/2024\\\/03\\\/SHANABOOKS__2_-removebg-preview.png\",\"contentUrl\":\"https:\\\/\\\/shanabooks.de\\\/wp-content\\\/uploads\\\/2024\\\/03\\\/SHANABOOKS__2_-removebg-preview.png\",\"width\":700,\"height\":150,\"caption\":\"www.shanbooks.de\"},\"image\":{\"@id\":\"https:\\\/\\\/shanabooks.de\\\/#\\\/schema\\\/logo\\\/image\\\/\"}}]}<\/script>\n<!-- \/ Yoast SEO plugin. -->","yoast_head_json":{"title":"Ders\u00ean Edbiyata kurd\u00ee - Nez\u00eer Ocek - www.shanabooks.de","description":"Ders\u00ean Edbiyata kurd\u00ee - Nez\u00eer Ocek\u00a0Berhem di qada xwe de berhema yekem e \u00fb ders\u00ean edebiyata kurd\u00ee ye. Niv\u00eeskar w\u00eajeya kurd\u00ee ji destp\u00eak\u00ea ve hilda dest \u00fb ...","robots":{"index":"index","follow":"follow","max-snippet":"max-snippet:-1","max-image-preview":"max-image-preview:large","max-video-preview":"max-video-preview:-1"},"canonical":"https:\/\/shanabooks.de\/product\/dersen-edbiyata-kurdi-nezir-ocek\/","og_locale":"de_DE","og_type":"article","og_title":"Ders\u00ean Edbiyata kurd\u00ee - Nez\u00eer Ocek - www.shanabooks.de","og_description":"Ders\u00ean Edbiyata kurd\u00ee - Nez\u00eer Ocek\u00a0Berhem di qada xwe de berhema yekem e \u00fb ders\u00ean edebiyata kurd\u00ee ye. Niv\u00eeskar w\u00eajeya kurd\u00ee ji destp\u00eak\u00ea ve hilda dest \u00fb ...","og_url":"https:\/\/shanabooks.de\/product\/dersen-edbiyata-kurdi-nezir-ocek\/","og_site_name":"www.shanabooks.de","article_modified_time":"2026-01-01T16:40:46+00:00","og_image":[{"width":364,"height":478,"url":"https:\/\/shanabooks.de\/wp-content\/uploads\/2024\/03\/dersen-edebiyata-kurdi.png","type":"image\/png"}],"twitter_card":"summary_large_image","twitter_misc":{"Gesch\u00e4tzte Lesezeit":"2\u00a0Minuten"},"schema":{"@context":"https:\/\/schema.org","@graph":[{"@type":"WebPage","@id":"https:\/\/shanabooks.de\/product\/dersen-edbiyata-kurdi-nezir-ocek\/","url":"https:\/\/shanabooks.de\/product\/dersen-edbiyata-kurdi-nezir-ocek\/","name":"Ders\u00ean Edbiyata kurd\u00ee - Nez\u00eer Ocek - www.shanabooks.de","isPartOf":{"@id":"https:\/\/shanabooks.de\/#website"},"primaryImageOfPage":{"@id":"https:\/\/shanabooks.de\/product\/dersen-edbiyata-kurdi-nezir-ocek\/#primaryimage"},"image":{"@id":"https:\/\/shanabooks.de\/product\/dersen-edbiyata-kurdi-nezir-ocek\/#primaryimage"},"thumbnailUrl":"https:\/\/shanabooks.de\/wp-content\/uploads\/2024\/03\/dersen-edebiyata-kurdi.png","datePublished":"2024-03-03T11:50:48+00:00","dateModified":"2026-01-01T16:40:46+00:00","description":"Ders\u00ean Edbiyata kurd\u00ee - Nez\u00eer Ocek\u00a0Berhem di qada xwe de berhema yekem e \u00fb ders\u00ean edebiyata kurd\u00ee ye. Niv\u00eeskar w\u00eajeya kurd\u00ee ji destp\u00eak\u00ea ve hilda dest \u00fb ...","breadcrumb":{"@id":"https:\/\/shanabooks.de\/product\/dersen-edbiyata-kurdi-nezir-ocek\/#breadcrumb"},"inLanguage":"de","potentialAction":[{"@type":"ReadAction","target":["https:\/\/shanabooks.de\/product\/dersen-edbiyata-kurdi-nezir-ocek\/"]}]},{"@type":"ImageObject","inLanguage":"de","@id":"https:\/\/shanabooks.de\/product\/dersen-edbiyata-kurdi-nezir-ocek\/#primaryimage","url":"https:\/\/shanabooks.de\/wp-content\/uploads\/2024\/03\/dersen-edebiyata-kurdi.png","contentUrl":"https:\/\/shanabooks.de\/wp-content\/uploads\/2024\/03\/dersen-edebiyata-kurdi.png","width":364,"height":478,"caption":"Ders\u00ean Edbiyata kurd\u00ee - Nez\u00eer Ocek - pirt\u00fbk\u00ean edebiyata kurd\u00ee"},{"@type":"BreadcrumbList","@id":"https:\/\/shanabooks.de\/product\/dersen-edbiyata-kurdi-nezir-ocek\/#breadcrumb","itemListElement":[{"@type":"ListItem","position":1,"name":"\u0627\u0644\u0631\u0626\u064a\u0633\u064a\u0629","item":"https:\/\/shanabooks.de\/de\/"},{"@type":"ListItem","position":2,"name":"\u0627\u0644\u0645\u0646\u062a\u062c\u0627\u062a","item":"https:\/\/shanabooks.de\/shop\/"},{"@type":"ListItem","position":3,"name":"Ders\u00ean Edebiyata kurd\u00ee"}]},{"@type":"WebSite","@id":"https:\/\/shanabooks.de\/#website","url":"https:\/\/shanabooks.de\/","name":"www.shanbooks.de","description":"C\u00eehana Pirt\u00fbk\u00ean Kurd\u00ee \u0645\u0643\u062a\u0628\u0629 \u0634\u0627\u0646\u0627 \u0641\u064a \u0627\u0644\u0645\u0627\u0646\u064a\u0627 \u0648\u0623\u0648\u0631\u0628\u0627","publisher":{"@id":"https:\/\/shanabooks.de\/#organization"},"potentialAction":[{"@type":"SearchAction","target":{"@type":"EntryPoint","urlTemplate":"https:\/\/shanabooks.de\/?s={search_term_string}"},"query-input":{"@type":"PropertyValueSpecification","valueRequired":true,"valueName":"search_term_string"}}],"inLanguage":"de"},{"@type":"Organization","@id":"https:\/\/shanabooks.de\/#organization","name":"www.shanbooks.de","url":"https:\/\/shanabooks.de\/","logo":{"@type":"ImageObject","inLanguage":"de","@id":"https:\/\/shanabooks.de\/#\/schema\/logo\/image\/","url":"https:\/\/shanabooks.de\/wp-content\/uploads\/2024\/03\/SHANABOOKS__2_-removebg-preview.png","contentUrl":"https:\/\/shanabooks.de\/wp-content\/uploads\/2024\/03\/SHANABOOKS__2_-removebg-preview.png","width":700,"height":150,"caption":"www.shanbooks.de"},"image":{"@id":"https:\/\/shanabooks.de\/#\/schema\/logo\/image\/"}}]}},"jetpack_sharing_enabled":true,"_links":{"self":[{"href":"https:\/\/shanabooks.de\/de\/wp-json\/wp\/v2\/product\/11603","targetHints":{"allow":["GET"]}}],"collection":[{"href":"https:\/\/shanabooks.de\/de\/wp-json\/wp\/v2\/product"}],"about":[{"href":"https:\/\/shanabooks.de\/de\/wp-json\/wp\/v2\/types\/product"}],"version-history":[{"count":3,"href":"https:\/\/shanabooks.de\/de\/wp-json\/wp\/v2\/product\/11603\/revisions"}],"predecessor-version":[{"id":11760,"href":"https:\/\/shanabooks.de\/de\/wp-json\/wp\/v2\/product\/11603\/revisions\/11760"}],"wp:featuredmedia":[{"embeddable":true,"href":"https:\/\/shanabooks.de\/de\/wp-json\/wp\/v2\/media\/11657"}],"wp:attachment":[{"href":"https:\/\/shanabooks.de\/de\/wp-json\/wp\/v2\/media?parent=11603"}],"wp:term":[{"taxonomy":"product_brand","embeddable":true,"href":"https:\/\/shanabooks.de\/de\/wp-json\/wp\/v2\/product_brand?post=11603"},{"taxonomy":"product_cat","embeddable":true,"href":"https:\/\/shanabooks.de\/de\/wp-json\/wp\/v2\/product_cat?post=11603"},{"taxonomy":"product_tag","embeddable":true,"href":"https:\/\/shanabooks.de\/de\/wp-json\/wp\/v2\/product_tag?post=11603"}],"curies":[{"name":"wp","href":"https:\/\/api.w.org\/{rel}","templated":true}]}}