{"id":11604,"date":"2024-03-03T11:50:48","date_gmt":"2024-03-03T11:50:48","guid":{"rendered":"https:\/\/shanabooks.de\/?post_type=product&#038;p=11604"},"modified":"2024-03-03T14:37:29","modified_gmt":"2024-03-03T14:37:29","slug":"rebera-rastnivisine-grupek-niviskar","status":"publish","type":"product","link":"https:\/\/shanabooks.de\/de\/product\/rebera-rastnivisine-grupek-niviskar\/","title":{"rendered":"R\u00eabera Rastniv\u00ees\u00een\u00ea"},"content":{"rendered":"<p dir=\"ltr\"><strong>R\u00eabera Rastniv\u00ees\u00een\u00ea &#8211; Gr\u00fbpek niv\u00eeskar<\/strong><\/p>\n<p dir=\"ltr\">Amadekar\/L\u00eejne: Bah\u00eez Omer Ehmed, Bahoz Baran, Behr\u00fbz \u015euca\u00ee, Deham Evdilfetah, Dilawer Zeraq, Dilbir\u00een Evdila, Evdilwehab Xalid M\u00fbsa, M. Malm\u00eesanij, Mahm\u00fbd Lewend\u00ee, Mehd\u00ee Caferzade, Mihemed Teqew\u00ee, Mistefa Aydogan, M\u00eeka\u00eel Bilbil, Newzad Hiror\u00ee, Sam\u00ee Tan, \u015eore\u015fvan Adil, Zana Farq\u00een\u00ee, Zulkuf Ergun<br \/>\nRastniv\u00ees\u00een, qay\u00eedey\u00ean ziman\u00ea niv\u00ees\u00een\u00ea d\u00eeyar dike \u00fb r\u00ea li ber tevlihev\u00eeyan digire. Kurmanc\u00eeya niv\u00eesk\u00ee, li gor dem\u00ean ber\u00ea, \u00eero di gelek war\u00ean j\u00eeyan\u00ea da dih\u00ea bikaran\u00een \u00fb p\u00eaw\u00eest\u00eeya w\u00ea bi r\u00eabereka rastniv\u00ees\u00een\u00ea heye.<\/p>\n<p dir=\"ltr\">Ji bo niv\u00ees\u00eeneka ba\u015f, bir\u00eak\u00fbp\u00eak, fambar \u00fb herweha ji bo berl\u00eagirtina tevlihev\u00ee \u00fb serg\u00eaj\u00eeyan, qay\u00eedey\u00ean zelal \u015fert in. Lewra gava ku qay\u00eedey\u00ean rastniv\u00ees\u00een\u00ea y\u00ean li ser bingeh\u00ean navbir\u00ee hebin, xwendin h\u00easantir \u00fb zelaltir dibe \u00fb r\u00ea li ber t\u00eagih\u00ee\u015ftin\u00ean \u015fa\u015f venabe.<br \/>\nWeqfa Mezopotamyay\u00ea, di bin ban\u00ea xwe da bi be\u015fdar\u00eeya gelek zimannas \u00fb l\u00eakol\u00eener\u00ean kurd, Komxebata Kurmanc\u00eey\u00ea ava kir\u00eeye. Ev pirt\u00fbka R\u00eabera Rastniv\u00ees\u00een\u00ea ya ji aliy\u00ea Gr\u00fbpek Niv\u00eeskar ve, bi hewildana Weqfa Mezopotamyay\u00ea, di du salan da hat\u00eeye amadekirin.<\/p>\n","protected":false},"excerpt":{"rendered":"<p dir=\"ltr\" style=\"text-align: center\"><strong>Pirt\u00fbk: R\u00eabera Rastniv\u00ees\u00ea<br \/>\nNiv\u00eeskar: Gr\u00fbpek niv\u00eeskar<\/strong><br \/>\n<strong>Cure: R\u00eaziman<\/strong><\/p>\n","protected":false},"featured_media":11676,"template":"","meta":{"site-sidebar-layout":"default","site-content-layout":"","ast-site-content-layout":"default","site-content-style":"default","site-sidebar-style":"default","ast-global-header-display":"","ast-banner-title-visibility":"","ast-main-header-display":"","ast-hfb-above-header-display":"","ast-hfb-below-header-display":"","ast-hfb-mobile-header-display":"","site-post-title":"","ast-breadcrumbs-content":"","ast-featured-img":"","footer-sml-layout":"","ast-disable-related-posts":"","theme-transparent-header-meta":"default","adv-header-id-meta":"","stick-header-meta":"","header-above-stick-meta":"","header-main-stick-meta":"","header-below-stick-meta":"","astra-migrate-meta-layouts":"set","ast-page-background-enabled":"default","ast-page-background-meta":{"desktop":{"background-color":"","background-image":"","background-repeat":"repeat","background-position":"center center","background-size":"auto","background-attachment":"scroll","background-type":"","background-media":"","overlay-type":"","overlay-color":"","overlay-opacity":"","overlay-gradient":""},"tablet":{"background-color":"","background-image":"","background-repeat":"repeat","background-position":"center center","background-size":"auto","background-attachment":"scroll","background-type":"","background-media":"","overlay-type":"","overlay-color":"","overlay-opacity":"","overlay-gradient":""},"mobile":{"background-color":"","background-image":"","background-repeat":"repeat","background-position":"center center","background-size":"auto","background-attachment":"scroll","background-type":"","background-media":"","overlay-type":"","overlay-color":"","overlay-opacity":"","overlay-gradient":""}},"ast-content-background-meta":{"desktop":{"background-color":"var(--ast-global-color-5)","background-image":"","background-repeat":"repeat","background-position":"center center","background-size":"auto","background-attachment":"scroll","background-type":"","background-media":"","overlay-type":"","overlay-color":"","overlay-opacity":"","overlay-gradient":""},"tablet":{"background-color":"var(--ast-global-color-5)","background-image":"","background-repeat":"repeat","background-position":"center center","background-size":"auto","background-attachment":"scroll","background-type":"","background-media":"","overlay-type":"","overlay-color":"","overlay-opacity":"","overlay-gradient":""},"mobile":{"background-color":"var(--ast-global-color-5)","background-image":"","background-repeat":"repeat","background-position":"center center","background-size":"auto","background-attachment":"scroll","background-type":"","background-media":"","overlay-type":"","overlay-color":"","overlay-opacity":"","overlay-gradient":""}}},"product_brand":[],"product_cat":[178,193],"product_tag":[],"class_list":{"0":"post-11604","1":"product","2":"type-product","3":"status-publish","4":"has-post-thumbnail","6":"product_cat--_","8":"pa_-ferbuna-kurdi","9":"pa_-grupek-niviskar","10":"pa_-kurmanci","11":"pa_--weqfa-mezopotamya","12":"desktop-align-left","13":"tablet-align-left","14":"mobile-align-left","16":"first","17":"instock","18":"shipping-taxable","19":"purchasable","20":"product-type-simple"},"yoast_head":"<!-- This site is optimized with the Yoast SEO plugin v27.4 - https:\/\/yoast.com\/product\/yoast-seo-wordpress\/ -->\n<title>R\u00eabera Rastniv\u00ees\u00een\u00ea - Gr\u00fbpek niv\u00eeskar - www.shanabooks.de<\/title>\n<meta name=\"description\" content=\"R\u00eabera Rastniv\u00ees\u00een\u00ea - Gr\u00fbpek niv\u00eeskar Ji bo niv\u00ees\u00eeneka ba\u015f, bir\u00eak\u00fbp\u00eak, fambar \u00fb herweha ji bo berl\u00eagirtina tevlihev\u00ee \u00fb serg\u00eaj\u00eeyan, qay\u00eedey\u00ean zelal \u015fert in.\" \/>\n<meta name=\"robots\" content=\"index, follow, max-snippet:-1, max-image-preview:large, max-video-preview:-1\" \/>\n<link rel=\"canonical\" href=\"https:\/\/shanabooks.de\/product\/rebera-rastnivisine-grupek-niviskar\/\" \/>\n<meta property=\"og:locale\" content=\"de_DE\" \/>\n<meta property=\"og:type\" content=\"article\" \/>\n<meta property=\"og:title\" content=\"R\u00eabera Rastniv\u00ees\u00een\u00ea - Gr\u00fbpek niv\u00eeskar - www.shanabooks.de\" \/>\n<meta property=\"og:description\" content=\"R\u00eabera Rastniv\u00ees\u00een\u00ea - Gr\u00fbpek niv\u00eeskar Ji bo niv\u00ees\u00eeneka ba\u015f, bir\u00eak\u00fbp\u00eak, fambar \u00fb herweha ji bo berl\u00eagirtina tevlihev\u00ee \u00fb serg\u00eaj\u00eeyan, qay\u00eedey\u00ean zelal \u015fert in.\" \/>\n<meta property=\"og:url\" content=\"https:\/\/shanabooks.de\/product\/rebera-rastnivisine-grupek-niviskar\/\" \/>\n<meta property=\"og:site_name\" content=\"www.shanabooks.de\" \/>\n<meta property=\"article:modified_time\" content=\"2024-03-03T14:37:29+00:00\" \/>\n<meta property=\"og:image\" content=\"https:\/\/shanabooks.de\/wp-content\/uploads\/2024\/03\/Rebera-Rastnivise.png\" \/>\n\t<meta property=\"og:image:width\" content=\"313\" \/>\n\t<meta property=\"og:image:height\" content=\"479\" \/>\n\t<meta property=\"og:image:type\" content=\"image\/png\" \/>\n<meta name=\"twitter:card\" content=\"summary_large_image\" \/>\n<meta name=\"twitter:label1\" content=\"Gesch\u00e4tzte Lesezeit\" \/>\n\t<meta name=\"twitter:data1\" content=\"2\u00a0Minuten\" \/>\n<script type=\"application\/ld+json\" class=\"yoast-schema-graph\">{\"@context\":\"https:\\\/\\\/schema.org\",\"@graph\":[{\"@type\":\"WebPage\",\"@id\":\"https:\\\/\\\/shanabooks.de\\\/product\\\/rebera-rastnivisine-grupek-niviskar\\\/\",\"url\":\"https:\\\/\\\/shanabooks.de\\\/product\\\/rebera-rastnivisine-grupek-niviskar\\\/\",\"name\":\"R\u00eabera Rastniv\u00ees\u00een\u00ea - Gr\u00fbpek niv\u00eeskar - www.shanabooks.de\",\"isPartOf\":{\"@id\":\"https:\\\/\\\/shanabooks.de\\\/#website\"},\"primaryImageOfPage\":{\"@id\":\"https:\\\/\\\/shanabooks.de\\\/product\\\/rebera-rastnivisine-grupek-niviskar\\\/#primaryimage\"},\"image\":{\"@id\":\"https:\\\/\\\/shanabooks.de\\\/product\\\/rebera-rastnivisine-grupek-niviskar\\\/#primaryimage\"},\"thumbnailUrl\":\"https:\\\/\\\/shanabooks.de\\\/wp-content\\\/uploads\\\/2024\\\/03\\\/Rebera-Rastnivise.png\",\"datePublished\":\"2024-03-03T11:50:48+00:00\",\"dateModified\":\"2024-03-03T14:37:29+00:00\",\"description\":\"R\u00eabera Rastniv\u00ees\u00een\u00ea - Gr\u00fbpek niv\u00eeskar Ji bo niv\u00ees\u00eeneka ba\u015f, bir\u00eak\u00fbp\u00eak, fambar \u00fb herweha ji bo berl\u00eagirtina tevlihev\u00ee \u00fb serg\u00eaj\u00eeyan, qay\u00eedey\u00ean zelal \u015fert in.\",\"breadcrumb\":{\"@id\":\"https:\\\/\\\/shanabooks.de\\\/product\\\/rebera-rastnivisine-grupek-niviskar\\\/#breadcrumb\"},\"inLanguage\":\"de\",\"potentialAction\":[{\"@type\":\"ReadAction\",\"target\":[\"https:\\\/\\\/shanabooks.de\\\/product\\\/rebera-rastnivisine-grupek-niviskar\\\/\"]}]},{\"@type\":\"ImageObject\",\"inLanguage\":\"de\",\"@id\":\"https:\\\/\\\/shanabooks.de\\\/product\\\/rebera-rastnivisine-grupek-niviskar\\\/#primaryimage\",\"url\":\"https:\\\/\\\/shanabooks.de\\\/wp-content\\\/uploads\\\/2024\\\/03\\\/Rebera-Rastnivise.png\",\"contentUrl\":\"https:\\\/\\\/shanabooks.de\\\/wp-content\\\/uploads\\\/2024\\\/03\\\/Rebera-Rastnivise.png\",\"width\":313,\"height\":479,\"caption\":\"R\u00eabera Rastniv\u00ees\u00een\u00ea - Gr\u00fbpek niv\u00eeskar - Pirt\u00fbk\u00ean Kurd\u00ee\"},{\"@type\":\"BreadcrumbList\",\"@id\":\"https:\\\/\\\/shanabooks.de\\\/product\\\/rebera-rastnivisine-grupek-niviskar\\\/#breadcrumb\",\"itemListElement\":[{\"@type\":\"ListItem\",\"position\":1,\"name\":\"\u0627\u0644\u0631\u0626\u064a\u0633\u064a\u0629\",\"item\":\"https:\\\/\\\/shanabooks.de\\\/de\\\/\"},{\"@type\":\"ListItem\",\"position\":2,\"name\":\"\u0627\u0644\u0645\u0646\u062a\u062c\u0627\u062a\",\"item\":\"https:\\\/\\\/shanabooks.de\\\/shop\\\/\"},{\"@type\":\"ListItem\",\"position\":3,\"name\":\"R\u00eabera Rastniv\u00ees\u00een\u00ea\"}]},{\"@type\":\"WebSite\",\"@id\":\"https:\\\/\\\/shanabooks.de\\\/#website\",\"url\":\"https:\\\/\\\/shanabooks.de\\\/\",\"name\":\"www.shanbooks.de\",\"description\":\"C\u00eehana Pirt\u00fbk\u00ean Kurd\u00ee \u0645\u0643\u062a\u0628\u0629 \u0634\u0627\u0646\u0627 \u0641\u064a \u0627\u0644\u0645\u0627\u0646\u064a\u0627 \u0648\u0623\u0648\u0631\u0628\u0627\",\"publisher\":{\"@id\":\"https:\\\/\\\/shanabooks.de\\\/#organization\"},\"potentialAction\":[{\"@type\":\"SearchAction\",\"target\":{\"@type\":\"EntryPoint\",\"urlTemplate\":\"https:\\\/\\\/shanabooks.de\\\/?s={search_term_string}\"},\"query-input\":{\"@type\":\"PropertyValueSpecification\",\"valueRequired\":true,\"valueName\":\"search_term_string\"}}],\"inLanguage\":\"de\"},{\"@type\":\"Organization\",\"@id\":\"https:\\\/\\\/shanabooks.de\\\/#organization\",\"name\":\"www.shanbooks.de\",\"url\":\"https:\\\/\\\/shanabooks.de\\\/\",\"logo\":{\"@type\":\"ImageObject\",\"inLanguage\":\"de\",\"@id\":\"https:\\\/\\\/shanabooks.de\\\/#\\\/schema\\\/logo\\\/image\\\/\",\"url\":\"https:\\\/\\\/shanabooks.de\\\/wp-content\\\/uploads\\\/2024\\\/03\\\/SHANABOOKS__2_-removebg-preview.png\",\"contentUrl\":\"https:\\\/\\\/shanabooks.de\\\/wp-content\\\/uploads\\\/2024\\\/03\\\/SHANABOOKS__2_-removebg-preview.png\",\"width\":700,\"height\":150,\"caption\":\"www.shanbooks.de\"},\"image\":{\"@id\":\"https:\\\/\\\/shanabooks.de\\\/#\\\/schema\\\/logo\\\/image\\\/\"}}]}<\/script>\n<!-- \/ Yoast SEO plugin. -->","yoast_head_json":{"title":"R\u00eabera Rastniv\u00ees\u00een\u00ea - Gr\u00fbpek niv\u00eeskar - www.shanabooks.de","description":"R\u00eabera Rastniv\u00ees\u00een\u00ea - Gr\u00fbpek niv\u00eeskar Ji bo niv\u00ees\u00eeneka ba\u015f, bir\u00eak\u00fbp\u00eak, fambar \u00fb herweha ji bo berl\u00eagirtina tevlihev\u00ee \u00fb serg\u00eaj\u00eeyan, qay\u00eedey\u00ean zelal \u015fert in.","robots":{"index":"index","follow":"follow","max-snippet":"max-snippet:-1","max-image-preview":"max-image-preview:large","max-video-preview":"max-video-preview:-1"},"canonical":"https:\/\/shanabooks.de\/product\/rebera-rastnivisine-grupek-niviskar\/","og_locale":"de_DE","og_type":"article","og_title":"R\u00eabera Rastniv\u00ees\u00een\u00ea - Gr\u00fbpek niv\u00eeskar - www.shanabooks.de","og_description":"R\u00eabera Rastniv\u00ees\u00een\u00ea - Gr\u00fbpek niv\u00eeskar Ji bo niv\u00ees\u00eeneka ba\u015f, bir\u00eak\u00fbp\u00eak, fambar \u00fb herweha ji bo berl\u00eagirtina tevlihev\u00ee \u00fb serg\u00eaj\u00eeyan, qay\u00eedey\u00ean zelal \u015fert in.","og_url":"https:\/\/shanabooks.de\/product\/rebera-rastnivisine-grupek-niviskar\/","og_site_name":"www.shanabooks.de","article_modified_time":"2024-03-03T14:37:29+00:00","og_image":[{"width":313,"height":479,"url":"https:\/\/shanabooks.de\/wp-content\/uploads\/2024\/03\/Rebera-Rastnivise.png","type":"image\/png"}],"twitter_card":"summary_large_image","twitter_misc":{"Gesch\u00e4tzte Lesezeit":"2\u00a0Minuten"},"schema":{"@context":"https:\/\/schema.org","@graph":[{"@type":"WebPage","@id":"https:\/\/shanabooks.de\/product\/rebera-rastnivisine-grupek-niviskar\/","url":"https:\/\/shanabooks.de\/product\/rebera-rastnivisine-grupek-niviskar\/","name":"R\u00eabera Rastniv\u00ees\u00een\u00ea - Gr\u00fbpek niv\u00eeskar - www.shanabooks.de","isPartOf":{"@id":"https:\/\/shanabooks.de\/#website"},"primaryImageOfPage":{"@id":"https:\/\/shanabooks.de\/product\/rebera-rastnivisine-grupek-niviskar\/#primaryimage"},"image":{"@id":"https:\/\/shanabooks.de\/product\/rebera-rastnivisine-grupek-niviskar\/#primaryimage"},"thumbnailUrl":"https:\/\/shanabooks.de\/wp-content\/uploads\/2024\/03\/Rebera-Rastnivise.png","datePublished":"2024-03-03T11:50:48+00:00","dateModified":"2024-03-03T14:37:29+00:00","description":"R\u00eabera Rastniv\u00ees\u00een\u00ea - Gr\u00fbpek niv\u00eeskar Ji bo niv\u00ees\u00eeneka ba\u015f, bir\u00eak\u00fbp\u00eak, fambar \u00fb herweha ji bo berl\u00eagirtina tevlihev\u00ee \u00fb serg\u00eaj\u00eeyan, qay\u00eedey\u00ean zelal \u015fert in.","breadcrumb":{"@id":"https:\/\/shanabooks.de\/product\/rebera-rastnivisine-grupek-niviskar\/#breadcrumb"},"inLanguage":"de","potentialAction":[{"@type":"ReadAction","target":["https:\/\/shanabooks.de\/product\/rebera-rastnivisine-grupek-niviskar\/"]}]},{"@type":"ImageObject","inLanguage":"de","@id":"https:\/\/shanabooks.de\/product\/rebera-rastnivisine-grupek-niviskar\/#primaryimage","url":"https:\/\/shanabooks.de\/wp-content\/uploads\/2024\/03\/Rebera-Rastnivise.png","contentUrl":"https:\/\/shanabooks.de\/wp-content\/uploads\/2024\/03\/Rebera-Rastnivise.png","width":313,"height":479,"caption":"R\u00eabera Rastniv\u00ees\u00een\u00ea - Gr\u00fbpek niv\u00eeskar - Pirt\u00fbk\u00ean Kurd\u00ee"},{"@type":"BreadcrumbList","@id":"https:\/\/shanabooks.de\/product\/rebera-rastnivisine-grupek-niviskar\/#breadcrumb","itemListElement":[{"@type":"ListItem","position":1,"name":"\u0627\u0644\u0631\u0626\u064a\u0633\u064a\u0629","item":"https:\/\/shanabooks.de\/de\/"},{"@type":"ListItem","position":2,"name":"\u0627\u0644\u0645\u0646\u062a\u062c\u0627\u062a","item":"https:\/\/shanabooks.de\/shop\/"},{"@type":"ListItem","position":3,"name":"R\u00eabera Rastniv\u00ees\u00een\u00ea"}]},{"@type":"WebSite","@id":"https:\/\/shanabooks.de\/#website","url":"https:\/\/shanabooks.de\/","name":"www.shanbooks.de","description":"C\u00eehana Pirt\u00fbk\u00ean Kurd\u00ee \u0645\u0643\u062a\u0628\u0629 \u0634\u0627\u0646\u0627 \u0641\u064a \u0627\u0644\u0645\u0627\u0646\u064a\u0627 \u0648\u0623\u0648\u0631\u0628\u0627","publisher":{"@id":"https:\/\/shanabooks.de\/#organization"},"potentialAction":[{"@type":"SearchAction","target":{"@type":"EntryPoint","urlTemplate":"https:\/\/shanabooks.de\/?s={search_term_string}"},"query-input":{"@type":"PropertyValueSpecification","valueRequired":true,"valueName":"search_term_string"}}],"inLanguage":"de"},{"@type":"Organization","@id":"https:\/\/shanabooks.de\/#organization","name":"www.shanbooks.de","url":"https:\/\/shanabooks.de\/","logo":{"@type":"ImageObject","inLanguage":"de","@id":"https:\/\/shanabooks.de\/#\/schema\/logo\/image\/","url":"https:\/\/shanabooks.de\/wp-content\/uploads\/2024\/03\/SHANABOOKS__2_-removebg-preview.png","contentUrl":"https:\/\/shanabooks.de\/wp-content\/uploads\/2024\/03\/SHANABOOKS__2_-removebg-preview.png","width":700,"height":150,"caption":"www.shanbooks.de"},"image":{"@id":"https:\/\/shanabooks.de\/#\/schema\/logo\/image\/"}}]}},"jetpack_sharing_enabled":true,"_links":{"self":[{"href":"https:\/\/shanabooks.de\/de\/wp-json\/wp\/v2\/product\/11604","targetHints":{"allow":["GET"]}}],"collection":[{"href":"https:\/\/shanabooks.de\/de\/wp-json\/wp\/v2\/product"}],"about":[{"href":"https:\/\/shanabooks.de\/de\/wp-json\/wp\/v2\/types\/product"}],"version-history":[{"count":3,"href":"https:\/\/shanabooks.de\/de\/wp-json\/wp\/v2\/product\/11604\/revisions"}],"predecessor-version":[{"id":11752,"href":"https:\/\/shanabooks.de\/de\/wp-json\/wp\/v2\/product\/11604\/revisions\/11752"}],"wp:featuredmedia":[{"embeddable":true,"href":"https:\/\/shanabooks.de\/de\/wp-json\/wp\/v2\/media\/11676"}],"wp:attachment":[{"href":"https:\/\/shanabooks.de\/de\/wp-json\/wp\/v2\/media?parent=11604"}],"wp:term":[{"taxonomy":"product_brand","embeddable":true,"href":"https:\/\/shanabooks.de\/de\/wp-json\/wp\/v2\/product_brand?post=11604"},{"taxonomy":"product_cat","embeddable":true,"href":"https:\/\/shanabooks.de\/de\/wp-json\/wp\/v2\/product_cat?post=11604"},{"taxonomy":"product_tag","embeddable":true,"href":"https:\/\/shanabooks.de\/de\/wp-json\/wp\/v2\/product_tag?post=11604"}],"curies":[{"name":"wp","href":"https:\/\/api.w.org\/{rel}","templated":true}]}}