{"id":11605,"date":"2024-03-03T11:50:48","date_gmt":"2024-03-03T11:50:48","guid":{"rendered":"https:\/\/shanabooks.de\/?post_type=product&#038;p=11605"},"modified":"2024-03-03T14:27:30","modified_gmt":"2024-03-03T14:27:30","slug":"teoriya-hinkirina-kurdi-kurmanci-resul-geyik","status":"publish","type":"product","link":"https:\/\/shanabooks.de\/de\/product\/teoriya-hinkirina-kurdi-kurmanci-resul-geyik\/","title":{"rendered":"Teoriya H\u00eenkirina kurd\u00ee &#8211; kurmanc\u00ee"},"content":{"rendered":"<p dir=\"ltr\"><strong>Teoriya H\u00eenkirina kurd\u00ee &#8211; kurmanc\u00ee &#8211; Resul Geyik<\/strong><\/p>\n<p dir=\"ltr\">H\u00eenkirina zim\u00ean ji roja ewil heya niha ji ber ku h\u00eenkirin li gor\u00ee \u00e7and, ziman \u00fb perwerdekaran diguhere mijara n\u00eeqa\u015f\u00ea ye. H\u00eenkirina Kurd\u00ee (Kurmanc\u00ee) j\u00ee ji v\u00ea rew\u015f\u00ea para xwe girtiye \u00fb di ser de j\u00ee li her her\u00eaman bi dem\u00ean cuda \u00fb bi \u015f\u00eawey\u00ean cuda t\u00ea bikaran\u00een. Di v\u00ea xebat\u00ea de em \u00ea bala xwe bidin ser perwerdeh\u00eeya Kurmanc\u00ee li Tirkiyey\u00ea<\/p>\n<p dir=\"ltr\">P\u00eavajoya h\u00eenb\u00fbna zim\u00ean wek\u00ee ziman\u00ea ewil li ser r\u00fby\u00ea dinyay\u00ea li gor\u00ee r\u00eaza guhdar\u00eekirin, axaftin, xwendin \u00fb niv\u00ees\u00een\u00eaye. Guhdar\u00eekirin \u00fb axaftin wek\u00ee t\u00ean zan\u00een bi awayek\u00ee xwezay\u00ee di nav malbat \u00fb civak\u00ea de, \u2018xwendin\u2019 \u00fb \u2018niv\u00ees\u00een\u2019 j\u00ee bi awayek\u00ee s\u00eestemat\u00eek di nav pergala dibistanek\u00ea de t\u00ean h\u00eenkirin. Ev rew\u015f di ziman\u00ea kurd\u00ee de pirsgir\u00eak e, gelek \u00eensan\u00ean li gund \u00fb bajaran mezin dibin bi h\u00easan\u00ee her du \u015f\u00eeyan\u00ean ewil h\u00een dibin \u00fb bi kar t\u00eenin, l\u00ea ji ber ku perwerdehiya Kurmanc\u00ee bi r\u00eak \u00fb p\u00eak, demdir\u00eaj\u00ee, s\u00eestemat\u00eek \u00fb biferm\u00ee tune ye h\u00eenb\u00fbna zim\u00ean t\u00ea bir\u00een \u00fb li ser her mirov\u00ee bandor\u00ean cuda derdikevin hol\u00ea.<\/p>\n<p dir=\"ltr\">Ev pirt\u00fbka Teoriya H\u00eenkirina kurd\u00ee &#8211; kurmanc\u00ee ya Resul Geyik dibe al\u00eekar ji bo f\u00earb\u00fbna ziman\u00ea kurd\u00ee.<\/p>\n","protected":false},"excerpt":{"rendered":"<p dir=\"ltr\" style=\"text-align: center\"><strong>Pirt\u00fbk: Teoriya H\u00eenkirina kurd\u00ee-kurmanc\u00ee<br \/>\nNiv\u00eeskar: Resul Geyik<\/strong><br \/>\n<strong>Cure: F\u00earb\u00fbn<\/strong><\/p>\n","protected":false},"featured_media":11678,"template":"","meta":{"site-sidebar-layout":"default","site-content-layout":"","ast-site-content-layout":"default","site-content-style":"default","site-sidebar-style":"default","ast-global-header-display":"","ast-banner-title-visibility":"","ast-main-header-display":"","ast-hfb-above-header-display":"","ast-hfb-below-header-display":"","ast-hfb-mobile-header-display":"","site-post-title":"","ast-breadcrumbs-content":"","ast-featured-img":"","footer-sml-layout":"","ast-disable-related-posts":"","theme-transparent-header-meta":"default","adv-header-id-meta":"","stick-header-meta":"","header-above-stick-meta":"","header-main-stick-meta":"","header-below-stick-meta":"","astra-migrate-meta-layouts":"set","ast-page-background-enabled":"default","ast-page-background-meta":{"desktop":{"background-color":"","background-image":"","background-repeat":"repeat","background-position":"center center","background-size":"auto","background-attachment":"scroll","background-type":"","background-media":"","overlay-type":"","overlay-color":"","overlay-opacity":"","overlay-gradient":""},"tablet":{"background-color":"","background-image":"","background-repeat":"repeat","background-position":"center center","background-size":"auto","background-attachment":"scroll","background-type":"","background-media":"","overlay-type":"","overlay-color":"","overlay-opacity":"","overlay-gradient":""},"mobile":{"background-color":"","background-image":"","background-repeat":"repeat","background-position":"center center","background-size":"auto","background-attachment":"scroll","background-type":"","background-media":"","overlay-type":"","overlay-color":"","overlay-opacity":"","overlay-gradient":""}},"ast-content-background-meta":{"desktop":{"background-color":"var(--ast-global-color-5)","background-image":"","background-repeat":"repeat","background-position":"center center","background-size":"auto","background-attachment":"scroll","background-type":"","background-media":"","overlay-type":"","overlay-color":"","overlay-opacity":"","overlay-gradient":""},"tablet":{"background-color":"var(--ast-global-color-5)","background-image":"","background-repeat":"repeat","background-position":"center center","background-size":"auto","background-attachment":"scroll","background-type":"","background-media":"","overlay-type":"","overlay-color":"","overlay-opacity":"","overlay-gradient":""},"mobile":{"background-color":"var(--ast-global-color-5)","background-image":"","background-repeat":"repeat","background-position":"center center","background-size":"auto","background-attachment":"scroll","background-type":"","background-media":"","overlay-type":"","overlay-color":"","overlay-opacity":"","overlay-gradient":""}}},"product_brand":[],"product_cat":[178,193],"product_tag":[],"class_list":{"0":"post-11605","1":"product","2":"type-product","3":"status-publish","4":"has-post-thumbnail","6":"product_cat--_","8":"pa_-ferbuna-kurdi","9":"pa_-resul-geyik","10":"pa_-kurmanci","11":"pa_--azad-yayinlari","12":"desktop-align-left","13":"tablet-align-left","14":"mobile-align-left","16":"first","17":"instock","18":"shipping-taxable","19":"purchasable","20":"product-type-simple"},"yoast_head":"<!-- This site is optimized with the Yoast SEO plugin v27.5 - https:\/\/yoast.com\/product\/yoast-seo-wordpress\/ -->\n<title>Teoriya H\u00eenkirina kurd\u00ee - kurmanc\u00ee - Resul Geyik - www.shanabooks.de<\/title>\n<meta name=\"description\" content=\"Teoriya H\u00eenkirina kurd\u00ee - kurmanc\u00ee - Resul Geyik H\u00eenkirina zim\u00ean ji roja ewil heya niha ji ber ku h\u00eenkirin li gor\u00ee \u00e7and, ziman \u00fb perwerdekaran diguhere mi...\" \/>\n<meta name=\"robots\" content=\"index, follow, max-snippet:-1, max-image-preview:large, max-video-preview:-1\" \/>\n<link rel=\"canonical\" href=\"https:\/\/shanabooks.de\/product\/teoriya-hinkirina-kurdi-kurmanci-resul-geyik\/\" \/>\n<meta property=\"og:locale\" content=\"de_DE\" \/>\n<meta property=\"og:type\" content=\"article\" \/>\n<meta property=\"og:title\" content=\"Teoriya H\u00eenkirina kurd\u00ee - kurmanc\u00ee - Resul Geyik - www.shanabooks.de\" \/>\n<meta property=\"og:description\" content=\"Teoriya H\u00eenkirina kurd\u00ee - kurmanc\u00ee - Resul Geyik H\u00eenkirina zim\u00ean ji roja ewil heya niha ji ber ku h\u00eenkirin li gor\u00ee \u00e7and, ziman \u00fb perwerdekaran diguhere mi...\" \/>\n<meta property=\"og:url\" content=\"https:\/\/shanabooks.de\/product\/teoriya-hinkirina-kurdi-kurmanci-resul-geyik\/\" \/>\n<meta property=\"og:site_name\" content=\"www.shanabooks.de\" \/>\n<meta property=\"article:modified_time\" content=\"2024-03-03T14:27:30+00:00\" \/>\n<meta property=\"og:image\" content=\"https:\/\/shanabooks.de\/wp-content\/uploads\/2024\/03\/Teoriya-Hinkirina-Kurdi-Kurmanci.png\" \/>\n\t<meta property=\"og:image:width\" content=\"331\" \/>\n\t<meta property=\"og:image:height\" content=\"480\" \/>\n\t<meta property=\"og:image:type\" content=\"image\/png\" \/>\n<meta name=\"twitter:card\" content=\"summary_large_image\" \/>\n<meta name=\"twitter:label1\" content=\"Gesch\u00e4tzte Lesezeit\" \/>\n\t<meta name=\"twitter:data1\" content=\"2\u00a0Minuten\" \/>\n<script type=\"application\/ld+json\" class=\"yoast-schema-graph\">{\"@context\":\"https:\\\/\\\/schema.org\",\"@graph\":[{\"@type\":\"WebPage\",\"@id\":\"https:\\\/\\\/shanabooks.de\\\/product\\\/teoriya-hinkirina-kurdi-kurmanci-resul-geyik\\\/\",\"url\":\"https:\\\/\\\/shanabooks.de\\\/product\\\/teoriya-hinkirina-kurdi-kurmanci-resul-geyik\\\/\",\"name\":\"Teoriya H\u00eenkirina kurd\u00ee - kurmanc\u00ee - Resul Geyik - www.shanabooks.de\",\"isPartOf\":{\"@id\":\"https:\\\/\\\/shanabooks.de\\\/#website\"},\"primaryImageOfPage\":{\"@id\":\"https:\\\/\\\/shanabooks.de\\\/product\\\/teoriya-hinkirina-kurdi-kurmanci-resul-geyik\\\/#primaryimage\"},\"image\":{\"@id\":\"https:\\\/\\\/shanabooks.de\\\/product\\\/teoriya-hinkirina-kurdi-kurmanci-resul-geyik\\\/#primaryimage\"},\"thumbnailUrl\":\"https:\\\/\\\/shanabooks.de\\\/wp-content\\\/uploads\\\/2024\\\/03\\\/Teoriya-Hinkirina-Kurdi-Kurmanci.png\",\"datePublished\":\"2024-03-03T11:50:48+00:00\",\"dateModified\":\"2024-03-03T14:27:30+00:00\",\"description\":\"Teoriya H\u00eenkirina kurd\u00ee - kurmanc\u00ee - Resul Geyik H\u00eenkirina zim\u00ean ji roja ewil heya niha ji ber ku h\u00eenkirin li gor\u00ee \u00e7and, ziman \u00fb perwerdekaran diguhere mi...\",\"breadcrumb\":{\"@id\":\"https:\\\/\\\/shanabooks.de\\\/product\\\/teoriya-hinkirina-kurdi-kurmanci-resul-geyik\\\/#breadcrumb\"},\"inLanguage\":\"de\",\"potentialAction\":[{\"@type\":\"ReadAction\",\"target\":[\"https:\\\/\\\/shanabooks.de\\\/product\\\/teoriya-hinkirina-kurdi-kurmanci-resul-geyik\\\/\"]}]},{\"@type\":\"ImageObject\",\"inLanguage\":\"de\",\"@id\":\"https:\\\/\\\/shanabooks.de\\\/product\\\/teoriya-hinkirina-kurdi-kurmanci-resul-geyik\\\/#primaryimage\",\"url\":\"https:\\\/\\\/shanabooks.de\\\/wp-content\\\/uploads\\\/2024\\\/03\\\/Teoriya-Hinkirina-Kurdi-Kurmanci.png\",\"contentUrl\":\"https:\\\/\\\/shanabooks.de\\\/wp-content\\\/uploads\\\/2024\\\/03\\\/Teoriya-Hinkirina-Kurdi-Kurmanci.png\",\"width\":331,\"height\":480,\"caption\":\"Teoriya H\u00eenkirina kurd\u00ee - kurmanc\u00ee - Resul Geyik - Pirt\u00fbk\u00ean Kurd\u00ee\"},{\"@type\":\"BreadcrumbList\",\"@id\":\"https:\\\/\\\/shanabooks.de\\\/product\\\/teoriya-hinkirina-kurdi-kurmanci-resul-geyik\\\/#breadcrumb\",\"itemListElement\":[{\"@type\":\"ListItem\",\"position\":1,\"name\":\"\u0627\u0644\u0631\u0626\u064a\u0633\u064a\u0629\",\"item\":\"https:\\\/\\\/shanabooks.de\\\/de\\\/\"},{\"@type\":\"ListItem\",\"position\":2,\"name\":\"\u0627\u0644\u0645\u0646\u062a\u062c\u0627\u062a\",\"item\":\"https:\\\/\\\/shanabooks.de\\\/shop\\\/\"},{\"@type\":\"ListItem\",\"position\":3,\"name\":\"Teoriya H\u00eenkirina kurd\u00ee &#8211; kurmanc\u00ee\"}]},{\"@type\":\"WebSite\",\"@id\":\"https:\\\/\\\/shanabooks.de\\\/#website\",\"url\":\"https:\\\/\\\/shanabooks.de\\\/\",\"name\":\"www.shanbooks.de\",\"description\":\"C\u00eehana Pirt\u00fbk\u00ean Kurd\u00ee \u0645\u0643\u062a\u0628\u0629 \u0634\u0627\u0646\u0627 \u0641\u064a \u0627\u0644\u0645\u0627\u0646\u064a\u0627 \u0648\u0623\u0648\u0631\u0628\u0627\",\"publisher\":{\"@id\":\"https:\\\/\\\/shanabooks.de\\\/#organization\"},\"potentialAction\":[{\"@type\":\"SearchAction\",\"target\":{\"@type\":\"EntryPoint\",\"urlTemplate\":\"https:\\\/\\\/shanabooks.de\\\/?s={search_term_string}\"},\"query-input\":{\"@type\":\"PropertyValueSpecification\",\"valueRequired\":true,\"valueName\":\"search_term_string\"}}],\"inLanguage\":\"de\"},{\"@type\":\"Organization\",\"@id\":\"https:\\\/\\\/shanabooks.de\\\/#organization\",\"name\":\"www.shanbooks.de\",\"url\":\"https:\\\/\\\/shanabooks.de\\\/\",\"logo\":{\"@type\":\"ImageObject\",\"inLanguage\":\"de\",\"@id\":\"https:\\\/\\\/shanabooks.de\\\/#\\\/schema\\\/logo\\\/image\\\/\",\"url\":\"https:\\\/\\\/shanabooks.de\\\/wp-content\\\/uploads\\\/2024\\\/03\\\/SHANABOOKS__2_-removebg-preview.png\",\"contentUrl\":\"https:\\\/\\\/shanabooks.de\\\/wp-content\\\/uploads\\\/2024\\\/03\\\/SHANABOOKS__2_-removebg-preview.png\",\"width\":700,\"height\":150,\"caption\":\"www.shanbooks.de\"},\"image\":{\"@id\":\"https:\\\/\\\/shanabooks.de\\\/#\\\/schema\\\/logo\\\/image\\\/\"}}]}<\/script>\n<!-- \/ Yoast SEO plugin. -->","yoast_head_json":{"title":"Teoriya H\u00eenkirina kurd\u00ee - kurmanc\u00ee - Resul Geyik - www.shanabooks.de","description":"Teoriya H\u00eenkirina kurd\u00ee - kurmanc\u00ee - Resul Geyik H\u00eenkirina zim\u00ean ji roja ewil heya niha ji ber ku h\u00eenkirin li gor\u00ee \u00e7and, ziman \u00fb perwerdekaran diguhere mi...","robots":{"index":"index","follow":"follow","max-snippet":"max-snippet:-1","max-image-preview":"max-image-preview:large","max-video-preview":"max-video-preview:-1"},"canonical":"https:\/\/shanabooks.de\/product\/teoriya-hinkirina-kurdi-kurmanci-resul-geyik\/","og_locale":"de_DE","og_type":"article","og_title":"Teoriya H\u00eenkirina kurd\u00ee - kurmanc\u00ee - Resul Geyik - www.shanabooks.de","og_description":"Teoriya H\u00eenkirina kurd\u00ee - kurmanc\u00ee - Resul Geyik H\u00eenkirina zim\u00ean ji roja ewil heya niha ji ber ku h\u00eenkirin li gor\u00ee \u00e7and, ziman \u00fb perwerdekaran diguhere mi...","og_url":"https:\/\/shanabooks.de\/product\/teoriya-hinkirina-kurdi-kurmanci-resul-geyik\/","og_site_name":"www.shanabooks.de","article_modified_time":"2024-03-03T14:27:30+00:00","og_image":[{"width":331,"height":480,"url":"https:\/\/shanabooks.de\/wp-content\/uploads\/2024\/03\/Teoriya-Hinkirina-Kurdi-Kurmanci.png","type":"image\/png"}],"twitter_card":"summary_large_image","twitter_misc":{"Gesch\u00e4tzte Lesezeit":"2\u00a0Minuten"},"schema":{"@context":"https:\/\/schema.org","@graph":[{"@type":"WebPage","@id":"https:\/\/shanabooks.de\/product\/teoriya-hinkirina-kurdi-kurmanci-resul-geyik\/","url":"https:\/\/shanabooks.de\/product\/teoriya-hinkirina-kurdi-kurmanci-resul-geyik\/","name":"Teoriya H\u00eenkirina kurd\u00ee - kurmanc\u00ee - Resul Geyik - www.shanabooks.de","isPartOf":{"@id":"https:\/\/shanabooks.de\/#website"},"primaryImageOfPage":{"@id":"https:\/\/shanabooks.de\/product\/teoriya-hinkirina-kurdi-kurmanci-resul-geyik\/#primaryimage"},"image":{"@id":"https:\/\/shanabooks.de\/product\/teoriya-hinkirina-kurdi-kurmanci-resul-geyik\/#primaryimage"},"thumbnailUrl":"https:\/\/shanabooks.de\/wp-content\/uploads\/2024\/03\/Teoriya-Hinkirina-Kurdi-Kurmanci.png","datePublished":"2024-03-03T11:50:48+00:00","dateModified":"2024-03-03T14:27:30+00:00","description":"Teoriya H\u00eenkirina kurd\u00ee - kurmanc\u00ee - Resul Geyik H\u00eenkirina zim\u00ean ji roja ewil heya niha ji ber ku h\u00eenkirin li gor\u00ee \u00e7and, ziman \u00fb perwerdekaran diguhere mi...","breadcrumb":{"@id":"https:\/\/shanabooks.de\/product\/teoriya-hinkirina-kurdi-kurmanci-resul-geyik\/#breadcrumb"},"inLanguage":"de","potentialAction":[{"@type":"ReadAction","target":["https:\/\/shanabooks.de\/product\/teoriya-hinkirina-kurdi-kurmanci-resul-geyik\/"]}]},{"@type":"ImageObject","inLanguage":"de","@id":"https:\/\/shanabooks.de\/product\/teoriya-hinkirina-kurdi-kurmanci-resul-geyik\/#primaryimage","url":"https:\/\/shanabooks.de\/wp-content\/uploads\/2024\/03\/Teoriya-Hinkirina-Kurdi-Kurmanci.png","contentUrl":"https:\/\/shanabooks.de\/wp-content\/uploads\/2024\/03\/Teoriya-Hinkirina-Kurdi-Kurmanci.png","width":331,"height":480,"caption":"Teoriya H\u00eenkirina kurd\u00ee - kurmanc\u00ee - Resul Geyik - Pirt\u00fbk\u00ean Kurd\u00ee"},{"@type":"BreadcrumbList","@id":"https:\/\/shanabooks.de\/product\/teoriya-hinkirina-kurdi-kurmanci-resul-geyik\/#breadcrumb","itemListElement":[{"@type":"ListItem","position":1,"name":"\u0627\u0644\u0631\u0626\u064a\u0633\u064a\u0629","item":"https:\/\/shanabooks.de\/de\/"},{"@type":"ListItem","position":2,"name":"\u0627\u0644\u0645\u0646\u062a\u062c\u0627\u062a","item":"https:\/\/shanabooks.de\/shop\/"},{"@type":"ListItem","position":3,"name":"Teoriya H\u00eenkirina kurd\u00ee &#8211; kurmanc\u00ee"}]},{"@type":"WebSite","@id":"https:\/\/shanabooks.de\/#website","url":"https:\/\/shanabooks.de\/","name":"www.shanbooks.de","description":"C\u00eehana Pirt\u00fbk\u00ean Kurd\u00ee \u0645\u0643\u062a\u0628\u0629 \u0634\u0627\u0646\u0627 \u0641\u064a \u0627\u0644\u0645\u0627\u0646\u064a\u0627 \u0648\u0623\u0648\u0631\u0628\u0627","publisher":{"@id":"https:\/\/shanabooks.de\/#organization"},"potentialAction":[{"@type":"SearchAction","target":{"@type":"EntryPoint","urlTemplate":"https:\/\/shanabooks.de\/?s={search_term_string}"},"query-input":{"@type":"PropertyValueSpecification","valueRequired":true,"valueName":"search_term_string"}}],"inLanguage":"de"},{"@type":"Organization","@id":"https:\/\/shanabooks.de\/#organization","name":"www.shanbooks.de","url":"https:\/\/shanabooks.de\/","logo":{"@type":"ImageObject","inLanguage":"de","@id":"https:\/\/shanabooks.de\/#\/schema\/logo\/image\/","url":"https:\/\/shanabooks.de\/wp-content\/uploads\/2024\/03\/SHANABOOKS__2_-removebg-preview.png","contentUrl":"https:\/\/shanabooks.de\/wp-content\/uploads\/2024\/03\/SHANABOOKS__2_-removebg-preview.png","width":700,"height":150,"caption":"www.shanbooks.de"},"image":{"@id":"https:\/\/shanabooks.de\/#\/schema\/logo\/image\/"}}]}},"jetpack_sharing_enabled":true,"_links":{"self":[{"href":"https:\/\/shanabooks.de\/de\/wp-json\/wp\/v2\/product\/11605","targetHints":{"allow":["GET"]}}],"collection":[{"href":"https:\/\/shanabooks.de\/de\/wp-json\/wp\/v2\/product"}],"about":[{"href":"https:\/\/shanabooks.de\/de\/wp-json\/wp\/v2\/types\/product"}],"version-history":[{"count":3,"href":"https:\/\/shanabooks.de\/de\/wp-json\/wp\/v2\/product\/11605\/revisions"}],"predecessor-version":[{"id":11750,"href":"https:\/\/shanabooks.de\/de\/wp-json\/wp\/v2\/product\/11605\/revisions\/11750"}],"wp:featuredmedia":[{"embeddable":true,"href":"https:\/\/shanabooks.de\/de\/wp-json\/wp\/v2\/media\/11678"}],"wp:attachment":[{"href":"https:\/\/shanabooks.de\/de\/wp-json\/wp\/v2\/media?parent=11605"}],"wp:term":[{"taxonomy":"product_brand","embeddable":true,"href":"https:\/\/shanabooks.de\/de\/wp-json\/wp\/v2\/product_brand?post=11605"},{"taxonomy":"product_cat","embeddable":true,"href":"https:\/\/shanabooks.de\/de\/wp-json\/wp\/v2\/product_cat?post=11605"},{"taxonomy":"product_tag","embeddable":true,"href":"https:\/\/shanabooks.de\/de\/wp-json\/wp\/v2\/product_tag?post=11605"}],"curies":[{"name":"wp","href":"https:\/\/api.w.org\/{rel}","templated":true}]}}