{"id":11614,"date":"2024-03-03T11:50:49","date_gmt":"2024-03-03T11:50:49","guid":{"rendered":"https:\/\/shanabooks.de\/?post_type=product&#038;p=11614"},"modified":"2026-01-01T16:49:25","modified_gmt":"2026-01-01T16:49:25","slug":"hinker-asta-duyemin-sami-tan","status":"publish","type":"product","link":"https:\/\/shanabooks.de\/de\/product\/hinker-asta-duyemin-sami-tan\/","title":{"rendered":"2 H\u00eenker asta duyem\u00een"},"content":{"rendered":"<p dir=\"ltr\"><strong>H\u00eenker asta duyem\u00een<\/strong>\u00a0&#8211; <strong>Sam\u00ee Tan<\/strong><\/p>\n<p dir=\"ltr\">H\u00eenker asta duzem\u00een bi hevkariya Sam\u00ee Tan \u00fb Ronay\u00ee Onen amade b\u00fbye.<br \/>\nEv pirt\u00fbka li ber dest\u00ean we, pirt\u00fbka asta duyem\u00een a setek\u00ea ye. Bi v\u00ea pirt\u00fbka asta duyem\u00een d\u00ea kes\u00ean ku H\u00eenker Kurmanc\u00ee asta yekem\u00een qedandibin karibin kurmanciya xwe bigih\u00eenin asteke bilindtir. Her wiha ew kes\u00ean ku bi kurmanciya devk\u00ee dizanin d\u00ea h\u00een\u00ee r\u00eagez \u00fb r\u00eazik\u00ean kurmanciya niv\u00eesk\u00ee bibin.<br \/>\nDi v\u00ea pirt\u00fbk\u00ea de li gel ziman\u00ea niv\u00eesk\u00ee, qalib \u00fb \u015fayes\u00ean kurmanciya gel\u00ear\u00ee bingeh hatine girtin \u00fb deq\u00ean otant\u00eek l\u00ea hatine z\u00eadekirin. Ev pirt\u00fbk d\u00ea bi r\u00ean\u00ee\u015fanderiya mamosteyan xwendekar\u00ean ziman\u00ea kurd\u00ee bigih\u00eene asta s\u00eayem\u00een.<br \/>\nDi v\u00ea pirt\u00fbk\u00ea de;<br \/>\nDiyalog \u00fb niv\u00ees\u00ean li gor\u00ee p\u00eadiviy\u00ea<br \/>\nPirs \u00fb xa\u00e7epirs\u00ean bikaran\u00eena zim\u00ean<br \/>\nMijar\u00ean r\u00eaziman\u00ee \u00fb h\u00eendariy\u00ean t\u00eakildar\u00ee wan<br \/>\nLi dawiya her un\u00eetey\u00ea spartek\u00ean bi h\u00eendariy\u00ean cur bi cur<br \/>\nBi nim\u00fbney\u00ean bik\u00ear ji stran, helbest \u00fb zargotina kurd\u00ee danas\u00eena \u00e7and, d\u00eerok \u00fb w\u00eajeya kurd\u00ee<br \/>\nL\u00eesteya l\u00eakeran bi ki\u015fandina li gor\u00ee dema bor\u00ee, dema niha \u00fb raweya ferman\u00ee<br \/>\nBersivdanka h\u00eendar\u00ee \u00fb spartekan Taybetiy\u00ean ziman\u00ea kurd\u00ee<br \/>\nDeng\u00ean bingeh\u00een \u00ean kurd\u00ee bi Alfabeya Navnetewey\u00ee ya Fonet\u00eek (IPA)<br \/>\nH\u00fbn dixwazin kurd\u00ee z\u00fb f\u00ear bibin l\u00ea \u00e7avkaniy\u00ea k\u00earhat\u00ee li ber dest\u00ea we n\u00eene? Bi Seta H\u00eenker\u00ea re ev problem ji bin\u00ee de \u00e7areser dibe. Xebata ku ji aliy\u00ea mamostey\u00ean Enst\u00eetuya Kurd\u00ee ya Stenbol\u00ea ve li gor qaidey\u00ean f\u00earkirina ziman hatiye amadekirin. Bi veg\u00earaneke h\u00easan \u00fb k\u00earhat\u00ee ya mijar\u00ean r\u00eaziman\u00ea, bi pirs, rah\u00eanan, d\u00eemen \u00fb l\u00eestik\u00ean ku mirov li kurd\u00ee germ dikin, ev kit\u00eab d\u00ea bibe mifteyek xwe\u015fik bo h\u00eenb\u00fbna kurd\u00ee. Kurd\u00ee ti car\u00ee ewqas\u00ee bik\u00eafxwe\u015f\u00ee \u00fb z\u00fb nehatib\u00fb f\u00earkirin. Keremkin h\u00fbn bi xwe H\u00eenker 2 tecrube bikin!<\/p>\n","protected":false},"excerpt":{"rendered":"<p dir=\"ltr\" style=\"text-align: center\"><strong>Pirt\u00fbk: H\u00eenker asta duyem\u00een 2<br \/>\nNiv\u00eeskar: Sam\u00ee Tan &#8211; Ronay\u00ee Onen<br \/>\nCure: Perwerde<\/strong><\/p>\n","protected":false},"featured_media":5446,"template":"","meta":{"site-sidebar-layout":"default","site-content-layout":"","ast-site-content-layout":"default","site-content-style":"default","site-sidebar-style":"default","ast-global-header-display":"","ast-banner-title-visibility":"","ast-main-header-display":"","ast-hfb-above-header-display":"","ast-hfb-below-header-display":"","ast-hfb-mobile-header-display":"","site-post-title":"","ast-breadcrumbs-content":"","ast-featured-img":"","footer-sml-layout":"","ast-disable-related-posts":"","theme-transparent-header-meta":"default","adv-header-id-meta":"","stick-header-meta":"","header-above-stick-meta":"","header-main-stick-meta":"","header-below-stick-meta":"","astra-migrate-meta-layouts":"set","ast-page-background-enabled":"default","ast-page-background-meta":{"desktop":{"background-color":"","background-image":"","background-repeat":"repeat","background-position":"center center","background-size":"auto","background-attachment":"scroll","background-type":"","background-media":"","overlay-type":"","overlay-color":"","overlay-opacity":"","overlay-gradient":""},"tablet":{"background-color":"","background-image":"","background-repeat":"repeat","background-position":"center center","background-size":"auto","background-attachment":"scroll","background-type":"","background-media":"","overlay-type":"","overlay-color":"","overlay-opacity":"","overlay-gradient":""},"mobile":{"background-color":"","background-image":"","background-repeat":"repeat","background-position":"center center","background-size":"auto","background-attachment":"scroll","background-type":"","background-media":"","overlay-type":"","overlay-color":"","overlay-opacity":"","overlay-gradient":""}},"ast-content-background-meta":{"desktop":{"background-color":"var(--ast-global-color-5)","background-image":"","background-repeat":"repeat","background-position":"center center","background-size":"auto","background-attachment":"scroll","background-type":"","background-media":"","overlay-type":"","overlay-color":"","overlay-opacity":"","overlay-gradient":""},"tablet":{"background-color":"var(--ast-global-color-5)","background-image":"","background-repeat":"repeat","background-position":"center center","background-size":"auto","background-attachment":"scroll","background-type":"","background-media":"","overlay-type":"","overlay-color":"","overlay-opacity":"","overlay-gradient":""},"mobile":{"background-color":"var(--ast-global-color-5)","background-image":"","background-repeat":"repeat","background-position":"center center","background-size":"auto","background-attachment":"scroll","background-type":"","background-media":"","overlay-type":"","overlay-color":"","overlay-opacity":"","overlay-gradient":""}}},"product_brand":[],"product_cat":[178,193],"product_tag":[],"class_list":{"0":"post-11614","1":"product","2":"type-product","3":"status-publish","4":"has-post-thumbnail","6":"product_cat--_","8":"pa_-ferbuna-kurdi","9":"pa_-ronahi-onen","10":"pa_-sami-tan","11":"pa_-kurmanci","12":"pa_--enstituya-kurdi-ya-stenbol","13":"desktop-align-left","14":"tablet-align-left","15":"mobile-align-left","17":"first","18":"outofstock","19":"shipping-taxable","20":"purchasable","21":"product-type-simple"},"yoast_head":"<!-- This site is optimized with the Yoast SEO plugin v27.4 - https:\/\/yoast.com\/product\/yoast-seo-wordpress\/ -->\n<title>H\u00eenker asta duyem\u00een\u00a0- Sam\u00ee Tan - www.shanabooks.de<\/title>\n<meta name=\"description\" content=\"H\u00eenker asta duyem\u00een\u00a0- Sam\u00ee TanEv pirt\u00fbka li ber dest\u00ean we, pirt\u00fbka asta duyem\u00een a setek\u00ea ye. Bi v\u00ea pirt\u00fbka asta duyem\u00een d\u00ea kes\u00ean ku H\u00eenker Kurmanc\u00ee asta ...\" \/>\n<meta name=\"robots\" content=\"index, follow, max-snippet:-1, max-image-preview:large, max-video-preview:-1\" \/>\n<link rel=\"canonical\" href=\"https:\/\/shanabooks.de\/product\/hinker-asta-duyemin-sami-tan\/\" \/>\n<meta property=\"og:locale\" content=\"de_DE\" \/>\n<meta property=\"og:type\" content=\"article\" \/>\n<meta property=\"og:title\" content=\"H\u00eenker asta duyem\u00een\u00a0- Sam\u00ee Tan - www.shanabooks.de\" \/>\n<meta property=\"og:description\" content=\"H\u00eenker asta duyem\u00een\u00a0- Sam\u00ee TanEv pirt\u00fbka li ber dest\u00ean we, pirt\u00fbka asta duyem\u00een a setek\u00ea ye. Bi v\u00ea pirt\u00fbka asta duyem\u00een d\u00ea kes\u00ean ku H\u00eenker Kurmanc\u00ee asta ...\" \/>\n<meta property=\"og:url\" content=\"https:\/\/shanabooks.de\/product\/hinker-asta-duyemin-sami-tan\/\" \/>\n<meta property=\"og:site_name\" content=\"www.shanabooks.de\" \/>\n<meta property=\"article:modified_time\" content=\"2026-01-01T16:49:25+00:00\" \/>\n<meta property=\"og:image\" content=\"https:\/\/shanabooks.de\/wp-content\/uploads\/2024\/01\/Hinker-2.webp\" \/>\n\t<meta property=\"og:image:width\" content=\"288\" \/>\n\t<meta property=\"og:image:height\" content=\"395\" \/>\n\t<meta property=\"og:image:type\" content=\"image\/webp\" \/>\n<meta name=\"twitter:card\" content=\"summary_large_image\" \/>\n<meta name=\"twitter:label1\" content=\"Gesch\u00e4tzte Lesezeit\" \/>\n\t<meta name=\"twitter:data1\" content=\"3\u00a0Minuten\" \/>\n<script type=\"application\/ld+json\" class=\"yoast-schema-graph\">{\"@context\":\"https:\\\/\\\/schema.org\",\"@graph\":[{\"@type\":\"WebPage\",\"@id\":\"https:\\\/\\\/shanabooks.de\\\/product\\\/hinker-asta-duyemin-sami-tan\\\/\",\"url\":\"https:\\\/\\\/shanabooks.de\\\/product\\\/hinker-asta-duyemin-sami-tan\\\/\",\"name\":\"H\u00eenker asta duyem\u00een\u00a0- Sam\u00ee Tan - www.shanabooks.de\",\"isPartOf\":{\"@id\":\"https:\\\/\\\/shanabooks.de\\\/#website\"},\"primaryImageOfPage\":{\"@id\":\"https:\\\/\\\/shanabooks.de\\\/product\\\/hinker-asta-duyemin-sami-tan\\\/#primaryimage\"},\"image\":{\"@id\":\"https:\\\/\\\/shanabooks.de\\\/product\\\/hinker-asta-duyemin-sami-tan\\\/#primaryimage\"},\"thumbnailUrl\":\"https:\\\/\\\/shanabooks.de\\\/wp-content\\\/uploads\\\/2024\\\/01\\\/Hinker-2.webp\",\"datePublished\":\"2024-03-03T11:50:49+00:00\",\"dateModified\":\"2026-01-01T16:49:25+00:00\",\"description\":\"H\u00eenker asta duyem\u00een\u00a0- Sam\u00ee TanEv pirt\u00fbka li ber dest\u00ean we, pirt\u00fbka asta duyem\u00een a setek\u00ea ye. Bi v\u00ea pirt\u00fbka asta duyem\u00een d\u00ea kes\u00ean ku H\u00eenker Kurmanc\u00ee asta ...\",\"breadcrumb\":{\"@id\":\"https:\\\/\\\/shanabooks.de\\\/product\\\/hinker-asta-duyemin-sami-tan\\\/#breadcrumb\"},\"inLanguage\":\"de\",\"potentialAction\":[{\"@type\":\"ReadAction\",\"target\":[\"https:\\\/\\\/shanabooks.de\\\/product\\\/hinker-asta-duyemin-sami-tan\\\/\"]}]},{\"@type\":\"ImageObject\",\"inLanguage\":\"de\",\"@id\":\"https:\\\/\\\/shanabooks.de\\\/product\\\/hinker-asta-duyemin-sami-tan\\\/#primaryimage\",\"url\":\"https:\\\/\\\/shanabooks.de\\\/wp-content\\\/uploads\\\/2024\\\/01\\\/Hinker-2.webp\",\"contentUrl\":\"https:\\\/\\\/shanabooks.de\\\/wp-content\\\/uploads\\\/2024\\\/01\\\/Hinker-2.webp\",\"width\":288,\"height\":395,\"caption\":\"H\u00eenker asta duyem\u00een\u00a0- Sam\u00ee Tan - pirt\u00fbk\u00ean kurd\u00ee\"},{\"@type\":\"BreadcrumbList\",\"@id\":\"https:\\\/\\\/shanabooks.de\\\/product\\\/hinker-asta-duyemin-sami-tan\\\/#breadcrumb\",\"itemListElement\":[{\"@type\":\"ListItem\",\"position\":1,\"name\":\"\u0627\u0644\u0631\u0626\u064a\u0633\u064a\u0629\",\"item\":\"https:\\\/\\\/shanabooks.de\\\/de\\\/\"},{\"@type\":\"ListItem\",\"position\":2,\"name\":\"\u0627\u0644\u0645\u0646\u062a\u062c\u0627\u062a\",\"item\":\"https:\\\/\\\/shanabooks.de\\\/shop\\\/\"},{\"@type\":\"ListItem\",\"position\":3,\"name\":\"2 H\u00eenker asta duyem\u00een\"}]},{\"@type\":\"WebSite\",\"@id\":\"https:\\\/\\\/shanabooks.de\\\/#website\",\"url\":\"https:\\\/\\\/shanabooks.de\\\/\",\"name\":\"www.shanbooks.de\",\"description\":\"C\u00eehana Pirt\u00fbk\u00ean Kurd\u00ee \u0645\u0643\u062a\u0628\u0629 \u0634\u0627\u0646\u0627 \u0641\u064a \u0627\u0644\u0645\u0627\u0646\u064a\u0627 \u0648\u0623\u0648\u0631\u0628\u0627\",\"publisher\":{\"@id\":\"https:\\\/\\\/shanabooks.de\\\/#organization\"},\"potentialAction\":[{\"@type\":\"SearchAction\",\"target\":{\"@type\":\"EntryPoint\",\"urlTemplate\":\"https:\\\/\\\/shanabooks.de\\\/?s={search_term_string}\"},\"query-input\":{\"@type\":\"PropertyValueSpecification\",\"valueRequired\":true,\"valueName\":\"search_term_string\"}}],\"inLanguage\":\"de\"},{\"@type\":\"Organization\",\"@id\":\"https:\\\/\\\/shanabooks.de\\\/#organization\",\"name\":\"www.shanbooks.de\",\"url\":\"https:\\\/\\\/shanabooks.de\\\/\",\"logo\":{\"@type\":\"ImageObject\",\"inLanguage\":\"de\",\"@id\":\"https:\\\/\\\/shanabooks.de\\\/#\\\/schema\\\/logo\\\/image\\\/\",\"url\":\"https:\\\/\\\/shanabooks.de\\\/wp-content\\\/uploads\\\/2024\\\/03\\\/SHANABOOKS__2_-removebg-preview.png\",\"contentUrl\":\"https:\\\/\\\/shanabooks.de\\\/wp-content\\\/uploads\\\/2024\\\/03\\\/SHANABOOKS__2_-removebg-preview.png\",\"width\":700,\"height\":150,\"caption\":\"www.shanbooks.de\"},\"image\":{\"@id\":\"https:\\\/\\\/shanabooks.de\\\/#\\\/schema\\\/logo\\\/image\\\/\"}}]}<\/script>\n<!-- \/ Yoast SEO plugin. -->","yoast_head_json":{"title":"H\u00eenker asta duyem\u00een\u00a0- Sam\u00ee Tan - www.shanabooks.de","description":"H\u00eenker asta duyem\u00een\u00a0- Sam\u00ee TanEv pirt\u00fbka li ber dest\u00ean we, pirt\u00fbka asta duyem\u00een a setek\u00ea ye. Bi v\u00ea pirt\u00fbka asta duyem\u00een d\u00ea kes\u00ean ku H\u00eenker Kurmanc\u00ee asta ...","robots":{"index":"index","follow":"follow","max-snippet":"max-snippet:-1","max-image-preview":"max-image-preview:large","max-video-preview":"max-video-preview:-1"},"canonical":"https:\/\/shanabooks.de\/product\/hinker-asta-duyemin-sami-tan\/","og_locale":"de_DE","og_type":"article","og_title":"H\u00eenker asta duyem\u00een\u00a0- Sam\u00ee Tan - www.shanabooks.de","og_description":"H\u00eenker asta duyem\u00een\u00a0- Sam\u00ee TanEv pirt\u00fbka li ber dest\u00ean we, pirt\u00fbka asta duyem\u00een a setek\u00ea ye. Bi v\u00ea pirt\u00fbka asta duyem\u00een d\u00ea kes\u00ean ku H\u00eenker Kurmanc\u00ee asta ...","og_url":"https:\/\/shanabooks.de\/product\/hinker-asta-duyemin-sami-tan\/","og_site_name":"www.shanabooks.de","article_modified_time":"2026-01-01T16:49:25+00:00","og_image":[{"width":288,"height":395,"url":"https:\/\/shanabooks.de\/wp-content\/uploads\/2024\/01\/Hinker-2.webp","type":"image\/webp"}],"twitter_card":"summary_large_image","twitter_misc":{"Gesch\u00e4tzte Lesezeit":"3\u00a0Minuten"},"schema":{"@context":"https:\/\/schema.org","@graph":[{"@type":"WebPage","@id":"https:\/\/shanabooks.de\/product\/hinker-asta-duyemin-sami-tan\/","url":"https:\/\/shanabooks.de\/product\/hinker-asta-duyemin-sami-tan\/","name":"H\u00eenker asta duyem\u00een\u00a0- Sam\u00ee Tan - www.shanabooks.de","isPartOf":{"@id":"https:\/\/shanabooks.de\/#website"},"primaryImageOfPage":{"@id":"https:\/\/shanabooks.de\/product\/hinker-asta-duyemin-sami-tan\/#primaryimage"},"image":{"@id":"https:\/\/shanabooks.de\/product\/hinker-asta-duyemin-sami-tan\/#primaryimage"},"thumbnailUrl":"https:\/\/shanabooks.de\/wp-content\/uploads\/2024\/01\/Hinker-2.webp","datePublished":"2024-03-03T11:50:49+00:00","dateModified":"2026-01-01T16:49:25+00:00","description":"H\u00eenker asta duyem\u00een\u00a0- Sam\u00ee TanEv pirt\u00fbka li ber dest\u00ean we, pirt\u00fbka asta duyem\u00een a setek\u00ea ye. Bi v\u00ea pirt\u00fbka asta duyem\u00een d\u00ea kes\u00ean ku H\u00eenker Kurmanc\u00ee asta ...","breadcrumb":{"@id":"https:\/\/shanabooks.de\/product\/hinker-asta-duyemin-sami-tan\/#breadcrumb"},"inLanguage":"de","potentialAction":[{"@type":"ReadAction","target":["https:\/\/shanabooks.de\/product\/hinker-asta-duyemin-sami-tan\/"]}]},{"@type":"ImageObject","inLanguage":"de","@id":"https:\/\/shanabooks.de\/product\/hinker-asta-duyemin-sami-tan\/#primaryimage","url":"https:\/\/shanabooks.de\/wp-content\/uploads\/2024\/01\/Hinker-2.webp","contentUrl":"https:\/\/shanabooks.de\/wp-content\/uploads\/2024\/01\/Hinker-2.webp","width":288,"height":395,"caption":"H\u00eenker asta duyem\u00een\u00a0- Sam\u00ee Tan - pirt\u00fbk\u00ean kurd\u00ee"},{"@type":"BreadcrumbList","@id":"https:\/\/shanabooks.de\/product\/hinker-asta-duyemin-sami-tan\/#breadcrumb","itemListElement":[{"@type":"ListItem","position":1,"name":"\u0627\u0644\u0631\u0626\u064a\u0633\u064a\u0629","item":"https:\/\/shanabooks.de\/de\/"},{"@type":"ListItem","position":2,"name":"\u0627\u0644\u0645\u0646\u062a\u062c\u0627\u062a","item":"https:\/\/shanabooks.de\/shop\/"},{"@type":"ListItem","position":3,"name":"2 H\u00eenker asta duyem\u00een"}]},{"@type":"WebSite","@id":"https:\/\/shanabooks.de\/#website","url":"https:\/\/shanabooks.de\/","name":"www.shanbooks.de","description":"C\u00eehana Pirt\u00fbk\u00ean Kurd\u00ee \u0645\u0643\u062a\u0628\u0629 \u0634\u0627\u0646\u0627 \u0641\u064a \u0627\u0644\u0645\u0627\u0646\u064a\u0627 \u0648\u0623\u0648\u0631\u0628\u0627","publisher":{"@id":"https:\/\/shanabooks.de\/#organization"},"potentialAction":[{"@type":"SearchAction","target":{"@type":"EntryPoint","urlTemplate":"https:\/\/shanabooks.de\/?s={search_term_string}"},"query-input":{"@type":"PropertyValueSpecification","valueRequired":true,"valueName":"search_term_string"}}],"inLanguage":"de"},{"@type":"Organization","@id":"https:\/\/shanabooks.de\/#organization","name":"www.shanbooks.de","url":"https:\/\/shanabooks.de\/","logo":{"@type":"ImageObject","inLanguage":"de","@id":"https:\/\/shanabooks.de\/#\/schema\/logo\/image\/","url":"https:\/\/shanabooks.de\/wp-content\/uploads\/2024\/03\/SHANABOOKS__2_-removebg-preview.png","contentUrl":"https:\/\/shanabooks.de\/wp-content\/uploads\/2024\/03\/SHANABOOKS__2_-removebg-preview.png","width":700,"height":150,"caption":"www.shanbooks.de"},"image":{"@id":"https:\/\/shanabooks.de\/#\/schema\/logo\/image\/"}}]}},"jetpack_sharing_enabled":true,"_links":{"self":[{"href":"https:\/\/shanabooks.de\/de\/wp-json\/wp\/v2\/product\/11614","targetHints":{"allow":["GET"]}}],"collection":[{"href":"https:\/\/shanabooks.de\/de\/wp-json\/wp\/v2\/product"}],"about":[{"href":"https:\/\/shanabooks.de\/de\/wp-json\/wp\/v2\/types\/product"}],"version-history":[{"count":3,"href":"https:\/\/shanabooks.de\/de\/wp-json\/wp\/v2\/product\/11614\/revisions"}],"predecessor-version":[{"id":11771,"href":"https:\/\/shanabooks.de\/de\/wp-json\/wp\/v2\/product\/11614\/revisions\/11771"}],"wp:featuredmedia":[{"embeddable":true,"href":"https:\/\/shanabooks.de\/de\/wp-json\/wp\/v2\/media\/5446"}],"wp:attachment":[{"href":"https:\/\/shanabooks.de\/de\/wp-json\/wp\/v2\/media?parent=11614"}],"wp:term":[{"taxonomy":"product_brand","embeddable":true,"href":"https:\/\/shanabooks.de\/de\/wp-json\/wp\/v2\/product_brand?post=11614"},{"taxonomy":"product_cat","embeddable":true,"href":"https:\/\/shanabooks.de\/de\/wp-json\/wp\/v2\/product_cat?post=11614"},{"taxonomy":"product_tag","embeddable":true,"href":"https:\/\/shanabooks.de\/de\/wp-json\/wp\/v2\/product_tag?post=11614"}],"curies":[{"name":"wp","href":"https:\/\/api.w.org\/{rel}","templated":true}]}}