{"id":11618,"date":"2024-03-03T11:50:49","date_gmt":"2024-03-03T11:50:49","guid":{"rendered":"https:\/\/shanabooks.de\/?post_type=product&#038;p=11618"},"modified":"2024-04-08T16:22:25","modified_gmt":"2024-04-08T16:22:25","slug":"%d8%aa%d8%b9%d9%84%d9%85-%d8%a7%d9%84%d9%83%d8%b1%d8%af%d9%8a%d8%a9-feri-zimane-kurdi-bibe-selah-mihemed","status":"publish","type":"product","link":"https:\/\/shanabooks.de\/de\/product\/%d8%aa%d8%b9%d9%84%d9%85-%d8%a7%d9%84%d9%83%d8%b1%d8%af%d9%8a%d8%a9-feri-zimane-kurdi-bibe-selah-mihemed\/","title":{"rendered":"\u062a\u0639\u0644\u0645 \u0627\u0644\u0643\u0631\u062f\u064a\u0629 &#8211; F\u00ear\u00ee Ziman\u00ea Kurd\u00ee bibe"},"content":{"rendered":"<p style=\"text-align: right\"><strong>\u062a\u0639\u0644\u0645 \u0627\u0644\u0643\u0631\u062f\u064a\u0629 &#8211; F\u00ear\u00ee Ziman\u00ea Kurd\u00ee bibe &#8211; Selah Mihemed<br \/>\n<\/strong><\/p>\n<p style=\"text-align: right\">\u0639\u0646 \u0637\u0631\u064a\u0642 \u0647\u0630\u0627 \u0627\u0644\u0643\u062a\u0627\u0628 \u064a\u0645\u0643\u0646 \u0644\u0634\u062e\u0635 \u062a\u0639\u0644\u0645 \u0627\u0644\u0643\u0648\u0631\u062f\u064a\u0629 \u0643\u062a\u0627\u0628\u0629\u064b \u0648 \u0646\u0637\u0642\u0627\u064b \u0628\u0634\u0643\u0644 \u0645\u0628\u0633\u0637.<\/p>\n","protected":false},"excerpt":{"rendered":"<p style=\"text-align: center\"><strong>\u0627\u0644\u0643\u062a\u0627\u0628: \u062a\u0639\u0644\u0645 \u0627\u0644\u0643\u0631\u062f\u064a\u0629 &#8211; F\u00ear\u00ee Ziman\u00ea Kurd\u00ee bibe<br \/>\n\u0627\u0644\u0643\u0627\u062a\u0628: \u0635\u0644\u0627\u062d \u0645\u062d\u0645\u062f<br \/>\n\u0627\u0644\u0646\u0648\u0639: \u062a\u0639\u0644\u0645 \u0627\u0644\u0643\u0631\u062f\u064a\u0629<\/strong><\/p>\n<p style=\"text-align: center\">\n","protected":false},"featured_media":0,"template":"","meta":{"site-sidebar-layout":"default","site-content-layout":"","ast-site-content-layout":"default","site-content-style":"default","site-sidebar-style":"default","ast-global-header-display":"","ast-banner-title-visibility":"","ast-main-header-display":"","ast-hfb-above-header-display":"","ast-hfb-below-header-display":"","ast-hfb-mobile-header-display":"","site-post-title":"","ast-breadcrumbs-content":"","ast-featured-img":"","footer-sml-layout":"","ast-disable-related-posts":"","theme-transparent-header-meta":"default","adv-header-id-meta":"","stick-header-meta":"","header-above-stick-meta":"","header-main-stick-meta":"","header-below-stick-meta":"","astra-migrate-meta-layouts":"set","ast-page-background-enabled":"default","ast-page-background-meta":{"desktop":{"background-color":"","background-image":"","background-repeat":"repeat","background-position":"center center","background-size":"auto","background-attachment":"scroll","background-type":"","background-media":"","overlay-type":"","overlay-color":"","overlay-opacity":"","overlay-gradient":""},"tablet":{"background-color":"","background-image":"","background-repeat":"repeat","background-position":"center center","background-size":"auto","background-attachment":"scroll","background-type":"","background-media":"","overlay-type":"","overlay-color":"","overlay-opacity":"","overlay-gradient":""},"mobile":{"background-color":"","background-image":"","background-repeat":"repeat","background-position":"center center","background-size":"auto","background-attachment":"scroll","background-type":"","background-media":"","overlay-type":"","overlay-color":"","overlay-opacity":"","overlay-gradient":""}},"ast-content-background-meta":{"desktop":{"background-color":"var(--ast-global-color-5)","background-image":"","background-repeat":"repeat","background-position":"center center","background-size":"auto","background-attachment":"scroll","background-type":"","background-media":"","overlay-type":"","overlay-color":"","overlay-opacity":"","overlay-gradient":""},"tablet":{"background-color":"var(--ast-global-color-5)","background-image":"","background-repeat":"repeat","background-position":"center center","background-size":"auto","background-attachment":"scroll","background-type":"","background-media":"","overlay-type":"","overlay-color":"","overlay-opacity":"","overlay-gradient":""},"mobile":{"background-color":"var(--ast-global-color-5)","background-image":"","background-repeat":"repeat","background-position":"center center","background-size":"auto","background-attachment":"scroll","background-type":"","background-media":"","overlay-type":"","overlay-color":"","overlay-opacity":"","overlay-gradient":""}}},"product_brand":[],"product_cat":[333,178,192,193],"product_tag":[],"class_list":{"0":"post-11618","1":"product","2":"type-product","3":"status-publish","5":"product_cat-333","6":"product_cat--_","7":"product_cat-192","9":"pa_-ferbuna-kurdi","10":"pa_-253","11":"pa_-selah-mihemed","12":"pa_-kurmanci","13":"pa_-347","14":"desktop-align-left","15":"tablet-align-left","16":"mobile-align-left","18":"first","19":"outofstock","20":"shipping-taxable","21":"purchasable","22":"product-type-simple"},"yoast_head":"<!-- This site is optimized with the Yoast SEO plugin v27.4 - https:\/\/yoast.com\/product\/yoast-seo-wordpress\/ -->\n<title>\u062a\u0639\u0644\u0645 \u0627\u0644\u0643\u0631\u062f\u064a\u0629 - F\u00ear\u00ee Ziman\u00ea Kurd\u00ee bibe - Selah Mihemed - www.shanabooks.de<\/title>\n<meta name=\"description\" content=\"\u062a\u0639\u0644\u0645 \u0627\u0644\u0643\u0631\u062f\u064a\u0629 - F\u00ear\u00ee Ziman\u00ea Kurd\u00ee bibe - Selah Mihemed \u0639\u0646 \u0637\u0631\u064a\u0642 \u0647\u0630\u0627 \u0627\u0644\u0643\u062a\u0627\u0628 \u064a\u0645\u0643\u0646 \u0644\u0634\u062e\u0635 \u062a\u0639\u0644\u0645 \u0627\u0644\u0643\u0648\u0631\u062f\u064a\u0629 \u0643\u062a\u0627\u0628\u0629\u064b \u0648 \u0646\u0637\u0642\u0627\u064b \u0628\u0634\u0643\u0644 \u0645\u0628\u0633\u0637....\" \/>\n<meta name=\"robots\" content=\"index, follow, max-snippet:-1, max-image-preview:large, max-video-preview:-1\" \/>\n<link rel=\"canonical\" href=\"https:\/\/shanabooks.de\/product\/\u062a\u0639\u0644\u0645-\u0627\u0644\u0643\u0631\u062f\u064a\u0629-feri-zimane-kurdi-bibe-selah-mihemed\/\" \/>\n<meta property=\"og:locale\" content=\"de_DE\" \/>\n<meta property=\"og:type\" content=\"article\" \/>\n<meta property=\"og:title\" content=\"\u062a\u0639\u0644\u0645 \u0627\u0644\u0643\u0631\u062f\u064a\u0629 - F\u00ear\u00ee Ziman\u00ea Kurd\u00ee bibe - Selah Mihemed - www.shanabooks.de\" \/>\n<meta property=\"og:description\" content=\"\u062a\u0639\u0644\u0645 \u0627\u0644\u0643\u0631\u062f\u064a\u0629 - F\u00ear\u00ee Ziman\u00ea Kurd\u00ee bibe - Selah Mihemed \u0639\u0646 \u0637\u0631\u064a\u0642 \u0647\u0630\u0627 \u0627\u0644\u0643\u062a\u0627\u0628 \u064a\u0645\u0643\u0646 \u0644\u0634\u062e\u0635 \u062a\u0639\u0644\u0645 \u0627\u0644\u0643\u0648\u0631\u062f\u064a\u0629 \u0643\u062a\u0627\u0628\u0629\u064b \u0648 \u0646\u0637\u0642\u0627\u064b \u0628\u0634\u0643\u0644 \u0645\u0628\u0633\u0637....\" \/>\n<meta property=\"og:url\" content=\"https:\/\/shanabooks.de\/product\/\u062a\u0639\u0644\u0645-\u0627\u0644\u0643\u0631\u062f\u064a\u0629-feri-zimane-kurdi-bibe-selah-mihemed\/\" \/>\n<meta property=\"og:site_name\" content=\"www.shanabooks.de\" \/>\n<meta property=\"article:modified_time\" content=\"2024-04-08T16:22:25+00:00\" \/>\n<meta name=\"twitter:card\" content=\"summary_large_image\" \/>\n<meta name=\"twitter:label1\" content=\"Gesch\u00e4tzte Lesezeit\" \/>\n\t<meta name=\"twitter:data1\" content=\"1\u00a0Minute\" \/>\n<script type=\"application\/ld+json\" class=\"yoast-schema-graph\">{\"@context\":\"https:\\\/\\\/schema.org\",\"@graph\":[{\"@type\":\"WebPage\",\"@id\":\"https:\\\/\\\/shanabooks.de\\\/product\\\/%d8%aa%d8%b9%d9%84%d9%85-%d8%a7%d9%84%d9%83%d8%b1%d8%af%d9%8a%d8%a9-feri-zimane-kurdi-bibe-selah-mihemed\\\/\",\"url\":\"https:\\\/\\\/shanabooks.de\\\/product\\\/%d8%aa%d8%b9%d9%84%d9%85-%d8%a7%d9%84%d9%83%d8%b1%d8%af%d9%8a%d8%a9-feri-zimane-kurdi-bibe-selah-mihemed\\\/\",\"name\":\"\u062a\u0639\u0644\u0645 \u0627\u0644\u0643\u0631\u062f\u064a\u0629 - F\u00ear\u00ee Ziman\u00ea Kurd\u00ee bibe - Selah Mihemed - www.shanabooks.de\",\"isPartOf\":{\"@id\":\"https:\\\/\\\/shanabooks.de\\\/#website\"},\"datePublished\":\"2024-03-03T11:50:49+00:00\",\"dateModified\":\"2024-04-08T16:22:25+00:00\",\"description\":\"\u062a\u0639\u0644\u0645 \u0627\u0644\u0643\u0631\u062f\u064a\u0629 - F\u00ear\u00ee Ziman\u00ea Kurd\u00ee bibe - Selah Mihemed \u0639\u0646 \u0637\u0631\u064a\u0642 \u0647\u0630\u0627 \u0627\u0644\u0643\u062a\u0627\u0628 \u064a\u0645\u0643\u0646 \u0644\u0634\u062e\u0635 \u062a\u0639\u0644\u0645 \u0627\u0644\u0643\u0648\u0631\u062f\u064a\u0629 \u0643\u062a\u0627\u0628\u0629\u064b \u0648 \u0646\u0637\u0642\u0627\u064b \u0628\u0634\u0643\u0644 \u0645\u0628\u0633\u0637....\",\"breadcrumb\":{\"@id\":\"https:\\\/\\\/shanabooks.de\\\/product\\\/%d8%aa%d8%b9%d9%84%d9%85-%d8%a7%d9%84%d9%83%d8%b1%d8%af%d9%8a%d8%a9-feri-zimane-kurdi-bibe-selah-mihemed\\\/#breadcrumb\"},\"inLanguage\":\"de\",\"potentialAction\":[{\"@type\":\"ReadAction\",\"target\":[\"https:\\\/\\\/shanabooks.de\\\/product\\\/%d8%aa%d8%b9%d9%84%d9%85-%d8%a7%d9%84%d9%83%d8%b1%d8%af%d9%8a%d8%a9-feri-zimane-kurdi-bibe-selah-mihemed\\\/\"]}]},{\"@type\":\"BreadcrumbList\",\"@id\":\"https:\\\/\\\/shanabooks.de\\\/product\\\/%d8%aa%d8%b9%d9%84%d9%85-%d8%a7%d9%84%d9%83%d8%b1%d8%af%d9%8a%d8%a9-feri-zimane-kurdi-bibe-selah-mihemed\\\/#breadcrumb\",\"itemListElement\":[{\"@type\":\"ListItem\",\"position\":1,\"name\":\"\u0627\u0644\u0631\u0626\u064a\u0633\u064a\u0629\",\"item\":\"https:\\\/\\\/shanabooks.de\\\/de\\\/\"},{\"@type\":\"ListItem\",\"position\":2,\"name\":\"\u0627\u0644\u0645\u0646\u062a\u062c\u0627\u062a\",\"item\":\"https:\\\/\\\/shanabooks.de\\\/shop\\\/\"},{\"@type\":\"ListItem\",\"position\":3,\"name\":\"\u062a\u0639\u0644\u0645 \u0627\u0644\u0643\u0631\u062f\u064a\u0629 &#8211; F\u00ear\u00ee Ziman\u00ea Kurd\u00ee bibe\"}]},{\"@type\":\"WebSite\",\"@id\":\"https:\\\/\\\/shanabooks.de\\\/#website\",\"url\":\"https:\\\/\\\/shanabooks.de\\\/\",\"name\":\"www.shanbooks.de\",\"description\":\"C\u00eehana Pirt\u00fbk\u00ean Kurd\u00ee \u0645\u0643\u062a\u0628\u0629 \u0634\u0627\u0646\u0627 \u0641\u064a \u0627\u0644\u0645\u0627\u0646\u064a\u0627 \u0648\u0623\u0648\u0631\u0628\u0627\",\"publisher\":{\"@id\":\"https:\\\/\\\/shanabooks.de\\\/#organization\"},\"potentialAction\":[{\"@type\":\"SearchAction\",\"target\":{\"@type\":\"EntryPoint\",\"urlTemplate\":\"https:\\\/\\\/shanabooks.de\\\/?s={search_term_string}\"},\"query-input\":{\"@type\":\"PropertyValueSpecification\",\"valueRequired\":true,\"valueName\":\"search_term_string\"}}],\"inLanguage\":\"de\"},{\"@type\":\"Organization\",\"@id\":\"https:\\\/\\\/shanabooks.de\\\/#organization\",\"name\":\"www.shanbooks.de\",\"url\":\"https:\\\/\\\/shanabooks.de\\\/\",\"logo\":{\"@type\":\"ImageObject\",\"inLanguage\":\"de\",\"@id\":\"https:\\\/\\\/shanabooks.de\\\/#\\\/schema\\\/logo\\\/image\\\/\",\"url\":\"https:\\\/\\\/shanabooks.de\\\/wp-content\\\/uploads\\\/2024\\\/03\\\/SHANABOOKS__2_-removebg-preview.png\",\"contentUrl\":\"https:\\\/\\\/shanabooks.de\\\/wp-content\\\/uploads\\\/2024\\\/03\\\/SHANABOOKS__2_-removebg-preview.png\",\"width\":700,\"height\":150,\"caption\":\"www.shanbooks.de\"},\"image\":{\"@id\":\"https:\\\/\\\/shanabooks.de\\\/#\\\/schema\\\/logo\\\/image\\\/\"}}]}<\/script>\n<!-- \/ Yoast SEO plugin. -->","yoast_head_json":{"title":"\u062a\u0639\u0644\u0645 \u0627\u0644\u0643\u0631\u062f\u064a\u0629 - F\u00ear\u00ee Ziman\u00ea Kurd\u00ee bibe - Selah Mihemed - www.shanabooks.de","description":"\u062a\u0639\u0644\u0645 \u0627\u0644\u0643\u0631\u062f\u064a\u0629 - F\u00ear\u00ee Ziman\u00ea Kurd\u00ee bibe - Selah Mihemed \u0639\u0646 \u0637\u0631\u064a\u0642 \u0647\u0630\u0627 \u0627\u0644\u0643\u062a\u0627\u0628 \u064a\u0645\u0643\u0646 \u0644\u0634\u062e\u0635 \u062a\u0639\u0644\u0645 \u0627\u0644\u0643\u0648\u0631\u062f\u064a\u0629 \u0643\u062a\u0627\u0628\u0629\u064b \u0648 \u0646\u0637\u0642\u0627\u064b \u0628\u0634\u0643\u0644 \u0645\u0628\u0633\u0637....","robots":{"index":"index","follow":"follow","max-snippet":"max-snippet:-1","max-image-preview":"max-image-preview:large","max-video-preview":"max-video-preview:-1"},"canonical":"https:\/\/shanabooks.de\/product\/\u062a\u0639\u0644\u0645-\u0627\u0644\u0643\u0631\u062f\u064a\u0629-feri-zimane-kurdi-bibe-selah-mihemed\/","og_locale":"de_DE","og_type":"article","og_title":"\u062a\u0639\u0644\u0645 \u0627\u0644\u0643\u0631\u062f\u064a\u0629 - F\u00ear\u00ee Ziman\u00ea Kurd\u00ee bibe - Selah Mihemed - www.shanabooks.de","og_description":"\u062a\u0639\u0644\u0645 \u0627\u0644\u0643\u0631\u062f\u064a\u0629 - F\u00ear\u00ee Ziman\u00ea Kurd\u00ee bibe - Selah Mihemed \u0639\u0646 \u0637\u0631\u064a\u0642 \u0647\u0630\u0627 \u0627\u0644\u0643\u062a\u0627\u0628 \u064a\u0645\u0643\u0646 \u0644\u0634\u062e\u0635 \u062a\u0639\u0644\u0645 \u0627\u0644\u0643\u0648\u0631\u062f\u064a\u0629 \u0643\u062a\u0627\u0628\u0629\u064b \u0648 \u0646\u0637\u0642\u0627\u064b \u0628\u0634\u0643\u0644 \u0645\u0628\u0633\u0637....","og_url":"https:\/\/shanabooks.de\/product\/\u062a\u0639\u0644\u0645-\u0627\u0644\u0643\u0631\u062f\u064a\u0629-feri-zimane-kurdi-bibe-selah-mihemed\/","og_site_name":"www.shanabooks.de","article_modified_time":"2024-04-08T16:22:25+00:00","twitter_card":"summary_large_image","twitter_misc":{"Gesch\u00e4tzte Lesezeit":"1\u00a0Minute"},"schema":{"@context":"https:\/\/schema.org","@graph":[{"@type":"WebPage","@id":"https:\/\/shanabooks.de\/product\/%d8%aa%d8%b9%d9%84%d9%85-%d8%a7%d9%84%d9%83%d8%b1%d8%af%d9%8a%d8%a9-feri-zimane-kurdi-bibe-selah-mihemed\/","url":"https:\/\/shanabooks.de\/product\/%d8%aa%d8%b9%d9%84%d9%85-%d8%a7%d9%84%d9%83%d8%b1%d8%af%d9%8a%d8%a9-feri-zimane-kurdi-bibe-selah-mihemed\/","name":"\u062a\u0639\u0644\u0645 \u0627\u0644\u0643\u0631\u062f\u064a\u0629 - F\u00ear\u00ee Ziman\u00ea Kurd\u00ee bibe - Selah Mihemed - www.shanabooks.de","isPartOf":{"@id":"https:\/\/shanabooks.de\/#website"},"datePublished":"2024-03-03T11:50:49+00:00","dateModified":"2024-04-08T16:22:25+00:00","description":"\u062a\u0639\u0644\u0645 \u0627\u0644\u0643\u0631\u062f\u064a\u0629 - F\u00ear\u00ee Ziman\u00ea Kurd\u00ee bibe - Selah Mihemed \u0639\u0646 \u0637\u0631\u064a\u0642 \u0647\u0630\u0627 \u0627\u0644\u0643\u062a\u0627\u0628 \u064a\u0645\u0643\u0646 \u0644\u0634\u062e\u0635 \u062a\u0639\u0644\u0645 \u0627\u0644\u0643\u0648\u0631\u062f\u064a\u0629 \u0643\u062a\u0627\u0628\u0629\u064b \u0648 \u0646\u0637\u0642\u0627\u064b \u0628\u0634\u0643\u0644 \u0645\u0628\u0633\u0637....","breadcrumb":{"@id":"https:\/\/shanabooks.de\/product\/%d8%aa%d8%b9%d9%84%d9%85-%d8%a7%d9%84%d9%83%d8%b1%d8%af%d9%8a%d8%a9-feri-zimane-kurdi-bibe-selah-mihemed\/#breadcrumb"},"inLanguage":"de","potentialAction":[{"@type":"ReadAction","target":["https:\/\/shanabooks.de\/product\/%d8%aa%d8%b9%d9%84%d9%85-%d8%a7%d9%84%d9%83%d8%b1%d8%af%d9%8a%d8%a9-feri-zimane-kurdi-bibe-selah-mihemed\/"]}]},{"@type":"BreadcrumbList","@id":"https:\/\/shanabooks.de\/product\/%d8%aa%d8%b9%d9%84%d9%85-%d8%a7%d9%84%d9%83%d8%b1%d8%af%d9%8a%d8%a9-feri-zimane-kurdi-bibe-selah-mihemed\/#breadcrumb","itemListElement":[{"@type":"ListItem","position":1,"name":"\u0627\u0644\u0631\u0626\u064a\u0633\u064a\u0629","item":"https:\/\/shanabooks.de\/de\/"},{"@type":"ListItem","position":2,"name":"\u0627\u0644\u0645\u0646\u062a\u062c\u0627\u062a","item":"https:\/\/shanabooks.de\/shop\/"},{"@type":"ListItem","position":3,"name":"\u062a\u0639\u0644\u0645 \u0627\u0644\u0643\u0631\u062f\u064a\u0629 &#8211; F\u00ear\u00ee Ziman\u00ea Kurd\u00ee bibe"}]},{"@type":"WebSite","@id":"https:\/\/shanabooks.de\/#website","url":"https:\/\/shanabooks.de\/","name":"www.shanbooks.de","description":"C\u00eehana Pirt\u00fbk\u00ean Kurd\u00ee \u0645\u0643\u062a\u0628\u0629 \u0634\u0627\u0646\u0627 \u0641\u064a \u0627\u0644\u0645\u0627\u0646\u064a\u0627 \u0648\u0623\u0648\u0631\u0628\u0627","publisher":{"@id":"https:\/\/shanabooks.de\/#organization"},"potentialAction":[{"@type":"SearchAction","target":{"@type":"EntryPoint","urlTemplate":"https:\/\/shanabooks.de\/?s={search_term_string}"},"query-input":{"@type":"PropertyValueSpecification","valueRequired":true,"valueName":"search_term_string"}}],"inLanguage":"de"},{"@type":"Organization","@id":"https:\/\/shanabooks.de\/#organization","name":"www.shanbooks.de","url":"https:\/\/shanabooks.de\/","logo":{"@type":"ImageObject","inLanguage":"de","@id":"https:\/\/shanabooks.de\/#\/schema\/logo\/image\/","url":"https:\/\/shanabooks.de\/wp-content\/uploads\/2024\/03\/SHANABOOKS__2_-removebg-preview.png","contentUrl":"https:\/\/shanabooks.de\/wp-content\/uploads\/2024\/03\/SHANABOOKS__2_-removebg-preview.png","width":700,"height":150,"caption":"www.shanbooks.de"},"image":{"@id":"https:\/\/shanabooks.de\/#\/schema\/logo\/image\/"}}]}},"jetpack_sharing_enabled":true,"_links":{"self":[{"href":"https:\/\/shanabooks.de\/de\/wp-json\/wp\/v2\/product\/11618","targetHints":{"allow":["GET"]}}],"collection":[{"href":"https:\/\/shanabooks.de\/de\/wp-json\/wp\/v2\/product"}],"about":[{"href":"https:\/\/shanabooks.de\/de\/wp-json\/wp\/v2\/types\/product"}],"version-history":[{"count":3,"href":"https:\/\/shanabooks.de\/de\/wp-json\/wp\/v2\/product\/11618\/revisions"}],"predecessor-version":[{"id":23347,"href":"https:\/\/shanabooks.de\/de\/wp-json\/wp\/v2\/product\/11618\/revisions\/23347"}],"wp:attachment":[{"href":"https:\/\/shanabooks.de\/de\/wp-json\/wp\/v2\/media?parent=11618"}],"wp:term":[{"taxonomy":"product_brand","embeddable":true,"href":"https:\/\/shanabooks.de\/de\/wp-json\/wp\/v2\/product_brand?post=11618"},{"taxonomy":"product_cat","embeddable":true,"href":"https:\/\/shanabooks.de\/de\/wp-json\/wp\/v2\/product_cat?post=11618"},{"taxonomy":"product_tag","embeddable":true,"href":"https:\/\/shanabooks.de\/de\/wp-json\/wp\/v2\/product_tag?post=11618"}],"curies":[{"name":"wp","href":"https:\/\/api.w.org\/{rel}","templated":true}]}}