{"id":11626,"date":"2024-03-03T11:50:49","date_gmt":"2024-03-03T11:50:49","guid":{"rendered":"https:\/\/shanabooks.de\/?post_type=product&#038;p=11626"},"modified":"2024-03-04T12:09:59","modified_gmt":"2024-03-04T12:09:59","slug":"bingehen-gramera-kurdmanci-celadet-ali-bedirxan","status":"publish","type":"product","link":"https:\/\/shanabooks.de\/de\/product\/bingehen-gramera-kurdmanci-celadet-ali-bedirxan\/","title":{"rendered":"Bingeh\u00ean Gram\u00eara Kurdmanc\u00ee"},"content":{"rendered":"<p style=\"text-align: left\"><strong>Bingeh\u00ean Gram\u00eara Kurdmanc\u00ee &#8211; Celadet Al\u00ee Bedirxan<\/strong><\/p>\n<p style=\"text-align: left\">Ji bo ku zimanek b\u00ea parastin div\u00ea ew b\u00ea nivisandin. Zimanek\u00ee nivisk\u00ee ne ten\u00ea \u00e7\u00eatir dikare b\u00ea h\u00eenkirin, ew her wiha dan\u00ee\u015fana netewb\u00fbn\u00ea ye. Bi tesc\u00eel \u00fb ar\u015f\u00eevkirina ziman, bi damezrandina gramerek ji bo zimanek\u00ee ku j\u00ea b\u00eapar e, Bedirxaniyan gih\u00ee\u015ftin armanc\u00ean xwe y\u00ean ku bi r\u00eaya siyaset\u00ea nikarib\u00fbn bime\u015f\u00eenin.<br \/>\nNaveroka gramer\u00ea j\u00ee ji y\u00ean din gelek\u00ee cudatir e. Ev gramer yekem\u00een gramer e ku li gor metod\u00ean berhevdana zimanasiy\u00ea hatiye avakirin. Qa\u00eede \u00fb r\u00eabaz, ne ten\u00ea li gor devok \u00fb axaftina \u00e7end kesan hatine tesp\u00eet kirin, l\u00ea di \u00e7er\u00e7oveya \u00e7avd\u00ear\u00ee, l\u00eakol\u00een \u00fb anketan ku li gelek dever\u00ean kurmanj\u00eeax\u00eaf hatine lidarxistin. Daney\u00ean ku bi van l\u00eakol\u00eenan hatine berhevkirin di bin serenav\u00ea &#8222;navd\u00ear, m\u00eajer, tewang, veqetandek, pronav \u00fb rengd\u00ear&#8220; de t\u00ean danas\u00een.<br \/>\nSalih Akin<\/p>\n","protected":false},"excerpt":{"rendered":"<p style=\"text-align: center\"><strong>Pirt\u00fbk: Bingeh\u00ean Gram\u00eara Kurdmanc\u00ee<br \/>\nNiv\u00eeskar: Celadet Al\u00ee Bedirxan<br \/>\n<\/strong><strong>Cure: R\u00eaziman<\/strong><\/p>\n","protected":false},"featured_media":11699,"template":"","meta":{"site-sidebar-layout":"default","site-content-layout":"","ast-site-content-layout":"default","site-content-style":"default","site-sidebar-style":"default","ast-global-header-display":"","ast-banner-title-visibility":"","ast-main-header-display":"","ast-hfb-above-header-display":"","ast-hfb-below-header-display":"","ast-hfb-mobile-header-display":"","site-post-title":"","ast-breadcrumbs-content":"","ast-featured-img":"","footer-sml-layout":"","ast-disable-related-posts":"","theme-transparent-header-meta":"default","adv-header-id-meta":"","stick-header-meta":"","header-above-stick-meta":"","header-main-stick-meta":"","header-below-stick-meta":"","astra-migrate-meta-layouts":"set","ast-page-background-enabled":"default","ast-page-background-meta":{"desktop":{"background-color":"","background-image":"","background-repeat":"repeat","background-position":"center center","background-size":"auto","background-attachment":"scroll","background-type":"","background-media":"","overlay-type":"","overlay-color":"","overlay-opacity":"","overlay-gradient":""},"tablet":{"background-color":"","background-image":"","background-repeat":"repeat","background-position":"center center","background-size":"auto","background-attachment":"scroll","background-type":"","background-media":"","overlay-type":"","overlay-color":"","overlay-opacity":"","overlay-gradient":""},"mobile":{"background-color":"","background-image":"","background-repeat":"repeat","background-position":"center center","background-size":"auto","background-attachment":"scroll","background-type":"","background-media":"","overlay-type":"","overlay-color":"","overlay-opacity":"","overlay-gradient":""}},"ast-content-background-meta":{"desktop":{"background-color":"var(--ast-global-color-5)","background-image":"","background-repeat":"repeat","background-position":"center center","background-size":"auto","background-attachment":"scroll","background-type":"","background-media":"","overlay-type":"","overlay-color":"","overlay-opacity":"","overlay-gradient":""},"tablet":{"background-color":"var(--ast-global-color-5)","background-image":"","background-repeat":"repeat","background-position":"center center","background-size":"auto","background-attachment":"scroll","background-type":"","background-media":"","overlay-type":"","overlay-color":"","overlay-opacity":"","overlay-gradient":""},"mobile":{"background-color":"var(--ast-global-color-5)","background-image":"","background-repeat":"repeat","background-position":"center center","background-size":"auto","background-attachment":"scroll","background-type":"","background-media":"","overlay-type":"","overlay-color":"","overlay-opacity":"","overlay-gradient":""}}},"product_brand":[],"product_cat":[178,177,193],"product_tag":[],"class_list":{"0":"post-11626","1":"product","2":"type-product","3":"status-publish","4":"has-post-thumbnail","6":"product_cat--_","9":"pa_-ferbuna-kurdi","10":"pa_-reziman","11":"pa_-celadet-ali-bedirxan","12":"pa_-kurmanci","13":"pa_--avesta-yayinlari","14":"desktop-align-left","15":"tablet-align-left","16":"mobile-align-left","18":"first","19":"instock","20":"shipping-taxable","21":"purchasable","22":"product-type-simple"},"yoast_head":"<!-- This site is optimized with the Yoast SEO plugin v27.4 - https:\/\/yoast.com\/product\/yoast-seo-wordpress\/ -->\n<title>Bingeh\u00ean Gram\u00eara Kurdmanc\u00ee - Celadet Al\u00ee Bedirxan - www.shanabooks.de<\/title>\n<meta name=\"description\" content=\"Bingeh\u00ean Gram\u00eara Kurdmanc\u00ee - Celadet Al\u00ee Bedirxan Ji bo ku zimanek b\u00ea parastin div\u00ea ew b\u00ea nivisandin. Zimanek\u00ee nivisk\u00ee ne ten\u00ea \u00e7\u00eatir dikare b\u00ea h\u00eenkirin...\" \/>\n<meta name=\"robots\" content=\"index, follow, max-snippet:-1, max-image-preview:large, max-video-preview:-1\" \/>\n<link rel=\"canonical\" href=\"https:\/\/shanabooks.de\/product\/bingehen-gramera-kurdmanci-celadet-ali-bedirxan\/\" \/>\n<meta property=\"og:locale\" content=\"de_DE\" \/>\n<meta property=\"og:type\" content=\"article\" \/>\n<meta property=\"og:title\" content=\"Bingeh\u00ean Gram\u00eara Kurdmanc\u00ee - Celadet Al\u00ee Bedirxan - www.shanabooks.de\" \/>\n<meta property=\"og:description\" content=\"Bingeh\u00ean Gram\u00eara Kurdmanc\u00ee - Celadet Al\u00ee Bedirxan Ji bo ku zimanek b\u00ea parastin div\u00ea ew b\u00ea nivisandin. Zimanek\u00ee nivisk\u00ee ne ten\u00ea \u00e7\u00eatir dikare b\u00ea h\u00eenkirin...\" \/>\n<meta property=\"og:url\" content=\"https:\/\/shanabooks.de\/product\/bingehen-gramera-kurdmanci-celadet-ali-bedirxan\/\" \/>\n<meta property=\"og:site_name\" content=\"www.shanabooks.de\" \/>\n<meta property=\"article:modified_time\" content=\"2024-03-04T12:09:59+00:00\" \/>\n<meta property=\"og:image\" content=\"https:\/\/shanabooks.de\/wp-content\/uploads\/2024\/03\/Bingehen-Gramera-Kurdmanci.jpg\" \/>\n\t<meta property=\"og:image:width\" content=\"602\" \/>\n\t<meta property=\"og:image:height\" content=\"900\" \/>\n\t<meta property=\"og:image:type\" content=\"image\/jpeg\" \/>\n<meta name=\"twitter:card\" content=\"summary_large_image\" \/>\n<meta name=\"twitter:label1\" content=\"Gesch\u00e4tzte Lesezeit\" \/>\n\t<meta name=\"twitter:data1\" content=\"2\u00a0Minuten\" \/>\n<script type=\"application\/ld+json\" class=\"yoast-schema-graph\">{\"@context\":\"https:\\\/\\\/schema.org\",\"@graph\":[{\"@type\":\"WebPage\",\"@id\":\"https:\\\/\\\/shanabooks.de\\\/product\\\/bingehen-gramera-kurdmanci-celadet-ali-bedirxan\\\/\",\"url\":\"https:\\\/\\\/shanabooks.de\\\/product\\\/bingehen-gramera-kurdmanci-celadet-ali-bedirxan\\\/\",\"name\":\"Bingeh\u00ean Gram\u00eara Kurdmanc\u00ee - Celadet Al\u00ee Bedirxan - www.shanabooks.de\",\"isPartOf\":{\"@id\":\"https:\\\/\\\/shanabooks.de\\\/#website\"},\"primaryImageOfPage\":{\"@id\":\"https:\\\/\\\/shanabooks.de\\\/product\\\/bingehen-gramera-kurdmanci-celadet-ali-bedirxan\\\/#primaryimage\"},\"image\":{\"@id\":\"https:\\\/\\\/shanabooks.de\\\/product\\\/bingehen-gramera-kurdmanci-celadet-ali-bedirxan\\\/#primaryimage\"},\"thumbnailUrl\":\"https:\\\/\\\/shanabooks.de\\\/wp-content\\\/uploads\\\/2024\\\/03\\\/Bingehen-Gramera-Kurdmanci.jpg\",\"datePublished\":\"2024-03-03T11:50:49+00:00\",\"dateModified\":\"2024-03-04T12:09:59+00:00\",\"description\":\"Bingeh\u00ean Gram\u00eara Kurdmanc\u00ee - Celadet Al\u00ee Bedirxan Ji bo ku zimanek b\u00ea parastin div\u00ea ew b\u00ea nivisandin. Zimanek\u00ee nivisk\u00ee ne ten\u00ea \u00e7\u00eatir dikare b\u00ea h\u00eenkirin...\",\"breadcrumb\":{\"@id\":\"https:\\\/\\\/shanabooks.de\\\/product\\\/bingehen-gramera-kurdmanci-celadet-ali-bedirxan\\\/#breadcrumb\"},\"inLanguage\":\"de\",\"potentialAction\":[{\"@type\":\"ReadAction\",\"target\":[\"https:\\\/\\\/shanabooks.de\\\/product\\\/bingehen-gramera-kurdmanci-celadet-ali-bedirxan\\\/\"]}]},{\"@type\":\"ImageObject\",\"inLanguage\":\"de\",\"@id\":\"https:\\\/\\\/shanabooks.de\\\/product\\\/bingehen-gramera-kurdmanci-celadet-ali-bedirxan\\\/#primaryimage\",\"url\":\"https:\\\/\\\/shanabooks.de\\\/wp-content\\\/uploads\\\/2024\\\/03\\\/Bingehen-Gramera-Kurdmanci.jpg\",\"contentUrl\":\"https:\\\/\\\/shanabooks.de\\\/wp-content\\\/uploads\\\/2024\\\/03\\\/Bingehen-Gramera-Kurdmanci.jpg\",\"width\":602,\"height\":900,\"caption\":\"Bingeh\u00ean Gram\u00eara Kurdmanc\u00ee - Celadet Al\u00ee Bedirxan - pirt\u00fbk\u00ean kurd\u00ee\"},{\"@type\":\"BreadcrumbList\",\"@id\":\"https:\\\/\\\/shanabooks.de\\\/product\\\/bingehen-gramera-kurdmanci-celadet-ali-bedirxan\\\/#breadcrumb\",\"itemListElement\":[{\"@type\":\"ListItem\",\"position\":1,\"name\":\"\u0627\u0644\u0631\u0626\u064a\u0633\u064a\u0629\",\"item\":\"https:\\\/\\\/shanabooks.de\\\/de\\\/\"},{\"@type\":\"ListItem\",\"position\":2,\"name\":\"\u0627\u0644\u0645\u0646\u062a\u062c\u0627\u062a\",\"item\":\"https:\\\/\\\/shanabooks.de\\\/shop\\\/\"},{\"@type\":\"ListItem\",\"position\":3,\"name\":\"Bingeh\u00ean Gram\u00eara Kurdmanc\u00ee\"}]},{\"@type\":\"WebSite\",\"@id\":\"https:\\\/\\\/shanabooks.de\\\/#website\",\"url\":\"https:\\\/\\\/shanabooks.de\\\/\",\"name\":\"www.shanbooks.de\",\"description\":\"C\u00eehana Pirt\u00fbk\u00ean Kurd\u00ee \u0645\u0643\u062a\u0628\u0629 \u0634\u0627\u0646\u0627 \u0641\u064a \u0627\u0644\u0645\u0627\u0646\u064a\u0627 \u0648\u0623\u0648\u0631\u0628\u0627\",\"publisher\":{\"@id\":\"https:\\\/\\\/shanabooks.de\\\/#organization\"},\"potentialAction\":[{\"@type\":\"SearchAction\",\"target\":{\"@type\":\"EntryPoint\",\"urlTemplate\":\"https:\\\/\\\/shanabooks.de\\\/?s={search_term_string}\"},\"query-input\":{\"@type\":\"PropertyValueSpecification\",\"valueRequired\":true,\"valueName\":\"search_term_string\"}}],\"inLanguage\":\"de\"},{\"@type\":\"Organization\",\"@id\":\"https:\\\/\\\/shanabooks.de\\\/#organization\",\"name\":\"www.shanbooks.de\",\"url\":\"https:\\\/\\\/shanabooks.de\\\/\",\"logo\":{\"@type\":\"ImageObject\",\"inLanguage\":\"de\",\"@id\":\"https:\\\/\\\/shanabooks.de\\\/#\\\/schema\\\/logo\\\/image\\\/\",\"url\":\"https:\\\/\\\/shanabooks.de\\\/wp-content\\\/uploads\\\/2024\\\/03\\\/SHANABOOKS__2_-removebg-preview.png\",\"contentUrl\":\"https:\\\/\\\/shanabooks.de\\\/wp-content\\\/uploads\\\/2024\\\/03\\\/SHANABOOKS__2_-removebg-preview.png\",\"width\":700,\"height\":150,\"caption\":\"www.shanbooks.de\"},\"image\":{\"@id\":\"https:\\\/\\\/shanabooks.de\\\/#\\\/schema\\\/logo\\\/image\\\/\"}}]}<\/script>\n<!-- \/ Yoast SEO plugin. -->","yoast_head_json":{"title":"Bingeh\u00ean Gram\u00eara Kurdmanc\u00ee - Celadet Al\u00ee Bedirxan - www.shanabooks.de","description":"Bingeh\u00ean Gram\u00eara Kurdmanc\u00ee - Celadet Al\u00ee Bedirxan Ji bo ku zimanek b\u00ea parastin div\u00ea ew b\u00ea nivisandin. Zimanek\u00ee nivisk\u00ee ne ten\u00ea \u00e7\u00eatir dikare b\u00ea h\u00eenkirin...","robots":{"index":"index","follow":"follow","max-snippet":"max-snippet:-1","max-image-preview":"max-image-preview:large","max-video-preview":"max-video-preview:-1"},"canonical":"https:\/\/shanabooks.de\/product\/bingehen-gramera-kurdmanci-celadet-ali-bedirxan\/","og_locale":"de_DE","og_type":"article","og_title":"Bingeh\u00ean Gram\u00eara Kurdmanc\u00ee - Celadet Al\u00ee Bedirxan - www.shanabooks.de","og_description":"Bingeh\u00ean Gram\u00eara Kurdmanc\u00ee - Celadet Al\u00ee Bedirxan Ji bo ku zimanek b\u00ea parastin div\u00ea ew b\u00ea nivisandin. Zimanek\u00ee nivisk\u00ee ne ten\u00ea \u00e7\u00eatir dikare b\u00ea h\u00eenkirin...","og_url":"https:\/\/shanabooks.de\/product\/bingehen-gramera-kurdmanci-celadet-ali-bedirxan\/","og_site_name":"www.shanabooks.de","article_modified_time":"2024-03-04T12:09:59+00:00","og_image":[{"width":602,"height":900,"url":"https:\/\/shanabooks.de\/wp-content\/uploads\/2024\/03\/Bingehen-Gramera-Kurdmanci.jpg","type":"image\/jpeg"}],"twitter_card":"summary_large_image","twitter_misc":{"Gesch\u00e4tzte Lesezeit":"2\u00a0Minuten"},"schema":{"@context":"https:\/\/schema.org","@graph":[{"@type":"WebPage","@id":"https:\/\/shanabooks.de\/product\/bingehen-gramera-kurdmanci-celadet-ali-bedirxan\/","url":"https:\/\/shanabooks.de\/product\/bingehen-gramera-kurdmanci-celadet-ali-bedirxan\/","name":"Bingeh\u00ean Gram\u00eara Kurdmanc\u00ee - Celadet Al\u00ee Bedirxan - www.shanabooks.de","isPartOf":{"@id":"https:\/\/shanabooks.de\/#website"},"primaryImageOfPage":{"@id":"https:\/\/shanabooks.de\/product\/bingehen-gramera-kurdmanci-celadet-ali-bedirxan\/#primaryimage"},"image":{"@id":"https:\/\/shanabooks.de\/product\/bingehen-gramera-kurdmanci-celadet-ali-bedirxan\/#primaryimage"},"thumbnailUrl":"https:\/\/shanabooks.de\/wp-content\/uploads\/2024\/03\/Bingehen-Gramera-Kurdmanci.jpg","datePublished":"2024-03-03T11:50:49+00:00","dateModified":"2024-03-04T12:09:59+00:00","description":"Bingeh\u00ean Gram\u00eara Kurdmanc\u00ee - Celadet Al\u00ee Bedirxan Ji bo ku zimanek b\u00ea parastin div\u00ea ew b\u00ea nivisandin. Zimanek\u00ee nivisk\u00ee ne ten\u00ea \u00e7\u00eatir dikare b\u00ea h\u00eenkirin...","breadcrumb":{"@id":"https:\/\/shanabooks.de\/product\/bingehen-gramera-kurdmanci-celadet-ali-bedirxan\/#breadcrumb"},"inLanguage":"de","potentialAction":[{"@type":"ReadAction","target":["https:\/\/shanabooks.de\/product\/bingehen-gramera-kurdmanci-celadet-ali-bedirxan\/"]}]},{"@type":"ImageObject","inLanguage":"de","@id":"https:\/\/shanabooks.de\/product\/bingehen-gramera-kurdmanci-celadet-ali-bedirxan\/#primaryimage","url":"https:\/\/shanabooks.de\/wp-content\/uploads\/2024\/03\/Bingehen-Gramera-Kurdmanci.jpg","contentUrl":"https:\/\/shanabooks.de\/wp-content\/uploads\/2024\/03\/Bingehen-Gramera-Kurdmanci.jpg","width":602,"height":900,"caption":"Bingeh\u00ean Gram\u00eara Kurdmanc\u00ee - Celadet Al\u00ee Bedirxan - pirt\u00fbk\u00ean kurd\u00ee"},{"@type":"BreadcrumbList","@id":"https:\/\/shanabooks.de\/product\/bingehen-gramera-kurdmanci-celadet-ali-bedirxan\/#breadcrumb","itemListElement":[{"@type":"ListItem","position":1,"name":"\u0627\u0644\u0631\u0626\u064a\u0633\u064a\u0629","item":"https:\/\/shanabooks.de\/de\/"},{"@type":"ListItem","position":2,"name":"\u0627\u0644\u0645\u0646\u062a\u062c\u0627\u062a","item":"https:\/\/shanabooks.de\/shop\/"},{"@type":"ListItem","position":3,"name":"Bingeh\u00ean Gram\u00eara Kurdmanc\u00ee"}]},{"@type":"WebSite","@id":"https:\/\/shanabooks.de\/#website","url":"https:\/\/shanabooks.de\/","name":"www.shanbooks.de","description":"C\u00eehana Pirt\u00fbk\u00ean Kurd\u00ee \u0645\u0643\u062a\u0628\u0629 \u0634\u0627\u0646\u0627 \u0641\u064a \u0627\u0644\u0645\u0627\u0646\u064a\u0627 \u0648\u0623\u0648\u0631\u0628\u0627","publisher":{"@id":"https:\/\/shanabooks.de\/#organization"},"potentialAction":[{"@type":"SearchAction","target":{"@type":"EntryPoint","urlTemplate":"https:\/\/shanabooks.de\/?s={search_term_string}"},"query-input":{"@type":"PropertyValueSpecification","valueRequired":true,"valueName":"search_term_string"}}],"inLanguage":"de"},{"@type":"Organization","@id":"https:\/\/shanabooks.de\/#organization","name":"www.shanbooks.de","url":"https:\/\/shanabooks.de\/","logo":{"@type":"ImageObject","inLanguage":"de","@id":"https:\/\/shanabooks.de\/#\/schema\/logo\/image\/","url":"https:\/\/shanabooks.de\/wp-content\/uploads\/2024\/03\/SHANABOOKS__2_-removebg-preview.png","contentUrl":"https:\/\/shanabooks.de\/wp-content\/uploads\/2024\/03\/SHANABOOKS__2_-removebg-preview.png","width":700,"height":150,"caption":"www.shanbooks.de"},"image":{"@id":"https:\/\/shanabooks.de\/#\/schema\/logo\/image\/"}}]}},"jetpack_sharing_enabled":true,"_links":{"self":[{"href":"https:\/\/shanabooks.de\/de\/wp-json\/wp\/v2\/product\/11626","targetHints":{"allow":["GET"]}}],"collection":[{"href":"https:\/\/shanabooks.de\/de\/wp-json\/wp\/v2\/product"}],"about":[{"href":"https:\/\/shanabooks.de\/de\/wp-json\/wp\/v2\/types\/product"}],"version-history":[{"count":2,"href":"https:\/\/shanabooks.de\/de\/wp-json\/wp\/v2\/product\/11626\/revisions"}],"predecessor-version":[{"id":13794,"href":"https:\/\/shanabooks.de\/de\/wp-json\/wp\/v2\/product\/11626\/revisions\/13794"}],"wp:featuredmedia":[{"embeddable":true,"href":"https:\/\/shanabooks.de\/de\/wp-json\/wp\/v2\/media\/11699"}],"wp:attachment":[{"href":"https:\/\/shanabooks.de\/de\/wp-json\/wp\/v2\/media?parent=11626"}],"wp:term":[{"taxonomy":"product_brand","embeddable":true,"href":"https:\/\/shanabooks.de\/de\/wp-json\/wp\/v2\/product_brand?post=11626"},{"taxonomy":"product_cat","embeddable":true,"href":"https:\/\/shanabooks.de\/de\/wp-json\/wp\/v2\/product_cat?post=11626"},{"taxonomy":"product_tag","embeddable":true,"href":"https:\/\/shanabooks.de\/de\/wp-json\/wp\/v2\/product_tag?post=11626"}],"curies":[{"name":"wp","href":"https:\/\/api.w.org\/{rel}","templated":true}]}}