{"id":11627,"date":"2024-03-03T11:50:49","date_gmt":"2024-03-03T11:50:49","guid":{"rendered":"https:\/\/shanabooks.de\/?post_type=product&#038;p=11627"},"modified":"2024-03-04T14:43:55","modified_gmt":"2024-03-04T14:43:55","slug":"kovara-hawar","status":"publish","type":"product","link":"https:\/\/shanabooks.de\/de\/product\/kovara-hawar\/","title":{"rendered":"Kovara Hawar"},"content":{"rendered":"<p style=\"text-align: left\"><strong>Kovara Hawar<\/strong><\/p>\n<p style=\"text-align: left\">Di v\u00ea kovar\u00ea de yekem car di d\u00eeroka kurdan de ziman\u00ea kurd\u00ee bi t\u00eep\u00ean lat\u00een\u00ee hatiye niv\u00eesandin \u00fb ji ber v\u00ea yek\u00ea cihek\u00ee taybet \u00ea kovar\u00ea di p\u00ea\u015fve\u00e7\u00fbn \u00fb standartkirina ziman\u00ea kurd\u00ee de heye. Yekem\u00een hejmara kovara Hawar di 15&#8217;\u00ea gulana 1932&#8217;an de derket \u00fb heta 15&#8217;\u00ea gelaw\u00eaja1943&#8217;an 57 hejmar derketine. Hawar meh\u00ea du caran derdiket. Kovara Hawar, kovarek\u00ee pol\u00eet\u00eek \u00fb w\u00eajey\u00ee b\u00fb \u00fb ji aliy\u00ea Celadet Al\u00ee Bedirxan ve dihate derxistin. \u00a0Al\u00eekariyeke w\u00ea ya mezin ji bo ziman\u00ea kurd\u00ee \u00e7\u00eab\u00fbye. Di kovar\u00ea de bi giran\u00ee l\u00eakol\u00een, \u00e7\u00eerok \u00fb helbest\u00ean bi kurd\u00ee, ji edebiyata kurd\u00ee niv\u00ees\u00ean bijart\u00ee hatin we\u015fandin. Bi vi away\u00ee Hawar di w\u00eaje \u00fb mijara ziman\u00ee de b\u00fbb\u00fb rewtek \u00fb ekolek \u00fb heta sala 1943&#8217;an we\u015fana xwe berdewan kir. C\u00eeh\u00ea xebata \u00fb we\u015fandina kovar\u00ea paytexta S\u00fbriy\u00ea \u015eam b\u00fb.<\/p>\n<p style=\"text-align: left\">Li gel kurd\u00ee di her hejmarek\u00ee de 3-4 r\u00fbpel\u00ean\u00a0frens\u00ee\u00a0j\u00ee heb\u00fbn. Heta hejmara 23&#8217;an niv\u00ees\u00ean kurd\u00ee y\u00ea kovar\u00ea bi\u00a0alfabey\u00ean lat\u00een\u00ee\u00a0\u00fb ereb\u00ee derdiketin. Pi\u015ft\u00ee v\u00ea hejmar\u00ea ew temam\u00ee \u00ead\u00ee bi lat\u00eeni dihat we\u015fandin<\/p>\n<p style=\"text-align: left\">Roja destp\u00eaka we\u015fana kovara Hawar\u00ea (15&#8217;\u00ea gulan\u00ea) \u00eero weke Roja ziman\u00ea kurd\u00ee t\u00ea p\u00eerozkirin.<\/p>\n","protected":false},"excerpt":{"rendered":"<p style=\"text-align: center\"><strong>Pirt\u00fbk: Kovara Hawar<br \/>\nCure: Kovar<\/strong><\/p>\n","protected":false},"featured_media":5740,"template":"","meta":{"site-sidebar-layout":"default","site-content-layout":"","ast-site-content-layout":"default","site-content-style":"default","site-sidebar-style":"default","ast-global-header-display":"","ast-banner-title-visibility":"","ast-main-header-display":"","ast-hfb-above-header-display":"","ast-hfb-below-header-display":"","ast-hfb-mobile-header-display":"","site-post-title":"","ast-breadcrumbs-content":"","ast-featured-img":"","footer-sml-layout":"","ast-disable-related-posts":"","theme-transparent-header-meta":"default","adv-header-id-meta":"","stick-header-meta":"","header-above-stick-meta":"","header-main-stick-meta":"","header-below-stick-meta":"","astra-migrate-meta-layouts":"set","ast-page-background-enabled":"default","ast-page-background-meta":{"desktop":{"background-color":"","background-image":"","background-repeat":"repeat","background-position":"center center","background-size":"auto","background-attachment":"scroll","background-type":"","background-media":"","overlay-type":"","overlay-color":"","overlay-opacity":"","overlay-gradient":""},"tablet":{"background-color":"","background-image":"","background-repeat":"repeat","background-position":"center center","background-size":"auto","background-attachment":"scroll","background-type":"","background-media":"","overlay-type":"","overlay-color":"","overlay-opacity":"","overlay-gradient":""},"mobile":{"background-color":"","background-image":"","background-repeat":"repeat","background-position":"center center","background-size":"auto","background-attachment":"scroll","background-type":"","background-media":"","overlay-type":"","overlay-color":"","overlay-opacity":"","overlay-gradient":""}},"ast-content-background-meta":{"desktop":{"background-color":"var(--ast-global-color-5)","background-image":"","background-repeat":"repeat","background-position":"center center","background-size":"auto","background-attachment":"scroll","background-type":"","background-media":"","overlay-type":"","overlay-color":"","overlay-opacity":"","overlay-gradient":""},"tablet":{"background-color":"var(--ast-global-color-5)","background-image":"","background-repeat":"repeat","background-position":"center center","background-size":"auto","background-attachment":"scroll","background-type":"","background-media":"","overlay-type":"","overlay-color":"","overlay-opacity":"","overlay-gradient":""},"mobile":{"background-color":"var(--ast-global-color-5)","background-image":"","background-repeat":"repeat","background-position":"center center","background-size":"auto","background-attachment":"scroll","background-type":"","background-media":"","overlay-type":"","overlay-color":"","overlay-opacity":"","overlay-gradient":""}}},"product_brand":[],"product_cat":[180,193],"product_tag":[],"class_list":{"0":"post-11627","1":"product","2":"type-product","3":"status-publish","4":"has-post-thumbnail","6":"product_cat-_","7":"product_cat--_","8":"pa_-folklor","9":"pa_-kovar","10":"pa_-grupek-niviskar","11":"pa_-kurmanci","12":"pa_--belki","13":"desktop-align-left","14":"tablet-align-left","15":"mobile-align-left","17":"first","18":"instock","19":"shipping-taxable","20":"purchasable","21":"product-type-simple"},"yoast_head":"<!-- This site is optimized with the Yoast SEO plugin v27.4 - https:\/\/yoast.com\/product\/yoast-seo-wordpress\/ -->\n<title>Kovara Hawar - www.shanabooks.de<\/title>\n<meta name=\"description\" content=\"Kovara Hawar Di v\u00ea kovar\u00ea de yekem car di d\u00eeroka kurdan de ziman\u00ea kurd\u00ee bi t\u00eep\u00ean lat\u00een\u00ee hatiye niv\u00eesandin \u00fb ji ber v\u00ea yek\u00ea cihek\u00ee taybet \u00ea kovar\u00ea di p\u00ea\u015fv...\" \/>\n<meta name=\"robots\" content=\"index, follow, max-snippet:-1, max-image-preview:large, max-video-preview:-1\" \/>\n<link rel=\"canonical\" href=\"https:\/\/shanabooks.de\/product\/kovara-hawar\/\" \/>\n<meta property=\"og:locale\" content=\"de_DE\" \/>\n<meta property=\"og:type\" content=\"article\" \/>\n<meta property=\"og:title\" content=\"Kovara Hawar - www.shanabooks.de\" \/>\n<meta property=\"og:description\" content=\"Kovara Hawar Di v\u00ea kovar\u00ea de yekem car di d\u00eeroka kurdan de ziman\u00ea kurd\u00ee bi t\u00eep\u00ean lat\u00een\u00ee hatiye niv\u00eesandin \u00fb ji ber v\u00ea yek\u00ea cihek\u00ee taybet \u00ea kovar\u00ea di p\u00ea\u015fv...\" \/>\n<meta property=\"og:url\" content=\"https:\/\/shanabooks.de\/product\/kovara-hawar\/\" \/>\n<meta property=\"og:site_name\" content=\"www.shanabooks.de\" \/>\n<meta property=\"article:modified_time\" content=\"2024-03-04T14:43:55+00:00\" \/>\n<meta property=\"og:image\" content=\"https:\/\/shanabooks.de\/wp-content\/uploads\/2024\/01\/hawar.jpg\" \/>\n\t<meta property=\"og:image:width\" content=\"188\" \/>\n\t<meta property=\"og:image:height\" content=\"268\" \/>\n\t<meta property=\"og:image:type\" content=\"image\/jpeg\" \/>\n<meta name=\"twitter:card\" content=\"summary_large_image\" \/>\n<meta name=\"twitter:label1\" content=\"Gesch\u00e4tzte Lesezeit\" \/>\n\t<meta name=\"twitter:data1\" content=\"2\u00a0Minuten\" \/>\n<script type=\"application\/ld+json\" class=\"yoast-schema-graph\">{\"@context\":\"https:\\\/\\\/schema.org\",\"@graph\":[{\"@type\":\"WebPage\",\"@id\":\"https:\\\/\\\/shanabooks.de\\\/product\\\/kovara-hawar\\\/\",\"url\":\"https:\\\/\\\/shanabooks.de\\\/product\\\/kovara-hawar\\\/\",\"name\":\"Kovara Hawar - www.shanabooks.de\",\"isPartOf\":{\"@id\":\"https:\\\/\\\/shanabooks.de\\\/#website\"},\"primaryImageOfPage\":{\"@id\":\"https:\\\/\\\/shanabooks.de\\\/product\\\/kovara-hawar\\\/#primaryimage\"},\"image\":{\"@id\":\"https:\\\/\\\/shanabooks.de\\\/product\\\/kovara-hawar\\\/#primaryimage\"},\"thumbnailUrl\":\"https:\\\/\\\/shanabooks.de\\\/wp-content\\\/uploads\\\/2024\\\/01\\\/hawar.jpg\",\"datePublished\":\"2024-03-03T11:50:49+00:00\",\"dateModified\":\"2024-03-04T14:43:55+00:00\",\"description\":\"Kovara Hawar Di v\u00ea kovar\u00ea de yekem car di d\u00eeroka kurdan de ziman\u00ea kurd\u00ee bi t\u00eep\u00ean lat\u00een\u00ee hatiye niv\u00eesandin \u00fb ji ber v\u00ea yek\u00ea cihek\u00ee taybet \u00ea kovar\u00ea di p\u00ea\u015fv...\",\"breadcrumb\":{\"@id\":\"https:\\\/\\\/shanabooks.de\\\/product\\\/kovara-hawar\\\/#breadcrumb\"},\"inLanguage\":\"de\",\"potentialAction\":[{\"@type\":\"ReadAction\",\"target\":[\"https:\\\/\\\/shanabooks.de\\\/product\\\/kovara-hawar\\\/\"]}]},{\"@type\":\"ImageObject\",\"inLanguage\":\"de\",\"@id\":\"https:\\\/\\\/shanabooks.de\\\/product\\\/kovara-hawar\\\/#primaryimage\",\"url\":\"https:\\\/\\\/shanabooks.de\\\/wp-content\\\/uploads\\\/2024\\\/01\\\/hawar.jpg\",\"contentUrl\":\"https:\\\/\\\/shanabooks.de\\\/wp-content\\\/uploads\\\/2024\\\/01\\\/hawar.jpg\",\"width\":188,\"height\":268,\"caption\":\"Kovara Hawar - pirt\u00fbk\u00ean Kurd\u00ee\"},{\"@type\":\"BreadcrumbList\",\"@id\":\"https:\\\/\\\/shanabooks.de\\\/product\\\/kovara-hawar\\\/#breadcrumb\",\"itemListElement\":[{\"@type\":\"ListItem\",\"position\":1,\"name\":\"\u0627\u0644\u0631\u0626\u064a\u0633\u064a\u0629\",\"item\":\"https:\\\/\\\/shanabooks.de\\\/de\\\/\"},{\"@type\":\"ListItem\",\"position\":2,\"name\":\"\u0627\u0644\u0645\u0646\u062a\u062c\u0627\u062a\",\"item\":\"https:\\\/\\\/shanabooks.de\\\/shop\\\/\"},{\"@type\":\"ListItem\",\"position\":3,\"name\":\"Kovara Hawar\"}]},{\"@type\":\"WebSite\",\"@id\":\"https:\\\/\\\/shanabooks.de\\\/#website\",\"url\":\"https:\\\/\\\/shanabooks.de\\\/\",\"name\":\"www.shanbooks.de\",\"description\":\"C\u00eehana Pirt\u00fbk\u00ean Kurd\u00ee \u0645\u0643\u062a\u0628\u0629 \u0634\u0627\u0646\u0627 \u0641\u064a \u0627\u0644\u0645\u0627\u0646\u064a\u0627 \u0648\u0623\u0648\u0631\u0628\u0627\",\"publisher\":{\"@id\":\"https:\\\/\\\/shanabooks.de\\\/#organization\"},\"potentialAction\":[{\"@type\":\"SearchAction\",\"target\":{\"@type\":\"EntryPoint\",\"urlTemplate\":\"https:\\\/\\\/shanabooks.de\\\/?s={search_term_string}\"},\"query-input\":{\"@type\":\"PropertyValueSpecification\",\"valueRequired\":true,\"valueName\":\"search_term_string\"}}],\"inLanguage\":\"de\"},{\"@type\":\"Organization\",\"@id\":\"https:\\\/\\\/shanabooks.de\\\/#organization\",\"name\":\"www.shanbooks.de\",\"url\":\"https:\\\/\\\/shanabooks.de\\\/\",\"logo\":{\"@type\":\"ImageObject\",\"inLanguage\":\"de\",\"@id\":\"https:\\\/\\\/shanabooks.de\\\/#\\\/schema\\\/logo\\\/image\\\/\",\"url\":\"https:\\\/\\\/shanabooks.de\\\/wp-content\\\/uploads\\\/2024\\\/03\\\/SHANABOOKS__2_-removebg-preview.png\",\"contentUrl\":\"https:\\\/\\\/shanabooks.de\\\/wp-content\\\/uploads\\\/2024\\\/03\\\/SHANABOOKS__2_-removebg-preview.png\",\"width\":700,\"height\":150,\"caption\":\"www.shanbooks.de\"},\"image\":{\"@id\":\"https:\\\/\\\/shanabooks.de\\\/#\\\/schema\\\/logo\\\/image\\\/\"}}]}<\/script>\n<!-- \/ Yoast SEO plugin. -->","yoast_head_json":{"title":"Kovara Hawar - www.shanabooks.de","description":"Kovara Hawar Di v\u00ea kovar\u00ea de yekem car di d\u00eeroka kurdan de ziman\u00ea kurd\u00ee bi t\u00eep\u00ean lat\u00een\u00ee hatiye niv\u00eesandin \u00fb ji ber v\u00ea yek\u00ea cihek\u00ee taybet \u00ea kovar\u00ea di p\u00ea\u015fv...","robots":{"index":"index","follow":"follow","max-snippet":"max-snippet:-1","max-image-preview":"max-image-preview:large","max-video-preview":"max-video-preview:-1"},"canonical":"https:\/\/shanabooks.de\/product\/kovara-hawar\/","og_locale":"de_DE","og_type":"article","og_title":"Kovara Hawar - www.shanabooks.de","og_description":"Kovara Hawar Di v\u00ea kovar\u00ea de yekem car di d\u00eeroka kurdan de ziman\u00ea kurd\u00ee bi t\u00eep\u00ean lat\u00een\u00ee hatiye niv\u00eesandin \u00fb ji ber v\u00ea yek\u00ea cihek\u00ee taybet \u00ea kovar\u00ea di p\u00ea\u015fv...","og_url":"https:\/\/shanabooks.de\/product\/kovara-hawar\/","og_site_name":"www.shanabooks.de","article_modified_time":"2024-03-04T14:43:55+00:00","og_image":[{"width":188,"height":268,"url":"https:\/\/shanabooks.de\/wp-content\/uploads\/2024\/01\/hawar.jpg","type":"image\/jpeg"}],"twitter_card":"summary_large_image","twitter_misc":{"Gesch\u00e4tzte Lesezeit":"2\u00a0Minuten"},"schema":{"@context":"https:\/\/schema.org","@graph":[{"@type":"WebPage","@id":"https:\/\/shanabooks.de\/product\/kovara-hawar\/","url":"https:\/\/shanabooks.de\/product\/kovara-hawar\/","name":"Kovara Hawar - www.shanabooks.de","isPartOf":{"@id":"https:\/\/shanabooks.de\/#website"},"primaryImageOfPage":{"@id":"https:\/\/shanabooks.de\/product\/kovara-hawar\/#primaryimage"},"image":{"@id":"https:\/\/shanabooks.de\/product\/kovara-hawar\/#primaryimage"},"thumbnailUrl":"https:\/\/shanabooks.de\/wp-content\/uploads\/2024\/01\/hawar.jpg","datePublished":"2024-03-03T11:50:49+00:00","dateModified":"2024-03-04T14:43:55+00:00","description":"Kovara Hawar Di v\u00ea kovar\u00ea de yekem car di d\u00eeroka kurdan de ziman\u00ea kurd\u00ee bi t\u00eep\u00ean lat\u00een\u00ee hatiye niv\u00eesandin \u00fb ji ber v\u00ea yek\u00ea cihek\u00ee taybet \u00ea kovar\u00ea di p\u00ea\u015fv...","breadcrumb":{"@id":"https:\/\/shanabooks.de\/product\/kovara-hawar\/#breadcrumb"},"inLanguage":"de","potentialAction":[{"@type":"ReadAction","target":["https:\/\/shanabooks.de\/product\/kovara-hawar\/"]}]},{"@type":"ImageObject","inLanguage":"de","@id":"https:\/\/shanabooks.de\/product\/kovara-hawar\/#primaryimage","url":"https:\/\/shanabooks.de\/wp-content\/uploads\/2024\/01\/hawar.jpg","contentUrl":"https:\/\/shanabooks.de\/wp-content\/uploads\/2024\/01\/hawar.jpg","width":188,"height":268,"caption":"Kovara Hawar - pirt\u00fbk\u00ean Kurd\u00ee"},{"@type":"BreadcrumbList","@id":"https:\/\/shanabooks.de\/product\/kovara-hawar\/#breadcrumb","itemListElement":[{"@type":"ListItem","position":1,"name":"\u0627\u0644\u0631\u0626\u064a\u0633\u064a\u0629","item":"https:\/\/shanabooks.de\/de\/"},{"@type":"ListItem","position":2,"name":"\u0627\u0644\u0645\u0646\u062a\u062c\u0627\u062a","item":"https:\/\/shanabooks.de\/shop\/"},{"@type":"ListItem","position":3,"name":"Kovara Hawar"}]},{"@type":"WebSite","@id":"https:\/\/shanabooks.de\/#website","url":"https:\/\/shanabooks.de\/","name":"www.shanbooks.de","description":"C\u00eehana Pirt\u00fbk\u00ean Kurd\u00ee \u0645\u0643\u062a\u0628\u0629 \u0634\u0627\u0646\u0627 \u0641\u064a \u0627\u0644\u0645\u0627\u0646\u064a\u0627 \u0648\u0623\u0648\u0631\u0628\u0627","publisher":{"@id":"https:\/\/shanabooks.de\/#organization"},"potentialAction":[{"@type":"SearchAction","target":{"@type":"EntryPoint","urlTemplate":"https:\/\/shanabooks.de\/?s={search_term_string}"},"query-input":{"@type":"PropertyValueSpecification","valueRequired":true,"valueName":"search_term_string"}}],"inLanguage":"de"},{"@type":"Organization","@id":"https:\/\/shanabooks.de\/#organization","name":"www.shanbooks.de","url":"https:\/\/shanabooks.de\/","logo":{"@type":"ImageObject","inLanguage":"de","@id":"https:\/\/shanabooks.de\/#\/schema\/logo\/image\/","url":"https:\/\/shanabooks.de\/wp-content\/uploads\/2024\/03\/SHANABOOKS__2_-removebg-preview.png","contentUrl":"https:\/\/shanabooks.de\/wp-content\/uploads\/2024\/03\/SHANABOOKS__2_-removebg-preview.png","width":700,"height":150,"caption":"www.shanbooks.de"},"image":{"@id":"https:\/\/shanabooks.de\/#\/schema\/logo\/image\/"}}]}},"jetpack_sharing_enabled":true,"_links":{"self":[{"href":"https:\/\/shanabooks.de\/de\/wp-json\/wp\/v2\/product\/11627","targetHints":{"allow":["GET"]}}],"collection":[{"href":"https:\/\/shanabooks.de\/de\/wp-json\/wp\/v2\/product"}],"about":[{"href":"https:\/\/shanabooks.de\/de\/wp-json\/wp\/v2\/types\/product"}],"version-history":[{"count":3,"href":"https:\/\/shanabooks.de\/de\/wp-json\/wp\/v2\/product\/11627\/revisions"}],"predecessor-version":[{"id":13805,"href":"https:\/\/shanabooks.de\/de\/wp-json\/wp\/v2\/product\/11627\/revisions\/13805"}],"wp:featuredmedia":[{"embeddable":true,"href":"https:\/\/shanabooks.de\/de\/wp-json\/wp\/v2\/media\/5740"}],"wp:attachment":[{"href":"https:\/\/shanabooks.de\/de\/wp-json\/wp\/v2\/media?parent=11627"}],"wp:term":[{"taxonomy":"product_brand","embeddable":true,"href":"https:\/\/shanabooks.de\/de\/wp-json\/wp\/v2\/product_brand?post=11627"},{"taxonomy":"product_cat","embeddable":true,"href":"https:\/\/shanabooks.de\/de\/wp-json\/wp\/v2\/product_cat?post=11627"},{"taxonomy":"product_tag","embeddable":true,"href":"https:\/\/shanabooks.de\/de\/wp-json\/wp\/v2\/product_tag?post=11627"}],"curies":[{"name":"wp","href":"https:\/\/api.w.org\/{rel}","templated":true}]}}