{"id":11632,"date":"2024-03-03T11:50:50","date_gmt":"2024-03-03T11:50:50","guid":{"rendered":"https:\/\/shanabooks.de\/?post_type=product&#038;p=11632"},"modified":"2026-01-02T20:13:55","modified_gmt":"2026-01-02T20:13:55","slug":"sterken-edebiyata-kurdi-necat-zivingi","status":"publish","type":"product","link":"https:\/\/shanabooks.de\/de\/product\/sterken-edebiyata-kurdi-necat-zivingi\/","title":{"rendered":"St\u00eark\u00ean Edeb\u00eeyata Kurd\u00ee"},"content":{"rendered":"<p style=\"text-align: left\"><strong>St\u00eark\u00ean Edeb\u00eeyata Kurd\u00ee &#8211; Necat Ziving\u00ee<\/strong><\/p>\n<p style=\"font-weight: 400;text-align: left\">Ji destp\u00eak\u00ea heta daw\u00eeya sedsala b\u00eest\u00ee, kurtej\u00eeyana 33 n\u00fbner\u00ean edeb\u00eeyata Kurd\u00ee ligel helbest\u00ean wan \u00ean m\u00eenak. Ji bakur, ba\u015f\u00fbr, rojhilat \u00fb rojava. Kurmanc, Soran, Dimil\u00ee, Lor \u00fb Goran.<\/p>\n<p style=\"font-weight: 400;text-align: left\">Bingeh \u00fb p\u00eavajoya p\u00eakhatina edeb\u00eeyata Kurd\u00ee \u00fb t\u00eakil\u00eeya w\u00ea bi desthilat \u00fb d\u00eenan re.\u00a0Di \u00e7ar\u00e7oveya c\u00fbrey\u00ea helbest\u00ea de, pirek ji bo edeb\u00eeyata Kurd\u00ee \u00fb hizra Kurdayet\u00eey\u00ea.<\/p>\n<p style=\"font-weight: 400;text-align: left\">Kurd\u00ee keng\u00ee derbas\u00ee niv\u00ees\u00ea b\u00fb? Edeb\u00eeyata Kurd\u00ee di k\u00eejan serdem\u00ea de dest p\u00ea kir? Li gor edeb\u00eeyat\u00ean c\u00eehan\u00ea rew\u015fa edeb\u00eeyata Kurd\u00ee? Dewlet\u00ean Kurd\u00ee, m\u00eerekt\u00eey\u00ean Kurd, medrese \u00fb rojhilatnasan li ser edeb\u00eeyata Kurd\u00ee \u00e7i bandor kirin? Rola jinan di edeb\u00eeyata Kurd\u00ee de? Mem \u00fb Z\u00een \u00fb \u00e7\u00eerok\u00ean din y\u00ean ev\u00een\u00ea? M\u00eenak\u00ean sereke y\u00ean pex\u015fana Kurd\u00ee \u00e7i ne? Hizr \u00fb hi\u015fmend\u00eeya doza Kurdistan\u00ea di edeb\u00eeyata Kurd\u00ee de? Rexnegir\u00ee \u00fb erot\u00eezm di edeb\u00eeyata klas\u00eek de \u00e7awa cih girt?Serdest\u00eeya i\u015fq\u00ea li ser d\u00een \u00fb bawer\u00eeyan \u00e7awa p\u00eak hat? \u015e\u00eerovekar\u00eeyeke n\u00fb di edeb\u00eeyata klas\u00eek de \u00e7iqas p\u00eakan e?<\/p>\n","protected":false},"excerpt":{"rendered":"<p style=\"text-align: center\"><strong>Pirt\u00fbk: St\u00eark\u00ean Edeb\u00eeyata Kurd\u00ee<br \/>\nNiv\u00eeskar: Necat Ziving\u00ee<br \/>\nCure: L\u00eakol\u00een<\/p>\n<p><\/strong><\/p>\n","protected":false},"featured_media":11702,"template":"","meta":{"site-sidebar-layout":"default","site-content-layout":"","ast-site-content-layout":"default","site-content-style":"default","site-sidebar-style":"default","ast-global-header-display":"","ast-banner-title-visibility":"","ast-main-header-display":"","ast-hfb-above-header-display":"","ast-hfb-below-header-display":"","ast-hfb-mobile-header-display":"","site-post-title":"","ast-breadcrumbs-content":"","ast-featured-img":"","footer-sml-layout":"","ast-disable-related-posts":"","theme-transparent-header-meta":"default","adv-header-id-meta":"","stick-header-meta":"","header-above-stick-meta":"","header-main-stick-meta":"","header-below-stick-meta":"","astra-migrate-meta-layouts":"set","ast-page-background-enabled":"default","ast-page-background-meta":{"desktop":{"background-color":"","background-image":"","background-repeat":"repeat","background-position":"center center","background-size":"auto","background-attachment":"scroll","background-type":"","background-media":"","overlay-type":"","overlay-color":"","overlay-opacity":"","overlay-gradient":""},"tablet":{"background-color":"","background-image":"","background-repeat":"repeat","background-position":"center center","background-size":"auto","background-attachment":"scroll","background-type":"","background-media":"","overlay-type":"","overlay-color":"","overlay-opacity":"","overlay-gradient":""},"mobile":{"background-color":"","background-image":"","background-repeat":"repeat","background-position":"center center","background-size":"auto","background-attachment":"scroll","background-type":"","background-media":"","overlay-type":"","overlay-color":"","overlay-opacity":"","overlay-gradient":""}},"ast-content-background-meta":{"desktop":{"background-color":"var(--ast-global-color-5)","background-image":"","background-repeat":"repeat","background-position":"center center","background-size":"auto","background-attachment":"scroll","background-type":"","background-media":"","overlay-type":"","overlay-color":"","overlay-opacity":"","overlay-gradient":""},"tablet":{"background-color":"var(--ast-global-color-5)","background-image":"","background-repeat":"repeat","background-position":"center center","background-size":"auto","background-attachment":"scroll","background-type":"","background-media":"","overlay-type":"","overlay-color":"","overlay-opacity":"","overlay-gradient":""},"mobile":{"background-color":"var(--ast-global-color-5)","background-image":"","background-repeat":"repeat","background-position":"center center","background-size":"auto","background-attachment":"scroll","background-type":"","background-media":"","overlay-type":"","overlay-color":"","overlay-opacity":"","overlay-gradient":""}}},"product_brand":[],"product_cat":[179,193],"product_tag":[],"class_list":{"0":"post-11632","1":"product","2":"type-product","3":"status-publish","4":"has-post-thumbnail","6":"product_cat-_","7":"product_cat--_","8":"pa_-lekolin","9":"pa_-necat-zivingi","10":"pa_-kurmanci","11":"pa_--dara-yayinlari","12":"desktop-align-left","13":"tablet-align-left","14":"mobile-align-left","16":"first","17":"outofstock","18":"shipping-taxable","19":"purchasable","20":"product-type-simple"},"yoast_head":"<!-- This site is optimized with the Yoast SEO plugin v27.4 - https:\/\/yoast.com\/product\/yoast-seo-wordpress\/ -->\n<title>St\u00eark\u00ean Edeb\u00eeyata Kurd\u00ee - Necat Ziving\u00ee - www.shanabooks.de<\/title>\n<meta name=\"description\" content=\"St\u00eark\u00ean Edeb\u00eeyata Kurd\u00ee - Necat Ziving\u00ee Ji destp\u00eak\u00ea heta daw\u00eeya sedsala b\u00eest\u00ee, kurtej\u00eeyana 33 n\u00fbner\u00ean edeb\u00eeyata Kurd\u00ee ligel helbest\u00ean wan \u00ean m\u00eenak. Ji ...\" \/>\n<meta name=\"robots\" content=\"index, follow, max-snippet:-1, max-image-preview:large, max-video-preview:-1\" \/>\n<link rel=\"canonical\" href=\"https:\/\/shanabooks.de\/product\/sterken-edebiyata-kurdi-necat-zivingi\/\" \/>\n<meta property=\"og:locale\" content=\"de_DE\" \/>\n<meta property=\"og:type\" content=\"article\" \/>\n<meta property=\"og:title\" content=\"St\u00eark\u00ean Edeb\u00eeyata Kurd\u00ee - Necat Ziving\u00ee - www.shanabooks.de\" \/>\n<meta property=\"og:description\" content=\"St\u00eark\u00ean Edeb\u00eeyata Kurd\u00ee - Necat Ziving\u00ee Ji destp\u00eak\u00ea heta daw\u00eeya sedsala b\u00eest\u00ee, kurtej\u00eeyana 33 n\u00fbner\u00ean edeb\u00eeyata Kurd\u00ee ligel helbest\u00ean wan \u00ean m\u00eenak. Ji ...\" \/>\n<meta property=\"og:url\" content=\"https:\/\/shanabooks.de\/product\/sterken-edebiyata-kurdi-necat-zivingi\/\" \/>\n<meta property=\"og:site_name\" content=\"www.shanabooks.de\" \/>\n<meta property=\"article:modified_time\" content=\"2026-01-02T20:13:55+00:00\" \/>\n<meta property=\"og:image\" content=\"https:\/\/shanabooks.de\/wp-content\/uploads\/2024\/03\/Sterken-Edebiyata-Kurdi.png\" \/>\n\t<meta property=\"og:image:width\" content=\"326\" \/>\n\t<meta property=\"og:image:height\" content=\"476\" \/>\n\t<meta property=\"og:image:type\" content=\"image\/png\" \/>\n<meta name=\"twitter:card\" content=\"summary_large_image\" \/>\n<meta name=\"twitter:label1\" content=\"Gesch\u00e4tzte Lesezeit\" \/>\n\t<meta name=\"twitter:data1\" content=\"2\u00a0Minuten\" \/>\n<script type=\"application\/ld+json\" class=\"yoast-schema-graph\">{\"@context\":\"https:\\\/\\\/schema.org\",\"@graph\":[{\"@type\":\"WebPage\",\"@id\":\"https:\\\/\\\/shanabooks.de\\\/product\\\/sterken-edebiyata-kurdi-necat-zivingi\\\/\",\"url\":\"https:\\\/\\\/shanabooks.de\\\/product\\\/sterken-edebiyata-kurdi-necat-zivingi\\\/\",\"name\":\"St\u00eark\u00ean Edeb\u00eeyata Kurd\u00ee - Necat Ziving\u00ee - www.shanabooks.de\",\"isPartOf\":{\"@id\":\"https:\\\/\\\/shanabooks.de\\\/#website\"},\"primaryImageOfPage\":{\"@id\":\"https:\\\/\\\/shanabooks.de\\\/product\\\/sterken-edebiyata-kurdi-necat-zivingi\\\/#primaryimage\"},\"image\":{\"@id\":\"https:\\\/\\\/shanabooks.de\\\/product\\\/sterken-edebiyata-kurdi-necat-zivingi\\\/#primaryimage\"},\"thumbnailUrl\":\"https:\\\/\\\/shanabooks.de\\\/wp-content\\\/uploads\\\/2024\\\/03\\\/Sterken-Edebiyata-Kurdi.png\",\"datePublished\":\"2024-03-03T11:50:50+00:00\",\"dateModified\":\"2026-01-02T20:13:55+00:00\",\"description\":\"St\u00eark\u00ean Edeb\u00eeyata Kurd\u00ee - Necat Ziving\u00ee Ji destp\u00eak\u00ea heta daw\u00eeya sedsala b\u00eest\u00ee, kurtej\u00eeyana 33 n\u00fbner\u00ean edeb\u00eeyata Kurd\u00ee ligel helbest\u00ean wan \u00ean m\u00eenak. Ji ...\",\"breadcrumb\":{\"@id\":\"https:\\\/\\\/shanabooks.de\\\/product\\\/sterken-edebiyata-kurdi-necat-zivingi\\\/#breadcrumb\"},\"inLanguage\":\"de\",\"potentialAction\":[{\"@type\":\"ReadAction\",\"target\":[\"https:\\\/\\\/shanabooks.de\\\/product\\\/sterken-edebiyata-kurdi-necat-zivingi\\\/\"]}]},{\"@type\":\"ImageObject\",\"inLanguage\":\"de\",\"@id\":\"https:\\\/\\\/shanabooks.de\\\/product\\\/sterken-edebiyata-kurdi-necat-zivingi\\\/#primaryimage\",\"url\":\"https:\\\/\\\/shanabooks.de\\\/wp-content\\\/uploads\\\/2024\\\/03\\\/Sterken-Edebiyata-Kurdi.png\",\"contentUrl\":\"https:\\\/\\\/shanabooks.de\\\/wp-content\\\/uploads\\\/2024\\\/03\\\/Sterken-Edebiyata-Kurdi.png\",\"width\":326,\"height\":476,\"caption\":\"St\u00eark\u00ean Edeb\u00eeyata Kurd\u00ee - Necat Ziving\u00ee - pirt\u00fbk\u00ean kurd\u00ee\"},{\"@type\":\"BreadcrumbList\",\"@id\":\"https:\\\/\\\/shanabooks.de\\\/product\\\/sterken-edebiyata-kurdi-necat-zivingi\\\/#breadcrumb\",\"itemListElement\":[{\"@type\":\"ListItem\",\"position\":1,\"name\":\"\u0627\u0644\u0631\u0626\u064a\u0633\u064a\u0629\",\"item\":\"https:\\\/\\\/shanabooks.de\\\/de\\\/\"},{\"@type\":\"ListItem\",\"position\":2,\"name\":\"\u0627\u0644\u0645\u0646\u062a\u062c\u0627\u062a\",\"item\":\"https:\\\/\\\/shanabooks.de\\\/shop\\\/\"},{\"@type\":\"ListItem\",\"position\":3,\"name\":\"St\u00eark\u00ean Edeb\u00eeyata Kurd\u00ee\"}]},{\"@type\":\"WebSite\",\"@id\":\"https:\\\/\\\/shanabooks.de\\\/#website\",\"url\":\"https:\\\/\\\/shanabooks.de\\\/\",\"name\":\"www.shanbooks.de\",\"description\":\"C\u00eehana Pirt\u00fbk\u00ean Kurd\u00ee \u0645\u0643\u062a\u0628\u0629 \u0634\u0627\u0646\u0627 \u0641\u064a \u0627\u0644\u0645\u0627\u0646\u064a\u0627 \u0648\u0623\u0648\u0631\u0628\u0627\",\"publisher\":{\"@id\":\"https:\\\/\\\/shanabooks.de\\\/#organization\"},\"potentialAction\":[{\"@type\":\"SearchAction\",\"target\":{\"@type\":\"EntryPoint\",\"urlTemplate\":\"https:\\\/\\\/shanabooks.de\\\/?s={search_term_string}\"},\"query-input\":{\"@type\":\"PropertyValueSpecification\",\"valueRequired\":true,\"valueName\":\"search_term_string\"}}],\"inLanguage\":\"de\"},{\"@type\":\"Organization\",\"@id\":\"https:\\\/\\\/shanabooks.de\\\/#organization\",\"name\":\"www.shanbooks.de\",\"url\":\"https:\\\/\\\/shanabooks.de\\\/\",\"logo\":{\"@type\":\"ImageObject\",\"inLanguage\":\"de\",\"@id\":\"https:\\\/\\\/shanabooks.de\\\/#\\\/schema\\\/logo\\\/image\\\/\",\"url\":\"https:\\\/\\\/shanabooks.de\\\/wp-content\\\/uploads\\\/2024\\\/03\\\/SHANABOOKS__2_-removebg-preview.png\",\"contentUrl\":\"https:\\\/\\\/shanabooks.de\\\/wp-content\\\/uploads\\\/2024\\\/03\\\/SHANABOOKS__2_-removebg-preview.png\",\"width\":700,\"height\":150,\"caption\":\"www.shanbooks.de\"},\"image\":{\"@id\":\"https:\\\/\\\/shanabooks.de\\\/#\\\/schema\\\/logo\\\/image\\\/\"}}]}<\/script>\n<!-- \/ Yoast SEO plugin. -->","yoast_head_json":{"title":"St\u00eark\u00ean Edeb\u00eeyata Kurd\u00ee - Necat Ziving\u00ee - www.shanabooks.de","description":"St\u00eark\u00ean Edeb\u00eeyata Kurd\u00ee - Necat Ziving\u00ee Ji destp\u00eak\u00ea heta daw\u00eeya sedsala b\u00eest\u00ee, kurtej\u00eeyana 33 n\u00fbner\u00ean edeb\u00eeyata Kurd\u00ee ligel helbest\u00ean wan \u00ean m\u00eenak. Ji ...","robots":{"index":"index","follow":"follow","max-snippet":"max-snippet:-1","max-image-preview":"max-image-preview:large","max-video-preview":"max-video-preview:-1"},"canonical":"https:\/\/shanabooks.de\/product\/sterken-edebiyata-kurdi-necat-zivingi\/","og_locale":"de_DE","og_type":"article","og_title":"St\u00eark\u00ean Edeb\u00eeyata Kurd\u00ee - Necat Ziving\u00ee - www.shanabooks.de","og_description":"St\u00eark\u00ean Edeb\u00eeyata Kurd\u00ee - Necat Ziving\u00ee Ji destp\u00eak\u00ea heta daw\u00eeya sedsala b\u00eest\u00ee, kurtej\u00eeyana 33 n\u00fbner\u00ean edeb\u00eeyata Kurd\u00ee ligel helbest\u00ean wan \u00ean m\u00eenak. Ji ...","og_url":"https:\/\/shanabooks.de\/product\/sterken-edebiyata-kurdi-necat-zivingi\/","og_site_name":"www.shanabooks.de","article_modified_time":"2026-01-02T20:13:55+00:00","og_image":[{"width":326,"height":476,"url":"https:\/\/shanabooks.de\/wp-content\/uploads\/2024\/03\/Sterken-Edebiyata-Kurdi.png","type":"image\/png"}],"twitter_card":"summary_large_image","twitter_misc":{"Gesch\u00e4tzte Lesezeit":"2\u00a0Minuten"},"schema":{"@context":"https:\/\/schema.org","@graph":[{"@type":"WebPage","@id":"https:\/\/shanabooks.de\/product\/sterken-edebiyata-kurdi-necat-zivingi\/","url":"https:\/\/shanabooks.de\/product\/sterken-edebiyata-kurdi-necat-zivingi\/","name":"St\u00eark\u00ean Edeb\u00eeyata Kurd\u00ee - Necat Ziving\u00ee - www.shanabooks.de","isPartOf":{"@id":"https:\/\/shanabooks.de\/#website"},"primaryImageOfPage":{"@id":"https:\/\/shanabooks.de\/product\/sterken-edebiyata-kurdi-necat-zivingi\/#primaryimage"},"image":{"@id":"https:\/\/shanabooks.de\/product\/sterken-edebiyata-kurdi-necat-zivingi\/#primaryimage"},"thumbnailUrl":"https:\/\/shanabooks.de\/wp-content\/uploads\/2024\/03\/Sterken-Edebiyata-Kurdi.png","datePublished":"2024-03-03T11:50:50+00:00","dateModified":"2026-01-02T20:13:55+00:00","description":"St\u00eark\u00ean Edeb\u00eeyata Kurd\u00ee - Necat Ziving\u00ee Ji destp\u00eak\u00ea heta daw\u00eeya sedsala b\u00eest\u00ee, kurtej\u00eeyana 33 n\u00fbner\u00ean edeb\u00eeyata Kurd\u00ee ligel helbest\u00ean wan \u00ean m\u00eenak. Ji ...","breadcrumb":{"@id":"https:\/\/shanabooks.de\/product\/sterken-edebiyata-kurdi-necat-zivingi\/#breadcrumb"},"inLanguage":"de","potentialAction":[{"@type":"ReadAction","target":["https:\/\/shanabooks.de\/product\/sterken-edebiyata-kurdi-necat-zivingi\/"]}]},{"@type":"ImageObject","inLanguage":"de","@id":"https:\/\/shanabooks.de\/product\/sterken-edebiyata-kurdi-necat-zivingi\/#primaryimage","url":"https:\/\/shanabooks.de\/wp-content\/uploads\/2024\/03\/Sterken-Edebiyata-Kurdi.png","contentUrl":"https:\/\/shanabooks.de\/wp-content\/uploads\/2024\/03\/Sterken-Edebiyata-Kurdi.png","width":326,"height":476,"caption":"St\u00eark\u00ean Edeb\u00eeyata Kurd\u00ee - Necat Ziving\u00ee - pirt\u00fbk\u00ean kurd\u00ee"},{"@type":"BreadcrumbList","@id":"https:\/\/shanabooks.de\/product\/sterken-edebiyata-kurdi-necat-zivingi\/#breadcrumb","itemListElement":[{"@type":"ListItem","position":1,"name":"\u0627\u0644\u0631\u0626\u064a\u0633\u064a\u0629","item":"https:\/\/shanabooks.de\/de\/"},{"@type":"ListItem","position":2,"name":"\u0627\u0644\u0645\u0646\u062a\u062c\u0627\u062a","item":"https:\/\/shanabooks.de\/shop\/"},{"@type":"ListItem","position":3,"name":"St\u00eark\u00ean Edeb\u00eeyata Kurd\u00ee"}]},{"@type":"WebSite","@id":"https:\/\/shanabooks.de\/#website","url":"https:\/\/shanabooks.de\/","name":"www.shanbooks.de","description":"C\u00eehana Pirt\u00fbk\u00ean Kurd\u00ee \u0645\u0643\u062a\u0628\u0629 \u0634\u0627\u0646\u0627 \u0641\u064a \u0627\u0644\u0645\u0627\u0646\u064a\u0627 \u0648\u0623\u0648\u0631\u0628\u0627","publisher":{"@id":"https:\/\/shanabooks.de\/#organization"},"potentialAction":[{"@type":"SearchAction","target":{"@type":"EntryPoint","urlTemplate":"https:\/\/shanabooks.de\/?s={search_term_string}"},"query-input":{"@type":"PropertyValueSpecification","valueRequired":true,"valueName":"search_term_string"}}],"inLanguage":"de"},{"@type":"Organization","@id":"https:\/\/shanabooks.de\/#organization","name":"www.shanbooks.de","url":"https:\/\/shanabooks.de\/","logo":{"@type":"ImageObject","inLanguage":"de","@id":"https:\/\/shanabooks.de\/#\/schema\/logo\/image\/","url":"https:\/\/shanabooks.de\/wp-content\/uploads\/2024\/03\/SHANABOOKS__2_-removebg-preview.png","contentUrl":"https:\/\/shanabooks.de\/wp-content\/uploads\/2024\/03\/SHANABOOKS__2_-removebg-preview.png","width":700,"height":150,"caption":"www.shanbooks.de"},"image":{"@id":"https:\/\/shanabooks.de\/#\/schema\/logo\/image\/"}}]}},"jetpack_sharing_enabled":true,"_links":{"self":[{"href":"https:\/\/shanabooks.de\/de\/wp-json\/wp\/v2\/product\/11632","targetHints":{"allow":["GET"]}}],"collection":[{"href":"https:\/\/shanabooks.de\/de\/wp-json\/wp\/v2\/product"}],"about":[{"href":"https:\/\/shanabooks.de\/de\/wp-json\/wp\/v2\/types\/product"}],"version-history":[{"count":2,"href":"https:\/\/shanabooks.de\/de\/wp-json\/wp\/v2\/product\/11632\/revisions"}],"predecessor-version":[{"id":13799,"href":"https:\/\/shanabooks.de\/de\/wp-json\/wp\/v2\/product\/11632\/revisions\/13799"}],"wp:featuredmedia":[{"embeddable":true,"href":"https:\/\/shanabooks.de\/de\/wp-json\/wp\/v2\/media\/11702"}],"wp:attachment":[{"href":"https:\/\/shanabooks.de\/de\/wp-json\/wp\/v2\/media?parent=11632"}],"wp:term":[{"taxonomy":"product_brand","embeddable":true,"href":"https:\/\/shanabooks.de\/de\/wp-json\/wp\/v2\/product_brand?post=11632"},{"taxonomy":"product_cat","embeddable":true,"href":"https:\/\/shanabooks.de\/de\/wp-json\/wp\/v2\/product_cat?post=11632"},{"taxonomy":"product_tag","embeddable":true,"href":"https:\/\/shanabooks.de\/de\/wp-json\/wp\/v2\/product_tag?post=11632"}],"curies":[{"name":"wp","href":"https:\/\/api.w.org\/{rel}","templated":true}]}}