{"id":11633,"date":"2024-03-03T11:50:50","date_gmt":"2024-03-03T11:50:50","guid":{"rendered":"https:\/\/shanabooks.de\/?post_type=product&#038;p=11633"},"modified":"2025-12-30T22:38:30","modified_gmt":"2025-12-30T22:38:30","slug":"xani-u-ciziri-jan-dost","status":"publish","type":"product","link":"https:\/\/shanabooks.de\/de\/product\/xani-u-ciziri-jan-dost\/","title":{"rendered":"Xan\u00ee \u00fb Ciz\u00eer\u00ee &#8211; Du St\u00fbn\u00ean W\u00eajeya Kurd\u00ee"},"content":{"rendered":"<p style=\"text-align: left\"><strong>Xan\u00ee \u00fb Ciz\u00eer\u00ee &#8211; Jan Dost<\/strong><\/p>\n<p style=\"text-align: left\">Jan Dost di v\u00ea xebata xwe de, ku ji du got\u00fbb\u00eaj \u00fb du gotaran p\u00eak t\u00ea, bi taybet\u00ee li ser Xan\u00ee \u00fb Ciz\u00eer\u00ee, Li ser jiyana wan l\u00ea ya rast li ser hem\u00fb d\u00eerok \u00fb edebiyata kurd\u00ee ya klas\u00eek tesb\u00eet \u00fb \u015firovey\u00ean muh\u00eem dike. Herwiha ew, ray\u00ean d\u00eerok\u00ee y\u00ean fikriyata Xan\u00ee \u00fb Ciz\u00eer\u00ee, d\u00eesa qedera kurdan a ku naguhere j\u00ee vediguh\u00eaze \u00eero \u00fb menzereyeke sedan sal\u00ee raser\u00ee p\u00ea\u015f \u00e7av\u00ea me dike. Ji bo f\u00eamkirina doh \u00fb \u00eero ye ev berhem!<\/p>\n<p>&nbsp;<\/p>\n","protected":false},"excerpt":{"rendered":"<p style=\"text-align: center\"><strong>Pirt\u00fbk: Xan\u00ee \u00fb Ciz\u00eer\u00ee &#8211; Du St\u00fbn\u00ean W\u00eajeya Kurd\u00ee<br \/>\nNiv\u00eeskar: Jan Dost<br \/>\nCure: l\u00eakol\u00een<\/strong><\/p>\n","protected":false},"featured_media":11704,"template":"","meta":{"site-sidebar-layout":"default","site-content-layout":"","ast-site-content-layout":"default","site-content-style":"default","site-sidebar-style":"default","ast-global-header-display":"","ast-banner-title-visibility":"","ast-main-header-display":"","ast-hfb-above-header-display":"","ast-hfb-below-header-display":"","ast-hfb-mobile-header-display":"","site-post-title":"","ast-breadcrumbs-content":"","ast-featured-img":"","footer-sml-layout":"","ast-disable-related-posts":"","theme-transparent-header-meta":"default","adv-header-id-meta":"","stick-header-meta":"","header-above-stick-meta":"","header-main-stick-meta":"","header-below-stick-meta":"","astra-migrate-meta-layouts":"set","ast-page-background-enabled":"default","ast-page-background-meta":{"desktop":{"background-color":"","background-image":"","background-repeat":"repeat","background-position":"center center","background-size":"auto","background-attachment":"scroll","background-type":"","background-media":"","overlay-type":"","overlay-color":"","overlay-opacity":"","overlay-gradient":""},"tablet":{"background-color":"","background-image":"","background-repeat":"repeat","background-position":"center center","background-size":"auto","background-attachment":"scroll","background-type":"","background-media":"","overlay-type":"","overlay-color":"","overlay-opacity":"","overlay-gradient":""},"mobile":{"background-color":"","background-image":"","background-repeat":"repeat","background-position":"center center","background-size":"auto","background-attachment":"scroll","background-type":"","background-media":"","overlay-type":"","overlay-color":"","overlay-opacity":"","overlay-gradient":""}},"ast-content-background-meta":{"desktop":{"background-color":"var(--ast-global-color-5)","background-image":"","background-repeat":"repeat","background-position":"center center","background-size":"auto","background-attachment":"scroll","background-type":"","background-media":"","overlay-type":"","overlay-color":"","overlay-opacity":"","overlay-gradient":""},"tablet":{"background-color":"var(--ast-global-color-5)","background-image":"","background-repeat":"repeat","background-position":"center center","background-size":"auto","background-attachment":"scroll","background-type":"","background-media":"","overlay-type":"","overlay-color":"","overlay-opacity":"","overlay-gradient":""},"mobile":{"background-color":"var(--ast-global-color-5)","background-image":"","background-repeat":"repeat","background-position":"center center","background-size":"auto","background-attachment":"scroll","background-type":"","background-media":"","overlay-type":"","overlay-color":"","overlay-opacity":"","overlay-gradient":""}}},"product_brand":[],"product_cat":[181,179,184,193],"product_tag":[],"class_list":{"0":"post-11633","1":"product","2":"type-product","3":"status-publish","4":"has-post-thumbnail","6":"product_cat--_","7":"product_cat-_","10":"pa_-helbest","11":"pa_-klasiken-kurdi","12":"pa_-lekolin","13":"pa_-jan-dost","14":"pa_-kurmanci","15":"pa_--dara-yayinlari","16":"desktop-align-left","17":"tablet-align-left","18":"mobile-align-left","20":"first","21":"outofstock","22":"shipping-taxable","23":"purchasable","24":"product-type-simple"},"yoast_head":"<!-- This site is optimized with the Yoast SEO plugin v27.4 - https:\/\/yoast.com\/product\/yoast-seo-wordpress\/ -->\n<title>Xan\u00ee \u00fb Ciz\u00eer\u00ee - Jan Dost - www.shanabooks.de<\/title>\n<meta name=\"description\" content=\"Xan\u00ee \u00fb Ciz\u00eer\u00ee - Jan DostJan Dost di v\u00ea xebata xwe de, ku ji du got\u00fbb\u00eaj \u00fb du gotaran p\u00eak t\u00ea, bi taybet\u00ee li ser Xan\u00ee \u00fb Ciz\u00eer\u00ee, Li ser jiyana wan l\u00ea ya rast...\" \/>\n<meta name=\"robots\" content=\"index, follow, max-snippet:-1, max-image-preview:large, max-video-preview:-1\" \/>\n<link rel=\"canonical\" href=\"https:\/\/shanabooks.de\/product\/xani-u-ciziri-jan-dost\/\" \/>\n<meta property=\"og:locale\" content=\"de_DE\" \/>\n<meta property=\"og:type\" content=\"article\" \/>\n<meta property=\"og:title\" content=\"Xan\u00ee \u00fb Ciz\u00eer\u00ee - Jan Dost - www.shanabooks.de\" \/>\n<meta property=\"og:description\" content=\"Xan\u00ee \u00fb Ciz\u00eer\u00ee - Jan DostJan Dost di v\u00ea xebata xwe de, ku ji du got\u00fbb\u00eaj \u00fb du gotaran p\u00eak t\u00ea, bi taybet\u00ee li ser Xan\u00ee \u00fb Ciz\u00eer\u00ee, Li ser jiyana wan l\u00ea ya rast...\" \/>\n<meta property=\"og:url\" content=\"https:\/\/shanabooks.de\/product\/xani-u-ciziri-jan-dost\/\" \/>\n<meta property=\"og:site_name\" content=\"www.shanabooks.de\" \/>\n<meta property=\"article:modified_time\" content=\"2025-12-30T22:38:30+00:00\" \/>\n<meta property=\"og:image\" content=\"https:\/\/shanabooks.de\/wp-content\/uploads\/2024\/03\/Xani-u-Ciziri.png\" \/>\n\t<meta property=\"og:image:width\" content=\"299\" \/>\n\t<meta property=\"og:image:height\" content=\"474\" \/>\n\t<meta property=\"og:image:type\" content=\"image\/png\" \/>\n<meta name=\"twitter:card\" content=\"summary_large_image\" \/>\n<meta name=\"twitter:label1\" content=\"Gesch\u00e4tzte Lesezeit\" \/>\n\t<meta name=\"twitter:data1\" content=\"1\u00a0Minute\" \/>\n<script type=\"application\/ld+json\" class=\"yoast-schema-graph\">{\"@context\":\"https:\\\/\\\/schema.org\",\"@graph\":[{\"@type\":\"WebPage\",\"@id\":\"https:\\\/\\\/shanabooks.de\\\/product\\\/xani-u-ciziri-jan-dost\\\/\",\"url\":\"https:\\\/\\\/shanabooks.de\\\/product\\\/xani-u-ciziri-jan-dost\\\/\",\"name\":\"Xan\u00ee \u00fb Ciz\u00eer\u00ee - Jan Dost - www.shanabooks.de\",\"isPartOf\":{\"@id\":\"https:\\\/\\\/shanabooks.de\\\/#website\"},\"primaryImageOfPage\":{\"@id\":\"https:\\\/\\\/shanabooks.de\\\/product\\\/xani-u-ciziri-jan-dost\\\/#primaryimage\"},\"image\":{\"@id\":\"https:\\\/\\\/shanabooks.de\\\/product\\\/xani-u-ciziri-jan-dost\\\/#primaryimage\"},\"thumbnailUrl\":\"https:\\\/\\\/shanabooks.de\\\/wp-content\\\/uploads\\\/2024\\\/03\\\/Xani-u-Ciziri.png\",\"datePublished\":\"2024-03-03T11:50:50+00:00\",\"dateModified\":\"2025-12-30T22:38:30+00:00\",\"description\":\"Xan\u00ee \u00fb Ciz\u00eer\u00ee - Jan DostJan Dost di v\u00ea xebata xwe de, ku ji du got\u00fbb\u00eaj \u00fb du gotaran p\u00eak t\u00ea, bi taybet\u00ee li ser Xan\u00ee \u00fb Ciz\u00eer\u00ee, Li ser jiyana wan l\u00ea ya rast...\",\"breadcrumb\":{\"@id\":\"https:\\\/\\\/shanabooks.de\\\/product\\\/xani-u-ciziri-jan-dost\\\/#breadcrumb\"},\"inLanguage\":\"de\",\"potentialAction\":[{\"@type\":\"ReadAction\",\"target\":[\"https:\\\/\\\/shanabooks.de\\\/product\\\/xani-u-ciziri-jan-dost\\\/\"]}]},{\"@type\":\"ImageObject\",\"inLanguage\":\"de\",\"@id\":\"https:\\\/\\\/shanabooks.de\\\/product\\\/xani-u-ciziri-jan-dost\\\/#primaryimage\",\"url\":\"https:\\\/\\\/shanabooks.de\\\/wp-content\\\/uploads\\\/2024\\\/03\\\/Xani-u-Ciziri.png\",\"contentUrl\":\"https:\\\/\\\/shanabooks.de\\\/wp-content\\\/uploads\\\/2024\\\/03\\\/Xani-u-Ciziri.png\",\"width\":299,\"height\":474,\"caption\":\"Xan\u00ee \u00fb Ciz\u00eer\u00ee - Du St\u00fbn\u00ean W\u00eajeya Kurd\u00ee - Jan Dost - Pirt\u00fbk\u00ean Kurd\u00ee\"},{\"@type\":\"BreadcrumbList\",\"@id\":\"https:\\\/\\\/shanabooks.de\\\/product\\\/xani-u-ciziri-jan-dost\\\/#breadcrumb\",\"itemListElement\":[{\"@type\":\"ListItem\",\"position\":1,\"name\":\"\u0627\u0644\u0631\u0626\u064a\u0633\u064a\u0629\",\"item\":\"https:\\\/\\\/shanabooks.de\\\/de\\\/\"},{\"@type\":\"ListItem\",\"position\":2,\"name\":\"\u0627\u0644\u0645\u0646\u062a\u062c\u0627\u062a\",\"item\":\"https:\\\/\\\/shanabooks.de\\\/shop\\\/\"},{\"@type\":\"ListItem\",\"position\":3,\"name\":\"Xan\u00ee \u00fb Ciz\u00eer\u00ee &#8211; Du St\u00fbn\u00ean W\u00eajeya Kurd\u00ee\"}]},{\"@type\":\"WebSite\",\"@id\":\"https:\\\/\\\/shanabooks.de\\\/#website\",\"url\":\"https:\\\/\\\/shanabooks.de\\\/\",\"name\":\"www.shanbooks.de\",\"description\":\"C\u00eehana Pirt\u00fbk\u00ean Kurd\u00ee \u0645\u0643\u062a\u0628\u0629 \u0634\u0627\u0646\u0627 \u0641\u064a \u0627\u0644\u0645\u0627\u0646\u064a\u0627 \u0648\u0623\u0648\u0631\u0628\u0627\",\"publisher\":{\"@id\":\"https:\\\/\\\/shanabooks.de\\\/#organization\"},\"potentialAction\":[{\"@type\":\"SearchAction\",\"target\":{\"@type\":\"EntryPoint\",\"urlTemplate\":\"https:\\\/\\\/shanabooks.de\\\/?s={search_term_string}\"},\"query-input\":{\"@type\":\"PropertyValueSpecification\",\"valueRequired\":true,\"valueName\":\"search_term_string\"}}],\"inLanguage\":\"de\"},{\"@type\":\"Organization\",\"@id\":\"https:\\\/\\\/shanabooks.de\\\/#organization\",\"name\":\"www.shanbooks.de\",\"url\":\"https:\\\/\\\/shanabooks.de\\\/\",\"logo\":{\"@type\":\"ImageObject\",\"inLanguage\":\"de\",\"@id\":\"https:\\\/\\\/shanabooks.de\\\/#\\\/schema\\\/logo\\\/image\\\/\",\"url\":\"https:\\\/\\\/shanabooks.de\\\/wp-content\\\/uploads\\\/2024\\\/03\\\/SHANABOOKS__2_-removebg-preview.png\",\"contentUrl\":\"https:\\\/\\\/shanabooks.de\\\/wp-content\\\/uploads\\\/2024\\\/03\\\/SHANABOOKS__2_-removebg-preview.png\",\"width\":700,\"height\":150,\"caption\":\"www.shanbooks.de\"},\"image\":{\"@id\":\"https:\\\/\\\/shanabooks.de\\\/#\\\/schema\\\/logo\\\/image\\\/\"}}]}<\/script>\n<!-- \/ Yoast SEO plugin. -->","yoast_head_json":{"title":"Xan\u00ee \u00fb Ciz\u00eer\u00ee - Jan Dost - www.shanabooks.de","description":"Xan\u00ee \u00fb Ciz\u00eer\u00ee - Jan DostJan Dost di v\u00ea xebata xwe de, ku ji du got\u00fbb\u00eaj \u00fb du gotaran p\u00eak t\u00ea, bi taybet\u00ee li ser Xan\u00ee \u00fb Ciz\u00eer\u00ee, Li ser jiyana wan l\u00ea ya rast...","robots":{"index":"index","follow":"follow","max-snippet":"max-snippet:-1","max-image-preview":"max-image-preview:large","max-video-preview":"max-video-preview:-1"},"canonical":"https:\/\/shanabooks.de\/product\/xani-u-ciziri-jan-dost\/","og_locale":"de_DE","og_type":"article","og_title":"Xan\u00ee \u00fb Ciz\u00eer\u00ee - Jan Dost - www.shanabooks.de","og_description":"Xan\u00ee \u00fb Ciz\u00eer\u00ee - Jan DostJan Dost di v\u00ea xebata xwe de, ku ji du got\u00fbb\u00eaj \u00fb du gotaran p\u00eak t\u00ea, bi taybet\u00ee li ser Xan\u00ee \u00fb Ciz\u00eer\u00ee, Li ser jiyana wan l\u00ea ya rast...","og_url":"https:\/\/shanabooks.de\/product\/xani-u-ciziri-jan-dost\/","og_site_name":"www.shanabooks.de","article_modified_time":"2025-12-30T22:38:30+00:00","og_image":[{"width":299,"height":474,"url":"https:\/\/shanabooks.de\/wp-content\/uploads\/2024\/03\/Xani-u-Ciziri.png","type":"image\/png"}],"twitter_card":"summary_large_image","twitter_misc":{"Gesch\u00e4tzte Lesezeit":"1\u00a0Minute"},"schema":{"@context":"https:\/\/schema.org","@graph":[{"@type":"WebPage","@id":"https:\/\/shanabooks.de\/product\/xani-u-ciziri-jan-dost\/","url":"https:\/\/shanabooks.de\/product\/xani-u-ciziri-jan-dost\/","name":"Xan\u00ee \u00fb Ciz\u00eer\u00ee - Jan Dost - www.shanabooks.de","isPartOf":{"@id":"https:\/\/shanabooks.de\/#website"},"primaryImageOfPage":{"@id":"https:\/\/shanabooks.de\/product\/xani-u-ciziri-jan-dost\/#primaryimage"},"image":{"@id":"https:\/\/shanabooks.de\/product\/xani-u-ciziri-jan-dost\/#primaryimage"},"thumbnailUrl":"https:\/\/shanabooks.de\/wp-content\/uploads\/2024\/03\/Xani-u-Ciziri.png","datePublished":"2024-03-03T11:50:50+00:00","dateModified":"2025-12-30T22:38:30+00:00","description":"Xan\u00ee \u00fb Ciz\u00eer\u00ee - Jan DostJan Dost di v\u00ea xebata xwe de, ku ji du got\u00fbb\u00eaj \u00fb du gotaran p\u00eak t\u00ea, bi taybet\u00ee li ser Xan\u00ee \u00fb Ciz\u00eer\u00ee, Li ser jiyana wan l\u00ea ya rast...","breadcrumb":{"@id":"https:\/\/shanabooks.de\/product\/xani-u-ciziri-jan-dost\/#breadcrumb"},"inLanguage":"de","potentialAction":[{"@type":"ReadAction","target":["https:\/\/shanabooks.de\/product\/xani-u-ciziri-jan-dost\/"]}]},{"@type":"ImageObject","inLanguage":"de","@id":"https:\/\/shanabooks.de\/product\/xani-u-ciziri-jan-dost\/#primaryimage","url":"https:\/\/shanabooks.de\/wp-content\/uploads\/2024\/03\/Xani-u-Ciziri.png","contentUrl":"https:\/\/shanabooks.de\/wp-content\/uploads\/2024\/03\/Xani-u-Ciziri.png","width":299,"height":474,"caption":"Xan\u00ee \u00fb Ciz\u00eer\u00ee - Du St\u00fbn\u00ean W\u00eajeya Kurd\u00ee - Jan Dost - Pirt\u00fbk\u00ean Kurd\u00ee"},{"@type":"BreadcrumbList","@id":"https:\/\/shanabooks.de\/product\/xani-u-ciziri-jan-dost\/#breadcrumb","itemListElement":[{"@type":"ListItem","position":1,"name":"\u0627\u0644\u0631\u0626\u064a\u0633\u064a\u0629","item":"https:\/\/shanabooks.de\/de\/"},{"@type":"ListItem","position":2,"name":"\u0627\u0644\u0645\u0646\u062a\u062c\u0627\u062a","item":"https:\/\/shanabooks.de\/shop\/"},{"@type":"ListItem","position":3,"name":"Xan\u00ee \u00fb Ciz\u00eer\u00ee &#8211; Du St\u00fbn\u00ean W\u00eajeya Kurd\u00ee"}]},{"@type":"WebSite","@id":"https:\/\/shanabooks.de\/#website","url":"https:\/\/shanabooks.de\/","name":"www.shanbooks.de","description":"C\u00eehana Pirt\u00fbk\u00ean Kurd\u00ee \u0645\u0643\u062a\u0628\u0629 \u0634\u0627\u0646\u0627 \u0641\u064a \u0627\u0644\u0645\u0627\u0646\u064a\u0627 \u0648\u0623\u0648\u0631\u0628\u0627","publisher":{"@id":"https:\/\/shanabooks.de\/#organization"},"potentialAction":[{"@type":"SearchAction","target":{"@type":"EntryPoint","urlTemplate":"https:\/\/shanabooks.de\/?s={search_term_string}"},"query-input":{"@type":"PropertyValueSpecification","valueRequired":true,"valueName":"search_term_string"}}],"inLanguage":"de"},{"@type":"Organization","@id":"https:\/\/shanabooks.de\/#organization","name":"www.shanbooks.de","url":"https:\/\/shanabooks.de\/","logo":{"@type":"ImageObject","inLanguage":"de","@id":"https:\/\/shanabooks.de\/#\/schema\/logo\/image\/","url":"https:\/\/shanabooks.de\/wp-content\/uploads\/2024\/03\/SHANABOOKS__2_-removebg-preview.png","contentUrl":"https:\/\/shanabooks.de\/wp-content\/uploads\/2024\/03\/SHANABOOKS__2_-removebg-preview.png","width":700,"height":150,"caption":"www.shanbooks.de"},"image":{"@id":"https:\/\/shanabooks.de\/#\/schema\/logo\/image\/"}}]}},"jetpack_sharing_enabled":true,"_links":{"self":[{"href":"https:\/\/shanabooks.de\/de\/wp-json\/wp\/v2\/product\/11633","targetHints":{"allow":["GET"]}}],"collection":[{"href":"https:\/\/shanabooks.de\/de\/wp-json\/wp\/v2\/product"}],"about":[{"href":"https:\/\/shanabooks.de\/de\/wp-json\/wp\/v2\/types\/product"}],"version-history":[{"count":3,"href":"https:\/\/shanabooks.de\/de\/wp-json\/wp\/v2\/product\/11633\/revisions"}],"predecessor-version":[{"id":13798,"href":"https:\/\/shanabooks.de\/de\/wp-json\/wp\/v2\/product\/11633\/revisions\/13798"}],"wp:featuredmedia":[{"embeddable":true,"href":"https:\/\/shanabooks.de\/de\/wp-json\/wp\/v2\/media\/11704"}],"wp:attachment":[{"href":"https:\/\/shanabooks.de\/de\/wp-json\/wp\/v2\/media?parent=11633"}],"wp:term":[{"taxonomy":"product_brand","embeddable":true,"href":"https:\/\/shanabooks.de\/de\/wp-json\/wp\/v2\/product_brand?post=11633"},{"taxonomy":"product_cat","embeddable":true,"href":"https:\/\/shanabooks.de\/de\/wp-json\/wp\/v2\/product_cat?post=11633"},{"taxonomy":"product_tag","embeddable":true,"href":"https:\/\/shanabooks.de\/de\/wp-json\/wp\/v2\/product_tag?post=11633"}],"curies":[{"name":"wp","href":"https:\/\/api.w.org\/{rel}","templated":true}]}}