{"id":11634,"date":"2024-03-03T11:50:50","date_gmt":"2024-03-03T11:50:50","guid":{"rendered":"https:\/\/shanabooks.de\/?post_type=product&#038;p=11634"},"modified":"2024-03-04T12:18:02","modified_gmt":"2024-03-04T12:18:02","slug":"cil-romanen-kurdi-lokman-polat","status":"publish","type":"product","link":"https:\/\/shanabooks.de\/de\/product\/cil-romanen-kurdi-lokman-polat\/","title":{"rendered":"\u00c7il Roman\u00ean Kurd\u00ee"},"content":{"rendered":"<p style=\"text-align: left\"><strong>\u00c7il Roman\u00ean Kurd\u00ee &#8211; Lokman Polat<\/strong><\/p>\n<p style=\"text-align: left\">Min di pirt\u00fbka xwe ya bi nav\u00ea \u201cBist Roman\u00ean Kurdi\u201d de behsa 20 romanan kirib\u00fb. Di v\u00ea pirt\u00fbka bi nav\u00ea \u00c7il Roman\u00ean Kurd\u00ee de j\u00ee Lokman Polat behsa \u00e7il roman\u00ean kurd\u00ee bike. Ew pirt\u00fbk di sala 2002\u2019an de hatib\u00fb niv\u00ees\u00een \u00fb di sala 2004\u2019an de hatib\u00fb we\u015fandin. Pi\u015ft\u00ee niv\u00ees\u00eena w\u00ea pirt\u00fbk\u00ea \u00fb we\u015fandina w\u00ea hinek roman\u00ean n\u00fb hatin we\u015fandin. Min hem\u00fb roman\u00ean ku pi\u015ft\u00ee w\u00ea pirt\u00fbka min hatin we\u015fandin, xwendin. Min ne li ser hem\u00fbyan, l\u00ea li ser p\u00eance roman\u00ean kurd\u00ee niv\u00ees\u00ean danas\u00een\u00ea niv\u00ees\u00ee \u00fb ew berhem nirxandin, sirove kirin. Danas\u00een \u00fb nirxandina p\u00eanc\u00ee roman\u00ean kurd\u00ee wek\u00ee pirt\u00fbk di nav wesan\u00ean \u201cAr\u201d de der\u00e7\u00fb. Danas\u00een \u00fb nirxandina \u00e7il romanan di v\u00ea pirt\u00fbk\u00ea de cih girtin. Bi h\u00eav\u00ee \u00fb gumana ku romana kurd\u00ee h\u00een pirtir dewlemend bibe.<\/p>\n<p style=\"text-align: left\">\n","protected":false},"excerpt":{"rendered":"<p style=\"text-align: center\"><strong>Niv\u00eeskar: Lokman Polat<br \/>\n<\/strong><strong>Pirt\u00fbk: \u00c7il Roman\u00ean Kurd\u00ee<br \/>\nCure: l\u00eakol\u00een<\/strong><\/p>\n","protected":false},"featured_media":5762,"template":"","meta":{"site-sidebar-layout":"default","site-content-layout":"","ast-site-content-layout":"default","site-content-style":"default","site-sidebar-style":"default","ast-global-header-display":"","ast-banner-title-visibility":"","ast-main-header-display":"","ast-hfb-above-header-display":"","ast-hfb-below-header-display":"","ast-hfb-mobile-header-display":"","site-post-title":"","ast-breadcrumbs-content":"","ast-featured-img":"","footer-sml-layout":"","ast-disable-related-posts":"","theme-transparent-header-meta":"default","adv-header-id-meta":"","stick-header-meta":"","header-above-stick-meta":"","header-main-stick-meta":"","header-below-stick-meta":"","astra-migrate-meta-layouts":"set","ast-page-background-enabled":"default","ast-page-background-meta":{"desktop":{"background-color":"","background-image":"","background-repeat":"repeat","background-position":"center center","background-size":"auto","background-attachment":"scroll","background-type":"","background-media":"","overlay-type":"","overlay-color":"","overlay-opacity":"","overlay-gradient":""},"tablet":{"background-color":"","background-image":"","background-repeat":"repeat","background-position":"center center","background-size":"auto","background-attachment":"scroll","background-type":"","background-media":"","overlay-type":"","overlay-color":"","overlay-opacity":"","overlay-gradient":""},"mobile":{"background-color":"","background-image":"","background-repeat":"repeat","background-position":"center center","background-size":"auto","background-attachment":"scroll","background-type":"","background-media":"","overlay-type":"","overlay-color":"","overlay-opacity":"","overlay-gradient":""}},"ast-content-background-meta":{"desktop":{"background-color":"var(--ast-global-color-5)","background-image":"","background-repeat":"repeat","background-position":"center center","background-size":"auto","background-attachment":"scroll","background-type":"","background-media":"","overlay-type":"","overlay-color":"","overlay-opacity":"","overlay-gradient":""},"tablet":{"background-color":"var(--ast-global-color-5)","background-image":"","background-repeat":"repeat","background-position":"center center","background-size":"auto","background-attachment":"scroll","background-type":"","background-media":"","overlay-type":"","overlay-color":"","overlay-opacity":"","overlay-gradient":""},"mobile":{"background-color":"var(--ast-global-color-5)","background-image":"","background-repeat":"repeat","background-position":"center center","background-size":"auto","background-attachment":"scroll","background-type":"","background-media":"","overlay-type":"","overlay-color":"","overlay-opacity":"","overlay-gradient":""}}},"product_brand":[],"product_cat":[179,182,193],"product_tag":[],"class_list":{"0":"post-11634","1":"product","2":"type-product","3":"status-publish","4":"has-post-thumbnail","6":"product_cat-_","8":"product_cat--_","9":"pa_-lekolin","10":"pa_-roman","11":"pa_-lokman-polat","12":"pa_-kurmanci","13":"pa_--sitav-yayinevi","14":"desktop-align-left","15":"tablet-align-left","16":"mobile-align-left","18":"first","19":"instock","20":"shipping-taxable","21":"purchasable","22":"product-type-simple"},"yoast_head":"<!-- This site is optimized with the Yoast SEO plugin v27.4 - https:\/\/yoast.com\/product\/yoast-seo-wordpress\/ -->\n<title>\u00c7il Roman\u00ean Kurd\u00ee - Lokman Polat - www.shanabooks.de<\/title>\n<meta name=\"description\" content=\"\u00c7il Roman\u00ean Kurd\u00ee - Lokman Polat Min di pirt\u00fbka xwe ya bi nav\u00ea \u201cBist Roman\u00ean Kurdi\u201d de behsa 20 romanan kirib\u00fb. Di v\u00ea pirt\u00fbk\u00ea de j\u00ee ez behsa \u00e7il roman\u00ean ...\" \/>\n<meta name=\"robots\" content=\"index, follow, max-snippet:-1, max-image-preview:large, max-video-preview:-1\" \/>\n<link rel=\"canonical\" href=\"https:\/\/shanabooks.de\/product\/cil-romanen-kurdi-lokman-polat\/\" \/>\n<meta property=\"og:locale\" content=\"de_DE\" \/>\n<meta property=\"og:type\" content=\"article\" \/>\n<meta property=\"og:title\" content=\"\u00c7il Roman\u00ean Kurd\u00ee - Lokman Polat - www.shanabooks.de\" \/>\n<meta property=\"og:description\" content=\"\u00c7il Roman\u00ean Kurd\u00ee - Lokman Polat Min di pirt\u00fbka xwe ya bi nav\u00ea \u201cBist Roman\u00ean Kurdi\u201d de behsa 20 romanan kirib\u00fb. Di v\u00ea pirt\u00fbk\u00ea de j\u00ee ez behsa \u00e7il roman\u00ean ...\" \/>\n<meta property=\"og:url\" content=\"https:\/\/shanabooks.de\/product\/cil-romanen-kurdi-lokman-polat\/\" \/>\n<meta property=\"og:site_name\" content=\"www.shanabooks.de\" \/>\n<meta property=\"article:modified_time\" content=\"2024-03-04T12:18:02+00:00\" \/>\n<meta property=\"og:image\" content=\"https:\/\/shanabooks.de\/wp-content\/uploads\/2024\/01\/Cil-Romanen-Kurdi.png\" \/>\n\t<meta property=\"og:image:width\" content=\"298\" \/>\n\t<meta property=\"og:image:height\" content=\"476\" \/>\n\t<meta property=\"og:image:type\" content=\"image\/png\" \/>\n<meta name=\"twitter:card\" content=\"summary_large_image\" \/>\n<meta name=\"twitter:label1\" content=\"Gesch\u00e4tzte Lesezeit\" \/>\n\t<meta name=\"twitter:data1\" content=\"2\u00a0Minuten\" \/>\n<script type=\"application\/ld+json\" class=\"yoast-schema-graph\">{\"@context\":\"https:\\\/\\\/schema.org\",\"@graph\":[{\"@type\":\"WebPage\",\"@id\":\"https:\\\/\\\/shanabooks.de\\\/product\\\/cil-romanen-kurdi-lokman-polat\\\/\",\"url\":\"https:\\\/\\\/shanabooks.de\\\/product\\\/cil-romanen-kurdi-lokman-polat\\\/\",\"name\":\"\u00c7il Roman\u00ean Kurd\u00ee - Lokman Polat - www.shanabooks.de\",\"isPartOf\":{\"@id\":\"https:\\\/\\\/shanabooks.de\\\/#website\"},\"primaryImageOfPage\":{\"@id\":\"https:\\\/\\\/shanabooks.de\\\/product\\\/cil-romanen-kurdi-lokman-polat\\\/#primaryimage\"},\"image\":{\"@id\":\"https:\\\/\\\/shanabooks.de\\\/product\\\/cil-romanen-kurdi-lokman-polat\\\/#primaryimage\"},\"thumbnailUrl\":\"https:\\\/\\\/shanabooks.de\\\/wp-content\\\/uploads\\\/2024\\\/01\\\/Cil-Romanen-Kurdi.png\",\"datePublished\":\"2024-03-03T11:50:50+00:00\",\"dateModified\":\"2024-03-04T12:18:02+00:00\",\"description\":\"\u00c7il Roman\u00ean Kurd\u00ee - Lokman Polat Min di pirt\u00fbka xwe ya bi nav\u00ea \u201cBist Roman\u00ean Kurdi\u201d de behsa 20 romanan kirib\u00fb. Di v\u00ea pirt\u00fbk\u00ea de j\u00ee ez behsa \u00e7il roman\u00ean ...\",\"breadcrumb\":{\"@id\":\"https:\\\/\\\/shanabooks.de\\\/product\\\/cil-romanen-kurdi-lokman-polat\\\/#breadcrumb\"},\"inLanguage\":\"de\",\"potentialAction\":[{\"@type\":\"ReadAction\",\"target\":[\"https:\\\/\\\/shanabooks.de\\\/product\\\/cil-romanen-kurdi-lokman-polat\\\/\"]}]},{\"@type\":\"ImageObject\",\"inLanguage\":\"de\",\"@id\":\"https:\\\/\\\/shanabooks.de\\\/product\\\/cil-romanen-kurdi-lokman-polat\\\/#primaryimage\",\"url\":\"https:\\\/\\\/shanabooks.de\\\/wp-content\\\/uploads\\\/2024\\\/01\\\/Cil-Romanen-Kurdi.png\",\"contentUrl\":\"https:\\\/\\\/shanabooks.de\\\/wp-content\\\/uploads\\\/2024\\\/01\\\/Cil-Romanen-Kurdi.png\",\"width\":298,\"height\":476,\"caption\":\"\u00c7il Roman\u00ean Kurd\u00ee - Lokman Polat - Pirt\u00fbk\u00ean Kurd\u00ee\"},{\"@type\":\"BreadcrumbList\",\"@id\":\"https:\\\/\\\/shanabooks.de\\\/product\\\/cil-romanen-kurdi-lokman-polat\\\/#breadcrumb\",\"itemListElement\":[{\"@type\":\"ListItem\",\"position\":1,\"name\":\"\u0627\u0644\u0631\u0626\u064a\u0633\u064a\u0629\",\"item\":\"https:\\\/\\\/shanabooks.de\\\/de\\\/\"},{\"@type\":\"ListItem\",\"position\":2,\"name\":\"\u0627\u0644\u0645\u0646\u062a\u062c\u0627\u062a\",\"item\":\"https:\\\/\\\/shanabooks.de\\\/shop\\\/\"},{\"@type\":\"ListItem\",\"position\":3,\"name\":\"\u00c7il Roman\u00ean Kurd\u00ee\"}]},{\"@type\":\"WebSite\",\"@id\":\"https:\\\/\\\/shanabooks.de\\\/#website\",\"url\":\"https:\\\/\\\/shanabooks.de\\\/\",\"name\":\"www.shanbooks.de\",\"description\":\"C\u00eehana Pirt\u00fbk\u00ean Kurd\u00ee \u0645\u0643\u062a\u0628\u0629 \u0634\u0627\u0646\u0627 \u0641\u064a \u0627\u0644\u0645\u0627\u0646\u064a\u0627 \u0648\u0623\u0648\u0631\u0628\u0627\",\"publisher\":{\"@id\":\"https:\\\/\\\/shanabooks.de\\\/#organization\"},\"potentialAction\":[{\"@type\":\"SearchAction\",\"target\":{\"@type\":\"EntryPoint\",\"urlTemplate\":\"https:\\\/\\\/shanabooks.de\\\/?s={search_term_string}\"},\"query-input\":{\"@type\":\"PropertyValueSpecification\",\"valueRequired\":true,\"valueName\":\"search_term_string\"}}],\"inLanguage\":\"de\"},{\"@type\":\"Organization\",\"@id\":\"https:\\\/\\\/shanabooks.de\\\/#organization\",\"name\":\"www.shanbooks.de\",\"url\":\"https:\\\/\\\/shanabooks.de\\\/\",\"logo\":{\"@type\":\"ImageObject\",\"inLanguage\":\"de\",\"@id\":\"https:\\\/\\\/shanabooks.de\\\/#\\\/schema\\\/logo\\\/image\\\/\",\"url\":\"https:\\\/\\\/shanabooks.de\\\/wp-content\\\/uploads\\\/2024\\\/03\\\/SHANABOOKS__2_-removebg-preview.png\",\"contentUrl\":\"https:\\\/\\\/shanabooks.de\\\/wp-content\\\/uploads\\\/2024\\\/03\\\/SHANABOOKS__2_-removebg-preview.png\",\"width\":700,\"height\":150,\"caption\":\"www.shanbooks.de\"},\"image\":{\"@id\":\"https:\\\/\\\/shanabooks.de\\\/#\\\/schema\\\/logo\\\/image\\\/\"}}]}<\/script>\n<!-- \/ Yoast SEO plugin. -->","yoast_head_json":{"title":"\u00c7il Roman\u00ean Kurd\u00ee - Lokman Polat - www.shanabooks.de","description":"\u00c7il Roman\u00ean Kurd\u00ee - Lokman Polat Min di pirt\u00fbka xwe ya bi nav\u00ea \u201cBist Roman\u00ean Kurdi\u201d de behsa 20 romanan kirib\u00fb. Di v\u00ea pirt\u00fbk\u00ea de j\u00ee ez behsa \u00e7il roman\u00ean ...","robots":{"index":"index","follow":"follow","max-snippet":"max-snippet:-1","max-image-preview":"max-image-preview:large","max-video-preview":"max-video-preview:-1"},"canonical":"https:\/\/shanabooks.de\/product\/cil-romanen-kurdi-lokman-polat\/","og_locale":"de_DE","og_type":"article","og_title":"\u00c7il Roman\u00ean Kurd\u00ee - Lokman Polat - www.shanabooks.de","og_description":"\u00c7il Roman\u00ean Kurd\u00ee - Lokman Polat Min di pirt\u00fbka xwe ya bi nav\u00ea \u201cBist Roman\u00ean Kurdi\u201d de behsa 20 romanan kirib\u00fb. Di v\u00ea pirt\u00fbk\u00ea de j\u00ee ez behsa \u00e7il roman\u00ean ...","og_url":"https:\/\/shanabooks.de\/product\/cil-romanen-kurdi-lokman-polat\/","og_site_name":"www.shanabooks.de","article_modified_time":"2024-03-04T12:18:02+00:00","og_image":[{"width":298,"height":476,"url":"https:\/\/shanabooks.de\/wp-content\/uploads\/2024\/01\/Cil-Romanen-Kurdi.png","type":"image\/png"}],"twitter_card":"summary_large_image","twitter_misc":{"Gesch\u00e4tzte Lesezeit":"2\u00a0Minuten"},"schema":{"@context":"https:\/\/schema.org","@graph":[{"@type":"WebPage","@id":"https:\/\/shanabooks.de\/product\/cil-romanen-kurdi-lokman-polat\/","url":"https:\/\/shanabooks.de\/product\/cil-romanen-kurdi-lokman-polat\/","name":"\u00c7il Roman\u00ean Kurd\u00ee - Lokman Polat - www.shanabooks.de","isPartOf":{"@id":"https:\/\/shanabooks.de\/#website"},"primaryImageOfPage":{"@id":"https:\/\/shanabooks.de\/product\/cil-romanen-kurdi-lokman-polat\/#primaryimage"},"image":{"@id":"https:\/\/shanabooks.de\/product\/cil-romanen-kurdi-lokman-polat\/#primaryimage"},"thumbnailUrl":"https:\/\/shanabooks.de\/wp-content\/uploads\/2024\/01\/Cil-Romanen-Kurdi.png","datePublished":"2024-03-03T11:50:50+00:00","dateModified":"2024-03-04T12:18:02+00:00","description":"\u00c7il Roman\u00ean Kurd\u00ee - Lokman Polat Min di pirt\u00fbka xwe ya bi nav\u00ea \u201cBist Roman\u00ean Kurdi\u201d de behsa 20 romanan kirib\u00fb. Di v\u00ea pirt\u00fbk\u00ea de j\u00ee ez behsa \u00e7il roman\u00ean ...","breadcrumb":{"@id":"https:\/\/shanabooks.de\/product\/cil-romanen-kurdi-lokman-polat\/#breadcrumb"},"inLanguage":"de","potentialAction":[{"@type":"ReadAction","target":["https:\/\/shanabooks.de\/product\/cil-romanen-kurdi-lokman-polat\/"]}]},{"@type":"ImageObject","inLanguage":"de","@id":"https:\/\/shanabooks.de\/product\/cil-romanen-kurdi-lokman-polat\/#primaryimage","url":"https:\/\/shanabooks.de\/wp-content\/uploads\/2024\/01\/Cil-Romanen-Kurdi.png","contentUrl":"https:\/\/shanabooks.de\/wp-content\/uploads\/2024\/01\/Cil-Romanen-Kurdi.png","width":298,"height":476,"caption":"\u00c7il Roman\u00ean Kurd\u00ee - Lokman Polat - Pirt\u00fbk\u00ean Kurd\u00ee"},{"@type":"BreadcrumbList","@id":"https:\/\/shanabooks.de\/product\/cil-romanen-kurdi-lokman-polat\/#breadcrumb","itemListElement":[{"@type":"ListItem","position":1,"name":"\u0627\u0644\u0631\u0626\u064a\u0633\u064a\u0629","item":"https:\/\/shanabooks.de\/de\/"},{"@type":"ListItem","position":2,"name":"\u0627\u0644\u0645\u0646\u062a\u062c\u0627\u062a","item":"https:\/\/shanabooks.de\/shop\/"},{"@type":"ListItem","position":3,"name":"\u00c7il Roman\u00ean Kurd\u00ee"}]},{"@type":"WebSite","@id":"https:\/\/shanabooks.de\/#website","url":"https:\/\/shanabooks.de\/","name":"www.shanbooks.de","description":"C\u00eehana Pirt\u00fbk\u00ean Kurd\u00ee \u0645\u0643\u062a\u0628\u0629 \u0634\u0627\u0646\u0627 \u0641\u064a \u0627\u0644\u0645\u0627\u0646\u064a\u0627 \u0648\u0623\u0648\u0631\u0628\u0627","publisher":{"@id":"https:\/\/shanabooks.de\/#organization"},"potentialAction":[{"@type":"SearchAction","target":{"@type":"EntryPoint","urlTemplate":"https:\/\/shanabooks.de\/?s={search_term_string}"},"query-input":{"@type":"PropertyValueSpecification","valueRequired":true,"valueName":"search_term_string"}}],"inLanguage":"de"},{"@type":"Organization","@id":"https:\/\/shanabooks.de\/#organization","name":"www.shanbooks.de","url":"https:\/\/shanabooks.de\/","logo":{"@type":"ImageObject","inLanguage":"de","@id":"https:\/\/shanabooks.de\/#\/schema\/logo\/image\/","url":"https:\/\/shanabooks.de\/wp-content\/uploads\/2024\/03\/SHANABOOKS__2_-removebg-preview.png","contentUrl":"https:\/\/shanabooks.de\/wp-content\/uploads\/2024\/03\/SHANABOOKS__2_-removebg-preview.png","width":700,"height":150,"caption":"www.shanbooks.de"},"image":{"@id":"https:\/\/shanabooks.de\/#\/schema\/logo\/image\/"}}]}},"jetpack_sharing_enabled":true,"_links":{"self":[{"href":"https:\/\/shanabooks.de\/de\/wp-json\/wp\/v2\/product\/11634","targetHints":{"allow":["GET"]}}],"collection":[{"href":"https:\/\/shanabooks.de\/de\/wp-json\/wp\/v2\/product"}],"about":[{"href":"https:\/\/shanabooks.de\/de\/wp-json\/wp\/v2\/types\/product"}],"version-history":[{"count":3,"href":"https:\/\/shanabooks.de\/de\/wp-json\/wp\/v2\/product\/11634\/revisions"}],"predecessor-version":[{"id":13796,"href":"https:\/\/shanabooks.de\/de\/wp-json\/wp\/v2\/product\/11634\/revisions\/13796"}],"wp:featuredmedia":[{"embeddable":true,"href":"https:\/\/shanabooks.de\/de\/wp-json\/wp\/v2\/media\/5762"}],"wp:attachment":[{"href":"https:\/\/shanabooks.de\/de\/wp-json\/wp\/v2\/media?parent=11634"}],"wp:term":[{"taxonomy":"product_brand","embeddable":true,"href":"https:\/\/shanabooks.de\/de\/wp-json\/wp\/v2\/product_brand?post=11634"},{"taxonomy":"product_cat","embeddable":true,"href":"https:\/\/shanabooks.de\/de\/wp-json\/wp\/v2\/product_cat?post=11634"},{"taxonomy":"product_tag","embeddable":true,"href":"https:\/\/shanabooks.de\/de\/wp-json\/wp\/v2\/product_tag?post=11634"}],"curies":[{"name":"wp","href":"https:\/\/api.w.org\/{rel}","templated":true}]}}