{"id":11659,"date":"2024-03-03T11:51:13","date_gmt":"2024-03-03T11:51:13","guid":{"rendered":"https:\/\/shanabooks.de\/?post_type=product&#038;p=11659"},"modified":"2024-03-04T20:03:06","modified_gmt":"2024-03-04T20:03:06","slug":"zerdest-u-avesta-u-felsefeya-yekxwedaperestiye-ferhad-ebdulhemid-palewan","status":"publish","type":"product","link":"https:\/\/shanabooks.de\/de\/product\/zerdest-u-avesta-u-felsefeya-yekxwedaperestiye-ferhad-ebdulhemid-palewan\/","title":{"rendered":"Zerde\u015ft \u00fb Avesta \u00fb Felsefeya Yekxwedaperest\u00eey\u00ea"},"content":{"rendered":"<p style=\"text-align: left\"><strong>Zerde\u015ft \u00fb Avesta \u00fb Felsefeya Yekxwedaperest\u00eey\u00ea &#8211; Ferhad Ebdulhem\u00eed Palewan<\/strong><\/p>\n<p style=\"text-align: left\">Mebest ji berhevkirin \u200c\u00fb niv\u00eesandina v\u00ea mijar\u00ea ew e, ku neviy\u00ean n\u00fb y\u00ean neteweya me der bar\u00ea kelep\u00fbr\u00ean her\u00ee gir\u00eeng \u00fb kevnar \u00ean neteweya xwe de xwediy\u00ea zanyariy\u00ean puxtey\u00ee \u00fb rast bin. Ev agah\u00ee \u00fb zan\u00een, pi\u015fta xwe dide wan kesan, ku hest\u00ean wan \u00ean netewey\u00ee pirtir bin \u00fb hewl bidin \u00fb bit\u00eako\u015fin ji bo p\u00ea\u015fxistina neteweya xwe, da ku ji hem\u00fb c\u00eehan\u00ea re biselim\u00eenin, ku ew zarok\u00ean lay\u00eeq \u00fb j\u00eahat\u00ee y\u00ean bav \u00fb bap\u00eer\u00ean xwe ne, hewl bidin s\u00fbd\u00ea ji ezm\u00fbna \u015faristaniya rabor\u00eeya p\u00ea\u015fiy\u00ean xwe wergirin \u00fb dersan ji wan serberj\u00eariyan derxin. B\u00eaguman ew zanist \u00fb felsefeya kevnar a bavan\u00ean me, bingeh \u00fb st\u00fbn\u00ean her\u00ee ba\u015f \u00fb her\u00ee bih\u00eaz in, ji bo qedera avahiya civaka me ya netewey\u00ee.<br \/>\nEm \u00e7iqas\u00ee w\u00ea bingeh\u00ea bih\u00eaztir \u00fb qay\u00eemtir bikin, siberoja me ron\u00eetir \u00fb ge\u015ftir dibe. Berhema Zerde\u015ft \u00fb Avesta \u00fb Felsefeya Yekxwedaperestiy\u00ea der bar\u00ea nijad \u00fb neteweya Zerde\u015ft, cih \u00fb war \u00fb d\u00eeroka jiday\u00eekb\u00fbna w\u00ee li ber ron\u00eeya belgey\u00ean d\u00eerok\u00ee agahiy\u00ean berfereh radigih\u00eene. Ev berhem bi awayek\u00ee berfereh mijar\u00ean weke binemala Zerde\u015ft \u00fb peyrew\u00ean w\u00ee, wateya peyva zerde\u015ft, d\u00eerok \u00fb serdema derketina Zerde\u015f, fikir \u00fb n\u00ear\u00een\u00ean Zerde\u015ft, sedama nezan\u00eena jiday\u00eekb\u00fbna Zerde\u015ft, war\u00ea jiday\u00eekb\u00fbn \u00fb kurteyek ji jiyana Zerde\u015ft, aramgeha Zerde\u015ft, fikir \u00fb raman\u00ean Zerde\u015ft, n\u00ear\u00een\u00ean zanayan \u00ean der bar\u00ea Zerde\u015ft de, felsefeya Ola Zerde\u015ft\u00ee, jiyan ji ven\u00ear\u00eengeha Zerde\u015ft ve, ba\u015f\u00ee \u00fb xerab\u00ee, diyalekt\u00eeka rewan \u00fb raman di baweriya zerde\u015ft de, yekxwedaperest\u00ee \u00fb Ola Zerde\u015ft\u00ee, Ah\u00fbra Mezda, bandora Ola Zerde\u015ft\u00ee li ser ol\u00ean din \u00ean yekxwedaperest\u00ee, di Ola Zerde\u015ftiy\u00ea de fir\u00ee\u015fte, yezd, pirt\u00fbka Avesta \u00fb \u015ferha w\u00ea , rabor\u00ee \u00fb \u00e7\u00eeroka Avestay\u00ea, der bar\u00ea Ola Zerde\u015ft\u0131y\u00ea de zanyariy\u00ean gi\u015ft\u00ee li xwe digre. Ev behrema ku bi xebateke l\u00eakol\u00eener\u00ee ya b\u00eest salan a ji aliy\u00ea Ferhad Ebdulhem\u00eed Palewan ve hatiye amadekirin, ji bo ron\u00eekirina m\u00eeras\u00ean kurd\u00ee \u00fb Ola Zerde\u015ft\u00eey\u00ea gelek dewlemend e \u00fb ji bo her xw\u00eenerek\u00ee kurd deriyek\u00ee agahiy\u00ea ye. Bi kurt\u00ee ji bo ku mirov ji her h\u00eal\u00ea ve Zerde\u015ftiy\u00ea nas bike berhemeke b\u00eahempa ye.<\/p>\n","protected":false},"excerpt":{"rendered":"<p style=\"text-align: center\"><strong>Pirt\u00fbk: Zerde\u015ft \u00fb Avesta \u00fb Felsefeya Yekxwedaperest\u00eey\u00ea<br \/>\nNiv\u00eeskar: Ferhad Ebdulhem\u00eed Palewan<br \/>\n<\/strong><strong>Cure: Ol\/l\u00eakol\u00een<\/strong><\/p>\n","protected":false},"featured_media":11715,"template":"","meta":{"site-sidebar-layout":"default","site-content-layout":"","ast-site-content-layout":"default","site-content-style":"default","site-sidebar-style":"default","ast-global-header-display":"","ast-banner-title-visibility":"","ast-main-header-display":"","ast-hfb-above-header-display":"","ast-hfb-below-header-display":"","ast-hfb-mobile-header-display":"","site-post-title":"","ast-breadcrumbs-content":"","ast-featured-img":"","footer-sml-layout":"","ast-disable-related-posts":"","theme-transparent-header-meta":"default","adv-header-id-meta":"","stick-header-meta":"","header-above-stick-meta":"","header-main-stick-meta":"","header-below-stick-meta":"","astra-migrate-meta-layouts":"set","ast-page-background-enabled":"default","ast-page-background-meta":{"desktop":{"background-color":"","background-image":"","background-repeat":"repeat","background-position":"center center","background-size":"auto","background-attachment":"scroll","background-type":"","background-media":"","overlay-type":"","overlay-color":"","overlay-opacity":"","overlay-gradient":""},"tablet":{"background-color":"","background-image":"","background-repeat":"repeat","background-position":"center center","background-size":"auto","background-attachment":"scroll","background-type":"","background-media":"","overlay-type":"","overlay-color":"","overlay-opacity":"","overlay-gradient":""},"mobile":{"background-color":"","background-image":"","background-repeat":"repeat","background-position":"center center","background-size":"auto","background-attachment":"scroll","background-type":"","background-media":"","overlay-type":"","overlay-color":"","overlay-opacity":"","overlay-gradient":""}},"ast-content-background-meta":{"desktop":{"background-color":"var(--ast-global-color-5)","background-image":"","background-repeat":"repeat","background-position":"center center","background-size":"auto","background-attachment":"scroll","background-type":"","background-media":"","overlay-type":"","overlay-color":"","overlay-opacity":"","overlay-gradient":""},"tablet":{"background-color":"var(--ast-global-color-5)","background-image":"","background-repeat":"repeat","background-position":"center center","background-size":"auto","background-attachment":"scroll","background-type":"","background-media":"","overlay-type":"","overlay-color":"","overlay-opacity":"","overlay-gradient":""},"mobile":{"background-color":"var(--ast-global-color-5)","background-image":"","background-repeat":"repeat","background-position":"center center","background-size":"auto","background-attachment":"scroll","background-type":"","background-media":"","overlay-type":"","overlay-color":"","overlay-opacity":"","overlay-gradient":""}}},"product_brand":[],"product_cat":[179,189,193],"product_tag":[],"class_list":{"0":"post-11659","1":"product","2":"type-product","3":"status-publish","4":"has-post-thumbnail","6":"product_cat-_","7":"product_cat--_","9":"desktop-align-left","10":"tablet-align-left","11":"mobile-align-left","13":"first","14":"outofstock","15":"shipping-taxable","16":"purchasable","17":"product-type-simple"},"yoast_head":"<!-- This site is optimized with the Yoast SEO plugin v27.4 - https:\/\/yoast.com\/product\/yoast-seo-wordpress\/ -->\n<title>Zerde\u015ft \u00fb Avesta \u00fb Felsefeya Yekxwedaperest\u00eey\u00ea - Ferhad Palewan<\/title>\n<meta name=\"robots\" content=\"index, follow, max-snippet:-1, max-image-preview:large, max-video-preview:-1\" \/>\n<link rel=\"canonical\" href=\"https:\/\/shanabooks.de\/product\/zerdest-u-avesta-u-felsefeya-yekxwedaperestiye-ferhad-ebdulhemid-palewan\/\" \/>\n<meta property=\"og:locale\" content=\"de_DE\" \/>\n<meta property=\"og:type\" content=\"article\" \/>\n<meta property=\"og:title\" content=\"Zerde\u015ft \u00fb Avesta \u00fb Felsefeya Yekxwedaperest\u00eey\u00ea - Ferhad Palewan\" \/>\n<meta property=\"og:description\" content=\"Pirt\u00fbk: Zerde\u015ft \u00fb Avesta \u00fb Felsefeya Yekxwedaperest\u00eey\u00ea Niv\u00eeskar: Ferhad Ebdulhem\u00eed Palewan Cure: Ol\/l\u00eakol\u00een\" \/>\n<meta property=\"og:url\" content=\"https:\/\/shanabooks.de\/product\/zerdest-u-avesta-u-felsefeya-yekxwedaperestiye-ferhad-ebdulhemid-palewan\/\" \/>\n<meta property=\"og:site_name\" content=\"www.shanabooks.de\" \/>\n<meta property=\"article:modified_time\" content=\"2024-03-04T20:03:06+00:00\" \/>\n<meta property=\"og:image\" content=\"https:\/\/shanabooks.de\/wp-content\/uploads\/2024\/03\/Zerdesst-u-Avesta.png\" \/>\n\t<meta property=\"og:image:width\" content=\"295\" \/>\n\t<meta property=\"og:image:height\" content=\"477\" \/>\n\t<meta property=\"og:image:type\" content=\"image\/png\" \/>\n<meta name=\"twitter:card\" content=\"summary_large_image\" \/>\n<meta name=\"twitter:label1\" content=\"Gesch\u00e4tzte Lesezeit\" \/>\n\t<meta name=\"twitter:data1\" content=\"3\u00a0Minuten\" \/>\n<script type=\"application\/ld+json\" class=\"yoast-schema-graph\">{\"@context\":\"https:\\\/\\\/schema.org\",\"@graph\":[{\"@type\":\"WebPage\",\"@id\":\"https:\\\/\\\/shanabooks.de\\\/product\\\/zerdest-u-avesta-u-felsefeya-yekxwedaperestiye-ferhad-ebdulhemid-palewan\\\/\",\"url\":\"https:\\\/\\\/shanabooks.de\\\/product\\\/zerdest-u-avesta-u-felsefeya-yekxwedaperestiye-ferhad-ebdulhemid-palewan\\\/\",\"name\":\"Zerde\u015ft \u00fb Avesta \u00fb Felsefeya Yekxwedaperest\u00eey\u00ea - Ferhad Palewan\",\"isPartOf\":{\"@id\":\"https:\\\/\\\/shanabooks.de\\\/#website\"},\"primaryImageOfPage\":{\"@id\":\"https:\\\/\\\/shanabooks.de\\\/product\\\/zerdest-u-avesta-u-felsefeya-yekxwedaperestiye-ferhad-ebdulhemid-palewan\\\/#primaryimage\"},\"image\":{\"@id\":\"https:\\\/\\\/shanabooks.de\\\/product\\\/zerdest-u-avesta-u-felsefeya-yekxwedaperestiye-ferhad-ebdulhemid-palewan\\\/#primaryimage\"},\"thumbnailUrl\":\"https:\\\/\\\/shanabooks.de\\\/wp-content\\\/uploads\\\/2024\\\/03\\\/Zerdesst-u-Avesta.png\",\"datePublished\":\"2024-03-03T11:51:13+00:00\",\"dateModified\":\"2024-03-04T20:03:06+00:00\",\"breadcrumb\":{\"@id\":\"https:\\\/\\\/shanabooks.de\\\/product\\\/zerdest-u-avesta-u-felsefeya-yekxwedaperestiye-ferhad-ebdulhemid-palewan\\\/#breadcrumb\"},\"inLanguage\":\"de\",\"potentialAction\":[{\"@type\":\"ReadAction\",\"target\":[\"https:\\\/\\\/shanabooks.de\\\/product\\\/zerdest-u-avesta-u-felsefeya-yekxwedaperestiye-ferhad-ebdulhemid-palewan\\\/\"]}]},{\"@type\":\"ImageObject\",\"inLanguage\":\"de\",\"@id\":\"https:\\\/\\\/shanabooks.de\\\/product\\\/zerdest-u-avesta-u-felsefeya-yekxwedaperestiye-ferhad-ebdulhemid-palewan\\\/#primaryimage\",\"url\":\"https:\\\/\\\/shanabooks.de\\\/wp-content\\\/uploads\\\/2024\\\/03\\\/Zerdesst-u-Avesta.png\",\"contentUrl\":\"https:\\\/\\\/shanabooks.de\\\/wp-content\\\/uploads\\\/2024\\\/03\\\/Zerdesst-u-Avesta.png\",\"width\":295,\"height\":477,\"caption\":\"Zerde\u015ft \u00fb Avesta \u00fb Felsefeya Yekxwedaperest\u00eey\u00ea - Ferhad Ebdulhem\u00eed Palewan - Pirt\u00fbk\u00ean Kurd\u00ee\"},{\"@type\":\"BreadcrumbList\",\"@id\":\"https:\\\/\\\/shanabooks.de\\\/product\\\/zerdest-u-avesta-u-felsefeya-yekxwedaperestiye-ferhad-ebdulhemid-palewan\\\/#breadcrumb\",\"itemListElement\":[{\"@type\":\"ListItem\",\"position\":1,\"name\":\"\u0627\u0644\u0631\u0626\u064a\u0633\u064a\u0629\",\"item\":\"https:\\\/\\\/shanabooks.de\\\/de\\\/\"},{\"@type\":\"ListItem\",\"position\":2,\"name\":\"\u0627\u0644\u0645\u0646\u062a\u062c\u0627\u062a\",\"item\":\"https:\\\/\\\/shanabooks.de\\\/shop\\\/\"},{\"@type\":\"ListItem\",\"position\":3,\"name\":\"Zerde\u015ft \u00fb Avesta \u00fb Felsefeya Yekxwedaperest\u00eey\u00ea\"}]},{\"@type\":\"WebSite\",\"@id\":\"https:\\\/\\\/shanabooks.de\\\/#website\",\"url\":\"https:\\\/\\\/shanabooks.de\\\/\",\"name\":\"www.shanbooks.de\",\"description\":\"C\u00eehana Pirt\u00fbk\u00ean Kurd\u00ee \u0645\u0643\u062a\u0628\u0629 \u0634\u0627\u0646\u0627 \u0641\u064a \u0627\u0644\u0645\u0627\u0646\u064a\u0627 \u0648\u0623\u0648\u0631\u0628\u0627\",\"publisher\":{\"@id\":\"https:\\\/\\\/shanabooks.de\\\/#organization\"},\"potentialAction\":[{\"@type\":\"SearchAction\",\"target\":{\"@type\":\"EntryPoint\",\"urlTemplate\":\"https:\\\/\\\/shanabooks.de\\\/?s={search_term_string}\"},\"query-input\":{\"@type\":\"PropertyValueSpecification\",\"valueRequired\":true,\"valueName\":\"search_term_string\"}}],\"inLanguage\":\"de\"},{\"@type\":\"Organization\",\"@id\":\"https:\\\/\\\/shanabooks.de\\\/#organization\",\"name\":\"www.shanbooks.de\",\"url\":\"https:\\\/\\\/shanabooks.de\\\/\",\"logo\":{\"@type\":\"ImageObject\",\"inLanguage\":\"de\",\"@id\":\"https:\\\/\\\/shanabooks.de\\\/#\\\/schema\\\/logo\\\/image\\\/\",\"url\":\"https:\\\/\\\/shanabooks.de\\\/wp-content\\\/uploads\\\/2024\\\/03\\\/SHANABOOKS__2_-removebg-preview.png\",\"contentUrl\":\"https:\\\/\\\/shanabooks.de\\\/wp-content\\\/uploads\\\/2024\\\/03\\\/SHANABOOKS__2_-removebg-preview.png\",\"width\":700,\"height\":150,\"caption\":\"www.shanbooks.de\"},\"image\":{\"@id\":\"https:\\\/\\\/shanabooks.de\\\/#\\\/schema\\\/logo\\\/image\\\/\"}}]}<\/script>\n<!-- \/ Yoast SEO plugin. -->","yoast_head_json":{"title":"Zerde\u015ft \u00fb Avesta \u00fb Felsefeya Yekxwedaperest\u00eey\u00ea - Ferhad Palewan","robots":{"index":"index","follow":"follow","max-snippet":"max-snippet:-1","max-image-preview":"max-image-preview:large","max-video-preview":"max-video-preview:-1"},"canonical":"https:\/\/shanabooks.de\/product\/zerdest-u-avesta-u-felsefeya-yekxwedaperestiye-ferhad-ebdulhemid-palewan\/","og_locale":"de_DE","og_type":"article","og_title":"Zerde\u015ft \u00fb Avesta \u00fb Felsefeya Yekxwedaperest\u00eey\u00ea - Ferhad Palewan","og_description":"Pirt\u00fbk: Zerde\u015ft \u00fb Avesta \u00fb Felsefeya Yekxwedaperest\u00eey\u00ea Niv\u00eeskar: Ferhad Ebdulhem\u00eed Palewan Cure: Ol\/l\u00eakol\u00een","og_url":"https:\/\/shanabooks.de\/product\/zerdest-u-avesta-u-felsefeya-yekxwedaperestiye-ferhad-ebdulhemid-palewan\/","og_site_name":"www.shanabooks.de","article_modified_time":"2024-03-04T20:03:06+00:00","og_image":[{"width":295,"height":477,"url":"https:\/\/shanabooks.de\/wp-content\/uploads\/2024\/03\/Zerdesst-u-Avesta.png","type":"image\/png"}],"twitter_card":"summary_large_image","twitter_misc":{"Gesch\u00e4tzte Lesezeit":"3\u00a0Minuten"},"schema":{"@context":"https:\/\/schema.org","@graph":[{"@type":"WebPage","@id":"https:\/\/shanabooks.de\/product\/zerdest-u-avesta-u-felsefeya-yekxwedaperestiye-ferhad-ebdulhemid-palewan\/","url":"https:\/\/shanabooks.de\/product\/zerdest-u-avesta-u-felsefeya-yekxwedaperestiye-ferhad-ebdulhemid-palewan\/","name":"Zerde\u015ft \u00fb Avesta \u00fb Felsefeya Yekxwedaperest\u00eey\u00ea - Ferhad Palewan","isPartOf":{"@id":"https:\/\/shanabooks.de\/#website"},"primaryImageOfPage":{"@id":"https:\/\/shanabooks.de\/product\/zerdest-u-avesta-u-felsefeya-yekxwedaperestiye-ferhad-ebdulhemid-palewan\/#primaryimage"},"image":{"@id":"https:\/\/shanabooks.de\/product\/zerdest-u-avesta-u-felsefeya-yekxwedaperestiye-ferhad-ebdulhemid-palewan\/#primaryimage"},"thumbnailUrl":"https:\/\/shanabooks.de\/wp-content\/uploads\/2024\/03\/Zerdesst-u-Avesta.png","datePublished":"2024-03-03T11:51:13+00:00","dateModified":"2024-03-04T20:03:06+00:00","breadcrumb":{"@id":"https:\/\/shanabooks.de\/product\/zerdest-u-avesta-u-felsefeya-yekxwedaperestiye-ferhad-ebdulhemid-palewan\/#breadcrumb"},"inLanguage":"de","potentialAction":[{"@type":"ReadAction","target":["https:\/\/shanabooks.de\/product\/zerdest-u-avesta-u-felsefeya-yekxwedaperestiye-ferhad-ebdulhemid-palewan\/"]}]},{"@type":"ImageObject","inLanguage":"de","@id":"https:\/\/shanabooks.de\/product\/zerdest-u-avesta-u-felsefeya-yekxwedaperestiye-ferhad-ebdulhemid-palewan\/#primaryimage","url":"https:\/\/shanabooks.de\/wp-content\/uploads\/2024\/03\/Zerdesst-u-Avesta.png","contentUrl":"https:\/\/shanabooks.de\/wp-content\/uploads\/2024\/03\/Zerdesst-u-Avesta.png","width":295,"height":477,"caption":"Zerde\u015ft \u00fb Avesta \u00fb Felsefeya Yekxwedaperest\u00eey\u00ea - Ferhad Ebdulhem\u00eed Palewan - Pirt\u00fbk\u00ean Kurd\u00ee"},{"@type":"BreadcrumbList","@id":"https:\/\/shanabooks.de\/product\/zerdest-u-avesta-u-felsefeya-yekxwedaperestiye-ferhad-ebdulhemid-palewan\/#breadcrumb","itemListElement":[{"@type":"ListItem","position":1,"name":"\u0627\u0644\u0631\u0626\u064a\u0633\u064a\u0629","item":"https:\/\/shanabooks.de\/de\/"},{"@type":"ListItem","position":2,"name":"\u0627\u0644\u0645\u0646\u062a\u062c\u0627\u062a","item":"https:\/\/shanabooks.de\/shop\/"},{"@type":"ListItem","position":3,"name":"Zerde\u015ft \u00fb Avesta \u00fb Felsefeya Yekxwedaperest\u00eey\u00ea"}]},{"@type":"WebSite","@id":"https:\/\/shanabooks.de\/#website","url":"https:\/\/shanabooks.de\/","name":"www.shanbooks.de","description":"C\u00eehana Pirt\u00fbk\u00ean Kurd\u00ee \u0645\u0643\u062a\u0628\u0629 \u0634\u0627\u0646\u0627 \u0641\u064a \u0627\u0644\u0645\u0627\u0646\u064a\u0627 \u0648\u0623\u0648\u0631\u0628\u0627","publisher":{"@id":"https:\/\/shanabooks.de\/#organization"},"potentialAction":[{"@type":"SearchAction","target":{"@type":"EntryPoint","urlTemplate":"https:\/\/shanabooks.de\/?s={search_term_string}"},"query-input":{"@type":"PropertyValueSpecification","valueRequired":true,"valueName":"search_term_string"}}],"inLanguage":"de"},{"@type":"Organization","@id":"https:\/\/shanabooks.de\/#organization","name":"www.shanbooks.de","url":"https:\/\/shanabooks.de\/","logo":{"@type":"ImageObject","inLanguage":"de","@id":"https:\/\/shanabooks.de\/#\/schema\/logo\/image\/","url":"https:\/\/shanabooks.de\/wp-content\/uploads\/2024\/03\/SHANABOOKS__2_-removebg-preview.png","contentUrl":"https:\/\/shanabooks.de\/wp-content\/uploads\/2024\/03\/SHANABOOKS__2_-removebg-preview.png","width":700,"height":150,"caption":"www.shanbooks.de"},"image":{"@id":"https:\/\/shanabooks.de\/#\/schema\/logo\/image\/"}}]}},"jetpack_sharing_enabled":true,"_links":{"self":[{"href":"https:\/\/shanabooks.de\/de\/wp-json\/wp\/v2\/product\/11659","targetHints":{"allow":["GET"]}}],"collection":[{"href":"https:\/\/shanabooks.de\/de\/wp-json\/wp\/v2\/product"}],"about":[{"href":"https:\/\/shanabooks.de\/de\/wp-json\/wp\/v2\/types\/product"}],"version-history":[{"count":2,"href":"https:\/\/shanabooks.de\/de\/wp-json\/wp\/v2\/product\/11659\/revisions"}],"predecessor-version":[{"id":13878,"href":"https:\/\/shanabooks.de\/de\/wp-json\/wp\/v2\/product\/11659\/revisions\/13878"}],"wp:featuredmedia":[{"embeddable":true,"href":"https:\/\/shanabooks.de\/de\/wp-json\/wp\/v2\/media\/11715"}],"wp:attachment":[{"href":"https:\/\/shanabooks.de\/de\/wp-json\/wp\/v2\/media?parent=11659"}],"wp:term":[{"taxonomy":"product_brand","embeddable":true,"href":"https:\/\/shanabooks.de\/de\/wp-json\/wp\/v2\/product_brand?post=11659"},{"taxonomy":"product_cat","embeddable":true,"href":"https:\/\/shanabooks.de\/de\/wp-json\/wp\/v2\/product_cat?post=11659"},{"taxonomy":"product_tag","embeddable":true,"href":"https:\/\/shanabooks.de\/de\/wp-json\/wp\/v2\/product_tag?post=11659"}],"curies":[{"name":"wp","href":"https:\/\/api.w.org\/{rel}","templated":true}]}}