{"id":11670,"date":"2024-03-03T11:51:13","date_gmt":"2024-03-03T11:51:13","guid":{"rendered":"https:\/\/shanabooks.de\/?post_type=product&#038;p=11670"},"modified":"2026-01-02T20:31:47","modified_gmt":"2026-01-02T20:31:47","slug":"regehen-wejeyi-welid-remzi-bekir","status":"publish","type":"product","link":"https:\/\/shanabooks.de\/de\/product\/regehen-wejeyi-welid-remzi-bekir\/","title":{"rendered":"R\u00eageh\u00ean w\u00eajey\u00ee"},"content":{"rendered":"<p style=\"text-align: left\"><strong>R\u00eageh\u00ean w\u00eajey\u00ee &#8211; Wel\u00eed Remz\u00ee Bekir<\/strong><\/p>\n<div class=\"o9v6fnle cxmmr5t8 oygrvhab hcukyx3x c1et5uql ii04i59q\" style=\"text-align: left\">\n<div dir=\"auto\">Berhema huner\u00ee \u00fb w\u00eajey\u00ee ta asteke bilind di bin bandora haw\u00eerdora ku t\u00ea da dij\u00ee derdikeve \u00fb p\u00ea\u015f dikeve. Ew bi xwezay\u00ea bandor dibe ji n\u00ear\u00een, xuyang \u00fb \u00e7alak\u00eeyan. Daney\u00ean xwezay\u00ea cuda ne bi cudah\u00eeya xwezay\u00ea ra.<\/div>\n<\/div>\n<div class=\"o9v6fnle cxmmr5t8 oygrvhab hcukyx3x c1et5uql ii04i59q\" style=\"text-align: left\">\n<div dir=\"auto\">Haw\u00eedora mirov\u00ee \u00e7and, \u015faristan\u00ee, r\u00eabaz\u00ean j\u00eeyankirin \u00fb lixwekirin\u00ea, rew\u015fa \u00e7\u00eenat\u00ee, berhem\u00ean abor\u00ee, gertif \u00fb gerdi\u015f, \u00e7\u00eaj, zanist, huner, avah\u00ee, j\u00eeyana ramyar\u00ee, zagon \u00fb dir\u00fbv\u00ean s\u00eeyas\u00ee ne.<\/div>\n<\/div>\n<div class=\"o9v6fnle cxmmr5t8 oygrvhab hcukyx3x c1et5uql ii04i59q\" style=\"text-align: left\">\n<div dir=\"auto\">Ji vir, r\u00eageha d\u00eerok\u00ee \u00fb rexney\u00ee bi r\u00ea ket, ya ku derbar\u00ea l\u00eakol\u00eenkirina haw\u00eerdor\u00ea \u00fb asta bandora w\u00ea li ser w\u00eaje \u00fb huneran dixebite. Ev ne t\u00ea wateya ku afir\u00eener d\u00eelgirt\u00eey\u00ea haw\u00eerdora xwe ye, l\u00ea ew xuyangeke b\u00eahtir\u00ee berhem\u00ean w\u00ee\/\u00ea bi \u00e7apeke d\u00eeyar \u00e7ap dike, ew j\u00ee he\u015fa serdem\u00ea ye.<\/div>\n<\/div>\n<div class=\"o9v6fnle cxmmr5t8 oygrvhab hcukyx3x c1et5uql ii04i59q\">\n<div dir=\"auto\" style=\"text-align: left\">Di bin bandora rew\u015fa haw\u00eedor\u00ea, te\u015feya berhema w\u00eajey\u00ee xuya dibe, l\u00ea r\u00eagez\u00ean w\u00ea h\u00een ne zelal in, ji ber ku derbasb\u00fbna dehan salan p\u00eaw\u00eest e ta l\u00eakol\u00eener \u00fb rexnegir\u00ean ku li ser w\u00ea d\u00eeyardey\u00ea diponijin tev\u00ee sedem, xuyang \u00fb p\u00ea\u015fketin\u00ean w\u00ea, pi\u015ftra digih\u00eajin derencama r\u00eagez \u00fb felsefeya w\u00ea, her wiha d\u00eeyarkirina dir\u00fbv, h\u00eaman, t\u00eageh \u00fb rew\u015f\u00ean cih \u00fb dem\u00ea.<\/div>\n<div dir=\"auto\">R\u00eageh\u00ean w\u00eajey\u00ee ya Wel\u00eed Remz\u00ee Bekir ji we\u015fan\u00ean Ava derketiye.<\/div>\n<\/div>\n","protected":false},"excerpt":{"rendered":"<p style=\"text-align: center\"><strong>Pirt\u00fbk: R\u00eageh\u00ean W\u00eajey\u00ee<\/strong><br \/>\n<strong>Niv\u00eeskar: Wel\u00eed Remz\u00ee Bekir<\/strong><br \/>\n<strong>Cure: L\u00eakol\u00een<\/strong><\/p>\n","protected":false},"featured_media":11726,"template":"","meta":{"site-sidebar-layout":"default","site-content-layout":"","ast-site-content-layout":"default","site-content-style":"default","site-sidebar-style":"default","ast-global-header-display":"","ast-banner-title-visibility":"","ast-main-header-display":"","ast-hfb-above-header-display":"","ast-hfb-below-header-display":"","ast-hfb-mobile-header-display":"","site-post-title":"","ast-breadcrumbs-content":"","ast-featured-img":"","footer-sml-layout":"","ast-disable-related-posts":"","theme-transparent-header-meta":"default","adv-header-id-meta":"","stick-header-meta":"","header-above-stick-meta":"","header-main-stick-meta":"","header-below-stick-meta":"","astra-migrate-meta-layouts":"set","ast-page-background-enabled":"default","ast-page-background-meta":{"desktop":{"background-color":"","background-image":"","background-repeat":"repeat","background-position":"center center","background-size":"auto","background-attachment":"scroll","background-type":"","background-media":"","overlay-type":"","overlay-color":"","overlay-opacity":"","overlay-gradient":""},"tablet":{"background-color":"","background-image":"","background-repeat":"repeat","background-position":"center center","background-size":"auto","background-attachment":"scroll","background-type":"","background-media":"","overlay-type":"","overlay-color":"","overlay-opacity":"","overlay-gradient":""},"mobile":{"background-color":"","background-image":"","background-repeat":"repeat","background-position":"center center","background-size":"auto","background-attachment":"scroll","background-type":"","background-media":"","overlay-type":"","overlay-color":"","overlay-opacity":"","overlay-gradient":""}},"ast-content-background-meta":{"desktop":{"background-color":"var(--ast-global-color-5)","background-image":"","background-repeat":"repeat","background-position":"center center","background-size":"auto","background-attachment":"scroll","background-type":"","background-media":"","overlay-type":"","overlay-color":"","overlay-opacity":"","overlay-gradient":""},"tablet":{"background-color":"var(--ast-global-color-5)","background-image":"","background-repeat":"repeat","background-position":"center center","background-size":"auto","background-attachment":"scroll","background-type":"","background-media":"","overlay-type":"","overlay-color":"","overlay-opacity":"","overlay-gradient":""},"mobile":{"background-color":"var(--ast-global-color-5)","background-image":"","background-repeat":"repeat","background-position":"center center","background-size":"auto","background-attachment":"scroll","background-type":"","background-media":"","overlay-type":"","overlay-color":"","overlay-opacity":"","overlay-gradient":""}}},"product_brand":[],"product_cat":[179,193],"product_tag":[],"class_list":{"0":"post-11670","1":"product","2":"type-product","3":"status-publish","4":"has-post-thumbnail","6":"product_cat-_","7":"product_cat--_","8":"pa_-lekolin","9":"pa_-weje","10":"pa_-welid-remzi-bekir","11":"pa_-kurmanci","12":"pa_--ava","13":"desktop-align-left","14":"tablet-align-left","15":"mobile-align-left","17":"first","18":"outofstock","19":"shipping-taxable","20":"purchasable","21":"product-type-simple"},"yoast_head":"<!-- This site is optimized with the Yoast SEO plugin v27.4 - https:\/\/yoast.com\/product\/yoast-seo-wordpress\/ -->\n<title>R\u00eageh\u00ean w\u00eajey\u00ee - Wel\u00eed Remz\u00ee Bekir - www.shanabooks.de<\/title>\n<meta name=\"description\" content=\"R\u00eageh\u00ean w\u00eajey\u00ee - Wel\u00eed Remz\u00ee Bekir Berhema huner\u00ee \u00fb w\u00eajey\u00ee ta asteke bilind di bin bandora haw\u00eerdora ku t\u00ea da dij\u00ee derdikeve \u00fb p\u00ea\u015f dikeve. Ew bi xwezay\u00ea ...\" \/>\n<meta name=\"robots\" content=\"index, follow, max-snippet:-1, max-image-preview:large, max-video-preview:-1\" \/>\n<link rel=\"canonical\" href=\"https:\/\/shanabooks.de\/product\/regehen-wejeyi-welid-remzi-bekir\/\" \/>\n<meta property=\"og:locale\" content=\"de_DE\" \/>\n<meta property=\"og:type\" content=\"article\" \/>\n<meta property=\"og:title\" content=\"R\u00eageh\u00ean w\u00eajey\u00ee - Wel\u00eed Remz\u00ee Bekir - www.shanabooks.de\" \/>\n<meta property=\"og:description\" content=\"R\u00eageh\u00ean w\u00eajey\u00ee - Wel\u00eed Remz\u00ee Bekir Berhema huner\u00ee \u00fb w\u00eajey\u00ee ta asteke bilind di bin bandora haw\u00eerdora ku t\u00ea da dij\u00ee derdikeve \u00fb p\u00ea\u015f dikeve. Ew bi xwezay\u00ea ...\" \/>\n<meta property=\"og:url\" content=\"https:\/\/shanabooks.de\/product\/regehen-wejeyi-welid-remzi-bekir\/\" \/>\n<meta property=\"og:site_name\" content=\"www.shanabooks.de\" \/>\n<meta property=\"article:modified_time\" content=\"2026-01-02T20:31:47+00:00\" \/>\n<meta property=\"og:image\" content=\"https:\/\/shanabooks.de\/wp-content\/uploads\/2024\/03\/Regehen-wejeyi-1.png\" \/>\n\t<meta property=\"og:image:width\" content=\"324\" \/>\n\t<meta property=\"og:image:height\" content=\"477\" \/>\n\t<meta property=\"og:image:type\" content=\"image\/png\" \/>\n<meta name=\"twitter:card\" content=\"summary_large_image\" \/>\n<meta name=\"twitter:label1\" content=\"Gesch\u00e4tzte Lesezeit\" \/>\n\t<meta name=\"twitter:data1\" content=\"2\u00a0Minuten\" \/>\n<script type=\"application\/ld+json\" class=\"yoast-schema-graph\">{\"@context\":\"https:\\\/\\\/schema.org\",\"@graph\":[{\"@type\":\"WebPage\",\"@id\":\"https:\\\/\\\/shanabooks.de\\\/product\\\/regehen-wejeyi-welid-remzi-bekir\\\/\",\"url\":\"https:\\\/\\\/shanabooks.de\\\/product\\\/regehen-wejeyi-welid-remzi-bekir\\\/\",\"name\":\"R\u00eageh\u00ean w\u00eajey\u00ee - Wel\u00eed Remz\u00ee Bekir - www.shanabooks.de\",\"isPartOf\":{\"@id\":\"https:\\\/\\\/shanabooks.de\\\/#website\"},\"primaryImageOfPage\":{\"@id\":\"https:\\\/\\\/shanabooks.de\\\/product\\\/regehen-wejeyi-welid-remzi-bekir\\\/#primaryimage\"},\"image\":{\"@id\":\"https:\\\/\\\/shanabooks.de\\\/product\\\/regehen-wejeyi-welid-remzi-bekir\\\/#primaryimage\"},\"thumbnailUrl\":\"https:\\\/\\\/shanabooks.de\\\/wp-content\\\/uploads\\\/2024\\\/03\\\/Regehen-wejeyi-1.png\",\"datePublished\":\"2024-03-03T11:51:13+00:00\",\"dateModified\":\"2026-01-02T20:31:47+00:00\",\"description\":\"R\u00eageh\u00ean w\u00eajey\u00ee - Wel\u00eed Remz\u00ee Bekir Berhema huner\u00ee \u00fb w\u00eajey\u00ee ta asteke bilind di bin bandora haw\u00eerdora ku t\u00ea da dij\u00ee derdikeve \u00fb p\u00ea\u015f dikeve. Ew bi xwezay\u00ea ...\",\"breadcrumb\":{\"@id\":\"https:\\\/\\\/shanabooks.de\\\/product\\\/regehen-wejeyi-welid-remzi-bekir\\\/#breadcrumb\"},\"inLanguage\":\"de\",\"potentialAction\":[{\"@type\":\"ReadAction\",\"target\":[\"https:\\\/\\\/shanabooks.de\\\/product\\\/regehen-wejeyi-welid-remzi-bekir\\\/\"]}]},{\"@type\":\"ImageObject\",\"inLanguage\":\"de\",\"@id\":\"https:\\\/\\\/shanabooks.de\\\/product\\\/regehen-wejeyi-welid-remzi-bekir\\\/#primaryimage\",\"url\":\"https:\\\/\\\/shanabooks.de\\\/wp-content\\\/uploads\\\/2024\\\/03\\\/Regehen-wejeyi-1.png\",\"contentUrl\":\"https:\\\/\\\/shanabooks.de\\\/wp-content\\\/uploads\\\/2024\\\/03\\\/Regehen-wejeyi-1.png\",\"width\":324,\"height\":477,\"caption\":\"R\u00eageh\u00ean w\u00eajey\u00ee - Wel\u00eed Remz\u00ee Bekir - pirt\u00fbk\u00ean kurd\u00ee\"},{\"@type\":\"BreadcrumbList\",\"@id\":\"https:\\\/\\\/shanabooks.de\\\/product\\\/regehen-wejeyi-welid-remzi-bekir\\\/#breadcrumb\",\"itemListElement\":[{\"@type\":\"ListItem\",\"position\":1,\"name\":\"\u0627\u0644\u0631\u0626\u064a\u0633\u064a\u0629\",\"item\":\"https:\\\/\\\/shanabooks.de\\\/de\\\/\"},{\"@type\":\"ListItem\",\"position\":2,\"name\":\"\u0627\u0644\u0645\u0646\u062a\u062c\u0627\u062a\",\"item\":\"https:\\\/\\\/shanabooks.de\\\/shop\\\/\"},{\"@type\":\"ListItem\",\"position\":3,\"name\":\"R\u00eageh\u00ean w\u00eajey\u00ee\"}]},{\"@type\":\"WebSite\",\"@id\":\"https:\\\/\\\/shanabooks.de\\\/#website\",\"url\":\"https:\\\/\\\/shanabooks.de\\\/\",\"name\":\"www.shanbooks.de\",\"description\":\"C\u00eehana Pirt\u00fbk\u00ean Kurd\u00ee \u0645\u0643\u062a\u0628\u0629 \u0634\u0627\u0646\u0627 \u0641\u064a \u0627\u0644\u0645\u0627\u0646\u064a\u0627 \u0648\u0623\u0648\u0631\u0628\u0627\",\"publisher\":{\"@id\":\"https:\\\/\\\/shanabooks.de\\\/#organization\"},\"potentialAction\":[{\"@type\":\"SearchAction\",\"target\":{\"@type\":\"EntryPoint\",\"urlTemplate\":\"https:\\\/\\\/shanabooks.de\\\/?s={search_term_string}\"},\"query-input\":{\"@type\":\"PropertyValueSpecification\",\"valueRequired\":true,\"valueName\":\"search_term_string\"}}],\"inLanguage\":\"de\"},{\"@type\":\"Organization\",\"@id\":\"https:\\\/\\\/shanabooks.de\\\/#organization\",\"name\":\"www.shanbooks.de\",\"url\":\"https:\\\/\\\/shanabooks.de\\\/\",\"logo\":{\"@type\":\"ImageObject\",\"inLanguage\":\"de\",\"@id\":\"https:\\\/\\\/shanabooks.de\\\/#\\\/schema\\\/logo\\\/image\\\/\",\"url\":\"https:\\\/\\\/shanabooks.de\\\/wp-content\\\/uploads\\\/2024\\\/03\\\/SHANABOOKS__2_-removebg-preview.png\",\"contentUrl\":\"https:\\\/\\\/shanabooks.de\\\/wp-content\\\/uploads\\\/2024\\\/03\\\/SHANABOOKS__2_-removebg-preview.png\",\"width\":700,\"height\":150,\"caption\":\"www.shanbooks.de\"},\"image\":{\"@id\":\"https:\\\/\\\/shanabooks.de\\\/#\\\/schema\\\/logo\\\/image\\\/\"}}]}<\/script>\n<!-- \/ Yoast SEO plugin. -->","yoast_head_json":{"title":"R\u00eageh\u00ean w\u00eajey\u00ee - Wel\u00eed Remz\u00ee Bekir - www.shanabooks.de","description":"R\u00eageh\u00ean w\u00eajey\u00ee - Wel\u00eed Remz\u00ee Bekir Berhema huner\u00ee \u00fb w\u00eajey\u00ee ta asteke bilind di bin bandora haw\u00eerdora ku t\u00ea da dij\u00ee derdikeve \u00fb p\u00ea\u015f dikeve. Ew bi xwezay\u00ea ...","robots":{"index":"index","follow":"follow","max-snippet":"max-snippet:-1","max-image-preview":"max-image-preview:large","max-video-preview":"max-video-preview:-1"},"canonical":"https:\/\/shanabooks.de\/product\/regehen-wejeyi-welid-remzi-bekir\/","og_locale":"de_DE","og_type":"article","og_title":"R\u00eageh\u00ean w\u00eajey\u00ee - Wel\u00eed Remz\u00ee Bekir - www.shanabooks.de","og_description":"R\u00eageh\u00ean w\u00eajey\u00ee - Wel\u00eed Remz\u00ee Bekir Berhema huner\u00ee \u00fb w\u00eajey\u00ee ta asteke bilind di bin bandora haw\u00eerdora ku t\u00ea da dij\u00ee derdikeve \u00fb p\u00ea\u015f dikeve. Ew bi xwezay\u00ea ...","og_url":"https:\/\/shanabooks.de\/product\/regehen-wejeyi-welid-remzi-bekir\/","og_site_name":"www.shanabooks.de","article_modified_time":"2026-01-02T20:31:47+00:00","og_image":[{"width":324,"height":477,"url":"https:\/\/shanabooks.de\/wp-content\/uploads\/2024\/03\/Regehen-wejeyi-1.png","type":"image\/png"}],"twitter_card":"summary_large_image","twitter_misc":{"Gesch\u00e4tzte Lesezeit":"2\u00a0Minuten"},"schema":{"@context":"https:\/\/schema.org","@graph":[{"@type":"WebPage","@id":"https:\/\/shanabooks.de\/product\/regehen-wejeyi-welid-remzi-bekir\/","url":"https:\/\/shanabooks.de\/product\/regehen-wejeyi-welid-remzi-bekir\/","name":"R\u00eageh\u00ean w\u00eajey\u00ee - Wel\u00eed Remz\u00ee Bekir - www.shanabooks.de","isPartOf":{"@id":"https:\/\/shanabooks.de\/#website"},"primaryImageOfPage":{"@id":"https:\/\/shanabooks.de\/product\/regehen-wejeyi-welid-remzi-bekir\/#primaryimage"},"image":{"@id":"https:\/\/shanabooks.de\/product\/regehen-wejeyi-welid-remzi-bekir\/#primaryimage"},"thumbnailUrl":"https:\/\/shanabooks.de\/wp-content\/uploads\/2024\/03\/Regehen-wejeyi-1.png","datePublished":"2024-03-03T11:51:13+00:00","dateModified":"2026-01-02T20:31:47+00:00","description":"R\u00eageh\u00ean w\u00eajey\u00ee - Wel\u00eed Remz\u00ee Bekir Berhema huner\u00ee \u00fb w\u00eajey\u00ee ta asteke bilind di bin bandora haw\u00eerdora ku t\u00ea da dij\u00ee derdikeve \u00fb p\u00ea\u015f dikeve. Ew bi xwezay\u00ea ...","breadcrumb":{"@id":"https:\/\/shanabooks.de\/product\/regehen-wejeyi-welid-remzi-bekir\/#breadcrumb"},"inLanguage":"de","potentialAction":[{"@type":"ReadAction","target":["https:\/\/shanabooks.de\/product\/regehen-wejeyi-welid-remzi-bekir\/"]}]},{"@type":"ImageObject","inLanguage":"de","@id":"https:\/\/shanabooks.de\/product\/regehen-wejeyi-welid-remzi-bekir\/#primaryimage","url":"https:\/\/shanabooks.de\/wp-content\/uploads\/2024\/03\/Regehen-wejeyi-1.png","contentUrl":"https:\/\/shanabooks.de\/wp-content\/uploads\/2024\/03\/Regehen-wejeyi-1.png","width":324,"height":477,"caption":"R\u00eageh\u00ean w\u00eajey\u00ee - Wel\u00eed Remz\u00ee Bekir - pirt\u00fbk\u00ean kurd\u00ee"},{"@type":"BreadcrumbList","@id":"https:\/\/shanabooks.de\/product\/regehen-wejeyi-welid-remzi-bekir\/#breadcrumb","itemListElement":[{"@type":"ListItem","position":1,"name":"\u0627\u0644\u0631\u0626\u064a\u0633\u064a\u0629","item":"https:\/\/shanabooks.de\/de\/"},{"@type":"ListItem","position":2,"name":"\u0627\u0644\u0645\u0646\u062a\u062c\u0627\u062a","item":"https:\/\/shanabooks.de\/shop\/"},{"@type":"ListItem","position":3,"name":"R\u00eageh\u00ean w\u00eajey\u00ee"}]},{"@type":"WebSite","@id":"https:\/\/shanabooks.de\/#website","url":"https:\/\/shanabooks.de\/","name":"www.shanbooks.de","description":"C\u00eehana Pirt\u00fbk\u00ean Kurd\u00ee \u0645\u0643\u062a\u0628\u0629 \u0634\u0627\u0646\u0627 \u0641\u064a \u0627\u0644\u0645\u0627\u0646\u064a\u0627 \u0648\u0623\u0648\u0631\u0628\u0627","publisher":{"@id":"https:\/\/shanabooks.de\/#organization"},"potentialAction":[{"@type":"SearchAction","target":{"@type":"EntryPoint","urlTemplate":"https:\/\/shanabooks.de\/?s={search_term_string}"},"query-input":{"@type":"PropertyValueSpecification","valueRequired":true,"valueName":"search_term_string"}}],"inLanguage":"de"},{"@type":"Organization","@id":"https:\/\/shanabooks.de\/#organization","name":"www.shanbooks.de","url":"https:\/\/shanabooks.de\/","logo":{"@type":"ImageObject","inLanguage":"de","@id":"https:\/\/shanabooks.de\/#\/schema\/logo\/image\/","url":"https:\/\/shanabooks.de\/wp-content\/uploads\/2024\/03\/SHANABOOKS__2_-removebg-preview.png","contentUrl":"https:\/\/shanabooks.de\/wp-content\/uploads\/2024\/03\/SHANABOOKS__2_-removebg-preview.png","width":700,"height":150,"caption":"www.shanbooks.de"},"image":{"@id":"https:\/\/shanabooks.de\/#\/schema\/logo\/image\/"}}]}},"jetpack_sharing_enabled":true,"_links":{"self":[{"href":"https:\/\/shanabooks.de\/de\/wp-json\/wp\/v2\/product\/11670","targetHints":{"allow":["GET"]}}],"collection":[{"href":"https:\/\/shanabooks.de\/de\/wp-json\/wp\/v2\/product"}],"about":[{"href":"https:\/\/shanabooks.de\/de\/wp-json\/wp\/v2\/types\/product"}],"version-history":[{"count":3,"href":"https:\/\/shanabooks.de\/de\/wp-json\/wp\/v2\/product\/11670\/revisions"}],"predecessor-version":[{"id":13900,"href":"https:\/\/shanabooks.de\/de\/wp-json\/wp\/v2\/product\/11670\/revisions\/13900"}],"wp:featuredmedia":[{"embeddable":true,"href":"https:\/\/shanabooks.de\/de\/wp-json\/wp\/v2\/media\/11726"}],"wp:attachment":[{"href":"https:\/\/shanabooks.de\/de\/wp-json\/wp\/v2\/media?parent=11670"}],"wp:term":[{"taxonomy":"product_brand","embeddable":true,"href":"https:\/\/shanabooks.de\/de\/wp-json\/wp\/v2\/product_brand?post=11670"},{"taxonomy":"product_cat","embeddable":true,"href":"https:\/\/shanabooks.de\/de\/wp-json\/wp\/v2\/product_cat?post=11670"},{"taxonomy":"product_tag","embeddable":true,"href":"https:\/\/shanabooks.de\/de\/wp-json\/wp\/v2\/product_tag?post=11670"}],"curies":[{"name":"wp","href":"https:\/\/api.w.org\/{rel}","templated":true}]}}