{"id":11671,"date":"2024-03-03T11:51:13","date_gmt":"2024-03-03T11:51:13","guid":{"rendered":"https:\/\/shanabooks.de\/?post_type=product&#038;p=11671"},"modified":"2026-01-02T20:19:49","modified_gmt":"2026-01-02T20:19:49","slug":"gotinen-pesiyan-eli-cafer","status":"publish","type":"product","link":"https:\/\/shanabooks.de\/de\/product\/gotinen-pesiyan-eli-cafer\/","title":{"rendered":"Gotin\u00ean P\u00ea\u015fiyan"},"content":{"rendered":"<p style=\"text-align: left\"><strong>Gotin\u00ean P\u00ea\u015fiyan &#8211; El\u00ee Cafer<\/strong><\/p>\n<p style=\"text-align: left\">Gotin\u00ean p\u00ea\u015fiyan\u00a0di nav her netewey\u00ea de h\u00eemek\u00ee bingeh\u00een \u00ea civak\u00ee ye. Xwediy\u00ea wan gotinan ne bel\u00ee ye \u00fb di bingeha xwe de gelek caran hatine guhertin. Gotin\u00ean p\u00ea\u015fiyan, ew gotin in ku \u00e7\u00eerokek\u00ea, n\u00eaz\u00eekatiyek\u00ea, an perspekt\u00eefek\u00ea bi hevokeke kurt t\u00eene zim\u00ean ku tim di hi\u015f\u00ea mirov de bim\u00eene \u00fb mirov bi h\u00easan\u00ee bikaribe ji yek\u00ee\/e din re j\u00ee b\u00eaje.<\/p>\n","protected":false},"excerpt":{"rendered":"<p style=\"text-align: center\"><strong>Pirt\u00fbk: Gotin\u00ean P\u00ea\u015fiyan<br \/>\nNiv\u00eeskar: El\u00ee Cafer<br \/>\nCure: Gotin\u00ean P\u00ea\u015fiyan<\/strong><\/p>\n","protected":false},"featured_media":6291,"template":"","meta":{"site-sidebar-layout":"default","site-content-layout":"","ast-site-content-layout":"default","site-content-style":"default","site-sidebar-style":"default","ast-global-header-display":"","ast-banner-title-visibility":"","ast-main-header-display":"","ast-hfb-above-header-display":"","ast-hfb-below-header-display":"","ast-hfb-mobile-header-display":"","site-post-title":"","ast-breadcrumbs-content":"","ast-featured-img":"","footer-sml-layout":"","ast-disable-related-posts":"","theme-transparent-header-meta":"default","adv-header-id-meta":"","stick-header-meta":"","header-above-stick-meta":"","header-main-stick-meta":"","header-below-stick-meta":"","astra-migrate-meta-layouts":"set","ast-page-background-enabled":"default","ast-page-background-meta":{"desktop":{"background-color":"","background-image":"","background-repeat":"repeat","background-position":"center center","background-size":"auto","background-attachment":"scroll","background-type":"","background-media":"","overlay-type":"","overlay-color":"","overlay-opacity":"","overlay-gradient":""},"tablet":{"background-color":"","background-image":"","background-repeat":"repeat","background-position":"center center","background-size":"auto","background-attachment":"scroll","background-type":"","background-media":"","overlay-type":"","overlay-color":"","overlay-opacity":"","overlay-gradient":""},"mobile":{"background-color":"","background-image":"","background-repeat":"repeat","background-position":"center center","background-size":"auto","background-attachment":"scroll","background-type":"","background-media":"","overlay-type":"","overlay-color":"","overlay-opacity":"","overlay-gradient":""}},"ast-content-background-meta":{"desktop":{"background-color":"var(--ast-global-color-5)","background-image":"","background-repeat":"repeat","background-position":"center center","background-size":"auto","background-attachment":"scroll","background-type":"","background-media":"","overlay-type":"","overlay-color":"","overlay-opacity":"","overlay-gradient":""},"tablet":{"background-color":"var(--ast-global-color-5)","background-image":"","background-repeat":"repeat","background-position":"center center","background-size":"auto","background-attachment":"scroll","background-type":"","background-media":"","overlay-type":"","overlay-color":"","overlay-opacity":"","overlay-gradient":""},"mobile":{"background-color":"var(--ast-global-color-5)","background-image":"","background-repeat":"repeat","background-position":"center center","background-size":"auto","background-attachment":"scroll","background-type":"","background-media":"","overlay-type":"","overlay-color":"","overlay-opacity":"","overlay-gradient":""}}},"product_brand":[],"product_cat":[180,193],"product_tag":[],"class_list":{"0":"post-11671","1":"product","2":"type-product","3":"status-publish","4":"has-post-thumbnail","6":"product_cat-_","7":"product_cat--_","8":"pa_-gotinen-pesiyan","9":"pa_-eli-cafer","10":"pa_-kurmanci","11":"pa_--322","12":"desktop-align-left","13":"tablet-align-left","14":"mobile-align-left","16":"first","17":"instock","18":"shipping-taxable","19":"purchasable","20":"product-type-simple"},"yoast_head":"<!-- This site is optimized with the Yoast SEO plugin v27.4 - https:\/\/yoast.com\/product\/yoast-seo-wordpress\/ -->\n<title>Gotin\u00ean P\u00ea\u015fiyan - El\u00ee Cafer - www.shanabooks.de<\/title>\n<meta name=\"description\" content=\"Gotin\u00ean P\u00ea\u015fiyan - El\u00ee Cafer Gotin\u00ean p\u00ea\u015fiyan\u00a0di nav her netewey\u00ea de h\u00eemek\u00ee bingeh\u00een \u00ea civak\u00ee ye. Xwediy\u00ea wan gotinan ne bel\u00ee ye \u00fb di bingeha xwe de gelek...\" \/>\n<meta name=\"robots\" content=\"index, follow, max-snippet:-1, max-image-preview:large, max-video-preview:-1\" \/>\n<link rel=\"canonical\" href=\"https:\/\/shanabooks.de\/product\/gotinen-pesiyan-eli-cafer\/\" \/>\n<meta property=\"og:locale\" content=\"de_DE\" \/>\n<meta property=\"og:type\" content=\"article\" \/>\n<meta property=\"og:title\" content=\"Gotin\u00ean P\u00ea\u015fiyan - El\u00ee Cafer - www.shanabooks.de\" \/>\n<meta property=\"og:description\" content=\"Gotin\u00ean P\u00ea\u015fiyan - El\u00ee Cafer Gotin\u00ean p\u00ea\u015fiyan\u00a0di nav her netewey\u00ea de h\u00eemek\u00ee bingeh\u00een \u00ea civak\u00ee ye. Xwediy\u00ea wan gotinan ne bel\u00ee ye \u00fb di bingeha xwe de gelek...\" \/>\n<meta property=\"og:url\" content=\"https:\/\/shanabooks.de\/product\/gotinen-pesiyan-eli-cafer\/\" \/>\n<meta property=\"og:site_name\" content=\"www.shanabooks.de\" \/>\n<meta property=\"article:modified_time\" content=\"2026-01-02T20:19:49+00:00\" \/>\n<meta property=\"og:image\" content=\"https:\/\/shanabooks.de\/wp-content\/uploads\/2024\/01\/Gotinen-Pesiyan-.png\" \/>\n\t<meta property=\"og:image:width\" content=\"308\" \/>\n\t<meta property=\"og:image:height\" content=\"471\" \/>\n\t<meta property=\"og:image:type\" content=\"image\/png\" \/>\n<meta name=\"twitter:card\" content=\"summary_large_image\" \/>\n<meta name=\"twitter:label1\" content=\"Gesch\u00e4tzte Lesezeit\" \/>\n\t<meta name=\"twitter:data1\" content=\"1\u00a0Minute\" \/>\n<script type=\"application\/ld+json\" class=\"yoast-schema-graph\">{\"@context\":\"https:\\\/\\\/schema.org\",\"@graph\":[{\"@type\":\"WebPage\",\"@id\":\"https:\\\/\\\/shanabooks.de\\\/product\\\/gotinen-pesiyan-eli-cafer\\\/\",\"url\":\"https:\\\/\\\/shanabooks.de\\\/product\\\/gotinen-pesiyan-eli-cafer\\\/\",\"name\":\"Gotin\u00ean P\u00ea\u015fiyan - El\u00ee Cafer - www.shanabooks.de\",\"isPartOf\":{\"@id\":\"https:\\\/\\\/shanabooks.de\\\/#website\"},\"primaryImageOfPage\":{\"@id\":\"https:\\\/\\\/shanabooks.de\\\/product\\\/gotinen-pesiyan-eli-cafer\\\/#primaryimage\"},\"image\":{\"@id\":\"https:\\\/\\\/shanabooks.de\\\/product\\\/gotinen-pesiyan-eli-cafer\\\/#primaryimage\"},\"thumbnailUrl\":\"https:\\\/\\\/shanabooks.de\\\/wp-content\\\/uploads\\\/2024\\\/01\\\/Gotinen-Pesiyan-.png\",\"datePublished\":\"2024-03-03T11:51:13+00:00\",\"dateModified\":\"2026-01-02T20:19:49+00:00\",\"description\":\"Gotin\u00ean P\u00ea\u015fiyan - El\u00ee Cafer Gotin\u00ean p\u00ea\u015fiyan\u00a0di nav her netewey\u00ea de h\u00eemek\u00ee bingeh\u00een \u00ea civak\u00ee ye. Xwediy\u00ea wan gotinan ne bel\u00ee ye \u00fb di bingeha xwe de gelek...\",\"breadcrumb\":{\"@id\":\"https:\\\/\\\/shanabooks.de\\\/product\\\/gotinen-pesiyan-eli-cafer\\\/#breadcrumb\"},\"inLanguage\":\"de\",\"potentialAction\":[{\"@type\":\"ReadAction\",\"target\":[\"https:\\\/\\\/shanabooks.de\\\/product\\\/gotinen-pesiyan-eli-cafer\\\/\"]}]},{\"@type\":\"ImageObject\",\"inLanguage\":\"de\",\"@id\":\"https:\\\/\\\/shanabooks.de\\\/product\\\/gotinen-pesiyan-eli-cafer\\\/#primaryimage\",\"url\":\"https:\\\/\\\/shanabooks.de\\\/wp-content\\\/uploads\\\/2024\\\/01\\\/Gotinen-Pesiyan-.png\",\"contentUrl\":\"https:\\\/\\\/shanabooks.de\\\/wp-content\\\/uploads\\\/2024\\\/01\\\/Gotinen-Pesiyan-.png\",\"width\":308,\"height\":471,\"caption\":\"Gotin\u00ean P\u00ea\u015fiyan - El\u00ee Cafer - pirt\u00fbk\u00ean kurd\u00ee\"},{\"@type\":\"BreadcrumbList\",\"@id\":\"https:\\\/\\\/shanabooks.de\\\/product\\\/gotinen-pesiyan-eli-cafer\\\/#breadcrumb\",\"itemListElement\":[{\"@type\":\"ListItem\",\"position\":1,\"name\":\"\u0627\u0644\u0631\u0626\u064a\u0633\u064a\u0629\",\"item\":\"https:\\\/\\\/shanabooks.de\\\/de\\\/\"},{\"@type\":\"ListItem\",\"position\":2,\"name\":\"\u0627\u0644\u0645\u0646\u062a\u062c\u0627\u062a\",\"item\":\"https:\\\/\\\/shanabooks.de\\\/shop\\\/\"},{\"@type\":\"ListItem\",\"position\":3,\"name\":\"Gotin\u00ean P\u00ea\u015fiyan\"}]},{\"@type\":\"WebSite\",\"@id\":\"https:\\\/\\\/shanabooks.de\\\/#website\",\"url\":\"https:\\\/\\\/shanabooks.de\\\/\",\"name\":\"www.shanbooks.de\",\"description\":\"C\u00eehana Pirt\u00fbk\u00ean Kurd\u00ee \u0645\u0643\u062a\u0628\u0629 \u0634\u0627\u0646\u0627 \u0641\u064a \u0627\u0644\u0645\u0627\u0646\u064a\u0627 \u0648\u0623\u0648\u0631\u0628\u0627\",\"publisher\":{\"@id\":\"https:\\\/\\\/shanabooks.de\\\/#organization\"},\"potentialAction\":[{\"@type\":\"SearchAction\",\"target\":{\"@type\":\"EntryPoint\",\"urlTemplate\":\"https:\\\/\\\/shanabooks.de\\\/?s={search_term_string}\"},\"query-input\":{\"@type\":\"PropertyValueSpecification\",\"valueRequired\":true,\"valueName\":\"search_term_string\"}}],\"inLanguage\":\"de\"},{\"@type\":\"Organization\",\"@id\":\"https:\\\/\\\/shanabooks.de\\\/#organization\",\"name\":\"www.shanbooks.de\",\"url\":\"https:\\\/\\\/shanabooks.de\\\/\",\"logo\":{\"@type\":\"ImageObject\",\"inLanguage\":\"de\",\"@id\":\"https:\\\/\\\/shanabooks.de\\\/#\\\/schema\\\/logo\\\/image\\\/\",\"url\":\"https:\\\/\\\/shanabooks.de\\\/wp-content\\\/uploads\\\/2024\\\/03\\\/SHANABOOKS__2_-removebg-preview.png\",\"contentUrl\":\"https:\\\/\\\/shanabooks.de\\\/wp-content\\\/uploads\\\/2024\\\/03\\\/SHANABOOKS__2_-removebg-preview.png\",\"width\":700,\"height\":150,\"caption\":\"www.shanbooks.de\"},\"image\":{\"@id\":\"https:\\\/\\\/shanabooks.de\\\/#\\\/schema\\\/logo\\\/image\\\/\"}}]}<\/script>\n<!-- \/ Yoast SEO plugin. -->","yoast_head_json":{"title":"Gotin\u00ean P\u00ea\u015fiyan - El\u00ee Cafer - www.shanabooks.de","description":"Gotin\u00ean P\u00ea\u015fiyan - El\u00ee Cafer Gotin\u00ean p\u00ea\u015fiyan\u00a0di nav her netewey\u00ea de h\u00eemek\u00ee bingeh\u00een \u00ea civak\u00ee ye. Xwediy\u00ea wan gotinan ne bel\u00ee ye \u00fb di bingeha xwe de gelek...","robots":{"index":"index","follow":"follow","max-snippet":"max-snippet:-1","max-image-preview":"max-image-preview:large","max-video-preview":"max-video-preview:-1"},"canonical":"https:\/\/shanabooks.de\/product\/gotinen-pesiyan-eli-cafer\/","og_locale":"de_DE","og_type":"article","og_title":"Gotin\u00ean P\u00ea\u015fiyan - El\u00ee Cafer - www.shanabooks.de","og_description":"Gotin\u00ean P\u00ea\u015fiyan - El\u00ee Cafer Gotin\u00ean p\u00ea\u015fiyan\u00a0di nav her netewey\u00ea de h\u00eemek\u00ee bingeh\u00een \u00ea civak\u00ee ye. Xwediy\u00ea wan gotinan ne bel\u00ee ye \u00fb di bingeha xwe de gelek...","og_url":"https:\/\/shanabooks.de\/product\/gotinen-pesiyan-eli-cafer\/","og_site_name":"www.shanabooks.de","article_modified_time":"2026-01-02T20:19:49+00:00","og_image":[{"width":308,"height":471,"url":"https:\/\/shanabooks.de\/wp-content\/uploads\/2024\/01\/Gotinen-Pesiyan-.png","type":"image\/png"}],"twitter_card":"summary_large_image","twitter_misc":{"Gesch\u00e4tzte Lesezeit":"1\u00a0Minute"},"schema":{"@context":"https:\/\/schema.org","@graph":[{"@type":"WebPage","@id":"https:\/\/shanabooks.de\/product\/gotinen-pesiyan-eli-cafer\/","url":"https:\/\/shanabooks.de\/product\/gotinen-pesiyan-eli-cafer\/","name":"Gotin\u00ean P\u00ea\u015fiyan - El\u00ee Cafer - www.shanabooks.de","isPartOf":{"@id":"https:\/\/shanabooks.de\/#website"},"primaryImageOfPage":{"@id":"https:\/\/shanabooks.de\/product\/gotinen-pesiyan-eli-cafer\/#primaryimage"},"image":{"@id":"https:\/\/shanabooks.de\/product\/gotinen-pesiyan-eli-cafer\/#primaryimage"},"thumbnailUrl":"https:\/\/shanabooks.de\/wp-content\/uploads\/2024\/01\/Gotinen-Pesiyan-.png","datePublished":"2024-03-03T11:51:13+00:00","dateModified":"2026-01-02T20:19:49+00:00","description":"Gotin\u00ean P\u00ea\u015fiyan - El\u00ee Cafer Gotin\u00ean p\u00ea\u015fiyan\u00a0di nav her netewey\u00ea de h\u00eemek\u00ee bingeh\u00een \u00ea civak\u00ee ye. Xwediy\u00ea wan gotinan ne bel\u00ee ye \u00fb di bingeha xwe de gelek...","breadcrumb":{"@id":"https:\/\/shanabooks.de\/product\/gotinen-pesiyan-eli-cafer\/#breadcrumb"},"inLanguage":"de","potentialAction":[{"@type":"ReadAction","target":["https:\/\/shanabooks.de\/product\/gotinen-pesiyan-eli-cafer\/"]}]},{"@type":"ImageObject","inLanguage":"de","@id":"https:\/\/shanabooks.de\/product\/gotinen-pesiyan-eli-cafer\/#primaryimage","url":"https:\/\/shanabooks.de\/wp-content\/uploads\/2024\/01\/Gotinen-Pesiyan-.png","contentUrl":"https:\/\/shanabooks.de\/wp-content\/uploads\/2024\/01\/Gotinen-Pesiyan-.png","width":308,"height":471,"caption":"Gotin\u00ean P\u00ea\u015fiyan - El\u00ee Cafer - pirt\u00fbk\u00ean kurd\u00ee"},{"@type":"BreadcrumbList","@id":"https:\/\/shanabooks.de\/product\/gotinen-pesiyan-eli-cafer\/#breadcrumb","itemListElement":[{"@type":"ListItem","position":1,"name":"\u0627\u0644\u0631\u0626\u064a\u0633\u064a\u0629","item":"https:\/\/shanabooks.de\/de\/"},{"@type":"ListItem","position":2,"name":"\u0627\u0644\u0645\u0646\u062a\u062c\u0627\u062a","item":"https:\/\/shanabooks.de\/shop\/"},{"@type":"ListItem","position":3,"name":"Gotin\u00ean P\u00ea\u015fiyan"}]},{"@type":"WebSite","@id":"https:\/\/shanabooks.de\/#website","url":"https:\/\/shanabooks.de\/","name":"www.shanbooks.de","description":"C\u00eehana Pirt\u00fbk\u00ean Kurd\u00ee \u0645\u0643\u062a\u0628\u0629 \u0634\u0627\u0646\u0627 \u0641\u064a \u0627\u0644\u0645\u0627\u0646\u064a\u0627 \u0648\u0623\u0648\u0631\u0628\u0627","publisher":{"@id":"https:\/\/shanabooks.de\/#organization"},"potentialAction":[{"@type":"SearchAction","target":{"@type":"EntryPoint","urlTemplate":"https:\/\/shanabooks.de\/?s={search_term_string}"},"query-input":{"@type":"PropertyValueSpecification","valueRequired":true,"valueName":"search_term_string"}}],"inLanguage":"de"},{"@type":"Organization","@id":"https:\/\/shanabooks.de\/#organization","name":"www.shanbooks.de","url":"https:\/\/shanabooks.de\/","logo":{"@type":"ImageObject","inLanguage":"de","@id":"https:\/\/shanabooks.de\/#\/schema\/logo\/image\/","url":"https:\/\/shanabooks.de\/wp-content\/uploads\/2024\/03\/SHANABOOKS__2_-removebg-preview.png","contentUrl":"https:\/\/shanabooks.de\/wp-content\/uploads\/2024\/03\/SHANABOOKS__2_-removebg-preview.png","width":700,"height":150,"caption":"www.shanbooks.de"},"image":{"@id":"https:\/\/shanabooks.de\/#\/schema\/logo\/image\/"}}]}},"jetpack_sharing_enabled":true,"_links":{"self":[{"href":"https:\/\/shanabooks.de\/de\/wp-json\/wp\/v2\/product\/11671","targetHints":{"allow":["GET"]}}],"collection":[{"href":"https:\/\/shanabooks.de\/de\/wp-json\/wp\/v2\/product"}],"about":[{"href":"https:\/\/shanabooks.de\/de\/wp-json\/wp\/v2\/types\/product"}],"version-history":[{"count":2,"href":"https:\/\/shanabooks.de\/de\/wp-json\/wp\/v2\/product\/11671\/revisions"}],"predecessor-version":[{"id":13803,"href":"https:\/\/shanabooks.de\/de\/wp-json\/wp\/v2\/product\/11671\/revisions\/13803"}],"wp:featuredmedia":[{"embeddable":true,"href":"https:\/\/shanabooks.de\/de\/wp-json\/wp\/v2\/media\/6291"}],"wp:attachment":[{"href":"https:\/\/shanabooks.de\/de\/wp-json\/wp\/v2\/media?parent=11671"}],"wp:term":[{"taxonomy":"product_brand","embeddable":true,"href":"https:\/\/shanabooks.de\/de\/wp-json\/wp\/v2\/product_brand?post=11671"},{"taxonomy":"product_cat","embeddable":true,"href":"https:\/\/shanabooks.de\/de\/wp-json\/wp\/v2\/product_cat?post=11671"},{"taxonomy":"product_tag","embeddable":true,"href":"https:\/\/shanabooks.de\/de\/wp-json\/wp\/v2\/product_tag?post=11671"}],"curies":[{"name":"wp","href":"https:\/\/api.w.org\/{rel}","templated":true}]}}