{"id":11672,"date":"2024-03-03T11:51:13","date_gmt":"2024-03-03T11:51:13","guid":{"rendered":"https:\/\/shanabooks.de\/?post_type=product&#038;p=11672"},"modified":"2026-01-02T20:21:23","modified_gmt":"2026-01-02T20:21:23","slug":"kurtelekolinen-wejeyi-dr-ebdilmecit-sexo","status":"publish","type":"product","link":"https:\/\/shanabooks.de\/de\/product\/kurtelekolinen-wejeyi-dr-ebdilmecit-sexo\/","title":{"rendered":"Kurtel\u00eakol\u00een\u00ean w\u00eajey\u00ee"},"content":{"rendered":"<p style=\"text-align: left\"><strong>Kurtel\u00eakol\u00een\u00ean w\u00eajey\u00ee &#8211; Dr.Ebdilmec\u00eet \u015e\u00eaxo<\/strong><\/p>\n<p style=\"text-align: left\">Di v\u00ea berhema bi nav\u00ea Kurtel\u00eakol\u00een\u00ean w\u00eajey\u00ee ya Dr.Ebdilmec\u00eet \u015e\u00eaxo de, ku bi qebareyek\u00ee (h\u2019ecmek\u00ee) pi\u00e7\u00fbk e, l\u00ea pir xwe\u015fik \u00fb serkeft\u00ee \u00e7\u00eab\u00fb ye, van berhem\u00ean kubar heye:<br \/>\n-Rola Ehmed\u00ea Xan\u00ee di w\u00eaje ya Kurd\u00ee de<br \/>\n-Rola Feqiy\u00ea Teyran di w\u00eaje ya Kurd\u00ee de<br \/>\n-Rola Meley\u00ea Cez\u00eer\u00ee di w\u00eaje ya Kurd\u00ee de<br \/>\nDi bin her parek\u00ee de ji van hers\u00ea birr\u00ean pirt\u00fbk\u00ea, gelek babet \u00fb l\u00eakol\u00eenek bi \u015firovekirin hene, ku berhem\u00ea maldar dikin. P\u00eaw\u00eeste j\u00ee em bidin nas\u00een, ku p\u00ea\u015fgotina berhem\u00ea ji aliy\u00ea niv\u00eesevan ve hatiye l\u00eakirin, \u00fb di r\u00fbpel\u00ean daw\u00ee y\u00ea pirt\u00fbk\u00ea de, niv\u00eesevan n\u00ear\u00eena xwe ya bi gi\u015ft\u00ee aniye zim\u00ean, j\u00eader\u00ean bi k\u00earhatine dane xuyakirin \u00fb nav\u00ead 21 berhem\u00ean xwe y\u00ean ku ber\u00ee v\u00ea pirt\u00fbk\u00ea niv\u00ees\u00eene dane qelemkirin\u00ea. Ji wan mirov dinase, ku Dr. Evdilmec\u00eed \u015e\u00eaxo yeke ji rew\u015fenb\u00eer\u00ean navdar \u00ean gel\u00ea me \u00fb gel\u00ea me y\u00ea Kurdax\u00ee bi w\u00ee serbilind e. Em her om\u00eadwarin ji w\u00ee, ku h\u00een gelek berhem\u00ean d\u00ee y\u00ean h\u00eaja bo \u015fagird \u00fb xwendevan\u00ean \u00e7and \u00fb ziman\u00ea Kurd\u00ee biniv\u00eese, l\u00ea ya giring ewe, ku xort \u00fb ke\u00e7\u00ean me berhem\u00ean Kurd\u00ee bixw\u00eenin \u00fb ji ber v\u00ea yek\u00ea ez \u00ea v\u00ea axaz\u00ea ji wan bikim: Her mengek\u00ea bi k\u00eamtir\u00een pirt\u00fbkeke bi ziman\u00ea day \u00fb bav\u00ead xwe bixw\u00eenin, netewe ya ziman\u00ea xwe winda bikin, maf\u00ea w\u00ea di azadiy\u00ea \u00fb serxweb\u00fbn\u00ea de tune ye.<\/p>\n","protected":false},"excerpt":{"rendered":"<p style=\"text-align: center\"><strong>Pirt\u00fbk: Kurtel\u00eakol\u00een\u00ean w\u00eajey\u00ee<br \/>\nNiv\u00eeskar: Dr. Ebdilmec\u00eet \u015e\u00eaxo<br \/>\nCure: L\u00eakol\u00een \u00fb Folklor<\/strong><\/p>\n","protected":false},"featured_media":6295,"template":"","meta":{"site-sidebar-layout":"default","site-content-layout":"","ast-site-content-layout":"default","site-content-style":"default","site-sidebar-style":"default","ast-global-header-display":"","ast-banner-title-visibility":"","ast-main-header-display":"","ast-hfb-above-header-display":"","ast-hfb-below-header-display":"","ast-hfb-mobile-header-display":"","site-post-title":"","ast-breadcrumbs-content":"","ast-featured-img":"","footer-sml-layout":"","ast-disable-related-posts":"","theme-transparent-header-meta":"default","adv-header-id-meta":"","stick-header-meta":"","header-above-stick-meta":"","header-main-stick-meta":"","header-below-stick-meta":"","astra-migrate-meta-layouts":"set","ast-page-background-enabled":"default","ast-page-background-meta":{"desktop":{"background-color":"","background-image":"","background-repeat":"repeat","background-position":"center center","background-size":"auto","background-attachment":"scroll","background-type":"","background-media":"","overlay-type":"","overlay-color":"","overlay-opacity":"","overlay-gradient":""},"tablet":{"background-color":"","background-image":"","background-repeat":"repeat","background-position":"center center","background-size":"auto","background-attachment":"scroll","background-type":"","background-media":"","overlay-type":"","overlay-color":"","overlay-opacity":"","overlay-gradient":""},"mobile":{"background-color":"","background-image":"","background-repeat":"repeat","background-position":"center center","background-size":"auto","background-attachment":"scroll","background-type":"","background-media":"","overlay-type":"","overlay-color":"","overlay-opacity":"","overlay-gradient":""}},"ast-content-background-meta":{"desktop":{"background-color":"var(--ast-global-color-5)","background-image":"","background-repeat":"repeat","background-position":"center center","background-size":"auto","background-attachment":"scroll","background-type":"","background-media":"","overlay-type":"","overlay-color":"","overlay-opacity":"","overlay-gradient":""},"tablet":{"background-color":"var(--ast-global-color-5)","background-image":"","background-repeat":"repeat","background-position":"center center","background-size":"auto","background-attachment":"scroll","background-type":"","background-media":"","overlay-type":"","overlay-color":"","overlay-opacity":"","overlay-gradient":""},"mobile":{"background-color":"var(--ast-global-color-5)","background-image":"","background-repeat":"repeat","background-position":"center center","background-size":"auto","background-attachment":"scroll","background-type":"","background-media":"","overlay-type":"","overlay-color":"","overlay-opacity":"","overlay-gradient":""}}},"product_brand":[],"product_cat":[179,180,193],"product_tag":[],"class_list":{"0":"post-11672","1":"product","2":"type-product","3":"status-publish","4":"has-post-thumbnail","6":"product_cat-_","8":"product_cat--_","9":"pa_-folklor","10":"pa_-lekolin","11":"pa_-dr-ebdilmecit-sexo","12":"pa_-kurmanci","13":"pa_--sersera","14":"desktop-align-left","15":"tablet-align-left","16":"mobile-align-left","18":"first","19":"outofstock","20":"shipping-taxable","21":"purchasable","22":"product-type-simple"},"yoast_head":"<!-- This site is optimized with the Yoast SEO plugin v27.4 - https:\/\/yoast.com\/product\/yoast-seo-wordpress\/ -->\n<title>Kurtel\u00eakol\u00een\u00ean w\u00eajey\u00ee - Dr.Ebdilmec\u00eet \u015e\u00eaxo - www.shanabooks.de<\/title>\n<meta name=\"description\" content=\"Kurtel\u00eakol\u00een\u00ean w\u00eajey\u00ee - Dr.Ebdilmec\u00eet \u015e\u00eaxo Di bin her parek\u00ee de ji van hers\u00ea birr\u00ean pirt\u00fbk\u00ea, gelek babet \u00fb l\u00eakol\u00eenek bi \u015firovekirin hene, ku berhem\u00ea mald...\" \/>\n<meta name=\"robots\" content=\"index, follow, max-snippet:-1, max-image-preview:large, max-video-preview:-1\" \/>\n<link rel=\"canonical\" href=\"https:\/\/shanabooks.de\/product\/kurtelekolinen-wejeyi-dr-ebdilmecit-sexo\/\" \/>\n<meta property=\"og:locale\" content=\"de_DE\" \/>\n<meta property=\"og:type\" content=\"article\" \/>\n<meta property=\"og:title\" content=\"Kurtel\u00eakol\u00een\u00ean w\u00eajey\u00ee - Dr.Ebdilmec\u00eet \u015e\u00eaxo - www.shanabooks.de\" \/>\n<meta property=\"og:description\" content=\"Kurtel\u00eakol\u00een\u00ean w\u00eajey\u00ee - Dr.Ebdilmec\u00eet \u015e\u00eaxo Di bin her parek\u00ee de ji van hers\u00ea birr\u00ean pirt\u00fbk\u00ea, gelek babet \u00fb l\u00eakol\u00eenek bi \u015firovekirin hene, ku berhem\u00ea mald...\" \/>\n<meta property=\"og:url\" content=\"https:\/\/shanabooks.de\/product\/kurtelekolinen-wejeyi-dr-ebdilmecit-sexo\/\" \/>\n<meta property=\"og:site_name\" content=\"www.shanabooks.de\" \/>\n<meta property=\"article:modified_time\" content=\"2026-01-02T20:21:23+00:00\" \/>\n<meta property=\"og:image\" content=\"https:\/\/shanabooks.de\/wp-content\/uploads\/2024\/01\/kurtelekolinen-wejeyi-sersera.png\" \/>\n\t<meta property=\"og:image:width\" content=\"456\" \/>\n\t<meta property=\"og:image:height\" content=\"705\" \/>\n\t<meta property=\"og:image:type\" content=\"image\/png\" \/>\n<meta name=\"twitter:card\" content=\"summary_large_image\" \/>\n<meta name=\"twitter:label1\" content=\"Gesch\u00e4tzte Lesezeit\" \/>\n\t<meta name=\"twitter:data1\" content=\"2\u00a0Minuten\" \/>\n<script type=\"application\/ld+json\" class=\"yoast-schema-graph\">{\"@context\":\"https:\\\/\\\/schema.org\",\"@graph\":[{\"@type\":\"WebPage\",\"@id\":\"https:\\\/\\\/shanabooks.de\\\/product\\\/kurtelekolinen-wejeyi-dr-ebdilmecit-sexo\\\/\",\"url\":\"https:\\\/\\\/shanabooks.de\\\/product\\\/kurtelekolinen-wejeyi-dr-ebdilmecit-sexo\\\/\",\"name\":\"Kurtel\u00eakol\u00een\u00ean w\u00eajey\u00ee - Dr.Ebdilmec\u00eet \u015e\u00eaxo - www.shanabooks.de\",\"isPartOf\":{\"@id\":\"https:\\\/\\\/shanabooks.de\\\/#website\"},\"primaryImageOfPage\":{\"@id\":\"https:\\\/\\\/shanabooks.de\\\/product\\\/kurtelekolinen-wejeyi-dr-ebdilmecit-sexo\\\/#primaryimage\"},\"image\":{\"@id\":\"https:\\\/\\\/shanabooks.de\\\/product\\\/kurtelekolinen-wejeyi-dr-ebdilmecit-sexo\\\/#primaryimage\"},\"thumbnailUrl\":\"https:\\\/\\\/shanabooks.de\\\/wp-content\\\/uploads\\\/2024\\\/01\\\/kurtelekolinen-wejeyi-sersera.png\",\"datePublished\":\"2024-03-03T11:51:13+00:00\",\"dateModified\":\"2026-01-02T20:21:23+00:00\",\"description\":\"Kurtel\u00eakol\u00een\u00ean w\u00eajey\u00ee - Dr.Ebdilmec\u00eet \u015e\u00eaxo Di bin her parek\u00ee de ji van hers\u00ea birr\u00ean pirt\u00fbk\u00ea, gelek babet \u00fb l\u00eakol\u00eenek bi \u015firovekirin hene, ku berhem\u00ea mald...\",\"breadcrumb\":{\"@id\":\"https:\\\/\\\/shanabooks.de\\\/product\\\/kurtelekolinen-wejeyi-dr-ebdilmecit-sexo\\\/#breadcrumb\"},\"inLanguage\":\"de\",\"potentialAction\":[{\"@type\":\"ReadAction\",\"target\":[\"https:\\\/\\\/shanabooks.de\\\/product\\\/kurtelekolinen-wejeyi-dr-ebdilmecit-sexo\\\/\"]}]},{\"@type\":\"ImageObject\",\"inLanguage\":\"de\",\"@id\":\"https:\\\/\\\/shanabooks.de\\\/product\\\/kurtelekolinen-wejeyi-dr-ebdilmecit-sexo\\\/#primaryimage\",\"url\":\"https:\\\/\\\/shanabooks.de\\\/wp-content\\\/uploads\\\/2024\\\/01\\\/kurtelekolinen-wejeyi-sersera.png\",\"contentUrl\":\"https:\\\/\\\/shanabooks.de\\\/wp-content\\\/uploads\\\/2024\\\/01\\\/kurtelekolinen-wejeyi-sersera.png\",\"width\":456,\"height\":705,\"caption\":\"Kurtel\u00eakol\u00een\u00ean w\u00eajey\u00ee - Dr.Ebdilmec\u00eet \u015e\u00eaxo - pirt\u00fbk\u00ean kurd\u00ee\"},{\"@type\":\"BreadcrumbList\",\"@id\":\"https:\\\/\\\/shanabooks.de\\\/product\\\/kurtelekolinen-wejeyi-dr-ebdilmecit-sexo\\\/#breadcrumb\",\"itemListElement\":[{\"@type\":\"ListItem\",\"position\":1,\"name\":\"\u0627\u0644\u0631\u0626\u064a\u0633\u064a\u0629\",\"item\":\"https:\\\/\\\/shanabooks.de\\\/de\\\/\"},{\"@type\":\"ListItem\",\"position\":2,\"name\":\"\u0627\u0644\u0645\u0646\u062a\u062c\u0627\u062a\",\"item\":\"https:\\\/\\\/shanabooks.de\\\/shop\\\/\"},{\"@type\":\"ListItem\",\"position\":3,\"name\":\"Kurtel\u00eakol\u00een\u00ean w\u00eajey\u00ee\"}]},{\"@type\":\"WebSite\",\"@id\":\"https:\\\/\\\/shanabooks.de\\\/#website\",\"url\":\"https:\\\/\\\/shanabooks.de\\\/\",\"name\":\"www.shanbooks.de\",\"description\":\"C\u00eehana Pirt\u00fbk\u00ean Kurd\u00ee \u0645\u0643\u062a\u0628\u0629 \u0634\u0627\u0646\u0627 \u0641\u064a \u0627\u0644\u0645\u0627\u0646\u064a\u0627 \u0648\u0623\u0648\u0631\u0628\u0627\",\"publisher\":{\"@id\":\"https:\\\/\\\/shanabooks.de\\\/#organization\"},\"potentialAction\":[{\"@type\":\"SearchAction\",\"target\":{\"@type\":\"EntryPoint\",\"urlTemplate\":\"https:\\\/\\\/shanabooks.de\\\/?s={search_term_string}\"},\"query-input\":{\"@type\":\"PropertyValueSpecification\",\"valueRequired\":true,\"valueName\":\"search_term_string\"}}],\"inLanguage\":\"de\"},{\"@type\":\"Organization\",\"@id\":\"https:\\\/\\\/shanabooks.de\\\/#organization\",\"name\":\"www.shanbooks.de\",\"url\":\"https:\\\/\\\/shanabooks.de\\\/\",\"logo\":{\"@type\":\"ImageObject\",\"inLanguage\":\"de\",\"@id\":\"https:\\\/\\\/shanabooks.de\\\/#\\\/schema\\\/logo\\\/image\\\/\",\"url\":\"https:\\\/\\\/shanabooks.de\\\/wp-content\\\/uploads\\\/2024\\\/03\\\/SHANABOOKS__2_-removebg-preview.png\",\"contentUrl\":\"https:\\\/\\\/shanabooks.de\\\/wp-content\\\/uploads\\\/2024\\\/03\\\/SHANABOOKS__2_-removebg-preview.png\",\"width\":700,\"height\":150,\"caption\":\"www.shanbooks.de\"},\"image\":{\"@id\":\"https:\\\/\\\/shanabooks.de\\\/#\\\/schema\\\/logo\\\/image\\\/\"}}]}<\/script>\n<!-- \/ Yoast SEO plugin. -->","yoast_head_json":{"title":"Kurtel\u00eakol\u00een\u00ean w\u00eajey\u00ee - Dr.Ebdilmec\u00eet \u015e\u00eaxo - www.shanabooks.de","description":"Kurtel\u00eakol\u00een\u00ean w\u00eajey\u00ee - Dr.Ebdilmec\u00eet \u015e\u00eaxo Di bin her parek\u00ee de ji van hers\u00ea birr\u00ean pirt\u00fbk\u00ea, gelek babet \u00fb l\u00eakol\u00eenek bi \u015firovekirin hene, ku berhem\u00ea mald...","robots":{"index":"index","follow":"follow","max-snippet":"max-snippet:-1","max-image-preview":"max-image-preview:large","max-video-preview":"max-video-preview:-1"},"canonical":"https:\/\/shanabooks.de\/product\/kurtelekolinen-wejeyi-dr-ebdilmecit-sexo\/","og_locale":"de_DE","og_type":"article","og_title":"Kurtel\u00eakol\u00een\u00ean w\u00eajey\u00ee - Dr.Ebdilmec\u00eet \u015e\u00eaxo - www.shanabooks.de","og_description":"Kurtel\u00eakol\u00een\u00ean w\u00eajey\u00ee - Dr.Ebdilmec\u00eet \u015e\u00eaxo Di bin her parek\u00ee de ji van hers\u00ea birr\u00ean pirt\u00fbk\u00ea, gelek babet \u00fb l\u00eakol\u00eenek bi \u015firovekirin hene, ku berhem\u00ea mald...","og_url":"https:\/\/shanabooks.de\/product\/kurtelekolinen-wejeyi-dr-ebdilmecit-sexo\/","og_site_name":"www.shanabooks.de","article_modified_time":"2026-01-02T20:21:23+00:00","og_image":[{"width":456,"height":705,"url":"https:\/\/shanabooks.de\/wp-content\/uploads\/2024\/01\/kurtelekolinen-wejeyi-sersera.png","type":"image\/png"}],"twitter_card":"summary_large_image","twitter_misc":{"Gesch\u00e4tzte Lesezeit":"2\u00a0Minuten"},"schema":{"@context":"https:\/\/schema.org","@graph":[{"@type":"WebPage","@id":"https:\/\/shanabooks.de\/product\/kurtelekolinen-wejeyi-dr-ebdilmecit-sexo\/","url":"https:\/\/shanabooks.de\/product\/kurtelekolinen-wejeyi-dr-ebdilmecit-sexo\/","name":"Kurtel\u00eakol\u00een\u00ean w\u00eajey\u00ee - Dr.Ebdilmec\u00eet \u015e\u00eaxo - www.shanabooks.de","isPartOf":{"@id":"https:\/\/shanabooks.de\/#website"},"primaryImageOfPage":{"@id":"https:\/\/shanabooks.de\/product\/kurtelekolinen-wejeyi-dr-ebdilmecit-sexo\/#primaryimage"},"image":{"@id":"https:\/\/shanabooks.de\/product\/kurtelekolinen-wejeyi-dr-ebdilmecit-sexo\/#primaryimage"},"thumbnailUrl":"https:\/\/shanabooks.de\/wp-content\/uploads\/2024\/01\/kurtelekolinen-wejeyi-sersera.png","datePublished":"2024-03-03T11:51:13+00:00","dateModified":"2026-01-02T20:21:23+00:00","description":"Kurtel\u00eakol\u00een\u00ean w\u00eajey\u00ee - Dr.Ebdilmec\u00eet \u015e\u00eaxo Di bin her parek\u00ee de ji van hers\u00ea birr\u00ean pirt\u00fbk\u00ea, gelek babet \u00fb l\u00eakol\u00eenek bi \u015firovekirin hene, ku berhem\u00ea mald...","breadcrumb":{"@id":"https:\/\/shanabooks.de\/product\/kurtelekolinen-wejeyi-dr-ebdilmecit-sexo\/#breadcrumb"},"inLanguage":"de","potentialAction":[{"@type":"ReadAction","target":["https:\/\/shanabooks.de\/product\/kurtelekolinen-wejeyi-dr-ebdilmecit-sexo\/"]}]},{"@type":"ImageObject","inLanguage":"de","@id":"https:\/\/shanabooks.de\/product\/kurtelekolinen-wejeyi-dr-ebdilmecit-sexo\/#primaryimage","url":"https:\/\/shanabooks.de\/wp-content\/uploads\/2024\/01\/kurtelekolinen-wejeyi-sersera.png","contentUrl":"https:\/\/shanabooks.de\/wp-content\/uploads\/2024\/01\/kurtelekolinen-wejeyi-sersera.png","width":456,"height":705,"caption":"Kurtel\u00eakol\u00een\u00ean w\u00eajey\u00ee - Dr.Ebdilmec\u00eet \u015e\u00eaxo - pirt\u00fbk\u00ean kurd\u00ee"},{"@type":"BreadcrumbList","@id":"https:\/\/shanabooks.de\/product\/kurtelekolinen-wejeyi-dr-ebdilmecit-sexo\/#breadcrumb","itemListElement":[{"@type":"ListItem","position":1,"name":"\u0627\u0644\u0631\u0626\u064a\u0633\u064a\u0629","item":"https:\/\/shanabooks.de\/de\/"},{"@type":"ListItem","position":2,"name":"\u0627\u0644\u0645\u0646\u062a\u062c\u0627\u062a","item":"https:\/\/shanabooks.de\/shop\/"},{"@type":"ListItem","position":3,"name":"Kurtel\u00eakol\u00een\u00ean w\u00eajey\u00ee"}]},{"@type":"WebSite","@id":"https:\/\/shanabooks.de\/#website","url":"https:\/\/shanabooks.de\/","name":"www.shanbooks.de","description":"C\u00eehana Pirt\u00fbk\u00ean Kurd\u00ee \u0645\u0643\u062a\u0628\u0629 \u0634\u0627\u0646\u0627 \u0641\u064a \u0627\u0644\u0645\u0627\u0646\u064a\u0627 \u0648\u0623\u0648\u0631\u0628\u0627","publisher":{"@id":"https:\/\/shanabooks.de\/#organization"},"potentialAction":[{"@type":"SearchAction","target":{"@type":"EntryPoint","urlTemplate":"https:\/\/shanabooks.de\/?s={search_term_string}"},"query-input":{"@type":"PropertyValueSpecification","valueRequired":true,"valueName":"search_term_string"}}],"inLanguage":"de"},{"@type":"Organization","@id":"https:\/\/shanabooks.de\/#organization","name":"www.shanbooks.de","url":"https:\/\/shanabooks.de\/","logo":{"@type":"ImageObject","inLanguage":"de","@id":"https:\/\/shanabooks.de\/#\/schema\/logo\/image\/","url":"https:\/\/shanabooks.de\/wp-content\/uploads\/2024\/03\/SHANABOOKS__2_-removebg-preview.png","contentUrl":"https:\/\/shanabooks.de\/wp-content\/uploads\/2024\/03\/SHANABOOKS__2_-removebg-preview.png","width":700,"height":150,"caption":"www.shanbooks.de"},"image":{"@id":"https:\/\/shanabooks.de\/#\/schema\/logo\/image\/"}}]}},"jetpack_sharing_enabled":true,"_links":{"self":[{"href":"https:\/\/shanabooks.de\/de\/wp-json\/wp\/v2\/product\/11672","targetHints":{"allow":["GET"]}}],"collection":[{"href":"https:\/\/shanabooks.de\/de\/wp-json\/wp\/v2\/product"}],"about":[{"href":"https:\/\/shanabooks.de\/de\/wp-json\/wp\/v2\/types\/product"}],"version-history":[{"count":3,"href":"https:\/\/shanabooks.de\/de\/wp-json\/wp\/v2\/product\/11672\/revisions"}],"predecessor-version":[{"id":13802,"href":"https:\/\/shanabooks.de\/de\/wp-json\/wp\/v2\/product\/11672\/revisions\/13802"}],"wp:featuredmedia":[{"embeddable":true,"href":"https:\/\/shanabooks.de\/de\/wp-json\/wp\/v2\/media\/6295"}],"wp:attachment":[{"href":"https:\/\/shanabooks.de\/de\/wp-json\/wp\/v2\/media?parent=11672"}],"wp:term":[{"taxonomy":"product_brand","embeddable":true,"href":"https:\/\/shanabooks.de\/de\/wp-json\/wp\/v2\/product_brand?post=11672"},{"taxonomy":"product_cat","embeddable":true,"href":"https:\/\/shanabooks.de\/de\/wp-json\/wp\/v2\/product_cat?post=11672"},{"taxonomy":"product_tag","embeddable":true,"href":"https:\/\/shanabooks.de\/de\/wp-json\/wp\/v2\/product_tag?post=11672"}],"curies":[{"name":"wp","href":"https:\/\/api.w.org\/{rel}","templated":true}]}}