{"id":11673,"date":"2024-03-03T11:51:13","date_gmt":"2024-03-03T11:51:13","guid":{"rendered":"https:\/\/shanabooks.de\/?post_type=product&#038;p=11673"},"modified":"2026-01-25T22:17:38","modified_gmt":"2026-01-25T22:17:38","slug":"bo-diroke-mesud-barzani","status":"publish","type":"product","link":"https:\/\/shanabooks.de\/de\/product\/bo-diroke-mesud-barzani\/","title":{"rendered":"Bo D\u00eerok\u00ea"},"content":{"rendered":"<p style=\"text-align: left\"><strong>Bo D\u00eerok\u00ea &#8211; Mes\u00fbd Barzan\u00ee<\/strong><\/p>\n<p style=\"text-align: left\">Referand\u00fbma serxweb\u00fbna Kurdistan\u00ea&#8230;<\/p>\n<p style=\"text-align: left\">Kurdistan, Iraq, Rojhilata Nav\u00een&#8230;<\/p>\n<p style=\"text-align: left\">P\u00eawendiy\u00ean navdewlet\u00ee, peymana her\u00eam\u00ee ya li dij\u00ee kurdan&#8230;<\/p>\n<p style=\"text-align: left\">Mes\u00fbd Barzan\u00ee niv\u00ees\u00ee:<\/p>\n<p style=\"text-align: left\">\u201cBo D\u00eerok\u00ea\u201d<\/p>\n<p style=\"text-align: left\">Ne ten\u00ea 20 sal\u00ean daw\u00ee, ev kit\u00eab kurted\u00eeroka 100 sal\u00ee ya t\u00eako\u015f\u00eena rizgariya Kurdistan\u00ea ye.<\/p>\n<p style=\"text-align: left\">Mes\u00fbd Barzan\u00ee, serok\u00ea p\u00ea\u015f\u00ee y\u00ea Her\u00eama Kurdistan\u00ea, d\u00eetin \u00fb b\u00eeran\u00een\u00ean xwe y\u00ean li ser \u202areferand\u00fbma serxweb\u00fbna Kurdistan\u00ea niv\u00ees\u00een \u00fb di kit\u00eaba bi nav\u00ea \u201cBo D\u00eerok\u00ea\u201d de \u00e7ap b\u00fbn. Di kit\u00eab\u00ea de gelek agahiy\u00ean gir\u00eeng \u00ean li ser Kurdistan, Iraq, her\u00eam \u00fb welat\u00ean din hene.<\/p>\n<p style=\"text-align: left\">\u202aJi kit\u00eab\u00ea;<\/p>\n<p style=\"text-align: left\">\u201cDi sed sal\u00ean bor\u00ee de milet\u00ea Kurdistan\u00ea hem\u00ee r\u00ea tecribe kirin da bikare digel dewleta Iraq\u00ea di n\u00eav a\u015ft\u00ee, \u015fir\u00eekat\u00ee \u00fb wekheviy\u00ea de bij\u00eet. Hik\u00fbmet\u00ean Iraq\u00ea li hember\u00ee v\u00ea yek\u00ea heta ko ji wan hat taqeta dewlet\u00ea xist bin xizmeta \u015foven\u00eezm\u00ea \u00fb mezhebc\u00eetiy\u00ea de. Wan r\u00eaya marj\u00eenal\u00eezekirin, erebkirin, jenos\u00eed, rizqbir\u00een \u00fb \u00eenkara kurdan da ber xwe. Ji ber v\u00ea hind\u00ea milet\u00ea Kurdistan\u00ea pi\u015ft\u00ee ko ji tecribekirina hem\u00ee r\u00eayan b\u00eah\u00eav\u00ee b\u00fb referandum \u00e7\u00eakir. Referandum\u00ea k\u00fbrahiya t\u00eagehe\u015ft\u00eeb\u00fbn \u00fb baweriya milet\u00ea Kurdistan\u00ea ya ji bo \u00e7areseriyeka modern \u00fb a\u015ftiyane ya dozeka zehmet ya sed salan n\u00ee\u015fan da. L\u00ea bel\u00ea bersiva deng\u00ea me\u015fr\u00fb \u00fb a\u015ftiyane y\u00ea millet\u00ea Kurdistan\u00ea, card\u00ee j\u00ee b\u00fb ziman\u00ea s\u00eelehan, zordar\u00ee \u00fb eqliyeta \u015foven\u00eest. R\u00eaya tik\u00eeten\u00ea ji bo \u00e7areserkirina problem\u00ean Iraq\u00ea \u00fb nehi\u015ftina girift\u00ean di n\u00eavbera her\u00eama Kurdistan\u00ea \u00fb Bexday\u00ea de \u00fb r\u00eaya tik\u00eeten\u00ea ya xwegihandina p\u00ea\u015fketin \u00fb a\u015ftiy\u00ea, destj\u00eaberdana eqliyeta \u015foven\u00eest \u00fb bijartina kultura hevduqeb\u00fblkirin\u00ea ye.<\/p>\n<p style=\"text-align: left\">\u201cPirsyar ev e: Madem r\u00ea nay\u00eat dan ko em \u015fir\u00eek\u00ean v\u00ee welat\u00ee bin em d\u00ea bi \u00e7i h\u00eaviyek\u00ea endam\u00ean v\u00ee welat\u00ee bin? Di gelek qunaxan de ji bo xatir\u00ea Iraqa n\u00fb \u00fb li ser soz\u00ean Emer\u00eekay\u00ea me \u00e7av\u00ean xwe ji gelek maf\u00ean xwe \u00fb z\u00eadegaviy\u00ean hik\u00fbmet\u00ean iraq\u00ee re neqandib\u00fb. Ev hem\u00ee sebeb\u00ean w\u00ea \u00e7end\u00ea b\u00fbn ko em digel aliy\u00ean kurdistan\u00ee bigih\u00een w\u00ea net\u00eecey\u00ea yan div\u00eat em di dewleta Iraq\u00ea de \u015fir\u00eek bin yan j\u00ee wek\u00ee sedsala bor\u00ee her di xelekeka vala de bizivirin. Madem Bexday\u00ea j\u00ee nekar\u00ee me wek\u00ee \u015fir\u00eek qeb\u00fbl bike div\u00eat em bidin ser r\u00eaya xwe.\u201d<\/p>\n","protected":false},"excerpt":{"rendered":"<p style=\"text-align: center\"><strong>Pirt\u00fbk: Bo D\u00eerok\u00ea<br \/>\nNiv\u00eeskar: Mes\u00fbd Barzan\u00ee<br \/>\nCure: Siyas\u00ee<\/strong><\/p>\n","protected":false},"featured_media":6312,"template":"","meta":{"site-sidebar-layout":"default","site-content-layout":"","ast-site-content-layout":"default","site-content-style":"default","site-sidebar-style":"default","ast-global-header-display":"","ast-banner-title-visibility":"","ast-main-header-display":"","ast-hfb-above-header-display":"","ast-hfb-below-header-display":"","ast-hfb-mobile-header-display":"","site-post-title":"","ast-breadcrumbs-content":"","ast-featured-img":"","footer-sml-layout":"","ast-disable-related-posts":"","theme-transparent-header-meta":"default","adv-header-id-meta":"","stick-header-meta":"","header-above-stick-meta":"","header-main-stick-meta":"","header-below-stick-meta":"","astra-migrate-meta-layouts":"set","ast-page-background-enabled":"default","ast-page-background-meta":{"desktop":{"background-color":"","background-image":"","background-repeat":"repeat","background-position":"center center","background-size":"auto","background-attachment":"scroll","background-type":"","background-media":"","overlay-type":"","overlay-color":"","overlay-opacity":"","overlay-gradient":""},"tablet":{"background-color":"","background-image":"","background-repeat":"repeat","background-position":"center center","background-size":"auto","background-attachment":"scroll","background-type":"","background-media":"","overlay-type":"","overlay-color":"","overlay-opacity":"","overlay-gradient":""},"mobile":{"background-color":"","background-image":"","background-repeat":"repeat","background-position":"center center","background-size":"auto","background-attachment":"scroll","background-type":"","background-media":"","overlay-type":"","overlay-color":"","overlay-opacity":"","overlay-gradient":""}},"ast-content-background-meta":{"desktop":{"background-color":"var(--ast-global-color-5)","background-image":"","background-repeat":"repeat","background-position":"center center","background-size":"auto","background-attachment":"scroll","background-type":"","background-media":"","overlay-type":"","overlay-color":"","overlay-opacity":"","overlay-gradient":""},"tablet":{"background-color":"var(--ast-global-color-5)","background-image":"","background-repeat":"repeat","background-position":"center center","background-size":"auto","background-attachment":"scroll","background-type":"","background-media":"","overlay-type":"","overlay-color":"","overlay-opacity":"","overlay-gradient":""},"mobile":{"background-color":"var(--ast-global-color-5)","background-image":"","background-repeat":"repeat","background-position":"center center","background-size":"auto","background-attachment":"scroll","background-type":"","background-media":"","overlay-type":"","overlay-color":"","overlay-opacity":"","overlay-gradient":""}}},"product_brand":[],"product_cat":[187,188,193],"product_tag":[],"class_list":{"0":"post-11673","1":"product","2":"type-product","3":"status-publish","4":"has-post-thumbnail","6":"product_cat-_","8":"product_cat--_","9":"pa_-lekolin","10":"pa_-politik","11":"pa_-mesud-barzani","12":"pa_-kurmanci","13":"pa_--avesta-yayinlari","14":"desktop-align-left","15":"tablet-align-left","16":"mobile-align-left","18":"first","19":"outofstock","20":"sale","21":"shipping-taxable","22":"purchasable","23":"product-type-simple"},"yoast_head":"<!-- This site is optimized with the Yoast SEO plugin v27.5 - https:\/\/yoast.com\/product\/yoast-seo-wordpress\/ -->\n<title>Bo D\u00eerok\u00ea - Mes\u00fbd Barzan\u00ee - www.shanabooks.de<\/title>\n<meta name=\"description\" content=\"Bo D\u00eerok\u00ea - Mes\u00fbd Barzan\u00ee Di sed sal\u00ean bor\u00ee de milet\u00ea Kurdistan\u00ea hem\u00ee r\u00ea tecribe kirin da bikare digel dewleta Iraq\u00ea di n\u00eav a\u015ft\u00ee, \u015fir\u00eekat\u00ee \u00fb wekheviy\u00ea de...\" \/>\n<meta name=\"robots\" content=\"index, follow, max-snippet:-1, max-image-preview:large, max-video-preview:-1\" \/>\n<link rel=\"canonical\" href=\"https:\/\/shanabooks.de\/product\/bo-diroke-mesud-barzani\/\" \/>\n<meta property=\"og:locale\" content=\"de_DE\" \/>\n<meta property=\"og:type\" content=\"article\" \/>\n<meta property=\"og:title\" content=\"Bo D\u00eerok\u00ea - Mes\u00fbd Barzan\u00ee - www.shanabooks.de\" \/>\n<meta property=\"og:description\" content=\"Bo D\u00eerok\u00ea - Mes\u00fbd Barzan\u00ee Di sed sal\u00ean bor\u00ee de milet\u00ea Kurdistan\u00ea hem\u00ee r\u00ea tecribe kirin da bikare digel dewleta Iraq\u00ea di n\u00eav a\u015ft\u00ee, \u015fir\u00eekat\u00ee \u00fb wekheviy\u00ea de...\" \/>\n<meta property=\"og:url\" content=\"https:\/\/shanabooks.de\/product\/bo-diroke-mesud-barzani\/\" \/>\n<meta property=\"og:site_name\" content=\"www.shanabooks.de\" \/>\n<meta property=\"article:modified_time\" content=\"2026-01-25T22:17:38+00:00\" \/>\n<meta property=\"og:image\" content=\"https:\/\/shanabooks.de\/wp-content\/uploads\/2024\/01\/Bo-Diroke.jpg\" \/>\n\t<meta property=\"og:image:width\" content=\"565\" \/>\n\t<meta property=\"og:image:height\" content=\"900\" \/>\n\t<meta property=\"og:image:type\" content=\"image\/jpeg\" \/>\n<meta name=\"twitter:card\" content=\"summary_large_image\" \/>\n<meta name=\"twitter:label1\" content=\"Gesch\u00e4tzte Lesezeit\" \/>\n\t<meta name=\"twitter:data1\" content=\"3\u00a0Minuten\" \/>\n<script type=\"application\/ld+json\" class=\"yoast-schema-graph\">{\"@context\":\"https:\\\/\\\/schema.org\",\"@graph\":[{\"@type\":\"WebPage\",\"@id\":\"https:\\\/\\\/shanabooks.de\\\/product\\\/bo-diroke-mesud-barzani\\\/\",\"url\":\"https:\\\/\\\/shanabooks.de\\\/product\\\/bo-diroke-mesud-barzani\\\/\",\"name\":\"Bo D\u00eerok\u00ea - Mes\u00fbd Barzan\u00ee - www.shanabooks.de\",\"isPartOf\":{\"@id\":\"https:\\\/\\\/shanabooks.de\\\/#website\"},\"primaryImageOfPage\":{\"@id\":\"https:\\\/\\\/shanabooks.de\\\/product\\\/bo-diroke-mesud-barzani\\\/#primaryimage\"},\"image\":{\"@id\":\"https:\\\/\\\/shanabooks.de\\\/product\\\/bo-diroke-mesud-barzani\\\/#primaryimage\"},\"thumbnailUrl\":\"https:\\\/\\\/shanabooks.de\\\/wp-content\\\/uploads\\\/2024\\\/01\\\/Bo-Diroke.jpg\",\"datePublished\":\"2024-03-03T11:51:13+00:00\",\"dateModified\":\"2026-01-25T22:17:38+00:00\",\"description\":\"Bo D\u00eerok\u00ea - Mes\u00fbd Barzan\u00ee Di sed sal\u00ean bor\u00ee de milet\u00ea Kurdistan\u00ea hem\u00ee r\u00ea tecribe kirin da bikare digel dewleta Iraq\u00ea di n\u00eav a\u015ft\u00ee, \u015fir\u00eekat\u00ee \u00fb wekheviy\u00ea de...\",\"breadcrumb\":{\"@id\":\"https:\\\/\\\/shanabooks.de\\\/product\\\/bo-diroke-mesud-barzani\\\/#breadcrumb\"},\"inLanguage\":\"de\",\"potentialAction\":[{\"@type\":\"ReadAction\",\"target\":[\"https:\\\/\\\/shanabooks.de\\\/product\\\/bo-diroke-mesud-barzani\\\/\"]}]},{\"@type\":\"ImageObject\",\"inLanguage\":\"de\",\"@id\":\"https:\\\/\\\/shanabooks.de\\\/product\\\/bo-diroke-mesud-barzani\\\/#primaryimage\",\"url\":\"https:\\\/\\\/shanabooks.de\\\/wp-content\\\/uploads\\\/2024\\\/01\\\/Bo-Diroke.jpg\",\"contentUrl\":\"https:\\\/\\\/shanabooks.de\\\/wp-content\\\/uploads\\\/2024\\\/01\\\/Bo-Diroke.jpg\",\"width\":565,\"height\":900,\"caption\":\"Bo D\u00eerok\u00ea - Mes\u00fbd Barzan\u00ee - pirt\u00fbk\u00ean kurd\u00ee\"},{\"@type\":\"BreadcrumbList\",\"@id\":\"https:\\\/\\\/shanabooks.de\\\/product\\\/bo-diroke-mesud-barzani\\\/#breadcrumb\",\"itemListElement\":[{\"@type\":\"ListItem\",\"position\":1,\"name\":\"\u0627\u0644\u0631\u0626\u064a\u0633\u064a\u0629\",\"item\":\"https:\\\/\\\/shanabooks.de\\\/de\\\/\"},{\"@type\":\"ListItem\",\"position\":2,\"name\":\"\u0627\u0644\u0645\u0646\u062a\u062c\u0627\u062a\",\"item\":\"https:\\\/\\\/shanabooks.de\\\/shop\\\/\"},{\"@type\":\"ListItem\",\"position\":3,\"name\":\"Bo D\u00eerok\u00ea\"}]},{\"@type\":\"WebSite\",\"@id\":\"https:\\\/\\\/shanabooks.de\\\/#website\",\"url\":\"https:\\\/\\\/shanabooks.de\\\/\",\"name\":\"www.shanbooks.de\",\"description\":\"C\u00eehana Pirt\u00fbk\u00ean Kurd\u00ee \u0645\u0643\u062a\u0628\u0629 \u0634\u0627\u0646\u0627 \u0641\u064a \u0627\u0644\u0645\u0627\u0646\u064a\u0627 \u0648\u0623\u0648\u0631\u0628\u0627\",\"publisher\":{\"@id\":\"https:\\\/\\\/shanabooks.de\\\/#organization\"},\"potentialAction\":[{\"@type\":\"SearchAction\",\"target\":{\"@type\":\"EntryPoint\",\"urlTemplate\":\"https:\\\/\\\/shanabooks.de\\\/?s={search_term_string}\"},\"query-input\":{\"@type\":\"PropertyValueSpecification\",\"valueRequired\":true,\"valueName\":\"search_term_string\"}}],\"inLanguage\":\"de\"},{\"@type\":\"Organization\",\"@id\":\"https:\\\/\\\/shanabooks.de\\\/#organization\",\"name\":\"www.shanbooks.de\",\"url\":\"https:\\\/\\\/shanabooks.de\\\/\",\"logo\":{\"@type\":\"ImageObject\",\"inLanguage\":\"de\",\"@id\":\"https:\\\/\\\/shanabooks.de\\\/#\\\/schema\\\/logo\\\/image\\\/\",\"url\":\"https:\\\/\\\/shanabooks.de\\\/wp-content\\\/uploads\\\/2024\\\/03\\\/SHANABOOKS__2_-removebg-preview.png\",\"contentUrl\":\"https:\\\/\\\/shanabooks.de\\\/wp-content\\\/uploads\\\/2024\\\/03\\\/SHANABOOKS__2_-removebg-preview.png\",\"width\":700,\"height\":150,\"caption\":\"www.shanbooks.de\"},\"image\":{\"@id\":\"https:\\\/\\\/shanabooks.de\\\/#\\\/schema\\\/logo\\\/image\\\/\"}}]}<\/script>\n<!-- \/ Yoast SEO plugin. -->","yoast_head_json":{"title":"Bo D\u00eerok\u00ea - Mes\u00fbd Barzan\u00ee - www.shanabooks.de","description":"Bo D\u00eerok\u00ea - Mes\u00fbd Barzan\u00ee Di sed sal\u00ean bor\u00ee de milet\u00ea Kurdistan\u00ea hem\u00ee r\u00ea tecribe kirin da bikare digel dewleta Iraq\u00ea di n\u00eav a\u015ft\u00ee, \u015fir\u00eekat\u00ee \u00fb wekheviy\u00ea de...","robots":{"index":"index","follow":"follow","max-snippet":"max-snippet:-1","max-image-preview":"max-image-preview:large","max-video-preview":"max-video-preview:-1"},"canonical":"https:\/\/shanabooks.de\/product\/bo-diroke-mesud-barzani\/","og_locale":"de_DE","og_type":"article","og_title":"Bo D\u00eerok\u00ea - Mes\u00fbd Barzan\u00ee - www.shanabooks.de","og_description":"Bo D\u00eerok\u00ea - Mes\u00fbd Barzan\u00ee Di sed sal\u00ean bor\u00ee de milet\u00ea Kurdistan\u00ea hem\u00ee r\u00ea tecribe kirin da bikare digel dewleta Iraq\u00ea di n\u00eav a\u015ft\u00ee, \u015fir\u00eekat\u00ee \u00fb wekheviy\u00ea de...","og_url":"https:\/\/shanabooks.de\/product\/bo-diroke-mesud-barzani\/","og_site_name":"www.shanabooks.de","article_modified_time":"2026-01-25T22:17:38+00:00","og_image":[{"width":565,"height":900,"url":"https:\/\/shanabooks.de\/wp-content\/uploads\/2024\/01\/Bo-Diroke.jpg","type":"image\/jpeg"}],"twitter_card":"summary_large_image","twitter_misc":{"Gesch\u00e4tzte Lesezeit":"3\u00a0Minuten"},"schema":{"@context":"https:\/\/schema.org","@graph":[{"@type":"WebPage","@id":"https:\/\/shanabooks.de\/product\/bo-diroke-mesud-barzani\/","url":"https:\/\/shanabooks.de\/product\/bo-diroke-mesud-barzani\/","name":"Bo D\u00eerok\u00ea - Mes\u00fbd Barzan\u00ee - www.shanabooks.de","isPartOf":{"@id":"https:\/\/shanabooks.de\/#website"},"primaryImageOfPage":{"@id":"https:\/\/shanabooks.de\/product\/bo-diroke-mesud-barzani\/#primaryimage"},"image":{"@id":"https:\/\/shanabooks.de\/product\/bo-diroke-mesud-barzani\/#primaryimage"},"thumbnailUrl":"https:\/\/shanabooks.de\/wp-content\/uploads\/2024\/01\/Bo-Diroke.jpg","datePublished":"2024-03-03T11:51:13+00:00","dateModified":"2026-01-25T22:17:38+00:00","description":"Bo D\u00eerok\u00ea - Mes\u00fbd Barzan\u00ee Di sed sal\u00ean bor\u00ee de milet\u00ea Kurdistan\u00ea hem\u00ee r\u00ea tecribe kirin da bikare digel dewleta Iraq\u00ea di n\u00eav a\u015ft\u00ee, \u015fir\u00eekat\u00ee \u00fb wekheviy\u00ea de...","breadcrumb":{"@id":"https:\/\/shanabooks.de\/product\/bo-diroke-mesud-barzani\/#breadcrumb"},"inLanguage":"de","potentialAction":[{"@type":"ReadAction","target":["https:\/\/shanabooks.de\/product\/bo-diroke-mesud-barzani\/"]}]},{"@type":"ImageObject","inLanguage":"de","@id":"https:\/\/shanabooks.de\/product\/bo-diroke-mesud-barzani\/#primaryimage","url":"https:\/\/shanabooks.de\/wp-content\/uploads\/2024\/01\/Bo-Diroke.jpg","contentUrl":"https:\/\/shanabooks.de\/wp-content\/uploads\/2024\/01\/Bo-Diroke.jpg","width":565,"height":900,"caption":"Bo D\u00eerok\u00ea - Mes\u00fbd Barzan\u00ee - pirt\u00fbk\u00ean kurd\u00ee"},{"@type":"BreadcrumbList","@id":"https:\/\/shanabooks.de\/product\/bo-diroke-mesud-barzani\/#breadcrumb","itemListElement":[{"@type":"ListItem","position":1,"name":"\u0627\u0644\u0631\u0626\u064a\u0633\u064a\u0629","item":"https:\/\/shanabooks.de\/de\/"},{"@type":"ListItem","position":2,"name":"\u0627\u0644\u0645\u0646\u062a\u062c\u0627\u062a","item":"https:\/\/shanabooks.de\/shop\/"},{"@type":"ListItem","position":3,"name":"Bo D\u00eerok\u00ea"}]},{"@type":"WebSite","@id":"https:\/\/shanabooks.de\/#website","url":"https:\/\/shanabooks.de\/","name":"www.shanbooks.de","description":"C\u00eehana Pirt\u00fbk\u00ean Kurd\u00ee \u0645\u0643\u062a\u0628\u0629 \u0634\u0627\u0646\u0627 \u0641\u064a \u0627\u0644\u0645\u0627\u0646\u064a\u0627 \u0648\u0623\u0648\u0631\u0628\u0627","publisher":{"@id":"https:\/\/shanabooks.de\/#organization"},"potentialAction":[{"@type":"SearchAction","target":{"@type":"EntryPoint","urlTemplate":"https:\/\/shanabooks.de\/?s={search_term_string}"},"query-input":{"@type":"PropertyValueSpecification","valueRequired":true,"valueName":"search_term_string"}}],"inLanguage":"de"},{"@type":"Organization","@id":"https:\/\/shanabooks.de\/#organization","name":"www.shanbooks.de","url":"https:\/\/shanabooks.de\/","logo":{"@type":"ImageObject","inLanguage":"de","@id":"https:\/\/shanabooks.de\/#\/schema\/logo\/image\/","url":"https:\/\/shanabooks.de\/wp-content\/uploads\/2024\/03\/SHANABOOKS__2_-removebg-preview.png","contentUrl":"https:\/\/shanabooks.de\/wp-content\/uploads\/2024\/03\/SHANABOOKS__2_-removebg-preview.png","width":700,"height":150,"caption":"www.shanbooks.de"},"image":{"@id":"https:\/\/shanabooks.de\/#\/schema\/logo\/image\/"}}]}},"jetpack_sharing_enabled":true,"_links":{"self":[{"href":"https:\/\/shanabooks.de\/de\/wp-json\/wp\/v2\/product\/11673","targetHints":{"allow":["GET"]}}],"collection":[{"href":"https:\/\/shanabooks.de\/de\/wp-json\/wp\/v2\/product"}],"about":[{"href":"https:\/\/shanabooks.de\/de\/wp-json\/wp\/v2\/types\/product"}],"version-history":[{"count":2,"href":"https:\/\/shanabooks.de\/de\/wp-json\/wp\/v2\/product\/11673\/revisions"}],"predecessor-version":[{"id":13800,"href":"https:\/\/shanabooks.de\/de\/wp-json\/wp\/v2\/product\/11673\/revisions\/13800"}],"wp:featuredmedia":[{"embeddable":true,"href":"https:\/\/shanabooks.de\/de\/wp-json\/wp\/v2\/media\/6312"}],"wp:attachment":[{"href":"https:\/\/shanabooks.de\/de\/wp-json\/wp\/v2\/media?parent=11673"}],"wp:term":[{"taxonomy":"product_brand","embeddable":true,"href":"https:\/\/shanabooks.de\/de\/wp-json\/wp\/v2\/product_brand?post=11673"},{"taxonomy":"product_cat","embeddable":true,"href":"https:\/\/shanabooks.de\/de\/wp-json\/wp\/v2\/product_cat?post=11673"},{"taxonomy":"product_tag","embeddable":true,"href":"https:\/\/shanabooks.de\/de\/wp-json\/wp\/v2\/product_tag?post=11673"}],"curies":[{"name":"wp","href":"https:\/\/api.w.org\/{rel}","templated":true}]}}