{"id":11674,"date":"2024-03-03T11:51:13","date_gmt":"2024-03-03T11:51:13","guid":{"rendered":"https:\/\/shanabooks.de\/?post_type=product&#038;p=11674"},"modified":"2024-03-04T14:51:45","modified_gmt":"2024-03-04T14:51:45","slug":"runistman-celadet-ali-bedirxan","status":"publish","type":"product","link":"https:\/\/shanabooks.de\/de\/product\/runistman-celadet-ali-bedirxan\/","title":{"rendered":"R\u00fbni\u015ftman"},"content":{"rendered":"<p style=\"text-align: left\"><strong>R\u00fbni\u015ftman &#8211; Celadet Al\u00ee Bedirxan<\/strong><\/p>\n<p style=\"text-align: left\">Niv\u00eesen Celadet Al\u00ee Bedirxan en li ser welat u bajaran ku di kovaren Hawar u Ronah\u00ee de \u00e7ap bubun, bi nave &#8222;Runi\u015ftiman \/ Dersen Cexrafyaye&#8220; wek\u00ee kiteb di nav we\u015fanen Avesta de derketin.<br \/>\n&#8222;S\u00eenemxan! We roje gava min tu dibir\u00ee dibistane bi re ve te ji min re bi fransiz\u00ee strand.<br \/>\nPi\u015ft\u00ee ko te xwendina xwe qedand, te ji min pirs\u00ee: Bavo di Hawar an Ronahiye de ji bo zaroyen kurdmancan ti\u015ftek\u00ee bole heye? Je re bi fransiz\u00ee &#8222;g\u00e9ographie-cexrafye&#8220; dibejin.<br \/>\nMin, be\u00ee ko ez bidim eqile xwe, li te vegerand u got: Bele heye, ma \u00e7awan n\u00eene.<br \/>\nJi xwe em giha\u015fti bun dibistane. Me xatir ji hev xwest u em ji hev veqetiyan.<br \/>\nMin ev ti\u015ft, ji xwe ji b\u00eer rakiri bu. Le evare, gava tu vegeriyay\u00ee mal, tete b\u00eera te, tu hat\u00ee defterxana min u te ji min re got:<br \/>\n&#8211; Bavo, ji kerema xwe, ji min re cexrafya bi kurdmanc\u00ee bixw\u00eene.<br \/>\nEz begav ma bum. Ji bo dilxwe\u015fiya te min Hawarek kire desten xwe u min ji te re, je \u00e7\u00eerokin xwendin. Ew \u00e7\u00eerok di Haware de n\u00een bun. Min ew bi hilketina \u015fihra ko ber\u00ee n\u00eevro te ji min re xwendi bu, li hev siwar dikir u ji te re dixwend.<br \/>\nNizanim \u00e7awan bu, pi\u015ft\u00ee \u00e7end rojan \u00e7\u00eeroken ko min ji te re hinge goti bun, hatin b\u00eera min; min ew hinek edilandin, ser u guhen wan \u00e7ekirin u ji wan derseke cexrafyaye pek an\u00ee.<br \/>\nEz we derse \u00eero \u00e7ap dikim. Heke careke din te ji min cexrafya bi kurdmanci xwest, nema cih li min teng dibe. Heke Xwede hez kir eze ji te re dersine din j\u00ee biniv\u00ees\u00eenim.&#8220;<br \/>\nCeladet Al\u00ee Bedirxan<br \/>\nDersen cexrafyaye u hemu niv\u00eesen li ser bajar u welatan en &#8222;Hawar&#8220; u &#8222;Ronah\u00ee&#8220; di Runi\u015ftiman de kom bu<\/p>\n","protected":false},"excerpt":{"rendered":"<p style=\"text-align: center\"><strong>Pirt\u00fbk: R\u00fbni\u015ftman<br \/>\nNiv\u00eeskar: Celadet Al\u00ee Bedirxan<br \/>\nCure: Ders\u00ean Cexrafiya\u00a0<\/strong><\/p>\n","protected":false},"featured_media":6314,"template":"","meta":{"site-sidebar-layout":"default","site-content-layout":"","ast-site-content-layout":"default","site-content-style":"default","site-sidebar-style":"default","ast-global-header-display":"","ast-banner-title-visibility":"","ast-main-header-display":"","ast-hfb-above-header-display":"","ast-hfb-below-header-display":"","ast-hfb-mobile-header-display":"","site-post-title":"","ast-breadcrumbs-content":"","ast-featured-img":"","footer-sml-layout":"","ast-disable-related-posts":"","theme-transparent-header-meta":"default","adv-header-id-meta":"","stick-header-meta":"","header-above-stick-meta":"","header-main-stick-meta":"","header-below-stick-meta":"","astra-migrate-meta-layouts":"set","ast-page-background-enabled":"default","ast-page-background-meta":{"desktop":{"background-color":"","background-image":"","background-repeat":"repeat","background-position":"center center","background-size":"auto","background-attachment":"scroll","background-type":"","background-media":"","overlay-type":"","overlay-color":"","overlay-opacity":"","overlay-gradient":""},"tablet":{"background-color":"","background-image":"","background-repeat":"repeat","background-position":"center center","background-size":"auto","background-attachment":"scroll","background-type":"","background-media":"","overlay-type":"","overlay-color":"","overlay-opacity":"","overlay-gradient":""},"mobile":{"background-color":"","background-image":"","background-repeat":"repeat","background-position":"center center","background-size":"auto","background-attachment":"scroll","background-type":"","background-media":"","overlay-type":"","overlay-color":"","overlay-opacity":"","overlay-gradient":""}},"ast-content-background-meta":{"desktop":{"background-color":"var(--ast-global-color-5)","background-image":"","background-repeat":"repeat","background-position":"center center","background-size":"auto","background-attachment":"scroll","background-type":"","background-media":"","overlay-type":"","overlay-color":"","overlay-opacity":"","overlay-gradient":""},"tablet":{"background-color":"var(--ast-global-color-5)","background-image":"","background-repeat":"repeat","background-position":"center center","background-size":"auto","background-attachment":"scroll","background-type":"","background-media":"","overlay-type":"","overlay-color":"","overlay-opacity":"","overlay-gradient":""},"mobile":{"background-color":"var(--ast-global-color-5)","background-image":"","background-repeat":"repeat","background-position":"center center","background-size":"auto","background-attachment":"scroll","background-type":"","background-media":"","overlay-type":"","overlay-color":"","overlay-opacity":"","overlay-gradient":""}}},"product_brand":[],"product_cat":[183,193],"product_tag":[],"class_list":{"0":"post-11674","1":"product","2":"type-product","3":"status-publish","4":"has-post-thumbnail","6":"product_cat-_","7":"product_cat--_","8":"pa_-cirok","9":"pa_-celadet-ali-bedirxan","10":"pa_-kurmanci","11":"pa_--avesta-yayinlari","12":"desktop-align-left","13":"tablet-align-left","14":"mobile-align-left","16":"first","17":"instock","18":"shipping-taxable","19":"purchasable","20":"product-type-simple"},"yoast_head":"<!-- This site is optimized with the Yoast SEO plugin v27.4 - https:\/\/yoast.com\/product\/yoast-seo-wordpress\/ -->\n<title>R\u00fbni\u015ftman - Celadet Al\u00ee Bedirxan - www.shanabooks.de<\/title>\n<meta name=\"description\" content=\"R\u00fbni\u015ftman - Celadet Al\u00ee Bedirxan Niv\u00eesen Celadet Al\u00ee Bedirxan en li ser welat u bajaran ku di kovaren Hawar u Ronah\u00ee de \u00e7ap bubun, bi nave &quot;Runi\u015ftiman ...\" \/>\n<meta name=\"robots\" content=\"index, follow, max-snippet:-1, max-image-preview:large, max-video-preview:-1\" \/>\n<link rel=\"canonical\" href=\"https:\/\/shanabooks.de\/product\/runistman-celadet-ali-bedirxan\/\" \/>\n<meta property=\"og:locale\" content=\"de_DE\" \/>\n<meta property=\"og:type\" content=\"article\" \/>\n<meta property=\"og:title\" content=\"R\u00fbni\u015ftman - Celadet Al\u00ee Bedirxan - www.shanabooks.de\" \/>\n<meta property=\"og:description\" content=\"R\u00fbni\u015ftman - Celadet Al\u00ee Bedirxan Niv\u00eesen Celadet Al\u00ee Bedirxan en li ser welat u bajaran ku di kovaren Hawar u Ronah\u00ee de \u00e7ap bubun, bi nave &quot;Runi\u015ftiman ...\" \/>\n<meta property=\"og:url\" content=\"https:\/\/shanabooks.de\/product\/runistman-celadet-ali-bedirxan\/\" \/>\n<meta property=\"og:site_name\" content=\"www.shanabooks.de\" \/>\n<meta property=\"article:modified_time\" content=\"2024-03-04T14:51:45+00:00\" \/>\n<meta property=\"og:image\" content=\"https:\/\/shanabooks.de\/wp-content\/uploads\/2024\/01\/Runistman.jpg\" \/>\n\t<meta property=\"og:image:width\" content=\"602\" \/>\n\t<meta property=\"og:image:height\" content=\"900\" \/>\n\t<meta property=\"og:image:type\" content=\"image\/jpeg\" \/>\n<meta name=\"twitter:card\" content=\"summary_large_image\" \/>\n<meta name=\"twitter:label1\" content=\"Gesch\u00e4tzte Lesezeit\" \/>\n\t<meta name=\"twitter:data1\" content=\"3\u00a0Minuten\" \/>\n<script type=\"application\/ld+json\" class=\"yoast-schema-graph\">{\"@context\":\"https:\\\/\\\/schema.org\",\"@graph\":[{\"@type\":\"WebPage\",\"@id\":\"https:\\\/\\\/shanabooks.de\\\/product\\\/runistman-celadet-ali-bedirxan\\\/\",\"url\":\"https:\\\/\\\/shanabooks.de\\\/product\\\/runistman-celadet-ali-bedirxan\\\/\",\"name\":\"R\u00fbni\u015ftman - Celadet Al\u00ee Bedirxan - www.shanabooks.de\",\"isPartOf\":{\"@id\":\"https:\\\/\\\/shanabooks.de\\\/#website\"},\"primaryImageOfPage\":{\"@id\":\"https:\\\/\\\/shanabooks.de\\\/product\\\/runistman-celadet-ali-bedirxan\\\/#primaryimage\"},\"image\":{\"@id\":\"https:\\\/\\\/shanabooks.de\\\/product\\\/runistman-celadet-ali-bedirxan\\\/#primaryimage\"},\"thumbnailUrl\":\"https:\\\/\\\/shanabooks.de\\\/wp-content\\\/uploads\\\/2024\\\/01\\\/Runistman.jpg\",\"datePublished\":\"2024-03-03T11:51:13+00:00\",\"dateModified\":\"2024-03-04T14:51:45+00:00\",\"description\":\"R\u00fbni\u015ftman - Celadet Al\u00ee Bedirxan Niv\u00eesen Celadet Al\u00ee Bedirxan en li ser welat u bajaran ku di kovaren Hawar u Ronah\u00ee de \u00e7ap bubun, bi nave \\\"Runi\u015ftiman ...\",\"breadcrumb\":{\"@id\":\"https:\\\/\\\/shanabooks.de\\\/product\\\/runistman-celadet-ali-bedirxan\\\/#breadcrumb\"},\"inLanguage\":\"de\",\"potentialAction\":[{\"@type\":\"ReadAction\",\"target\":[\"https:\\\/\\\/shanabooks.de\\\/product\\\/runistman-celadet-ali-bedirxan\\\/\"]}]},{\"@type\":\"ImageObject\",\"inLanguage\":\"de\",\"@id\":\"https:\\\/\\\/shanabooks.de\\\/product\\\/runistman-celadet-ali-bedirxan\\\/#primaryimage\",\"url\":\"https:\\\/\\\/shanabooks.de\\\/wp-content\\\/uploads\\\/2024\\\/01\\\/Runistman.jpg\",\"contentUrl\":\"https:\\\/\\\/shanabooks.de\\\/wp-content\\\/uploads\\\/2024\\\/01\\\/Runistman.jpg\",\"width\":602,\"height\":900,\"caption\":\"R\u00fbni\u015ftman - Celadet Al\u00ee Bedirxan - Pirt\u00fbk\u00ean Kurd\u00ee\"},{\"@type\":\"BreadcrumbList\",\"@id\":\"https:\\\/\\\/shanabooks.de\\\/product\\\/runistman-celadet-ali-bedirxan\\\/#breadcrumb\",\"itemListElement\":[{\"@type\":\"ListItem\",\"position\":1,\"name\":\"\u0627\u0644\u0631\u0626\u064a\u0633\u064a\u0629\",\"item\":\"https:\\\/\\\/shanabooks.de\\\/de\\\/\"},{\"@type\":\"ListItem\",\"position\":2,\"name\":\"\u0627\u0644\u0645\u0646\u062a\u062c\u0627\u062a\",\"item\":\"https:\\\/\\\/shanabooks.de\\\/shop\\\/\"},{\"@type\":\"ListItem\",\"position\":3,\"name\":\"R\u00fbni\u015ftman\"}]},{\"@type\":\"WebSite\",\"@id\":\"https:\\\/\\\/shanabooks.de\\\/#website\",\"url\":\"https:\\\/\\\/shanabooks.de\\\/\",\"name\":\"www.shanbooks.de\",\"description\":\"C\u00eehana Pirt\u00fbk\u00ean Kurd\u00ee \u0645\u0643\u062a\u0628\u0629 \u0634\u0627\u0646\u0627 \u0641\u064a \u0627\u0644\u0645\u0627\u0646\u064a\u0627 \u0648\u0623\u0648\u0631\u0628\u0627\",\"publisher\":{\"@id\":\"https:\\\/\\\/shanabooks.de\\\/#organization\"},\"potentialAction\":[{\"@type\":\"SearchAction\",\"target\":{\"@type\":\"EntryPoint\",\"urlTemplate\":\"https:\\\/\\\/shanabooks.de\\\/?s={search_term_string}\"},\"query-input\":{\"@type\":\"PropertyValueSpecification\",\"valueRequired\":true,\"valueName\":\"search_term_string\"}}],\"inLanguage\":\"de\"},{\"@type\":\"Organization\",\"@id\":\"https:\\\/\\\/shanabooks.de\\\/#organization\",\"name\":\"www.shanbooks.de\",\"url\":\"https:\\\/\\\/shanabooks.de\\\/\",\"logo\":{\"@type\":\"ImageObject\",\"inLanguage\":\"de\",\"@id\":\"https:\\\/\\\/shanabooks.de\\\/#\\\/schema\\\/logo\\\/image\\\/\",\"url\":\"https:\\\/\\\/shanabooks.de\\\/wp-content\\\/uploads\\\/2024\\\/03\\\/SHANABOOKS__2_-removebg-preview.png\",\"contentUrl\":\"https:\\\/\\\/shanabooks.de\\\/wp-content\\\/uploads\\\/2024\\\/03\\\/SHANABOOKS__2_-removebg-preview.png\",\"width\":700,\"height\":150,\"caption\":\"www.shanbooks.de\"},\"image\":{\"@id\":\"https:\\\/\\\/shanabooks.de\\\/#\\\/schema\\\/logo\\\/image\\\/\"}}]}<\/script>\n<!-- \/ Yoast SEO plugin. -->","yoast_head_json":{"title":"R\u00fbni\u015ftman - Celadet Al\u00ee Bedirxan - www.shanabooks.de","description":"R\u00fbni\u015ftman - Celadet Al\u00ee Bedirxan Niv\u00eesen Celadet Al\u00ee Bedirxan en li ser welat u bajaran ku di kovaren Hawar u Ronah\u00ee de \u00e7ap bubun, bi nave \"Runi\u015ftiman ...","robots":{"index":"index","follow":"follow","max-snippet":"max-snippet:-1","max-image-preview":"max-image-preview:large","max-video-preview":"max-video-preview:-1"},"canonical":"https:\/\/shanabooks.de\/product\/runistman-celadet-ali-bedirxan\/","og_locale":"de_DE","og_type":"article","og_title":"R\u00fbni\u015ftman - Celadet Al\u00ee Bedirxan - www.shanabooks.de","og_description":"R\u00fbni\u015ftman - Celadet Al\u00ee Bedirxan Niv\u00eesen Celadet Al\u00ee Bedirxan en li ser welat u bajaran ku di kovaren Hawar u Ronah\u00ee de \u00e7ap bubun, bi nave \"Runi\u015ftiman ...","og_url":"https:\/\/shanabooks.de\/product\/runistman-celadet-ali-bedirxan\/","og_site_name":"www.shanabooks.de","article_modified_time":"2024-03-04T14:51:45+00:00","og_image":[{"width":602,"height":900,"url":"https:\/\/shanabooks.de\/wp-content\/uploads\/2024\/01\/Runistman.jpg","type":"image\/jpeg"}],"twitter_card":"summary_large_image","twitter_misc":{"Gesch\u00e4tzte Lesezeit":"3\u00a0Minuten"},"schema":{"@context":"https:\/\/schema.org","@graph":[{"@type":"WebPage","@id":"https:\/\/shanabooks.de\/product\/runistman-celadet-ali-bedirxan\/","url":"https:\/\/shanabooks.de\/product\/runistman-celadet-ali-bedirxan\/","name":"R\u00fbni\u015ftman - Celadet Al\u00ee Bedirxan - www.shanabooks.de","isPartOf":{"@id":"https:\/\/shanabooks.de\/#website"},"primaryImageOfPage":{"@id":"https:\/\/shanabooks.de\/product\/runistman-celadet-ali-bedirxan\/#primaryimage"},"image":{"@id":"https:\/\/shanabooks.de\/product\/runistman-celadet-ali-bedirxan\/#primaryimage"},"thumbnailUrl":"https:\/\/shanabooks.de\/wp-content\/uploads\/2024\/01\/Runistman.jpg","datePublished":"2024-03-03T11:51:13+00:00","dateModified":"2024-03-04T14:51:45+00:00","description":"R\u00fbni\u015ftman - Celadet Al\u00ee Bedirxan Niv\u00eesen Celadet Al\u00ee Bedirxan en li ser welat u bajaran ku di kovaren Hawar u Ronah\u00ee de \u00e7ap bubun, bi nave \"Runi\u015ftiman ...","breadcrumb":{"@id":"https:\/\/shanabooks.de\/product\/runistman-celadet-ali-bedirxan\/#breadcrumb"},"inLanguage":"de","potentialAction":[{"@type":"ReadAction","target":["https:\/\/shanabooks.de\/product\/runistman-celadet-ali-bedirxan\/"]}]},{"@type":"ImageObject","inLanguage":"de","@id":"https:\/\/shanabooks.de\/product\/runistman-celadet-ali-bedirxan\/#primaryimage","url":"https:\/\/shanabooks.de\/wp-content\/uploads\/2024\/01\/Runistman.jpg","contentUrl":"https:\/\/shanabooks.de\/wp-content\/uploads\/2024\/01\/Runistman.jpg","width":602,"height":900,"caption":"R\u00fbni\u015ftman - Celadet Al\u00ee Bedirxan - Pirt\u00fbk\u00ean Kurd\u00ee"},{"@type":"BreadcrumbList","@id":"https:\/\/shanabooks.de\/product\/runistman-celadet-ali-bedirxan\/#breadcrumb","itemListElement":[{"@type":"ListItem","position":1,"name":"\u0627\u0644\u0631\u0626\u064a\u0633\u064a\u0629","item":"https:\/\/shanabooks.de\/de\/"},{"@type":"ListItem","position":2,"name":"\u0627\u0644\u0645\u0646\u062a\u062c\u0627\u062a","item":"https:\/\/shanabooks.de\/shop\/"},{"@type":"ListItem","position":3,"name":"R\u00fbni\u015ftman"}]},{"@type":"WebSite","@id":"https:\/\/shanabooks.de\/#website","url":"https:\/\/shanabooks.de\/","name":"www.shanbooks.de","description":"C\u00eehana Pirt\u00fbk\u00ean Kurd\u00ee \u0645\u0643\u062a\u0628\u0629 \u0634\u0627\u0646\u0627 \u0641\u064a \u0627\u0644\u0645\u0627\u0646\u064a\u0627 \u0648\u0623\u0648\u0631\u0628\u0627","publisher":{"@id":"https:\/\/shanabooks.de\/#organization"},"potentialAction":[{"@type":"SearchAction","target":{"@type":"EntryPoint","urlTemplate":"https:\/\/shanabooks.de\/?s={search_term_string}"},"query-input":{"@type":"PropertyValueSpecification","valueRequired":true,"valueName":"search_term_string"}}],"inLanguage":"de"},{"@type":"Organization","@id":"https:\/\/shanabooks.de\/#organization","name":"www.shanbooks.de","url":"https:\/\/shanabooks.de\/","logo":{"@type":"ImageObject","inLanguage":"de","@id":"https:\/\/shanabooks.de\/#\/schema\/logo\/image\/","url":"https:\/\/shanabooks.de\/wp-content\/uploads\/2024\/03\/SHANABOOKS__2_-removebg-preview.png","contentUrl":"https:\/\/shanabooks.de\/wp-content\/uploads\/2024\/03\/SHANABOOKS__2_-removebg-preview.png","width":700,"height":150,"caption":"www.shanbooks.de"},"image":{"@id":"https:\/\/shanabooks.de\/#\/schema\/logo\/image\/"}}]}},"jetpack_sharing_enabled":true,"_links":{"self":[{"href":"https:\/\/shanabooks.de\/de\/wp-json\/wp\/v2\/product\/11674","targetHints":{"allow":["GET"]}}],"collection":[{"href":"https:\/\/shanabooks.de\/de\/wp-json\/wp\/v2\/product"}],"about":[{"href":"https:\/\/shanabooks.de\/de\/wp-json\/wp\/v2\/types\/product"}],"version-history":[{"count":2,"href":"https:\/\/shanabooks.de\/de\/wp-json\/wp\/v2\/product\/11674\/revisions"}],"predecessor-version":[{"id":13806,"href":"https:\/\/shanabooks.de\/de\/wp-json\/wp\/v2\/product\/11674\/revisions\/13806"}],"wp:featuredmedia":[{"embeddable":true,"href":"https:\/\/shanabooks.de\/de\/wp-json\/wp\/v2\/media\/6314"}],"wp:attachment":[{"href":"https:\/\/shanabooks.de\/de\/wp-json\/wp\/v2\/media?parent=11674"}],"wp:term":[{"taxonomy":"product_brand","embeddable":true,"href":"https:\/\/shanabooks.de\/de\/wp-json\/wp\/v2\/product_brand?post=11674"},{"taxonomy":"product_cat","embeddable":true,"href":"https:\/\/shanabooks.de\/de\/wp-json\/wp\/v2\/product_cat?post=11674"},{"taxonomy":"product_tag","embeddable":true,"href":"https:\/\/shanabooks.de\/de\/wp-json\/wp\/v2\/product_tag?post=11674"}],"curies":[{"name":"wp","href":"https:\/\/api.w.org\/{rel}","templated":true}]}}