{"id":11706,"date":"2024-03-03T11:51:36","date_gmt":"2024-03-03T11:51:36","guid":{"rendered":"https:\/\/shanabooks.de\/?post_type=product&#038;p=11706"},"modified":"2026-01-01T16:51:28","modified_gmt":"2026-01-01T16:51:28","slug":"mamoste-1-ferkera-kurdi","status":"publish","type":"product","link":"https:\/\/shanabooks.de\/de\/product\/mamoste-1-ferkera-kurdi\/","title":{"rendered":"Mamoste 1 &#8211; F\u00earkera Kurd\u00ee"},"content":{"rendered":"<p style=\"text-align: left;\"><strong>Mamoste 1 &#8211; F\u00earkera Kurd\u00ee<\/strong><\/p>\n<p style=\"text-align: left;\">ev pirt\u00fbk ji bo h\u00eenkirin \u00fb f\u00earkirina ziman\u00ea Kurd\u00ee ji bo asta destp\u00eak\u00ea ji aliy\u00ea komek niv\u00eeskar \u00fb zimannasan ve hatiye niv\u00ees\u00een.<\/p>\n<p style=\"text-align: left;\">ew j\u00ee ev in :<\/p>\n<p style=\"text-align: left;\">Do\u00e7. Dr. Abdurrahman Adak<br \/>\nDo\u00e7. Dr. Tahirhan Ayd\u0131n<br \/>\n\u00d6\u011fr. G\u00f6r. Z\u00fclk\u00fcf Erg\u00fcn<br \/>\n\u00d6\u011fr G\u00f6r. Mikail B\u00fclb\u00fcl<\/p>\n<p style=\"text-align: left;\">\n","protected":false},"excerpt":{"rendered":"<p style=\"text-align: left;\"><em><strong>pirt\u00fbk: Mamoste 1 &#8211; F\u00earkera Kurd\u00ee<\/strong><\/em><br \/>\n<em><strong>Niv\u00eeskar: gr\u00fbpek niv\u00eeskar \u00fb zimanzan<\/strong><\/em><br \/>\n<em><strong>Cure: R\u00eaziman \u00fb f\u00earkirin<\/strong><\/em><\/p>\n","protected":false},"featured_media":6332,"template":"","meta":{"site-sidebar-layout":"default","site-content-layout":"","ast-site-content-layout":"default","site-content-style":"default","site-sidebar-style":"default","ast-global-header-display":"","ast-banner-title-visibility":"","ast-main-header-display":"","ast-hfb-above-header-display":"","ast-hfb-below-header-display":"","ast-hfb-mobile-header-display":"","site-post-title":"","ast-breadcrumbs-content":"","ast-featured-img":"","footer-sml-layout":"","ast-disable-related-posts":"","theme-transparent-header-meta":"default","adv-header-id-meta":"","stick-header-meta":"","header-above-stick-meta":"","header-main-stick-meta":"","header-below-stick-meta":"","astra-migrate-meta-layouts":"set","ast-page-background-enabled":"default","ast-page-background-meta":{"desktop":{"background-color":"","background-image":"","background-repeat":"repeat","background-position":"center center","background-size":"auto","background-attachment":"scroll","background-type":"","background-media":"","overlay-type":"","overlay-color":"","overlay-opacity":"","overlay-gradient":""},"tablet":{"background-color":"","background-image":"","background-repeat":"repeat","background-position":"center center","background-size":"auto","background-attachment":"scroll","background-type":"","background-media":"","overlay-type":"","overlay-color":"","overlay-opacity":"","overlay-gradient":""},"mobile":{"background-color":"","background-image":"","background-repeat":"repeat","background-position":"center center","background-size":"auto","background-attachment":"scroll","background-type":"","background-media":"","overlay-type":"","overlay-color":"","overlay-opacity":"","overlay-gradient":""}},"ast-content-background-meta":{"desktop":{"background-color":"var(--ast-global-color-5)","background-image":"","background-repeat":"repeat","background-position":"center center","background-size":"auto","background-attachment":"scroll","background-type":"","background-media":"","overlay-type":"","overlay-color":"","overlay-opacity":"","overlay-gradient":""},"tablet":{"background-color":"var(--ast-global-color-5)","background-image":"","background-repeat":"repeat","background-position":"center center","background-size":"auto","background-attachment":"scroll","background-type":"","background-media":"","overlay-type":"","overlay-color":"","overlay-opacity":"","overlay-gradient":""},"mobile":{"background-color":"var(--ast-global-color-5)","background-image":"","background-repeat":"repeat","background-position":"center center","background-size":"auto","background-attachment":"scroll","background-type":"","background-media":"","overlay-type":"","overlay-color":"","overlay-opacity":"","overlay-gradient":""}}},"product_brand":[],"product_cat":[178,193],"product_tag":[],"class_list":{"0":"post-11706","1":"product","2":"type-product","3":"status-publish","4":"has-post-thumbnail","6":"product_cat--_","8":"pa_-ferbun-kurdi","9":"pa_-253","10":"pa_-mikail-bulbul","11":"pa_-kurmanci","12":"desktop-align-left","13":"tablet-align-left","14":"mobile-align-left","16":"first","17":"outofstock","18":"shipping-taxable","19":"purchasable","20":"product-type-simple"},"yoast_head":"<!-- This site is optimized with the Yoast SEO plugin v27.4 - https:\/\/yoast.com\/product\/yoast-seo-wordpress\/ -->\n<title>Mamoste 1 - F\u00earkera Kurd\u00ee - www.shanabooks.de<\/title>\n<meta name=\"description\" content=\"Mamoste 1 - F\u00earkera Kurd\u00ee. ev pirt\u00fbk ji bo h\u00eenkirin \u00fb f\u00earkirina ziman\u00ea Kurd\u00ee ji bo asta destp\u00eak\u00ea ji aliy\u00ea komek niv\u00eeskar \u00fb zimannasan ve hatiye niv\u00ees\u00een...\" \/>\n<meta name=\"robots\" content=\"index, follow, max-snippet:-1, max-image-preview:large, max-video-preview:-1\" \/>\n<link rel=\"canonical\" href=\"https:\/\/shanabooks.de\/product\/mamoste-1-ferkera-kurdi\/\" \/>\n<meta property=\"og:locale\" content=\"de_DE\" \/>\n<meta property=\"og:type\" content=\"article\" \/>\n<meta property=\"og:title\" content=\"Mamoste 1 - F\u00earkera Kurd\u00ee - www.shanabooks.de\" \/>\n<meta property=\"og:description\" content=\"Mamoste 1 - F\u00earkera Kurd\u00ee. ev pirt\u00fbk ji bo h\u00eenkirin \u00fb f\u00earkirina ziman\u00ea Kurd\u00ee ji bo asta destp\u00eak\u00ea ji aliy\u00ea komek niv\u00eeskar \u00fb zimannasan ve hatiye niv\u00ees\u00een...\" \/>\n<meta property=\"og:url\" content=\"https:\/\/shanabooks.de\/product\/mamoste-1-ferkera-kurdi\/\" \/>\n<meta property=\"og:site_name\" content=\"www.shanabooks.de\" \/>\n<meta property=\"article:modified_time\" content=\"2026-01-01T16:51:28+00:00\" \/>\n<meta property=\"og:image\" content=\"https:\/\/shanabooks.de\/wp-content\/uploads\/2024\/01\/Mamoste-1.png\" \/>\n\t<meta property=\"og:image:width\" content=\"359\" \/>\n\t<meta property=\"og:image:height\" content=\"477\" \/>\n\t<meta property=\"og:image:type\" content=\"image\/png\" \/>\n<meta name=\"twitter:card\" content=\"summary_large_image\" \/>\n<meta name=\"twitter:label1\" content=\"Gesch\u00e4tzte Lesezeit\" \/>\n\t<meta name=\"twitter:data1\" content=\"1\u00a0Minute\" \/>\n<script type=\"application\/ld+json\" class=\"yoast-schema-graph\">{\"@context\":\"https:\\\/\\\/schema.org\",\"@graph\":[{\"@type\":\"WebPage\",\"@id\":\"https:\\\/\\\/shanabooks.de\\\/product\\\/mamoste-1-ferkera-kurdi\\\/\",\"url\":\"https:\\\/\\\/shanabooks.de\\\/product\\\/mamoste-1-ferkera-kurdi\\\/\",\"name\":\"Mamoste 1 - F\u00earkera Kurd\u00ee - www.shanabooks.de\",\"isPartOf\":{\"@id\":\"https:\\\/\\\/shanabooks.de\\\/#website\"},\"primaryImageOfPage\":{\"@id\":\"https:\\\/\\\/shanabooks.de\\\/product\\\/mamoste-1-ferkera-kurdi\\\/#primaryimage\"},\"image\":{\"@id\":\"https:\\\/\\\/shanabooks.de\\\/product\\\/mamoste-1-ferkera-kurdi\\\/#primaryimage\"},\"thumbnailUrl\":\"https:\\\/\\\/shanabooks.de\\\/wp-content\\\/uploads\\\/2024\\\/01\\\/Mamoste-1.png\",\"datePublished\":\"2024-03-03T11:51:36+00:00\",\"dateModified\":\"2026-01-01T16:51:28+00:00\",\"description\":\"Mamoste 1 - F\u00earkera Kurd\u00ee. ev pirt\u00fbk ji bo h\u00eenkirin \u00fb f\u00earkirina ziman\u00ea Kurd\u00ee ji bo asta destp\u00eak\u00ea ji aliy\u00ea komek niv\u00eeskar \u00fb zimannasan ve hatiye niv\u00ees\u00een...\",\"breadcrumb\":{\"@id\":\"https:\\\/\\\/shanabooks.de\\\/product\\\/mamoste-1-ferkera-kurdi\\\/#breadcrumb\"},\"inLanguage\":\"de\",\"potentialAction\":[{\"@type\":\"ReadAction\",\"target\":[\"https:\\\/\\\/shanabooks.de\\\/product\\\/mamoste-1-ferkera-kurdi\\\/\"]}]},{\"@type\":\"ImageObject\",\"inLanguage\":\"de\",\"@id\":\"https:\\\/\\\/shanabooks.de\\\/product\\\/mamoste-1-ferkera-kurdi\\\/#primaryimage\",\"url\":\"https:\\\/\\\/shanabooks.de\\\/wp-content\\\/uploads\\\/2024\\\/01\\\/Mamoste-1.png\",\"contentUrl\":\"https:\\\/\\\/shanabooks.de\\\/wp-content\\\/uploads\\\/2024\\\/01\\\/Mamoste-1.png\",\"width\":359,\"height\":477,\"caption\":\"Mamoste 1 - F\u00earkera Kurd\u00ee Pirt\u00fbk\u00ean kurd\u00ee\"},{\"@type\":\"BreadcrumbList\",\"@id\":\"https:\\\/\\\/shanabooks.de\\\/product\\\/mamoste-1-ferkera-kurdi\\\/#breadcrumb\",\"itemListElement\":[{\"@type\":\"ListItem\",\"position\":1,\"name\":\"\u0627\u0644\u0631\u0626\u064a\u0633\u064a\u0629\",\"item\":\"https:\\\/\\\/shanabooks.de\\\/de\\\/\"},{\"@type\":\"ListItem\",\"position\":2,\"name\":\"\u0627\u0644\u0645\u0646\u062a\u062c\u0627\u062a\",\"item\":\"https:\\\/\\\/shanabooks.de\\\/shop\\\/\"},{\"@type\":\"ListItem\",\"position\":3,\"name\":\"Mamoste 1 &#8211; F\u00earkera Kurd\u00ee\"}]},{\"@type\":\"WebSite\",\"@id\":\"https:\\\/\\\/shanabooks.de\\\/#website\",\"url\":\"https:\\\/\\\/shanabooks.de\\\/\",\"name\":\"www.shanbooks.de\",\"description\":\"C\u00eehana Pirt\u00fbk\u00ean Kurd\u00ee \u0645\u0643\u062a\u0628\u0629 \u0634\u0627\u0646\u0627 \u0641\u064a \u0627\u0644\u0645\u0627\u0646\u064a\u0627 \u0648\u0623\u0648\u0631\u0628\u0627\",\"publisher\":{\"@id\":\"https:\\\/\\\/shanabooks.de\\\/#organization\"},\"potentialAction\":[{\"@type\":\"SearchAction\",\"target\":{\"@type\":\"EntryPoint\",\"urlTemplate\":\"https:\\\/\\\/shanabooks.de\\\/?s={search_term_string}\"},\"query-input\":{\"@type\":\"PropertyValueSpecification\",\"valueRequired\":true,\"valueName\":\"search_term_string\"}}],\"inLanguage\":\"de\"},{\"@type\":\"Organization\",\"@id\":\"https:\\\/\\\/shanabooks.de\\\/#organization\",\"name\":\"www.shanbooks.de\",\"url\":\"https:\\\/\\\/shanabooks.de\\\/\",\"logo\":{\"@type\":\"ImageObject\",\"inLanguage\":\"de\",\"@id\":\"https:\\\/\\\/shanabooks.de\\\/#\\\/schema\\\/logo\\\/image\\\/\",\"url\":\"https:\\\/\\\/shanabooks.de\\\/wp-content\\\/uploads\\\/2024\\\/03\\\/SHANABOOKS__2_-removebg-preview.png\",\"contentUrl\":\"https:\\\/\\\/shanabooks.de\\\/wp-content\\\/uploads\\\/2024\\\/03\\\/SHANABOOKS__2_-removebg-preview.png\",\"width\":700,\"height\":150,\"caption\":\"www.shanbooks.de\"},\"image\":{\"@id\":\"https:\\\/\\\/shanabooks.de\\\/#\\\/schema\\\/logo\\\/image\\\/\"}}]}<\/script>\n<!-- \/ Yoast SEO plugin. -->","yoast_head_json":{"title":"Mamoste 1 - F\u00earkera Kurd\u00ee - www.shanabooks.de","description":"Mamoste 1 - F\u00earkera Kurd\u00ee. ev pirt\u00fbk ji bo h\u00eenkirin \u00fb f\u00earkirina ziman\u00ea Kurd\u00ee ji bo asta destp\u00eak\u00ea ji aliy\u00ea komek niv\u00eeskar \u00fb zimannasan ve hatiye niv\u00ees\u00een...","robots":{"index":"index","follow":"follow","max-snippet":"max-snippet:-1","max-image-preview":"max-image-preview:large","max-video-preview":"max-video-preview:-1"},"canonical":"https:\/\/shanabooks.de\/product\/mamoste-1-ferkera-kurdi\/","og_locale":"de_DE","og_type":"article","og_title":"Mamoste 1 - F\u00earkera Kurd\u00ee - www.shanabooks.de","og_description":"Mamoste 1 - F\u00earkera Kurd\u00ee. ev pirt\u00fbk ji bo h\u00eenkirin \u00fb f\u00earkirina ziman\u00ea Kurd\u00ee ji bo asta destp\u00eak\u00ea ji aliy\u00ea komek niv\u00eeskar \u00fb zimannasan ve hatiye niv\u00ees\u00een...","og_url":"https:\/\/shanabooks.de\/product\/mamoste-1-ferkera-kurdi\/","og_site_name":"www.shanabooks.de","article_modified_time":"2026-01-01T16:51:28+00:00","og_image":[{"width":359,"height":477,"url":"https:\/\/shanabooks.de\/wp-content\/uploads\/2024\/01\/Mamoste-1.png","type":"image\/png"}],"twitter_card":"summary_large_image","twitter_misc":{"Gesch\u00e4tzte Lesezeit":"1\u00a0Minute"},"schema":{"@context":"https:\/\/schema.org","@graph":[{"@type":"WebPage","@id":"https:\/\/shanabooks.de\/product\/mamoste-1-ferkera-kurdi\/","url":"https:\/\/shanabooks.de\/product\/mamoste-1-ferkera-kurdi\/","name":"Mamoste 1 - F\u00earkera Kurd\u00ee - www.shanabooks.de","isPartOf":{"@id":"https:\/\/shanabooks.de\/#website"},"primaryImageOfPage":{"@id":"https:\/\/shanabooks.de\/product\/mamoste-1-ferkera-kurdi\/#primaryimage"},"image":{"@id":"https:\/\/shanabooks.de\/product\/mamoste-1-ferkera-kurdi\/#primaryimage"},"thumbnailUrl":"https:\/\/shanabooks.de\/wp-content\/uploads\/2024\/01\/Mamoste-1.png","datePublished":"2024-03-03T11:51:36+00:00","dateModified":"2026-01-01T16:51:28+00:00","description":"Mamoste 1 - F\u00earkera Kurd\u00ee. ev pirt\u00fbk ji bo h\u00eenkirin \u00fb f\u00earkirina ziman\u00ea Kurd\u00ee ji bo asta destp\u00eak\u00ea ji aliy\u00ea komek niv\u00eeskar \u00fb zimannasan ve hatiye niv\u00ees\u00een...","breadcrumb":{"@id":"https:\/\/shanabooks.de\/product\/mamoste-1-ferkera-kurdi\/#breadcrumb"},"inLanguage":"de","potentialAction":[{"@type":"ReadAction","target":["https:\/\/shanabooks.de\/product\/mamoste-1-ferkera-kurdi\/"]}]},{"@type":"ImageObject","inLanguage":"de","@id":"https:\/\/shanabooks.de\/product\/mamoste-1-ferkera-kurdi\/#primaryimage","url":"https:\/\/shanabooks.de\/wp-content\/uploads\/2024\/01\/Mamoste-1.png","contentUrl":"https:\/\/shanabooks.de\/wp-content\/uploads\/2024\/01\/Mamoste-1.png","width":359,"height":477,"caption":"Mamoste 1 - F\u00earkera Kurd\u00ee Pirt\u00fbk\u00ean kurd\u00ee"},{"@type":"BreadcrumbList","@id":"https:\/\/shanabooks.de\/product\/mamoste-1-ferkera-kurdi\/#breadcrumb","itemListElement":[{"@type":"ListItem","position":1,"name":"\u0627\u0644\u0631\u0626\u064a\u0633\u064a\u0629","item":"https:\/\/shanabooks.de\/de\/"},{"@type":"ListItem","position":2,"name":"\u0627\u0644\u0645\u0646\u062a\u062c\u0627\u062a","item":"https:\/\/shanabooks.de\/shop\/"},{"@type":"ListItem","position":3,"name":"Mamoste 1 &#8211; F\u00earkera Kurd\u00ee"}]},{"@type":"WebSite","@id":"https:\/\/shanabooks.de\/#website","url":"https:\/\/shanabooks.de\/","name":"www.shanbooks.de","description":"C\u00eehana Pirt\u00fbk\u00ean Kurd\u00ee \u0645\u0643\u062a\u0628\u0629 \u0634\u0627\u0646\u0627 \u0641\u064a \u0627\u0644\u0645\u0627\u0646\u064a\u0627 \u0648\u0623\u0648\u0631\u0628\u0627","publisher":{"@id":"https:\/\/shanabooks.de\/#organization"},"potentialAction":[{"@type":"SearchAction","target":{"@type":"EntryPoint","urlTemplate":"https:\/\/shanabooks.de\/?s={search_term_string}"},"query-input":{"@type":"PropertyValueSpecification","valueRequired":true,"valueName":"search_term_string"}}],"inLanguage":"de"},{"@type":"Organization","@id":"https:\/\/shanabooks.de\/#organization","name":"www.shanbooks.de","url":"https:\/\/shanabooks.de\/","logo":{"@type":"ImageObject","inLanguage":"de","@id":"https:\/\/shanabooks.de\/#\/schema\/logo\/image\/","url":"https:\/\/shanabooks.de\/wp-content\/uploads\/2024\/03\/SHANABOOKS__2_-removebg-preview.png","contentUrl":"https:\/\/shanabooks.de\/wp-content\/uploads\/2024\/03\/SHANABOOKS__2_-removebg-preview.png","width":700,"height":150,"caption":"www.shanbooks.de"},"image":{"@id":"https:\/\/shanabooks.de\/#\/schema\/logo\/image\/"}}]}},"jetpack_sharing_enabled":true,"_links":{"self":[{"href":"https:\/\/shanabooks.de\/de\/wp-json\/wp\/v2\/product\/11706","targetHints":{"allow":["GET"]}}],"collection":[{"href":"https:\/\/shanabooks.de\/de\/wp-json\/wp\/v2\/product"}],"about":[{"href":"https:\/\/shanabooks.de\/de\/wp-json\/wp\/v2\/types\/product"}],"version-history":[{"count":2,"href":"https:\/\/shanabooks.de\/de\/wp-json\/wp\/v2\/product\/11706\/revisions"}],"predecessor-version":[{"id":11741,"href":"https:\/\/shanabooks.de\/de\/wp-json\/wp\/v2\/product\/11706\/revisions\/11741"}],"wp:featuredmedia":[{"embeddable":true,"href":"https:\/\/shanabooks.de\/de\/wp-json\/wp\/v2\/media\/6332"}],"wp:attachment":[{"href":"https:\/\/shanabooks.de\/de\/wp-json\/wp\/v2\/media?parent=11706"}],"wp:term":[{"taxonomy":"product_brand","embeddable":true,"href":"https:\/\/shanabooks.de\/de\/wp-json\/wp\/v2\/product_brand?post=11706"},{"taxonomy":"product_cat","embeddable":true,"href":"https:\/\/shanabooks.de\/de\/wp-json\/wp\/v2\/product_cat?post=11706"},{"taxonomy":"product_tag","embeddable":true,"href":"https:\/\/shanabooks.de\/de\/wp-json\/wp\/v2\/product_tag?post=11706"}],"curies":[{"name":"wp","href":"https:\/\/api.w.org\/{rel}","templated":true}]}}