{"id":11707,"date":"2024-03-03T11:51:36","date_gmt":"2024-03-03T11:51:36","guid":{"rendered":"https:\/\/shanabooks.de\/?post_type=product&#038;p=11707"},"modified":"2026-01-01T16:31:16","modified_gmt":"2026-01-01T16:31:16","slug":"dergusa-nasnameye-grupek-niviskar","status":"publish","type":"product","link":"https:\/\/shanabooks.de\/de\/product\/dergusa-nasnameye-grupek-niviskar\/","title":{"rendered":"Derg\u00fb\u015fa Nasnamey\u00ea"},"content":{"rendered":"<p style=\"text-align: left\"><strong>Derg\u00fb\u015fa Nasnamey\u00ea &#8211; Gr\u00fbpek Niv\u00eeskar<\/strong><\/p>\n<p style=\"text-align: left\">Pirt\u00fbka Derg\u00fb\u015fa Nasnamey\u00ea ji bo F\u00earkirin \u00fb Perwerdey\u00ea pirr h\u00eaja ye, ev pirt\u00fbka ji aliy\u00ea Haydar Diljen, Azad J.Erdem , Mahm\u00fbd Lewend\u00ee , Remz\u00ee Ker\u00eem\u00a0hatiye amadekirin \u00fb ji we\u015fan\u00ean S\u00eetav\u00ea j\u00ee derketiye.<\/p>\n","protected":false},"excerpt":{"rendered":"<p style=\"text-align: center\"><strong>Pirt\u00fbk: Derg\u00fb\u015fa Nasnamey\u00ea<br \/>\nNiv\u00eeskar: Gr\u00fbpek Niv\u00eeskar<br \/>\nCure: Perwerde, L\u00eakol\u00een<\/strong><\/p>\n","protected":false},"featured_media":6438,"template":"","meta":{"site-sidebar-layout":"default","site-content-layout":"","ast-site-content-layout":"default","site-content-style":"default","site-sidebar-style":"default","ast-global-header-display":"","ast-banner-title-visibility":"","ast-main-header-display":"","ast-hfb-above-header-display":"","ast-hfb-below-header-display":"","ast-hfb-mobile-header-display":"","site-post-title":"","ast-breadcrumbs-content":"","ast-featured-img":"","footer-sml-layout":"","ast-disable-related-posts":"","theme-transparent-header-meta":"default","adv-header-id-meta":"","stick-header-meta":"","header-above-stick-meta":"","header-main-stick-meta":"","header-below-stick-meta":"","astra-migrate-meta-layouts":"set","ast-page-background-enabled":"default","ast-page-background-meta":{"desktop":{"background-color":"","background-image":"","background-repeat":"repeat","background-position":"center center","background-size":"auto","background-attachment":"scroll","background-type":"","background-media":"","overlay-type":"","overlay-color":"","overlay-opacity":"","overlay-gradient":""},"tablet":{"background-color":"","background-image":"","background-repeat":"repeat","background-position":"center center","background-size":"auto","background-attachment":"scroll","background-type":"","background-media":"","overlay-type":"","overlay-color":"","overlay-opacity":"","overlay-gradient":""},"mobile":{"background-color":"","background-image":"","background-repeat":"repeat","background-position":"center center","background-size":"auto","background-attachment":"scroll","background-type":"","background-media":"","overlay-type":"","overlay-color":"","overlay-opacity":"","overlay-gradient":""}},"ast-content-background-meta":{"desktop":{"background-color":"var(--ast-global-color-5)","background-image":"","background-repeat":"repeat","background-position":"center center","background-size":"auto","background-attachment":"scroll","background-type":"","background-media":"","overlay-type":"","overlay-color":"","overlay-opacity":"","overlay-gradient":""},"tablet":{"background-color":"var(--ast-global-color-5)","background-image":"","background-repeat":"repeat","background-position":"center center","background-size":"auto","background-attachment":"scroll","background-type":"","background-media":"","overlay-type":"","overlay-color":"","overlay-opacity":"","overlay-gradient":""},"mobile":{"background-color":"var(--ast-global-color-5)","background-image":"","background-repeat":"repeat","background-position":"center center","background-size":"auto","background-attachment":"scroll","background-type":"","background-media":"","overlay-type":"","overlay-color":"","overlay-opacity":"","overlay-gradient":""}}},"product_brand":[],"product_cat":[178,179,177,193],"product_tag":[],"class_list":{"0":"post-11707","1":"product","2":"type-product","3":"status-publish","4":"has-post-thumbnail","6":"product_cat--_","7":"product_cat-_","10":"pa_-lekolin","11":"pa_-perwerde","12":"pa_-grupek-niviskar","13":"pa_-kurmanci","14":"pa_--sitav-yayinevi","15":"desktop-align-left","16":"tablet-align-left","17":"mobile-align-left","19":"first","20":"outofstock","21":"shipping-taxable","22":"purchasable","23":"product-type-simple"},"yoast_head":"<!-- This site is optimized with the Yoast SEO plugin v27.4 - https:\/\/yoast.com\/product\/yoast-seo-wordpress\/ -->\n<title>Derg\u00fb\u015fa Nasnamey\u00ea - Gr\u00fbpek Niv\u00eeskar - www.shanabooks.de<\/title>\n<meta name=\"description\" content=\"Derg\u00fb\u015fa Nasnamey\u00ea - Gr\u00fbpek Niv\u00eeskar Pirt\u00fbka Derg\u00fb\u015fa Nasnamey\u00ea ji bo F\u00earkirin \u00fb Perwerdey\u00ea pirr h\u00eaja ye, ev pirt\u00fbka ji aliy\u00ea Haydar Diljen, Azad J.Erdem ,...\" \/>\n<meta name=\"robots\" content=\"index, follow, max-snippet:-1, max-image-preview:large, max-video-preview:-1\" \/>\n<link rel=\"canonical\" href=\"https:\/\/shanabooks.de\/product\/dergusa-nasnameye-grupek-niviskar\/\" \/>\n<meta property=\"og:locale\" content=\"de_DE\" \/>\n<meta property=\"og:type\" content=\"article\" \/>\n<meta property=\"og:title\" content=\"Derg\u00fb\u015fa Nasnamey\u00ea - Gr\u00fbpek Niv\u00eeskar - www.shanabooks.de\" \/>\n<meta property=\"og:description\" content=\"Derg\u00fb\u015fa Nasnamey\u00ea - Gr\u00fbpek Niv\u00eeskar Pirt\u00fbka Derg\u00fb\u015fa Nasnamey\u00ea ji bo F\u00earkirin \u00fb Perwerdey\u00ea pirr h\u00eaja ye, ev pirt\u00fbka ji aliy\u00ea Haydar Diljen, Azad J.Erdem ,...\" \/>\n<meta property=\"og:url\" content=\"https:\/\/shanabooks.de\/product\/dergusa-nasnameye-grupek-niviskar\/\" \/>\n<meta property=\"og:site_name\" content=\"www.shanabooks.de\" \/>\n<meta property=\"article:modified_time\" content=\"2026-01-01T16:31:16+00:00\" \/>\n<meta property=\"og:image\" content=\"https:\/\/shanabooks.de\/wp-content\/uploads\/2024\/01\/Dergusa-Nasnameye-1.png\" \/>\n\t<meta property=\"og:image:width\" content=\"303\" \/>\n\t<meta property=\"og:image:height\" content=\"477\" \/>\n\t<meta property=\"og:image:type\" content=\"image\/png\" \/>\n<meta name=\"twitter:card\" content=\"summary_large_image\" \/>\n<meta name=\"twitter:label1\" content=\"Gesch\u00e4tzte Lesezeit\" \/>\n\t<meta name=\"twitter:data1\" content=\"1\u00a0Minute\" \/>\n<script type=\"application\/ld+json\" class=\"yoast-schema-graph\">{\"@context\":\"https:\\\/\\\/schema.org\",\"@graph\":[{\"@type\":\"WebPage\",\"@id\":\"https:\\\/\\\/shanabooks.de\\\/product\\\/dergusa-nasnameye-grupek-niviskar\\\/\",\"url\":\"https:\\\/\\\/shanabooks.de\\\/product\\\/dergusa-nasnameye-grupek-niviskar\\\/\",\"name\":\"Derg\u00fb\u015fa Nasnamey\u00ea - Gr\u00fbpek Niv\u00eeskar - www.shanabooks.de\",\"isPartOf\":{\"@id\":\"https:\\\/\\\/shanabooks.de\\\/#website\"},\"primaryImageOfPage\":{\"@id\":\"https:\\\/\\\/shanabooks.de\\\/product\\\/dergusa-nasnameye-grupek-niviskar\\\/#primaryimage\"},\"image\":{\"@id\":\"https:\\\/\\\/shanabooks.de\\\/product\\\/dergusa-nasnameye-grupek-niviskar\\\/#primaryimage\"},\"thumbnailUrl\":\"https:\\\/\\\/shanabooks.de\\\/wp-content\\\/uploads\\\/2024\\\/01\\\/Dergusa-Nasnameye-1.png\",\"datePublished\":\"2024-03-03T11:51:36+00:00\",\"dateModified\":\"2026-01-01T16:31:16+00:00\",\"description\":\"Derg\u00fb\u015fa Nasnamey\u00ea - Gr\u00fbpek Niv\u00eeskar Pirt\u00fbka Derg\u00fb\u015fa Nasnamey\u00ea ji bo F\u00earkirin \u00fb Perwerdey\u00ea pirr h\u00eaja ye, ev pirt\u00fbka ji aliy\u00ea Haydar Diljen, Azad J.Erdem ,...\",\"breadcrumb\":{\"@id\":\"https:\\\/\\\/shanabooks.de\\\/product\\\/dergusa-nasnameye-grupek-niviskar\\\/#breadcrumb\"},\"inLanguage\":\"de\",\"potentialAction\":[{\"@type\":\"ReadAction\",\"target\":[\"https:\\\/\\\/shanabooks.de\\\/product\\\/dergusa-nasnameye-grupek-niviskar\\\/\"]}]},{\"@type\":\"ImageObject\",\"inLanguage\":\"de\",\"@id\":\"https:\\\/\\\/shanabooks.de\\\/product\\\/dergusa-nasnameye-grupek-niviskar\\\/#primaryimage\",\"url\":\"https:\\\/\\\/shanabooks.de\\\/wp-content\\\/uploads\\\/2024\\\/01\\\/Dergusa-Nasnameye-1.png\",\"contentUrl\":\"https:\\\/\\\/shanabooks.de\\\/wp-content\\\/uploads\\\/2024\\\/01\\\/Dergusa-Nasnameye-1.png\",\"width\":303,\"height\":477,\"caption\":\"Derg\u00fb\u015fa Nasnamey\u00ea - Gr\u00fbpek Niv\u00eeskar - pirt\u00fbk\u00ean kurd\u00ee\"},{\"@type\":\"BreadcrumbList\",\"@id\":\"https:\\\/\\\/shanabooks.de\\\/product\\\/dergusa-nasnameye-grupek-niviskar\\\/#breadcrumb\",\"itemListElement\":[{\"@type\":\"ListItem\",\"position\":1,\"name\":\"\u0627\u0644\u0631\u0626\u064a\u0633\u064a\u0629\",\"item\":\"https:\\\/\\\/shanabooks.de\\\/de\\\/\"},{\"@type\":\"ListItem\",\"position\":2,\"name\":\"\u0627\u0644\u0645\u0646\u062a\u062c\u0627\u062a\",\"item\":\"https:\\\/\\\/shanabooks.de\\\/shop\\\/\"},{\"@type\":\"ListItem\",\"position\":3,\"name\":\"Derg\u00fb\u015fa Nasnamey\u00ea\"}]},{\"@type\":\"WebSite\",\"@id\":\"https:\\\/\\\/shanabooks.de\\\/#website\",\"url\":\"https:\\\/\\\/shanabooks.de\\\/\",\"name\":\"www.shanbooks.de\",\"description\":\"C\u00eehana Pirt\u00fbk\u00ean Kurd\u00ee \u0645\u0643\u062a\u0628\u0629 \u0634\u0627\u0646\u0627 \u0641\u064a \u0627\u0644\u0645\u0627\u0646\u064a\u0627 \u0648\u0623\u0648\u0631\u0628\u0627\",\"publisher\":{\"@id\":\"https:\\\/\\\/shanabooks.de\\\/#organization\"},\"potentialAction\":[{\"@type\":\"SearchAction\",\"target\":{\"@type\":\"EntryPoint\",\"urlTemplate\":\"https:\\\/\\\/shanabooks.de\\\/?s={search_term_string}\"},\"query-input\":{\"@type\":\"PropertyValueSpecification\",\"valueRequired\":true,\"valueName\":\"search_term_string\"}}],\"inLanguage\":\"de\"},{\"@type\":\"Organization\",\"@id\":\"https:\\\/\\\/shanabooks.de\\\/#organization\",\"name\":\"www.shanbooks.de\",\"url\":\"https:\\\/\\\/shanabooks.de\\\/\",\"logo\":{\"@type\":\"ImageObject\",\"inLanguage\":\"de\",\"@id\":\"https:\\\/\\\/shanabooks.de\\\/#\\\/schema\\\/logo\\\/image\\\/\",\"url\":\"https:\\\/\\\/shanabooks.de\\\/wp-content\\\/uploads\\\/2024\\\/03\\\/SHANABOOKS__2_-removebg-preview.png\",\"contentUrl\":\"https:\\\/\\\/shanabooks.de\\\/wp-content\\\/uploads\\\/2024\\\/03\\\/SHANABOOKS__2_-removebg-preview.png\",\"width\":700,\"height\":150,\"caption\":\"www.shanbooks.de\"},\"image\":{\"@id\":\"https:\\\/\\\/shanabooks.de\\\/#\\\/schema\\\/logo\\\/image\\\/\"}}]}<\/script>\n<!-- \/ Yoast SEO plugin. -->","yoast_head_json":{"title":"Derg\u00fb\u015fa Nasnamey\u00ea - Gr\u00fbpek Niv\u00eeskar - www.shanabooks.de","description":"Derg\u00fb\u015fa Nasnamey\u00ea - Gr\u00fbpek Niv\u00eeskar Pirt\u00fbka Derg\u00fb\u015fa Nasnamey\u00ea ji bo F\u00earkirin \u00fb Perwerdey\u00ea pirr h\u00eaja ye, ev pirt\u00fbka ji aliy\u00ea Haydar Diljen, Azad J.Erdem ,...","robots":{"index":"index","follow":"follow","max-snippet":"max-snippet:-1","max-image-preview":"max-image-preview:large","max-video-preview":"max-video-preview:-1"},"canonical":"https:\/\/shanabooks.de\/product\/dergusa-nasnameye-grupek-niviskar\/","og_locale":"de_DE","og_type":"article","og_title":"Derg\u00fb\u015fa Nasnamey\u00ea - Gr\u00fbpek Niv\u00eeskar - www.shanabooks.de","og_description":"Derg\u00fb\u015fa Nasnamey\u00ea - Gr\u00fbpek Niv\u00eeskar Pirt\u00fbka Derg\u00fb\u015fa Nasnamey\u00ea ji bo F\u00earkirin \u00fb Perwerdey\u00ea pirr h\u00eaja ye, ev pirt\u00fbka ji aliy\u00ea Haydar Diljen, Azad J.Erdem ,...","og_url":"https:\/\/shanabooks.de\/product\/dergusa-nasnameye-grupek-niviskar\/","og_site_name":"www.shanabooks.de","article_modified_time":"2026-01-01T16:31:16+00:00","og_image":[{"width":303,"height":477,"url":"https:\/\/shanabooks.de\/wp-content\/uploads\/2024\/01\/Dergusa-Nasnameye-1.png","type":"image\/png"}],"twitter_card":"summary_large_image","twitter_misc":{"Gesch\u00e4tzte Lesezeit":"1\u00a0Minute"},"schema":{"@context":"https:\/\/schema.org","@graph":[{"@type":"WebPage","@id":"https:\/\/shanabooks.de\/product\/dergusa-nasnameye-grupek-niviskar\/","url":"https:\/\/shanabooks.de\/product\/dergusa-nasnameye-grupek-niviskar\/","name":"Derg\u00fb\u015fa Nasnamey\u00ea - Gr\u00fbpek Niv\u00eeskar - www.shanabooks.de","isPartOf":{"@id":"https:\/\/shanabooks.de\/#website"},"primaryImageOfPage":{"@id":"https:\/\/shanabooks.de\/product\/dergusa-nasnameye-grupek-niviskar\/#primaryimage"},"image":{"@id":"https:\/\/shanabooks.de\/product\/dergusa-nasnameye-grupek-niviskar\/#primaryimage"},"thumbnailUrl":"https:\/\/shanabooks.de\/wp-content\/uploads\/2024\/01\/Dergusa-Nasnameye-1.png","datePublished":"2024-03-03T11:51:36+00:00","dateModified":"2026-01-01T16:31:16+00:00","description":"Derg\u00fb\u015fa Nasnamey\u00ea - Gr\u00fbpek Niv\u00eeskar Pirt\u00fbka Derg\u00fb\u015fa Nasnamey\u00ea ji bo F\u00earkirin \u00fb Perwerdey\u00ea pirr h\u00eaja ye, ev pirt\u00fbka ji aliy\u00ea Haydar Diljen, Azad J.Erdem ,...","breadcrumb":{"@id":"https:\/\/shanabooks.de\/product\/dergusa-nasnameye-grupek-niviskar\/#breadcrumb"},"inLanguage":"de","potentialAction":[{"@type":"ReadAction","target":["https:\/\/shanabooks.de\/product\/dergusa-nasnameye-grupek-niviskar\/"]}]},{"@type":"ImageObject","inLanguage":"de","@id":"https:\/\/shanabooks.de\/product\/dergusa-nasnameye-grupek-niviskar\/#primaryimage","url":"https:\/\/shanabooks.de\/wp-content\/uploads\/2024\/01\/Dergusa-Nasnameye-1.png","contentUrl":"https:\/\/shanabooks.de\/wp-content\/uploads\/2024\/01\/Dergusa-Nasnameye-1.png","width":303,"height":477,"caption":"Derg\u00fb\u015fa Nasnamey\u00ea - Gr\u00fbpek Niv\u00eeskar - pirt\u00fbk\u00ean kurd\u00ee"},{"@type":"BreadcrumbList","@id":"https:\/\/shanabooks.de\/product\/dergusa-nasnameye-grupek-niviskar\/#breadcrumb","itemListElement":[{"@type":"ListItem","position":1,"name":"\u0627\u0644\u0631\u0626\u064a\u0633\u064a\u0629","item":"https:\/\/shanabooks.de\/de\/"},{"@type":"ListItem","position":2,"name":"\u0627\u0644\u0645\u0646\u062a\u062c\u0627\u062a","item":"https:\/\/shanabooks.de\/shop\/"},{"@type":"ListItem","position":3,"name":"Derg\u00fb\u015fa Nasnamey\u00ea"}]},{"@type":"WebSite","@id":"https:\/\/shanabooks.de\/#website","url":"https:\/\/shanabooks.de\/","name":"www.shanbooks.de","description":"C\u00eehana Pirt\u00fbk\u00ean Kurd\u00ee \u0645\u0643\u062a\u0628\u0629 \u0634\u0627\u0646\u0627 \u0641\u064a \u0627\u0644\u0645\u0627\u0646\u064a\u0627 \u0648\u0623\u0648\u0631\u0628\u0627","publisher":{"@id":"https:\/\/shanabooks.de\/#organization"},"potentialAction":[{"@type":"SearchAction","target":{"@type":"EntryPoint","urlTemplate":"https:\/\/shanabooks.de\/?s={search_term_string}"},"query-input":{"@type":"PropertyValueSpecification","valueRequired":true,"valueName":"search_term_string"}}],"inLanguage":"de"},{"@type":"Organization","@id":"https:\/\/shanabooks.de\/#organization","name":"www.shanbooks.de","url":"https:\/\/shanabooks.de\/","logo":{"@type":"ImageObject","inLanguage":"de","@id":"https:\/\/shanabooks.de\/#\/schema\/logo\/image\/","url":"https:\/\/shanabooks.de\/wp-content\/uploads\/2024\/03\/SHANABOOKS__2_-removebg-preview.png","contentUrl":"https:\/\/shanabooks.de\/wp-content\/uploads\/2024\/03\/SHANABOOKS__2_-removebg-preview.png","width":700,"height":150,"caption":"www.shanbooks.de"},"image":{"@id":"https:\/\/shanabooks.de\/#\/schema\/logo\/image\/"}}]}},"jetpack_sharing_enabled":true,"_links":{"self":[{"href":"https:\/\/shanabooks.de\/de\/wp-json\/wp\/v2\/product\/11707","targetHints":{"allow":["GET"]}}],"collection":[{"href":"https:\/\/shanabooks.de\/de\/wp-json\/wp\/v2\/product"}],"about":[{"href":"https:\/\/shanabooks.de\/de\/wp-json\/wp\/v2\/types\/product"}],"version-history":[{"count":3,"href":"https:\/\/shanabooks.de\/de\/wp-json\/wp\/v2\/product\/11707\/revisions"}],"predecessor-version":[{"id":13892,"href":"https:\/\/shanabooks.de\/de\/wp-json\/wp\/v2\/product\/11707\/revisions\/13892"}],"wp:featuredmedia":[{"embeddable":true,"href":"https:\/\/shanabooks.de\/de\/wp-json\/wp\/v2\/media\/6438"}],"wp:attachment":[{"href":"https:\/\/shanabooks.de\/de\/wp-json\/wp\/v2\/media?parent=11707"}],"wp:term":[{"taxonomy":"product_brand","embeddable":true,"href":"https:\/\/shanabooks.de\/de\/wp-json\/wp\/v2\/product_brand?post=11707"},{"taxonomy":"product_cat","embeddable":true,"href":"https:\/\/shanabooks.de\/de\/wp-json\/wp\/v2\/product_cat?post=11707"},{"taxonomy":"product_tag","embeddable":true,"href":"https:\/\/shanabooks.de\/de\/wp-json\/wp\/v2\/product_tag?post=11707"}],"curies":[{"name":"wp","href":"https:\/\/api.w.org\/{rel}","templated":true}]}}