{"id":11709,"date":"2024-03-03T11:51:36","date_gmt":"2024-03-03T11:51:36","guid":{"rendered":"https:\/\/shanabooks.de\/?post_type=product&#038;p=11709"},"modified":"2026-01-01T16:50:50","modified_gmt":"2026-01-01T16:50:50","slug":"kurdizan-1-grupek-niviskar","status":"publish","type":"product","link":"https:\/\/shanabooks.de\/de\/product\/kurdizan-1-grupek-niviskar\/","title":{"rendered":"Kurd\u00eezan 1"},"content":{"rendered":"<p style=\"text-align: left\"><strong>Kurd\u00eezan 1 &#8211; Gr\u00fbpek Niv\u00eeskar<\/strong><\/p>\n<p style=\"font-weight: 400;text-align: left\">Derbar\u00ea Kurd\u00eezan\u00ea da<\/p>\n<p style=\"font-weight: 400;text-align: left\">Kurd\u00eezan bi hevkariya Tahirhari Aydin, Abdurrahman Adak \u00fb Miakail B\u00fclb\u00fcl ji bo asta destp\u00eak\u00ea ji du pirt\u00fbkan p\u00eak t\u00ea. Yek, Pirt\u00fbka Ders\u00ea ye, ya din j\u00ee Pirt\u00fbka Xebat\u00ea ye. Pirt\u00fbka Ders\u00ea li ser h\u00eenkirina temay\u00ean curbicur \u00fb mijar\u00ean r\u00eaziman\u00ea radiweste, l\u00ea Pirt\u00fbka Xebat\u00ea ten\u00ea li ser rah\u00ean\u00ean van temayan \u00fb mijar\u00ean r\u00eaziman\u00ea radiweste. Di Kurd\u00eezan\u00ea da ji bo bir\u00eaxistin \u00fb h\u00easankirina h\u00eenkar\u00eey\u00ea, pergala un\u00eete \u00fb dersan hat\u00eeye bikaran\u00een. Pirt\u00fbk ji du un\u00eeteyan \u00fb her un\u00eete j\u00ee ji 14 dersan p\u00eak t\u00ea. Bi tevah\u00ee 28 ders di Kurd\u00eezan\u00ea da hene. Kurd\u00eezan ji bo perwerdeya dibistan\u00ea, bernamey\u00ean l\u00eesans\u00ea, l\u00eesansa bilind, kurs\u00ean taybet\u00ee \u00fb xebat\u00ean takekes\u00ee hat\u00eeye plankirin.<\/p>\n<p style=\"font-weight: 400;text-align: left\">Di Kurd\u00eezan\u00ea da r\u00eabaz\u00ean &#8222;ji h\u00easan\u00eey\u00ea ber bi zor\u00eey\u00ea ve&#8220;, &#8222;ji sadey\u00eey\u00ea ber bi aloz\u00eey\u00ea ve&#8220; hatine bikaran\u00een. Kurd\u00eezan, wek\u00ee pirt\u00fbka h\u00eenkar\u00eeya ziman\u00ee, bi awayek\u00ee hevseng, bip\u00ea\u015fvebirina her \u00e7ar \u015f\u00eeyan\u00ean bingeh\u00een \u00ean ziman\u00ee ji xwe ra dike armanc ku ew j\u00ee guhdarkirin, axiftin, xwendin \u00fb niv\u00ees\u00een in. Di pirt\u00fbk\u00ea da r\u00eabaza peval\u00een\u00ea (spiral approach) hat\u00eeye bikaran\u00een. Mijar\u00ean p\u00ea\u015f\u00een di nava mijar\u00ean pa\u015f\u00een da hatine dubarekirin. Bi r\u00eaya dubarekirin\u00ea, mijar\u00ean ber\u00ea bi dupatkirin \u00fb bib\u00eeran\u00eenan hatine xurtkirin.<\/p>\n<p style=\"font-weight: 400;text-align: left\">Her dersek, bi metin yan j\u00ee d\u00eeyalogek\u00ea dest p\u00ea dike, pi\u015ft\u00ee w\u00ea mijareka r\u00eaziman\u00ea cih digire \u00fb bi d\u00fb ra rah\u00eanan t\u00ean. Herweha di daw\u00eeya her pirt\u00fbkek\u00ea da ferhengokek hat\u00eeye bicihkirin. Di v\u00ea ferheng\u00ea da manay\u00ean tirk\u00ee \u00fb \u00eengil\u00eez\u00ee y\u00ean b\u00eajeyan hatine day\u00een.<\/p>\n","protected":false},"excerpt":{"rendered":"<p style=\"text-align: center\"><strong>Pirt\u00fbk: Kurd\u00eezan 1 (Pirt\u00fbka Ders\u00ea \u00fb Xebat\u00ea)<br \/>\nNiv\u00eeskar: Tahirhari Aydin, Abdurrahman Adak, Miakail B\u00fclb\u00fcl<br \/>\nCure: F\u00earb\u00fbn<\/strong><\/p>\n","protected":false},"featured_media":6526,"template":"","meta":{"site-sidebar-layout":"default","site-content-layout":"","ast-site-content-layout":"default","site-content-style":"default","site-sidebar-style":"default","ast-global-header-display":"","ast-banner-title-visibility":"","ast-main-header-display":"","ast-hfb-above-header-display":"","ast-hfb-below-header-display":"","ast-hfb-mobile-header-display":"","site-post-title":"","ast-breadcrumbs-content":"","ast-featured-img":"","footer-sml-layout":"","ast-disable-related-posts":"","theme-transparent-header-meta":"default","adv-header-id-meta":"","stick-header-meta":"","header-above-stick-meta":"","header-main-stick-meta":"","header-below-stick-meta":"","astra-migrate-meta-layouts":"set","ast-page-background-enabled":"default","ast-page-background-meta":{"desktop":{"background-color":"","background-image":"","background-repeat":"repeat","background-position":"center center","background-size":"auto","background-attachment":"scroll","background-type":"","background-media":"","overlay-type":"","overlay-color":"","overlay-opacity":"","overlay-gradient":""},"tablet":{"background-color":"","background-image":"","background-repeat":"repeat","background-position":"center center","background-size":"auto","background-attachment":"scroll","background-type":"","background-media":"","overlay-type":"","overlay-color":"","overlay-opacity":"","overlay-gradient":""},"mobile":{"background-color":"","background-image":"","background-repeat":"repeat","background-position":"center center","background-size":"auto","background-attachment":"scroll","background-type":"","background-media":"","overlay-type":"","overlay-color":"","overlay-opacity":"","overlay-gradient":""}},"ast-content-background-meta":{"desktop":{"background-color":"var(--ast-global-color-5)","background-image":"","background-repeat":"repeat","background-position":"center center","background-size":"auto","background-attachment":"scroll","background-type":"","background-media":"","overlay-type":"","overlay-color":"","overlay-opacity":"","overlay-gradient":""},"tablet":{"background-color":"var(--ast-global-color-5)","background-image":"","background-repeat":"repeat","background-position":"center center","background-size":"auto","background-attachment":"scroll","background-type":"","background-media":"","overlay-type":"","overlay-color":"","overlay-opacity":"","overlay-gradient":""},"mobile":{"background-color":"var(--ast-global-color-5)","background-image":"","background-repeat":"repeat","background-position":"center center","background-size":"auto","background-attachment":"scroll","background-type":"","background-media":"","overlay-type":"","overlay-color":"","overlay-opacity":"","overlay-gradient":""}}},"product_brand":[],"product_cat":[178,193],"product_tag":[],"class_list":{"0":"post-11709","1":"product","2":"type-product","3":"status-publish","4":"has-post-thumbnail","6":"product_cat--_","8":"pa_-ferbuna-kurdi","9":"pa_-abdurrahman-adak","10":"pa_-miakail-bulbul","11":"pa_-tahirhari-aydin","12":"pa_-kurmanci","13":"pa_--weqfa-mezopotamya","14":"desktop-align-left","15":"tablet-align-left","16":"mobile-align-left","18":"first","19":"outofstock","20":"shipping-taxable","21":"purchasable","22":"product-type-simple"},"yoast_head":"<!-- This site is optimized with the Yoast SEO plugin v27.5 - https:\/\/yoast.com\/product\/yoast-seo-wordpress\/ -->\n<title>Kurd\u00eezan 1 - Gr\u00fbpek Niv\u00eeskar - www.shanabooks.de<\/title>\n<meta name=\"description\" content=\"Kurd\u00eezan 1 - Gr\u00fbpek Niv\u00eeskar Derbar\u00ea Kurd\u00eezan\u00ea daKurd\u00eezan bi hevkariya Tahirhari Aydin, Abdurrahman Adak \u00fb Miakail B\u00fclb\u00fcl ji bo asta destp\u00eak\u00ea ji du ...\" \/>\n<meta name=\"robots\" content=\"index, follow, max-snippet:-1, max-image-preview:large, max-video-preview:-1\" \/>\n<link rel=\"canonical\" href=\"https:\/\/shanabooks.de\/product\/kurdizan-1-grupek-niviskar\/\" \/>\n<meta property=\"og:locale\" content=\"de_DE\" \/>\n<meta property=\"og:type\" content=\"article\" \/>\n<meta property=\"og:title\" content=\"Kurd\u00eezan 1 - Gr\u00fbpek Niv\u00eeskar - www.shanabooks.de\" \/>\n<meta property=\"og:description\" content=\"Kurd\u00eezan 1 - Gr\u00fbpek Niv\u00eeskar Derbar\u00ea Kurd\u00eezan\u00ea daKurd\u00eezan bi hevkariya Tahirhari Aydin, Abdurrahman Adak \u00fb Miakail B\u00fclb\u00fcl ji bo asta destp\u00eak\u00ea ji du ...\" \/>\n<meta property=\"og:url\" content=\"https:\/\/shanabooks.de\/product\/kurdizan-1-grupek-niviskar\/\" \/>\n<meta property=\"og:site_name\" content=\"www.shanabooks.de\" \/>\n<meta property=\"article:modified_time\" content=\"2026-01-01T16:50:50+00:00\" \/>\n<meta property=\"og:image\" content=\"https:\/\/shanabooks.de\/wp-content\/uploads\/2024\/01\/Kurdizan-derse.png\" \/>\n\t<meta property=\"og:image:width\" content=\"318\" \/>\n\t<meta property=\"og:image:height\" content=\"477\" \/>\n\t<meta property=\"og:image:type\" content=\"image\/png\" \/>\n<meta name=\"twitter:card\" content=\"summary_large_image\" \/>\n<meta name=\"twitter:label1\" content=\"Gesch\u00e4tzte Lesezeit\" \/>\n\t<meta name=\"twitter:data1\" content=\"2\u00a0Minuten\" \/>\n<script type=\"application\/ld+json\" class=\"yoast-schema-graph\">{\"@context\":\"https:\\\/\\\/schema.org\",\"@graph\":[{\"@type\":\"WebPage\",\"@id\":\"https:\\\/\\\/shanabooks.de\\\/product\\\/kurdizan-1-grupek-niviskar\\\/\",\"url\":\"https:\\\/\\\/shanabooks.de\\\/product\\\/kurdizan-1-grupek-niviskar\\\/\",\"name\":\"Kurd\u00eezan 1 - Gr\u00fbpek Niv\u00eeskar - www.shanabooks.de\",\"isPartOf\":{\"@id\":\"https:\\\/\\\/shanabooks.de\\\/#website\"},\"primaryImageOfPage\":{\"@id\":\"https:\\\/\\\/shanabooks.de\\\/product\\\/kurdizan-1-grupek-niviskar\\\/#primaryimage\"},\"image\":{\"@id\":\"https:\\\/\\\/shanabooks.de\\\/product\\\/kurdizan-1-grupek-niviskar\\\/#primaryimage\"},\"thumbnailUrl\":\"https:\\\/\\\/shanabooks.de\\\/wp-content\\\/uploads\\\/2024\\\/01\\\/Kurdizan-derse.png\",\"datePublished\":\"2024-03-03T11:51:36+00:00\",\"dateModified\":\"2026-01-01T16:50:50+00:00\",\"description\":\"Kurd\u00eezan 1 - Gr\u00fbpek Niv\u00eeskar Derbar\u00ea Kurd\u00eezan\u00ea daKurd\u00eezan bi hevkariya Tahirhari Aydin, Abdurrahman Adak \u00fb Miakail B\u00fclb\u00fcl ji bo asta destp\u00eak\u00ea ji du ...\",\"breadcrumb\":{\"@id\":\"https:\\\/\\\/shanabooks.de\\\/product\\\/kurdizan-1-grupek-niviskar\\\/#breadcrumb\"},\"inLanguage\":\"de\",\"potentialAction\":[{\"@type\":\"ReadAction\",\"target\":[\"https:\\\/\\\/shanabooks.de\\\/product\\\/kurdizan-1-grupek-niviskar\\\/\"]}]},{\"@type\":\"ImageObject\",\"inLanguage\":\"de\",\"@id\":\"https:\\\/\\\/shanabooks.de\\\/product\\\/kurdizan-1-grupek-niviskar\\\/#primaryimage\",\"url\":\"https:\\\/\\\/shanabooks.de\\\/wp-content\\\/uploads\\\/2024\\\/01\\\/Kurdizan-derse.png\",\"contentUrl\":\"https:\\\/\\\/shanabooks.de\\\/wp-content\\\/uploads\\\/2024\\\/01\\\/Kurdizan-derse.png\",\"width\":318,\"height\":477,\"caption\":\"Kurd\u00eezan 1 (Pirt\u00fbka Ders\u00ea \u00fb Xebat\u00ea) - Tahirhari Aydin, Abdurrahman Adak, Miakail B\u00fclb\u00fcl - pirt\u00fbk\u00ean kurd\u00ee\"},{\"@type\":\"BreadcrumbList\",\"@id\":\"https:\\\/\\\/shanabooks.de\\\/product\\\/kurdizan-1-grupek-niviskar\\\/#breadcrumb\",\"itemListElement\":[{\"@type\":\"ListItem\",\"position\":1,\"name\":\"\u0627\u0644\u0631\u0626\u064a\u0633\u064a\u0629\",\"item\":\"https:\\\/\\\/shanabooks.de\\\/de\\\/\"},{\"@type\":\"ListItem\",\"position\":2,\"name\":\"\u0627\u0644\u0645\u0646\u062a\u062c\u0627\u062a\",\"item\":\"https:\\\/\\\/shanabooks.de\\\/shop\\\/\"},{\"@type\":\"ListItem\",\"position\":3,\"name\":\"Kurd\u00eezan 1\"}]},{\"@type\":\"WebSite\",\"@id\":\"https:\\\/\\\/shanabooks.de\\\/#website\",\"url\":\"https:\\\/\\\/shanabooks.de\\\/\",\"name\":\"www.shanbooks.de\",\"description\":\"C\u00eehana Pirt\u00fbk\u00ean Kurd\u00ee \u0645\u0643\u062a\u0628\u0629 \u0634\u0627\u0646\u0627 \u0641\u064a \u0627\u0644\u0645\u0627\u0646\u064a\u0627 \u0648\u0623\u0648\u0631\u0628\u0627\",\"publisher\":{\"@id\":\"https:\\\/\\\/shanabooks.de\\\/#organization\"},\"potentialAction\":[{\"@type\":\"SearchAction\",\"target\":{\"@type\":\"EntryPoint\",\"urlTemplate\":\"https:\\\/\\\/shanabooks.de\\\/?s={search_term_string}\"},\"query-input\":{\"@type\":\"PropertyValueSpecification\",\"valueRequired\":true,\"valueName\":\"search_term_string\"}}],\"inLanguage\":\"de\"},{\"@type\":\"Organization\",\"@id\":\"https:\\\/\\\/shanabooks.de\\\/#organization\",\"name\":\"www.shanbooks.de\",\"url\":\"https:\\\/\\\/shanabooks.de\\\/\",\"logo\":{\"@type\":\"ImageObject\",\"inLanguage\":\"de\",\"@id\":\"https:\\\/\\\/shanabooks.de\\\/#\\\/schema\\\/logo\\\/image\\\/\",\"url\":\"https:\\\/\\\/shanabooks.de\\\/wp-content\\\/uploads\\\/2024\\\/03\\\/SHANABOOKS__2_-removebg-preview.png\",\"contentUrl\":\"https:\\\/\\\/shanabooks.de\\\/wp-content\\\/uploads\\\/2024\\\/03\\\/SHANABOOKS__2_-removebg-preview.png\",\"width\":700,\"height\":150,\"caption\":\"www.shanbooks.de\"},\"image\":{\"@id\":\"https:\\\/\\\/shanabooks.de\\\/#\\\/schema\\\/logo\\\/image\\\/\"}}]}<\/script>\n<!-- \/ Yoast SEO plugin. -->","yoast_head_json":{"title":"Kurd\u00eezan 1 - Gr\u00fbpek Niv\u00eeskar - www.shanabooks.de","description":"Kurd\u00eezan 1 - Gr\u00fbpek Niv\u00eeskar Derbar\u00ea Kurd\u00eezan\u00ea daKurd\u00eezan bi hevkariya Tahirhari Aydin, Abdurrahman Adak \u00fb Miakail B\u00fclb\u00fcl ji bo asta destp\u00eak\u00ea ji du ...","robots":{"index":"index","follow":"follow","max-snippet":"max-snippet:-1","max-image-preview":"max-image-preview:large","max-video-preview":"max-video-preview:-1"},"canonical":"https:\/\/shanabooks.de\/product\/kurdizan-1-grupek-niviskar\/","og_locale":"de_DE","og_type":"article","og_title":"Kurd\u00eezan 1 - Gr\u00fbpek Niv\u00eeskar - www.shanabooks.de","og_description":"Kurd\u00eezan 1 - Gr\u00fbpek Niv\u00eeskar Derbar\u00ea Kurd\u00eezan\u00ea daKurd\u00eezan bi hevkariya Tahirhari Aydin, Abdurrahman Adak \u00fb Miakail B\u00fclb\u00fcl ji bo asta destp\u00eak\u00ea ji du ...","og_url":"https:\/\/shanabooks.de\/product\/kurdizan-1-grupek-niviskar\/","og_site_name":"www.shanabooks.de","article_modified_time":"2026-01-01T16:50:50+00:00","og_image":[{"width":318,"height":477,"url":"https:\/\/shanabooks.de\/wp-content\/uploads\/2024\/01\/Kurdizan-derse.png","type":"image\/png"}],"twitter_card":"summary_large_image","twitter_misc":{"Gesch\u00e4tzte Lesezeit":"2\u00a0Minuten"},"schema":{"@context":"https:\/\/schema.org","@graph":[{"@type":"WebPage","@id":"https:\/\/shanabooks.de\/product\/kurdizan-1-grupek-niviskar\/","url":"https:\/\/shanabooks.de\/product\/kurdizan-1-grupek-niviskar\/","name":"Kurd\u00eezan 1 - Gr\u00fbpek Niv\u00eeskar - www.shanabooks.de","isPartOf":{"@id":"https:\/\/shanabooks.de\/#website"},"primaryImageOfPage":{"@id":"https:\/\/shanabooks.de\/product\/kurdizan-1-grupek-niviskar\/#primaryimage"},"image":{"@id":"https:\/\/shanabooks.de\/product\/kurdizan-1-grupek-niviskar\/#primaryimage"},"thumbnailUrl":"https:\/\/shanabooks.de\/wp-content\/uploads\/2024\/01\/Kurdizan-derse.png","datePublished":"2024-03-03T11:51:36+00:00","dateModified":"2026-01-01T16:50:50+00:00","description":"Kurd\u00eezan 1 - Gr\u00fbpek Niv\u00eeskar Derbar\u00ea Kurd\u00eezan\u00ea daKurd\u00eezan bi hevkariya Tahirhari Aydin, Abdurrahman Adak \u00fb Miakail B\u00fclb\u00fcl ji bo asta destp\u00eak\u00ea ji du ...","breadcrumb":{"@id":"https:\/\/shanabooks.de\/product\/kurdizan-1-grupek-niviskar\/#breadcrumb"},"inLanguage":"de","potentialAction":[{"@type":"ReadAction","target":["https:\/\/shanabooks.de\/product\/kurdizan-1-grupek-niviskar\/"]}]},{"@type":"ImageObject","inLanguage":"de","@id":"https:\/\/shanabooks.de\/product\/kurdizan-1-grupek-niviskar\/#primaryimage","url":"https:\/\/shanabooks.de\/wp-content\/uploads\/2024\/01\/Kurdizan-derse.png","contentUrl":"https:\/\/shanabooks.de\/wp-content\/uploads\/2024\/01\/Kurdizan-derse.png","width":318,"height":477,"caption":"Kurd\u00eezan 1 (Pirt\u00fbka Ders\u00ea \u00fb Xebat\u00ea) - Tahirhari Aydin, Abdurrahman Adak, Miakail B\u00fclb\u00fcl - pirt\u00fbk\u00ean kurd\u00ee"},{"@type":"BreadcrumbList","@id":"https:\/\/shanabooks.de\/product\/kurdizan-1-grupek-niviskar\/#breadcrumb","itemListElement":[{"@type":"ListItem","position":1,"name":"\u0627\u0644\u0631\u0626\u064a\u0633\u064a\u0629","item":"https:\/\/shanabooks.de\/de\/"},{"@type":"ListItem","position":2,"name":"\u0627\u0644\u0645\u0646\u062a\u062c\u0627\u062a","item":"https:\/\/shanabooks.de\/shop\/"},{"@type":"ListItem","position":3,"name":"Kurd\u00eezan 1"}]},{"@type":"WebSite","@id":"https:\/\/shanabooks.de\/#website","url":"https:\/\/shanabooks.de\/","name":"www.shanbooks.de","description":"C\u00eehana Pirt\u00fbk\u00ean Kurd\u00ee \u0645\u0643\u062a\u0628\u0629 \u0634\u0627\u0646\u0627 \u0641\u064a \u0627\u0644\u0645\u0627\u0646\u064a\u0627 \u0648\u0623\u0648\u0631\u0628\u0627","publisher":{"@id":"https:\/\/shanabooks.de\/#organization"},"potentialAction":[{"@type":"SearchAction","target":{"@type":"EntryPoint","urlTemplate":"https:\/\/shanabooks.de\/?s={search_term_string}"},"query-input":{"@type":"PropertyValueSpecification","valueRequired":true,"valueName":"search_term_string"}}],"inLanguage":"de"},{"@type":"Organization","@id":"https:\/\/shanabooks.de\/#organization","name":"www.shanbooks.de","url":"https:\/\/shanabooks.de\/","logo":{"@type":"ImageObject","inLanguage":"de","@id":"https:\/\/shanabooks.de\/#\/schema\/logo\/image\/","url":"https:\/\/shanabooks.de\/wp-content\/uploads\/2024\/03\/SHANABOOKS__2_-removebg-preview.png","contentUrl":"https:\/\/shanabooks.de\/wp-content\/uploads\/2024\/03\/SHANABOOKS__2_-removebg-preview.png","width":700,"height":150,"caption":"www.shanbooks.de"},"image":{"@id":"https:\/\/shanabooks.de\/#\/schema\/logo\/image\/"}}]}},"jetpack_sharing_enabled":true,"_links":{"self":[{"href":"https:\/\/shanabooks.de\/de\/wp-json\/wp\/v2\/product\/11709","targetHints":{"allow":["GET"]}}],"collection":[{"href":"https:\/\/shanabooks.de\/de\/wp-json\/wp\/v2\/product"}],"about":[{"href":"https:\/\/shanabooks.de\/de\/wp-json\/wp\/v2\/types\/product"}],"version-history":[{"count":3,"href":"https:\/\/shanabooks.de\/de\/wp-json\/wp\/v2\/product\/11709\/revisions"}],"predecessor-version":[{"id":13898,"href":"https:\/\/shanabooks.de\/de\/wp-json\/wp\/v2\/product\/11709\/revisions\/13898"}],"wp:featuredmedia":[{"embeddable":true,"href":"https:\/\/shanabooks.de\/de\/wp-json\/wp\/v2\/media\/6526"}],"wp:attachment":[{"href":"https:\/\/shanabooks.de\/de\/wp-json\/wp\/v2\/media?parent=11709"}],"wp:term":[{"taxonomy":"product_brand","embeddable":true,"href":"https:\/\/shanabooks.de\/de\/wp-json\/wp\/v2\/product_brand?post=11709"},{"taxonomy":"product_cat","embeddable":true,"href":"https:\/\/shanabooks.de\/de\/wp-json\/wp\/v2\/product_cat?post=11709"},{"taxonomy":"product_tag","embeddable":true,"href":"https:\/\/shanabooks.de\/de\/wp-json\/wp\/v2\/product_tag?post=11709"}],"curies":[{"name":"wp","href":"https:\/\/api.w.org\/{rel}","templated":true}]}}