{"id":11712,"date":"2024-03-03T11:51:36","date_gmt":"2024-03-03T11:51:36","guid":{"rendered":"https:\/\/shanabooks.de\/?post_type=product&#038;p=11712"},"modified":"2026-01-01T16:45:17","modified_gmt":"2026-01-01T16:45:17","slug":"nav-di-zimane-kurdi-de-deham-ebdulfettah","status":"publish","type":"product","link":"https:\/\/shanabooks.de\/de\/product\/nav-di-zimane-kurdi-de-deham-ebdulfettah\/","title":{"rendered":"Nav di Ziman\u00ea Kurd\u00ee de"},"content":{"rendered":"<p style=\"text-align: left\"><strong>Nav di Ziman\u00ea Kurd\u00ee de &#8211; Deham Ebdulfettah<\/strong><\/p>\n<p style=\"text-align: left\"><span style=\"color: #333333;font-family: Verdana\">Xebat\u00ean Deham Ebdulfettah \u00ean r\u00eaziman\u00ee bi deh\u00ean salan in li ber deste xw\u00eener \u00fb h\u00eenkar\u00ean Kurd\u00ee<\/span><span style=\"color: #333333;font-family: Verdana\"> ne. H\u00een j\u00ee b\u00earawestan \u00fb bi h\u00fbrb\u00een\u00ee n\u00eaz\u00ee ar\u00ee\u015fey\u00ean r\u00eaziman dibe. Zanyar\u00ean ziman\u00ea Kurd\u00ee ji n\u00eaz ve di\u015fop\u00eene. Ew di kar\u00ea xwe de hem\u00ee zaravay\u00ean Kurdi dide ber \u00e7avan, bi m\u00eenak\u00ean h\u00eaja mijar\u00ean r\u00eaziman\u00ee zelal dike.<\/span><\/p>\n<p style=\"text-align: left\"><span style=\"color: #333333;font-family: Verdana\">Bi taybet\u00ee pirt\u00fbk\u00ean bi nav\u00ea Nav Di Ziman\u00ea Kurd\u00ee De, C\u00eenav Di Ziman\u00ea Kurd\u00ee De \u00fb Kar Di Ziman\u00ea Kurd\u00ee De di derbar\u00ea akadem\u00ee \u00fb zimannas\u00eey\u00ea de \u00e7avkan\u00eey\u00ean gelek\u00ee gir\u00eeng in.<\/span><\/p>\n","protected":false},"excerpt":{"rendered":"<p style=\"text-align: center\"><strong>Pirt\u00fbk: Nav di Ziman\u00ea Kurd\u00ee de<\/strong><br \/>\n<strong>Niv\u00eeskar: Deham Ebdulfettah<\/strong><br \/>\n<strong>Cure: R\u00eaziman<\/strong><\/p>\n","protected":false},"featured_media":6772,"template":"","meta":{"site-sidebar-layout":"default","site-content-layout":"","ast-site-content-layout":"default","site-content-style":"default","site-sidebar-style":"default","ast-global-header-display":"","ast-banner-title-visibility":"","ast-main-header-display":"","ast-hfb-above-header-display":"","ast-hfb-below-header-display":"","ast-hfb-mobile-header-display":"","site-post-title":"","ast-breadcrumbs-content":"","ast-featured-img":"","footer-sml-layout":"","ast-disable-related-posts":"","theme-transparent-header-meta":"default","adv-header-id-meta":"","stick-header-meta":"","header-above-stick-meta":"","header-main-stick-meta":"","header-below-stick-meta":"","astra-migrate-meta-layouts":"set","ast-page-background-enabled":"default","ast-page-background-meta":{"desktop":{"background-color":"","background-image":"","background-repeat":"repeat","background-position":"center center","background-size":"auto","background-attachment":"scroll","background-type":"","background-media":"","overlay-type":"","overlay-color":"","overlay-opacity":"","overlay-gradient":""},"tablet":{"background-color":"","background-image":"","background-repeat":"repeat","background-position":"center center","background-size":"auto","background-attachment":"scroll","background-type":"","background-media":"","overlay-type":"","overlay-color":"","overlay-opacity":"","overlay-gradient":""},"mobile":{"background-color":"","background-image":"","background-repeat":"repeat","background-position":"center center","background-size":"auto","background-attachment":"scroll","background-type":"","background-media":"","overlay-type":"","overlay-color":"","overlay-opacity":"","overlay-gradient":""}},"ast-content-background-meta":{"desktop":{"background-color":"var(--ast-global-color-5)","background-image":"","background-repeat":"repeat","background-position":"center center","background-size":"auto","background-attachment":"scroll","background-type":"","background-media":"","overlay-type":"","overlay-color":"","overlay-opacity":"","overlay-gradient":""},"tablet":{"background-color":"var(--ast-global-color-5)","background-image":"","background-repeat":"repeat","background-position":"center center","background-size":"auto","background-attachment":"scroll","background-type":"","background-media":"","overlay-type":"","overlay-color":"","overlay-opacity":"","overlay-gradient":""},"mobile":{"background-color":"var(--ast-global-color-5)","background-image":"","background-repeat":"repeat","background-position":"center center","background-size":"auto","background-attachment":"scroll","background-type":"","background-media":"","overlay-type":"","overlay-color":"","overlay-opacity":"","overlay-gradient":""}}},"product_brand":[],"product_cat":[177,193],"product_tag":[],"class_list":{"0":"post-11712","1":"product","2":"type-product","3":"status-publish","4":"has-post-thumbnail","6":"product_cat--_","8":"pa_-reziman","9":"pa_-deham-ebdulfettah","10":"pa_-kurmanci","11":"pa_--lis-yayinevi","12":"desktop-align-left","13":"tablet-align-left","14":"mobile-align-left","16":"first","17":"instock","18":"shipping-taxable","19":"purchasable","20":"product-type-simple"},"yoast_head":"<!-- This site is optimized with the Yoast SEO plugin v27.5 - https:\/\/yoast.com\/product\/yoast-seo-wordpress\/ -->\n<title>Nav di Ziman\u00ea Kurd\u00ee de - Deham Ebdulfettah - www.shanabooks.de<\/title>\n<meta name=\"description\" content=\"Nav di Ziman\u00ea Kurd\u00ee de - Deham Ebdulfettah Xebat\u00ean Deham Ebdulfettah \u00ean r\u00eaziman\u00ee bi deh\u00ean salan in li ber deste xw\u00eener \u00fb h\u00eenkar\u00ean Kurd\u00ee ne. H\u00een j\u00ee b\u00earawe...\" \/>\n<meta name=\"robots\" content=\"index, follow, max-snippet:-1, max-image-preview:large, max-video-preview:-1\" \/>\n<link rel=\"canonical\" href=\"https:\/\/shanabooks.de\/product\/nav-di-zimane-kurdi-de-deham-ebdulfettah\/\" \/>\n<meta property=\"og:locale\" content=\"de_DE\" \/>\n<meta property=\"og:type\" content=\"article\" \/>\n<meta property=\"og:title\" content=\"Nav di Ziman\u00ea Kurd\u00ee de - Deham Ebdulfettah - www.shanabooks.de\" \/>\n<meta property=\"og:description\" content=\"Nav di Ziman\u00ea Kurd\u00ee de - Deham Ebdulfettah Xebat\u00ean Deham Ebdulfettah \u00ean r\u00eaziman\u00ee bi deh\u00ean salan in li ber deste xw\u00eener \u00fb h\u00eenkar\u00ean Kurd\u00ee ne. H\u00een j\u00ee b\u00earawe...\" \/>\n<meta property=\"og:url\" content=\"https:\/\/shanabooks.de\/product\/nav-di-zimane-kurdi-de-deham-ebdulfettah\/\" \/>\n<meta property=\"og:site_name\" content=\"www.shanabooks.de\" \/>\n<meta property=\"article:modified_time\" content=\"2026-01-01T16:45:17+00:00\" \/>\n<meta property=\"og:image\" content=\"https:\/\/shanabooks.de\/wp-content\/uploads\/2024\/01\/nav-Deham-Ebdulfettah-e1706964777701.jpg\" \/>\n\t<meta property=\"og:image:width\" content=\"276\" \/>\n\t<meta property=\"og:image:height\" content=\"430\" \/>\n\t<meta property=\"og:image:type\" content=\"image\/jpeg\" \/>\n<meta name=\"twitter:card\" content=\"summary_large_image\" \/>\n<meta name=\"twitter:label1\" content=\"Gesch\u00e4tzte Lesezeit\" \/>\n\t<meta name=\"twitter:data1\" content=\"1\u00a0Minute\" \/>\n<script type=\"application\/ld+json\" class=\"yoast-schema-graph\">{\"@context\":\"https:\\\/\\\/schema.org\",\"@graph\":[{\"@type\":\"WebPage\",\"@id\":\"https:\\\/\\\/shanabooks.de\\\/product\\\/nav-di-zimane-kurdi-de-deham-ebdulfettah\\\/\",\"url\":\"https:\\\/\\\/shanabooks.de\\\/product\\\/nav-di-zimane-kurdi-de-deham-ebdulfettah\\\/\",\"name\":\"Nav di Ziman\u00ea Kurd\u00ee de - Deham Ebdulfettah - www.shanabooks.de\",\"isPartOf\":{\"@id\":\"https:\\\/\\\/shanabooks.de\\\/#website\"},\"primaryImageOfPage\":{\"@id\":\"https:\\\/\\\/shanabooks.de\\\/product\\\/nav-di-zimane-kurdi-de-deham-ebdulfettah\\\/#primaryimage\"},\"image\":{\"@id\":\"https:\\\/\\\/shanabooks.de\\\/product\\\/nav-di-zimane-kurdi-de-deham-ebdulfettah\\\/#primaryimage\"},\"thumbnailUrl\":\"https:\\\/\\\/shanabooks.de\\\/wp-content\\\/uploads\\\/2024\\\/01\\\/nav-Deham-Ebdulfettah-e1706964777701.jpg\",\"datePublished\":\"2024-03-03T11:51:36+00:00\",\"dateModified\":\"2026-01-01T16:45:17+00:00\",\"description\":\"Nav di Ziman\u00ea Kurd\u00ee de - Deham Ebdulfettah Xebat\u00ean Deham Ebdulfettah \u00ean r\u00eaziman\u00ee bi deh\u00ean salan in li ber deste xw\u00eener \u00fb h\u00eenkar\u00ean Kurd\u00ee ne. H\u00een j\u00ee b\u00earawe...\",\"breadcrumb\":{\"@id\":\"https:\\\/\\\/shanabooks.de\\\/product\\\/nav-di-zimane-kurdi-de-deham-ebdulfettah\\\/#breadcrumb\"},\"inLanguage\":\"de\",\"potentialAction\":[{\"@type\":\"ReadAction\",\"target\":[\"https:\\\/\\\/shanabooks.de\\\/product\\\/nav-di-zimane-kurdi-de-deham-ebdulfettah\\\/\"]}]},{\"@type\":\"ImageObject\",\"inLanguage\":\"de\",\"@id\":\"https:\\\/\\\/shanabooks.de\\\/product\\\/nav-di-zimane-kurdi-de-deham-ebdulfettah\\\/#primaryimage\",\"url\":\"https:\\\/\\\/shanabooks.de\\\/wp-content\\\/uploads\\\/2024\\\/01\\\/nav-Deham-Ebdulfettah-e1706964777701.jpg\",\"contentUrl\":\"https:\\\/\\\/shanabooks.de\\\/wp-content\\\/uploads\\\/2024\\\/01\\\/nav-Deham-Ebdulfettah-e1706964777701.jpg\",\"width\":276,\"height\":430,\"caption\":\"Nav di Ziman\u00ea Kurd\u00ee de - Deham Ebdulfettah - pirt\u00fbk\u00ean Kurd\u00ee\"},{\"@type\":\"BreadcrumbList\",\"@id\":\"https:\\\/\\\/shanabooks.de\\\/product\\\/nav-di-zimane-kurdi-de-deham-ebdulfettah\\\/#breadcrumb\",\"itemListElement\":[{\"@type\":\"ListItem\",\"position\":1,\"name\":\"\u0627\u0644\u0631\u0626\u064a\u0633\u064a\u0629\",\"item\":\"https:\\\/\\\/shanabooks.de\\\/de\\\/\"},{\"@type\":\"ListItem\",\"position\":2,\"name\":\"\u0627\u0644\u0645\u0646\u062a\u062c\u0627\u062a\",\"item\":\"https:\\\/\\\/shanabooks.de\\\/shop\\\/\"},{\"@type\":\"ListItem\",\"position\":3,\"name\":\"Nav di Ziman\u00ea Kurd\u00ee de\"}]},{\"@type\":\"WebSite\",\"@id\":\"https:\\\/\\\/shanabooks.de\\\/#website\",\"url\":\"https:\\\/\\\/shanabooks.de\\\/\",\"name\":\"www.shanbooks.de\",\"description\":\"C\u00eehana Pirt\u00fbk\u00ean Kurd\u00ee \u0645\u0643\u062a\u0628\u0629 \u0634\u0627\u0646\u0627 \u0641\u064a \u0627\u0644\u0645\u0627\u0646\u064a\u0627 \u0648\u0623\u0648\u0631\u0628\u0627\",\"publisher\":{\"@id\":\"https:\\\/\\\/shanabooks.de\\\/#organization\"},\"potentialAction\":[{\"@type\":\"SearchAction\",\"target\":{\"@type\":\"EntryPoint\",\"urlTemplate\":\"https:\\\/\\\/shanabooks.de\\\/?s={search_term_string}\"},\"query-input\":{\"@type\":\"PropertyValueSpecification\",\"valueRequired\":true,\"valueName\":\"search_term_string\"}}],\"inLanguage\":\"de\"},{\"@type\":\"Organization\",\"@id\":\"https:\\\/\\\/shanabooks.de\\\/#organization\",\"name\":\"www.shanbooks.de\",\"url\":\"https:\\\/\\\/shanabooks.de\\\/\",\"logo\":{\"@type\":\"ImageObject\",\"inLanguage\":\"de\",\"@id\":\"https:\\\/\\\/shanabooks.de\\\/#\\\/schema\\\/logo\\\/image\\\/\",\"url\":\"https:\\\/\\\/shanabooks.de\\\/wp-content\\\/uploads\\\/2024\\\/03\\\/SHANABOOKS__2_-removebg-preview.png\",\"contentUrl\":\"https:\\\/\\\/shanabooks.de\\\/wp-content\\\/uploads\\\/2024\\\/03\\\/SHANABOOKS__2_-removebg-preview.png\",\"width\":700,\"height\":150,\"caption\":\"www.shanbooks.de\"},\"image\":{\"@id\":\"https:\\\/\\\/shanabooks.de\\\/#\\\/schema\\\/logo\\\/image\\\/\"}}]}<\/script>\n<!-- \/ Yoast SEO plugin. -->","yoast_head_json":{"title":"Nav di Ziman\u00ea Kurd\u00ee de - Deham Ebdulfettah - www.shanabooks.de","description":"Nav di Ziman\u00ea Kurd\u00ee de - Deham Ebdulfettah Xebat\u00ean Deham Ebdulfettah \u00ean r\u00eaziman\u00ee bi deh\u00ean salan in li ber deste xw\u00eener \u00fb h\u00eenkar\u00ean Kurd\u00ee ne. H\u00een j\u00ee b\u00earawe...","robots":{"index":"index","follow":"follow","max-snippet":"max-snippet:-1","max-image-preview":"max-image-preview:large","max-video-preview":"max-video-preview:-1"},"canonical":"https:\/\/shanabooks.de\/product\/nav-di-zimane-kurdi-de-deham-ebdulfettah\/","og_locale":"de_DE","og_type":"article","og_title":"Nav di Ziman\u00ea Kurd\u00ee de - Deham Ebdulfettah - www.shanabooks.de","og_description":"Nav di Ziman\u00ea Kurd\u00ee de - Deham Ebdulfettah Xebat\u00ean Deham Ebdulfettah \u00ean r\u00eaziman\u00ee bi deh\u00ean salan in li ber deste xw\u00eener \u00fb h\u00eenkar\u00ean Kurd\u00ee ne. H\u00een j\u00ee b\u00earawe...","og_url":"https:\/\/shanabooks.de\/product\/nav-di-zimane-kurdi-de-deham-ebdulfettah\/","og_site_name":"www.shanabooks.de","article_modified_time":"2026-01-01T16:45:17+00:00","og_image":[{"width":276,"height":430,"url":"https:\/\/shanabooks.de\/wp-content\/uploads\/2024\/01\/nav-Deham-Ebdulfettah-e1706964777701.jpg","type":"image\/jpeg"}],"twitter_card":"summary_large_image","twitter_misc":{"Gesch\u00e4tzte Lesezeit":"1\u00a0Minute"},"schema":{"@context":"https:\/\/schema.org","@graph":[{"@type":"WebPage","@id":"https:\/\/shanabooks.de\/product\/nav-di-zimane-kurdi-de-deham-ebdulfettah\/","url":"https:\/\/shanabooks.de\/product\/nav-di-zimane-kurdi-de-deham-ebdulfettah\/","name":"Nav di Ziman\u00ea Kurd\u00ee de - Deham Ebdulfettah - www.shanabooks.de","isPartOf":{"@id":"https:\/\/shanabooks.de\/#website"},"primaryImageOfPage":{"@id":"https:\/\/shanabooks.de\/product\/nav-di-zimane-kurdi-de-deham-ebdulfettah\/#primaryimage"},"image":{"@id":"https:\/\/shanabooks.de\/product\/nav-di-zimane-kurdi-de-deham-ebdulfettah\/#primaryimage"},"thumbnailUrl":"https:\/\/shanabooks.de\/wp-content\/uploads\/2024\/01\/nav-Deham-Ebdulfettah-e1706964777701.jpg","datePublished":"2024-03-03T11:51:36+00:00","dateModified":"2026-01-01T16:45:17+00:00","description":"Nav di Ziman\u00ea Kurd\u00ee de - Deham Ebdulfettah Xebat\u00ean Deham Ebdulfettah \u00ean r\u00eaziman\u00ee bi deh\u00ean salan in li ber deste xw\u00eener \u00fb h\u00eenkar\u00ean Kurd\u00ee ne. H\u00een j\u00ee b\u00earawe...","breadcrumb":{"@id":"https:\/\/shanabooks.de\/product\/nav-di-zimane-kurdi-de-deham-ebdulfettah\/#breadcrumb"},"inLanguage":"de","potentialAction":[{"@type":"ReadAction","target":["https:\/\/shanabooks.de\/product\/nav-di-zimane-kurdi-de-deham-ebdulfettah\/"]}]},{"@type":"ImageObject","inLanguage":"de","@id":"https:\/\/shanabooks.de\/product\/nav-di-zimane-kurdi-de-deham-ebdulfettah\/#primaryimage","url":"https:\/\/shanabooks.de\/wp-content\/uploads\/2024\/01\/nav-Deham-Ebdulfettah-e1706964777701.jpg","contentUrl":"https:\/\/shanabooks.de\/wp-content\/uploads\/2024\/01\/nav-Deham-Ebdulfettah-e1706964777701.jpg","width":276,"height":430,"caption":"Nav di Ziman\u00ea Kurd\u00ee de - Deham Ebdulfettah - pirt\u00fbk\u00ean Kurd\u00ee"},{"@type":"BreadcrumbList","@id":"https:\/\/shanabooks.de\/product\/nav-di-zimane-kurdi-de-deham-ebdulfettah\/#breadcrumb","itemListElement":[{"@type":"ListItem","position":1,"name":"\u0627\u0644\u0631\u0626\u064a\u0633\u064a\u0629","item":"https:\/\/shanabooks.de\/de\/"},{"@type":"ListItem","position":2,"name":"\u0627\u0644\u0645\u0646\u062a\u062c\u0627\u062a","item":"https:\/\/shanabooks.de\/shop\/"},{"@type":"ListItem","position":3,"name":"Nav di Ziman\u00ea Kurd\u00ee de"}]},{"@type":"WebSite","@id":"https:\/\/shanabooks.de\/#website","url":"https:\/\/shanabooks.de\/","name":"www.shanbooks.de","description":"C\u00eehana Pirt\u00fbk\u00ean Kurd\u00ee \u0645\u0643\u062a\u0628\u0629 \u0634\u0627\u0646\u0627 \u0641\u064a \u0627\u0644\u0645\u0627\u0646\u064a\u0627 \u0648\u0623\u0648\u0631\u0628\u0627","publisher":{"@id":"https:\/\/shanabooks.de\/#organization"},"potentialAction":[{"@type":"SearchAction","target":{"@type":"EntryPoint","urlTemplate":"https:\/\/shanabooks.de\/?s={search_term_string}"},"query-input":{"@type":"PropertyValueSpecification","valueRequired":true,"valueName":"search_term_string"}}],"inLanguage":"de"},{"@type":"Organization","@id":"https:\/\/shanabooks.de\/#organization","name":"www.shanbooks.de","url":"https:\/\/shanabooks.de\/","logo":{"@type":"ImageObject","inLanguage":"de","@id":"https:\/\/shanabooks.de\/#\/schema\/logo\/image\/","url":"https:\/\/shanabooks.de\/wp-content\/uploads\/2024\/03\/SHANABOOKS__2_-removebg-preview.png","contentUrl":"https:\/\/shanabooks.de\/wp-content\/uploads\/2024\/03\/SHANABOOKS__2_-removebg-preview.png","width":700,"height":150,"caption":"www.shanbooks.de"},"image":{"@id":"https:\/\/shanabooks.de\/#\/schema\/logo\/image\/"}}]}},"jetpack_sharing_enabled":true,"_links":{"self":[{"href":"https:\/\/shanabooks.de\/de\/wp-json\/wp\/v2\/product\/11712","targetHints":{"allow":["GET"]}}],"collection":[{"href":"https:\/\/shanabooks.de\/de\/wp-json\/wp\/v2\/product"}],"about":[{"href":"https:\/\/shanabooks.de\/de\/wp-json\/wp\/v2\/types\/product"}],"version-history":[{"count":2,"href":"https:\/\/shanabooks.de\/de\/wp-json\/wp\/v2\/product\/11712\/revisions"}],"predecessor-version":[{"id":13894,"href":"https:\/\/shanabooks.de\/de\/wp-json\/wp\/v2\/product\/11712\/revisions\/13894"}],"wp:featuredmedia":[{"embeddable":true,"href":"https:\/\/shanabooks.de\/de\/wp-json\/wp\/v2\/media\/6772"}],"wp:attachment":[{"href":"https:\/\/shanabooks.de\/de\/wp-json\/wp\/v2\/media?parent=11712"}],"wp:term":[{"taxonomy":"product_brand","embeddable":true,"href":"https:\/\/shanabooks.de\/de\/wp-json\/wp\/v2\/product_brand?post=11712"},{"taxonomy":"product_cat","embeddable":true,"href":"https:\/\/shanabooks.de\/de\/wp-json\/wp\/v2\/product_cat?post=11712"},{"taxonomy":"product_tag","embeddable":true,"href":"https:\/\/shanabooks.de\/de\/wp-json\/wp\/v2\/product_tag?post=11712"}],"curies":[{"name":"wp","href":"https:\/\/api.w.org\/{rel}","templated":true}]}}