{"id":11789,"date":"2024-03-03T19:38:05","date_gmt":"2024-03-03T19:38:05","guid":{"rendered":"https:\/\/shanabooks.de\/?post_type=product&#038;p=11789"},"modified":"2024-05-04T09:57:39","modified_gmt":"2024-05-04T09:57:39","slug":"%d9%81%d9%8a%d8%b1%d9%88%d9%86%d9%8a%d9%83%d8%a7-%d8%aa%d9%82%d8%b1%d8%b1-%d8%a3%d9%86-%d8%aa%d9%85%d9%88%d8%aa-%d8%a8%d8%a7%d9%88%d9%84%d9%88-%d9%83%d9%88%d9%8a%d9%84%d9%88","status":"publish","type":"product","link":"https:\/\/shanabooks.de\/de\/product\/%d9%81%d9%8a%d8%b1%d9%88%d9%86%d9%8a%d9%83%d8%a7-%d8%aa%d9%82%d8%b1%d8%b1-%d8%a3%d9%86-%d8%aa%d9%85%d9%88%d8%aa-%d8%a8%d8%a7%d9%88%d9%84%d9%88-%d9%83%d9%88%d9%8a%d9%84%d9%88\/","title":{"rendered":"\u0641\u064a\u0631\u0648\u0646\u064a\u0643\u0627 \u062a\u0642\u0631\u0631 \u0623\u0646 \u062a\u0645\u0648\u062a!"},"content":{"rendered":"<p><strong>\u0641\u064a\u0631\u0648\u0646\u064a\u0643\u0627 \u062a\u0642\u0631\u0631 \u0623\u0646 \u062a\u0645\u0648\u062a &#8211; \u0628\u0627\u0648\u0644\u0648 \u0643\u0648\u064a\u0644\u0648<\/strong><\/p>\n<p>\u0628\u0627\u062e\u062a\u0635\u0627\u0631 \u062a\u062d\u0643\u064a \u0639\u0646 \u0641\u064a\u0631\u0648\u0646\u0643\u0627 \u0627\u0644\u0641\u062a\u0627\u0629 \u0627\u0644\u0634\u0627\u0628\u0629 \u0627\u0644\u0645\u062d\u0627\u0637\u0629 \u0628\u0643\u0644 \u0648\u0633\u0627\u0626\u0644 \u0627\u0644\u0631\u0641\u0627\u0647\u064a\u0629 \u0644\u062f\u0631\u062c\u0629 \u0623\u0646\u0647\u0627 \u062a\u0642\u0631\u0631 \u0627\u0644\u0627\u0646\u062a\u062d\u0627\u0631 \u0645\u0646 \u0641\u0631\u0637 \u0627\u0644\u0645\u0644\u0644. \u0648\u062a\u0631\u0633\u0644 \u0625\u0644\u0649 \u0645\u062c\u0644\u0629 \u0645\u062f\u0639\u064a\u0629 \u0623\u0646\u0647\u0627 \u0627\u0646\u062a\u062d\u0631\u062a \u0644\u0623\u0646 \u0627\u0644\u0646\u0627\u0633 \u0644\u0627 \u062a\u0639\u0631\u0641 \u0623\u064a\u0646 \u062a\u0642\u0639 \u062f\u0648\u0644\u0629 \u0633\u0644\u0648\u0641\u064a\u0646\u064a\u0627! \u0641\u062a\u0628\u062a\u0644\u0639 \u0623\u0642\u0631\u0627\u0635 \u0645\u0646\u0648\u0645\u0629 \u0644\u0643\u0646\u0647\u0627 \u062a\u0641\u062a\u062d \u0639\u064a\u0646\u064a\u0647\u0627 \u0644\u062a\u062c\u062f \u0623\u0646\u0647\u0627 \u0641\u0649 \u0645\u0635\u062d \u0644\u0644\u0623\u0645\u0631\u0627\u0636 \u0627\u0644\u0639\u0642\u0644\u064a\u0629 -\u062d\u064a\u062b \u062a\u062f\u0648\u0631 \u0623\u062d\u062f\u0627\u062b \u0627\u0644\u0631\u0648\u0627\u064a\u0629- \u0648\u0647\u0646\u0627\u0643 \u064a\u062e\u0628\u0631\u0647\u0627 \u0627\u0644\u0623\u0637\u0628\u0627\u0621 \u0623\u0646\u0647\u0627 \u0633\u062a\u0645\u0648\u062a \u0628\u0639\u062f \u0633\u0628\u0639\u0629 \u0623\u064a\u0627\u0645 \u0648\u0647\u064a \u0627\u0644\u0641\u062a\u0631\u0629 \u0627\u0644\u0632\u0645\u0646\u064a\u0629 \u0627\u0644\u062a\u064a \u062a\u0633\u062a\u063a\u0631\u0642\u0647\u0627 \u0623\u062d\u062f\u0627\u062b \u0627\u0644\u0631\u0648\u0627\u064a\u0629.<\/p>\n<p>&#8222;\u0643\u0644 \u0645\u0646 \u064a\u0639\u064a\u0634 \u0641\u064a \u0639\u0627\u0644\u0645\u0647 \u0627\u0644\u062e\u0627\u0635 \u064a\u0643\u0648\u0646 \u0645\u062c\u0646\u0648\u0646\u0627. \u0643\u0627\u0644\u0641\u0635\u0627\u0645\u064a\u064a\u0646 \u0623\u0648 \u0627\u0644\u0645\u0636\u0637\u0631\u0628\u064a\u0646 \u0639\u0642\u0644\u064a\u0627 \u0623\u0648 \u0627\u0644\u0645\u0647\u0648\u0648\u0633\u064a\u0646. \u0623\u0639\u0646\u064a \u0627\u0644\u0623\u0634\u062e\u0627\u0635 \u0627\u0644\u0645\u062e\u062a\u0644\u0641\u064a\u0646 \u0639\u0646 \u063a\u064a\u0631\u0647\u0645..&#8220;<br \/>\n\u0641\u064a\u0631\u0648\u0646\u064a\u0643\u0627 \u062a\u0642\u0631\u0631 \u0623\u0646 \u062a\u0645\u0648\u062a<\/p>\n","protected":false},"excerpt":{"rendered":"<p style=\"text-align: center;\"><strong>\u0627\u0644\u0643\u0627\u062a\u0628: \u0641\u064a\u0631\u0648\u0646\u064a\u0643\u0627 \u062a\u0642\u0631\u0631 \u0623\u0646 \u062a\u0645\u0648\u062a\u00a0<\/strong><br \/>\n<strong>\u0627\u0644\u0643\u062a\u0627\u0628: \u0628\u0627\u0648\u0644\u0648 \u0643\u0648\u064a\u0644\u0648<\/strong><br \/>\n<strong>\u0627\u0644\u0646\u0648\u0639: \u0631\u0648\u0627\u064a\u0629<\/strong><\/p>\n","protected":false},"featured_media":11821,"template":"","meta":{"site-sidebar-layout":"default","site-content-layout":"","ast-site-content-layout":"default","site-content-style":"default","site-sidebar-style":"default","ast-global-header-display":"","ast-banner-title-visibility":"","ast-main-header-display":"","ast-hfb-above-header-display":"","ast-hfb-below-header-display":"","ast-hfb-mobile-header-display":"","site-post-title":"","ast-breadcrumbs-content":"","ast-featured-img":"","footer-sml-layout":"","ast-disable-related-posts":"","theme-transparent-header-meta":"default","adv-header-id-meta":"","stick-header-meta":"","header-above-stick-meta":"","header-main-stick-meta":"","header-below-stick-meta":"","astra-migrate-meta-layouts":"set","ast-page-background-enabled":"default","ast-page-background-meta":{"desktop":{"background-color":"","background-image":"","background-repeat":"repeat","background-position":"center center","background-size":"auto","background-attachment":"scroll","background-type":"","background-media":"","overlay-type":"","overlay-color":"","overlay-opacity":"","overlay-gradient":""},"tablet":{"background-color":"","background-image":"","background-repeat":"repeat","background-position":"center center","background-size":"auto","background-attachment":"scroll","background-type":"","background-media":"","overlay-type":"","overlay-color":"","overlay-opacity":"","overlay-gradient":""},"mobile":{"background-color":"","background-image":"","background-repeat":"repeat","background-position":"center center","background-size":"auto","background-attachment":"scroll","background-type":"","background-media":"","overlay-type":"","overlay-color":"","overlay-opacity":"","overlay-gradient":""}},"ast-content-background-meta":{"desktop":{"background-color":"var(--ast-global-color-5)","background-image":"","background-repeat":"repeat","background-position":"center center","background-size":"auto","background-attachment":"scroll","background-type":"","background-media":"","overlay-type":"","overlay-color":"","overlay-opacity":"","overlay-gradient":""},"tablet":{"background-color":"var(--ast-global-color-5)","background-image":"","background-repeat":"repeat","background-position":"center center","background-size":"auto","background-attachment":"scroll","background-type":"","background-media":"","overlay-type":"","overlay-color":"","overlay-opacity":"","overlay-gradient":""},"mobile":{"background-color":"var(--ast-global-color-5)","background-image":"","background-repeat":"repeat","background-position":"center center","background-size":"auto","background-attachment":"scroll","background-type":"","background-media":"","overlay-type":"","overlay-color":"","overlay-opacity":"","overlay-gradient":""}}},"product_brand":[],"product_cat":[165,192],"product_tag":[],"class_list":{"0":"post-11789","1":"product","2":"type-product","3":"status-publish","4":"has-post-thumbnail","6":"product_cat-165","7":"product_cat-192","8":"pa_-156","9":"pa_-1181","10":"pa_-1318","11":"pa_-347","12":"pa_--1572","13":"desktop-align-left","14":"tablet-align-left","15":"mobile-align-left","17":"first","18":"outofstock","19":"shipping-taxable","20":"purchasable","21":"product-type-simple"},"yoast_head":"<!-- This site is optimized with the Yoast SEO plugin v27.4 - https:\/\/yoast.com\/product\/yoast-seo-wordpress\/ -->\n<title>\u0641\u064a\u0631\u0648\u0646\u064a\u0643\u0627 \u062a\u0642\u0631\u0631 \u0623\u0646 \u062a\u0645\u0648\u062a - \u0628\u0627\u0648\u0644\u0648 \u0643\u0648\u064a\u0644\u0648 - www.shanabooks.de<\/title>\n<meta name=\"description\" content=\"\u0641\u064a\u0631\u0648\u0646\u064a\u0643\u0627 \u062a\u0642\u0631\u0631 \u0623\u0646 \u062a\u0645\u0648\u062a - \u0628\u0627\u0648\u0644\u0648 \u0643\u0648\u064a\u0644\u0648 \u0628\u0627\u062e\u062a\u0635\u0627\u0631 \u062a\u062d\u0643\u064a \u0639\u0646 \u0641\u064a\u0631\u0648\u0646\u0643\u0627 \u0627\u0644\u0641\u062a\u0627\u0629 \u0627\u0644\u0634\u0627\u0628\u0629 \u0627\u0644\u0645\u062d\u0627\u0637\u0629 \u0628\u0643\u0644 \u0648\u0633\u0627\u0626\u0644 \u0627\u0644\u0631\u0641\u0627\u0647\u064a\u0629 \u0644\u062f\u0631\u062c\u0629 \u0623\u0646\u0647\u0627 \u062a\u0642\u0631\u0631 \u0627\u0644\u0627\u0646\u062a\u062d\u0627\u0631 \u0645\u0646 \u0641\u0631\u0637 \u0627\u0644\u0645\u0644\u0644. \u0648\u062a\u0631\u0633\u0644 \u0625\u0644\u0649 \u0645\u062c\u0644\u0629..\" \/>\n<meta name=\"robots\" content=\"index, follow, max-snippet:-1, max-image-preview:large, max-video-preview:-1\" \/>\n<link rel=\"canonical\" href=\"https:\/\/shanabooks.de\/product\/\u0641\u064a\u0631\u0648\u0646\u064a\u0643\u0627-\u062a\u0642\u0631\u0631-\u0623\u0646-\u062a\u0645\u0648\u062a-\u0628\u0627\u0648\u0644\u0648-\u0643\u0648\u064a\u0644\u0648\/\" \/>\n<meta property=\"og:locale\" content=\"de_DE\" \/>\n<meta property=\"og:type\" content=\"article\" \/>\n<meta property=\"og:title\" content=\"\u0641\u064a\u0631\u0648\u0646\u064a\u0643\u0627 \u062a\u0642\u0631\u0631 \u0623\u0646 \u062a\u0645\u0648\u062a - \u0628\u0627\u0648\u0644\u0648 \u0643\u0648\u064a\u0644\u0648 - www.shanabooks.de\" \/>\n<meta property=\"og:description\" content=\"\u0641\u064a\u0631\u0648\u0646\u064a\u0643\u0627 \u062a\u0642\u0631\u0631 \u0623\u0646 \u062a\u0645\u0648\u062a - \u0628\u0627\u0648\u0644\u0648 \u0643\u0648\u064a\u0644\u0648 \u0628\u0627\u062e\u062a\u0635\u0627\u0631 \u062a\u062d\u0643\u064a \u0639\u0646 \u0641\u064a\u0631\u0648\u0646\u0643\u0627 \u0627\u0644\u0641\u062a\u0627\u0629 \u0627\u0644\u0634\u0627\u0628\u0629 \u0627\u0644\u0645\u062d\u0627\u0637\u0629 \u0628\u0643\u0644 \u0648\u0633\u0627\u0626\u0644 \u0627\u0644\u0631\u0641\u0627\u0647\u064a\u0629 \u0644\u062f\u0631\u062c\u0629 \u0623\u0646\u0647\u0627 \u062a\u0642\u0631\u0631 \u0627\u0644\u0627\u0646\u062a\u062d\u0627\u0631 \u0645\u0646 \u0641\u0631\u0637 \u0627\u0644\u0645\u0644\u0644. \u0648\u062a\u0631\u0633\u0644 \u0625\u0644\u0649 \u0645\u062c\u0644\u0629..\" \/>\n<meta property=\"og:url\" content=\"https:\/\/shanabooks.de\/product\/\u0641\u064a\u0631\u0648\u0646\u064a\u0643\u0627-\u062a\u0642\u0631\u0631-\u0623\u0646-\u062a\u0645\u0648\u062a-\u0628\u0627\u0648\u0644\u0648-\u0643\u0648\u064a\u0644\u0648\/\" \/>\n<meta property=\"og:site_name\" content=\"www.shanabooks.de\" \/>\n<meta property=\"article:modified_time\" content=\"2024-05-04T09:57:39+00:00\" \/>\n<meta property=\"og:image\" content=\"https:\/\/shanabooks.de\/wp-content\/uploads\/2024\/03\/\u0641\u064a\u0631\u0648\u0646\u064a\u0643\u0627-\u062a\u0642\u0631\u0631-\u0623\u0646-\u062a\u0645\u0648\u062a.jpg\" \/>\n\t<meta property=\"og:image:width\" content=\"1583\" \/>\n\t<meta property=\"og:image:height\" content=\"2432\" \/>\n\t<meta property=\"og:image:type\" content=\"image\/jpeg\" \/>\n<meta name=\"twitter:card\" content=\"summary_large_image\" \/>\n<meta name=\"twitter:label1\" content=\"Gesch\u00e4tzte Lesezeit\" \/>\n\t<meta name=\"twitter:data1\" content=\"1\u00a0Minute\" \/>\n<script type=\"application\/ld+json\" class=\"yoast-schema-graph\">{\"@context\":\"https:\\\/\\\/schema.org\",\"@graph\":[{\"@type\":\"WebPage\",\"@id\":\"https:\\\/\\\/shanabooks.de\\\/product\\\/%d9%81%d9%8a%d8%b1%d9%88%d9%86%d9%8a%d9%83%d8%a7-%d8%aa%d9%82%d8%b1%d8%b1-%d8%a3%d9%86-%d8%aa%d9%85%d9%88%d8%aa-%d8%a8%d8%a7%d9%88%d9%84%d9%88-%d9%83%d9%88%d9%8a%d9%84%d9%88\\\/\",\"url\":\"https:\\\/\\\/shanabooks.de\\\/product\\\/%d9%81%d9%8a%d8%b1%d9%88%d9%86%d9%8a%d9%83%d8%a7-%d8%aa%d9%82%d8%b1%d8%b1-%d8%a3%d9%86-%d8%aa%d9%85%d9%88%d8%aa-%d8%a8%d8%a7%d9%88%d9%84%d9%88-%d9%83%d9%88%d9%8a%d9%84%d9%88\\\/\",\"name\":\"\u0641\u064a\u0631\u0648\u0646\u064a\u0643\u0627 \u062a\u0642\u0631\u0631 \u0623\u0646 \u062a\u0645\u0648\u062a - \u0628\u0627\u0648\u0644\u0648 \u0643\u0648\u064a\u0644\u0648 - www.shanabooks.de\",\"isPartOf\":{\"@id\":\"https:\\\/\\\/shanabooks.de\\\/#website\"},\"primaryImageOfPage\":{\"@id\":\"https:\\\/\\\/shanabooks.de\\\/product\\\/%d9%81%d9%8a%d8%b1%d9%88%d9%86%d9%8a%d9%83%d8%a7-%d8%aa%d9%82%d8%b1%d8%b1-%d8%a3%d9%86-%d8%aa%d9%85%d9%88%d8%aa-%d8%a8%d8%a7%d9%88%d9%84%d9%88-%d9%83%d9%88%d9%8a%d9%84%d9%88\\\/#primaryimage\"},\"image\":{\"@id\":\"https:\\\/\\\/shanabooks.de\\\/product\\\/%d9%81%d9%8a%d8%b1%d9%88%d9%86%d9%8a%d9%83%d8%a7-%d8%aa%d9%82%d8%b1%d8%b1-%d8%a3%d9%86-%d8%aa%d9%85%d9%88%d8%aa-%d8%a8%d8%a7%d9%88%d9%84%d9%88-%d9%83%d9%88%d9%8a%d9%84%d9%88\\\/#primaryimage\"},\"thumbnailUrl\":\"https:\\\/\\\/shanabooks.de\\\/wp-content\\\/uploads\\\/2024\\\/03\\\/\u0641\u064a\u0631\u0648\u0646\u064a\u0643\u0627-\u062a\u0642\u0631\u0631-\u0623\u0646-\u062a\u0645\u0648\u062a.jpg\",\"datePublished\":\"2024-03-03T19:38:05+00:00\",\"dateModified\":\"2024-05-04T09:57:39+00:00\",\"description\":\"\u0641\u064a\u0631\u0648\u0646\u064a\u0643\u0627 \u062a\u0642\u0631\u0631 \u0623\u0646 \u062a\u0645\u0648\u062a - \u0628\u0627\u0648\u0644\u0648 \u0643\u0648\u064a\u0644\u0648 \u0628\u0627\u062e\u062a\u0635\u0627\u0631 \u062a\u062d\u0643\u064a \u0639\u0646 \u0641\u064a\u0631\u0648\u0646\u0643\u0627 \u0627\u0644\u0641\u062a\u0627\u0629 \u0627\u0644\u0634\u0627\u0628\u0629 \u0627\u0644\u0645\u062d\u0627\u0637\u0629 \u0628\u0643\u0644 \u0648\u0633\u0627\u0626\u0644 \u0627\u0644\u0631\u0641\u0627\u0647\u064a\u0629 \u0644\u062f\u0631\u062c\u0629 \u0623\u0646\u0647\u0627 \u062a\u0642\u0631\u0631 \u0627\u0644\u0627\u0646\u062a\u062d\u0627\u0631 \u0645\u0646 \u0641\u0631\u0637 \u0627\u0644\u0645\u0644\u0644. \u0648\u062a\u0631\u0633\u0644 \u0625\u0644\u0649 \u0645\u062c\u0644\u0629..\",\"breadcrumb\":{\"@id\":\"https:\\\/\\\/shanabooks.de\\\/product\\\/%d9%81%d9%8a%d8%b1%d9%88%d9%86%d9%8a%d9%83%d8%a7-%d8%aa%d9%82%d8%b1%d8%b1-%d8%a3%d9%86-%d8%aa%d9%85%d9%88%d8%aa-%d8%a8%d8%a7%d9%88%d9%84%d9%88-%d9%83%d9%88%d9%8a%d9%84%d9%88\\\/#breadcrumb\"},\"inLanguage\":\"de\",\"potentialAction\":[{\"@type\":\"ReadAction\",\"target\":[\"https:\\\/\\\/shanabooks.de\\\/product\\\/%d9%81%d9%8a%d8%b1%d9%88%d9%86%d9%8a%d9%83%d8%a7-%d8%aa%d9%82%d8%b1%d8%b1-%d8%a3%d9%86-%d8%aa%d9%85%d9%88%d8%aa-%d8%a8%d8%a7%d9%88%d9%84%d9%88-%d9%83%d9%88%d9%8a%d9%84%d9%88\\\/\"]}]},{\"@type\":\"ImageObject\",\"inLanguage\":\"de\",\"@id\":\"https:\\\/\\\/shanabooks.de\\\/product\\\/%d9%81%d9%8a%d8%b1%d9%88%d9%86%d9%8a%d9%83%d8%a7-%d8%aa%d9%82%d8%b1%d8%b1-%d8%a3%d9%86-%d8%aa%d9%85%d9%88%d8%aa-%d8%a8%d8%a7%d9%88%d9%84%d9%88-%d9%83%d9%88%d9%8a%d9%84%d9%88\\\/#primaryimage\",\"url\":\"https:\\\/\\\/shanabooks.de\\\/wp-content\\\/uploads\\\/2024\\\/03\\\/\u0641\u064a\u0631\u0648\u0646\u064a\u0643\u0627-\u062a\u0642\u0631\u0631-\u0623\u0646-\u062a\u0645\u0648\u062a.jpg\",\"contentUrl\":\"https:\\\/\\\/shanabooks.de\\\/wp-content\\\/uploads\\\/2024\\\/03\\\/\u0641\u064a\u0631\u0648\u0646\u064a\u0643\u0627-\u062a\u0642\u0631\u0631-\u0623\u0646-\u062a\u0645\u0648\u062a.jpg\",\"width\":1583,\"height\":2432,\"caption\":\"\u0641\u064a\u0631\u0648\u0646\u064a\u0643\u0627 \u062a\u0642\u0631\u0631 \u0623\u0646 \u062a\u0645\u0648\u062a - \u0628\u0627\u0648\u0644\u0648 \u0643\u0648\u064a\u0644\u0648 - \u0643\u062a\u0628 \u0639\u0631\u0628\u064a\u0629 - \u0631\u0648\u0627\u064a\u0629\"},{\"@type\":\"BreadcrumbList\",\"@id\":\"https:\\\/\\\/shanabooks.de\\\/product\\\/%d9%81%d9%8a%d8%b1%d9%88%d9%86%d9%8a%d9%83%d8%a7-%d8%aa%d9%82%d8%b1%d8%b1-%d8%a3%d9%86-%d8%aa%d9%85%d9%88%d8%aa-%d8%a8%d8%a7%d9%88%d9%84%d9%88-%d9%83%d9%88%d9%8a%d9%84%d9%88\\\/#breadcrumb\",\"itemListElement\":[{\"@type\":\"ListItem\",\"position\":1,\"name\":\"\u0627\u0644\u0631\u0626\u064a\u0633\u064a\u0629\",\"item\":\"https:\\\/\\\/shanabooks.de\\\/de\\\/\"},{\"@type\":\"ListItem\",\"position\":2,\"name\":\"\u0627\u0644\u0645\u0646\u062a\u062c\u0627\u062a\",\"item\":\"https:\\\/\\\/shanabooks.de\\\/shop\\\/\"},{\"@type\":\"ListItem\",\"position\":3,\"name\":\"\u0641\u064a\u0631\u0648\u0646\u064a\u0643\u0627 \u062a\u0642\u0631\u0631 \u0623\u0646 \u062a\u0645\u0648\u062a!\"}]},{\"@type\":\"WebSite\",\"@id\":\"https:\\\/\\\/shanabooks.de\\\/#website\",\"url\":\"https:\\\/\\\/shanabooks.de\\\/\",\"name\":\"www.shanbooks.de\",\"description\":\"C\u00eehana Pirt\u00fbk\u00ean Kurd\u00ee \u0645\u0643\u062a\u0628\u0629 \u0634\u0627\u0646\u0627 \u0641\u064a \u0627\u0644\u0645\u0627\u0646\u064a\u0627 \u0648\u0623\u0648\u0631\u0628\u0627\",\"publisher\":{\"@id\":\"https:\\\/\\\/shanabooks.de\\\/#organization\"},\"potentialAction\":[{\"@type\":\"SearchAction\",\"target\":{\"@type\":\"EntryPoint\",\"urlTemplate\":\"https:\\\/\\\/shanabooks.de\\\/?s={search_term_string}\"},\"query-input\":{\"@type\":\"PropertyValueSpecification\",\"valueRequired\":true,\"valueName\":\"search_term_string\"}}],\"inLanguage\":\"de\"},{\"@type\":\"Organization\",\"@id\":\"https:\\\/\\\/shanabooks.de\\\/#organization\",\"name\":\"www.shanbooks.de\",\"url\":\"https:\\\/\\\/shanabooks.de\\\/\",\"logo\":{\"@type\":\"ImageObject\",\"inLanguage\":\"de\",\"@id\":\"https:\\\/\\\/shanabooks.de\\\/#\\\/schema\\\/logo\\\/image\\\/\",\"url\":\"https:\\\/\\\/shanabooks.de\\\/wp-content\\\/uploads\\\/2024\\\/03\\\/SHANABOOKS__2_-removebg-preview.png\",\"contentUrl\":\"https:\\\/\\\/shanabooks.de\\\/wp-content\\\/uploads\\\/2024\\\/03\\\/SHANABOOKS__2_-removebg-preview.png\",\"width\":700,\"height\":150,\"caption\":\"www.shanbooks.de\"},\"image\":{\"@id\":\"https:\\\/\\\/shanabooks.de\\\/#\\\/schema\\\/logo\\\/image\\\/\"}}]}<\/script>\n<!-- \/ Yoast SEO plugin. -->","yoast_head_json":{"title":"\u0641\u064a\u0631\u0648\u0646\u064a\u0643\u0627 \u062a\u0642\u0631\u0631 \u0623\u0646 \u062a\u0645\u0648\u062a - \u0628\u0627\u0648\u0644\u0648 \u0643\u0648\u064a\u0644\u0648 - www.shanabooks.de","description":"\u0641\u064a\u0631\u0648\u0646\u064a\u0643\u0627 \u062a\u0642\u0631\u0631 \u0623\u0646 \u062a\u0645\u0648\u062a - \u0628\u0627\u0648\u0644\u0648 \u0643\u0648\u064a\u0644\u0648 \u0628\u0627\u062e\u062a\u0635\u0627\u0631 \u062a\u062d\u0643\u064a \u0639\u0646 \u0641\u064a\u0631\u0648\u0646\u0643\u0627 \u0627\u0644\u0641\u062a\u0627\u0629 \u0627\u0644\u0634\u0627\u0628\u0629 \u0627\u0644\u0645\u062d\u0627\u0637\u0629 \u0628\u0643\u0644 \u0648\u0633\u0627\u0626\u0644 \u0627\u0644\u0631\u0641\u0627\u0647\u064a\u0629 \u0644\u062f\u0631\u062c\u0629 \u0623\u0646\u0647\u0627 \u062a\u0642\u0631\u0631 \u0627\u0644\u0627\u0646\u062a\u062d\u0627\u0631 \u0645\u0646 \u0641\u0631\u0637 \u0627\u0644\u0645\u0644\u0644. \u0648\u062a\u0631\u0633\u0644 \u0625\u0644\u0649 \u0645\u062c\u0644\u0629..","robots":{"index":"index","follow":"follow","max-snippet":"max-snippet:-1","max-image-preview":"max-image-preview:large","max-video-preview":"max-video-preview:-1"},"canonical":"https:\/\/shanabooks.de\/product\/\u0641\u064a\u0631\u0648\u0646\u064a\u0643\u0627-\u062a\u0642\u0631\u0631-\u0623\u0646-\u062a\u0645\u0648\u062a-\u0628\u0627\u0648\u0644\u0648-\u0643\u0648\u064a\u0644\u0648\/","og_locale":"de_DE","og_type":"article","og_title":"\u0641\u064a\u0631\u0648\u0646\u064a\u0643\u0627 \u062a\u0642\u0631\u0631 \u0623\u0646 \u062a\u0645\u0648\u062a - \u0628\u0627\u0648\u0644\u0648 \u0643\u0648\u064a\u0644\u0648 - www.shanabooks.de","og_description":"\u0641\u064a\u0631\u0648\u0646\u064a\u0643\u0627 \u062a\u0642\u0631\u0631 \u0623\u0646 \u062a\u0645\u0648\u062a - \u0628\u0627\u0648\u0644\u0648 \u0643\u0648\u064a\u0644\u0648 \u0628\u0627\u062e\u062a\u0635\u0627\u0631 \u062a\u062d\u0643\u064a \u0639\u0646 \u0641\u064a\u0631\u0648\u0646\u0643\u0627 \u0627\u0644\u0641\u062a\u0627\u0629 \u0627\u0644\u0634\u0627\u0628\u0629 \u0627\u0644\u0645\u062d\u0627\u0637\u0629 \u0628\u0643\u0644 \u0648\u0633\u0627\u0626\u0644 \u0627\u0644\u0631\u0641\u0627\u0647\u064a\u0629 \u0644\u062f\u0631\u062c\u0629 \u0623\u0646\u0647\u0627 \u062a\u0642\u0631\u0631 \u0627\u0644\u0627\u0646\u062a\u062d\u0627\u0631 \u0645\u0646 \u0641\u0631\u0637 \u0627\u0644\u0645\u0644\u0644. \u0648\u062a\u0631\u0633\u0644 \u0625\u0644\u0649 \u0645\u062c\u0644\u0629..","og_url":"https:\/\/shanabooks.de\/product\/\u0641\u064a\u0631\u0648\u0646\u064a\u0643\u0627-\u062a\u0642\u0631\u0631-\u0623\u0646-\u062a\u0645\u0648\u062a-\u0628\u0627\u0648\u0644\u0648-\u0643\u0648\u064a\u0644\u0648\/","og_site_name":"www.shanabooks.de","article_modified_time":"2024-05-04T09:57:39+00:00","og_image":[{"width":1583,"height":2432,"url":"https:\/\/shanabooks.de\/wp-content\/uploads\/2024\/03\/\u0641\u064a\u0631\u0648\u0646\u064a\u0643\u0627-\u062a\u0642\u0631\u0631-\u0623\u0646-\u062a\u0645\u0648\u062a.jpg","type":"image\/jpeg"}],"twitter_card":"summary_large_image","twitter_misc":{"Gesch\u00e4tzte Lesezeit":"1\u00a0Minute"},"schema":{"@context":"https:\/\/schema.org","@graph":[{"@type":"WebPage","@id":"https:\/\/shanabooks.de\/product\/%d9%81%d9%8a%d8%b1%d9%88%d9%86%d9%8a%d9%83%d8%a7-%d8%aa%d9%82%d8%b1%d8%b1-%d8%a3%d9%86-%d8%aa%d9%85%d9%88%d8%aa-%d8%a8%d8%a7%d9%88%d9%84%d9%88-%d9%83%d9%88%d9%8a%d9%84%d9%88\/","url":"https:\/\/shanabooks.de\/product\/%d9%81%d9%8a%d8%b1%d9%88%d9%86%d9%8a%d9%83%d8%a7-%d8%aa%d9%82%d8%b1%d8%b1-%d8%a3%d9%86-%d8%aa%d9%85%d9%88%d8%aa-%d8%a8%d8%a7%d9%88%d9%84%d9%88-%d9%83%d9%88%d9%8a%d9%84%d9%88\/","name":"\u0641\u064a\u0631\u0648\u0646\u064a\u0643\u0627 \u062a\u0642\u0631\u0631 \u0623\u0646 \u062a\u0645\u0648\u062a - \u0628\u0627\u0648\u0644\u0648 \u0643\u0648\u064a\u0644\u0648 - www.shanabooks.de","isPartOf":{"@id":"https:\/\/shanabooks.de\/#website"},"primaryImageOfPage":{"@id":"https:\/\/shanabooks.de\/product\/%d9%81%d9%8a%d8%b1%d9%88%d9%86%d9%8a%d9%83%d8%a7-%d8%aa%d9%82%d8%b1%d8%b1-%d8%a3%d9%86-%d8%aa%d9%85%d9%88%d8%aa-%d8%a8%d8%a7%d9%88%d9%84%d9%88-%d9%83%d9%88%d9%8a%d9%84%d9%88\/#primaryimage"},"image":{"@id":"https:\/\/shanabooks.de\/product\/%d9%81%d9%8a%d8%b1%d9%88%d9%86%d9%8a%d9%83%d8%a7-%d8%aa%d9%82%d8%b1%d8%b1-%d8%a3%d9%86-%d8%aa%d9%85%d9%88%d8%aa-%d8%a8%d8%a7%d9%88%d9%84%d9%88-%d9%83%d9%88%d9%8a%d9%84%d9%88\/#primaryimage"},"thumbnailUrl":"https:\/\/shanabooks.de\/wp-content\/uploads\/2024\/03\/\u0641\u064a\u0631\u0648\u0646\u064a\u0643\u0627-\u062a\u0642\u0631\u0631-\u0623\u0646-\u062a\u0645\u0648\u062a.jpg","datePublished":"2024-03-03T19:38:05+00:00","dateModified":"2024-05-04T09:57:39+00:00","description":"\u0641\u064a\u0631\u0648\u0646\u064a\u0643\u0627 \u062a\u0642\u0631\u0631 \u0623\u0646 \u062a\u0645\u0648\u062a - \u0628\u0627\u0648\u0644\u0648 \u0643\u0648\u064a\u0644\u0648 \u0628\u0627\u062e\u062a\u0635\u0627\u0631 \u062a\u062d\u0643\u064a \u0639\u0646 \u0641\u064a\u0631\u0648\u0646\u0643\u0627 \u0627\u0644\u0641\u062a\u0627\u0629 \u0627\u0644\u0634\u0627\u0628\u0629 \u0627\u0644\u0645\u062d\u0627\u0637\u0629 \u0628\u0643\u0644 \u0648\u0633\u0627\u0626\u0644 \u0627\u0644\u0631\u0641\u0627\u0647\u064a\u0629 \u0644\u062f\u0631\u062c\u0629 \u0623\u0646\u0647\u0627 \u062a\u0642\u0631\u0631 \u0627\u0644\u0627\u0646\u062a\u062d\u0627\u0631 \u0645\u0646 \u0641\u0631\u0637 \u0627\u0644\u0645\u0644\u0644. \u0648\u062a\u0631\u0633\u0644 \u0625\u0644\u0649 \u0645\u062c\u0644\u0629..","breadcrumb":{"@id":"https:\/\/shanabooks.de\/product\/%d9%81%d9%8a%d8%b1%d9%88%d9%86%d9%8a%d9%83%d8%a7-%d8%aa%d9%82%d8%b1%d8%b1-%d8%a3%d9%86-%d8%aa%d9%85%d9%88%d8%aa-%d8%a8%d8%a7%d9%88%d9%84%d9%88-%d9%83%d9%88%d9%8a%d9%84%d9%88\/#breadcrumb"},"inLanguage":"de","potentialAction":[{"@type":"ReadAction","target":["https:\/\/shanabooks.de\/product\/%d9%81%d9%8a%d8%b1%d9%88%d9%86%d9%8a%d9%83%d8%a7-%d8%aa%d9%82%d8%b1%d8%b1-%d8%a3%d9%86-%d8%aa%d9%85%d9%88%d8%aa-%d8%a8%d8%a7%d9%88%d9%84%d9%88-%d9%83%d9%88%d9%8a%d9%84%d9%88\/"]}]},{"@type":"ImageObject","inLanguage":"de","@id":"https:\/\/shanabooks.de\/product\/%d9%81%d9%8a%d8%b1%d9%88%d9%86%d9%8a%d9%83%d8%a7-%d8%aa%d9%82%d8%b1%d8%b1-%d8%a3%d9%86-%d8%aa%d9%85%d9%88%d8%aa-%d8%a8%d8%a7%d9%88%d9%84%d9%88-%d9%83%d9%88%d9%8a%d9%84%d9%88\/#primaryimage","url":"https:\/\/shanabooks.de\/wp-content\/uploads\/2024\/03\/\u0641\u064a\u0631\u0648\u0646\u064a\u0643\u0627-\u062a\u0642\u0631\u0631-\u0623\u0646-\u062a\u0645\u0648\u062a.jpg","contentUrl":"https:\/\/shanabooks.de\/wp-content\/uploads\/2024\/03\/\u0641\u064a\u0631\u0648\u0646\u064a\u0643\u0627-\u062a\u0642\u0631\u0631-\u0623\u0646-\u062a\u0645\u0648\u062a.jpg","width":1583,"height":2432,"caption":"\u0641\u064a\u0631\u0648\u0646\u064a\u0643\u0627 \u062a\u0642\u0631\u0631 \u0623\u0646 \u062a\u0645\u0648\u062a - \u0628\u0627\u0648\u0644\u0648 \u0643\u0648\u064a\u0644\u0648 - \u0643\u062a\u0628 \u0639\u0631\u0628\u064a\u0629 - \u0631\u0648\u0627\u064a\u0629"},{"@type":"BreadcrumbList","@id":"https:\/\/shanabooks.de\/product\/%d9%81%d9%8a%d8%b1%d9%88%d9%86%d9%8a%d9%83%d8%a7-%d8%aa%d9%82%d8%b1%d8%b1-%d8%a3%d9%86-%d8%aa%d9%85%d9%88%d8%aa-%d8%a8%d8%a7%d9%88%d9%84%d9%88-%d9%83%d9%88%d9%8a%d9%84%d9%88\/#breadcrumb","itemListElement":[{"@type":"ListItem","position":1,"name":"\u0627\u0644\u0631\u0626\u064a\u0633\u064a\u0629","item":"https:\/\/shanabooks.de\/de\/"},{"@type":"ListItem","position":2,"name":"\u0627\u0644\u0645\u0646\u062a\u062c\u0627\u062a","item":"https:\/\/shanabooks.de\/shop\/"},{"@type":"ListItem","position":3,"name":"\u0641\u064a\u0631\u0648\u0646\u064a\u0643\u0627 \u062a\u0642\u0631\u0631 \u0623\u0646 \u062a\u0645\u0648\u062a!"}]},{"@type":"WebSite","@id":"https:\/\/shanabooks.de\/#website","url":"https:\/\/shanabooks.de\/","name":"www.shanbooks.de","description":"C\u00eehana Pirt\u00fbk\u00ean Kurd\u00ee \u0645\u0643\u062a\u0628\u0629 \u0634\u0627\u0646\u0627 \u0641\u064a \u0627\u0644\u0645\u0627\u0646\u064a\u0627 \u0648\u0623\u0648\u0631\u0628\u0627","publisher":{"@id":"https:\/\/shanabooks.de\/#organization"},"potentialAction":[{"@type":"SearchAction","target":{"@type":"EntryPoint","urlTemplate":"https:\/\/shanabooks.de\/?s={search_term_string}"},"query-input":{"@type":"PropertyValueSpecification","valueRequired":true,"valueName":"search_term_string"}}],"inLanguage":"de"},{"@type":"Organization","@id":"https:\/\/shanabooks.de\/#organization","name":"www.shanbooks.de","url":"https:\/\/shanabooks.de\/","logo":{"@type":"ImageObject","inLanguage":"de","@id":"https:\/\/shanabooks.de\/#\/schema\/logo\/image\/","url":"https:\/\/shanabooks.de\/wp-content\/uploads\/2024\/03\/SHANABOOKS__2_-removebg-preview.png","contentUrl":"https:\/\/shanabooks.de\/wp-content\/uploads\/2024\/03\/SHANABOOKS__2_-removebg-preview.png","width":700,"height":150,"caption":"www.shanbooks.de"},"image":{"@id":"https:\/\/shanabooks.de\/#\/schema\/logo\/image\/"}}]}},"jetpack_sharing_enabled":true,"_links":{"self":[{"href":"https:\/\/shanabooks.de\/de\/wp-json\/wp\/v2\/product\/11789","targetHints":{"allow":["GET"]}}],"collection":[{"href":"https:\/\/shanabooks.de\/de\/wp-json\/wp\/v2\/product"}],"about":[{"href":"https:\/\/shanabooks.de\/de\/wp-json\/wp\/v2\/types\/product"}],"version-history":[{"count":2,"href":"https:\/\/shanabooks.de\/de\/wp-json\/wp\/v2\/product\/11789\/revisions"}],"predecessor-version":[{"id":25286,"href":"https:\/\/shanabooks.de\/de\/wp-json\/wp\/v2\/product\/11789\/revisions\/25286"}],"wp:featuredmedia":[{"embeddable":true,"href":"https:\/\/shanabooks.de\/de\/wp-json\/wp\/v2\/media\/11821"}],"wp:attachment":[{"href":"https:\/\/shanabooks.de\/de\/wp-json\/wp\/v2\/media?parent=11789"}],"wp:term":[{"taxonomy":"product_brand","embeddable":true,"href":"https:\/\/shanabooks.de\/de\/wp-json\/wp\/v2\/product_brand?post=11789"},{"taxonomy":"product_cat","embeddable":true,"href":"https:\/\/shanabooks.de\/de\/wp-json\/wp\/v2\/product_cat?post=11789"},{"taxonomy":"product_tag","embeddable":true,"href":"https:\/\/shanabooks.de\/de\/wp-json\/wp\/v2\/product_tag?post=11789"}],"curies":[{"name":"wp","href":"https:\/\/api.w.org\/{rel}","templated":true}]}}