{"id":11862,"date":"2024-03-03T19:38:52","date_gmt":"2024-03-03T19:38:52","guid":{"rendered":"https:\/\/shanabooks.de\/?post_type=product&#038;p=11862"},"modified":"2025-12-30T22:47:35","modified_gmt":"2025-12-30T22:47:35","slug":"jiyana-bextewar-erebe-semo","status":"publish","type":"product","link":"https:\/\/shanabooks.de\/de\/product\/jiyana-bextewar-erebe-semo\/","title":{"rendered":"Jiyana Bextewar"},"content":{"rendered":"<p dir=\"ltr\"><strong>Jiyana Bextewar &#8211; Ereb\u00ea \u015eemo<\/strong><\/p>\n<p dir=\"ltr\">Xwendevane\u0302d ezi\u0302z, ev romana bi nav\u00ea Jiyana Bextewar ya Ereb\u00ea \u015eemo romana ewilin e ji emre\u0302 Kurman- can. Ez c\u0327ar salan xebiti\u0302m ku ve\u0302 romane\u0302 binivi\u0302sim. Di ve\u0302 nivi\u0302sara xwe de ez xebiti\u0302m ku bidim kifs\u0327e\u0302 qebi\u0302leke Kurmancan, c\u0327awa di bin bandora pads\u0327ayan, began u\u0302 axeleran de li welate\u0302 Rome\u0302 diji\u0302. C\u0327awa belengazi\u0302 u\u0302 zelu\u0302li\u0302ye\u0302 li we\u0302 dere\u0302 dibi\u0302ne u\u0302 c\u0327awa ew xwe li welate\u0302 U\u0302ris digire, direve te\u0302. Wan, he\u0302 di sala 1877\u2019an de, wexta ku eskere\u0302n U\u0302ris hatibu\u0302n we\u0302 dere\u0302, bi c\u0327ave\u0302n xwe di\u0302tibu\u0302n, mexlu\u0302qete\u0302n U\u0302ris mexlu\u0302qeteki\u0302 pak e; xe\u0302rxwaz e u\u0302 qenci\u0302ya milete\u0302 Kurmancan dixweze. Li belge\u0302 cimaeta zehmetke\u0302s\u0327an; ekinc\u0327i\u0302 ne, re\u0302nc\u0327bere\u0302n c\u0327ole\u0302 ne, keda helal ji xwe\u0302dana eni\u0302ya xwe dixwin, le\u0302 di nav wan de hene merive\u0302n miftexwir. Sile\u0302man Beg e, e\u0302 xwi\u0302na xebatkaran dixwe, male\u0302 wan je\u0302 disti\u0302ne, mexlu\u0302qete\u0302n xwe difiros\u0327e pads\u0327aye\u0302 Rome\u0302, her ji bo we\u0302 yeke\u0302 weki\u0302 ew kare\u0302 dibi\u0302ne. Xema wi\u0302 ni\u0302n e, weki\u0302 mexlu\u0302qete\u0302n wi\u0302 talan dikin, dis\u0327e\u0302li\u0302nin u\u0302 birc\u0327i\u0302 dimi\u0302nin&#8230; Di ber c\u0327ave\u0302n we re di ve\u0302 romane\u0302 de derbas dibin merive\u0302 mi\u0302na Qelender, dewleti\u0302yek, e\u0302 ku pereyan dide bi selef u\u0302 wexta xelaye\u0302 biha biha nan difiros\u0327e, xelqe\u0302 talan dike.<br \/>\nEw dewleti\u0302 ye, xwedi\u0302ye\u0302 keri\u0302ye\u0302n pe\u0302z u\u0302 dewe\u0302r e. Xwedi\u0302ye\u0302 c\u0327ale\u0302d nan e, le\u0302 meriveki\u0302 tima ye. Fikra wi\u0302 her topkirina xis\u0327ir, embaret u\u0302 ze\u0302rane.<br \/>\nHu\u0302n dibi\u0302nin dosti\u0302ya me u\u0302 Ermeni\u0302yan hela di wi\u0302 wexti\u0302 de heta roja i\u0302royi\u0302n&#8230;<br \/>\nHu\u0302n dibi\u0302nin, weki\u0302 azabu\u0302na wan Kurmance\u0302d belengaz, bi S\u0327ores\u0327a Oktobra Mezin, bi deste\u0302 Parti\u0302ya Leni\u0302n (Parti\u0302ya Bols\u0327evi\u0302kan) c\u0327e\u0302 dibe&#8230;<br \/>\nA li ve\u0302 dere\u0302 hu\u0302n dibi\u0302nin me\u0302rxase\u0302 romane\u0302, Sehi\u0302de\u0302 Emer, e\u0302 ku ji pas\u0327ila wan belengazan derdikeve&#8230;<br \/>\nHelbet, ez e\u0302 zaf razi\u0302 bim, weki\u0302 heval di der heqa ke\u0302masi\u0302yan de ji min re binivi\u0302sin.<\/p>\n<p dir=\"ltr\">Sala 1959&#8217;an bajare\u0302 E\u0302re\u0302vane\u0302<br \/>\nEREB S\u0327AMI\u0302LOV<\/p>\n","protected":false},"excerpt":{"rendered":"<p dir=\"ltr\" style=\"text-align: center\"><strong>Pirt\u00fbk: Jiyana Bextewar<br \/>\nNiv\u00eeskar: Ereb\u00ea \u015eemo<\/strong><br \/>\n<strong>Cure: Roman<\/strong><\/p>\n","protected":false},"featured_media":11902,"template":"","meta":{"site-sidebar-layout":"default","site-content-layout":"","ast-site-content-layout":"default","site-content-style":"default","site-sidebar-style":"default","ast-global-header-display":"","ast-banner-title-visibility":"","ast-main-header-display":"","ast-hfb-above-header-display":"","ast-hfb-below-header-display":"","ast-hfb-mobile-header-display":"","site-post-title":"","ast-breadcrumbs-content":"","ast-featured-img":"","footer-sml-layout":"","ast-disable-related-posts":"","theme-transparent-header-meta":"default","adv-header-id-meta":"","stick-header-meta":"","header-above-stick-meta":"","header-main-stick-meta":"","header-below-stick-meta":"","astra-migrate-meta-layouts":"set","ast-page-background-enabled":"default","ast-page-background-meta":{"desktop":{"background-color":"","background-image":"","background-repeat":"repeat","background-position":"center center","background-size":"auto","background-attachment":"scroll","background-type":"","background-media":"","overlay-type":"","overlay-color":"","overlay-opacity":"","overlay-gradient":""},"tablet":{"background-color":"","background-image":"","background-repeat":"repeat","background-position":"center center","background-size":"auto","background-attachment":"scroll","background-type":"","background-media":"","overlay-type":"","overlay-color":"","overlay-opacity":"","overlay-gradient":""},"mobile":{"background-color":"","background-image":"","background-repeat":"repeat","background-position":"center center","background-size":"auto","background-attachment":"scroll","background-type":"","background-media":"","overlay-type":"","overlay-color":"","overlay-opacity":"","overlay-gradient":""}},"ast-content-background-meta":{"desktop":{"background-color":"var(--ast-global-color-5)","background-image":"","background-repeat":"repeat","background-position":"center center","background-size":"auto","background-attachment":"scroll","background-type":"","background-media":"","overlay-type":"","overlay-color":"","overlay-opacity":"","overlay-gradient":""},"tablet":{"background-color":"var(--ast-global-color-5)","background-image":"","background-repeat":"repeat","background-position":"center center","background-size":"auto","background-attachment":"scroll","background-type":"","background-media":"","overlay-type":"","overlay-color":"","overlay-opacity":"","overlay-gradient":""},"mobile":{"background-color":"var(--ast-global-color-5)","background-image":"","background-repeat":"repeat","background-position":"center center","background-size":"auto","background-attachment":"scroll","background-type":"","background-media":"","overlay-type":"","overlay-color":"","overlay-opacity":"","overlay-gradient":""}}},"product_brand":[],"product_cat":[182,193],"product_tag":[],"class_list":{"0":"post-11862","1":"product","2":"type-product","3":"status-publish","4":"has-post-thumbnail","6":"product_cat-_","7":"product_cat--_","8":"pa_-roman","9":"pa_-erebe-semo","10":"pa_-kurmanci","11":"pa_--lis-yayinevi","12":"desktop-align-left","13":"tablet-align-left","14":"mobile-align-left","16":"first","17":"outofstock","18":"shipping-taxable","19":"purchasable","20":"product-type-simple"},"yoast_head":"<!-- This site is optimized with the Yoast SEO plugin v27.4 - https:\/\/yoast.com\/product\/yoast-seo-wordpress\/ -->\n<title>Jiyana Bextewar - Ereb\u00ea \u015eemo - www.shanabooks.de<\/title>\n<meta name=\"description\" content=\"Jiyana Bextewar - Ereb\u00ea \u015eemo Xwendevane\u0302d ezi\u0302z, ev romana ewilin e ji emre\u0302 Kurman- can. Ez c\u0327ar salan xebiti\u0302m ku ve\u0302 romane\u0302 binivi\u0302sim. Di ve\u0302 nivi\u0302s...\" \/>\n<meta name=\"robots\" content=\"index, follow, max-snippet:-1, max-image-preview:large, max-video-preview:-1\" \/>\n<link rel=\"canonical\" href=\"https:\/\/shanabooks.de\/product\/jiyana-bextewar-erebe-semo\/\" \/>\n<meta property=\"og:locale\" content=\"de_DE\" \/>\n<meta property=\"og:type\" content=\"article\" \/>\n<meta property=\"og:title\" content=\"Jiyana Bextewar - Ereb\u00ea \u015eemo - www.shanabooks.de\" \/>\n<meta property=\"og:description\" content=\"Jiyana Bextewar - Ereb\u00ea \u015eemo Xwendevane\u0302d ezi\u0302z, ev romana ewilin e ji emre\u0302 Kurman- can. Ez c\u0327ar salan xebiti\u0302m ku ve\u0302 romane\u0302 binivi\u0302sim. Di ve\u0302 nivi\u0302s...\" \/>\n<meta property=\"og:url\" content=\"https:\/\/shanabooks.de\/product\/jiyana-bextewar-erebe-semo\/\" \/>\n<meta property=\"og:site_name\" content=\"www.shanabooks.de\" \/>\n<meta property=\"article:modified_time\" content=\"2025-12-30T22:47:35+00:00\" \/>\n<meta property=\"og:image\" content=\"https:\/\/shanabooks.de\/wp-content\/uploads\/2024\/03\/Jiyana-Bextewer.png\" \/>\n\t<meta property=\"og:image:width\" content=\"323\" \/>\n\t<meta property=\"og:image:height\" content=\"474\" \/>\n\t<meta property=\"og:image:type\" content=\"image\/png\" \/>\n<meta name=\"twitter:card\" content=\"summary_large_image\" \/>\n<meta name=\"twitter:label1\" content=\"Gesch\u00e4tzte Lesezeit\" \/>\n\t<meta name=\"twitter:data1\" content=\"3\u00a0Minuten\" \/>\n<script type=\"application\/ld+json\" class=\"yoast-schema-graph\">{\"@context\":\"https:\\\/\\\/schema.org\",\"@graph\":[{\"@type\":\"WebPage\",\"@id\":\"https:\\\/\\\/shanabooks.de\\\/product\\\/jiyana-bextewar-erebe-semo\\\/\",\"url\":\"https:\\\/\\\/shanabooks.de\\\/product\\\/jiyana-bextewar-erebe-semo\\\/\",\"name\":\"Jiyana Bextewar - Ereb\u00ea \u015eemo - www.shanabooks.de\",\"isPartOf\":{\"@id\":\"https:\\\/\\\/shanabooks.de\\\/#website\"},\"primaryImageOfPage\":{\"@id\":\"https:\\\/\\\/shanabooks.de\\\/product\\\/jiyana-bextewar-erebe-semo\\\/#primaryimage\"},\"image\":{\"@id\":\"https:\\\/\\\/shanabooks.de\\\/product\\\/jiyana-bextewar-erebe-semo\\\/#primaryimage\"},\"thumbnailUrl\":\"https:\\\/\\\/shanabooks.de\\\/wp-content\\\/uploads\\\/2024\\\/03\\\/Jiyana-Bextewer.png\",\"datePublished\":\"2024-03-03T19:38:52+00:00\",\"dateModified\":\"2025-12-30T22:47:35+00:00\",\"description\":\"Jiyana Bextewar - Ereb\u00ea \u015eemo Xwendevane\u0302d ezi\u0302z, ev romana ewilin e ji emre\u0302 Kurman- can. Ez c\u0327ar salan xebiti\u0302m ku ve\u0302 romane\u0302 binivi\u0302sim. Di ve\u0302 nivi\u0302s...\",\"breadcrumb\":{\"@id\":\"https:\\\/\\\/shanabooks.de\\\/product\\\/jiyana-bextewar-erebe-semo\\\/#breadcrumb\"},\"inLanguage\":\"de\",\"potentialAction\":[{\"@type\":\"ReadAction\",\"target\":[\"https:\\\/\\\/shanabooks.de\\\/product\\\/jiyana-bextewar-erebe-semo\\\/\"]}]},{\"@type\":\"ImageObject\",\"inLanguage\":\"de\",\"@id\":\"https:\\\/\\\/shanabooks.de\\\/product\\\/jiyana-bextewar-erebe-semo\\\/#primaryimage\",\"url\":\"https:\\\/\\\/shanabooks.de\\\/wp-content\\\/uploads\\\/2024\\\/03\\\/Jiyana-Bextewer.png\",\"contentUrl\":\"https:\\\/\\\/shanabooks.de\\\/wp-content\\\/uploads\\\/2024\\\/03\\\/Jiyana-Bextewer.png\",\"width\":323,\"height\":474,\"caption\":\"Jiyana Bextewar - Ereb\u00ea \u015eemo - pirt\u00fbk\u00ean kurd\u00ee\"},{\"@type\":\"BreadcrumbList\",\"@id\":\"https:\\\/\\\/shanabooks.de\\\/product\\\/jiyana-bextewar-erebe-semo\\\/#breadcrumb\",\"itemListElement\":[{\"@type\":\"ListItem\",\"position\":1,\"name\":\"\u0627\u0644\u0631\u0626\u064a\u0633\u064a\u0629\",\"item\":\"https:\\\/\\\/shanabooks.de\\\/de\\\/\"},{\"@type\":\"ListItem\",\"position\":2,\"name\":\"\u0627\u0644\u0645\u0646\u062a\u062c\u0627\u062a\",\"item\":\"https:\\\/\\\/shanabooks.de\\\/shop\\\/\"},{\"@type\":\"ListItem\",\"position\":3,\"name\":\"Jiyana Bextewar\"}]},{\"@type\":\"WebSite\",\"@id\":\"https:\\\/\\\/shanabooks.de\\\/#website\",\"url\":\"https:\\\/\\\/shanabooks.de\\\/\",\"name\":\"www.shanbooks.de\",\"description\":\"C\u00eehana Pirt\u00fbk\u00ean Kurd\u00ee \u0645\u0643\u062a\u0628\u0629 \u0634\u0627\u0646\u0627 \u0641\u064a \u0627\u0644\u0645\u0627\u0646\u064a\u0627 \u0648\u0623\u0648\u0631\u0628\u0627\",\"publisher\":{\"@id\":\"https:\\\/\\\/shanabooks.de\\\/#organization\"},\"potentialAction\":[{\"@type\":\"SearchAction\",\"target\":{\"@type\":\"EntryPoint\",\"urlTemplate\":\"https:\\\/\\\/shanabooks.de\\\/?s={search_term_string}\"},\"query-input\":{\"@type\":\"PropertyValueSpecification\",\"valueRequired\":true,\"valueName\":\"search_term_string\"}}],\"inLanguage\":\"de\"},{\"@type\":\"Organization\",\"@id\":\"https:\\\/\\\/shanabooks.de\\\/#organization\",\"name\":\"www.shanbooks.de\",\"url\":\"https:\\\/\\\/shanabooks.de\\\/\",\"logo\":{\"@type\":\"ImageObject\",\"inLanguage\":\"de\",\"@id\":\"https:\\\/\\\/shanabooks.de\\\/#\\\/schema\\\/logo\\\/image\\\/\",\"url\":\"https:\\\/\\\/shanabooks.de\\\/wp-content\\\/uploads\\\/2024\\\/03\\\/SHANABOOKS__2_-removebg-preview.png\",\"contentUrl\":\"https:\\\/\\\/shanabooks.de\\\/wp-content\\\/uploads\\\/2024\\\/03\\\/SHANABOOKS__2_-removebg-preview.png\",\"width\":700,\"height\":150,\"caption\":\"www.shanbooks.de\"},\"image\":{\"@id\":\"https:\\\/\\\/shanabooks.de\\\/#\\\/schema\\\/logo\\\/image\\\/\"}}]}<\/script>\n<!-- \/ Yoast SEO plugin. -->","yoast_head_json":{"title":"Jiyana Bextewar - Ereb\u00ea \u015eemo - www.shanabooks.de","description":"Jiyana Bextewar - Ereb\u00ea \u015eemo Xwendevane\u0302d ezi\u0302z, ev romana ewilin e ji emre\u0302 Kurman- can. Ez c\u0327ar salan xebiti\u0302m ku ve\u0302 romane\u0302 binivi\u0302sim. Di ve\u0302 nivi\u0302s...","robots":{"index":"index","follow":"follow","max-snippet":"max-snippet:-1","max-image-preview":"max-image-preview:large","max-video-preview":"max-video-preview:-1"},"canonical":"https:\/\/shanabooks.de\/product\/jiyana-bextewar-erebe-semo\/","og_locale":"de_DE","og_type":"article","og_title":"Jiyana Bextewar - Ereb\u00ea \u015eemo - www.shanabooks.de","og_description":"Jiyana Bextewar - Ereb\u00ea \u015eemo Xwendevane\u0302d ezi\u0302z, ev romana ewilin e ji emre\u0302 Kurman- can. Ez c\u0327ar salan xebiti\u0302m ku ve\u0302 romane\u0302 binivi\u0302sim. Di ve\u0302 nivi\u0302s...","og_url":"https:\/\/shanabooks.de\/product\/jiyana-bextewar-erebe-semo\/","og_site_name":"www.shanabooks.de","article_modified_time":"2025-12-30T22:47:35+00:00","og_image":[{"width":323,"height":474,"url":"https:\/\/shanabooks.de\/wp-content\/uploads\/2024\/03\/Jiyana-Bextewer.png","type":"image\/png"}],"twitter_card":"summary_large_image","twitter_misc":{"Gesch\u00e4tzte Lesezeit":"3\u00a0Minuten"},"schema":{"@context":"https:\/\/schema.org","@graph":[{"@type":"WebPage","@id":"https:\/\/shanabooks.de\/product\/jiyana-bextewar-erebe-semo\/","url":"https:\/\/shanabooks.de\/product\/jiyana-bextewar-erebe-semo\/","name":"Jiyana Bextewar - Ereb\u00ea \u015eemo - www.shanabooks.de","isPartOf":{"@id":"https:\/\/shanabooks.de\/#website"},"primaryImageOfPage":{"@id":"https:\/\/shanabooks.de\/product\/jiyana-bextewar-erebe-semo\/#primaryimage"},"image":{"@id":"https:\/\/shanabooks.de\/product\/jiyana-bextewar-erebe-semo\/#primaryimage"},"thumbnailUrl":"https:\/\/shanabooks.de\/wp-content\/uploads\/2024\/03\/Jiyana-Bextewer.png","datePublished":"2024-03-03T19:38:52+00:00","dateModified":"2025-12-30T22:47:35+00:00","description":"Jiyana Bextewar - Ereb\u00ea \u015eemo Xwendevane\u0302d ezi\u0302z, ev romana ewilin e ji emre\u0302 Kurman- can. Ez c\u0327ar salan xebiti\u0302m ku ve\u0302 romane\u0302 binivi\u0302sim. Di ve\u0302 nivi\u0302s...","breadcrumb":{"@id":"https:\/\/shanabooks.de\/product\/jiyana-bextewar-erebe-semo\/#breadcrumb"},"inLanguage":"de","potentialAction":[{"@type":"ReadAction","target":["https:\/\/shanabooks.de\/product\/jiyana-bextewar-erebe-semo\/"]}]},{"@type":"ImageObject","inLanguage":"de","@id":"https:\/\/shanabooks.de\/product\/jiyana-bextewar-erebe-semo\/#primaryimage","url":"https:\/\/shanabooks.de\/wp-content\/uploads\/2024\/03\/Jiyana-Bextewer.png","contentUrl":"https:\/\/shanabooks.de\/wp-content\/uploads\/2024\/03\/Jiyana-Bextewer.png","width":323,"height":474,"caption":"Jiyana Bextewar - Ereb\u00ea \u015eemo - pirt\u00fbk\u00ean kurd\u00ee"},{"@type":"BreadcrumbList","@id":"https:\/\/shanabooks.de\/product\/jiyana-bextewar-erebe-semo\/#breadcrumb","itemListElement":[{"@type":"ListItem","position":1,"name":"\u0627\u0644\u0631\u0626\u064a\u0633\u064a\u0629","item":"https:\/\/shanabooks.de\/de\/"},{"@type":"ListItem","position":2,"name":"\u0627\u0644\u0645\u0646\u062a\u062c\u0627\u062a","item":"https:\/\/shanabooks.de\/shop\/"},{"@type":"ListItem","position":3,"name":"Jiyana Bextewar"}]},{"@type":"WebSite","@id":"https:\/\/shanabooks.de\/#website","url":"https:\/\/shanabooks.de\/","name":"www.shanbooks.de","description":"C\u00eehana Pirt\u00fbk\u00ean Kurd\u00ee \u0645\u0643\u062a\u0628\u0629 \u0634\u0627\u0646\u0627 \u0641\u064a \u0627\u0644\u0645\u0627\u0646\u064a\u0627 \u0648\u0623\u0648\u0631\u0628\u0627","publisher":{"@id":"https:\/\/shanabooks.de\/#organization"},"potentialAction":[{"@type":"SearchAction","target":{"@type":"EntryPoint","urlTemplate":"https:\/\/shanabooks.de\/?s={search_term_string}"},"query-input":{"@type":"PropertyValueSpecification","valueRequired":true,"valueName":"search_term_string"}}],"inLanguage":"de"},{"@type":"Organization","@id":"https:\/\/shanabooks.de\/#organization","name":"www.shanbooks.de","url":"https:\/\/shanabooks.de\/","logo":{"@type":"ImageObject","inLanguage":"de","@id":"https:\/\/shanabooks.de\/#\/schema\/logo\/image\/","url":"https:\/\/shanabooks.de\/wp-content\/uploads\/2024\/03\/SHANABOOKS__2_-removebg-preview.png","contentUrl":"https:\/\/shanabooks.de\/wp-content\/uploads\/2024\/03\/SHANABOOKS__2_-removebg-preview.png","width":700,"height":150,"caption":"www.shanbooks.de"},"image":{"@id":"https:\/\/shanabooks.de\/#\/schema\/logo\/image\/"}}]}},"jetpack_sharing_enabled":true,"_links":{"self":[{"href":"https:\/\/shanabooks.de\/de\/wp-json\/wp\/v2\/product\/11862","targetHints":{"allow":["GET"]}}],"collection":[{"href":"https:\/\/shanabooks.de\/de\/wp-json\/wp\/v2\/product"}],"about":[{"href":"https:\/\/shanabooks.de\/de\/wp-json\/wp\/v2\/types\/product"}],"version-history":[{"count":3,"href":"https:\/\/shanabooks.de\/de\/wp-json\/wp\/v2\/product\/11862\/revisions"}],"predecessor-version":[{"id":20112,"href":"https:\/\/shanabooks.de\/de\/wp-json\/wp\/v2\/product\/11862\/revisions\/20112"}],"wp:featuredmedia":[{"embeddable":true,"href":"https:\/\/shanabooks.de\/de\/wp-json\/wp\/v2\/media\/11902"}],"wp:attachment":[{"href":"https:\/\/shanabooks.de\/de\/wp-json\/wp\/v2\/media?parent=11862"}],"wp:term":[{"taxonomy":"product_brand","embeddable":true,"href":"https:\/\/shanabooks.de\/de\/wp-json\/wp\/v2\/product_brand?post=11862"},{"taxonomy":"product_cat","embeddable":true,"href":"https:\/\/shanabooks.de\/de\/wp-json\/wp\/v2\/product_cat?post=11862"},{"taxonomy":"product_tag","embeddable":true,"href":"https:\/\/shanabooks.de\/de\/wp-json\/wp\/v2\/product_tag?post=11862"}],"curies":[{"name":"wp","href":"https:\/\/api.w.org\/{rel}","templated":true}]}}