{"id":11863,"date":"2024-03-03T19:38:52","date_gmt":"2024-03-03T19:38:52","guid":{"rendered":"https:\/\/shanabooks.de\/?post_type=product&#038;p=11863"},"modified":"2026-03-17T21:17:51","modified_gmt":"2026-03-17T21:17:51","slug":"sivane-kurmanca-erebe-semo","status":"publish","type":"product","link":"https:\/\/shanabooks.de\/de\/product\/sivane-kurmanca-erebe-semo\/","title":{"rendered":"\u015eivan\u00ea Kurmanca"},"content":{"rendered":"<p dir=\"ltr\"><strong>\u015eivan\u00ea Kurmanca &#8211; Ereb\u00ea \u015eemo<\/strong><\/p>\n<p dir=\"ltr\">Romana kurd\u00ee ya Yekem\u00een a Ereb\u00ea \u015eemo \u201c\u015eivan\u00ea Kurmanca\u201d ji aliy\u00ea We\u015fanxaneya L\u00ees\u00ea ve pi\u015ft\u00ee 74 salan bi alfabeya Celadet El\u00ee Bedirxan, ligel orj\u00eenala xwe hate \u00e7apkirin. Pirt\u00fbka ku bi alfabeya Lat\u00een\u00ee ya ku di 1929an de ji h\u00eala \u00cesahak Margolov\u00ee hatib\u00fb \u00e7\u00eakirin, di sala 1935an de ji aliy\u00ea Ne\u015fra Hik\u00fbmet\u00ea Rewan\u00ea ve hatib\u00fb \u00e7apkirin. Pirt\u00fbk w\u00ea di 9em\u00een M\u00eehr\u00eecana \u00c7and \u00fb Huner\u00ea ya Amed\u00ea de bigihije ber dest\u00ea xwendevanan. Berhema Ereb\u00ea \u015eemo, pi\u015ft\u00ee 74 salan ku We\u015fanxaneya L\u00ees\u00ea \u00e7ap dike ji aliy\u00ea niv\u00eeskar, werg\u00ear \u00fb zimanzan\u00ea kurd Mustafa Aydogan ve hatiye amadekirin. Pirt\u00fbk dawiya gulan\u00ea digihije ber dest\u00ea xwendevanan.<br \/>\nDi p\u00ea\u015fgotina Mustafa Aydogan de gelek h\u00eal\u00ean pirt\u00fbk\u00ea \u00fb y\u00ean Ereb\u00ea \u015eemo derdikeve ber \u00e7avan. Aydogan di p\u00ea\u015fgotina xwe ya d\u00fbvedir\u00eaj de, qala serp\u00eahatiya berhem\u00ea dike.<br \/>\n\u201cRomana kurd\u00ee ya yekem di sala 1935an de bi alfabeya \u00cesahak Marog\u00fblov ve hatiye \u00e7apkirin. Pi\u015ftre ji h\u00eala \u00ce. Orstrogoskaya ve werger\u00ea ziman\u00ea r\u00fbs\u00ee hatiye kirin \u00fb Baz\u00eel N\u00eek\u00eet\u00een j\u00ee ji r\u00fbs\u00fb ev pirt\u00fbk wergerandiye Frens\u00ee. Nured\u00een Zaza j\u00ee ev pirt\u00fbk ji Frens\u00ee wergerandiye kurmanc\u00ee. Yan\u00ee \u015eivan\u00ea Kurd weke wergera wergera werger\u00ea hatiye \u00e7apkirin \u00fb li nava kurdan belav b\u00fbye. Zaza dema pirt\u00fbk werger\u00ea kurmanc\u00ee dike nav weke \u015eivan\u00ea Kurd diguher\u00eene. Bi v\u00ea \u00e7apa We\u015fanxaneya L\u00ees\u00ea re pirt\u00fbk bi ziman\u00ea xwe y\u00ea ewil j\u00ee t\u00ea ve\u00e7apkirin \u00fb nav\u00ea w\u00ea y\u00ea orj\u00eenal \u015eivan\u00ea Kurmanca derdikeve p\u00ea\u015fber\u00ee xwendevanan.\u201d<br \/>\n\u201c\u015eivan\u00ea Kurmanca\u201d weke pirt\u00fbka we\u015fanxaneya L\u00ees\u00ea ya 75em\u00een \u00fb weke 21em\u00een pirt\u00fbka a r\u00eaza \u201cPirt\u00fbkxaneya Ehmed\u00ea Xan\u00ee\u201d t\u00ea \u00e7apkirin.<br \/>\nMaks\u00eem Gork\u00ee ji bo niv\u00eeskar\u00ea kurd Ereb\u00ea \u015eemo wiha dib\u00eaje: \u201cGel\u00ea kurd bi ziman\u00ea niv\u00eeskar\u00ea xwe Ereb \u015eam\u00eelov\u00ee qise dike\u2026\u201d<\/p>\n","protected":false},"excerpt":{"rendered":"<p dir=\"ltr\" style=\"text-align: center\"><strong>Pirt\u00fbk: \u015eivan\u00ea Kurmanca<br \/>\nNiv\u00eeskar: Ereb\u00ea \u015eemo<\/strong><br \/>\n<strong>Cure: Roman<\/strong><\/p>\n","protected":false},"featured_media":11904,"template":"","meta":{"site-sidebar-layout":"default","site-content-layout":"","ast-site-content-layout":"default","site-content-style":"default","site-sidebar-style":"default","ast-global-header-display":"","ast-banner-title-visibility":"","ast-main-header-display":"","ast-hfb-above-header-display":"","ast-hfb-below-header-display":"","ast-hfb-mobile-header-display":"","site-post-title":"","ast-breadcrumbs-content":"","ast-featured-img":"","footer-sml-layout":"","ast-disable-related-posts":"","theme-transparent-header-meta":"default","adv-header-id-meta":"","stick-header-meta":"","header-above-stick-meta":"","header-main-stick-meta":"","header-below-stick-meta":"","astra-migrate-meta-layouts":"set","ast-page-background-enabled":"default","ast-page-background-meta":{"desktop":{"background-color":"","background-image":"","background-repeat":"repeat","background-position":"center center","background-size":"auto","background-attachment":"scroll","background-type":"","background-media":"","overlay-type":"","overlay-color":"","overlay-opacity":"","overlay-gradient":""},"tablet":{"background-color":"","background-image":"","background-repeat":"repeat","background-position":"center center","background-size":"auto","background-attachment":"scroll","background-type":"","background-media":"","overlay-type":"","overlay-color":"","overlay-opacity":"","overlay-gradient":""},"mobile":{"background-color":"","background-image":"","background-repeat":"repeat","background-position":"center center","background-size":"auto","background-attachment":"scroll","background-type":"","background-media":"","overlay-type":"","overlay-color":"","overlay-opacity":"","overlay-gradient":""}},"ast-content-background-meta":{"desktop":{"background-color":"var(--ast-global-color-5)","background-image":"","background-repeat":"repeat","background-position":"center center","background-size":"auto","background-attachment":"scroll","background-type":"","background-media":"","overlay-type":"","overlay-color":"","overlay-opacity":"","overlay-gradient":""},"tablet":{"background-color":"var(--ast-global-color-5)","background-image":"","background-repeat":"repeat","background-position":"center center","background-size":"auto","background-attachment":"scroll","background-type":"","background-media":"","overlay-type":"","overlay-color":"","overlay-opacity":"","overlay-gradient":""},"mobile":{"background-color":"var(--ast-global-color-5)","background-image":"","background-repeat":"repeat","background-position":"center center","background-size":"auto","background-attachment":"scroll","background-type":"","background-media":"","overlay-type":"","overlay-color":"","overlay-opacity":"","overlay-gradient":""}}},"product_brand":[],"product_cat":[182,193],"product_tag":[],"class_list":{"0":"post-11863","1":"product","2":"type-product","3":"status-publish","4":"has-post-thumbnail","6":"product_cat-_","7":"product_cat--_","8":"pa_-roman","9":"pa_-erebe-semo","10":"pa_-kurmanci","11":"pa_--lis-yayinevi","12":"desktop-align-left","13":"tablet-align-left","14":"mobile-align-left","16":"first","17":"outofstock","18":"shipping-taxable","19":"purchasable","20":"product-type-simple"},"yoast_head":"<!-- This site is optimized with the Yoast SEO plugin v27.4 - https:\/\/yoast.com\/product\/yoast-seo-wordpress\/ -->\n<title>\u015eivan\u00ea Kurmanca - Ereb\u00ea \u015eemo - www.shanabooks.de<\/title>\n<meta name=\"description\" content=\"\u015eivan\u00ea Kurmanca - Ereb\u00ea \u015eemo Romana kurd\u00ee ya Yekem\u00een a Ereb\u00ea \u015eemo \u201c\u015eivan\u00ea Kurmanca\u201d ji aliy\u00ea We\u015fanxaneya L\u00ees\u00ea ve pi\u015ft\u00ee 74 salan bi alfabeya Celadet El\u00ee ...\" \/>\n<meta name=\"robots\" content=\"index, follow, max-snippet:-1, max-image-preview:large, max-video-preview:-1\" \/>\n<link rel=\"canonical\" href=\"https:\/\/shanabooks.de\/product\/sivane-kurmanca-erebe-semo\/\" \/>\n<meta property=\"og:locale\" content=\"de_DE\" \/>\n<meta property=\"og:type\" content=\"article\" \/>\n<meta property=\"og:title\" content=\"\u015eivan\u00ea Kurmanca - Ereb\u00ea \u015eemo - www.shanabooks.de\" \/>\n<meta property=\"og:description\" content=\"\u015eivan\u00ea Kurmanca - Ereb\u00ea \u015eemo Romana kurd\u00ee ya Yekem\u00een a Ereb\u00ea \u015eemo \u201c\u015eivan\u00ea Kurmanca\u201d ji aliy\u00ea We\u015fanxaneya L\u00ees\u00ea ve pi\u015ft\u00ee 74 salan bi alfabeya Celadet El\u00ee ...\" \/>\n<meta property=\"og:url\" content=\"https:\/\/shanabooks.de\/product\/sivane-kurmanca-erebe-semo\/\" \/>\n<meta property=\"og:site_name\" content=\"www.shanabooks.de\" \/>\n<meta property=\"article:modified_time\" content=\"2026-03-17T21:17:51+00:00\" \/>\n<meta property=\"og:image\" content=\"https:\/\/shanabooks.de\/wp-content\/uploads\/2024\/03\/Sivane-Kurmanca.png\" \/>\n\t<meta property=\"og:image:width\" content=\"295\" \/>\n\t<meta property=\"og:image:height\" content=\"478\" \/>\n\t<meta property=\"og:image:type\" content=\"image\/png\" \/>\n<meta name=\"twitter:card\" content=\"summary_large_image\" \/>\n<meta name=\"twitter:label1\" content=\"Gesch\u00e4tzte Lesezeit\" \/>\n\t<meta name=\"twitter:data1\" content=\"3\u00a0Minuten\" \/>\n<script type=\"application\/ld+json\" class=\"yoast-schema-graph\">{\"@context\":\"https:\\\/\\\/schema.org\",\"@graph\":[{\"@type\":\"WebPage\",\"@id\":\"https:\\\/\\\/shanabooks.de\\\/product\\\/sivane-kurmanca-erebe-semo\\\/\",\"url\":\"https:\\\/\\\/shanabooks.de\\\/product\\\/sivane-kurmanca-erebe-semo\\\/\",\"name\":\"\u015eivan\u00ea Kurmanca - Ereb\u00ea \u015eemo - www.shanabooks.de\",\"isPartOf\":{\"@id\":\"https:\\\/\\\/shanabooks.de\\\/#website\"},\"primaryImageOfPage\":{\"@id\":\"https:\\\/\\\/shanabooks.de\\\/product\\\/sivane-kurmanca-erebe-semo\\\/#primaryimage\"},\"image\":{\"@id\":\"https:\\\/\\\/shanabooks.de\\\/product\\\/sivane-kurmanca-erebe-semo\\\/#primaryimage\"},\"thumbnailUrl\":\"https:\\\/\\\/shanabooks.de\\\/wp-content\\\/uploads\\\/2024\\\/03\\\/Sivane-Kurmanca.png\",\"datePublished\":\"2024-03-03T19:38:52+00:00\",\"dateModified\":\"2026-03-17T21:17:51+00:00\",\"description\":\"\u015eivan\u00ea Kurmanca - Ereb\u00ea \u015eemo Romana kurd\u00ee ya Yekem\u00een a Ereb\u00ea \u015eemo \u201c\u015eivan\u00ea Kurmanca\u201d ji aliy\u00ea We\u015fanxaneya L\u00ees\u00ea ve pi\u015ft\u00ee 74 salan bi alfabeya Celadet El\u00ee ...\",\"breadcrumb\":{\"@id\":\"https:\\\/\\\/shanabooks.de\\\/product\\\/sivane-kurmanca-erebe-semo\\\/#breadcrumb\"},\"inLanguage\":\"de\",\"potentialAction\":[{\"@type\":\"ReadAction\",\"target\":[\"https:\\\/\\\/shanabooks.de\\\/product\\\/sivane-kurmanca-erebe-semo\\\/\"]}]},{\"@type\":\"ImageObject\",\"inLanguage\":\"de\",\"@id\":\"https:\\\/\\\/shanabooks.de\\\/product\\\/sivane-kurmanca-erebe-semo\\\/#primaryimage\",\"url\":\"https:\\\/\\\/shanabooks.de\\\/wp-content\\\/uploads\\\/2024\\\/03\\\/Sivane-Kurmanca.png\",\"contentUrl\":\"https:\\\/\\\/shanabooks.de\\\/wp-content\\\/uploads\\\/2024\\\/03\\\/Sivane-Kurmanca.png\",\"width\":295,\"height\":478,\"caption\":\"\u015eivan\u00ea Kurmanca - Ereb\u00ea \u015eemo - pirt\u00fbk\u00ean kurd\u00ee\"},{\"@type\":\"BreadcrumbList\",\"@id\":\"https:\\\/\\\/shanabooks.de\\\/product\\\/sivane-kurmanca-erebe-semo\\\/#breadcrumb\",\"itemListElement\":[{\"@type\":\"ListItem\",\"position\":1,\"name\":\"\u0627\u0644\u0631\u0626\u064a\u0633\u064a\u0629\",\"item\":\"https:\\\/\\\/shanabooks.de\\\/de\\\/\"},{\"@type\":\"ListItem\",\"position\":2,\"name\":\"\u0627\u0644\u0645\u0646\u062a\u062c\u0627\u062a\",\"item\":\"https:\\\/\\\/shanabooks.de\\\/shop\\\/\"},{\"@type\":\"ListItem\",\"position\":3,\"name\":\"\u015eivan\u00ea Kurmanca\"}]},{\"@type\":\"WebSite\",\"@id\":\"https:\\\/\\\/shanabooks.de\\\/#website\",\"url\":\"https:\\\/\\\/shanabooks.de\\\/\",\"name\":\"www.shanbooks.de\",\"description\":\"C\u00eehana Pirt\u00fbk\u00ean Kurd\u00ee \u0645\u0643\u062a\u0628\u0629 \u0634\u0627\u0646\u0627 \u0641\u064a \u0627\u0644\u0645\u0627\u0646\u064a\u0627 \u0648\u0623\u0648\u0631\u0628\u0627\",\"publisher\":{\"@id\":\"https:\\\/\\\/shanabooks.de\\\/#organization\"},\"potentialAction\":[{\"@type\":\"SearchAction\",\"target\":{\"@type\":\"EntryPoint\",\"urlTemplate\":\"https:\\\/\\\/shanabooks.de\\\/?s={search_term_string}\"},\"query-input\":{\"@type\":\"PropertyValueSpecification\",\"valueRequired\":true,\"valueName\":\"search_term_string\"}}],\"inLanguage\":\"de\"},{\"@type\":\"Organization\",\"@id\":\"https:\\\/\\\/shanabooks.de\\\/#organization\",\"name\":\"www.shanbooks.de\",\"url\":\"https:\\\/\\\/shanabooks.de\\\/\",\"logo\":{\"@type\":\"ImageObject\",\"inLanguage\":\"de\",\"@id\":\"https:\\\/\\\/shanabooks.de\\\/#\\\/schema\\\/logo\\\/image\\\/\",\"url\":\"https:\\\/\\\/shanabooks.de\\\/wp-content\\\/uploads\\\/2024\\\/03\\\/SHANABOOKS__2_-removebg-preview.png\",\"contentUrl\":\"https:\\\/\\\/shanabooks.de\\\/wp-content\\\/uploads\\\/2024\\\/03\\\/SHANABOOKS__2_-removebg-preview.png\",\"width\":700,\"height\":150,\"caption\":\"www.shanbooks.de\"},\"image\":{\"@id\":\"https:\\\/\\\/shanabooks.de\\\/#\\\/schema\\\/logo\\\/image\\\/\"}}]}<\/script>\n<!-- \/ Yoast SEO plugin. -->","yoast_head_json":{"title":"\u015eivan\u00ea Kurmanca - Ereb\u00ea \u015eemo - www.shanabooks.de","description":"\u015eivan\u00ea Kurmanca - Ereb\u00ea \u015eemo Romana kurd\u00ee ya Yekem\u00een a Ereb\u00ea \u015eemo \u201c\u015eivan\u00ea Kurmanca\u201d ji aliy\u00ea We\u015fanxaneya L\u00ees\u00ea ve pi\u015ft\u00ee 74 salan bi alfabeya Celadet El\u00ee ...","robots":{"index":"index","follow":"follow","max-snippet":"max-snippet:-1","max-image-preview":"max-image-preview:large","max-video-preview":"max-video-preview:-1"},"canonical":"https:\/\/shanabooks.de\/product\/sivane-kurmanca-erebe-semo\/","og_locale":"de_DE","og_type":"article","og_title":"\u015eivan\u00ea Kurmanca - Ereb\u00ea \u015eemo - www.shanabooks.de","og_description":"\u015eivan\u00ea Kurmanca - Ereb\u00ea \u015eemo Romana kurd\u00ee ya Yekem\u00een a Ereb\u00ea \u015eemo \u201c\u015eivan\u00ea Kurmanca\u201d ji aliy\u00ea We\u015fanxaneya L\u00ees\u00ea ve pi\u015ft\u00ee 74 salan bi alfabeya Celadet El\u00ee ...","og_url":"https:\/\/shanabooks.de\/product\/sivane-kurmanca-erebe-semo\/","og_site_name":"www.shanabooks.de","article_modified_time":"2026-03-17T21:17:51+00:00","og_image":[{"width":295,"height":478,"url":"https:\/\/shanabooks.de\/wp-content\/uploads\/2024\/03\/Sivane-Kurmanca.png","type":"image\/png"}],"twitter_card":"summary_large_image","twitter_misc":{"Gesch\u00e4tzte Lesezeit":"3\u00a0Minuten"},"schema":{"@context":"https:\/\/schema.org","@graph":[{"@type":"WebPage","@id":"https:\/\/shanabooks.de\/product\/sivane-kurmanca-erebe-semo\/","url":"https:\/\/shanabooks.de\/product\/sivane-kurmanca-erebe-semo\/","name":"\u015eivan\u00ea Kurmanca - Ereb\u00ea \u015eemo - www.shanabooks.de","isPartOf":{"@id":"https:\/\/shanabooks.de\/#website"},"primaryImageOfPage":{"@id":"https:\/\/shanabooks.de\/product\/sivane-kurmanca-erebe-semo\/#primaryimage"},"image":{"@id":"https:\/\/shanabooks.de\/product\/sivane-kurmanca-erebe-semo\/#primaryimage"},"thumbnailUrl":"https:\/\/shanabooks.de\/wp-content\/uploads\/2024\/03\/Sivane-Kurmanca.png","datePublished":"2024-03-03T19:38:52+00:00","dateModified":"2026-03-17T21:17:51+00:00","description":"\u015eivan\u00ea Kurmanca - Ereb\u00ea \u015eemo Romana kurd\u00ee ya Yekem\u00een a Ereb\u00ea \u015eemo \u201c\u015eivan\u00ea Kurmanca\u201d ji aliy\u00ea We\u015fanxaneya L\u00ees\u00ea ve pi\u015ft\u00ee 74 salan bi alfabeya Celadet El\u00ee ...","breadcrumb":{"@id":"https:\/\/shanabooks.de\/product\/sivane-kurmanca-erebe-semo\/#breadcrumb"},"inLanguage":"de","potentialAction":[{"@type":"ReadAction","target":["https:\/\/shanabooks.de\/product\/sivane-kurmanca-erebe-semo\/"]}]},{"@type":"ImageObject","inLanguage":"de","@id":"https:\/\/shanabooks.de\/product\/sivane-kurmanca-erebe-semo\/#primaryimage","url":"https:\/\/shanabooks.de\/wp-content\/uploads\/2024\/03\/Sivane-Kurmanca.png","contentUrl":"https:\/\/shanabooks.de\/wp-content\/uploads\/2024\/03\/Sivane-Kurmanca.png","width":295,"height":478,"caption":"\u015eivan\u00ea Kurmanca - Ereb\u00ea \u015eemo - pirt\u00fbk\u00ean kurd\u00ee"},{"@type":"BreadcrumbList","@id":"https:\/\/shanabooks.de\/product\/sivane-kurmanca-erebe-semo\/#breadcrumb","itemListElement":[{"@type":"ListItem","position":1,"name":"\u0627\u0644\u0631\u0626\u064a\u0633\u064a\u0629","item":"https:\/\/shanabooks.de\/de\/"},{"@type":"ListItem","position":2,"name":"\u0627\u0644\u0645\u0646\u062a\u062c\u0627\u062a","item":"https:\/\/shanabooks.de\/shop\/"},{"@type":"ListItem","position":3,"name":"\u015eivan\u00ea Kurmanca"}]},{"@type":"WebSite","@id":"https:\/\/shanabooks.de\/#website","url":"https:\/\/shanabooks.de\/","name":"www.shanbooks.de","description":"C\u00eehana Pirt\u00fbk\u00ean Kurd\u00ee \u0645\u0643\u062a\u0628\u0629 \u0634\u0627\u0646\u0627 \u0641\u064a \u0627\u0644\u0645\u0627\u0646\u064a\u0627 \u0648\u0623\u0648\u0631\u0628\u0627","publisher":{"@id":"https:\/\/shanabooks.de\/#organization"},"potentialAction":[{"@type":"SearchAction","target":{"@type":"EntryPoint","urlTemplate":"https:\/\/shanabooks.de\/?s={search_term_string}"},"query-input":{"@type":"PropertyValueSpecification","valueRequired":true,"valueName":"search_term_string"}}],"inLanguage":"de"},{"@type":"Organization","@id":"https:\/\/shanabooks.de\/#organization","name":"www.shanbooks.de","url":"https:\/\/shanabooks.de\/","logo":{"@type":"ImageObject","inLanguage":"de","@id":"https:\/\/shanabooks.de\/#\/schema\/logo\/image\/","url":"https:\/\/shanabooks.de\/wp-content\/uploads\/2024\/03\/SHANABOOKS__2_-removebg-preview.png","contentUrl":"https:\/\/shanabooks.de\/wp-content\/uploads\/2024\/03\/SHANABOOKS__2_-removebg-preview.png","width":700,"height":150,"caption":"www.shanbooks.de"},"image":{"@id":"https:\/\/shanabooks.de\/#\/schema\/logo\/image\/"}}]}},"jetpack_sharing_enabled":true,"_links":{"self":[{"href":"https:\/\/shanabooks.de\/de\/wp-json\/wp\/v2\/product\/11863","targetHints":{"allow":["GET"]}}],"collection":[{"href":"https:\/\/shanabooks.de\/de\/wp-json\/wp\/v2\/product"}],"about":[{"href":"https:\/\/shanabooks.de\/de\/wp-json\/wp\/v2\/types\/product"}],"version-history":[{"count":2,"href":"https:\/\/shanabooks.de\/de\/wp-json\/wp\/v2\/product\/11863\/revisions"}],"predecessor-version":[{"id":20117,"href":"https:\/\/shanabooks.de\/de\/wp-json\/wp\/v2\/product\/11863\/revisions\/20117"}],"wp:featuredmedia":[{"embeddable":true,"href":"https:\/\/shanabooks.de\/de\/wp-json\/wp\/v2\/media\/11904"}],"wp:attachment":[{"href":"https:\/\/shanabooks.de\/de\/wp-json\/wp\/v2\/media?parent=11863"}],"wp:term":[{"taxonomy":"product_brand","embeddable":true,"href":"https:\/\/shanabooks.de\/de\/wp-json\/wp\/v2\/product_brand?post=11863"},{"taxonomy":"product_cat","embeddable":true,"href":"https:\/\/shanabooks.de\/de\/wp-json\/wp\/v2\/product_cat?post=11863"},{"taxonomy":"product_tag","embeddable":true,"href":"https:\/\/shanabooks.de\/de\/wp-json\/wp\/v2\/product_tag?post=11863"}],"curies":[{"name":"wp","href":"https:\/\/api.w.org\/{rel}","templated":true}]}}