{"id":11864,"date":"2024-03-03T19:38:52","date_gmt":"2024-03-03T19:38:52","guid":{"rendered":"https:\/\/shanabooks.de\/?post_type=product&#038;p=11864"},"modified":"2025-12-30T22:44:08","modified_gmt":"2025-12-30T22:44:08","slug":"dimdim-ereb-semo","status":"publish","type":"product","link":"https:\/\/shanabooks.de\/de\/product\/dimdim-ereb-semo\/","title":{"rendered":"Dimdim"},"content":{"rendered":"<p dir=\"ltr\"><strong>Dimdim &#8211; Ereb \u015eemo<\/strong><\/p>\n<p dir=\"ltr\">Ev roman n\u00ee\u015fan dide wan roj\u00ean tar\u00eexa Kurdan, wext\u00ea ku Kurdistan di halek\u00ee pir giran de b\u00fb.<br \/>\nAl\u00eepad\u00ee\u015fah\u00ea Tirk\u00eeyey\u00ea (Rom\u00ea), \u00ea ku Ermenistan, S\u00fbr\u00eeye, Mezopotamya, Erebistan \u00fb Misir bi zora s\u00eelehan zeft kirin \u00fb derket n\u00eev\u00ea Balkanan, li w\u00ea der\u00ea j\u00ee Bulgaristan \u00fb dewleteke bi\u00e7\u00fbk, Albanya, zeft kirin. Pa\u015f\u00ea pad\u00ee\u015fah\u00ea Tirk\u00eeyey\u00ea ew esker\u00ea xwe y\u00ea giran bi s\u00eeleh \u00fb cebilxaneyan \u015fande ser Kurditan\u00ea. W\u00ee dixwest erd\u00ea wan \u00ea qed\u00eem \u00ea kal \u00fb<span class=\"text_exposed_show\">\u00a0bav\u00ean wan zeft bike \u00fb wan j\u00ee bike dest\u00ea xwe.<br \/>\nLi al\u00eey\u00ea din, \u015eah\u00ea \u00ceran\u00ea esker\u00ea xwe y\u00ea \u015fer\u00ea di qurnan de qalb\u00fby\u00ee di\u015fande ser Kurdistan\u00ea, wek\u00ee ji xwe re zeft bike. L\u00ea Kurdan bi m\u00earxas\u00ee \u015fer dikir li hember\u00ee wan her du dewlet\u00ean mezin \u00fb giran \u00ean w\u00ea \u00e7ax\u00ea.<br \/>\nEv romana Dimdim ya Ereb \u015eemo \u015fer\u00ea w\u00ee wext\u00ee y\u00ea li ser Kela Dimdim\u00ea qise dike \u00fb n\u00ee\u015fan dide \u00e7awa Kurdan \u015fer dikir li hember\u00ee wan dagirkeran \u00fb erd\u00ea kal \u00fb bav\u00ean xwe xwey\u00ee dikirin. Serkar\u00ea w\u00ee \u015fer\u00ee ne m\u00eer b\u00fb, ne beg b\u00fb, ne j\u00ee axa b\u00fb, ew Kurdek b\u00fb, nav\u00ea w\u00ee Xano b\u00fb. W\u00ee Kela Dimdim\u00ea \u00e7\u00eakir, xelk\u00ea j\u00ea re digot, Xanoy\u00ea \u00c7engz\u00ear\u00een.<br \/>\nDi behsa v\u00ea \u00e7\u00eeroka Kurdan \u00fb m\u00earxas\u00eeya wan de, gelek serp\u00eahat\u00ee hatine qisekirin \u00fb qelema gelek Kurdan \u00fb b\u00eeyan\u00eeyan j\u00ee li ser r\u00fbpel\u00ean v\u00ea destan\u00ea ger\u00eeyane. Niv\u00eeskar me y\u00ea gewre, m\u00eer\u00ea romanniv\u00ees\u00eeya Kurd\u00ee, Ereb\u00ea \u015eemo j\u00ee bi zimanek\u00ee rewan \u00fb h\u00eajay\u00ee pesin\u00ea ev destana han li ber me raxistiye \u00fb kiriye genc\u00eeneya gel\u00ea xwe ya \u00e7and\u00ee.\u00a0<\/span><\/p>\n","protected":false},"excerpt":{"rendered":"<p dir=\"ltr\" style=\"text-align: center\"><strong>Pirt\u00fbk: Dimdim<br \/>\nNiv\u00eeskar: Ereb \u015eemo<\/strong><br \/>\n<strong>Cure: Roman<\/strong><\/p>\n","protected":false},"featured_media":11906,"template":"","meta":{"site-sidebar-layout":"default","site-content-layout":"","ast-site-content-layout":"default","site-content-style":"default","site-sidebar-style":"default","ast-global-header-display":"","ast-banner-title-visibility":"","ast-main-header-display":"","ast-hfb-above-header-display":"","ast-hfb-below-header-display":"","ast-hfb-mobile-header-display":"","site-post-title":"","ast-breadcrumbs-content":"","ast-featured-img":"","footer-sml-layout":"","ast-disable-related-posts":"","theme-transparent-header-meta":"default","adv-header-id-meta":"","stick-header-meta":"","header-above-stick-meta":"","header-main-stick-meta":"","header-below-stick-meta":"","astra-migrate-meta-layouts":"set","ast-page-background-enabled":"default","ast-page-background-meta":{"desktop":{"background-color":"","background-image":"","background-repeat":"repeat","background-position":"center center","background-size":"auto","background-attachment":"scroll","background-type":"","background-media":"","overlay-type":"","overlay-color":"","overlay-opacity":"","overlay-gradient":""},"tablet":{"background-color":"","background-image":"","background-repeat":"repeat","background-position":"center center","background-size":"auto","background-attachment":"scroll","background-type":"","background-media":"","overlay-type":"","overlay-color":"","overlay-opacity":"","overlay-gradient":""},"mobile":{"background-color":"","background-image":"","background-repeat":"repeat","background-position":"center center","background-size":"auto","background-attachment":"scroll","background-type":"","background-media":"","overlay-type":"","overlay-color":"","overlay-opacity":"","overlay-gradient":""}},"ast-content-background-meta":{"desktop":{"background-color":"var(--ast-global-color-5)","background-image":"","background-repeat":"repeat","background-position":"center center","background-size":"auto","background-attachment":"scroll","background-type":"","background-media":"","overlay-type":"","overlay-color":"","overlay-opacity":"","overlay-gradient":""},"tablet":{"background-color":"var(--ast-global-color-5)","background-image":"","background-repeat":"repeat","background-position":"center center","background-size":"auto","background-attachment":"scroll","background-type":"","background-media":"","overlay-type":"","overlay-color":"","overlay-opacity":"","overlay-gradient":""},"mobile":{"background-color":"var(--ast-global-color-5)","background-image":"","background-repeat":"repeat","background-position":"center center","background-size":"auto","background-attachment":"scroll","background-type":"","background-media":"","overlay-type":"","overlay-color":"","overlay-opacity":"","overlay-gradient":""}}},"product_brand":[],"product_cat":[182,193],"product_tag":[],"class_list":{"0":"post-11864","1":"product","2":"type-product","3":"status-publish","4":"has-post-thumbnail","6":"product_cat-_","7":"product_cat--_","8":"pa_-roman","9":"pa_-erebe-semo","10":"pa_-kurmanci","11":"pa_--lis-yayinevi","12":"desktop-align-left","13":"tablet-align-left","14":"mobile-align-left","16":"first","17":"instock","18":"shipping-taxable","19":"purchasable","20":"product-type-simple"},"yoast_head":"<!-- This site is optimized with the Yoast SEO plugin v27.4 - https:\/\/yoast.com\/product\/yoast-seo-wordpress\/ -->\n<title>Dimdim - Ereb \u015eemo - www.shanabooks.de<\/title>\n<meta name=\"description\" content=\"Dimdim - Ereb \u015eemo Ev roman n\u00ee\u015fan dide wan roj\u00ean tar\u00eexa Kurdan, wext\u00ea ku Kurdistan di halek\u00ee pir giran de b\u00fb.Al\u00eepad\u00ee\u015fah\u00ea Tirk\u00eeyey\u00ea (Rom\u00ea), \u00ea ku Ermeni...\" \/>\n<meta name=\"robots\" content=\"index, follow, max-snippet:-1, max-image-preview:large, max-video-preview:-1\" \/>\n<link rel=\"canonical\" href=\"https:\/\/shanabooks.de\/product\/dimdim-ereb-semo\/\" \/>\n<meta property=\"og:locale\" content=\"de_DE\" \/>\n<meta property=\"og:type\" content=\"article\" \/>\n<meta property=\"og:title\" content=\"Dimdim - Ereb \u015eemo - www.shanabooks.de\" \/>\n<meta property=\"og:description\" content=\"Dimdim - Ereb \u015eemo Ev roman n\u00ee\u015fan dide wan roj\u00ean tar\u00eexa Kurdan, wext\u00ea ku Kurdistan di halek\u00ee pir giran de b\u00fb.Al\u00eepad\u00ee\u015fah\u00ea Tirk\u00eeyey\u00ea (Rom\u00ea), \u00ea ku Ermeni...\" \/>\n<meta property=\"og:url\" content=\"https:\/\/shanabooks.de\/product\/dimdim-ereb-semo\/\" \/>\n<meta property=\"og:site_name\" content=\"www.shanabooks.de\" \/>\n<meta property=\"article:modified_time\" content=\"2025-12-30T22:44:08+00:00\" \/>\n<meta property=\"og:image\" content=\"https:\/\/shanabooks.de\/wp-content\/uploads\/2024\/03\/Dimdim.png\" \/>\n\t<meta property=\"og:image:width\" content=\"294\" \/>\n\t<meta property=\"og:image:height\" content=\"480\" \/>\n\t<meta property=\"og:image:type\" content=\"image\/png\" \/>\n<meta name=\"twitter:card\" content=\"summary_large_image\" \/>\n<meta name=\"twitter:label1\" content=\"Gesch\u00e4tzte Lesezeit\" \/>\n\t<meta name=\"twitter:data1\" content=\"2\u00a0Minuten\" \/>\n<script type=\"application\/ld+json\" class=\"yoast-schema-graph\">{\"@context\":\"https:\\\/\\\/schema.org\",\"@graph\":[{\"@type\":\"WebPage\",\"@id\":\"https:\\\/\\\/shanabooks.de\\\/product\\\/dimdim-ereb-semo\\\/\",\"url\":\"https:\\\/\\\/shanabooks.de\\\/product\\\/dimdim-ereb-semo\\\/\",\"name\":\"Dimdim - Ereb \u015eemo - www.shanabooks.de\",\"isPartOf\":{\"@id\":\"https:\\\/\\\/shanabooks.de\\\/#website\"},\"primaryImageOfPage\":{\"@id\":\"https:\\\/\\\/shanabooks.de\\\/product\\\/dimdim-ereb-semo\\\/#primaryimage\"},\"image\":{\"@id\":\"https:\\\/\\\/shanabooks.de\\\/product\\\/dimdim-ereb-semo\\\/#primaryimage\"},\"thumbnailUrl\":\"https:\\\/\\\/shanabooks.de\\\/wp-content\\\/uploads\\\/2024\\\/03\\\/Dimdim.png\",\"datePublished\":\"2024-03-03T19:38:52+00:00\",\"dateModified\":\"2025-12-30T22:44:08+00:00\",\"description\":\"Dimdim - Ereb \u015eemo Ev roman n\u00ee\u015fan dide wan roj\u00ean tar\u00eexa Kurdan, wext\u00ea ku Kurdistan di halek\u00ee pir giran de b\u00fb.Al\u00eepad\u00ee\u015fah\u00ea Tirk\u00eeyey\u00ea (Rom\u00ea), \u00ea ku Ermeni...\",\"breadcrumb\":{\"@id\":\"https:\\\/\\\/shanabooks.de\\\/product\\\/dimdim-ereb-semo\\\/#breadcrumb\"},\"inLanguage\":\"de\",\"potentialAction\":[{\"@type\":\"ReadAction\",\"target\":[\"https:\\\/\\\/shanabooks.de\\\/product\\\/dimdim-ereb-semo\\\/\"]}]},{\"@type\":\"ImageObject\",\"inLanguage\":\"de\",\"@id\":\"https:\\\/\\\/shanabooks.de\\\/product\\\/dimdim-ereb-semo\\\/#primaryimage\",\"url\":\"https:\\\/\\\/shanabooks.de\\\/wp-content\\\/uploads\\\/2024\\\/03\\\/Dimdim.png\",\"contentUrl\":\"https:\\\/\\\/shanabooks.de\\\/wp-content\\\/uploads\\\/2024\\\/03\\\/Dimdim.png\",\"width\":294,\"height\":480,\"caption\":\"Dimdim - Ereb \u015eemo - pirt\u00fbk\u00ean kurd\u00ee\"},{\"@type\":\"BreadcrumbList\",\"@id\":\"https:\\\/\\\/shanabooks.de\\\/product\\\/dimdim-ereb-semo\\\/#breadcrumb\",\"itemListElement\":[{\"@type\":\"ListItem\",\"position\":1,\"name\":\"\u0627\u0644\u0631\u0626\u064a\u0633\u064a\u0629\",\"item\":\"https:\\\/\\\/shanabooks.de\\\/de\\\/\"},{\"@type\":\"ListItem\",\"position\":2,\"name\":\"\u0627\u0644\u0645\u0646\u062a\u062c\u0627\u062a\",\"item\":\"https:\\\/\\\/shanabooks.de\\\/shop\\\/\"},{\"@type\":\"ListItem\",\"position\":3,\"name\":\"Dimdim\"}]},{\"@type\":\"WebSite\",\"@id\":\"https:\\\/\\\/shanabooks.de\\\/#website\",\"url\":\"https:\\\/\\\/shanabooks.de\\\/\",\"name\":\"www.shanbooks.de\",\"description\":\"C\u00eehana Pirt\u00fbk\u00ean Kurd\u00ee \u0645\u0643\u062a\u0628\u0629 \u0634\u0627\u0646\u0627 \u0641\u064a \u0627\u0644\u0645\u0627\u0646\u064a\u0627 \u0648\u0623\u0648\u0631\u0628\u0627\",\"publisher\":{\"@id\":\"https:\\\/\\\/shanabooks.de\\\/#organization\"},\"potentialAction\":[{\"@type\":\"SearchAction\",\"target\":{\"@type\":\"EntryPoint\",\"urlTemplate\":\"https:\\\/\\\/shanabooks.de\\\/?s={search_term_string}\"},\"query-input\":{\"@type\":\"PropertyValueSpecification\",\"valueRequired\":true,\"valueName\":\"search_term_string\"}}],\"inLanguage\":\"de\"},{\"@type\":\"Organization\",\"@id\":\"https:\\\/\\\/shanabooks.de\\\/#organization\",\"name\":\"www.shanbooks.de\",\"url\":\"https:\\\/\\\/shanabooks.de\\\/\",\"logo\":{\"@type\":\"ImageObject\",\"inLanguage\":\"de\",\"@id\":\"https:\\\/\\\/shanabooks.de\\\/#\\\/schema\\\/logo\\\/image\\\/\",\"url\":\"https:\\\/\\\/shanabooks.de\\\/wp-content\\\/uploads\\\/2024\\\/03\\\/SHANABOOKS__2_-removebg-preview.png\",\"contentUrl\":\"https:\\\/\\\/shanabooks.de\\\/wp-content\\\/uploads\\\/2024\\\/03\\\/SHANABOOKS__2_-removebg-preview.png\",\"width\":700,\"height\":150,\"caption\":\"www.shanbooks.de\"},\"image\":{\"@id\":\"https:\\\/\\\/shanabooks.de\\\/#\\\/schema\\\/logo\\\/image\\\/\"}}]}<\/script>\n<!-- \/ Yoast SEO plugin. -->","yoast_head_json":{"title":"Dimdim - Ereb \u015eemo - www.shanabooks.de","description":"Dimdim - Ereb \u015eemo Ev roman n\u00ee\u015fan dide wan roj\u00ean tar\u00eexa Kurdan, wext\u00ea ku Kurdistan di halek\u00ee pir giran de b\u00fb.Al\u00eepad\u00ee\u015fah\u00ea Tirk\u00eeyey\u00ea (Rom\u00ea), \u00ea ku Ermeni...","robots":{"index":"index","follow":"follow","max-snippet":"max-snippet:-1","max-image-preview":"max-image-preview:large","max-video-preview":"max-video-preview:-1"},"canonical":"https:\/\/shanabooks.de\/product\/dimdim-ereb-semo\/","og_locale":"de_DE","og_type":"article","og_title":"Dimdim - Ereb \u015eemo - www.shanabooks.de","og_description":"Dimdim - Ereb \u015eemo Ev roman n\u00ee\u015fan dide wan roj\u00ean tar\u00eexa Kurdan, wext\u00ea ku Kurdistan di halek\u00ee pir giran de b\u00fb.Al\u00eepad\u00ee\u015fah\u00ea Tirk\u00eeyey\u00ea (Rom\u00ea), \u00ea ku Ermeni...","og_url":"https:\/\/shanabooks.de\/product\/dimdim-ereb-semo\/","og_site_name":"www.shanabooks.de","article_modified_time":"2025-12-30T22:44:08+00:00","og_image":[{"width":294,"height":480,"url":"https:\/\/shanabooks.de\/wp-content\/uploads\/2024\/03\/Dimdim.png","type":"image\/png"}],"twitter_card":"summary_large_image","twitter_misc":{"Gesch\u00e4tzte Lesezeit":"2\u00a0Minuten"},"schema":{"@context":"https:\/\/schema.org","@graph":[{"@type":"WebPage","@id":"https:\/\/shanabooks.de\/product\/dimdim-ereb-semo\/","url":"https:\/\/shanabooks.de\/product\/dimdim-ereb-semo\/","name":"Dimdim - Ereb \u015eemo - www.shanabooks.de","isPartOf":{"@id":"https:\/\/shanabooks.de\/#website"},"primaryImageOfPage":{"@id":"https:\/\/shanabooks.de\/product\/dimdim-ereb-semo\/#primaryimage"},"image":{"@id":"https:\/\/shanabooks.de\/product\/dimdim-ereb-semo\/#primaryimage"},"thumbnailUrl":"https:\/\/shanabooks.de\/wp-content\/uploads\/2024\/03\/Dimdim.png","datePublished":"2024-03-03T19:38:52+00:00","dateModified":"2025-12-30T22:44:08+00:00","description":"Dimdim - Ereb \u015eemo Ev roman n\u00ee\u015fan dide wan roj\u00ean tar\u00eexa Kurdan, wext\u00ea ku Kurdistan di halek\u00ee pir giran de b\u00fb.Al\u00eepad\u00ee\u015fah\u00ea Tirk\u00eeyey\u00ea (Rom\u00ea), \u00ea ku Ermeni...","breadcrumb":{"@id":"https:\/\/shanabooks.de\/product\/dimdim-ereb-semo\/#breadcrumb"},"inLanguage":"de","potentialAction":[{"@type":"ReadAction","target":["https:\/\/shanabooks.de\/product\/dimdim-ereb-semo\/"]}]},{"@type":"ImageObject","inLanguage":"de","@id":"https:\/\/shanabooks.de\/product\/dimdim-ereb-semo\/#primaryimage","url":"https:\/\/shanabooks.de\/wp-content\/uploads\/2024\/03\/Dimdim.png","contentUrl":"https:\/\/shanabooks.de\/wp-content\/uploads\/2024\/03\/Dimdim.png","width":294,"height":480,"caption":"Dimdim - Ereb \u015eemo - pirt\u00fbk\u00ean kurd\u00ee"},{"@type":"BreadcrumbList","@id":"https:\/\/shanabooks.de\/product\/dimdim-ereb-semo\/#breadcrumb","itemListElement":[{"@type":"ListItem","position":1,"name":"\u0627\u0644\u0631\u0626\u064a\u0633\u064a\u0629","item":"https:\/\/shanabooks.de\/de\/"},{"@type":"ListItem","position":2,"name":"\u0627\u0644\u0645\u0646\u062a\u062c\u0627\u062a","item":"https:\/\/shanabooks.de\/shop\/"},{"@type":"ListItem","position":3,"name":"Dimdim"}]},{"@type":"WebSite","@id":"https:\/\/shanabooks.de\/#website","url":"https:\/\/shanabooks.de\/","name":"www.shanbooks.de","description":"C\u00eehana Pirt\u00fbk\u00ean Kurd\u00ee \u0645\u0643\u062a\u0628\u0629 \u0634\u0627\u0646\u0627 \u0641\u064a \u0627\u0644\u0645\u0627\u0646\u064a\u0627 \u0648\u0623\u0648\u0631\u0628\u0627","publisher":{"@id":"https:\/\/shanabooks.de\/#organization"},"potentialAction":[{"@type":"SearchAction","target":{"@type":"EntryPoint","urlTemplate":"https:\/\/shanabooks.de\/?s={search_term_string}"},"query-input":{"@type":"PropertyValueSpecification","valueRequired":true,"valueName":"search_term_string"}}],"inLanguage":"de"},{"@type":"Organization","@id":"https:\/\/shanabooks.de\/#organization","name":"www.shanbooks.de","url":"https:\/\/shanabooks.de\/","logo":{"@type":"ImageObject","inLanguage":"de","@id":"https:\/\/shanabooks.de\/#\/schema\/logo\/image\/","url":"https:\/\/shanabooks.de\/wp-content\/uploads\/2024\/03\/SHANABOOKS__2_-removebg-preview.png","contentUrl":"https:\/\/shanabooks.de\/wp-content\/uploads\/2024\/03\/SHANABOOKS__2_-removebg-preview.png","width":700,"height":150,"caption":"www.shanbooks.de"},"image":{"@id":"https:\/\/shanabooks.de\/#\/schema\/logo\/image\/"}}]}},"jetpack_sharing_enabled":true,"_links":{"self":[{"href":"https:\/\/shanabooks.de\/de\/wp-json\/wp\/v2\/product\/11864","targetHints":{"allow":["GET"]}}],"collection":[{"href":"https:\/\/shanabooks.de\/de\/wp-json\/wp\/v2\/product"}],"about":[{"href":"https:\/\/shanabooks.de\/de\/wp-json\/wp\/v2\/types\/product"}],"version-history":[{"count":3,"href":"https:\/\/shanabooks.de\/de\/wp-json\/wp\/v2\/product\/11864\/revisions"}],"predecessor-version":[{"id":20023,"href":"https:\/\/shanabooks.de\/de\/wp-json\/wp\/v2\/product\/11864\/revisions\/20023"}],"wp:featuredmedia":[{"embeddable":true,"href":"https:\/\/shanabooks.de\/de\/wp-json\/wp\/v2\/media\/11906"}],"wp:attachment":[{"href":"https:\/\/shanabooks.de\/de\/wp-json\/wp\/v2\/media?parent=11864"}],"wp:term":[{"taxonomy":"product_brand","embeddable":true,"href":"https:\/\/shanabooks.de\/de\/wp-json\/wp\/v2\/product_brand?post=11864"},{"taxonomy":"product_cat","embeddable":true,"href":"https:\/\/shanabooks.de\/de\/wp-json\/wp\/v2\/product_cat?post=11864"},{"taxonomy":"product_tag","embeddable":true,"href":"https:\/\/shanabooks.de\/de\/wp-json\/wp\/v2\/product_tag?post=11864"}],"curies":[{"name":"wp","href":"https:\/\/api.w.org\/{rel}","templated":true}]}}