{"id":11865,"date":"2024-03-03T19:38:52","date_gmt":"2024-03-03T19:38:52","guid":{"rendered":"https:\/\/shanabooks.de\/?post_type=product&#038;p=11865"},"modified":"2025-12-30T22:37:32","modified_gmt":"2025-12-30T22:37:32","slug":"naqosen-romaye-jan-dost","status":"publish","type":"product","link":"https:\/\/shanabooks.de\/de\/product\/naqosen-romaye-jan-dost\/","title":{"rendered":"Naqos\u00ean Romay\u00ea"},"content":{"rendered":"<p dir=\"ltr\"><strong>Naqos\u00ean Romay\u00ea &#8211; Jan Dost<\/strong><\/p>\n<div dir=\"ltr\"><span style=\"color: #424242;font-family: Tahoma\">Bel\u00ea ezben\u00ee, dema ez b\u00fbm heft sal\u00ee, bav\u00ea min xwest ez bidim ser r\u00eayek\u00ea ji r\u00eayan ku ji ya w\u00ee bi xwe cuda be. Rab\u00fb ez\u00a0birim mizgefteke li ser qiraxa \u00c7em\u00ea Fer\u00eat, li h\u00eala Resafey\u00ea da\u00a0ez f\u00ear\u00ee Qur\u2019an\u00ea \u00fb awa \u00fb bingeh\u00ean xet \u00fb xwe\u015fniv\u00eesiy\u00ea bibim.\u00a0Li wir w\u00ee ez radest\u00ee xetatek\u00ee navdar kirim, nav\u00ea w\u00ee Dewr\u00ea\u015f\u00ea\u00a0<\/span>kur\u00ea Yas\u00een\u00ea Kurdzade b\u00fb ku hem\u00fb xetat\u00ean Bexday\u00ea di xet\u00ean\u00a0Nesix \u00fb S\u00fbl\u00fbs\u00ea de li pi\u015ft xwe hi\u015ftib\u00fbn \u00fb nav \u00fb deng\u00ea w\u00ee derketib\u00fb \u00fb \u015fagirt \u00fb qutabiyan ji \u00e7araliyan qesta w\u00ee dikirin.<\/div>\n<div dir=\"ltr\"><span style=\"color: #424242;font-family: Tahoma\">(be\u015fek ji roman\u00ea)<\/span><\/div>\n","protected":false},"excerpt":{"rendered":"<p dir=\"ltr\" style=\"text-align: center\"><strong>Pirt\u00fbk: Naqos\u00ean Romay\u00ea\u00a0<\/strong><br \/>\n<strong>Niv\u00eeskar: Jan Dost<\/strong><br \/>\n<strong>Cure: Roman<\/strong><\/p>\n","protected":false},"featured_media":11928,"template":"","meta":{"site-sidebar-layout":"default","site-content-layout":"","ast-site-content-layout":"default","site-content-style":"default","site-sidebar-style":"default","ast-global-header-display":"","ast-banner-title-visibility":"","ast-main-header-display":"","ast-hfb-above-header-display":"","ast-hfb-below-header-display":"","ast-hfb-mobile-header-display":"","site-post-title":"","ast-breadcrumbs-content":"","ast-featured-img":"","footer-sml-layout":"","ast-disable-related-posts":"","theme-transparent-header-meta":"default","adv-header-id-meta":"","stick-header-meta":"","header-above-stick-meta":"","header-main-stick-meta":"","header-below-stick-meta":"","astra-migrate-meta-layouts":"set","ast-page-background-enabled":"default","ast-page-background-meta":{"desktop":{"background-color":"","background-image":"","background-repeat":"repeat","background-position":"center center","background-size":"auto","background-attachment":"scroll","background-type":"","background-media":"","overlay-type":"","overlay-color":"","overlay-opacity":"","overlay-gradient":""},"tablet":{"background-color":"","background-image":"","background-repeat":"repeat","background-position":"center center","background-size":"auto","background-attachment":"scroll","background-type":"","background-media":"","overlay-type":"","overlay-color":"","overlay-opacity":"","overlay-gradient":""},"mobile":{"background-color":"","background-image":"","background-repeat":"repeat","background-position":"center center","background-size":"auto","background-attachment":"scroll","background-type":"","background-media":"","overlay-type":"","overlay-color":"","overlay-opacity":"","overlay-gradient":""}},"ast-content-background-meta":{"desktop":{"background-color":"var(--ast-global-color-5)","background-image":"","background-repeat":"repeat","background-position":"center center","background-size":"auto","background-attachment":"scroll","background-type":"","background-media":"","overlay-type":"","overlay-color":"","overlay-opacity":"","overlay-gradient":""},"tablet":{"background-color":"var(--ast-global-color-5)","background-image":"","background-repeat":"repeat","background-position":"center center","background-size":"auto","background-attachment":"scroll","background-type":"","background-media":"","overlay-type":"","overlay-color":"","overlay-opacity":"","overlay-gradient":""},"mobile":{"background-color":"var(--ast-global-color-5)","background-image":"","background-repeat":"repeat","background-position":"center center","background-size":"auto","background-attachment":"scroll","background-type":"","background-media":"","overlay-type":"","overlay-color":"","overlay-opacity":"","overlay-gradient":""}}},"product_brand":[],"product_cat":[182,193],"product_tag":[],"class_list":{"0":"post-11865","1":"product","2":"type-product","3":"status-publish","4":"has-post-thumbnail","6":"product_cat-_","7":"product_cat--_","8":"pa_-roman","9":"pa_-jan-dost","10":"pa_-kurmanci","11":"pa_--dara-yayinlari","12":"desktop-align-left","13":"tablet-align-left","14":"mobile-align-left","16":"first","17":"outofstock","18":"shipping-taxable","19":"purchasable","20":"product-type-simple"},"yoast_head":"<!-- This site is optimized with the Yoast SEO plugin v27.4 - https:\/\/yoast.com\/product\/yoast-seo-wordpress\/ -->\n<title>Naqos\u00ean Romay\u00ea - Jan Dost - www.shanabooks.de<\/title>\n<meta name=\"description\" content=\"Naqos\u00ean Romay\u00ea - Jan Dost Bel\u00ea ezben\u00ee, dema ez b\u00fbm heft sal\u00ee, bav\u00ea min xwest ez bidim ser r\u00eayek\u00ea ji r\u00eayan ku ji ya w\u00ee bi xwe cuda be. Rab\u00fb ez\u00a0birim mizg...\" \/>\n<meta name=\"robots\" content=\"index, follow, max-snippet:-1, max-image-preview:large, max-video-preview:-1\" \/>\n<link rel=\"canonical\" href=\"https:\/\/shanabooks.de\/product\/naqosen-romaye-jan-dost\/\" \/>\n<meta property=\"og:locale\" content=\"de_DE\" \/>\n<meta property=\"og:type\" content=\"article\" \/>\n<meta property=\"og:title\" content=\"Naqos\u00ean Romay\u00ea - Jan Dost - www.shanabooks.de\" \/>\n<meta property=\"og:description\" content=\"Naqos\u00ean Romay\u00ea - Jan Dost Bel\u00ea ezben\u00ee, dema ez b\u00fbm heft sal\u00ee, bav\u00ea min xwest ez bidim ser r\u00eayek\u00ea ji r\u00eayan ku ji ya w\u00ee bi xwe cuda be. Rab\u00fb ez\u00a0birim mizg...\" \/>\n<meta property=\"og:url\" content=\"https:\/\/shanabooks.de\/product\/naqosen-romaye-jan-dost\/\" \/>\n<meta property=\"og:site_name\" content=\"www.shanabooks.de\" \/>\n<meta property=\"article:modified_time\" content=\"2025-12-30T22:37:32+00:00\" \/>\n<meta property=\"og:image\" content=\"https:\/\/shanabooks.de\/wp-content\/uploads\/2024\/03\/Naqosen-Romaye.png\" \/>\n\t<meta property=\"og:image:width\" content=\"301\" \/>\n\t<meta property=\"og:image:height\" content=\"475\" \/>\n\t<meta property=\"og:image:type\" content=\"image\/png\" \/>\n<meta name=\"twitter:card\" content=\"summary_large_image\" \/>\n<meta name=\"twitter:label1\" content=\"Gesch\u00e4tzte Lesezeit\" \/>\n\t<meta name=\"twitter:data1\" content=\"1\u00a0Minute\" \/>\n<script type=\"application\/ld+json\" class=\"yoast-schema-graph\">{\"@context\":\"https:\\\/\\\/schema.org\",\"@graph\":[{\"@type\":\"WebPage\",\"@id\":\"https:\\\/\\\/shanabooks.de\\\/product\\\/naqosen-romaye-jan-dost\\\/\",\"url\":\"https:\\\/\\\/shanabooks.de\\\/product\\\/naqosen-romaye-jan-dost\\\/\",\"name\":\"Naqos\u00ean Romay\u00ea - Jan Dost - www.shanabooks.de\",\"isPartOf\":{\"@id\":\"https:\\\/\\\/shanabooks.de\\\/#website\"},\"primaryImageOfPage\":{\"@id\":\"https:\\\/\\\/shanabooks.de\\\/product\\\/naqosen-romaye-jan-dost\\\/#primaryimage\"},\"image\":{\"@id\":\"https:\\\/\\\/shanabooks.de\\\/product\\\/naqosen-romaye-jan-dost\\\/#primaryimage\"},\"thumbnailUrl\":\"https:\\\/\\\/shanabooks.de\\\/wp-content\\\/uploads\\\/2024\\\/03\\\/Naqosen-Romaye.png\",\"datePublished\":\"2024-03-03T19:38:52+00:00\",\"dateModified\":\"2025-12-30T22:37:32+00:00\",\"description\":\"Naqos\u00ean Romay\u00ea - Jan Dost Bel\u00ea ezben\u00ee, dema ez b\u00fbm heft sal\u00ee, bav\u00ea min xwest ez bidim ser r\u00eayek\u00ea ji r\u00eayan ku ji ya w\u00ee bi xwe cuda be. Rab\u00fb ez\u00a0birim mizg...\",\"breadcrumb\":{\"@id\":\"https:\\\/\\\/shanabooks.de\\\/product\\\/naqosen-romaye-jan-dost\\\/#breadcrumb\"},\"inLanguage\":\"de\",\"potentialAction\":[{\"@type\":\"ReadAction\",\"target\":[\"https:\\\/\\\/shanabooks.de\\\/product\\\/naqosen-romaye-jan-dost\\\/\"]}]},{\"@type\":\"ImageObject\",\"inLanguage\":\"de\",\"@id\":\"https:\\\/\\\/shanabooks.de\\\/product\\\/naqosen-romaye-jan-dost\\\/#primaryimage\",\"url\":\"https:\\\/\\\/shanabooks.de\\\/wp-content\\\/uploads\\\/2024\\\/03\\\/Naqosen-Romaye.png\",\"contentUrl\":\"https:\\\/\\\/shanabooks.de\\\/wp-content\\\/uploads\\\/2024\\\/03\\\/Naqosen-Romaye.png\",\"width\":301,\"height\":475,\"caption\":\"Naqos\u00ean Romay\u00ea - Jan Dost - pirt\u00fbk\u00ean kurd\u00ee\"},{\"@type\":\"BreadcrumbList\",\"@id\":\"https:\\\/\\\/shanabooks.de\\\/product\\\/naqosen-romaye-jan-dost\\\/#breadcrumb\",\"itemListElement\":[{\"@type\":\"ListItem\",\"position\":1,\"name\":\"\u0627\u0644\u0631\u0626\u064a\u0633\u064a\u0629\",\"item\":\"https:\\\/\\\/shanabooks.de\\\/de\\\/\"},{\"@type\":\"ListItem\",\"position\":2,\"name\":\"\u0627\u0644\u0645\u0646\u062a\u062c\u0627\u062a\",\"item\":\"https:\\\/\\\/shanabooks.de\\\/shop\\\/\"},{\"@type\":\"ListItem\",\"position\":3,\"name\":\"Naqos\u00ean Romay\u00ea\"}]},{\"@type\":\"WebSite\",\"@id\":\"https:\\\/\\\/shanabooks.de\\\/#website\",\"url\":\"https:\\\/\\\/shanabooks.de\\\/\",\"name\":\"www.shanbooks.de\",\"description\":\"C\u00eehana Pirt\u00fbk\u00ean Kurd\u00ee \u0645\u0643\u062a\u0628\u0629 \u0634\u0627\u0646\u0627 \u0641\u064a \u0627\u0644\u0645\u0627\u0646\u064a\u0627 \u0648\u0623\u0648\u0631\u0628\u0627\",\"publisher\":{\"@id\":\"https:\\\/\\\/shanabooks.de\\\/#organization\"},\"potentialAction\":[{\"@type\":\"SearchAction\",\"target\":{\"@type\":\"EntryPoint\",\"urlTemplate\":\"https:\\\/\\\/shanabooks.de\\\/?s={search_term_string}\"},\"query-input\":{\"@type\":\"PropertyValueSpecification\",\"valueRequired\":true,\"valueName\":\"search_term_string\"}}],\"inLanguage\":\"de\"},{\"@type\":\"Organization\",\"@id\":\"https:\\\/\\\/shanabooks.de\\\/#organization\",\"name\":\"www.shanbooks.de\",\"url\":\"https:\\\/\\\/shanabooks.de\\\/\",\"logo\":{\"@type\":\"ImageObject\",\"inLanguage\":\"de\",\"@id\":\"https:\\\/\\\/shanabooks.de\\\/#\\\/schema\\\/logo\\\/image\\\/\",\"url\":\"https:\\\/\\\/shanabooks.de\\\/wp-content\\\/uploads\\\/2024\\\/03\\\/SHANABOOKS__2_-removebg-preview.png\",\"contentUrl\":\"https:\\\/\\\/shanabooks.de\\\/wp-content\\\/uploads\\\/2024\\\/03\\\/SHANABOOKS__2_-removebg-preview.png\",\"width\":700,\"height\":150,\"caption\":\"www.shanbooks.de\"},\"image\":{\"@id\":\"https:\\\/\\\/shanabooks.de\\\/#\\\/schema\\\/logo\\\/image\\\/\"}}]}<\/script>\n<!-- \/ Yoast SEO plugin. -->","yoast_head_json":{"title":"Naqos\u00ean Romay\u00ea - Jan Dost - www.shanabooks.de","description":"Naqos\u00ean Romay\u00ea - Jan Dost Bel\u00ea ezben\u00ee, dema ez b\u00fbm heft sal\u00ee, bav\u00ea min xwest ez bidim ser r\u00eayek\u00ea ji r\u00eayan ku ji ya w\u00ee bi xwe cuda be. Rab\u00fb ez\u00a0birim mizg...","robots":{"index":"index","follow":"follow","max-snippet":"max-snippet:-1","max-image-preview":"max-image-preview:large","max-video-preview":"max-video-preview:-1"},"canonical":"https:\/\/shanabooks.de\/product\/naqosen-romaye-jan-dost\/","og_locale":"de_DE","og_type":"article","og_title":"Naqos\u00ean Romay\u00ea - Jan Dost - www.shanabooks.de","og_description":"Naqos\u00ean Romay\u00ea - Jan Dost Bel\u00ea ezben\u00ee, dema ez b\u00fbm heft sal\u00ee, bav\u00ea min xwest ez bidim ser r\u00eayek\u00ea ji r\u00eayan ku ji ya w\u00ee bi xwe cuda be. Rab\u00fb ez\u00a0birim mizg...","og_url":"https:\/\/shanabooks.de\/product\/naqosen-romaye-jan-dost\/","og_site_name":"www.shanabooks.de","article_modified_time":"2025-12-30T22:37:32+00:00","og_image":[{"width":301,"height":475,"url":"https:\/\/shanabooks.de\/wp-content\/uploads\/2024\/03\/Naqosen-Romaye.png","type":"image\/png"}],"twitter_card":"summary_large_image","twitter_misc":{"Gesch\u00e4tzte Lesezeit":"1\u00a0Minute"},"schema":{"@context":"https:\/\/schema.org","@graph":[{"@type":"WebPage","@id":"https:\/\/shanabooks.de\/product\/naqosen-romaye-jan-dost\/","url":"https:\/\/shanabooks.de\/product\/naqosen-romaye-jan-dost\/","name":"Naqos\u00ean Romay\u00ea - Jan Dost - www.shanabooks.de","isPartOf":{"@id":"https:\/\/shanabooks.de\/#website"},"primaryImageOfPage":{"@id":"https:\/\/shanabooks.de\/product\/naqosen-romaye-jan-dost\/#primaryimage"},"image":{"@id":"https:\/\/shanabooks.de\/product\/naqosen-romaye-jan-dost\/#primaryimage"},"thumbnailUrl":"https:\/\/shanabooks.de\/wp-content\/uploads\/2024\/03\/Naqosen-Romaye.png","datePublished":"2024-03-03T19:38:52+00:00","dateModified":"2025-12-30T22:37:32+00:00","description":"Naqos\u00ean Romay\u00ea - Jan Dost Bel\u00ea ezben\u00ee, dema ez b\u00fbm heft sal\u00ee, bav\u00ea min xwest ez bidim ser r\u00eayek\u00ea ji r\u00eayan ku ji ya w\u00ee bi xwe cuda be. Rab\u00fb ez\u00a0birim mizg...","breadcrumb":{"@id":"https:\/\/shanabooks.de\/product\/naqosen-romaye-jan-dost\/#breadcrumb"},"inLanguage":"de","potentialAction":[{"@type":"ReadAction","target":["https:\/\/shanabooks.de\/product\/naqosen-romaye-jan-dost\/"]}]},{"@type":"ImageObject","inLanguage":"de","@id":"https:\/\/shanabooks.de\/product\/naqosen-romaye-jan-dost\/#primaryimage","url":"https:\/\/shanabooks.de\/wp-content\/uploads\/2024\/03\/Naqosen-Romaye.png","contentUrl":"https:\/\/shanabooks.de\/wp-content\/uploads\/2024\/03\/Naqosen-Romaye.png","width":301,"height":475,"caption":"Naqos\u00ean Romay\u00ea - Jan Dost - pirt\u00fbk\u00ean kurd\u00ee"},{"@type":"BreadcrumbList","@id":"https:\/\/shanabooks.de\/product\/naqosen-romaye-jan-dost\/#breadcrumb","itemListElement":[{"@type":"ListItem","position":1,"name":"\u0627\u0644\u0631\u0626\u064a\u0633\u064a\u0629","item":"https:\/\/shanabooks.de\/de\/"},{"@type":"ListItem","position":2,"name":"\u0627\u0644\u0645\u0646\u062a\u062c\u0627\u062a","item":"https:\/\/shanabooks.de\/shop\/"},{"@type":"ListItem","position":3,"name":"Naqos\u00ean Romay\u00ea"}]},{"@type":"WebSite","@id":"https:\/\/shanabooks.de\/#website","url":"https:\/\/shanabooks.de\/","name":"www.shanbooks.de","description":"C\u00eehana Pirt\u00fbk\u00ean Kurd\u00ee \u0645\u0643\u062a\u0628\u0629 \u0634\u0627\u0646\u0627 \u0641\u064a \u0627\u0644\u0645\u0627\u0646\u064a\u0627 \u0648\u0623\u0648\u0631\u0628\u0627","publisher":{"@id":"https:\/\/shanabooks.de\/#organization"},"potentialAction":[{"@type":"SearchAction","target":{"@type":"EntryPoint","urlTemplate":"https:\/\/shanabooks.de\/?s={search_term_string}"},"query-input":{"@type":"PropertyValueSpecification","valueRequired":true,"valueName":"search_term_string"}}],"inLanguage":"de"},{"@type":"Organization","@id":"https:\/\/shanabooks.de\/#organization","name":"www.shanbooks.de","url":"https:\/\/shanabooks.de\/","logo":{"@type":"ImageObject","inLanguage":"de","@id":"https:\/\/shanabooks.de\/#\/schema\/logo\/image\/","url":"https:\/\/shanabooks.de\/wp-content\/uploads\/2024\/03\/SHANABOOKS__2_-removebg-preview.png","contentUrl":"https:\/\/shanabooks.de\/wp-content\/uploads\/2024\/03\/SHANABOOKS__2_-removebg-preview.png","width":700,"height":150,"caption":"www.shanbooks.de"},"image":{"@id":"https:\/\/shanabooks.de\/#\/schema\/logo\/image\/"}}]}},"jetpack_sharing_enabled":true,"_links":{"self":[{"href":"https:\/\/shanabooks.de\/de\/wp-json\/wp\/v2\/product\/11865","targetHints":{"allow":["GET"]}}],"collection":[{"href":"https:\/\/shanabooks.de\/de\/wp-json\/wp\/v2\/product"}],"about":[{"href":"https:\/\/shanabooks.de\/de\/wp-json\/wp\/v2\/types\/product"}],"version-history":[{"count":3,"href":"https:\/\/shanabooks.de\/de\/wp-json\/wp\/v2\/product\/11865\/revisions"}],"predecessor-version":[{"id":19957,"href":"https:\/\/shanabooks.de\/de\/wp-json\/wp\/v2\/product\/11865\/revisions\/19957"}],"wp:featuredmedia":[{"embeddable":true,"href":"https:\/\/shanabooks.de\/de\/wp-json\/wp\/v2\/media\/11928"}],"wp:attachment":[{"href":"https:\/\/shanabooks.de\/de\/wp-json\/wp\/v2\/media?parent=11865"}],"wp:term":[{"taxonomy":"product_brand","embeddable":true,"href":"https:\/\/shanabooks.de\/de\/wp-json\/wp\/v2\/product_brand?post=11865"},{"taxonomy":"product_cat","embeddable":true,"href":"https:\/\/shanabooks.de\/de\/wp-json\/wp\/v2\/product_cat?post=11865"},{"taxonomy":"product_tag","embeddable":true,"href":"https:\/\/shanabooks.de\/de\/wp-json\/wp\/v2\/product_tag?post=11865"}],"curies":[{"name":"wp","href":"https:\/\/api.w.org\/{rel}","templated":true}]}}