{"id":11867,"date":"2024-03-03T19:38:52","date_gmt":"2024-03-03T19:38:52","guid":{"rendered":"https:\/\/shanabooks.de\/?post_type=product&#038;p=11867"},"modified":"2026-01-01T19:44:04","modified_gmt":"2026-01-01T19:44:04","slug":"mem-u-zin-bi-kurdiya-iro-jan-dost","status":"publish","type":"product","link":"https:\/\/shanabooks.de\/de\/product\/mem-u-zin-bi-kurdiya-iro-jan-dost\/","title":{"rendered":"Mem \u00fb Z\u00een &#8211; bi Kurdiya \u00eero"},"content":{"rendered":"<p dir=\"ltr\"><strong>Mem \u00fb Z\u00een &#8211; bi Kurdiya \u00eero &#8211; Jan Dost<\/strong><\/p>\n<div dir=\"ltr\"><span style=\"font-family: Verdana\">Mem \u00fb Z\u00eena Xan\u00ee bi kurdiya \u00eero ya ku Jan Dost amade kiriye <\/span><span style=\"font-family: Verdana\">wek kit\u00eaba destan ji n\u00fb ve \u00e7ap b\u00fb, div\u00ea kes nem\u00eene ku Mem \u00fb Z\u00een nexwendibe \u00fb j\u00ea fam nekiribe, ji v\u00ea \u00e7ap\u00ea armanc ev e.<\/span><\/div>\n<div dir=\"ltr\"><span style=\"font-family: Verdana\">Ji dema Ehmed\u00ea Xan\u00ee de heta destp\u00eaka sedsala 20an ziman\u00ea kurd\u00ee y\u00ea niv\u00eesandin\u00ea z\u00eade nehatib\u00fb guhertin. Jixwe herf\u00ean lat\u00een\u00ee h\u00een nehatib\u00fbn meydan\u00ea \u00fb her kurdek\u00ee dikarib\u00fb Mem \u00fb Z\u00een\u00ea bixw\u00eene \u00fb k\u00eam z\u00eade j\u00ea fam bike. L\u00ea pi\u015ft\u00ee tevgera kultur\u00ee, \u00ead\u00ee h\u00ead\u00ee h\u00ead\u00ee kurd d\u00fbr\u00ee klas\u00eek\u00ean xwe \u00e7\u00fbn \u00fb her ku \u00e7\u00fb ji m\u00eerat\u00ea xwe y\u00ea w\u00eajey\u00ee qut b\u00fbn. P\u00ea\u015fketina ziman\u00ea kurd\u00ee \u00fb bizav\u00ean niv\u00eesandina bi kurmanciya paqij ev qut b\u00fbn b\u00eatir bi cih kir \u00fb \u00ead\u00ee ew peyv\u00ean di berhem\u00ean klas\u00eek de ku n\u00ee\u015fana ciwaniya wan berheman \u00fb \u015farezay\u00ee \u00fb hostetiya niv\u00eeskar\u00ean wan b\u00fbn, b\u00fbne kelem li ber f\u00eamkirin \u00fb t\u00eagihi\u015ftina wan berheman.<\/span><\/div>\n<div><span style=\"font-family: Verdana\">\u00a0<\/span><\/div>\n<div dir=\"ltr\"><span style=\"font-family: Verdana\">Mem \u00fb Z\u00een\u00ea j\u00ee ji c\u00fbrey\u00ea tekst\u00ean ku girt\u00ee ne \u00fb herkes niha t\u00ea nagih\u00eeje. Ji ber v\u00ea yek\u00ea p\u00eawistiya \u015f\u00eerovekirina v\u00ea tekst\u00ea heb\u00fb. Ev xebat ji bo ku Mem \u00fb Z\u00een bi h\u00easan\u00ee li ser zimanan bigere \u00fb b\u00eer\u00fbbaweri \u00fb hizr\u00ean Xan\u00ee zind\u00ee bim\u00eenin hatiye meydan\u00ea. Em h\u00eav\u00eedar in ku ev xebat bibe pireke xurt di navbera xwendevan\u00ean \u00eero \u00fb Ehmed\u00ea Xan\u00ee \u00fb berhema w\u00ee de.<\/span><\/div>\n","protected":false},"excerpt":{"rendered":"<p dir=\"ltr\" style=\"text-align: center\"><strong>Pirt\u00fbk: Mem \u00fb Z\u00een &#8211; bi Kurdiya \u00eero<br \/>\nNiv\u00eeskar: Ehmed\u00ea Xan\u00ee<\/strong><br \/>\n<strong>Bi kurdiya \u00eero: Jan Dost<\/strong><br \/>\n<strong>Cure: Helbest<\/strong><\/p>\n","protected":false},"featured_media":4578,"template":"","meta":{"site-sidebar-layout":"default","site-content-layout":"","ast-site-content-layout":"default","site-content-style":"default","site-sidebar-style":"default","ast-global-header-display":"","ast-banner-title-visibility":"","ast-main-header-display":"","ast-hfb-above-header-display":"","ast-hfb-below-header-display":"","ast-hfb-mobile-header-display":"","site-post-title":"","ast-breadcrumbs-content":"","ast-featured-img":"","footer-sml-layout":"","ast-disable-related-posts":"","theme-transparent-header-meta":"default","adv-header-id-meta":"","stick-header-meta":"","header-above-stick-meta":"","header-main-stick-meta":"","header-below-stick-meta":"","astra-migrate-meta-layouts":"set","ast-page-background-enabled":"default","ast-page-background-meta":{"desktop":{"background-color":"","background-image":"","background-repeat":"repeat","background-position":"center center","background-size":"auto","background-attachment":"scroll","background-type":"","background-media":"","overlay-type":"","overlay-color":"","overlay-opacity":"","overlay-gradient":""},"tablet":{"background-color":"","background-image":"","background-repeat":"repeat","background-position":"center center","background-size":"auto","background-attachment":"scroll","background-type":"","background-media":"","overlay-type":"","overlay-color":"","overlay-opacity":"","overlay-gradient":""},"mobile":{"background-color":"","background-image":"","background-repeat":"repeat","background-position":"center center","background-size":"auto","background-attachment":"scroll","background-type":"","background-media":"","overlay-type":"","overlay-color":"","overlay-opacity":"","overlay-gradient":""}},"ast-content-background-meta":{"desktop":{"background-color":"var(--ast-global-color-5)","background-image":"","background-repeat":"repeat","background-position":"center center","background-size":"auto","background-attachment":"scroll","background-type":"","background-media":"","overlay-type":"","overlay-color":"","overlay-opacity":"","overlay-gradient":""},"tablet":{"background-color":"var(--ast-global-color-5)","background-image":"","background-repeat":"repeat","background-position":"center center","background-size":"auto","background-attachment":"scroll","background-type":"","background-media":"","overlay-type":"","overlay-color":"","overlay-opacity":"","overlay-gradient":""},"mobile":{"background-color":"var(--ast-global-color-5)","background-image":"","background-repeat":"repeat","background-position":"center center","background-size":"auto","background-attachment":"scroll","background-type":"","background-media":"","overlay-type":"","overlay-color":"","overlay-opacity":"","overlay-gradient":""}}},"product_brand":[],"product_cat":[181,184,180,193],"product_tag":[],"class_list":{"0":"post-11867","1":"product","2":"type-product","3":"status-publish","4":"has-post-thumbnail","6":"product_cat--_","7":"product_cat-_","10":"pa_-folklor","11":"pa_-helbest","12":"pa_-klasiken-kurdi","13":"pa_-ehmede-xani","14":"pa_-kurmanci","15":"pa_--avesta-yayinlari","16":"desktop-align-left","17":"tablet-align-left","18":"mobile-align-left","20":"first","21":"outofstock","22":"shipping-taxable","23":"purchasable","24":"product-type-simple"},"yoast_head":"<!-- This site is optimized with the Yoast SEO plugin v27.4 - https:\/\/yoast.com\/product\/yoast-seo-wordpress\/ -->\n<title>Mem \u00fb Z\u00een - bi Kurdiya \u00eero - Jan Dost - www.shanabooks.de<\/title>\n<meta name=\"description\" content=\"Mem \u00fb Z\u00een - bi Kurdiya \u00eero - Jan Dost Mem \u00fb Z\u00eena Xan\u00ee bi kurdiya \u00eero wek kit\u00eaba destan ji n\u00fb ve \u00e7ap b\u00fb, div\u00ea kes nem\u00eene ku Mem \u00fb Z\u00een nexwendibe \u00fb j\u00ea fam ...\" \/>\n<meta name=\"robots\" content=\"index, follow, max-snippet:-1, max-image-preview:large, max-video-preview:-1\" \/>\n<link rel=\"canonical\" href=\"https:\/\/shanabooks.de\/product\/mem-u-zin-bi-kurdiya-iro-jan-dost\/\" \/>\n<meta property=\"og:locale\" content=\"de_DE\" \/>\n<meta property=\"og:type\" content=\"article\" \/>\n<meta property=\"og:title\" content=\"Mem \u00fb Z\u00een - bi Kurdiya \u00eero - Jan Dost - www.shanabooks.de\" \/>\n<meta property=\"og:description\" content=\"Mem \u00fb Z\u00een - bi Kurdiya \u00eero - Jan Dost Mem \u00fb Z\u00eena Xan\u00ee bi kurdiya \u00eero wek kit\u00eaba destan ji n\u00fb ve \u00e7ap b\u00fb, div\u00ea kes nem\u00eene ku Mem \u00fb Z\u00een nexwendibe \u00fb j\u00ea fam ...\" \/>\n<meta property=\"og:url\" content=\"https:\/\/shanabooks.de\/product\/mem-u-zin-bi-kurdiya-iro-jan-dost\/\" \/>\n<meta property=\"og:site_name\" content=\"www.shanabooks.de\" \/>\n<meta property=\"article:modified_time\" content=\"2026-01-01T19:44:04+00:00\" \/>\n<meta property=\"og:image\" content=\"https:\/\/shanabooks.de\/wp-content\/uploads\/2024\/01\/Mem-u-Zin-bi-Kurdiya-Iro-1-1-e1707070838817.png\" \/>\n\t<meta property=\"og:image:width\" content=\"178\" \/>\n\t<meta property=\"og:image:height\" content=\"250\" \/>\n\t<meta property=\"og:image:type\" content=\"image\/png\" \/>\n<meta name=\"twitter:card\" content=\"summary_large_image\" \/>\n<meta name=\"twitter:label1\" content=\"Gesch\u00e4tzte Lesezeit\" \/>\n\t<meta name=\"twitter:data1\" content=\"2\u00a0Minuten\" \/>\n<script type=\"application\/ld+json\" class=\"yoast-schema-graph\">{\"@context\":\"https:\\\/\\\/schema.org\",\"@graph\":[{\"@type\":\"WebPage\",\"@id\":\"https:\\\/\\\/shanabooks.de\\\/product\\\/mem-u-zin-bi-kurdiya-iro-jan-dost\\\/\",\"url\":\"https:\\\/\\\/shanabooks.de\\\/product\\\/mem-u-zin-bi-kurdiya-iro-jan-dost\\\/\",\"name\":\"Mem \u00fb Z\u00een - bi Kurdiya \u00eero - Jan Dost - www.shanabooks.de\",\"isPartOf\":{\"@id\":\"https:\\\/\\\/shanabooks.de\\\/#website\"},\"primaryImageOfPage\":{\"@id\":\"https:\\\/\\\/shanabooks.de\\\/product\\\/mem-u-zin-bi-kurdiya-iro-jan-dost\\\/#primaryimage\"},\"image\":{\"@id\":\"https:\\\/\\\/shanabooks.de\\\/product\\\/mem-u-zin-bi-kurdiya-iro-jan-dost\\\/#primaryimage\"},\"thumbnailUrl\":\"https:\\\/\\\/shanabooks.de\\\/wp-content\\\/uploads\\\/2024\\\/01\\\/Mem-u-Zin-bi-Kurdiya-Iro-1-1-e1707070838817.png\",\"datePublished\":\"2024-03-03T19:38:52+00:00\",\"dateModified\":\"2026-01-01T19:44:04+00:00\",\"description\":\"Mem \u00fb Z\u00een - bi Kurdiya \u00eero - Jan Dost Mem \u00fb Z\u00eena Xan\u00ee bi kurdiya \u00eero wek kit\u00eaba destan ji n\u00fb ve \u00e7ap b\u00fb, div\u00ea kes nem\u00eene ku Mem \u00fb Z\u00een nexwendibe \u00fb j\u00ea fam ...\",\"breadcrumb\":{\"@id\":\"https:\\\/\\\/shanabooks.de\\\/product\\\/mem-u-zin-bi-kurdiya-iro-jan-dost\\\/#breadcrumb\"},\"inLanguage\":\"de\",\"potentialAction\":[{\"@type\":\"ReadAction\",\"target\":[\"https:\\\/\\\/shanabooks.de\\\/product\\\/mem-u-zin-bi-kurdiya-iro-jan-dost\\\/\"]}]},{\"@type\":\"ImageObject\",\"inLanguage\":\"de\",\"@id\":\"https:\\\/\\\/shanabooks.de\\\/product\\\/mem-u-zin-bi-kurdiya-iro-jan-dost\\\/#primaryimage\",\"url\":\"https:\\\/\\\/shanabooks.de\\\/wp-content\\\/uploads\\\/2024\\\/01\\\/Mem-u-Zin-bi-Kurdiya-Iro-1-1-e1707070838817.png\",\"contentUrl\":\"https:\\\/\\\/shanabooks.de\\\/wp-content\\\/uploads\\\/2024\\\/01\\\/Mem-u-Zin-bi-Kurdiya-Iro-1-1-e1707070838817.png\",\"width\":178,\"height\":250,\"caption\":\"Mem \u00fb Z\u00een - bi Kurdiya \u00eero - Jan Dost - pirt\u00fbk\u00ean kurd\u00ee\"},{\"@type\":\"BreadcrumbList\",\"@id\":\"https:\\\/\\\/shanabooks.de\\\/product\\\/mem-u-zin-bi-kurdiya-iro-jan-dost\\\/#breadcrumb\",\"itemListElement\":[{\"@type\":\"ListItem\",\"position\":1,\"name\":\"\u0627\u0644\u0631\u0626\u064a\u0633\u064a\u0629\",\"item\":\"https:\\\/\\\/shanabooks.de\\\/de\\\/\"},{\"@type\":\"ListItem\",\"position\":2,\"name\":\"\u0627\u0644\u0645\u0646\u062a\u062c\u0627\u062a\",\"item\":\"https:\\\/\\\/shanabooks.de\\\/shop\\\/\"},{\"@type\":\"ListItem\",\"position\":3,\"name\":\"Mem \u00fb Z\u00een &#8211; bi Kurdiya \u00eero\"}]},{\"@type\":\"WebSite\",\"@id\":\"https:\\\/\\\/shanabooks.de\\\/#website\",\"url\":\"https:\\\/\\\/shanabooks.de\\\/\",\"name\":\"www.shanbooks.de\",\"description\":\"C\u00eehana Pirt\u00fbk\u00ean Kurd\u00ee \u0645\u0643\u062a\u0628\u0629 \u0634\u0627\u0646\u0627 \u0641\u064a \u0627\u0644\u0645\u0627\u0646\u064a\u0627 \u0648\u0623\u0648\u0631\u0628\u0627\",\"publisher\":{\"@id\":\"https:\\\/\\\/shanabooks.de\\\/#organization\"},\"potentialAction\":[{\"@type\":\"SearchAction\",\"target\":{\"@type\":\"EntryPoint\",\"urlTemplate\":\"https:\\\/\\\/shanabooks.de\\\/?s={search_term_string}\"},\"query-input\":{\"@type\":\"PropertyValueSpecification\",\"valueRequired\":true,\"valueName\":\"search_term_string\"}}],\"inLanguage\":\"de\"},{\"@type\":\"Organization\",\"@id\":\"https:\\\/\\\/shanabooks.de\\\/#organization\",\"name\":\"www.shanbooks.de\",\"url\":\"https:\\\/\\\/shanabooks.de\\\/\",\"logo\":{\"@type\":\"ImageObject\",\"inLanguage\":\"de\",\"@id\":\"https:\\\/\\\/shanabooks.de\\\/#\\\/schema\\\/logo\\\/image\\\/\",\"url\":\"https:\\\/\\\/shanabooks.de\\\/wp-content\\\/uploads\\\/2024\\\/03\\\/SHANABOOKS__2_-removebg-preview.png\",\"contentUrl\":\"https:\\\/\\\/shanabooks.de\\\/wp-content\\\/uploads\\\/2024\\\/03\\\/SHANABOOKS__2_-removebg-preview.png\",\"width\":700,\"height\":150,\"caption\":\"www.shanbooks.de\"},\"image\":{\"@id\":\"https:\\\/\\\/shanabooks.de\\\/#\\\/schema\\\/logo\\\/image\\\/\"}}]}<\/script>\n<!-- \/ Yoast SEO plugin. -->","yoast_head_json":{"title":"Mem \u00fb Z\u00een - bi Kurdiya \u00eero - Jan Dost - www.shanabooks.de","description":"Mem \u00fb Z\u00een - bi Kurdiya \u00eero - Jan Dost Mem \u00fb Z\u00eena Xan\u00ee bi kurdiya \u00eero wek kit\u00eaba destan ji n\u00fb ve \u00e7ap b\u00fb, div\u00ea kes nem\u00eene ku Mem \u00fb Z\u00een nexwendibe \u00fb j\u00ea fam ...","robots":{"index":"index","follow":"follow","max-snippet":"max-snippet:-1","max-image-preview":"max-image-preview:large","max-video-preview":"max-video-preview:-1"},"canonical":"https:\/\/shanabooks.de\/product\/mem-u-zin-bi-kurdiya-iro-jan-dost\/","og_locale":"de_DE","og_type":"article","og_title":"Mem \u00fb Z\u00een - bi Kurdiya \u00eero - Jan Dost - www.shanabooks.de","og_description":"Mem \u00fb Z\u00een - bi Kurdiya \u00eero - Jan Dost Mem \u00fb Z\u00eena Xan\u00ee bi kurdiya \u00eero wek kit\u00eaba destan ji n\u00fb ve \u00e7ap b\u00fb, div\u00ea kes nem\u00eene ku Mem \u00fb Z\u00een nexwendibe \u00fb j\u00ea fam ...","og_url":"https:\/\/shanabooks.de\/product\/mem-u-zin-bi-kurdiya-iro-jan-dost\/","og_site_name":"www.shanabooks.de","article_modified_time":"2026-01-01T19:44:04+00:00","og_image":[{"width":178,"height":250,"url":"https:\/\/shanabooks.de\/wp-content\/uploads\/2024\/01\/Mem-u-Zin-bi-Kurdiya-Iro-1-1-e1707070838817.png","type":"image\/png"}],"twitter_card":"summary_large_image","twitter_misc":{"Gesch\u00e4tzte Lesezeit":"2\u00a0Minuten"},"schema":{"@context":"https:\/\/schema.org","@graph":[{"@type":"WebPage","@id":"https:\/\/shanabooks.de\/product\/mem-u-zin-bi-kurdiya-iro-jan-dost\/","url":"https:\/\/shanabooks.de\/product\/mem-u-zin-bi-kurdiya-iro-jan-dost\/","name":"Mem \u00fb Z\u00een - bi Kurdiya \u00eero - Jan Dost - www.shanabooks.de","isPartOf":{"@id":"https:\/\/shanabooks.de\/#website"},"primaryImageOfPage":{"@id":"https:\/\/shanabooks.de\/product\/mem-u-zin-bi-kurdiya-iro-jan-dost\/#primaryimage"},"image":{"@id":"https:\/\/shanabooks.de\/product\/mem-u-zin-bi-kurdiya-iro-jan-dost\/#primaryimage"},"thumbnailUrl":"https:\/\/shanabooks.de\/wp-content\/uploads\/2024\/01\/Mem-u-Zin-bi-Kurdiya-Iro-1-1-e1707070838817.png","datePublished":"2024-03-03T19:38:52+00:00","dateModified":"2026-01-01T19:44:04+00:00","description":"Mem \u00fb Z\u00een - bi Kurdiya \u00eero - Jan Dost Mem \u00fb Z\u00eena Xan\u00ee bi kurdiya \u00eero wek kit\u00eaba destan ji n\u00fb ve \u00e7ap b\u00fb, div\u00ea kes nem\u00eene ku Mem \u00fb Z\u00een nexwendibe \u00fb j\u00ea fam ...","breadcrumb":{"@id":"https:\/\/shanabooks.de\/product\/mem-u-zin-bi-kurdiya-iro-jan-dost\/#breadcrumb"},"inLanguage":"de","potentialAction":[{"@type":"ReadAction","target":["https:\/\/shanabooks.de\/product\/mem-u-zin-bi-kurdiya-iro-jan-dost\/"]}]},{"@type":"ImageObject","inLanguage":"de","@id":"https:\/\/shanabooks.de\/product\/mem-u-zin-bi-kurdiya-iro-jan-dost\/#primaryimage","url":"https:\/\/shanabooks.de\/wp-content\/uploads\/2024\/01\/Mem-u-Zin-bi-Kurdiya-Iro-1-1-e1707070838817.png","contentUrl":"https:\/\/shanabooks.de\/wp-content\/uploads\/2024\/01\/Mem-u-Zin-bi-Kurdiya-Iro-1-1-e1707070838817.png","width":178,"height":250,"caption":"Mem \u00fb Z\u00een - bi Kurdiya \u00eero - Jan Dost - pirt\u00fbk\u00ean kurd\u00ee"},{"@type":"BreadcrumbList","@id":"https:\/\/shanabooks.de\/product\/mem-u-zin-bi-kurdiya-iro-jan-dost\/#breadcrumb","itemListElement":[{"@type":"ListItem","position":1,"name":"\u0627\u0644\u0631\u0626\u064a\u0633\u064a\u0629","item":"https:\/\/shanabooks.de\/de\/"},{"@type":"ListItem","position":2,"name":"\u0627\u0644\u0645\u0646\u062a\u062c\u0627\u062a","item":"https:\/\/shanabooks.de\/shop\/"},{"@type":"ListItem","position":3,"name":"Mem \u00fb Z\u00een &#8211; bi Kurdiya \u00eero"}]},{"@type":"WebSite","@id":"https:\/\/shanabooks.de\/#website","url":"https:\/\/shanabooks.de\/","name":"www.shanbooks.de","description":"C\u00eehana Pirt\u00fbk\u00ean Kurd\u00ee \u0645\u0643\u062a\u0628\u0629 \u0634\u0627\u0646\u0627 \u0641\u064a \u0627\u0644\u0645\u0627\u0646\u064a\u0627 \u0648\u0623\u0648\u0631\u0628\u0627","publisher":{"@id":"https:\/\/shanabooks.de\/#organization"},"potentialAction":[{"@type":"SearchAction","target":{"@type":"EntryPoint","urlTemplate":"https:\/\/shanabooks.de\/?s={search_term_string}"},"query-input":{"@type":"PropertyValueSpecification","valueRequired":true,"valueName":"search_term_string"}}],"inLanguage":"de"},{"@type":"Organization","@id":"https:\/\/shanabooks.de\/#organization","name":"www.shanbooks.de","url":"https:\/\/shanabooks.de\/","logo":{"@type":"ImageObject","inLanguage":"de","@id":"https:\/\/shanabooks.de\/#\/schema\/logo\/image\/","url":"https:\/\/shanabooks.de\/wp-content\/uploads\/2024\/03\/SHANABOOKS__2_-removebg-preview.png","contentUrl":"https:\/\/shanabooks.de\/wp-content\/uploads\/2024\/03\/SHANABOOKS__2_-removebg-preview.png","width":700,"height":150,"caption":"www.shanbooks.de"},"image":{"@id":"https:\/\/shanabooks.de\/#\/schema\/logo\/image\/"}}]}},"jetpack_sharing_enabled":true,"_links":{"self":[{"href":"https:\/\/shanabooks.de\/de\/wp-json\/wp\/v2\/product\/11867","targetHints":{"allow":["GET"]}}],"collection":[{"href":"https:\/\/shanabooks.de\/de\/wp-json\/wp\/v2\/product"}],"about":[{"href":"https:\/\/shanabooks.de\/de\/wp-json\/wp\/v2\/types\/product"}],"version-history":[{"count":3,"href":"https:\/\/shanabooks.de\/de\/wp-json\/wp\/v2\/product\/11867\/revisions"}],"predecessor-version":[{"id":19987,"href":"https:\/\/shanabooks.de\/de\/wp-json\/wp\/v2\/product\/11867\/revisions\/19987"}],"wp:featuredmedia":[{"embeddable":true,"href":"https:\/\/shanabooks.de\/de\/wp-json\/wp\/v2\/media\/4578"}],"wp:attachment":[{"href":"https:\/\/shanabooks.de\/de\/wp-json\/wp\/v2\/media?parent=11867"}],"wp:term":[{"taxonomy":"product_brand","embeddable":true,"href":"https:\/\/shanabooks.de\/de\/wp-json\/wp\/v2\/product_brand?post=11867"},{"taxonomy":"product_cat","embeddable":true,"href":"https:\/\/shanabooks.de\/de\/wp-json\/wp\/v2\/product_cat?post=11867"},{"taxonomy":"product_tag","embeddable":true,"href":"https:\/\/shanabooks.de\/de\/wp-json\/wp\/v2\/product_tag?post=11867"}],"curies":[{"name":"wp","href":"https:\/\/api.w.org\/{rel}","templated":true}]}}