{"id":11868,"date":"2024-03-03T19:38:52","date_gmt":"2024-03-03T19:38:52","guid":{"rendered":"https:\/\/shanabooks.de\/?post_type=product&#038;p=11868"},"modified":"2025-12-31T17:29:17","modified_gmt":"2025-12-31T17:29:17","slug":"tirej-diwan","status":"publish","type":"product","link":"https:\/\/shanabooks.de\/de\/product\/tirej-diwan\/","title":{"rendered":"T\u00eer\u00eaj &#8211; D\u00eewan"},"content":{"rendered":"<p dir=\"ltr\"><strong>T\u00eer\u00eaj &#8211; D\u00eewan<\/strong><br \/>\n<strong>D\u00eewana Xelat, Zozan, Cud\u00ee<\/strong><\/p>\n<p dir=\"ltr\">Helbest\u00ean Seyday\u00ea T\u00eer\u00eaj rengvedana jiyana kurdan a sedsala 20an e. Heta ne ten\u00ea kurd, d\u00eeroka kurdan a n\u00eaz, wek \u015fer\u00ea azadiy\u00ea li ba\u015f\u00fbr\u00ea Kurdistan\u00ea, gelek b\u00fbyer\u00ean li Rojhilata Nav\u00een \u00fb dinyay\u00ea j\u00ee ji helbest\u00ean w\u00ee re b\u00fbne mijar. Helbesta T\u00eer\u00eaj \u015fahid\u00ea d\u00eeroka gel\u00ea kurd a sedsala bor\u00ee ye. Ji \u015fer\u00ea serxweb\u00fbna Cezay\u00eer\u00ea bigire heta berxwedana gel\u00ea V\u00eeetnam\u00ea, ji t\u00eako\u015f\u00eena Filist\u00een\u00ea bigire heta \u015fore\u015f\u00ean ku bi p\u00ea\u015fengiya Che Guevera li Amer\u00eekaya Lat\u00een r\u00fb didan, t\u00ea de dixuyin.<\/p>\n<p dir=\"ltr\">D\u00eewan ya seyday\u00ea T\u00eer\u00eaj ji her s\u00ea d\u00eewan\u00ean w\u00ee Xelat, Zozan, C\u00fbd\u00ee ve p\u00eak t\u00ea.<br \/>\nQuling\u00ea min \u00e7ima \u00eero<br \/>\nBi q\u00eer\u00een t\u00ea ji germiyana<br \/>\nBi \u00e7eng \u00fb bask \u00fb perwana<br \/>\nBer\u00ea te wa li zozan<br \/>\nLi te r\u00ea d\u00fbro , westawo<br \/>\nJi heval hogiran mawo<br \/>\nBer\u00ea te her li berjor e<br \/>\nDik\u00ee gaz\u00ee li p\u00ea wana<br \/>\nBi v\u00ea q\u00eer\u00een \u00fb hawar\u00ea<br \/>\nXem \u00fb ded\u00eam te tevrakir<br \/>\nBir\u00een\u00ean dil te axaftin<br \/>\nBi wan \u00ea\u015f \u00fb kul \u00fb jana<br \/>\nGelo ma qey tu dilya ye<br \/>\nJi germa kerbela jaro<br \/>\nDi v\u00ea cih\u00ea bav \u00fb bap\u00eeran<br \/>\nWelat\u00ea berf \u00fb barana<br \/>\nWelat\u00ea kan\u00ee \u00fb ava<br \/>\nWelat\u00ea wa \u00e7em\u00fb mava<br \/>\nWelat\u00ea \u00e7\u00ee\u00e7ek \u00fb baxa<br \/>\nWelat\u00ea m\u00earg \u00fb \u00e7\u00eemena<br \/>\nWelat\u00ea f\u00earis \u00fb m\u00eara<br \/>\nCih\u00ea petrol \u00fb mircana<\/p>\n<p>&nbsp;<\/p>\n","protected":false},"excerpt":{"rendered":"<p dir=\"ltr\" style=\"text-align: center\"><strong>Pirt\u00fbk: T\u00eer\u00eaj &#8211; D\u00eewan (D\u00eewana Xelat, Zozan, Cud\u00ee)<\/strong><br \/>\n<strong>Niv\u00eeskar: Seyday\u00ea T\u00eer\u00eaj<\/strong><br \/>\n<strong>Cure: Helbest<\/strong><\/p>\n","protected":false},"featured_media":11932,"template":"","meta":{"site-sidebar-layout":"default","site-content-layout":"","ast-site-content-layout":"default","site-content-style":"default","site-sidebar-style":"default","ast-global-header-display":"","ast-banner-title-visibility":"","ast-main-header-display":"","ast-hfb-above-header-display":"","ast-hfb-below-header-display":"","ast-hfb-mobile-header-display":"","site-post-title":"","ast-breadcrumbs-content":"","ast-featured-img":"","footer-sml-layout":"","ast-disable-related-posts":"","theme-transparent-header-meta":"default","adv-header-id-meta":"","stick-header-meta":"","header-above-stick-meta":"","header-main-stick-meta":"","header-below-stick-meta":"","astra-migrate-meta-layouts":"set","ast-page-background-enabled":"default","ast-page-background-meta":{"desktop":{"background-color":"","background-image":"","background-repeat":"repeat","background-position":"center center","background-size":"auto","background-attachment":"scroll","background-type":"","background-media":"","overlay-type":"","overlay-color":"","overlay-opacity":"","overlay-gradient":""},"tablet":{"background-color":"","background-image":"","background-repeat":"repeat","background-position":"center center","background-size":"auto","background-attachment":"scroll","background-type":"","background-media":"","overlay-type":"","overlay-color":"","overlay-opacity":"","overlay-gradient":""},"mobile":{"background-color":"","background-image":"","background-repeat":"repeat","background-position":"center center","background-size":"auto","background-attachment":"scroll","background-type":"","background-media":"","overlay-type":"","overlay-color":"","overlay-opacity":"","overlay-gradient":""}},"ast-content-background-meta":{"desktop":{"background-color":"var(--ast-global-color-5)","background-image":"","background-repeat":"repeat","background-position":"center center","background-size":"auto","background-attachment":"scroll","background-type":"","background-media":"","overlay-type":"","overlay-color":"","overlay-opacity":"","overlay-gradient":""},"tablet":{"background-color":"var(--ast-global-color-5)","background-image":"","background-repeat":"repeat","background-position":"center center","background-size":"auto","background-attachment":"scroll","background-type":"","background-media":"","overlay-type":"","overlay-color":"","overlay-opacity":"","overlay-gradient":""},"mobile":{"background-color":"var(--ast-global-color-5)","background-image":"","background-repeat":"repeat","background-position":"center center","background-size":"auto","background-attachment":"scroll","background-type":"","background-media":"","overlay-type":"","overlay-color":"","overlay-opacity":"","overlay-gradient":""}}},"product_brand":[],"product_cat":[184,193],"product_tag":[],"class_list":{"0":"post-11868","1":"product","2":"type-product","3":"status-publish","4":"has-post-thumbnail","6":"product_cat-_","7":"product_cat--_","8":"pa_-helbest","9":"pa_-seydaye-tirej","10":"pa_-kurmanci","11":"pa_--peywend-yayinlari","12":"desktop-align-left","13":"tablet-align-left","14":"mobile-align-left","16":"first","17":"outofstock","18":"shipping-taxable","19":"purchasable","20":"product-type-simple"},"yoast_head":"<!-- This site is optimized with the Yoast SEO plugin v27.4 - https:\/\/yoast.com\/product\/yoast-seo-wordpress\/ -->\n<title>T\u00eer\u00eaj - D\u00eewan - www.shanabooks.de<\/title>\n<meta name=\"description\" content=\"T\u00eer\u00eaj - D\u00eewan Helbest\u00ean Seyday\u00ea T\u00eer\u00eaj rengvedana jiyana kurdan a sedsala 20an e. Heta ne ten\u00ea kurd, d\u00eeroka kurdan a n\u00eaz, wek \u015fer\u00ea azadiy\u00ea li ba\u015f\u00fbr\u00ea Kurd...\" \/>\n<meta name=\"robots\" content=\"index, follow, max-snippet:-1, max-image-preview:large, max-video-preview:-1\" \/>\n<link rel=\"canonical\" href=\"https:\/\/shanabooks.de\/product\/tirej-diwan\/\" \/>\n<meta property=\"og:locale\" content=\"de_DE\" \/>\n<meta property=\"og:type\" content=\"article\" \/>\n<meta property=\"og:title\" content=\"T\u00eer\u00eaj - D\u00eewan - www.shanabooks.de\" \/>\n<meta property=\"og:description\" content=\"T\u00eer\u00eaj - D\u00eewan Helbest\u00ean Seyday\u00ea T\u00eer\u00eaj rengvedana jiyana kurdan a sedsala 20an e. Heta ne ten\u00ea kurd, d\u00eeroka kurdan a n\u00eaz, wek \u015fer\u00ea azadiy\u00ea li ba\u015f\u00fbr\u00ea Kurd...\" \/>\n<meta property=\"og:url\" content=\"https:\/\/shanabooks.de\/product\/tirej-diwan\/\" \/>\n<meta property=\"og:site_name\" content=\"www.shanabooks.de\" \/>\n<meta property=\"article:modified_time\" content=\"2025-12-31T17:29:17+00:00\" \/>\n<meta property=\"og:image\" content=\"https:\/\/shanabooks.de\/wp-content\/uploads\/2024\/03\/Tirej-Diwan.png\" \/>\n\t<meta property=\"og:image:width\" content=\"313\" \/>\n\t<meta property=\"og:image:height\" content=\"480\" \/>\n\t<meta property=\"og:image:type\" content=\"image\/png\" \/>\n<meta name=\"twitter:card\" content=\"summary_large_image\" \/>\n<meta name=\"twitter:label1\" content=\"Gesch\u00e4tzte Lesezeit\" \/>\n\t<meta name=\"twitter:data1\" content=\"2\u00a0Minuten\" \/>\n<script type=\"application\/ld+json\" class=\"yoast-schema-graph\">{\"@context\":\"https:\\\/\\\/schema.org\",\"@graph\":[{\"@type\":\"WebPage\",\"@id\":\"https:\\\/\\\/shanabooks.de\\\/product\\\/tirej-diwan\\\/\",\"url\":\"https:\\\/\\\/shanabooks.de\\\/product\\\/tirej-diwan\\\/\",\"name\":\"T\u00eer\u00eaj - D\u00eewan - www.shanabooks.de\",\"isPartOf\":{\"@id\":\"https:\\\/\\\/shanabooks.de\\\/#website\"},\"primaryImageOfPage\":{\"@id\":\"https:\\\/\\\/shanabooks.de\\\/product\\\/tirej-diwan\\\/#primaryimage\"},\"image\":{\"@id\":\"https:\\\/\\\/shanabooks.de\\\/product\\\/tirej-diwan\\\/#primaryimage\"},\"thumbnailUrl\":\"https:\\\/\\\/shanabooks.de\\\/wp-content\\\/uploads\\\/2024\\\/03\\\/Tirej-Diwan.png\",\"datePublished\":\"2024-03-03T19:38:52+00:00\",\"dateModified\":\"2025-12-31T17:29:17+00:00\",\"description\":\"T\u00eer\u00eaj - D\u00eewan Helbest\u00ean Seyday\u00ea T\u00eer\u00eaj rengvedana jiyana kurdan a sedsala 20an e. Heta ne ten\u00ea kurd, d\u00eeroka kurdan a n\u00eaz, wek \u015fer\u00ea azadiy\u00ea li ba\u015f\u00fbr\u00ea Kurd...\",\"breadcrumb\":{\"@id\":\"https:\\\/\\\/shanabooks.de\\\/product\\\/tirej-diwan\\\/#breadcrumb\"},\"inLanguage\":\"de\",\"potentialAction\":[{\"@type\":\"ReadAction\",\"target\":[\"https:\\\/\\\/shanabooks.de\\\/product\\\/tirej-diwan\\\/\"]}]},{\"@type\":\"ImageObject\",\"inLanguage\":\"de\",\"@id\":\"https:\\\/\\\/shanabooks.de\\\/product\\\/tirej-diwan\\\/#primaryimage\",\"url\":\"https:\\\/\\\/shanabooks.de\\\/wp-content\\\/uploads\\\/2024\\\/03\\\/Tirej-Diwan.png\",\"contentUrl\":\"https:\\\/\\\/shanabooks.de\\\/wp-content\\\/uploads\\\/2024\\\/03\\\/Tirej-Diwan.png\",\"width\":313,\"height\":480,\"caption\":\"T\u00eer\u00eaj - D\u00eewan - pirt\u00fbk\u00ean kurd\u00ee\"},{\"@type\":\"BreadcrumbList\",\"@id\":\"https:\\\/\\\/shanabooks.de\\\/product\\\/tirej-diwan\\\/#breadcrumb\",\"itemListElement\":[{\"@type\":\"ListItem\",\"position\":1,\"name\":\"\u0627\u0644\u0631\u0626\u064a\u0633\u064a\u0629\",\"item\":\"https:\\\/\\\/shanabooks.de\\\/de\\\/\"},{\"@type\":\"ListItem\",\"position\":2,\"name\":\"\u0627\u0644\u0645\u0646\u062a\u062c\u0627\u062a\",\"item\":\"https:\\\/\\\/shanabooks.de\\\/shop\\\/\"},{\"@type\":\"ListItem\",\"position\":3,\"name\":\"T\u00eer\u00eaj &#8211; D\u00eewan\"}]},{\"@type\":\"WebSite\",\"@id\":\"https:\\\/\\\/shanabooks.de\\\/#website\",\"url\":\"https:\\\/\\\/shanabooks.de\\\/\",\"name\":\"www.shanbooks.de\",\"description\":\"C\u00eehana Pirt\u00fbk\u00ean Kurd\u00ee \u0645\u0643\u062a\u0628\u0629 \u0634\u0627\u0646\u0627 \u0641\u064a \u0627\u0644\u0645\u0627\u0646\u064a\u0627 \u0648\u0623\u0648\u0631\u0628\u0627\",\"publisher\":{\"@id\":\"https:\\\/\\\/shanabooks.de\\\/#organization\"},\"potentialAction\":[{\"@type\":\"SearchAction\",\"target\":{\"@type\":\"EntryPoint\",\"urlTemplate\":\"https:\\\/\\\/shanabooks.de\\\/?s={search_term_string}\"},\"query-input\":{\"@type\":\"PropertyValueSpecification\",\"valueRequired\":true,\"valueName\":\"search_term_string\"}}],\"inLanguage\":\"de\"},{\"@type\":\"Organization\",\"@id\":\"https:\\\/\\\/shanabooks.de\\\/#organization\",\"name\":\"www.shanbooks.de\",\"url\":\"https:\\\/\\\/shanabooks.de\\\/\",\"logo\":{\"@type\":\"ImageObject\",\"inLanguage\":\"de\",\"@id\":\"https:\\\/\\\/shanabooks.de\\\/#\\\/schema\\\/logo\\\/image\\\/\",\"url\":\"https:\\\/\\\/shanabooks.de\\\/wp-content\\\/uploads\\\/2024\\\/03\\\/SHANABOOKS__2_-removebg-preview.png\",\"contentUrl\":\"https:\\\/\\\/shanabooks.de\\\/wp-content\\\/uploads\\\/2024\\\/03\\\/SHANABOOKS__2_-removebg-preview.png\",\"width\":700,\"height\":150,\"caption\":\"www.shanbooks.de\"},\"image\":{\"@id\":\"https:\\\/\\\/shanabooks.de\\\/#\\\/schema\\\/logo\\\/image\\\/\"}}]}<\/script>\n<!-- \/ Yoast SEO plugin. -->","yoast_head_json":{"title":"T\u00eer\u00eaj - D\u00eewan - www.shanabooks.de","description":"T\u00eer\u00eaj - D\u00eewan Helbest\u00ean Seyday\u00ea T\u00eer\u00eaj rengvedana jiyana kurdan a sedsala 20an e. Heta ne ten\u00ea kurd, d\u00eeroka kurdan a n\u00eaz, wek \u015fer\u00ea azadiy\u00ea li ba\u015f\u00fbr\u00ea Kurd...","robots":{"index":"index","follow":"follow","max-snippet":"max-snippet:-1","max-image-preview":"max-image-preview:large","max-video-preview":"max-video-preview:-1"},"canonical":"https:\/\/shanabooks.de\/product\/tirej-diwan\/","og_locale":"de_DE","og_type":"article","og_title":"T\u00eer\u00eaj - D\u00eewan - www.shanabooks.de","og_description":"T\u00eer\u00eaj - D\u00eewan Helbest\u00ean Seyday\u00ea T\u00eer\u00eaj rengvedana jiyana kurdan a sedsala 20an e. Heta ne ten\u00ea kurd, d\u00eeroka kurdan a n\u00eaz, wek \u015fer\u00ea azadiy\u00ea li ba\u015f\u00fbr\u00ea Kurd...","og_url":"https:\/\/shanabooks.de\/product\/tirej-diwan\/","og_site_name":"www.shanabooks.de","article_modified_time":"2025-12-31T17:29:17+00:00","og_image":[{"width":313,"height":480,"url":"https:\/\/shanabooks.de\/wp-content\/uploads\/2024\/03\/Tirej-Diwan.png","type":"image\/png"}],"twitter_card":"summary_large_image","twitter_misc":{"Gesch\u00e4tzte Lesezeit":"2\u00a0Minuten"},"schema":{"@context":"https:\/\/schema.org","@graph":[{"@type":"WebPage","@id":"https:\/\/shanabooks.de\/product\/tirej-diwan\/","url":"https:\/\/shanabooks.de\/product\/tirej-diwan\/","name":"T\u00eer\u00eaj - D\u00eewan - www.shanabooks.de","isPartOf":{"@id":"https:\/\/shanabooks.de\/#website"},"primaryImageOfPage":{"@id":"https:\/\/shanabooks.de\/product\/tirej-diwan\/#primaryimage"},"image":{"@id":"https:\/\/shanabooks.de\/product\/tirej-diwan\/#primaryimage"},"thumbnailUrl":"https:\/\/shanabooks.de\/wp-content\/uploads\/2024\/03\/Tirej-Diwan.png","datePublished":"2024-03-03T19:38:52+00:00","dateModified":"2025-12-31T17:29:17+00:00","description":"T\u00eer\u00eaj - D\u00eewan Helbest\u00ean Seyday\u00ea T\u00eer\u00eaj rengvedana jiyana kurdan a sedsala 20an e. Heta ne ten\u00ea kurd, d\u00eeroka kurdan a n\u00eaz, wek \u015fer\u00ea azadiy\u00ea li ba\u015f\u00fbr\u00ea Kurd...","breadcrumb":{"@id":"https:\/\/shanabooks.de\/product\/tirej-diwan\/#breadcrumb"},"inLanguage":"de","potentialAction":[{"@type":"ReadAction","target":["https:\/\/shanabooks.de\/product\/tirej-diwan\/"]}]},{"@type":"ImageObject","inLanguage":"de","@id":"https:\/\/shanabooks.de\/product\/tirej-diwan\/#primaryimage","url":"https:\/\/shanabooks.de\/wp-content\/uploads\/2024\/03\/Tirej-Diwan.png","contentUrl":"https:\/\/shanabooks.de\/wp-content\/uploads\/2024\/03\/Tirej-Diwan.png","width":313,"height":480,"caption":"T\u00eer\u00eaj - D\u00eewan - pirt\u00fbk\u00ean kurd\u00ee"},{"@type":"BreadcrumbList","@id":"https:\/\/shanabooks.de\/product\/tirej-diwan\/#breadcrumb","itemListElement":[{"@type":"ListItem","position":1,"name":"\u0627\u0644\u0631\u0626\u064a\u0633\u064a\u0629","item":"https:\/\/shanabooks.de\/de\/"},{"@type":"ListItem","position":2,"name":"\u0627\u0644\u0645\u0646\u062a\u062c\u0627\u062a","item":"https:\/\/shanabooks.de\/shop\/"},{"@type":"ListItem","position":3,"name":"T\u00eer\u00eaj &#8211; D\u00eewan"}]},{"@type":"WebSite","@id":"https:\/\/shanabooks.de\/#website","url":"https:\/\/shanabooks.de\/","name":"www.shanbooks.de","description":"C\u00eehana Pirt\u00fbk\u00ean Kurd\u00ee \u0645\u0643\u062a\u0628\u0629 \u0634\u0627\u0646\u0627 \u0641\u064a \u0627\u0644\u0645\u0627\u0646\u064a\u0627 \u0648\u0623\u0648\u0631\u0628\u0627","publisher":{"@id":"https:\/\/shanabooks.de\/#organization"},"potentialAction":[{"@type":"SearchAction","target":{"@type":"EntryPoint","urlTemplate":"https:\/\/shanabooks.de\/?s={search_term_string}"},"query-input":{"@type":"PropertyValueSpecification","valueRequired":true,"valueName":"search_term_string"}}],"inLanguage":"de"},{"@type":"Organization","@id":"https:\/\/shanabooks.de\/#organization","name":"www.shanbooks.de","url":"https:\/\/shanabooks.de\/","logo":{"@type":"ImageObject","inLanguage":"de","@id":"https:\/\/shanabooks.de\/#\/schema\/logo\/image\/","url":"https:\/\/shanabooks.de\/wp-content\/uploads\/2024\/03\/SHANABOOKS__2_-removebg-preview.png","contentUrl":"https:\/\/shanabooks.de\/wp-content\/uploads\/2024\/03\/SHANABOOKS__2_-removebg-preview.png","width":700,"height":150,"caption":"www.shanbooks.de"},"image":{"@id":"https:\/\/shanabooks.de\/#\/schema\/logo\/image\/"}}]}},"jetpack_sharing_enabled":true,"_links":{"self":[{"href":"https:\/\/shanabooks.de\/de\/wp-json\/wp\/v2\/product\/11868","targetHints":{"allow":["GET"]}}],"collection":[{"href":"https:\/\/shanabooks.de\/de\/wp-json\/wp\/v2\/product"}],"about":[{"href":"https:\/\/shanabooks.de\/de\/wp-json\/wp\/v2\/types\/product"}],"version-history":[{"count":3,"href":"https:\/\/shanabooks.de\/de\/wp-json\/wp\/v2\/product\/11868\/revisions"}],"predecessor-version":[{"id":20007,"href":"https:\/\/shanabooks.de\/de\/wp-json\/wp\/v2\/product\/11868\/revisions\/20007"}],"wp:featuredmedia":[{"embeddable":true,"href":"https:\/\/shanabooks.de\/de\/wp-json\/wp\/v2\/media\/11932"}],"wp:attachment":[{"href":"https:\/\/shanabooks.de\/de\/wp-json\/wp\/v2\/media?parent=11868"}],"wp:term":[{"taxonomy":"product_brand","embeddable":true,"href":"https:\/\/shanabooks.de\/de\/wp-json\/wp\/v2\/product_brand?post=11868"},{"taxonomy":"product_cat","embeddable":true,"href":"https:\/\/shanabooks.de\/de\/wp-json\/wp\/v2\/product_cat?post=11868"},{"taxonomy":"product_tag","embeddable":true,"href":"https:\/\/shanabooks.de\/de\/wp-json\/wp\/v2\/product_tag?post=11868"}],"curies":[{"name":"wp","href":"https:\/\/api.w.org\/{rel}","templated":true}]}}