{"id":11872,"date":"2024-03-03T19:38:53","date_gmt":"2024-03-03T19:38:53","guid":{"rendered":"https:\/\/shanabooks.de\/?post_type=product&#038;p=11872"},"modified":"2026-01-01T19:12:21","modified_gmt":"2026-01-01T19:12:21","slug":"ferhenga-hemidi-kurdi-kurdi","status":"publish","type":"product","link":"https:\/\/shanabooks.de\/de\/product\/ferhenga-hemidi-kurdi-kurdi\/","title":{"rendered":"Ferhenga Hem\u00eed\u00ee &#8211; Kurd\u00ee kurd\u00ee"},"content":{"rendered":"<p dir=\"ltr\"><strong>Ferhenga Hem\u00eed\u00ee &#8211; Kurd\u00ee Kurd\u00ee<\/strong><\/p>\n<p dir=\"ltr\">Ev ferheng di esl\u00ea xwe de kurd\u00ee &#8211; ereb\u00ee ye. Daner\u00ea w\u00ea ereb b\u00fb l\u00ea li welat\u00ea kurdan demek ba\u015f mab\u00fb \u00fb p\u00eawistiya ferhengeke bi v\u00ee away\u00ee d\u00eetib\u00fb. Ferhenga Hem\u00eed\u00ee &#8211; Kurd\u00ee Kurd\u00ee ji aliy\u00ea Jan Dost ve hatiye wergirandin \u00fb herwiha amdekirin ji. Di v\u00ea ferheng\u00ea de bi dehan nav\u00ea gund\u00ean kurdan \u00ean li Bedl\u00ees\u00ea, Ciz\u00eera Botan \u00fb Bi\u015f\u00eariy\u00ea \u00fb hdw hene. Ji bil\u00ee nav\u00ean gundan, bi sedan peyv\u00ean resen \u00ean kurd\u00ee di v\u00ea ferhenga giranbuha de hatine parastin \u00fb dem hatiye ku \u00ead\u00ee serpo\u015f ji ser wan rabe, ji zindana zimanek\u00ee biyan\u00ee derkevin, rizgar bibin \u00fb derbas\u00ee ferheng\u00ean me y\u00ean \u00eero bibin. Nav\u00ea gelek p\u00ee\u015feyan, alav \u00fb am\u00fbr\u00ean ku gir\u00eaday\u00ee wan p\u00ee\u015feyan in \u00fb herwiha nav\u00ean gelek xwarin \u00fb dar \u00fb gul \u00fb giya \u00fb ti\u015ft\u00ean ku div\u00ea em kurdiya wan h\u00een bibin j\u00ee di v\u00ea ferheng\u00ea de hene.<\/p>\n<h4><\/h4>\n","protected":false},"excerpt":{"rendered":"<p dir=\"ltr\" style=\"text-align: center\"><strong>Pirt\u00fbk: Ferhenga Hem\u00eed\u00ee &#8211; Kurd\u00ee kurd\u00ee<br \/>\nNiv\u00eeskar: Y\u00fbsiv Diyaadd\u00een Pa\u015fa<\/strong><br \/>\n<strong>Amadekar \u00fb Werg\u00ear: Jan Dost<\/strong><br \/>\n<strong>Cure: Ferheng<\/strong><\/p>\n","protected":false},"featured_media":11939,"template":"","meta":{"site-sidebar-layout":"default","site-content-layout":"","ast-site-content-layout":"default","site-content-style":"default","site-sidebar-style":"default","ast-global-header-display":"","ast-banner-title-visibility":"","ast-main-header-display":"","ast-hfb-above-header-display":"","ast-hfb-below-header-display":"","ast-hfb-mobile-header-display":"","site-post-title":"","ast-breadcrumbs-content":"","ast-featured-img":"","footer-sml-layout":"","ast-disable-related-posts":"","theme-transparent-header-meta":"default","adv-header-id-meta":"","stick-header-meta":"","header-above-stick-meta":"","header-main-stick-meta":"","header-below-stick-meta":"","astra-migrate-meta-layouts":"set","ast-page-background-enabled":"default","ast-page-background-meta":{"desktop":{"background-color":"","background-image":"","background-repeat":"repeat","background-position":"center center","background-size":"auto","background-attachment":"scroll","background-type":"","background-media":"","overlay-type":"","overlay-color":"","overlay-opacity":"","overlay-gradient":""},"tablet":{"background-color":"","background-image":"","background-repeat":"repeat","background-position":"center center","background-size":"auto","background-attachment":"scroll","background-type":"","background-media":"","overlay-type":"","overlay-color":"","overlay-opacity":"","overlay-gradient":""},"mobile":{"background-color":"","background-image":"","background-repeat":"repeat","background-position":"center center","background-size":"auto","background-attachment":"scroll","background-type":"","background-media":"","overlay-type":"","overlay-color":"","overlay-opacity":"","overlay-gradient":""}},"ast-content-background-meta":{"desktop":{"background-color":"var(--ast-global-color-5)","background-image":"","background-repeat":"repeat","background-position":"center center","background-size":"auto","background-attachment":"scroll","background-type":"","background-media":"","overlay-type":"","overlay-color":"","overlay-opacity":"","overlay-gradient":""},"tablet":{"background-color":"var(--ast-global-color-5)","background-image":"","background-repeat":"repeat","background-position":"center center","background-size":"auto","background-attachment":"scroll","background-type":"","background-media":"","overlay-type":"","overlay-color":"","overlay-opacity":"","overlay-gradient":""},"mobile":{"background-color":"var(--ast-global-color-5)","background-image":"","background-repeat":"repeat","background-position":"center center","background-size":"auto","background-attachment":"scroll","background-type":"","background-media":"","overlay-type":"","overlay-color":"","overlay-opacity":"","overlay-gradient":""}}},"product_brand":[],"product_cat":[186,193],"product_tag":[],"class_list":{"0":"post-11872","1":"product","2":"type-product","3":"status-publish","4":"has-post-thumbnail","6":"product_cat-_","7":"product_cat--_","8":"pa_-ferheng","9":"pa_-jan-dost","10":"pa_-kurmanci","11":"pa_--dara-yayinlari","12":"desktop-align-left","13":"tablet-align-left","14":"mobile-align-left","16":"first","17":"instock","18":"shipping-taxable","19":"purchasable","20":"product-type-simple"},"yoast_head":"<!-- This site is optimized with the Yoast SEO plugin v27.4 - https:\/\/yoast.com\/product\/yoast-seo-wordpress\/ -->\n<title>Ferhenga Hem\u00eed\u00ee - Kurd\u00ee kurd\u00ee - www.shanabooks.de<\/title>\n<meta name=\"description\" content=\"Ferhenga Hem\u00eed\u00ee - Kurd\u00ee kurd\u00ee Ev ferheng di esl\u00ea xwe de kurd\u00ee - ereb\u00ee ye. Daner\u00ea w\u00ea ereb b\u00fb l\u00ea li welat\u00ea kurdan demek ba\u015f mab\u00fb \u00fb p\u00eawistiya ferhengeke bi ...\" \/>\n<meta name=\"robots\" content=\"index, follow, max-snippet:-1, max-image-preview:large, max-video-preview:-1\" \/>\n<link rel=\"canonical\" href=\"https:\/\/shanabooks.de\/product\/ferhenga-hemidi-kurdi-kurdi\/\" \/>\n<meta property=\"og:locale\" content=\"de_DE\" \/>\n<meta property=\"og:type\" content=\"article\" \/>\n<meta property=\"og:title\" content=\"Ferhenga Hem\u00eed\u00ee - Kurd\u00ee kurd\u00ee - www.shanabooks.de\" \/>\n<meta property=\"og:description\" content=\"Ferhenga Hem\u00eed\u00ee - Kurd\u00ee kurd\u00ee Ev ferheng di esl\u00ea xwe de kurd\u00ee - ereb\u00ee ye. Daner\u00ea w\u00ea ereb b\u00fb l\u00ea li welat\u00ea kurdan demek ba\u015f mab\u00fb \u00fb p\u00eawistiya ferhengeke bi ...\" \/>\n<meta property=\"og:url\" content=\"https:\/\/shanabooks.de\/product\/ferhenga-hemidi-kurdi-kurdi\/\" \/>\n<meta property=\"og:site_name\" content=\"www.shanabooks.de\" \/>\n<meta property=\"article:modified_time\" content=\"2026-01-01T19:12:21+00:00\" \/>\n<meta property=\"og:image\" content=\"https:\/\/shanabooks.de\/wp-content\/uploads\/2024\/03\/Ferhenga-Hemidi.png\" \/>\n\t<meta property=\"og:image:width\" content=\"309\" \/>\n\t<meta property=\"og:image:height\" content=\"476\" \/>\n\t<meta property=\"og:image:type\" content=\"image\/png\" \/>\n<meta name=\"twitter:card\" content=\"summary_large_image\" \/>\n<meta name=\"twitter:label1\" content=\"Gesch\u00e4tzte Lesezeit\" \/>\n\t<meta name=\"twitter:data1\" content=\"2\u00a0Minuten\" \/>\n<script type=\"application\/ld+json\" class=\"yoast-schema-graph\">{\"@context\":\"https:\\\/\\\/schema.org\",\"@graph\":[{\"@type\":\"WebPage\",\"@id\":\"https:\\\/\\\/shanabooks.de\\\/product\\\/ferhenga-hemidi-kurdi-kurdi\\\/\",\"url\":\"https:\\\/\\\/shanabooks.de\\\/product\\\/ferhenga-hemidi-kurdi-kurdi\\\/\",\"name\":\"Ferhenga Hem\u00eed\u00ee - Kurd\u00ee kurd\u00ee - www.shanabooks.de\",\"isPartOf\":{\"@id\":\"https:\\\/\\\/shanabooks.de\\\/#website\"},\"primaryImageOfPage\":{\"@id\":\"https:\\\/\\\/shanabooks.de\\\/product\\\/ferhenga-hemidi-kurdi-kurdi\\\/#primaryimage\"},\"image\":{\"@id\":\"https:\\\/\\\/shanabooks.de\\\/product\\\/ferhenga-hemidi-kurdi-kurdi\\\/#primaryimage\"},\"thumbnailUrl\":\"https:\\\/\\\/shanabooks.de\\\/wp-content\\\/uploads\\\/2024\\\/03\\\/Ferhenga-Hemidi.png\",\"datePublished\":\"2024-03-03T19:38:53+00:00\",\"dateModified\":\"2026-01-01T19:12:21+00:00\",\"description\":\"Ferhenga Hem\u00eed\u00ee - Kurd\u00ee kurd\u00ee Ev ferheng di esl\u00ea xwe de kurd\u00ee - ereb\u00ee ye. Daner\u00ea w\u00ea ereb b\u00fb l\u00ea li welat\u00ea kurdan demek ba\u015f mab\u00fb \u00fb p\u00eawistiya ferhengeke bi ...\",\"breadcrumb\":{\"@id\":\"https:\\\/\\\/shanabooks.de\\\/product\\\/ferhenga-hemidi-kurdi-kurdi\\\/#breadcrumb\"},\"inLanguage\":\"de\",\"potentialAction\":[{\"@type\":\"ReadAction\",\"target\":[\"https:\\\/\\\/shanabooks.de\\\/product\\\/ferhenga-hemidi-kurdi-kurdi\\\/\"]}]},{\"@type\":\"ImageObject\",\"inLanguage\":\"de\",\"@id\":\"https:\\\/\\\/shanabooks.de\\\/product\\\/ferhenga-hemidi-kurdi-kurdi\\\/#primaryimage\",\"url\":\"https:\\\/\\\/shanabooks.de\\\/wp-content\\\/uploads\\\/2024\\\/03\\\/Ferhenga-Hemidi.png\",\"contentUrl\":\"https:\\\/\\\/shanabooks.de\\\/wp-content\\\/uploads\\\/2024\\\/03\\\/Ferhenga-Hemidi.png\",\"width\":309,\"height\":476,\"caption\":\"Ferhenga Hem\u00eed\u00ee - Kurd\u00ee kurd\u00ee - pirt\u00fbk\u00ean kurd\u00ee\"},{\"@type\":\"BreadcrumbList\",\"@id\":\"https:\\\/\\\/shanabooks.de\\\/product\\\/ferhenga-hemidi-kurdi-kurdi\\\/#breadcrumb\",\"itemListElement\":[{\"@type\":\"ListItem\",\"position\":1,\"name\":\"\u0627\u0644\u0631\u0626\u064a\u0633\u064a\u0629\",\"item\":\"https:\\\/\\\/shanabooks.de\\\/de\\\/\"},{\"@type\":\"ListItem\",\"position\":2,\"name\":\"\u0627\u0644\u0645\u0646\u062a\u062c\u0627\u062a\",\"item\":\"https:\\\/\\\/shanabooks.de\\\/shop\\\/\"},{\"@type\":\"ListItem\",\"position\":3,\"name\":\"Ferhenga Hem\u00eed\u00ee &#8211; Kurd\u00ee kurd\u00ee\"}]},{\"@type\":\"WebSite\",\"@id\":\"https:\\\/\\\/shanabooks.de\\\/#website\",\"url\":\"https:\\\/\\\/shanabooks.de\\\/\",\"name\":\"www.shanbooks.de\",\"description\":\"C\u00eehana Pirt\u00fbk\u00ean Kurd\u00ee \u0645\u0643\u062a\u0628\u0629 \u0634\u0627\u0646\u0627 \u0641\u064a \u0627\u0644\u0645\u0627\u0646\u064a\u0627 \u0648\u0623\u0648\u0631\u0628\u0627\",\"publisher\":{\"@id\":\"https:\\\/\\\/shanabooks.de\\\/#organization\"},\"potentialAction\":[{\"@type\":\"SearchAction\",\"target\":{\"@type\":\"EntryPoint\",\"urlTemplate\":\"https:\\\/\\\/shanabooks.de\\\/?s={search_term_string}\"},\"query-input\":{\"@type\":\"PropertyValueSpecification\",\"valueRequired\":true,\"valueName\":\"search_term_string\"}}],\"inLanguage\":\"de\"},{\"@type\":\"Organization\",\"@id\":\"https:\\\/\\\/shanabooks.de\\\/#organization\",\"name\":\"www.shanbooks.de\",\"url\":\"https:\\\/\\\/shanabooks.de\\\/\",\"logo\":{\"@type\":\"ImageObject\",\"inLanguage\":\"de\",\"@id\":\"https:\\\/\\\/shanabooks.de\\\/#\\\/schema\\\/logo\\\/image\\\/\",\"url\":\"https:\\\/\\\/shanabooks.de\\\/wp-content\\\/uploads\\\/2024\\\/03\\\/SHANABOOKS__2_-removebg-preview.png\",\"contentUrl\":\"https:\\\/\\\/shanabooks.de\\\/wp-content\\\/uploads\\\/2024\\\/03\\\/SHANABOOKS__2_-removebg-preview.png\",\"width\":700,\"height\":150,\"caption\":\"www.shanbooks.de\"},\"image\":{\"@id\":\"https:\\\/\\\/shanabooks.de\\\/#\\\/schema\\\/logo\\\/image\\\/\"}}]}<\/script>\n<!-- \/ Yoast SEO plugin. -->","yoast_head_json":{"title":"Ferhenga Hem\u00eed\u00ee - Kurd\u00ee kurd\u00ee - www.shanabooks.de","description":"Ferhenga Hem\u00eed\u00ee - Kurd\u00ee kurd\u00ee Ev ferheng di esl\u00ea xwe de kurd\u00ee - ereb\u00ee ye. Daner\u00ea w\u00ea ereb b\u00fb l\u00ea li welat\u00ea kurdan demek ba\u015f mab\u00fb \u00fb p\u00eawistiya ferhengeke bi ...","robots":{"index":"index","follow":"follow","max-snippet":"max-snippet:-1","max-image-preview":"max-image-preview:large","max-video-preview":"max-video-preview:-1"},"canonical":"https:\/\/shanabooks.de\/product\/ferhenga-hemidi-kurdi-kurdi\/","og_locale":"de_DE","og_type":"article","og_title":"Ferhenga Hem\u00eed\u00ee - Kurd\u00ee kurd\u00ee - www.shanabooks.de","og_description":"Ferhenga Hem\u00eed\u00ee - Kurd\u00ee kurd\u00ee Ev ferheng di esl\u00ea xwe de kurd\u00ee - ereb\u00ee ye. Daner\u00ea w\u00ea ereb b\u00fb l\u00ea li welat\u00ea kurdan demek ba\u015f mab\u00fb \u00fb p\u00eawistiya ferhengeke bi ...","og_url":"https:\/\/shanabooks.de\/product\/ferhenga-hemidi-kurdi-kurdi\/","og_site_name":"www.shanabooks.de","article_modified_time":"2026-01-01T19:12:21+00:00","og_image":[{"width":309,"height":476,"url":"https:\/\/shanabooks.de\/wp-content\/uploads\/2024\/03\/Ferhenga-Hemidi.png","type":"image\/png"}],"twitter_card":"summary_large_image","twitter_misc":{"Gesch\u00e4tzte Lesezeit":"2\u00a0Minuten"},"schema":{"@context":"https:\/\/schema.org","@graph":[{"@type":"WebPage","@id":"https:\/\/shanabooks.de\/product\/ferhenga-hemidi-kurdi-kurdi\/","url":"https:\/\/shanabooks.de\/product\/ferhenga-hemidi-kurdi-kurdi\/","name":"Ferhenga Hem\u00eed\u00ee - Kurd\u00ee kurd\u00ee - www.shanabooks.de","isPartOf":{"@id":"https:\/\/shanabooks.de\/#website"},"primaryImageOfPage":{"@id":"https:\/\/shanabooks.de\/product\/ferhenga-hemidi-kurdi-kurdi\/#primaryimage"},"image":{"@id":"https:\/\/shanabooks.de\/product\/ferhenga-hemidi-kurdi-kurdi\/#primaryimage"},"thumbnailUrl":"https:\/\/shanabooks.de\/wp-content\/uploads\/2024\/03\/Ferhenga-Hemidi.png","datePublished":"2024-03-03T19:38:53+00:00","dateModified":"2026-01-01T19:12:21+00:00","description":"Ferhenga Hem\u00eed\u00ee - Kurd\u00ee kurd\u00ee Ev ferheng di esl\u00ea xwe de kurd\u00ee - ereb\u00ee ye. Daner\u00ea w\u00ea ereb b\u00fb l\u00ea li welat\u00ea kurdan demek ba\u015f mab\u00fb \u00fb p\u00eawistiya ferhengeke bi ...","breadcrumb":{"@id":"https:\/\/shanabooks.de\/product\/ferhenga-hemidi-kurdi-kurdi\/#breadcrumb"},"inLanguage":"de","potentialAction":[{"@type":"ReadAction","target":["https:\/\/shanabooks.de\/product\/ferhenga-hemidi-kurdi-kurdi\/"]}]},{"@type":"ImageObject","inLanguage":"de","@id":"https:\/\/shanabooks.de\/product\/ferhenga-hemidi-kurdi-kurdi\/#primaryimage","url":"https:\/\/shanabooks.de\/wp-content\/uploads\/2024\/03\/Ferhenga-Hemidi.png","contentUrl":"https:\/\/shanabooks.de\/wp-content\/uploads\/2024\/03\/Ferhenga-Hemidi.png","width":309,"height":476,"caption":"Ferhenga Hem\u00eed\u00ee - Kurd\u00ee kurd\u00ee - pirt\u00fbk\u00ean kurd\u00ee"},{"@type":"BreadcrumbList","@id":"https:\/\/shanabooks.de\/product\/ferhenga-hemidi-kurdi-kurdi\/#breadcrumb","itemListElement":[{"@type":"ListItem","position":1,"name":"\u0627\u0644\u0631\u0626\u064a\u0633\u064a\u0629","item":"https:\/\/shanabooks.de\/de\/"},{"@type":"ListItem","position":2,"name":"\u0627\u0644\u0645\u0646\u062a\u062c\u0627\u062a","item":"https:\/\/shanabooks.de\/shop\/"},{"@type":"ListItem","position":3,"name":"Ferhenga Hem\u00eed\u00ee &#8211; Kurd\u00ee kurd\u00ee"}]},{"@type":"WebSite","@id":"https:\/\/shanabooks.de\/#website","url":"https:\/\/shanabooks.de\/","name":"www.shanbooks.de","description":"C\u00eehana Pirt\u00fbk\u00ean Kurd\u00ee \u0645\u0643\u062a\u0628\u0629 \u0634\u0627\u0646\u0627 \u0641\u064a \u0627\u0644\u0645\u0627\u0646\u064a\u0627 \u0648\u0623\u0648\u0631\u0628\u0627","publisher":{"@id":"https:\/\/shanabooks.de\/#organization"},"potentialAction":[{"@type":"SearchAction","target":{"@type":"EntryPoint","urlTemplate":"https:\/\/shanabooks.de\/?s={search_term_string}"},"query-input":{"@type":"PropertyValueSpecification","valueRequired":true,"valueName":"search_term_string"}}],"inLanguage":"de"},{"@type":"Organization","@id":"https:\/\/shanabooks.de\/#organization","name":"www.shanbooks.de","url":"https:\/\/shanabooks.de\/","logo":{"@type":"ImageObject","inLanguage":"de","@id":"https:\/\/shanabooks.de\/#\/schema\/logo\/image\/","url":"https:\/\/shanabooks.de\/wp-content\/uploads\/2024\/03\/SHANABOOKS__2_-removebg-preview.png","contentUrl":"https:\/\/shanabooks.de\/wp-content\/uploads\/2024\/03\/SHANABOOKS__2_-removebg-preview.png","width":700,"height":150,"caption":"www.shanbooks.de"},"image":{"@id":"https:\/\/shanabooks.de\/#\/schema\/logo\/image\/"}}]}},"jetpack_sharing_enabled":true,"_links":{"self":[{"href":"https:\/\/shanabooks.de\/de\/wp-json\/wp\/v2\/product\/11872","targetHints":{"allow":["GET"]}}],"collection":[{"href":"https:\/\/shanabooks.de\/de\/wp-json\/wp\/v2\/product"}],"about":[{"href":"https:\/\/shanabooks.de\/de\/wp-json\/wp\/v2\/types\/product"}],"version-history":[{"count":3,"href":"https:\/\/shanabooks.de\/de\/wp-json\/wp\/v2\/product\/11872\/revisions"}],"predecessor-version":[{"id":20048,"href":"https:\/\/shanabooks.de\/de\/wp-json\/wp\/v2\/product\/11872\/revisions\/20048"}],"wp:featuredmedia":[{"embeddable":true,"href":"https:\/\/shanabooks.de\/de\/wp-json\/wp\/v2\/media\/11939"}],"wp:attachment":[{"href":"https:\/\/shanabooks.de\/de\/wp-json\/wp\/v2\/media?parent=11872"}],"wp:term":[{"taxonomy":"product_brand","embeddable":true,"href":"https:\/\/shanabooks.de\/de\/wp-json\/wp\/v2\/product_brand?post=11872"},{"taxonomy":"product_cat","embeddable":true,"href":"https:\/\/shanabooks.de\/de\/wp-json\/wp\/v2\/product_cat?post=11872"},{"taxonomy":"product_tag","embeddable":true,"href":"https:\/\/shanabooks.de\/de\/wp-json\/wp\/v2\/product_tag?post=11872"}],"curies":[{"name":"wp","href":"https:\/\/api.w.org\/{rel}","templated":true}]}}