{"id":11908,"date":"2024-03-03T19:39:16","date_gmt":"2024-03-03T19:39:16","guid":{"rendered":"https:\/\/shanabooks.de\/?post_type=product&#038;p=11908"},"modified":"2026-01-01T19:31:02","modified_gmt":"2026-01-01T19:31:02","slug":"diwan-melaye-ciziri","status":"publish","type":"product","link":"https:\/\/shanabooks.de\/de\/product\/diwan-melaye-ciziri\/","title":{"rendered":"D\u00eewana Melay\u00ea Ciz\u00eer\u00ee"},"content":{"rendered":"<p dir=\"ltr\"><strong>D\u00eewan &#8211; Melay\u00ea Ciz\u00eer\u00ee<\/strong><\/p>\n<p dir=\"ltr\">Melay\u00ea Ciz\u00eer\u00ee, yekem\u00een \u015fair\u00ea Kurmanc e ku r\u00eazik\u00ean w\u00ee y\u00ean efs\u00fbn\u00ee wek\u00ee berhem\/d\u00eewan gih\u00ee\u015ftine heta roja \u00eero \u00fb niha li ber dest\u00ea me ne. Mela, di qada helbestvaniy\u00ea de, dilnizm\u00ee \u00fb nefsbi\u00e7\u00fbkiya ku ji tekebbur\u00ea t\u00ea, b\u00ea mane dib\u00eene. Ew di meydana \u015fairiy\u00ea de p\u00eer\u00ea \u015faira ye, quma\u015f\u00ea ku ew di \u015fi\u00eera xwe de t\u00eene bazaran, tu rewaciy\u00ea ji \u015fi\u00eer\u00ean \u015fair\u00ean d\u00ee re nah\u00eale \u00fb di bazara huner\u00ea edeb\u00ee de wan li p\u00ea\u015fber\u00ee xwe wek\u00ee ferxik\u00ean na\u015f\u00ee dihesib\u00eene. P\u00eer\u00ea \u015fe\u2018ar e di \u015fi\u2018r\u00ea we Mel\u00ea \u015falifiro\u015f Tu n\u00ee\u015fan min mede Ferx\u00ee ku li nik min b\u00fbye ferx Mela, bi r\u00eazik\u00ean xwe y\u00ean ku wek\u00ee mirariyan h\u00fbnandiye, r\u00eaw\u00eetiya me ya ber bi war\u00ean din ve bi daw\u00ee t\u00eene \u00fb t\u00eahniya me ya bi bal \u00eerfan\u00ea ve, bi ristik\u00ean xwe y\u00ean pirh\u00eekmet di\u015fik\u00eene. Ew bi \u015fi\u00eer\u00ean xwe y\u00ean m\u00fbc\u00eezane, m\u00eena M\u00fbsay\u00ea li hember\u00ee sahiran \u015fi\u00eer\u00ean wan \u015fairan t\u00eak dibe.<\/p>\n<p dir=\"ltr\">\n","protected":false},"excerpt":{"rendered":"<p dir=\"ltr\" style=\"text-align: center;\"><strong>Pirt\u00fbk: D\u00eewan &#8211; Melay\u00ea Ciz\u00eer\u00ee<br \/>\nNiv\u00eeskar: Melay\u00ea Ciz\u00eer\u00ee<\/strong><br \/>\n<strong>Cure: Klas\u00eek<\/strong><\/p>\n","protected":false},"featured_media":11943,"template":"","meta":{"site-sidebar-layout":"default","site-content-layout":"","ast-site-content-layout":"default","site-content-style":"default","site-sidebar-style":"default","ast-global-header-display":"","ast-banner-title-visibility":"","ast-main-header-display":"","ast-hfb-above-header-display":"","ast-hfb-below-header-display":"","ast-hfb-mobile-header-display":"","site-post-title":"","ast-breadcrumbs-content":"","ast-featured-img":"","footer-sml-layout":"","ast-disable-related-posts":"","theme-transparent-header-meta":"default","adv-header-id-meta":"","stick-header-meta":"","header-above-stick-meta":"","header-main-stick-meta":"","header-below-stick-meta":"","astra-migrate-meta-layouts":"set","ast-page-background-enabled":"default","ast-page-background-meta":{"desktop":{"background-color":"","background-image":"","background-repeat":"repeat","background-position":"center center","background-size":"auto","background-attachment":"scroll","background-type":"","background-media":"","overlay-type":"","overlay-color":"","overlay-opacity":"","overlay-gradient":""},"tablet":{"background-color":"","background-image":"","background-repeat":"repeat","background-position":"center center","background-size":"auto","background-attachment":"scroll","background-type":"","background-media":"","overlay-type":"","overlay-color":"","overlay-opacity":"","overlay-gradient":""},"mobile":{"background-color":"","background-image":"","background-repeat":"repeat","background-position":"center center","background-size":"auto","background-attachment":"scroll","background-type":"","background-media":"","overlay-type":"","overlay-color":"","overlay-opacity":"","overlay-gradient":""}},"ast-content-background-meta":{"desktop":{"background-color":"var(--ast-global-color-5)","background-image":"","background-repeat":"repeat","background-position":"center center","background-size":"auto","background-attachment":"scroll","background-type":"","background-media":"","overlay-type":"","overlay-color":"","overlay-opacity":"","overlay-gradient":""},"tablet":{"background-color":"var(--ast-global-color-5)","background-image":"","background-repeat":"repeat","background-position":"center center","background-size":"auto","background-attachment":"scroll","background-type":"","background-media":"","overlay-type":"","overlay-color":"","overlay-opacity":"","overlay-gradient":""},"mobile":{"background-color":"var(--ast-global-color-5)","background-image":"","background-repeat":"repeat","background-position":"center center","background-size":"auto","background-attachment":"scroll","background-type":"","background-media":"","overlay-type":"","overlay-color":"","overlay-opacity":"","overlay-gradient":""}}},"product_brand":[],"product_cat":[181,193],"product_tag":[],"class_list":{"0":"post-11908","1":"product","2":"type-product","3":"status-publish","4":"has-post-thumbnail","6":"product_cat--_","8":"pa_-helbest","9":"pa_-klasiken-kurdi","10":"pa_-melaye-ciziri","11":"pa_-kurmanci","12":"pa_--nubihar","13":"desktop-align-left","14":"tablet-align-left","15":"mobile-align-left","17":"first","18":"outofstock","19":"shipping-taxable","20":"purchasable","21":"product-type-simple"},"yoast_head":"<!-- This site is optimized with the Yoast SEO plugin v27.4 - https:\/\/yoast.com\/product\/yoast-seo-wordpress\/ -->\n<title>D\u00eewan - Melay\u00ea Ciz\u00eer\u00ee - www.shanabooks.de<\/title>\n<meta name=\"description\" content=\"D\u00eewan - Melay\u00ea Ciz\u00eer\u00ee Melay\u00ea Ciz\u00eer\u00ee yek ji nav girintir\u00een st\u00fbn\u00ean klas\u00eeka Kurd\u00ee ne, ev berhema h\u00eaja ji helbest\u00ean w\u00ee p\u00eak t\u00ea \u00fb ji aliy\u00ea we\u015fan\u00ean N\u00fbbihar\u00ea ve ...\" \/>\n<meta name=\"robots\" content=\"index, follow, max-snippet:-1, max-image-preview:large, max-video-preview:-1\" \/>\n<link rel=\"canonical\" href=\"https:\/\/shanabooks.de\/product\/diwan-melaye-ciziri\/\" \/>\n<meta property=\"og:locale\" content=\"de_DE\" \/>\n<meta property=\"og:type\" content=\"article\" \/>\n<meta property=\"og:title\" content=\"D\u00eewan - Melay\u00ea Ciz\u00eer\u00ee - www.shanabooks.de\" \/>\n<meta property=\"og:description\" content=\"D\u00eewan - Melay\u00ea Ciz\u00eer\u00ee Melay\u00ea Ciz\u00eer\u00ee yek ji nav girintir\u00een st\u00fbn\u00ean klas\u00eeka Kurd\u00ee ne, ev berhema h\u00eaja ji helbest\u00ean w\u00ee p\u00eak t\u00ea \u00fb ji aliy\u00ea we\u015fan\u00ean N\u00fbbihar\u00ea ve ...\" \/>\n<meta property=\"og:url\" content=\"https:\/\/shanabooks.de\/product\/diwan-melaye-ciziri\/\" \/>\n<meta property=\"og:site_name\" content=\"www.shanabooks.de\" \/>\n<meta property=\"article:modified_time\" content=\"2026-01-01T19:31:02+00:00\" \/>\n<meta property=\"og:image\" content=\"https:\/\/shanabooks.de\/wp-content\/uploads\/2024\/03\/Diwana-Melaye-Ciziri-1.png\" \/>\n\t<meta property=\"og:image:width\" content=\"308\" \/>\n\t<meta property=\"og:image:height\" content=\"476\" \/>\n\t<meta property=\"og:image:type\" content=\"image\/png\" \/>\n<meta name=\"twitter:card\" content=\"summary_large_image\" \/>\n<meta name=\"twitter:label1\" content=\"Gesch\u00e4tzte Lesezeit\" \/>\n\t<meta name=\"twitter:data1\" content=\"2\u00a0Minuten\" \/>\n<script type=\"application\/ld+json\" class=\"yoast-schema-graph\">{\"@context\":\"https:\\\/\\\/schema.org\",\"@graph\":[{\"@type\":\"WebPage\",\"@id\":\"https:\\\/\\\/shanabooks.de\\\/product\\\/diwan-melaye-ciziri\\\/\",\"url\":\"https:\\\/\\\/shanabooks.de\\\/product\\\/diwan-melaye-ciziri\\\/\",\"name\":\"D\u00eewan - Melay\u00ea Ciz\u00eer\u00ee - www.shanabooks.de\",\"isPartOf\":{\"@id\":\"https:\\\/\\\/shanabooks.de\\\/#website\"},\"primaryImageOfPage\":{\"@id\":\"https:\\\/\\\/shanabooks.de\\\/product\\\/diwan-melaye-ciziri\\\/#primaryimage\"},\"image\":{\"@id\":\"https:\\\/\\\/shanabooks.de\\\/product\\\/diwan-melaye-ciziri\\\/#primaryimage\"},\"thumbnailUrl\":\"https:\\\/\\\/shanabooks.de\\\/wp-content\\\/uploads\\\/2024\\\/03\\\/Diwana-Melaye-Ciziri-1.png\",\"datePublished\":\"2024-03-03T19:39:16+00:00\",\"dateModified\":\"2026-01-01T19:31:02+00:00\",\"description\":\"D\u00eewan - Melay\u00ea Ciz\u00eer\u00ee Melay\u00ea Ciz\u00eer\u00ee yek ji nav girintir\u00een st\u00fbn\u00ean klas\u00eeka Kurd\u00ee ne, ev berhema h\u00eaja ji helbest\u00ean w\u00ee p\u00eak t\u00ea \u00fb ji aliy\u00ea we\u015fan\u00ean N\u00fbbihar\u00ea ve ...\",\"breadcrumb\":{\"@id\":\"https:\\\/\\\/shanabooks.de\\\/product\\\/diwan-melaye-ciziri\\\/#breadcrumb\"},\"inLanguage\":\"de\",\"potentialAction\":[{\"@type\":\"ReadAction\",\"target\":[\"https:\\\/\\\/shanabooks.de\\\/product\\\/diwan-melaye-ciziri\\\/\"]}]},{\"@type\":\"ImageObject\",\"inLanguage\":\"de\",\"@id\":\"https:\\\/\\\/shanabooks.de\\\/product\\\/diwan-melaye-ciziri\\\/#primaryimage\",\"url\":\"https:\\\/\\\/shanabooks.de\\\/wp-content\\\/uploads\\\/2024\\\/03\\\/Diwana-Melaye-Ciziri-1.png\",\"contentUrl\":\"https:\\\/\\\/shanabooks.de\\\/wp-content\\\/uploads\\\/2024\\\/03\\\/Diwana-Melaye-Ciziri-1.png\",\"width\":308,\"height\":476,\"caption\":\"D\u00eewan - Melay\u00ea Ciz\u00eer\u00ee - pirt\u00fbk\u00ean kurd\u00ee - klas\u00eek\"},{\"@type\":\"BreadcrumbList\",\"@id\":\"https:\\\/\\\/shanabooks.de\\\/product\\\/diwan-melaye-ciziri\\\/#breadcrumb\",\"itemListElement\":[{\"@type\":\"ListItem\",\"position\":1,\"name\":\"\u0627\u0644\u0631\u0626\u064a\u0633\u064a\u0629\",\"item\":\"https:\\\/\\\/shanabooks.de\\\/de\\\/\"},{\"@type\":\"ListItem\",\"position\":2,\"name\":\"\u0627\u0644\u0645\u0646\u062a\u062c\u0627\u062a\",\"item\":\"https:\\\/\\\/shanabooks.de\\\/shop\\\/\"},{\"@type\":\"ListItem\",\"position\":3,\"name\":\"D\u00eewana Melay\u00ea Ciz\u00eer\u00ee\"}]},{\"@type\":\"WebSite\",\"@id\":\"https:\\\/\\\/shanabooks.de\\\/#website\",\"url\":\"https:\\\/\\\/shanabooks.de\\\/\",\"name\":\"www.shanbooks.de\",\"description\":\"C\u00eehana Pirt\u00fbk\u00ean Kurd\u00ee \u0645\u0643\u062a\u0628\u0629 \u0634\u0627\u0646\u0627 \u0641\u064a \u0627\u0644\u0645\u0627\u0646\u064a\u0627 \u0648\u0623\u0648\u0631\u0628\u0627\",\"publisher\":{\"@id\":\"https:\\\/\\\/shanabooks.de\\\/#organization\"},\"potentialAction\":[{\"@type\":\"SearchAction\",\"target\":{\"@type\":\"EntryPoint\",\"urlTemplate\":\"https:\\\/\\\/shanabooks.de\\\/?s={search_term_string}\"},\"query-input\":{\"@type\":\"PropertyValueSpecification\",\"valueRequired\":true,\"valueName\":\"search_term_string\"}}],\"inLanguage\":\"de\"},{\"@type\":\"Organization\",\"@id\":\"https:\\\/\\\/shanabooks.de\\\/#organization\",\"name\":\"www.shanbooks.de\",\"url\":\"https:\\\/\\\/shanabooks.de\\\/\",\"logo\":{\"@type\":\"ImageObject\",\"inLanguage\":\"de\",\"@id\":\"https:\\\/\\\/shanabooks.de\\\/#\\\/schema\\\/logo\\\/image\\\/\",\"url\":\"https:\\\/\\\/shanabooks.de\\\/wp-content\\\/uploads\\\/2024\\\/03\\\/SHANABOOKS__2_-removebg-preview.png\",\"contentUrl\":\"https:\\\/\\\/shanabooks.de\\\/wp-content\\\/uploads\\\/2024\\\/03\\\/SHANABOOKS__2_-removebg-preview.png\",\"width\":700,\"height\":150,\"caption\":\"www.shanbooks.de\"},\"image\":{\"@id\":\"https:\\\/\\\/shanabooks.de\\\/#\\\/schema\\\/logo\\\/image\\\/\"}}]}<\/script>\n<!-- \/ Yoast SEO plugin. -->","yoast_head_json":{"title":"D\u00eewan - Melay\u00ea Ciz\u00eer\u00ee - www.shanabooks.de","description":"D\u00eewan - Melay\u00ea Ciz\u00eer\u00ee Melay\u00ea Ciz\u00eer\u00ee yek ji nav girintir\u00een st\u00fbn\u00ean klas\u00eeka Kurd\u00ee ne, ev berhema h\u00eaja ji helbest\u00ean w\u00ee p\u00eak t\u00ea \u00fb ji aliy\u00ea we\u015fan\u00ean N\u00fbbihar\u00ea ve ...","robots":{"index":"index","follow":"follow","max-snippet":"max-snippet:-1","max-image-preview":"max-image-preview:large","max-video-preview":"max-video-preview:-1"},"canonical":"https:\/\/shanabooks.de\/product\/diwan-melaye-ciziri\/","og_locale":"de_DE","og_type":"article","og_title":"D\u00eewan - Melay\u00ea Ciz\u00eer\u00ee - www.shanabooks.de","og_description":"D\u00eewan - Melay\u00ea Ciz\u00eer\u00ee Melay\u00ea Ciz\u00eer\u00ee yek ji nav girintir\u00een st\u00fbn\u00ean klas\u00eeka Kurd\u00ee ne, ev berhema h\u00eaja ji helbest\u00ean w\u00ee p\u00eak t\u00ea \u00fb ji aliy\u00ea we\u015fan\u00ean N\u00fbbihar\u00ea ve ...","og_url":"https:\/\/shanabooks.de\/product\/diwan-melaye-ciziri\/","og_site_name":"www.shanabooks.de","article_modified_time":"2026-01-01T19:31:02+00:00","og_image":[{"width":308,"height":476,"url":"https:\/\/shanabooks.de\/wp-content\/uploads\/2024\/03\/Diwana-Melaye-Ciziri-1.png","type":"image\/png"}],"twitter_card":"summary_large_image","twitter_misc":{"Gesch\u00e4tzte Lesezeit":"2\u00a0Minuten"},"schema":{"@context":"https:\/\/schema.org","@graph":[{"@type":"WebPage","@id":"https:\/\/shanabooks.de\/product\/diwan-melaye-ciziri\/","url":"https:\/\/shanabooks.de\/product\/diwan-melaye-ciziri\/","name":"D\u00eewan - Melay\u00ea Ciz\u00eer\u00ee - www.shanabooks.de","isPartOf":{"@id":"https:\/\/shanabooks.de\/#website"},"primaryImageOfPage":{"@id":"https:\/\/shanabooks.de\/product\/diwan-melaye-ciziri\/#primaryimage"},"image":{"@id":"https:\/\/shanabooks.de\/product\/diwan-melaye-ciziri\/#primaryimage"},"thumbnailUrl":"https:\/\/shanabooks.de\/wp-content\/uploads\/2024\/03\/Diwana-Melaye-Ciziri-1.png","datePublished":"2024-03-03T19:39:16+00:00","dateModified":"2026-01-01T19:31:02+00:00","description":"D\u00eewan - Melay\u00ea Ciz\u00eer\u00ee Melay\u00ea Ciz\u00eer\u00ee yek ji nav girintir\u00een st\u00fbn\u00ean klas\u00eeka Kurd\u00ee ne, ev berhema h\u00eaja ji helbest\u00ean w\u00ee p\u00eak t\u00ea \u00fb ji aliy\u00ea we\u015fan\u00ean N\u00fbbihar\u00ea ve ...","breadcrumb":{"@id":"https:\/\/shanabooks.de\/product\/diwan-melaye-ciziri\/#breadcrumb"},"inLanguage":"de","potentialAction":[{"@type":"ReadAction","target":["https:\/\/shanabooks.de\/product\/diwan-melaye-ciziri\/"]}]},{"@type":"ImageObject","inLanguage":"de","@id":"https:\/\/shanabooks.de\/product\/diwan-melaye-ciziri\/#primaryimage","url":"https:\/\/shanabooks.de\/wp-content\/uploads\/2024\/03\/Diwana-Melaye-Ciziri-1.png","contentUrl":"https:\/\/shanabooks.de\/wp-content\/uploads\/2024\/03\/Diwana-Melaye-Ciziri-1.png","width":308,"height":476,"caption":"D\u00eewan - Melay\u00ea Ciz\u00eer\u00ee - pirt\u00fbk\u00ean kurd\u00ee - klas\u00eek"},{"@type":"BreadcrumbList","@id":"https:\/\/shanabooks.de\/product\/diwan-melaye-ciziri\/#breadcrumb","itemListElement":[{"@type":"ListItem","position":1,"name":"\u0627\u0644\u0631\u0626\u064a\u0633\u064a\u0629","item":"https:\/\/shanabooks.de\/de\/"},{"@type":"ListItem","position":2,"name":"\u0627\u0644\u0645\u0646\u062a\u062c\u0627\u062a","item":"https:\/\/shanabooks.de\/shop\/"},{"@type":"ListItem","position":3,"name":"D\u00eewana Melay\u00ea Ciz\u00eer\u00ee"}]},{"@type":"WebSite","@id":"https:\/\/shanabooks.de\/#website","url":"https:\/\/shanabooks.de\/","name":"www.shanbooks.de","description":"C\u00eehana Pirt\u00fbk\u00ean Kurd\u00ee \u0645\u0643\u062a\u0628\u0629 \u0634\u0627\u0646\u0627 \u0641\u064a \u0627\u0644\u0645\u0627\u0646\u064a\u0627 \u0648\u0623\u0648\u0631\u0628\u0627","publisher":{"@id":"https:\/\/shanabooks.de\/#organization"},"potentialAction":[{"@type":"SearchAction","target":{"@type":"EntryPoint","urlTemplate":"https:\/\/shanabooks.de\/?s={search_term_string}"},"query-input":{"@type":"PropertyValueSpecification","valueRequired":true,"valueName":"search_term_string"}}],"inLanguage":"de"},{"@type":"Organization","@id":"https:\/\/shanabooks.de\/#organization","name":"www.shanbooks.de","url":"https:\/\/shanabooks.de\/","logo":{"@type":"ImageObject","inLanguage":"de","@id":"https:\/\/shanabooks.de\/#\/schema\/logo\/image\/","url":"https:\/\/shanabooks.de\/wp-content\/uploads\/2024\/03\/SHANABOOKS__2_-removebg-preview.png","contentUrl":"https:\/\/shanabooks.de\/wp-content\/uploads\/2024\/03\/SHANABOOKS__2_-removebg-preview.png","width":700,"height":150,"caption":"www.shanbooks.de"},"image":{"@id":"https:\/\/shanabooks.de\/#\/schema\/logo\/image\/"}}]}},"jetpack_sharing_enabled":true,"_links":{"self":[{"href":"https:\/\/shanabooks.de\/de\/wp-json\/wp\/v2\/product\/11908","targetHints":{"allow":["GET"]}}],"collection":[{"href":"https:\/\/shanabooks.de\/de\/wp-json\/wp\/v2\/product"}],"about":[{"href":"https:\/\/shanabooks.de\/de\/wp-json\/wp\/v2\/types\/product"}],"version-history":[{"count":4,"href":"https:\/\/shanabooks.de\/de\/wp-json\/wp\/v2\/product\/11908\/revisions"}],"predecessor-version":[{"id":25667,"href":"https:\/\/shanabooks.de\/de\/wp-json\/wp\/v2\/product\/11908\/revisions\/25667"}],"wp:featuredmedia":[{"embeddable":true,"href":"https:\/\/shanabooks.de\/de\/wp-json\/wp\/v2\/media\/11943"}],"wp:attachment":[{"href":"https:\/\/shanabooks.de\/de\/wp-json\/wp\/v2\/media?parent=11908"}],"wp:term":[{"taxonomy":"product_brand","embeddable":true,"href":"https:\/\/shanabooks.de\/de\/wp-json\/wp\/v2\/product_brand?post=11908"},{"taxonomy":"product_cat","embeddable":true,"href":"https:\/\/shanabooks.de\/de\/wp-json\/wp\/v2\/product_cat?post=11908"},{"taxonomy":"product_tag","embeddable":true,"href":"https:\/\/shanabooks.de\/de\/wp-json\/wp\/v2\/product_tag?post=11908"}],"curies":[{"name":"wp","href":"https:\/\/api.w.org\/{rel}","templated":true}]}}