{"id":11911,"date":"2024-03-03T19:39:16","date_gmt":"2024-03-03T19:39:16","guid":{"rendered":"https:\/\/shanabooks.de\/?post_type=product&#038;p=11911"},"modified":"2026-01-01T19:31:36","modified_gmt":"2026-01-01T19:31:36","slug":"diwan-seyid-eliye-findiki","status":"publish","type":"product","link":"https:\/\/shanabooks.de\/de\/product\/diwan-seyid-eliye-findiki\/","title":{"rendered":"D\u00eewana Seyid Eliy\u00ea Findik\u00ee"},"content":{"rendered":"<p dir=\"ltr\"><strong>D\u00eewan &#8211; Sey\u00eed Eliy\u00ea Findik\u00ee\u00a0<\/strong><\/p>\n<p dir=\"ltr\">D\u00eewana Seyid \u2018Eliy\u00ea Findik\u00ee ku ji gund\u00ea Findika bi ser Ciz\u00eer\u00ea ve ye \u00fb yek ji xel\u00eef\u00ean p\u00ea\u015fdehat\u00ee y\u00ea \u015e\u00eax Seyday\u00ea Ciz\u00eer\u00ee ye, bi \u00e7apa xwe ya \u00e7aran di nav r\u00eaza klas\u00eekan de we\u015fiya. Seyid \u2018El\u00ee \u00eensanek\u00ee sohbetxwe\u015f \u00fb xwed\u00ee zimanek\u00ee gelek\u00ee \u015f\u00ear\u00een; usl\u00fbba w\u00ee ya \u015fi\u00eer\u00ea j\u00ee pir zelal e. Ziman\u00ea ku w\u00ee di helbest\u00ean xwe de bi kar aniye ji h\u00eala herkes\u00ee ve bi h\u00easan\u00ee t\u00eate f\u00eahmkirin. Helbest\u00ean w\u00ee di nav xelk\u00ea de pir t\u00eane zan\u00een \u00fb di medreseyan de j\u00ee feqiyan gelek qes\u00eedey\u00ean w\u00ee jiber kirine. \u015ei\u00eer\u00ean w\u00ee bi piran\u00ee li ser tob\u00ea, d\u00fbrketina ji gunehan, terka hezkirina dunyay\u00ea, gazina ji dost\u00ean ne saf\u00ee \u00fb y\u00ean ne wefadar, tewsiya hiq\u00fbq\u00ea \u00eensan\u00ee \u00fb li ser terka ji bid\u2019etan ne. Temb\u00eeha \u2018alim\u00ean zeman dike ku vegerin ser wez\u00eefa xwe ya esl\u00ee; mal\u00ea xelk\u00ea bi h\u00eel\u00ea nexwin \u00fb bi nivi\u015ftan wan nexap\u00eenin. D\u00eewan ya Sey\u00eed Eliy\u00ea Findik\u00ee, \u015f\u00eawey\u00ea h\u00fbnandina helbesta w\u00ee, eyn\u00ea wek\u00ee helbestvan\u00ean Kurd y\u00ea kilas\u00eek e ku w\u00ee j\u00ee bi wezna eruz\u00ea helbest\u00ean xwe hunandiye, l\u00ea ferqeke w\u00ee ji wan heye ku w\u00ee, bi zimanek\u00ee wisa h\u00easan \u00fb rewan helbest\u00ean xwe h\u00fbnandiye, ta ku meriv\u00ea ji r\u00eaz\u00ea j\u00ee j\u00ea fam dike. W\u00ee gelek mijar\u00ean exlaq\u00ee \u00fb civak\u00ee di helbest\u00ean xwe de civandiye. Herwek\u00ee: pend \u00fb \u015f\u00eeret, wefa \u00fb dostan\u00ee, tobe, terka din\u00ea, xer\u00eeb\u00ee, tesewif, \u015f\u00eena li ser kesayet\u00ean mezin \u00fb hwd\u2026<\/p>\n","protected":false},"excerpt":{"rendered":"<p dir=\"ltr\" style=\"text-align: center;\"><strong>Pirt\u00fbk: D\u00eewan- Sey\u00eed Eliy\u00ea Findik\u00ee<br \/>\nNiv\u00eeskar: Sey\u00eed Eliy\u00ea Findik\u00ee<\/strong><br \/>\n<strong>Cure: Helbest\u00ean Klas\u00eek<\/strong><\/p>\n","protected":false},"featured_media":4613,"template":"","meta":{"site-sidebar-layout":"default","site-content-layout":"","ast-site-content-layout":"default","site-content-style":"default","site-sidebar-style":"default","ast-global-header-display":"","ast-banner-title-visibility":"","ast-main-header-display":"","ast-hfb-above-header-display":"","ast-hfb-below-header-display":"","ast-hfb-mobile-header-display":"","site-post-title":"","ast-breadcrumbs-content":"","ast-featured-img":"","footer-sml-layout":"","ast-disable-related-posts":"","theme-transparent-header-meta":"default","adv-header-id-meta":"","stick-header-meta":"","header-above-stick-meta":"","header-main-stick-meta":"","header-below-stick-meta":"","astra-migrate-meta-layouts":"set","ast-page-background-enabled":"default","ast-page-background-meta":{"desktop":{"background-color":"","background-image":"","background-repeat":"repeat","background-position":"center center","background-size":"auto","background-attachment":"scroll","background-type":"","background-media":"","overlay-type":"","overlay-color":"","overlay-opacity":"","overlay-gradient":""},"tablet":{"background-color":"","background-image":"","background-repeat":"repeat","background-position":"center center","background-size":"auto","background-attachment":"scroll","background-type":"","background-media":"","overlay-type":"","overlay-color":"","overlay-opacity":"","overlay-gradient":""},"mobile":{"background-color":"","background-image":"","background-repeat":"repeat","background-position":"center center","background-size":"auto","background-attachment":"scroll","background-type":"","background-media":"","overlay-type":"","overlay-color":"","overlay-opacity":"","overlay-gradient":""}},"ast-content-background-meta":{"desktop":{"background-color":"var(--ast-global-color-5)","background-image":"","background-repeat":"repeat","background-position":"center center","background-size":"auto","background-attachment":"scroll","background-type":"","background-media":"","overlay-type":"","overlay-color":"","overlay-opacity":"","overlay-gradient":""},"tablet":{"background-color":"var(--ast-global-color-5)","background-image":"","background-repeat":"repeat","background-position":"center center","background-size":"auto","background-attachment":"scroll","background-type":"","background-media":"","overlay-type":"","overlay-color":"","overlay-opacity":"","overlay-gradient":""},"mobile":{"background-color":"var(--ast-global-color-5)","background-image":"","background-repeat":"repeat","background-position":"center center","background-size":"auto","background-attachment":"scroll","background-type":"","background-media":"","overlay-type":"","overlay-color":"","overlay-opacity":"","overlay-gradient":""}}},"product_brand":[],"product_cat":[181,193],"product_tag":[],"class_list":{"0":"post-11911","1":"product","2":"type-product","3":"status-publish","4":"has-post-thumbnail","6":"product_cat--_","8":"pa_-helbest","9":"pa_-klasiken-kurdi","10":"pa_-seyid-eliye-findiki","11":"pa_-kurmanci","12":"pa_--nubihar","13":"desktop-align-left","14":"tablet-align-left","15":"mobile-align-left","17":"first","18":"instock","19":"shipping-taxable","20":"purchasable","21":"product-type-simple"},"yoast_head":"<!-- This site is optimized with the Yoast SEO plugin v27.4 - https:\/\/yoast.com\/product\/yoast-seo-wordpress\/ -->\n<title>D\u00eewan - Sey\u00eed Eliy\u00ea Findik\u00ee - www.shanabooks.de<\/title>\n<meta name=\"description\" content=\"D\u00eewan - Sey\u00eed Eliy\u00ea Findik\u00ee\u00a0D\u00eewana Seyid \u2018Eliy\u00ea Findik\u00ee ku ji gund\u00ea Findika bi ser Ciz\u00eer\u00ea ve ye \u00fb yek ji xel\u00eef\u00ean p\u00ea\u015fdehat\u00ee y\u00ea \u015e\u00eax Seyday\u00ea Ciz\u00eer\u00ee ye, bi ...\" \/>\n<meta name=\"robots\" content=\"index, follow, max-snippet:-1, max-image-preview:large, max-video-preview:-1\" \/>\n<link rel=\"canonical\" href=\"https:\/\/shanabooks.de\/product\/diwan-seyid-eliye-findiki\/\" \/>\n<meta property=\"og:locale\" content=\"de_DE\" \/>\n<meta property=\"og:type\" content=\"article\" \/>\n<meta property=\"og:title\" content=\"D\u00eewan - Sey\u00eed Eliy\u00ea Findik\u00ee - www.shanabooks.de\" \/>\n<meta property=\"og:description\" content=\"D\u00eewan - Sey\u00eed Eliy\u00ea Findik\u00ee\u00a0D\u00eewana Seyid \u2018Eliy\u00ea Findik\u00ee ku ji gund\u00ea Findika bi ser Ciz\u00eer\u00ea ve ye \u00fb yek ji xel\u00eef\u00ean p\u00ea\u015fdehat\u00ee y\u00ea \u015e\u00eax Seyday\u00ea Ciz\u00eer\u00ee ye, bi ...\" \/>\n<meta property=\"og:url\" content=\"https:\/\/shanabooks.de\/product\/diwan-seyid-eliye-findiki\/\" \/>\n<meta property=\"og:site_name\" content=\"www.shanabooks.de\" \/>\n<meta property=\"article:modified_time\" content=\"2026-01-01T19:31:36+00:00\" \/>\n<meta property=\"og:image\" content=\"https:\/\/shanabooks.de\/wp-content\/uploads\/2024\/01\/Diwana-Seid-Eliye-Findiki-1.png\" \/>\n\t<meta property=\"og:image:width\" content=\"315\" \/>\n\t<meta property=\"og:image:height\" content=\"477\" \/>\n\t<meta property=\"og:image:type\" content=\"image\/png\" \/>\n<meta name=\"twitter:card\" content=\"summary_large_image\" \/>\n<meta name=\"twitter:label1\" content=\"Gesch\u00e4tzte Lesezeit\" \/>\n\t<meta name=\"twitter:data1\" content=\"2\u00a0Minuten\" \/>\n<script type=\"application\/ld+json\" class=\"yoast-schema-graph\">{\"@context\":\"https:\\\/\\\/schema.org\",\"@graph\":[{\"@type\":\"WebPage\",\"@id\":\"https:\\\/\\\/shanabooks.de\\\/product\\\/diwan-seyid-eliye-findiki\\\/\",\"url\":\"https:\\\/\\\/shanabooks.de\\\/product\\\/diwan-seyid-eliye-findiki\\\/\",\"name\":\"D\u00eewan - Sey\u00eed Eliy\u00ea Findik\u00ee - www.shanabooks.de\",\"isPartOf\":{\"@id\":\"https:\\\/\\\/shanabooks.de\\\/#website\"},\"primaryImageOfPage\":{\"@id\":\"https:\\\/\\\/shanabooks.de\\\/product\\\/diwan-seyid-eliye-findiki\\\/#primaryimage\"},\"image\":{\"@id\":\"https:\\\/\\\/shanabooks.de\\\/product\\\/diwan-seyid-eliye-findiki\\\/#primaryimage\"},\"thumbnailUrl\":\"https:\\\/\\\/shanabooks.de\\\/wp-content\\\/uploads\\\/2024\\\/01\\\/Diwana-Seid-Eliye-Findiki-1.png\",\"datePublished\":\"2024-03-03T19:39:16+00:00\",\"dateModified\":\"2026-01-01T19:31:36+00:00\",\"description\":\"D\u00eewan - Sey\u00eed Eliy\u00ea Findik\u00ee\u00a0D\u00eewana Seyid \u2018Eliy\u00ea Findik\u00ee ku ji gund\u00ea Findika bi ser Ciz\u00eer\u00ea ve ye \u00fb yek ji xel\u00eef\u00ean p\u00ea\u015fdehat\u00ee y\u00ea \u015e\u00eax Seyday\u00ea Ciz\u00eer\u00ee ye, bi ...\",\"breadcrumb\":{\"@id\":\"https:\\\/\\\/shanabooks.de\\\/product\\\/diwan-seyid-eliye-findiki\\\/#breadcrumb\"},\"inLanguage\":\"de\",\"potentialAction\":[{\"@type\":\"ReadAction\",\"target\":[\"https:\\\/\\\/shanabooks.de\\\/product\\\/diwan-seyid-eliye-findiki\\\/\"]}]},{\"@type\":\"ImageObject\",\"inLanguage\":\"de\",\"@id\":\"https:\\\/\\\/shanabooks.de\\\/product\\\/diwan-seyid-eliye-findiki\\\/#primaryimage\",\"url\":\"https:\\\/\\\/shanabooks.de\\\/wp-content\\\/uploads\\\/2024\\\/01\\\/Diwana-Seid-Eliye-Findiki-1.png\",\"contentUrl\":\"https:\\\/\\\/shanabooks.de\\\/wp-content\\\/uploads\\\/2024\\\/01\\\/Diwana-Seid-Eliye-Findiki-1.png\",\"width\":315,\"height\":477,\"caption\":\"D\u00eewan - Sey\u00eed Eliy\u00ea Findik\u00ee\u00a0 - pirt\u00fbk\u00ean kurd\u00ee - klas\u00eek\"},{\"@type\":\"BreadcrumbList\",\"@id\":\"https:\\\/\\\/shanabooks.de\\\/product\\\/diwan-seyid-eliye-findiki\\\/#breadcrumb\",\"itemListElement\":[{\"@type\":\"ListItem\",\"position\":1,\"name\":\"\u0627\u0644\u0631\u0626\u064a\u0633\u064a\u0629\",\"item\":\"https:\\\/\\\/shanabooks.de\\\/de\\\/\"},{\"@type\":\"ListItem\",\"position\":2,\"name\":\"\u0627\u0644\u0645\u0646\u062a\u062c\u0627\u062a\",\"item\":\"https:\\\/\\\/shanabooks.de\\\/shop\\\/\"},{\"@type\":\"ListItem\",\"position\":3,\"name\":\"D\u00eewana Seyid Eliy\u00ea Findik\u00ee\"}]},{\"@type\":\"WebSite\",\"@id\":\"https:\\\/\\\/shanabooks.de\\\/#website\",\"url\":\"https:\\\/\\\/shanabooks.de\\\/\",\"name\":\"www.shanbooks.de\",\"description\":\"C\u00eehana Pirt\u00fbk\u00ean Kurd\u00ee \u0645\u0643\u062a\u0628\u0629 \u0634\u0627\u0646\u0627 \u0641\u064a \u0627\u0644\u0645\u0627\u0646\u064a\u0627 \u0648\u0623\u0648\u0631\u0628\u0627\",\"publisher\":{\"@id\":\"https:\\\/\\\/shanabooks.de\\\/#organization\"},\"potentialAction\":[{\"@type\":\"SearchAction\",\"target\":{\"@type\":\"EntryPoint\",\"urlTemplate\":\"https:\\\/\\\/shanabooks.de\\\/?s={search_term_string}\"},\"query-input\":{\"@type\":\"PropertyValueSpecification\",\"valueRequired\":true,\"valueName\":\"search_term_string\"}}],\"inLanguage\":\"de\"},{\"@type\":\"Organization\",\"@id\":\"https:\\\/\\\/shanabooks.de\\\/#organization\",\"name\":\"www.shanbooks.de\",\"url\":\"https:\\\/\\\/shanabooks.de\\\/\",\"logo\":{\"@type\":\"ImageObject\",\"inLanguage\":\"de\",\"@id\":\"https:\\\/\\\/shanabooks.de\\\/#\\\/schema\\\/logo\\\/image\\\/\",\"url\":\"https:\\\/\\\/shanabooks.de\\\/wp-content\\\/uploads\\\/2024\\\/03\\\/SHANABOOKS__2_-removebg-preview.png\",\"contentUrl\":\"https:\\\/\\\/shanabooks.de\\\/wp-content\\\/uploads\\\/2024\\\/03\\\/SHANABOOKS__2_-removebg-preview.png\",\"width\":700,\"height\":150,\"caption\":\"www.shanbooks.de\"},\"image\":{\"@id\":\"https:\\\/\\\/shanabooks.de\\\/#\\\/schema\\\/logo\\\/image\\\/\"}}]}<\/script>\n<!-- \/ Yoast SEO plugin. -->","yoast_head_json":{"title":"D\u00eewan - Sey\u00eed Eliy\u00ea Findik\u00ee - www.shanabooks.de","description":"D\u00eewan - Sey\u00eed Eliy\u00ea Findik\u00ee\u00a0D\u00eewana Seyid \u2018Eliy\u00ea Findik\u00ee ku ji gund\u00ea Findika bi ser Ciz\u00eer\u00ea ve ye \u00fb yek ji xel\u00eef\u00ean p\u00ea\u015fdehat\u00ee y\u00ea \u015e\u00eax Seyday\u00ea Ciz\u00eer\u00ee ye, bi ...","robots":{"index":"index","follow":"follow","max-snippet":"max-snippet:-1","max-image-preview":"max-image-preview:large","max-video-preview":"max-video-preview:-1"},"canonical":"https:\/\/shanabooks.de\/product\/diwan-seyid-eliye-findiki\/","og_locale":"de_DE","og_type":"article","og_title":"D\u00eewan - Sey\u00eed Eliy\u00ea Findik\u00ee - www.shanabooks.de","og_description":"D\u00eewan - Sey\u00eed Eliy\u00ea Findik\u00ee\u00a0D\u00eewana Seyid \u2018Eliy\u00ea Findik\u00ee ku ji gund\u00ea Findika bi ser Ciz\u00eer\u00ea ve ye \u00fb yek ji xel\u00eef\u00ean p\u00ea\u015fdehat\u00ee y\u00ea \u015e\u00eax Seyday\u00ea Ciz\u00eer\u00ee ye, bi ...","og_url":"https:\/\/shanabooks.de\/product\/diwan-seyid-eliye-findiki\/","og_site_name":"www.shanabooks.de","article_modified_time":"2026-01-01T19:31:36+00:00","og_image":[{"width":315,"height":477,"url":"https:\/\/shanabooks.de\/wp-content\/uploads\/2024\/01\/Diwana-Seid-Eliye-Findiki-1.png","type":"image\/png"}],"twitter_card":"summary_large_image","twitter_misc":{"Gesch\u00e4tzte Lesezeit":"2\u00a0Minuten"},"schema":{"@context":"https:\/\/schema.org","@graph":[{"@type":"WebPage","@id":"https:\/\/shanabooks.de\/product\/diwan-seyid-eliye-findiki\/","url":"https:\/\/shanabooks.de\/product\/diwan-seyid-eliye-findiki\/","name":"D\u00eewan - Sey\u00eed Eliy\u00ea Findik\u00ee - www.shanabooks.de","isPartOf":{"@id":"https:\/\/shanabooks.de\/#website"},"primaryImageOfPage":{"@id":"https:\/\/shanabooks.de\/product\/diwan-seyid-eliye-findiki\/#primaryimage"},"image":{"@id":"https:\/\/shanabooks.de\/product\/diwan-seyid-eliye-findiki\/#primaryimage"},"thumbnailUrl":"https:\/\/shanabooks.de\/wp-content\/uploads\/2024\/01\/Diwana-Seid-Eliye-Findiki-1.png","datePublished":"2024-03-03T19:39:16+00:00","dateModified":"2026-01-01T19:31:36+00:00","description":"D\u00eewan - Sey\u00eed Eliy\u00ea Findik\u00ee\u00a0D\u00eewana Seyid \u2018Eliy\u00ea Findik\u00ee ku ji gund\u00ea Findika bi ser Ciz\u00eer\u00ea ve ye \u00fb yek ji xel\u00eef\u00ean p\u00ea\u015fdehat\u00ee y\u00ea \u015e\u00eax Seyday\u00ea Ciz\u00eer\u00ee ye, bi ...","breadcrumb":{"@id":"https:\/\/shanabooks.de\/product\/diwan-seyid-eliye-findiki\/#breadcrumb"},"inLanguage":"de","potentialAction":[{"@type":"ReadAction","target":["https:\/\/shanabooks.de\/product\/diwan-seyid-eliye-findiki\/"]}]},{"@type":"ImageObject","inLanguage":"de","@id":"https:\/\/shanabooks.de\/product\/diwan-seyid-eliye-findiki\/#primaryimage","url":"https:\/\/shanabooks.de\/wp-content\/uploads\/2024\/01\/Diwana-Seid-Eliye-Findiki-1.png","contentUrl":"https:\/\/shanabooks.de\/wp-content\/uploads\/2024\/01\/Diwana-Seid-Eliye-Findiki-1.png","width":315,"height":477,"caption":"D\u00eewan - Sey\u00eed Eliy\u00ea Findik\u00ee\u00a0 - pirt\u00fbk\u00ean kurd\u00ee - klas\u00eek"},{"@type":"BreadcrumbList","@id":"https:\/\/shanabooks.de\/product\/diwan-seyid-eliye-findiki\/#breadcrumb","itemListElement":[{"@type":"ListItem","position":1,"name":"\u0627\u0644\u0631\u0626\u064a\u0633\u064a\u0629","item":"https:\/\/shanabooks.de\/de\/"},{"@type":"ListItem","position":2,"name":"\u0627\u0644\u0645\u0646\u062a\u062c\u0627\u062a","item":"https:\/\/shanabooks.de\/shop\/"},{"@type":"ListItem","position":3,"name":"D\u00eewana Seyid Eliy\u00ea Findik\u00ee"}]},{"@type":"WebSite","@id":"https:\/\/shanabooks.de\/#website","url":"https:\/\/shanabooks.de\/","name":"www.shanbooks.de","description":"C\u00eehana Pirt\u00fbk\u00ean Kurd\u00ee \u0645\u0643\u062a\u0628\u0629 \u0634\u0627\u0646\u0627 \u0641\u064a \u0627\u0644\u0645\u0627\u0646\u064a\u0627 \u0648\u0623\u0648\u0631\u0628\u0627","publisher":{"@id":"https:\/\/shanabooks.de\/#organization"},"potentialAction":[{"@type":"SearchAction","target":{"@type":"EntryPoint","urlTemplate":"https:\/\/shanabooks.de\/?s={search_term_string}"},"query-input":{"@type":"PropertyValueSpecification","valueRequired":true,"valueName":"search_term_string"}}],"inLanguage":"de"},{"@type":"Organization","@id":"https:\/\/shanabooks.de\/#organization","name":"www.shanbooks.de","url":"https:\/\/shanabooks.de\/","logo":{"@type":"ImageObject","inLanguage":"de","@id":"https:\/\/shanabooks.de\/#\/schema\/logo\/image\/","url":"https:\/\/shanabooks.de\/wp-content\/uploads\/2024\/03\/SHANABOOKS__2_-removebg-preview.png","contentUrl":"https:\/\/shanabooks.de\/wp-content\/uploads\/2024\/03\/SHANABOOKS__2_-removebg-preview.png","width":700,"height":150,"caption":"www.shanbooks.de"},"image":{"@id":"https:\/\/shanabooks.de\/#\/schema\/logo\/image\/"}}]}},"jetpack_sharing_enabled":true,"_links":{"self":[{"href":"https:\/\/shanabooks.de\/de\/wp-json\/wp\/v2\/product\/11911","targetHints":{"allow":["GET"]}}],"collection":[{"href":"https:\/\/shanabooks.de\/de\/wp-json\/wp\/v2\/product"}],"about":[{"href":"https:\/\/shanabooks.de\/de\/wp-json\/wp\/v2\/types\/product"}],"version-history":[{"count":4,"href":"https:\/\/shanabooks.de\/de\/wp-json\/wp\/v2\/product\/11911\/revisions"}],"predecessor-version":[{"id":25668,"href":"https:\/\/shanabooks.de\/de\/wp-json\/wp\/v2\/product\/11911\/revisions\/25668"}],"wp:featuredmedia":[{"embeddable":true,"href":"https:\/\/shanabooks.de\/de\/wp-json\/wp\/v2\/media\/4613"}],"wp:attachment":[{"href":"https:\/\/shanabooks.de\/de\/wp-json\/wp\/v2\/media?parent=11911"}],"wp:term":[{"taxonomy":"product_brand","embeddable":true,"href":"https:\/\/shanabooks.de\/de\/wp-json\/wp\/v2\/product_brand?post=11911"},{"taxonomy":"product_cat","embeddable":true,"href":"https:\/\/shanabooks.de\/de\/wp-json\/wp\/v2\/product_cat?post=11911"},{"taxonomy":"product_tag","embeddable":true,"href":"https:\/\/shanabooks.de\/de\/wp-json\/wp\/v2\/product_tag?post=11911"}],"curies":[{"name":"wp","href":"https:\/\/api.w.org\/{rel}","templated":true}]}}